{"id":7652,"date":"2025-05-16T10:36:51","date_gmt":"2025-05-16T10:36:51","guid":{"rendered":"https:\/\/trocellen-dev.local\/cookies\/"},"modified":"2025-09-15T09:41:14","modified_gmt":"2025-09-15T09:41:14","slug":"cookie-policy","status":"publish","type":"page","link":"https:\/\/trocellen.com\/it\/cookie-policy\/","title":{"rendered":"Politica sull\u2019uso dei cookie"},"content":{"rendered":"\n<section class=\"col-content bg-gray-200 \">\n    <div class=\"container\">\n        <div class=\"general-content\">\n            \n            <div class=\"flex flex-col tablet:flex-col gap-small items-start\">\n                <div class=\"flex-1 w-full\">\n                    <p>Il sito web trocellen.com (e i sottodomini relativi alle sue business unit: insulation.trocellen.com, automotive.trocellen.com, adhesive-tapes.trocellen.com, sport-home-leisure.trocellen.com, footwear.trocellen.com, packaging.trocellen.com, progame-shockpads.com, progame-tatami.com, polifoam.hu, tctoday.com, tcinnolab.com, tcinnolab.hu, smrt-lab.com, smrtmug.com, smrtracket.com, smrtyoga.com, tctoday.com, wellstep.eu, qui di seguito denominati \u201csito\u201d) utilizza cookie e tecnologie simili per analizzare il comportamento generale degli utenti o per sondaggi statici. Ci\u00f2 ci consente di offrire agli utenti di questo sito servizi pi\u00f9 user-friendly e di ottimizzare le informazioni e le offerte sul nostro sito pi\u00f9 in focus con l\u2019interesse dell\u2019utente. Le informazioni utilizzate in questo contesto sono:<\/p>\n<ul class=\"wp-block-list\">\n<li>Il tuo indirizzo IP (protocollo Internet)<\/li>\n<li>ID utente e ID dispositivo<\/li>\n<li>Data e ora di accesso al nostro sito<\/li>\n<li>Durata della permanenza nel nostro sito<\/li>\n<li>Collegamenti cliccati di altri siti web<\/li>\n<li>Informazioni su sistema operativo, tipo, versione e lingua del browser, tipo di dispositivo<\/li>\n<li>Ubicazione (approssimativa).<\/li>\n<\/ul>\n<p>Di seguito troverai maggiori informazioni sui cookie e tecnologie simili e su come vengono utilizzati nel nostro sito.<\/p>\n<h3>1. COSA SONO I COOKIE E TECNOLOGIE SIMILI?<\/h3>\n<p>I cookie sono piccoli file di testo che vengono salvati sui dispositivi da cui si visita un sito (PC, tablet, ecc.). Ogni volta che visiterai questo sito, il cookie precedentemente creato viene rinviato al sito o inviato a un altro sito che \u00e8 in grado di riconoscerlo. I cookie rimangono in memoria e consentono al sito di riconoscere il tuo dispositivo ogni volta che lo visiti nuovamente. I cookie consentono inoltre di salvare le impostazioni del browser e di aumentare la facilit\u00e0 d\u2019uso del sito personalizzandone il contenuto. Possiamo utilizzare inoltre anche altre tecnologie simili, come archiviazione locale, impronte digitali, pixel, web beacon. Per ulteriori informazioni sui cookie, come sapere quali cookie sono stati impostati sul tuo dispositivo e come gestirli ed eliminarli, ti invitiamo a visitare il seguente link www.aboutcookies.org.<\/p>\n<h3>2. CATEGORIE DI COOKIE E TECNOLOGIE SIMILI<\/h3>\n<p>Ci riferiamo alle seguenti categorie principali di cookie e al relativo trattamento dei dati:<\/p>\n<p><strong>Strettamente necessari<\/strong><\/p>\n<p>I cookie strettamente necessari rendono possibile le funzioni principali essenziali del sito come l\u2019accesso dell\u2019utente e la gestione dell\u2019account. Si tratta fondamentalmente di cookie che vengono cancellati al termine della vostra visita al sito, al pi\u00f9 tardi alla chiusura del browser. Il sito non pu\u00f2 essere utilizzato correttamente senza i cookie strettamente necessari. Pertanto, non \u00e8 possibile deselezionare questi cookie se si desidera utilizzare il nostro sito. L\u2019elenco dei cookie tecnici \u00e8 reperibile anche all\u2019indirizzo https:\/\/codex.wordpress.org\/WordPress_Cookies La base giuridica del trattamento dei dati personali \u00e8 l\u2019art. 6 del GDPR, paragrafo 1, lettera f. L\u2019accesso e la memorizzazione delle informazioni che vengono registrate nel dispositivo finale si basano sul \u00a7 25 paragrafo 2 del TTDSG.<\/p>\n<p><strong>Di prestazione<\/strong><\/p>\n<p>I cookie di prestazione raccolgono informazioni su come i visitatori utilizzano un sito web, ad es. cookie analitici. Questi cookie non possono essere utilizzati per identificare direttamente un visitatore specifico. Utilizziamo questi cookie solo con il tuo consenso. Il trattamento dei dati personali si basa sull\u2019art. 6 del GDPR paragrafo 1 lettera a. L\u2019accesso e la memorizzazione delle informazioni nel dispositivo finale si basano sul \u00a7 25 paragrafo 1 del TTDSG. Il consenso pu\u00f2 essere revocato in qualsiasi momento con effetto per il futuro.<\/p>\n<p><strong>Di funzionalit\u00e0<\/strong><\/p>\n<p>I cookie funzionali vengono utilizzati per memorizzare le informazioni sui visitatori del sito, ad es. lingua, fuso orario, contenuto esteso. Utilizziamo questi cookie solo con il tuo consenso. Il trattamento dei dati personali si basa sull\u2019art. 6 del GDPR paragrafo 1 lettera a. L\u2019accesso e la memorizzazione delle informazioni nel dispositivo finale si basano sul \u00a7 25 paragrafo 1 del TTDSG, la legge tedesca in termini di protezione dei dati (ePrivacy Directive). Il consenso pu\u00f2 essere revocato in qualsiasi momento con effetto per il futuro.<\/p>\n<p><strong>Tecnologie simili<\/strong><\/p>\n<p>Alcune funzioni non si basano sui cookie, ma su meccanismi tecnici simili, come la memorizzazione locale, le impronte digitali, i pixel, i web beacon, i cookie Flash e gli oggetti HTML5. L\u2019utilizzo \u00e8 paragonabile a quello dei cookie e si pu\u00f2 quindi fare riferimento alle categorie sopra elencate. Anche in questo caso \u00e8 possibile acconsentire oppure opporsi al trattamento.<\/p>\n<h3>3. UTILIZZO DI COOKIE E TECNOLOGIE SIMILI<\/h3>\n<p>Visitando il nostrosito si possono ricevere cookies anche da siti gestiti da fornitori di terze parti quali:<\/p>\n<ul class=\"wp-block-list\">\n<li>Google<\/li>\n<li>Facebook<\/li>\n<li>Twitter<\/li>\n<li>Linkedin<\/li>\n<li>YouTube<\/li>\n<\/ul>\n<p>Il sito adotta strumenti che riducono il potere identificativo tramite cookies, tra cui \u201cgat._anonymizelp();\u201d mentre per garantire l\u2019anonimizzazione degli indirizzi IP (il cosiddetto \u201cIP-masking\u201d).<\/p>\n<h3>4. GESTIONE DEL CONSENSO E DISATTIVAZIONE DEI COOKIE<\/h3>\n<p>Puoi trovare le informazioni sui singoli cookie o tecnologie simili nel nostro banner di consenso. Utilizziamo questo strumento per poter ottenere, gestire o revocare il tuo consenso.\u00a0 Per saperne di pi\u00f9 su come esercitare i tuoi diritti puoi accedere al nostro banner di consenso tramite il link \u201cInformativa cookie\u201d nella parte inferiore del sito. Il tuo consenso o rifiuto sar\u00e0 documentato in base all\u2019impostazione del cookie. Il relativo trattamento dei dati personali avviene sulla base all\u2019art. 6 del GDPR, paragrafo 1, lettera f. Il relativo accesso e la memorizzazione delle informazioni sul vostro dispositivo finale sono assolutamente necessari. Ci\u00f2 avviene sulla base delle leggi di attuazione della ePrivacy Directive degli Stati membri dell\u2019UE, in Germania \u00a7 25 paragrafo 2 del TTDSG.<\/p>\n<p>Potete anche impedire l\u2019uso dei cookie e quindi opporvi permanentemente all\u2019impostazione dei cookie. Inoltre i cookie gi\u00e0 impostati possono essere cancellati in qualsiasi momento tramite uno dei browser internet pi\u00f9 comuni o altri programmi software. Leggere attentamente le istruzioni fornite dal provider del browser. Una guida dettagliata sull\u2019utilizzo dei cookie \u00a0potete trovarla su www.aboutcookies.org. Si fa presente che rifiutare\/disattivare i cookie potrebbe comportare l\u2019impossibilit\u00e0 di utilizzare alcune funzioni del sito.<\/p>\n<p>Per ulteriori informazioni, leggere la nostra\u00a0<a href=\"https:\/\/trocellen.com\/it\/privacy-statement\/\" target=\"_blank\" rel=\"noreferrer noopener\">politica sulla privacy<\/a>.<\/p>\n<p>Persona di contatto: Per ulteriori informazioni sulla presente Politica sull\u2019uso dei Cookie, potete, inviare una e-mail a\u00a0<a href=\"mailto:marketing@trocellen.com\">marketing@trocellen.com<\/a>, scrivere via posta a Viktoria Csonka presso Trocellen GmbH, M\u00fclheimer Stra\u00dfe 26 53840 Troisdorf o telefonarci al numero di telefono: +36 070 436 5722.<\/p>\n                <\/div>\n\n                <div class=\"flex-1\">\n                                    <\/div>\n            <\/div>\n\n        <\/div>\n    <\/div>\n<\/section>\n\n\n<p><\/p>\n","protected":false},"excerpt":{"rendered":"","protected":false},"author":1,"featured_media":0,"parent":0,"menu_order":0,"comment_status":"closed","ping_status":"closed","template":"template-parts\/page-general.php","meta":{"_acf_changed":false,"footnotes":""},"class_list":["post-7652","page","type-page","status-publish","hentry"],"acf":[],"yoast_head":"<!-- This site is optimized with the Yoast SEO plugin v25.9 - https:\/\/yoast.com\/wordpress\/plugins\/seo\/ -->\n<title>Politica sull\u2019uso dei cookie - Trocellen, the European polyolefin foam solution provider<\/title>\n<meta name=\"robots\" content=\"index, follow, max-snippet:-1, max-image-preview:large, max-video-preview:-1\" \/>\n<link rel=\"canonical\" href=\"https:\/\/trocellen.com\/it\/cookie-policy\/\" \/>\n<meta property=\"og:locale\" content=\"it_IT\" \/>\n<meta property=\"og:type\" content=\"article\" \/>\n<meta property=\"og:title\" content=\"Politica sull\u2019uso dei cookie - Trocellen, the European polyolefin foam solution provider\" \/>\n<meta property=\"og:url\" content=\"https:\/\/trocellen.com\/it\/cookie-policy\/\" \/>\n<meta property=\"og:site_name\" content=\"Trocellen, the European polyolefin foam solution provider\" \/>\n<meta property=\"article:modified_time\" content=\"2025-09-15T09:41:14+00:00\" \/>\n<meta name=\"twitter:card\" content=\"summary_large_image\" \/>\n<script type=\"application\/ld+json\" class=\"yoast-schema-graph\">{\"@context\":\"https:\/\/schema.org\",\"@graph\":[{\"@type\":\"WebPage\",\"@id\":\"https:\/\/trocellen.com\/it\/cookie-policy\/\",\"url\":\"https:\/\/trocellen.com\/it\/cookie-policy\/\",\"name\":\"Politica sull\u2019uso dei cookie - Trocellen, the European polyolefin foam solution provider\",\"isPartOf\":{\"@id\":\"https:\/\/trocellen.com\/#website\"},\"datePublished\":\"2025-05-16T10:36:51+00:00\",\"dateModified\":\"2025-09-15T09:41:14+00:00\",\"breadcrumb\":{\"@id\":\"https:\/\/trocellen.com\/it\/cookie-policy\/#breadcrumb\"},\"inLanguage\":\"it-IT\",\"potentialAction\":[{\"@type\":\"ReadAction\",\"target\":[\"https:\/\/trocellen.com\/it\/cookie-policy\/\"]}]},{\"@type\":\"BreadcrumbList\",\"@id\":\"https:\/\/trocellen.com\/it\/cookie-policy\/#breadcrumb\",\"itemListElement\":[{\"@type\":\"ListItem\",\"position\":1,\"name\":\"Home\",\"item\":\"https:\/\/trocellen.com\/it\/\"},{\"@type\":\"ListItem\",\"position\":2,\"name\":\"Politica sull\u2019uso dei cookie\"}]},{\"@type\":\"WebSite\",\"@id\":\"https:\/\/trocellen.com\/#website\",\"url\":\"https:\/\/trocellen.com\/\",\"name\":\"Trocellen, the European polyolefin foam solution provider\",\"description\":\"TROCELLEN\u00ae is a leading manufacturer of chemically and physically cross-linked polyolefin and rubber foam solutions\",\"potentialAction\":[{\"@type\":\"SearchAction\",\"target\":{\"@type\":\"EntryPoint\",\"urlTemplate\":\"https:\/\/trocellen.com\/?s={search_term_string}\"},\"query-input\":{\"@type\":\"PropertyValueSpecification\",\"valueRequired\":true,\"valueName\":\"search_term_string\"}}],\"inLanguage\":\"it-IT\"}]}<\/script>\n<!-- \/ Yoast SEO plugin. -->","yoast_head_json":{"title":"Politica sull\u2019uso dei cookie - Trocellen, the European polyolefin foam solution provider","robots":{"index":"index","follow":"follow","max-snippet":"max-snippet:-1","max-image-preview":"max-image-preview:large","max-video-preview":"max-video-preview:-1"},"canonical":"https:\/\/trocellen.com\/it\/cookie-policy\/","og_locale":"it_IT","og_type":"article","og_title":"Politica sull\u2019uso dei cookie - Trocellen, the European polyolefin foam solution provider","og_url":"https:\/\/trocellen.com\/it\/cookie-policy\/","og_site_name":"Trocellen, the European polyolefin foam solution provider","article_modified_time":"2025-09-15T09:41:14+00:00","twitter_card":"summary_large_image","schema":{"@context":"https:\/\/schema.org","@graph":[{"@type":"WebPage","@id":"https:\/\/trocellen.com\/it\/cookie-policy\/","url":"https:\/\/trocellen.com\/it\/cookie-policy\/","name":"Politica sull\u2019uso dei cookie - Trocellen, the European polyolefin foam solution provider","isPartOf":{"@id":"https:\/\/trocellen.com\/#website"},"datePublished":"2025-05-16T10:36:51+00:00","dateModified":"2025-09-15T09:41:14+00:00","breadcrumb":{"@id":"https:\/\/trocellen.com\/it\/cookie-policy\/#breadcrumb"},"inLanguage":"it-IT","potentialAction":[{"@type":"ReadAction","target":["https:\/\/trocellen.com\/it\/cookie-policy\/"]}]},{"@type":"BreadcrumbList","@id":"https:\/\/trocellen.com\/it\/cookie-policy\/#breadcrumb","itemListElement":[{"@type":"ListItem","position":1,"name":"Home","item":"https:\/\/trocellen.com\/it\/"},{"@type":"ListItem","position":2,"name":"Politica sull\u2019uso dei cookie"}]},{"@type":"WebSite","@id":"https:\/\/trocellen.com\/#website","url":"https:\/\/trocellen.com\/","name":"Trocellen, the European polyolefin foam solution provider","description":"TROCELLEN\u00ae is a leading manufacturer of chemically and physically cross-linked polyolefin and rubber foam solutions","potentialAction":[{"@type":"SearchAction","target":{"@type":"EntryPoint","urlTemplate":"https:\/\/trocellen.com\/?s={search_term_string}"},"query-input":{"@type":"PropertyValueSpecification","valueRequired":true,"valueName":"search_term_string"}}],"inLanguage":"it-IT"}]}},"_links":{"self":[{"href":"https:\/\/trocellen.com\/it\/wp-json\/wp\/v2\/pages\/7652","targetHints":{"allow":["GET"]}}],"collection":[{"href":"https:\/\/trocellen.com\/it\/wp-json\/wp\/v2\/pages"}],"about":[{"href":"https:\/\/trocellen.com\/it\/wp-json\/wp\/v2\/types\/page"}],"author":[{"embeddable":true,"href":"https:\/\/trocellen.com\/it\/wp-json\/wp\/v2\/users\/1"}],"replies":[{"embeddable":true,"href":"https:\/\/trocellen.com\/it\/wp-json\/wp\/v2\/comments?post=7652"}],"version-history":[{"count":3,"href":"https:\/\/trocellen.com\/it\/wp-json\/wp\/v2\/pages\/7652\/revisions"}],"predecessor-version":[{"id":12359,"href":"https:\/\/trocellen.com\/it\/wp-json\/wp\/v2\/pages\/7652\/revisions\/12359"}],"wp:attachment":[{"href":"https:\/\/trocellen.com\/it\/wp-json\/wp\/v2\/media?parent=7652"}],"curies":[{"name":"wp","href":"https:\/\/api.w.org\/{rel}","templated":true}]}}