{"id":7443,"date":"2025-04-29T08:17:34","date_gmt":"2025-04-29T08:17:34","guid":{"rendered":"https:\/\/trocellen-dev.local\/materiali-tecnologie\/converting\/"},"modified":"2025-10-10T10:44:26","modified_gmt":"2025-10-10T10:44:26","slug":"trasformazione","status":"publish","type":"page","link":"https:\/\/trocellen.com\/it\/materiali-tecnologie\/trasformazione\/","title":{"rendered":"Trasformazione"},"content":{"rendered":"\n<div class=\"group relative bg-white h-[48px]\" aria-hidden=\"true\"><\/div>\n\n\n<section class=\"general-content text-[#131313]\">\n    <div class=\"container\">\n        <div>\n            <h3 class=\"text-center\">Trocellen si impegna a offrire servizi a reale valore aggiunto ai suoi clienti, che possono trarre vantaggio da una pi\u00f9 breve catena di approvvigionamento e da una pi\u00f9 semplice collaborazione; vantaggio che si traduce in contenimento dei costi e dei tempi di consegna, ottimizzazione degli acquisti e dell\u2019inventario. Uno dei servizi a valore aggiunto \u00e8 quello di trasformazione ad alto livello, dalla laminazione alla termopressatura. <\/h3>\n\n                    <\/div>\n    <\/div>\n<\/section>\n\n\n<div class=\"group relative bg-white h-[48px]\" aria-hidden=\"true\"><\/div>\n\n\n<div class=\"group relative bg-gray-200 h-[24px] laptop:h-[64px]\" aria-hidden=\"true\"><\/div>\n\n\n<section class=\"col-content bg-gray-200 \">\n    <div class=\"container\">\n        <div class=\"general-content\">\n            \n            <div class=\"flex flex-col tablet:flex-row gap-small items-start\">\n                <div class=\"flex-1 \">\n                    <h2>Laminazione a caldo<\/h2>\n<p><img loading=\"lazy\" decoding=\"async\" class=\"alignnone size-full wp-image-14043\" src=\"https:\/\/trocellen.com\/wp-content\/uploads\/2025\/10\/converting_-_heat_lamination.jpg\" alt=\"\" width=\"381\" height=\"254\" srcset=\"https:\/\/trocellen.com\/wp-content\/uploads\/2025\/10\/converting_-_heat_lamination.jpg 381w, https:\/\/trocellen.com\/wp-content\/uploads\/2025\/10\/converting_-_heat_lamination-300x200.jpg 300w\" sizes=\"auto, (max-width: 381px) 100vw, 381px\" \/><\/p>\n                <\/div>\n\n                <div class=\"flex-1\">\n                    <p>La laminazione a caldo \u00e8 un processo utilizzato per la produzione di prodotti multistrato (che vengono chiamati laminati), che consente di combinare le diverse propriet\u00e0 degli strati.<\/p>\n<p>Nel caso della schiuma PE utilizziamo solo calore e una certa pressione per unire le due superfici, significa che non \u00e8 necessario materiale aggiuntivo. Questo \u00e8 possibile solo se i due materiali sono \u201cabbastanza simili\u201d tra loro chimicamente. Se il materiale \u00e8 troppo sensibile al calore (ad esempio la schiuma PE non reticolata o schiuma PS), non si pu\u00f2 lavorare in questa modalit\u00e0.<\/p>\n<p>I materiali che si possono laminare con la nostra schiuma attraverso il processo di laminazione a caldo sono:<\/p>\n<ul>\n<li>Altre schiume poliolefiniche reticolate<\/li>\n<li>Film in LDPE, HDPE, PP<\/li>\n<li>Pellicole EVA, alcune altre pellicole di copolimero di etilene<\/li>\n<li>Alcune schiume PU<\/li>\n<li>Alcuni tessuti<\/li>\n<li>Alcuni tipi di carta<\/li>\n<li>Legno<\/li>\n<\/ul>\n<p>Possiamo simulare la laminazione nel nostro laboratorio e testare nuovi materiali, quindi se non sono compresi nell\u2019elenco soprastante noi li possiamo testare e fornire un feedback o consigli per eventuali alternative.<\/p>\n<p>La laminazione a caldo pu\u00f2 essere un processo continuo, ma anche un processo batch. Per il continuo lo spessore massimo possibile \u00e8 di circa 20 mm. Con il processo batch invece \u00e8 possibile laminare numerosi strati l\u2019uno sull\u2019altro, quindi, ad esempio possiamo produrre blocchi di schiuma fino ad uno spessore di 500 mm.<\/p>\n                <\/div>\n            <\/div>\n\n        <\/div>\n    <\/div>\n<\/section>\n\n\n<div class=\"group relative bg-gray-200 h-[32px]\" aria-hidden=\"true\"><\/div>\n\n\n<div class=\"group relative bg-white h-[24px] laptop:h-[64px]\" aria-hidden=\"true\"><\/div>\n\n\n<section class=\"col-content bg-white \">\n    <div class=\"container\">\n        <div class=\"general-content\">\n            \n            <div class=\"flex flex-col tablet:flex-row gap-small items-start\">\n                <div class=\"flex-1 \">\n                    <h2>Goffratura<\/h2>\n                <\/div>\n\n                <div class=\"flex-1\">\n                    <p>La goffratura \u00e8 un processo in cui diamo alla superficie della schiuma o della superficie laminata una texture 3D. Per questo abbiamo bisogno di premere un rullo sagomato (con la versione negativa del motivo desiderato) sulla superficie della schiuma o del laminato. Questa superficie deve essere riscaldata ad una temperatura in cui diventi modellabile, in modo che il rullo inciso possa darle una nuova forma.<\/p>\n<p>La goffratura pu\u00f2 conferire alla schiuma o alla superficie laminata un aspetto unico e accattivante e una nuova sensazione al tatto, oltre che dargli una caratteristica importante di design. Il giusto tipo di goffratura pu\u00f2 anche migliorare la propriet\u00e0 antiscivolo della superficie. Trocellen presenta un\u2019ampia variet\u00e0 di rulli sagomati, \u00e8 quindi in grado di offrire motivi sviluppati da noi, oppure \u00e8 anche possibile sviluppare un nuovo motivo su richiesta se necessario.<\/p>\n<p>Il limite della goffratura \u00e8 rappresentato dalla possibile profondit\u00e0 dei motivi che \u00e8 approssimativamente di circa 1,5-2 mm.<\/p>\n<p>The limitation of embossing is the possible depth of the patterns that are achievable, it is roughly 1,5-2 mm.<\/p>\n                <\/div>\n            <\/div>\n\n        <\/div>\n    <\/div>\n<\/section>\n\n\n<div class=\"group relative bg-white h-[32px]\" aria-hidden=\"true\"><\/div>\n\n\n<div class=\"group relative bg-gray-200 h-[24px] laptop:h-[64px]\" aria-hidden=\"true\"><\/div>\n\n\n<section class=\"col-content bg-gray-200 \">\n    <div class=\"container\">\n        <div class=\"general-content\">\n            \n            <div class=\"flex flex-col tablet:flex-row gap-small items-start\">\n                <div class=\"flex-1 \">\n                    <h2>Termopressatura<\/h2>\n                <\/div>\n\n                <div class=\"flex-1\">\n                    <p>Durante la termopressatura la schiuma viene riscaldata, sia sul lato superiore che su quello inferiore, quindi pressata da entrambe le direzioni da uno stampo raffreddato in due parti, viene poi rilasciata. Con esso \u00e8 possibile realizzare prodotti pieghevoli o pressare la superficie con motivi molto profondi.<\/p>\n<p>Rispetto alla goffratura, nella termopressatura le operazioni di riscaldamento e raffreddamento richiedono pi\u00f9 tempo, ma, essendo il processo di riscaldamento pi\u00f9 completo, sono realizzabili motivi molto pi\u00f9 profondi rispetto alla goffratura. Ci\u00f2 significa anche che la termopressatura \u00e8 un processo pi\u00f9 lento.<\/p>\n                <\/div>\n            <\/div>\n\n        <\/div>\n    <\/div>\n<\/section>\n\n\n<div class=\"group relative bg-gray-200 h-[32px]\" aria-hidden=\"true\"><\/div>\n\n\n<div class=\"group relative bg-white h-[24px] laptop:h-[64px]\" aria-hidden=\"true\"><\/div>\n\n\n<section class=\"col-content bg-white \">\n    <div class=\"container\">\n        <div class=\"general-content\">\n            \n            <div class=\"flex flex-col tablet:flex-row gap-small items-start\">\n                <div class=\"flex-1 \">\n                    <h2>Marcatura del logo &#8211; Timbro a caldo<\/h2>\n                <\/div>\n\n                <div class=\"flex-1\">\n                    <p>Durante questo processo riscaldiamo uno strumento in alluminio o in acciaio al punto da bruciare il logo o il testo richiesto sulla superficie del prodotto. \u00c8 molto simile alla procedura di stampa \u201cbillog\u201d (un sistema di marchiatura a caldo).<\/p>\n                <\/div>\n            <\/div>\n\n        <\/div>\n    <\/div>\n<\/section>\n\n\n<div class=\"group relative bg-white h-[32px]\" aria-hidden=\"true\"><\/div>\n\n\n<div class=\"group relative bg-gray-200 h-[24px] laptop:h-[64px]\" aria-hidden=\"true\"><\/div>\n\n\n<section class=\"col-content bg-gray-200 \">\n    <div class=\"container\">\n        <div class=\"general-content\">\n            \n            <div class=\"flex flex-col tablet:flex-row gap-small items-start\">\n                <div class=\"flex-1 \">\n                    <h2>Marcatura del logo &#8211; Timbro a freddo<\/h2>\n                <\/div>\n\n                <div class=\"flex-1\">\n                    <p>\u00c8 simile al processo di goffratura, ma qui utilizziamo uno strumento piatto. In questo modo \u00e8 possibile inserire indicatori di dati e si pu\u00f2 anche facilmente modificare lo strumento in caso di aggiornamenti.<\/p>\n                <\/div>\n            <\/div>\n\n        <\/div>\n    <\/div>\n<\/section>\n\n\n<div class=\"group relative bg-gray-200 h-[32px]\" aria-hidden=\"true\"><\/div>\n\n\n<div class=\"group relative bg-white h-[24px] laptop:h-[64px]\" aria-hidden=\"true\"><\/div>\n\n\n<section class=\"col-content bg-white \">\n    <div class=\"container\">\n        <div class=\"general-content\">\n            \n            <div class=\"flex flex-col tablet:flex-row gap-small items-start\">\n                <div class=\"flex-1 \">\n                    <h2>Marcatura laser<\/h2>\n                <\/div>\n\n                <div class=\"flex-1\">\n                    <p>La marcatura laser \u00e8 un processo permanente che utilizza un raggio di luce concentrato per creare un segno duraturo su una superficie. Tipicamente eseguita con una macchina laser a fibra, pulsata, a onda continua, verde o UV, la marcatura laser abbraccia un\u2019ampia variet\u00e0 di applicazioni. Per inserire i loghi nei nostri prodotti utilizziamo la tecnologia laser a fibra.<\/p>\n                <\/div>\n            <\/div>\n\n        <\/div>\n    <\/div>\n<\/section>\n\n\n<div class=\"group relative bg-white h-[32px]\" aria-hidden=\"true\"><\/div>\n\n\n<div class=\"group relative bg-gray-200 h-[24px] laptop:h-[64px]\" aria-hidden=\"true\"><\/div>\n\n\n<section class=\"col-content bg-gray-200 \">\n    <div class=\"container\">\n        <div class=\"general-content\">\n            \n            <div class=\"flex flex-col tablet:flex-row gap-small items-start\">\n                <div class=\"flex-1 \">\n                    <h2>Stampa tampografica<\/h2>\n<p><img loading=\"lazy\" decoding=\"async\" class=\"alignnone wp-image-356\" src=\"https:\/\/trocellen.com\/wp-content\/uploads\/2025\/05\/tampon-printing.png\" alt=\"\" width=\"381\" height=\"254\" srcset=\"https:\/\/trocellen.com\/wp-content\/uploads\/2025\/05\/tampon-printing.png 570w, https:\/\/trocellen.com\/wp-content\/uploads\/2025\/05\/tampon-printing-300x200.png 300w\" sizes=\"auto, (max-width: 381px) 100vw, 381px\" \/><\/p>\n                <\/div>\n\n                <div class=\"flex-1\">\n                    <p>La stampa a tampone o stampa tampografica, \u00e8 un processo di stampa offset indiretto in cui un tampone di silicone acquisisce un\u2019immagine 2D da una lastra di stampa incisa al laser (chiamata anche clich\u00e9) e la trasferisce a un oggetto 3D.<\/p>\n                <\/div>\n            <\/div>\n\n        <\/div>\n    <\/div>\n<\/section>\n\n\n<div class=\"group relative bg-gray-200 h-[32px]\" aria-hidden=\"true\"><\/div>\n\n\n<div class=\"group relative bg-white h-[24px] laptop:h-[64px]\" aria-hidden=\"true\"><\/div>\n\n\n<section class=\"col-content bg-white \">\n    <div class=\"container\">\n        <div class=\"general-content\">\n            \n            <div class=\"flex flex-col tablet:flex-row gap-small items-start\">\n                <div class=\"flex-1 \">\n                    <h2>Fustellatura<\/h2>\n<p><img loading=\"lazy\" decoding=\"async\" class=\"alignnone size-full wp-image-14050\" src=\"https:\/\/trocellen.com\/wp-content\/uploads\/2025\/10\/converting_-_die_cut.png\" alt=\"\" width=\"261\" height=\"254\" \/><\/p>\n                <\/div>\n\n                <div class=\"flex-1\">\n                    <p>Con questo processo utilizziamo una macchina ad alta pressione e coltelli affilati in acciaio per ritagliare il prodotto. Siamo in grado di fustellare materiali fino a 40 mm (a seconda della densit\u00e0).<\/p>\n                <\/div>\n            <\/div>\n\n        <\/div>\n    <\/div>\n<\/section>\n\n\n<div class=\"group relative bg-white h-[32px]\" aria-hidden=\"true\"><\/div>\n\n\n<div class=\"group relative bg-gray-200 h-[24px] laptop:h-[64px]\" aria-hidden=\"true\"><\/div>\n\n\n<section class=\"col-content bg-gray-200 \">\n    <div class=\"container\">\n        <div class=\"general-content\">\n            \n            <div class=\"flex flex-col tablet:flex-row gap-small items-start\">\n                <div class=\"flex-1 \">\n                    <h2>Taglio di contorno<\/h2>\n<p><img loading=\"lazy\" decoding=\"async\" class=\"alignnone size-full wp-image-14057\" src=\"https:\/\/trocellen.com\/wp-content\/uploads\/2025\/10\/Converting_-_contour_cutting.png\" alt=\"\" width=\"452\" height=\"254\" srcset=\"https:\/\/trocellen.com\/wp-content\/uploads\/2025\/10\/Converting_-_contour_cutting.png 452w, https:\/\/trocellen.com\/wp-content\/uploads\/2025\/10\/Converting_-_contour_cutting-300x169.png 300w\" sizes=\"auto, (max-width: 452px) 100vw, 452px\" \/><\/p>\n                <\/div>\n\n                <div class=\"flex-1\">\n                    <p>Per prodotti di spessore maggiore (superiore a 40 mm) offriamo il nostro servizio di taglio contorno. Il vantaggio principale \u00e8 la superficie di taglio molto pulita e la possibilit\u00e0 di taglio multistrato utile anche per \u201cridurre i costi\u201d. Il limite di questa tecnologia \u00e8 che taglia solo il bordo esterno (contorno) del progetto. Senza lasciare traccia non \u00e8 possibile tagliare materiale dall\u2019interno del prodotto.<\/p>\n                <\/div>\n            <\/div>\n\n        <\/div>\n    <\/div>\n<\/section>\n\n\n<div class=\"group relative bg-gray-200 h-[32px]\" aria-hidden=\"true\"><\/div>","protected":false},"excerpt":{"rendered":"","protected":false},"author":1,"featured_media":0,"parent":7419,"menu_order":0,"comment_status":"closed","ping_status":"closed","template":"template-parts\/page-general.php","meta":{"_acf_changed":false,"footnotes":""},"class_list":["post-7443","page","type-page","status-publish","hentry"],"acf":[],"yoast_head":"<!-- This site is optimized with the Yoast SEO plugin v25.9 - https:\/\/yoast.com\/wordpress\/plugins\/seo\/ -->\n<title>Trasformazione - Trocellen, the European polyolefin foam solution provider<\/title>\n<meta name=\"robots\" content=\"index, follow, max-snippet:-1, max-image-preview:large, max-video-preview:-1\" \/>\n<link rel=\"canonical\" href=\"https:\/\/trocellen.com\/materials-technology\/converting\/\" \/>\n<meta property=\"og:locale\" content=\"it_IT\" \/>\n<meta property=\"og:type\" content=\"article\" \/>\n<meta property=\"og:title\" content=\"Trasformazione - Trocellen, the European polyolefin foam solution provider\" \/>\n<meta property=\"og:url\" content=\"https:\/\/trocellen.com\/materials-technology\/converting\/\" \/>\n<meta property=\"og:site_name\" content=\"Trocellen, the European polyolefin foam solution provider\" \/>\n<meta property=\"article:modified_time\" content=\"2025-10-10T10:44:26+00:00\" \/>\n<meta name=\"twitter:card\" content=\"summary_large_image\" \/>\n<script type=\"application\/ld+json\" class=\"yoast-schema-graph\">{\"@context\":\"https:\/\/schema.org\",\"@graph\":[{\"@type\":\"WebPage\",\"@id\":\"https:\/\/trocellen.com\/materials-technology\/converting\/\",\"url\":\"https:\/\/trocellen.com\/materials-technology\/converting\/\",\"name\":\"Trasformazione - Trocellen, the European polyolefin foam solution provider\",\"isPartOf\":{\"@id\":\"https:\/\/trocellen.com\/#website\"},\"datePublished\":\"2025-04-29T08:17:34+00:00\",\"dateModified\":\"2025-10-10T10:44:26+00:00\",\"breadcrumb\":{\"@id\":\"https:\/\/trocellen.com\/materials-technology\/converting\/#breadcrumb\"},\"inLanguage\":\"it-IT\",\"potentialAction\":[{\"@type\":\"ReadAction\",\"target\":[\"https:\/\/trocellen.com\/materials-technology\/converting\/\"]}]},{\"@type\":\"BreadcrumbList\",\"@id\":\"https:\/\/trocellen.com\/materials-technology\/converting\/#breadcrumb\",\"itemListElement\":[{\"@type\":\"ListItem\",\"position\":1,\"name\":\"Home\",\"item\":\"https:\/\/trocellen.com\/it\/\"},{\"@type\":\"ListItem\",\"position\":2,\"name\":\"Trasformazione\"}]},{\"@type\":\"WebSite\",\"@id\":\"https:\/\/trocellen.com\/#website\",\"url\":\"https:\/\/trocellen.com\/\",\"name\":\"Trocellen, the European polyolefin foam solution provider\",\"description\":\"TROCELLEN\u00ae is a leading manufacturer of chemically and physically cross-linked polyolefin and rubber foam solutions\",\"potentialAction\":[{\"@type\":\"SearchAction\",\"target\":{\"@type\":\"EntryPoint\",\"urlTemplate\":\"https:\/\/trocellen.com\/?s={search_term_string}\"},\"query-input\":{\"@type\":\"PropertyValueSpecification\",\"valueRequired\":true,\"valueName\":\"search_term_string\"}}],\"inLanguage\":\"it-IT\"}]}<\/script>\n<!-- \/ Yoast SEO plugin. -->","yoast_head_json":{"title":"Trasformazione - Trocellen, the European polyolefin foam solution provider","robots":{"index":"index","follow":"follow","max-snippet":"max-snippet:-1","max-image-preview":"max-image-preview:large","max-video-preview":"max-video-preview:-1"},"canonical":"https:\/\/trocellen.com\/materials-technology\/converting\/","og_locale":"it_IT","og_type":"article","og_title":"Trasformazione - Trocellen, the European polyolefin foam solution provider","og_url":"https:\/\/trocellen.com\/materials-technology\/converting\/","og_site_name":"Trocellen, the European polyolefin foam solution provider","article_modified_time":"2025-10-10T10:44:26+00:00","twitter_card":"summary_large_image","schema":{"@context":"https:\/\/schema.org","@graph":[{"@type":"WebPage","@id":"https:\/\/trocellen.com\/materials-technology\/converting\/","url":"https:\/\/trocellen.com\/materials-technology\/converting\/","name":"Trasformazione - Trocellen, the European polyolefin foam solution provider","isPartOf":{"@id":"https:\/\/trocellen.com\/#website"},"datePublished":"2025-04-29T08:17:34+00:00","dateModified":"2025-10-10T10:44:26+00:00","breadcrumb":{"@id":"https:\/\/trocellen.com\/materials-technology\/converting\/#breadcrumb"},"inLanguage":"it-IT","potentialAction":[{"@type":"ReadAction","target":["https:\/\/trocellen.com\/materials-technology\/converting\/"]}]},{"@type":"BreadcrumbList","@id":"https:\/\/trocellen.com\/materials-technology\/converting\/#breadcrumb","itemListElement":[{"@type":"ListItem","position":1,"name":"Home","item":"https:\/\/trocellen.com\/it\/"},{"@type":"ListItem","position":2,"name":"Trasformazione"}]},{"@type":"WebSite","@id":"https:\/\/trocellen.com\/#website","url":"https:\/\/trocellen.com\/","name":"Trocellen, the European polyolefin foam solution provider","description":"TROCELLEN\u00ae is a leading manufacturer of chemically and physically cross-linked polyolefin and rubber foam solutions","potentialAction":[{"@type":"SearchAction","target":{"@type":"EntryPoint","urlTemplate":"https:\/\/trocellen.com\/?s={search_term_string}"},"query-input":{"@type":"PropertyValueSpecification","valueRequired":true,"valueName":"search_term_string"}}],"inLanguage":"it-IT"}]}},"_links":{"self":[{"href":"https:\/\/trocellen.com\/it\/wp-json\/wp\/v2\/pages\/7443","targetHints":{"allow":["GET"]}}],"collection":[{"href":"https:\/\/trocellen.com\/it\/wp-json\/wp\/v2\/pages"}],"about":[{"href":"https:\/\/trocellen.com\/it\/wp-json\/wp\/v2\/types\/page"}],"author":[{"embeddable":true,"href":"https:\/\/trocellen.com\/it\/wp-json\/wp\/v2\/users\/1"}],"replies":[{"embeddable":true,"href":"https:\/\/trocellen.com\/it\/wp-json\/wp\/v2\/comments?post=7443"}],"version-history":[{"count":4,"href":"https:\/\/trocellen.com\/it\/wp-json\/wp\/v2\/pages\/7443\/revisions"}],"predecessor-version":[{"id":14065,"href":"https:\/\/trocellen.com\/it\/wp-json\/wp\/v2\/pages\/7443\/revisions\/14065"}],"up":[{"embeddable":true,"href":"https:\/\/trocellen.com\/it\/wp-json\/wp\/v2\/pages\/7419"}],"wp:attachment":[{"href":"https:\/\/trocellen.com\/it\/wp-json\/wp\/v2\/media?parent=7443"}],"curies":[{"name":"wp","href":"https:\/\/api.w.org\/{rel}","templated":true}]}}