{"id":7402,"date":"2025-04-29T08:17:20","date_gmt":"2025-04-29T08:17:20","guid":{"rendered":"https:\/\/trocellen-dev.local\/the-foam\/"},"modified":"2025-10-10T10:06:06","modified_gmt":"2025-10-10T10:06:06","slug":"schiuma","status":"publish","type":"page","link":"https:\/\/trocellen.com\/it\/materiali-tecnologie\/schiuma\/","title":{"rendered":"Schiuma"},"content":{"rendered":"\n<div class=\"group relative bg-white h-[48px]\" aria-hidden=\"true\"><\/div>\n\n\n<section class=\"general-content text-[#131313]\">\n    <div class=\"container\">\n        <div>\n            <h3 class=\"text-center\">Nei nostri stabilimenti di produzione dislocati in Germania, Italia, Ungheria, Spagna e Malesia produciamo schiume poliolefiniche. I nostri prodotti sono utilizzati in vari settori, quali il settore auto, quello dell\u2019edilizia e dell\u2019 isolamento, del tempo libero, dello sport professionistico, dei nastri adesivi, della calzatura e dell\u2019imballaggio. <\/h3>\n\n            <p class=\"!font-bold text-center\">Pur essendo attivi in settori molto eterogenei, tutte le nostre soluzioni sono basate sugli stessi principi essenziali: leggerezza, eco-compatibilit\u00e0, alta qualit\u00e0, stabilit\u00e0 e semplicit\u00e0.<\/p>        <\/div>\n    <\/div>\n<\/section>\n\n\n<div class=\"group relative bg-white h-[32px]\" aria-hidden=\"true\"><\/div>\n\n\n<div class=\"group relative bg-gray-200 h-[48px]\" aria-hidden=\"true\"><\/div>\n\n\n<section class=\"col-content bg-gray-200 \">\n    <div class=\"container\">\n        <div class=\"general-content\">\n            \n            <div class=\"flex flex-col tablet:flex-row gap-small items-start\">\n                <div class=\"flex-1 \">\n                    <h2>Utilizzo e tipi di schiuma di polietilene<\/h2>\n                <\/div>\n\n                <div class=\"flex-1\">\n                    <p>La schiuma di polietilene \u00e8 tra i pi\u00f9 usati materiali espansi nei pi\u00f9 diversi settori industriali, oltre agli espansi di polistirolo e di poliuretano. Il polietilene espanso pu\u00f2 essere utilizzato in innumerevoli modi:<\/p>\n<ul>\n<li>come materiale isolante<\/li>\n<li>come attrezzatura sportiva<\/li>\n<li>come prodotto dell\u2019industria automobilistica<\/li>\n<li>come materiale da imballaggio<\/li>\n<li>ed anche nell\u2019industria della calzatura.<\/li>\n<\/ul>\n                <\/div>\n            <\/div>\n\n        <\/div>\n    <\/div>\n<\/section>\n\n\n<div class=\"group relative bg-gray-200 h-[32px]\" aria-hidden=\"true\"><\/div>\n\n\n<div class=\"group relative bg-white h-[24px] laptop:h-[64px]\" aria-hidden=\"true\"><\/div>\n\n\n        <section>\n            <div class=\"container\">\n                <div class=\"general-content\">\n                    <h2>Tipologie di schiuma <\/h2>\n\n                    <div class=\"grid grid-cols-1 tablet:grid-cols-3 gap-default\">\n\n                        \n                        <div class=\"flex flex-col gap-default tablet:gap-medium text-center tablet:text-left\">\n                            <div>\n                                <img decoding=\"async\" class=\"mx-auto tablet:mx-0\" src=\"https:\/\/trocellen.com\/wp-content\/uploads\/2025\/05\/chemical-cross-link.png\" alt=\"\">\n                            <\/div>\n\n                            <h3>Schiume reticolate chimicamente<\/h3>\n                            <p>Prodotte orizzontalmente con tecnologia in continuo. Superficie resistente In vari spessori e densit\u00e0.<\/p>\n                        <\/div>\n\n                        \n                        <div class=\"flex flex-col gap-default tablet:gap-medium text-center tablet:text-left\">\n                            <div>\n                                <img decoding=\"async\" class=\"mx-auto tablet:mx-0\" src=\"https:\/\/trocellen.com\/wp-content\/uploads\/2025\/05\/physically-cross-linked.png\" alt=\"\">\n                            <\/div>\n\n                            <h3>Schiume reticolate fisicamente<\/h3>\n                            <p>Reticolate con irradiazione fisica. Prodotte con tecnologia in orizzontale o verticale. Struttura cellulare fine e superficie liscia. Schiuma di PP ad alta resistenza al calore, disponibile in diversi spessori e densit\u00e0.<\/p>\n                        <\/div>\n\n                        \n                        <div class=\"flex flex-col gap-default tablet:gap-medium text-center tablet:text-left\">\n                            <div>\n                                <img decoding=\"async\" class=\"mx-auto tablet:mx-0\" src=\"https:\/\/trocellen.com\/wp-content\/uploads\/2025\/05\/processing.png\" alt=\"\">\n                            <\/div>\n\n                            <h3>Lavorazione<\/h3>\n                            <p>Diversi processi di laminazione. Possibilit\u00e0 di versione autoadesiva. Fustellatura (die-cutting), Termoformatura, Perforazione e goffratura.<\/p>\n                        <\/div>\n\n                        \n                    <\/div>\n                <\/div>\n            <\/div>\n        <\/section>\n\n\n\n\n<div class=\"group relative bg-white h-[24px] laptop:h-[64px]\" aria-hidden=\"true\"><\/div>\n\n\n<div class=\"group relative bg-gray-200 h-[24px] laptop:h-[64px]\" aria-hidden=\"true\"><\/div>\n\n\n<section class=\"col-content bg-gray-200 \">\n    <div class=\"container\">\n        <div class=\"general-content\">\n            \n            <div class=\"flex flex-col tablet:flex-col gap-small items-start\">\n                <div class=\"flex-1 w-full\">\n                    <h2>Significato di PE<\/h2>\n<p>PE \u00e8 l\u2019abbreviazione di polietilene (polyethylene). Cosa bisogna sapere su questo materiale nella versione espansa? La sua formula chimica \u00e8 (C2H4)n, ovvero una sostanza a base di carbonio e idrogeno. La schiuma di polietilene \u00e8 un materiale solido a cellule chiuse, espansa con agente espandente\/gas. Ogni parte gassosa \u00e8 separata da uno strato, fino alla formazione delle celle. Il PE espanso \u00e8 la somma di queste celle.<\/p>\n<p>La schiuma PE \u00e8 flessibile e assorbe le vibrazioni grazie alla struttura della schiuma. Si tratta di un materiale leggero, il cui spessore (4-500 mm) e la cui densit\u00e0 (circa 0,03 \u2013 0.2 g\/cm<sup>3<\/sup>) variano (fino a 30 volte pi\u00f9 leggero dell\u2019acqua).<\/p>\n<p>La schiuma di polietilene \u00e8 inerte, di conseguenza non \u00e8 pericolosa per il corpo umano.<\/p>\n<p>Il polietilene appartiene alla famiglia delle poliolefine insieme al polipropilene.<\/p>\n                <\/div>\n\n                <div class=\"flex-1\">\n                                    <\/div>\n            <\/div>\n\n        <\/div>\n    <\/div>\n<\/section>\n\n\n<div class=\"group relative bg-gray-200 h-[32px]\" aria-hidden=\"true\"><\/div>\n\n\n<div class=\"group relative bg-white h-[24px] laptop:h-[64px]\" aria-hidden=\"true\"><\/div>\n\n\n<section class=\"col-content bg-white \">\n    <div class=\"container\">\n        <div class=\"general-content\">\n            \n            <div class=\"flex flex-col tablet:flex-row gap-small items-start\">\n                <div class=\"flex-1 \">\n                    <h2>Schiuma di polietilene estruso (di colore bianco, celle grossolane)<\/h2>\n<h3>Utilizzo: come materiale da imballaggio<\/h3>\n                <\/div>\n\n                <div class=\"flex-1\">\n                    <p>\u00c8 un tipo di schiuma utilizzata prevalentemente per imballaggi ed \u00e8 riciclabile. Si tratta di un materiale molto leggero eppure resistente che protegge le superfici imballate. Materiale espanso, pu\u00f2 essere anche laminato. \u00c8 una schiuma a cellule chiuse ma non reticolata.<\/p>\n                <\/div>\n            <\/div>\n\n        <\/div>\n    <\/div>\n<\/section>\n\n\n<div class=\"group relative bg-white h-[32px]\" aria-hidden=\"true\"><\/div>\n\n\n<div class=\"group relative bg-gray-200 h-[24px] laptop:h-[64px]\" aria-hidden=\"true\"><\/div>\n\n\n<section class=\"col-content bg-gray-200 \">\n    <div class=\"container\">\n        <div class=\"general-content\">\n            \n            <div class=\"flex flex-col tablet:flex-col gap-small items-start\">\n                <div class=\"flex-1 w-full\">\n                    <h2>Schiuma di polietilene espanso reticolato<\/h2>\n<p>Le schiume reticolate chimiche (cosiddette cross-linked) sono caratterizzate da una superficie resistente. Nella schiuma reticolata, durante il processo di reticolazione le molecole sono connesse attraverso legami chimici in modo che, dalla catena di carbonio lineare si forma una struttura ramificata,che ha come risultato finale una struttura pi\u00f9 durevole. La finezza della struttura cellulare conferisce una stabilit\u00e0 ancora maggiore al materiale.<\/p>\n<p>\u00c8 disponibile anche nelle versioni antifiamma e conduttive: la schiuma di pe espanso reticolato \u00e8 utilizzata in un ambito molto pi\u00f9 ampio rispetto alla schiuma PE estrusa. Questo grazie anche al fatto che \u00e8 resistente agli agenti atmosferici, non reagisce con la maggior parte dei prodotti chimici e non lascia passare l\u2019umidit\u00e0. Questo lo rende un materiale isolante durevole, anche perch\u00e8 non viene attaccato da insetti e roditori. Ha un effetto smorzante sulle vibrazioni particolarmente elevato.<\/p>\n<p>Utilizzo:<\/p>\n<ul>\n<li>come materiale isolante nell\u2019industria automobilistica, in ingegneria meccanica e nelle costruzioni (grazie al suo effetto di isolamento termico, acustico e all\u2019umidit\u00e0)<\/li>\n<li>nella realizzazione di materassini e suole di scarpe grazie al suo effetto di smorzamento delle vibrazioni<\/li>\n<\/ul>\n                <\/div>\n\n                <div class=\"flex-1\">\n                                    <\/div>\n            <\/div>\n\n        <\/div>\n    <\/div>\n<\/section>\n\n\n<div class=\"group relative bg-gray-200 h-[32px]\" aria-hidden=\"true\"><\/div>\n\n\n<div class=\"group relative bg-white h-[24px] laptop:h-[64px]\" aria-hidden=\"true\"><\/div>\n\n\n<section class=\"col-content bg-white \">\n    <div class=\"container\">\n        <div class=\"general-content\">\n            \n            <div class=\"flex flex-col tablet:flex-row gap-small items-start\">\n                <div class=\"flex-1 \">\n                    <h2>Schiuma di polietilene espanso reticolato a base biologica<\/h2>\n                <\/div>\n\n                <div class=\"flex-1\">\n                    <p>Il polietilene espanso reticolato a base biologica\u00a0TR-EECell\u00a0\u00e8 costituito quasi interamente da materie prime derivate da biomassa (canna da zucchero). Nei materiali espansi cos\u00ec risultanti, si ottengono i seguenti vantaggi:<\/p>\n<ul>\n<li>la produzione \u00e8 rispettosa dell\u2019ambiente<\/li>\n<li>Alte prestazione al pari dell\u2019espanso \u201coil-based\u201d<\/li>\n<li>Versatilit\u00e0: i suoi ambiti di applicazione sono gli stessi della schiuma PE tradizionale.<\/li>\n<\/ul>\n                <\/div>\n            <\/div>\n\n        <\/div>\n    <\/div>\n<\/section>\n\n\n<div class=\"group relative bg-white h-[32px]\" aria-hidden=\"true\"><\/div>\n\n\n<div class=\"group relative bg-gray-200 h-[24px] laptop:h-[64px]\" aria-hidden=\"true\"><\/div>\n\n\n<section class=\"col-content bg-gray-200 \">\n    <div class=\"container\">\n        <div class=\"general-content\">\n            \n            <div class=\"flex flex-col tablet:flex-row gap-small items-start\">\n                <div class=\"flex-1 \">\n                    <h2>Le schiume prodotte da Trocellen<\/h2>\n                <\/div>\n\n                <div class=\"flex-1\">\n                    <p>Produciamo schiume poliolefiniche nei nostri stabilimenti in Germania, Italia, Ungheria, Spagna e Malesia. I nostri prodotti sono utilizzati in diversi settori, come l\u2019industria automobilistica, il settore delle costruzioni e della produzione di materiale \u201cfoam\u201d isolante, la produzione di attrezzature sportive professionali e per il tempo libero, la produzione di schiume autoadesive, l\u2019industria calzaturiera e l\u2019industria degli imballaggi.<\/p>\n<p>Nonostante siamo attivi in ambiti cos\u00ec diversi, le nostre soluzioni si basano tutte sugli stessi principi: prodotti leggerissimi, processi rispettosi dell\u2019ambiente, alta qualit\u00e0, prestazioni costanti e semplicit\u00e0.<\/p>\n                <\/div>\n            <\/div>\n\n        <\/div>\n    <\/div>\n<\/section>\n\n\n<div class=\"group relative bg-gray-200 h-[32px]\" aria-hidden=\"true\"><\/div>\n\n\n<div class=\"group relative bg-white h-[24px] laptop:h-[64px]\" aria-hidden=\"true\"><\/div>\n\n\n<section class=\"col-content bg-white \">\n    <div class=\"container\">\n        <div class=\"general-content\">\n            \n            <div class=\"flex flex-col tablet:flex-row gap-small items-start\">\n                <div class=\"flex-1 \">\n                    <h2>Prezzo della schiuma di polietilene<\/h2>\n                <\/div>\n\n                <div class=\"flex-1\">\n                    <p>Il prezzo della schiuma PE pu\u00f2 variare da una molteplicit\u00e0 di fattori. Di seguito vi sono i principali:<\/p>\n<ul>\n<li>spessore della schiuma<\/li>\n<li>densit\u00e0<\/li>\n<li>forma e misure<\/li>\n<li>versione autoadesiva o non adesiva<\/li>\n<li>contenuto di antifiamma \/reazione al fuoco<\/li>\n<li>colore<\/li>\n<\/ul>\n                <\/div>\n            <\/div>\n\n        <\/div>\n    <\/div>\n<\/section>\n\n\n<div class=\"group relative bg-white h-[32px]\" aria-hidden=\"true\"><\/div>","protected":false},"excerpt":{"rendered":"","protected":false},"author":1,"featured_media":0,"parent":7419,"menu_order":0,"comment_status":"closed","ping_status":"closed","template":"template-parts\/page-general.php","meta":{"_acf_changed":false,"footnotes":""},"class_list":["post-7402","page","type-page","status-publish","hentry"],"acf":[],"yoast_head":"<!-- This site is optimized with the Yoast SEO plugin v25.9 - https:\/\/yoast.com\/wordpress\/plugins\/seo\/ -->\n<title>Schiuma - Trocellen, the European polyolefin foam solution provider<\/title>\n<meta name=\"robots\" content=\"index, follow, max-snippet:-1, max-image-preview:large, max-video-preview:-1\" \/>\n<link rel=\"canonical\" href=\"https:\/\/trocellen.com\/materials-technology\/the-foam\/\" \/>\n<meta property=\"og:locale\" content=\"it_IT\" \/>\n<meta property=\"og:type\" content=\"article\" \/>\n<meta property=\"og:title\" content=\"Schiuma - Trocellen, the European polyolefin foam solution provider\" \/>\n<meta property=\"og:url\" content=\"https:\/\/trocellen.com\/materials-technology\/the-foam\/\" \/>\n<meta property=\"og:site_name\" content=\"Trocellen, the European polyolefin foam solution provider\" \/>\n<meta property=\"article:modified_time\" content=\"2025-10-10T10:06:06+00:00\" \/>\n<meta name=\"twitter:card\" content=\"summary_large_image\" \/>\n<script type=\"application\/ld+json\" class=\"yoast-schema-graph\">{\"@context\":\"https:\/\/schema.org\",\"@graph\":[{\"@type\":\"WebPage\",\"@id\":\"https:\/\/trocellen.com\/materials-technology\/the-foam\/\",\"url\":\"https:\/\/trocellen.com\/materials-technology\/the-foam\/\",\"name\":\"Schiuma - Trocellen, the European polyolefin foam solution provider\",\"isPartOf\":{\"@id\":\"https:\/\/trocellen.com\/#website\"},\"datePublished\":\"2025-04-29T08:17:20+00:00\",\"dateModified\":\"2025-10-10T10:06:06+00:00\",\"breadcrumb\":{\"@id\":\"https:\/\/trocellen.com\/materials-technology\/the-foam\/#breadcrumb\"},\"inLanguage\":\"it-IT\",\"potentialAction\":[{\"@type\":\"ReadAction\",\"target\":[\"https:\/\/trocellen.com\/materials-technology\/the-foam\/\"]}]},{\"@type\":\"BreadcrumbList\",\"@id\":\"https:\/\/trocellen.com\/materials-technology\/the-foam\/#breadcrumb\",\"itemListElement\":[{\"@type\":\"ListItem\",\"position\":1,\"name\":\"Home\",\"item\":\"https:\/\/trocellen.com\/it\/\"},{\"@type\":\"ListItem\",\"position\":2,\"name\":\"Schiuma\"}]},{\"@type\":\"WebSite\",\"@id\":\"https:\/\/trocellen.com\/#website\",\"url\":\"https:\/\/trocellen.com\/\",\"name\":\"Trocellen, the European polyolefin foam solution provider\",\"description\":\"TROCELLEN\u00ae is a leading manufacturer of chemically and physically cross-linked polyolefin and rubber foam solutions\",\"potentialAction\":[{\"@type\":\"SearchAction\",\"target\":{\"@type\":\"EntryPoint\",\"urlTemplate\":\"https:\/\/trocellen.com\/?s={search_term_string}\"},\"query-input\":{\"@type\":\"PropertyValueSpecification\",\"valueRequired\":true,\"valueName\":\"search_term_string\"}}],\"inLanguage\":\"it-IT\"}]}<\/script>\n<!-- \/ Yoast SEO plugin. -->","yoast_head_json":{"title":"Schiuma - Trocellen, the European polyolefin foam solution provider","robots":{"index":"index","follow":"follow","max-snippet":"max-snippet:-1","max-image-preview":"max-image-preview:large","max-video-preview":"max-video-preview:-1"},"canonical":"https:\/\/trocellen.com\/materials-technology\/the-foam\/","og_locale":"it_IT","og_type":"article","og_title":"Schiuma - Trocellen, the European polyolefin foam solution provider","og_url":"https:\/\/trocellen.com\/materials-technology\/the-foam\/","og_site_name":"Trocellen, the European polyolefin foam solution provider","article_modified_time":"2025-10-10T10:06:06+00:00","twitter_card":"summary_large_image","schema":{"@context":"https:\/\/schema.org","@graph":[{"@type":"WebPage","@id":"https:\/\/trocellen.com\/materials-technology\/the-foam\/","url":"https:\/\/trocellen.com\/materials-technology\/the-foam\/","name":"Schiuma - Trocellen, the European polyolefin foam solution provider","isPartOf":{"@id":"https:\/\/trocellen.com\/#website"},"datePublished":"2025-04-29T08:17:20+00:00","dateModified":"2025-10-10T10:06:06+00:00","breadcrumb":{"@id":"https:\/\/trocellen.com\/materials-technology\/the-foam\/#breadcrumb"},"inLanguage":"it-IT","potentialAction":[{"@type":"ReadAction","target":["https:\/\/trocellen.com\/materials-technology\/the-foam\/"]}]},{"@type":"BreadcrumbList","@id":"https:\/\/trocellen.com\/materials-technology\/the-foam\/#breadcrumb","itemListElement":[{"@type":"ListItem","position":1,"name":"Home","item":"https:\/\/trocellen.com\/it\/"},{"@type":"ListItem","position":2,"name":"Schiuma"}]},{"@type":"WebSite","@id":"https:\/\/trocellen.com\/#website","url":"https:\/\/trocellen.com\/","name":"Trocellen, the European polyolefin foam solution provider","description":"TROCELLEN\u00ae is a leading manufacturer of chemically and physically cross-linked polyolefin and rubber foam solutions","potentialAction":[{"@type":"SearchAction","target":{"@type":"EntryPoint","urlTemplate":"https:\/\/trocellen.com\/?s={search_term_string}"},"query-input":{"@type":"PropertyValueSpecification","valueRequired":true,"valueName":"search_term_string"}}],"inLanguage":"it-IT"}]}},"_links":{"self":[{"href":"https:\/\/trocellen.com\/it\/wp-json\/wp\/v2\/pages\/7402","targetHints":{"allow":["GET"]}}],"collection":[{"href":"https:\/\/trocellen.com\/it\/wp-json\/wp\/v2\/pages"}],"about":[{"href":"https:\/\/trocellen.com\/it\/wp-json\/wp\/v2\/types\/page"}],"author":[{"embeddable":true,"href":"https:\/\/trocellen.com\/it\/wp-json\/wp\/v2\/users\/1"}],"replies":[{"embeddable":true,"href":"https:\/\/trocellen.com\/it\/wp-json\/wp\/v2\/comments?post=7402"}],"version-history":[{"count":5,"href":"https:\/\/trocellen.com\/it\/wp-json\/wp\/v2\/pages\/7402\/revisions"}],"predecessor-version":[{"id":14025,"href":"https:\/\/trocellen.com\/it\/wp-json\/wp\/v2\/pages\/7402\/revisions\/14025"}],"up":[{"embeddable":true,"href":"https:\/\/trocellen.com\/it\/wp-json\/wp\/v2\/pages\/7419"}],"wp:attachment":[{"href":"https:\/\/trocellen.com\/it\/wp-json\/wp\/v2\/media?parent=7402"}],"curies":[{"name":"wp","href":"https:\/\/api.w.org\/{rel}","templated":true}]}}