{"id":7301,"date":"2025-04-29T07:38:08","date_gmt":"2025-04-29T07:38:08","guid":{"rendered":"https:\/\/trocellen-dev.local\/tutto-su-trocellen\/ambition\/"},"modified":"2025-11-28T10:09:51","modified_gmt":"2025-11-28T10:09:51","slug":"il-nostro-obiettivo-e-i-nostri-valori","status":"publish","type":"page","link":"https:\/\/trocellen.com\/it\/tutto-su-trocellen\/il-nostro-obiettivo-e-i-nostri-valori\/","title":{"rendered":"Il nostro obiettivo e i nostri valori"},"content":{"rendered":"\n<div class=\"group relative bg-gray-200 h-[24px] laptop:h-[64px]\" aria-hidden=\"true\"><\/div>\n\n\n<section class=\"col-content bg-gray-200 \">\n    <div class=\"container\">\n        <div class=\"general-content\">\n            \n            <div class=\"flex flex-col tablet:flex-row gap-small items-center\">\n                <div class=\"flex-1 \">\n                    <h3><img loading=\"lazy\" decoding=\"async\" style=\"display: inline-block; margin-right: 10px;\" class=\"alignnone wp-image-15148\" src=\"https:\/\/trocellen.com\/wp-content\/uploads\/2025\/11\/Trocellen-Purpose-Logo-Brand-Mark-on-White-300x300.png\" alt=\"\" width=\"40\" height=\"40\" srcset=\"https:\/\/trocellen.com\/wp-content\/uploads\/2025\/11\/Trocellen-Purpose-Logo-Brand-Mark-on-White-300x300.png 300w, https:\/\/trocellen.com\/wp-content\/uploads\/2025\/11\/Trocellen-Purpose-Logo-Brand-Mark-on-White-150x150.png 150w, https:\/\/trocellen.com\/wp-content\/uploads\/2025\/11\/Trocellen-Purpose-Logo-Brand-Mark-on-White.png 702w\" sizes=\"auto, (max-width: 40px) 100vw, 40px\" \/>Lo scopo di Trocellen<\/h3>\n<h2>Consentiamo alle persone di vivere bene, tracciando la strada per un futuro pi\u00f9 luminoso<\/h2>\n                <\/div>\n\n                <div class=\"flex-1\">\n                    <p>Sviluppiamo soluzioni avanzate per i consumatori e l\u2019industria, mirate a garantire sicurezza e comfort, migliorando la qualit\u00e0 della vita delle persone e contribuendo a un futuro pi\u00f9 luminoso per tutti.<\/p>\n<p>I nostri prodotti sono progettati per attutire gli impatti dell\u2019ambiente circostante, consentendo alle persone di concentrarsi su ci\u00f2 che amano fare di pi\u00f9, in modo continuativo, senza preoccupazioni e in tutta tranquillit\u00e0.<\/p>\n<p>Come leader di settore, costruiamo relazioni commerciali basate sulla fiducia ed il rispetto reciproco, e contribuiamo, in ogni momento, agli sforzi verso una sostenibilit\u00e0 globale. Ci impegniamo ad essere un datore di lavoro corretto, che riconosce il valore delle proprie persone: insieme creiamo un valore che duri nel tempo.<\/p>\n                <\/div>\n            <\/div>\n\n        <\/div>\n    <\/div>\n<\/section>\n\n\n<div class=\"group relative bg-gray-200 h-[24px] laptop:h-[64px]\" aria-hidden=\"true\"><\/div>\n\n\n<div class=\"group relative bg-white h-[32px]\" aria-hidden=\"true\"><\/div>\n\n<section class=\"heading-block\">\n    <div class=\"container\">\n        \n        <div class=\"general-content border-b-[4px] border-gradient !py-small text-center\">\n            \n            \n                <div class=\"general-content\">\n                        <h2 class=\"!p-0 !border-none\">\n                            Valori                        <\/h2>\n                                    <\/div>\n\n            \n        <\/div>\n    <\/div>\n<\/section>\n\n\n<div class=\"group relative bg-white h-[32px]\" aria-hidden=\"true\"><\/div>\n\n\n        <section>\n            <div class=\"container tablet:max-w-[416px] laptop:max-w-[562px]\">\n                <div class=\"flex flex-col gap-xs\">\n\n                \n                    <div class=\"general-content\">\n                        <div class=\"border-b-[2px] border-gradient w-full flex items-center gap-[15px]\">\n                            <img decoding=\"async\" src=\"https:\/\/trocellen.com\/wp-content\/uploads\/2025\/10\/Values_icon_collaboration-1.png\" alt=\"\">\n                            <span class=\"uppercase font-light text-[1.375rem] leading-[2.5rem] py-xs block \">COLLABORAZIONE E INTRAPRENDENZA <\/span>\n                        <\/div>\n\n                        \n                        <div class=\"py-default\">\n                            <p>Valorizziamo il lavoro di squadra e promuoviamo un ambiente collaborativo in cui ogni collega ha l\u2019opportunit\u00e0 di assumersi responsabilit\u00e0, contribuire al raggiungimento di obiettivi comuni e crescere insieme all\u2019azienda.<\/p>\n                        <\/div>\n\n                        \n                    <\/div>\n\n                \n                    <div class=\"general-content\">\n                        <div class=\"border-b-[2px] border-gradient w-full flex items-center gap-[15px]\">\n                            <img decoding=\"async\" src=\"https:\/\/trocellen.com\/wp-content\/uploads\/2025\/10\/Values_icon_innovation-1.png\" alt=\"\">\n                            <span class=\"uppercase font-light text-[1.375rem] leading-[2.5rem] py-xs block \">INNOVAZIONE E ORIENTAMENTO AL MERCATO<\/span>\n                        <\/div>\n\n                        \n                        <div class=\"py-default\">\n                            <p>Superiamo i confini e incoraggiamo la creativit\u00e0 per fornire soluzioni che apportino un valore duraturo per i nostri clienti.<\/p>\n                        <\/div>\n\n                        \n                    <\/div>\n\n                \n                    <div class=\"general-content\">\n                        <div class=\"border-b-[2px] border-gradient w-full flex items-center gap-[15px]\">\n                            <img decoding=\"async\" src=\"https:\/\/trocellen.com\/wp-content\/uploads\/2025\/10\/Values_icon_integrity-1.png\" alt=\"\">\n                            <span class=\"uppercase font-light text-[1.375rem] leading-[2.5rem] py-xs block \">INTEGRIT\u00c0 E TRASPARENZA<\/span>\n                        <\/div>\n\n                        \n                        <div class=\"py-default\">\n                            <p>Sosteniamo l\u2019onest\u00e0 e la trasparenza creando fiducia e responsabilit\u00e0 all\u2019interno del nostro team e nelle relazioni con i nostri partner.<\/p>\n                        <\/div>\n\n                        \n                    <\/div>\n\n                \n                    <div class=\"general-content\">\n                        <div class=\"border-b-[2px] border-gradient w-full flex items-center gap-[15px]\">\n                            <img decoding=\"async\" src=\"https:\/\/trocellen.com\/wp-content\/uploads\/2025\/10\/Values_icon_diversity-1.png\" alt=\"\">\n                            <span class=\"uppercase font-light text-[1.375rem] leading-[2.5rem] py-xs block \">DIVERSIT\u00c0 E INCLUSIONE<\/span>\n                        <\/div>\n\n                        \n                        <div class=\"py-default\">\n                            <p>Accogliamo prospettive diverse, per creare una cultura che valorizzi le differenze e promuova l\u2019uguaglianza.<\/p>\n                        <\/div>\n\n                        \n                    <\/div>\n\n                \n                    <div class=\"general-content\">\n                        <div class=\"border-b-[2px] border-gradient w-full flex items-center gap-[15px]\">\n                            <img decoding=\"async\" src=\"https:\/\/trocellen.com\/wp-content\/uploads\/2025\/10\/Values_icon_sustainability-1.png\" alt=\"\">\n                            <span class=\"uppercase font-light text-[1.375rem] leading-[2.5rem] py-xs block \">SOSTENIBILIT\u00c0 E RESPONSABILIT\u00c0<\/span>\n                        <\/div>\n\n                        \n                        <div class=\"py-default\">\n                            <p>Ci impegniamo concretamente ad agire in favore della sostenibilit\u00e0 con un approccio decisionale responsabile a beneficio del nostro pianeta e della societ\u00e0.<\/p>\n                        <\/div>\n\n                        \n                    <\/div>\n\n                \n                <\/div>\n            <\/div>\n        <\/section>\n    \n\n\n\n<div class=\"group relative bg-white h-[32px]\" aria-hidden=\"true\"><\/div>","protected":false},"excerpt":{"rendered":"","protected":false},"author":1,"featured_media":0,"parent":6780,"menu_order":0,"comment_status":"closed","ping_status":"closed","template":"template-parts\/page-general.php","meta":{"_acf_changed":false,"footnotes":""},"class_list":["post-7301","page","type-page","status-publish","hentry"],"acf":[],"yoast_head":"<!-- This site is optimized with the Yoast SEO plugin v25.9 - https:\/\/yoast.com\/wordpress\/plugins\/seo\/ -->\n<title>Il nostro obiettivo e i nostri valori - Trocellen, the European polyolefin foam solution provider<\/title>\n<meta name=\"robots\" content=\"index, follow, max-snippet:-1, max-image-preview:large, max-video-preview:-1\" \/>\n<link rel=\"canonical\" href=\"https:\/\/trocellen.com\/it\/tutto-su-trocellen\/il-nostro-obiettivo-e-i-nostri-valori\/\" \/>\n<meta property=\"og:locale\" content=\"it_IT\" \/>\n<meta property=\"og:type\" content=\"article\" \/>\n<meta property=\"og:title\" content=\"Il nostro obiettivo e i nostri valori - Trocellen, the European polyolefin foam solution provider\" \/>\n<meta property=\"og:url\" content=\"https:\/\/trocellen.com\/it\/tutto-su-trocellen\/il-nostro-obiettivo-e-i-nostri-valori\/\" \/>\n<meta property=\"og:site_name\" content=\"Trocellen, the European polyolefin foam solution provider\" \/>\n<meta property=\"article:modified_time\" content=\"2025-11-28T10:09:51+00:00\" \/>\n<meta name=\"twitter:card\" content=\"summary_large_image\" \/>\n<script type=\"application\/ld+json\" class=\"yoast-schema-graph\">{\"@context\":\"https:\/\/schema.org\",\"@graph\":[{\"@type\":\"WebPage\",\"@id\":\"https:\/\/trocellen.com\/it\/tutto-su-trocellen\/il-nostro-obiettivo-e-i-nostri-valori\/\",\"url\":\"https:\/\/trocellen.com\/it\/tutto-su-trocellen\/il-nostro-obiettivo-e-i-nostri-valori\/\",\"name\":\"Il nostro obiettivo e i nostri valori - Trocellen, the European polyolefin foam solution provider\",\"isPartOf\":{\"@id\":\"https:\/\/trocellen.com\/#website\"},\"datePublished\":\"2025-04-29T07:38:08+00:00\",\"dateModified\":\"2025-11-28T10:09:51+00:00\",\"breadcrumb\":{\"@id\":\"https:\/\/trocellen.com\/it\/tutto-su-trocellen\/il-nostro-obiettivo-e-i-nostri-valori\/#breadcrumb\"},\"inLanguage\":\"it-IT\",\"potentialAction\":[{\"@type\":\"ReadAction\",\"target\":[\"https:\/\/trocellen.com\/it\/tutto-su-trocellen\/il-nostro-obiettivo-e-i-nostri-valori\/\"]}]},{\"@type\":\"BreadcrumbList\",\"@id\":\"https:\/\/trocellen.com\/it\/tutto-su-trocellen\/il-nostro-obiettivo-e-i-nostri-valori\/#breadcrumb\",\"itemListElement\":[{\"@type\":\"ListItem\",\"position\":1,\"name\":\"Home\",\"item\":\"https:\/\/trocellen.com\/it\/\"},{\"@type\":\"ListItem\",\"position\":2,\"name\":\"Il nostro obiettivo e i nostri valori\"}]},{\"@type\":\"WebSite\",\"@id\":\"https:\/\/trocellen.com\/#website\",\"url\":\"https:\/\/trocellen.com\/\",\"name\":\"Trocellen, the European polyolefin foam solution provider\",\"description\":\"TROCELLEN\u00ae is a leading manufacturer of chemically and physically cross-linked polyolefin and rubber foam solutions\",\"potentialAction\":[{\"@type\":\"SearchAction\",\"target\":{\"@type\":\"EntryPoint\",\"urlTemplate\":\"https:\/\/trocellen.com\/?s={search_term_string}\"},\"query-input\":{\"@type\":\"PropertyValueSpecification\",\"valueRequired\":true,\"valueName\":\"search_term_string\"}}],\"inLanguage\":\"it-IT\"}]}<\/script>\n<!-- \/ Yoast SEO plugin. -->","yoast_head_json":{"title":"Il nostro obiettivo e i nostri valori - Trocellen, the European polyolefin foam solution provider","robots":{"index":"index","follow":"follow","max-snippet":"max-snippet:-1","max-image-preview":"max-image-preview:large","max-video-preview":"max-video-preview:-1"},"canonical":"https:\/\/trocellen.com\/it\/tutto-su-trocellen\/il-nostro-obiettivo-e-i-nostri-valori\/","og_locale":"it_IT","og_type":"article","og_title":"Il nostro obiettivo e i nostri valori - Trocellen, the European polyolefin foam solution provider","og_url":"https:\/\/trocellen.com\/it\/tutto-su-trocellen\/il-nostro-obiettivo-e-i-nostri-valori\/","og_site_name":"Trocellen, the European polyolefin foam solution provider","article_modified_time":"2025-11-28T10:09:51+00:00","twitter_card":"summary_large_image","schema":{"@context":"https:\/\/schema.org","@graph":[{"@type":"WebPage","@id":"https:\/\/trocellen.com\/it\/tutto-su-trocellen\/il-nostro-obiettivo-e-i-nostri-valori\/","url":"https:\/\/trocellen.com\/it\/tutto-su-trocellen\/il-nostro-obiettivo-e-i-nostri-valori\/","name":"Il nostro obiettivo e i nostri valori - Trocellen, the European polyolefin foam solution provider","isPartOf":{"@id":"https:\/\/trocellen.com\/#website"},"datePublished":"2025-04-29T07:38:08+00:00","dateModified":"2025-11-28T10:09:51+00:00","breadcrumb":{"@id":"https:\/\/trocellen.com\/it\/tutto-su-trocellen\/il-nostro-obiettivo-e-i-nostri-valori\/#breadcrumb"},"inLanguage":"it-IT","potentialAction":[{"@type":"ReadAction","target":["https:\/\/trocellen.com\/it\/tutto-su-trocellen\/il-nostro-obiettivo-e-i-nostri-valori\/"]}]},{"@type":"BreadcrumbList","@id":"https:\/\/trocellen.com\/it\/tutto-su-trocellen\/il-nostro-obiettivo-e-i-nostri-valori\/#breadcrumb","itemListElement":[{"@type":"ListItem","position":1,"name":"Home","item":"https:\/\/trocellen.com\/it\/"},{"@type":"ListItem","position":2,"name":"Il nostro obiettivo e i nostri valori"}]},{"@type":"WebSite","@id":"https:\/\/trocellen.com\/#website","url":"https:\/\/trocellen.com\/","name":"Trocellen, the European polyolefin foam solution provider","description":"TROCELLEN\u00ae is a leading manufacturer of chemically and physically cross-linked polyolefin and rubber foam solutions","potentialAction":[{"@type":"SearchAction","target":{"@type":"EntryPoint","urlTemplate":"https:\/\/trocellen.com\/?s={search_term_string}"},"query-input":{"@type":"PropertyValueSpecification","valueRequired":true,"valueName":"search_term_string"}}],"inLanguage":"it-IT"}]}},"_links":{"self":[{"href":"https:\/\/trocellen.com\/it\/wp-json\/wp\/v2\/pages\/7301","targetHints":{"allow":["GET"]}}],"collection":[{"href":"https:\/\/trocellen.com\/it\/wp-json\/wp\/v2\/pages"}],"about":[{"href":"https:\/\/trocellen.com\/it\/wp-json\/wp\/v2\/types\/page"}],"author":[{"embeddable":true,"href":"https:\/\/trocellen.com\/it\/wp-json\/wp\/v2\/users\/1"}],"replies":[{"embeddable":true,"href":"https:\/\/trocellen.com\/it\/wp-json\/wp\/v2\/comments?post=7301"}],"version-history":[{"count":5,"href":"https:\/\/trocellen.com\/it\/wp-json\/wp\/v2\/pages\/7301\/revisions"}],"predecessor-version":[{"id":15157,"href":"https:\/\/trocellen.com\/it\/wp-json\/wp\/v2\/pages\/7301\/revisions\/15157"}],"up":[{"embeddable":true,"href":"https:\/\/trocellen.com\/it\/wp-json\/wp\/v2\/pages\/6780"}],"wp:attachment":[{"href":"https:\/\/trocellen.com\/it\/wp-json\/wp\/v2\/media?parent=7301"}],"curies":[{"name":"wp","href":"https:\/\/api.w.org\/{rel}","templated":true}]}}