{"id":14871,"date":"2025-11-20T07:33:27","date_gmt":"2025-11-20T07:33:27","guid":{"rendered":"https:\/\/trocellen-dev.local\/privacy-statement\/"},"modified":"2025-11-20T08:18:09","modified_gmt":"2025-11-20T08:18:09","slug":"privacy-statement","status":"publish","type":"page","link":"https:\/\/trocellen.com\/it\/privacy-statement\/","title":{"rendered":"Dichiarazione di riservatezza"},"content":{"rendered":"\n<div class=\"group relative bg-gray-200 h-[24px] laptop:h-[64px]\" aria-hidden=\"true\"><\/div>\n\n\n<section class=\"col-content bg-gray-200 \">\n    <div class=\"container\">\n        <div class=\"general-content\">\n            \n            <div class=\"flex flex-col tablet:flex-col gap-small items-start\">\n                <div class=\"flex-1 w-full\">\n                    <h3 class=\"wp-block-heading\">Informativa sulla privacy per l\u2019uso del sito web<\/h3>\n<p><strong>Trocellen GmbH<\/strong>, con sede legale in M\u00fclheimer Stra\u00dfe 26, 53840 Troisdorf, Germania, in qualit\u00e0 di titolare del\u00a0<strong>trattamento dei dati<\/strong>\u00a0(di seguito \u201cTitolare\u201d) e ai sensi del Regolamento Europeo (UE) 2016\/679\u00a0<strong>(GDPR)<\/strong>\u00a0e della normativa nazionale applicabile per la protezione dei dati, con la presente la informa per quali finalit\u00e0 e con quali modalit\u00e0 verranno trattati i suoi dati:<\/p>\n<p><strong>1. Oggetto del trattamento dei dati<\/strong><\/p>\n<p>Il Titolare tratta i dati personali (di seguito \u201cdati\u201d o \u201cdati personali\u201d) (in particolare nome, cognome, indirizzo e-mail, numero di telefono, area di ubicazione, indirizzo IP, ecc.) da lei acconsentiti durante la navigazione del sito Trocellen.com e di tutti i suoi sottodomini (insulation.trocellen.com, automotive.trocellen.com, adhesive-tapes.trocellen.com, sport-home-leisure.trocellen.com, footwear.trocellen.com, packaging.trocellen.com, progame-shockpads.com, progame-tatami.com, polifoam.hu, tctoday.com, tcinnolab.com, tcinnolab.hu, smrt-lab.com, smrtmug.com, smrtracket.com, smrtyoga.com, tctoday.com, wellstep.eu, di seguito \u201csiti web\u201d) o in caso di richiesta di contatto da parte sua inoltrata al Titolare.<\/p>\n<p><strong>2. Finalit\u00e0 e base giuridica del trattamento<\/strong><\/p>\n<p>I suoi dati personali verranno trattati senza il suo preventivo consenso per le seguenti finalit\u00e0 e basi giuridiche:<\/p>\n<ul class=\"wp-block-list\">\n<li><strong>L\u2019adempimento del contratto o degli obblighi precontrattuali<\/strong>, in particolare:\n<ul class=\"wp-block-list\">\n<li>Conclusione, adempimento e gestione del contratto, erogazione dei servizi derivanti dall\u2019offerta commerciale e di supporto tecnico del Titolare, gestione dei servizi di fatturazione, reclami e contenziosi, invio di messaggi di servizio, recupero dati, prevenzione di atti fraudolenti e\/o abusi dannosi dei diritti di privacy;<\/li>\n<li>Evasione della sua richiesta di contatto;<\/li>\n<li>Gestione e manutenzione del sito web.<\/li>\n<\/ul>\n<\/li>\n<\/ul>\n<ul class=\"wp-block-list\">\n<li><strong>Perseguimento di un legittimo interesse del Titolare,\u00a0<\/strong>in particolare:\n<ul class=\"wp-block-list\">\n<li>Prevenzione e individuazione di attivit\u00e0 fraudolente o usi impropri del sito web;<\/li>\n<li>Esercizio dei diritti del titolare, quali il diritto di difesa in giudizio;<\/li>\n<li>Se si \u00e8 gi\u00e0 cliente, invio di comunicazioni commerciali all\u2019indirizzo di posta elettronica fornita, riguardanti prodotti e servizi commercializzati dal Titolare e di cui ha gi\u00e0 usufruito. Avr\u00e0 la possibilit\u00e0 di scegliere in qualunque momento di non ricevere ulteriori comunicazioni cliccando su un apposito link.<\/li>\n<\/ul>\n<\/li>\n<\/ul>\n<ul class=\"wp-block-list\">\n<li><strong>L\u2019adempimento d<\/strong><strong>egl<\/strong><strong>i obblighi legali del<\/strong><strong>\u00a0Titolare<\/strong>, ad esempio:\n<ul class=\"wp-block-list\">\n<li>Adempimento di obblighi derivanti da leggi, regolamenti o dalla normativa nazionale e comunitaria in vigore o emanati dalle autorit\u00e0 competenti.<\/li>\n<\/ul>\n<\/li>\n<\/ul>\n<p>I suoi dati personali verranno trattati solo su suo previo consenso e per le seguenti finalit\u00e0. Pu\u00f2 revocare il suo consenso al Titolare in qualsiasi momento e con effetto per il futuro:<\/p>\n<ul class=\"wp-block-list\">\n<li>Finalit\u00e0 di divulgazione: Il Titolare comunicher\u00e0 i suoi Dati Personali ai propri distributori autorizzati affinch\u00e9 possano fornirle le informazioni richieste sui prodotti Trocellen ed evadere il suo acquisto, a meno che il Titolare non abbia la possibilit\u00e0 di fornire esso stesso questo servizio. Il Titolare trasferir\u00e0 i Dati Personali al distributore autorizzato geograficamente pi\u00f9 vicino a lei. L\u2019ubicazione del distributore viene calcolata in base alla posizione della sua sede da lei indicata al Titolare.<\/li>\n<\/ul>\n<ul class=\"wp-block-list\">\n<li>Utilizzo di cookies e tecnologie simili: utilizziamo cookies e tecnologie simili per analizzare il comportamento generale degli utenti o per effettuare sondaggi statici ai sensi della Politica sui Cookies (vedere capitolo 4, Utilizzo di cookies e tecnologie simili).<\/li>\n<\/ul>\n<ul class=\"wp-block-list\">\n<li>Finalit\u00e0 di marketing: dal Titolare le arriveranno comunicazioni via telefono, e-mail, newsletter, iniziative e offerte commerciali o sondaggi.<\/li>\n<\/ul>\n<p><strong>3. Modalit\u00e0 del trattamento dei dati<\/strong><\/p>\n<p>Il trattamento dei suoi dati viene svolto attraverso il supporto di mezzi informatici e consiste nella raccolta, registrazione, organizzazione, conservazione, consultazione, elaborazione, modificazione, selezione, estrazione, raffronto, utilizzo, combinazione, blocco, comunicazione, cancellazione e distruzione.<\/p>\n<p><strong>4. Utilizzo di cookie e tecnologie simili<\/strong><\/p>\n<p>Nei nostri siti web utilizziamo cookie e tecnologie simili. I cookie possono contenere dati che consentono di distinguere un dato utente. In alcuni casi, tuttavia, i cookie contengono solo informazioni su determinate impostazioni che non consentono l\u2019identificazione personale. I cookie non possono identificare direttamente un utente. Si distinguono in cookie di sessione, che vengono cancellati non appena si chiude il browser, e cookie persistenti, che vengono archiviati e restano nel dispositivo fino alla data di scadenza.<\/p>\n<p>Per ulteriori informazioni su cosa sono i cookie e tecnologie simili, quali utilizziamo e come gestire le impostazioni, fare riferimento alla nostra\u00a0<a href=\"https:\/\/trocellen.com\/it\/cookie-policy\/\" target=\"_blank\" rel=\"noreferrer noopener\">Politica sui cookie<\/a>.<\/p>\n<p><strong>5. Conservazione dei dati<\/strong><\/p>\n<p>Il titolare tratter\u00e0 i suoi dati personali per l\u2019adempimento delle finalit\u00e0 contrattuali e per i legittimi interessi sopra indicati, ma in ogni caso per un periodo di tempo non superiore a:<\/p>\n<ul class=\"wp-block-list\">\n<li>5 anni dalla cessazione del rapporto contrattuale per finalit\u00e0 contrattuali;<\/li>\n<li>2 anni successivi al sondaggio per finalit\u00e0 di marketing;<\/li>\n<li>1 anno dalla raccolta ai fini della divulgazione;<\/li>\n<li>durante il periodo specificato nella dichiarazione sui cookie nel nostro banner di\u00a0 consenso, per l\u2019utilizzo di cookie\/tecnologie simili.<\/li>\n<\/ul>\n<p><strong>6. Accesso ai dati<\/strong><\/p>\n<p>I suoi dati potranno essere resi accessibili ai seguenti soggetti per le finalit\u00e0 sopra indicate:<\/p>\n<ul class=\"wp-block-list\">\n<li>Dipendenti del Titolare e\/o delle societ\u00e0 controllate che necessitano di accedere ai dati in qualit\u00e0 di responsabili del trattamento e\/o responsabili interni del trattamento e\/o amministratori di sistema;<\/li>\n<li>Societ\u00e0 del gruppo, societ\u00e0 terze o altri soggetti (es. fornitori di servizi informatici, istituti di credito, aziende specializzate, ecc.) che svolgono attivit\u00e0 in outsourcing per conto del titolare e trattano i dati in qualit\u00e0 di responsabili esterni del trattamento.<\/li>\n<\/ul>\n<p><strong>7. Comunicazione dei dati<\/strong><\/p>\n<p>I suoi dati personali conferiti potranno essere comunicati, anche senza il suo preventivo consenso, su specifica richiesta da parte di autorit\u00e0 di controllo, di polizia o giudiziarie che li tratteranno in qualit\u00e0 di autonomi titolari del trattamento, per finalit\u00e0 istituzionali e\/o in conformit\u00e0 alla legge nell\u2019ambito di investigazioni o controlli. Inoltre, i suoi dati potranno essere comunicati anche a soggetti terzi (es. partner, collaboratori autonomi, agenti, rivenditori autorizzati, ecc.) che li tratteranno in qualit\u00e0 di autonomi titolari del trattamento al fine di svolgere azioni necessarie per le finalit\u00e0 sopra indicate.<\/p>\n<p><strong>8. Inoltro dei dati<\/strong><\/p>\n<p>I suoi dati non saranno resi pubblici, ma potranno essere trasferiti verso altri Paesi extra UE, quali Malesia e Giappone, per le finalit\u00e0 sopra indicate. Al fine di garantire un livello adeguato di protezione, il trasferimento sar\u00e0 effettuato in conformit\u00e0 alle decisioni di adeguatezza autorizzate dalla Commissione Europea ovvero con l\u2019adozione da parte del Titolare delle clausole contrattuali standard predisposte dalla Commissione Europea.<\/p>\n<p><strong>9. Tipologia di conferimento dei dati<\/strong><\/p>\n<p>Il conferimento dei dati per le finalit\u00e0 contrattuali \u00e8 obbligatorio: tali dati sono necessari per poter usufruire dei servizi offerti dal Titolare. Se decider\u00e0 di non fornire i suoi dati non potr\u00e0 usufruirne dei servizi del titolare.<\/p>\n<p>Il conferimento dei dati per finalit\u00e0 di marketing \u00e8 facoltativo se decider\u00e0 di non fornire i suoi dati per tali finalit\u00e0 non potr\u00e0 pi\u00f9 ricevere le nostre comunicazioni commerciali ma potr\u00e0 comunque usufruire dei servizi offerti dal Titolare.<\/p>\n<p>Anche il conferimento dei dati per la finalit\u00e0 di condivisione con i distributori autorizzati del Titolare \u00e8 facoltativo, tuttavia qualora decidesse di non conferire i suoi dati non sar\u00e0 possibile finalizzare l\u2019acquisto con loro.<\/p>\n<p><strong>10. Diritti dell\u2019interessato<\/strong><\/p>\n<p>Il Titolare la informa che in qualit\u00e0 di soggetto interessato potr\u00e0 esercitare i seguenti diritti:<\/p>\n<ul class=\"wp-block-list\">\n<li>ottenere informazioni circa l\u2019esistenza o meno dei suoi dati personali, anche se non si \u00e8 registrato;<\/li>\n<li>chiedere l\u2019accesso ai suoi dati e, nel caso, una copia delle seguenti informazioni: a) l\u2019origine e la categoria dei dati personali; b) la logica applicata in caso di trattamento effettuato con l\u2019ausilio di strumenti elettronici; c) le finalit\u00e0 e le modalit\u00e0 di trattamento; d) gli estremi identificativi del titolare e dei responsabili del trattamento; e) i destinatari o le categorie di destinatari a cui i dati personali sono stati o saranno comunicati, in particolare destinatari di altri paesi dell\u2019UE o organizzazioni internazionali; e) il periodo durante il quale i dati personali saranno conservati oppure, se non \u00e8 possibile, i criteri utilizzati per determinare tale periodo; f) l\u2019esistenza di un processo decisionale automatizzato e, ove applicabile, informazioni sulla logica utilizzata, la portata e le conseguenze previste per l\u2019interessato; g) l\u2019esistenza di garanzie adeguate in caso di trasferimento dei dati personali verso un paese extra UE o ad un\u2019organizzazione internazionale;<\/li>\n<li>esigere che i dati incompleti vengano aggiornati, corretti o completati senza ritardo;<\/li>\n<li>ottenere la cancellazione, la trasformazione in forma anonima o il blocco dei dati qualora: a) il loro trattamento violi una legge; b) non sono pi\u00f9 necessari rispetto alle finalit\u00e0 per le quali sono stati raccolti o successivamente trattati; c) il consenso venga revocato e non sussiste altro fondamento giuridico per il trattamento; d) ci si oppone al trattamento e non sussiste pi\u00f9 alcun motivo legittimo prevalente per procedere al trattamento; e) ci\u00f2 avvenga per adempiere ad un obbligo legale; f) i dati riguardino minori.<\/li>\n<\/ul>\n<p>Il titolare del trattamento pu\u00f2 rifiutarsi di cancellare i dati: a) per esercitare il diritto alla libert\u00e0 di espressione e di informazione; b) per adempiere ad un obbligo legale, per svolgere un compito svolto nel pubblico interesse o nell\u2019esercizio di pubblici poteri; c) per motivi di interesse pubblico; d) archiviazione nel pubblico interesse, di ricerca scientifica o storica o a fini statistici; e) per far valere diritti legali;<\/p>\n<ul class=\"wp-block-list\">\n<li>ottenere la limitazione del trattamento qualora: a) venga contestata l\u2019esattezza dei dati personali; b) il trattamento \u00e8 illecito e l\u2019interessato si oppone alla cancellazione dei dati personali; c) ci sia necessit\u00e0 dei dati per accertare, esercitare o difendere un diritto in sede giudiziaria; d) \u00e8 stato verificato che gli interessi legittimi del Titolare prevalgono su quelli dell\u2019interessato;<\/li>\n<li>in caso di trattamento automatizzato, ricevere in un formato strutturato, di uso comune e leggibile da dispositivo automatico i dati personali che la riguardano e trasmettere tali dati a un altro titolare del trattamento senza impedimenti da parte del Titolare cui li ha forniti;<\/li>\n<li>opporsi, in tutto o in parte, a) per motivi legittimi al trattamento dei dati personali che la riguardano, ancorch\u00e9 pertinenti allo scopo della raccolta; b) al trattamento di dati personali che la riguardano a fini di invio di materiale pubblicitario o di vendita diretta o per il compimento di ricerche di mercato o di comunicazione commerciale.<\/li>\n<li>proporre un reclamo in materia di protezione dei dati all\u2019Autorit\u00e0 di controllo competente.<\/li>\n<\/ul>\n<p>Nei suddetti casi, il Titolare provveder\u00e0, se necessario, ad informare dell\u2019eventuale esercizio dei suoi diritti, i soggetti terzi ai quali sono stati comunicati i suoi dati personali, salvo casi particolari (es. qualora ci\u00f2 si riveli impossibile o implichi uno sforzo sproporzionato).<\/p>\n<p><strong>11. Modalit\u00e0 di esercizio dei diritti<\/strong><\/p>\n<p>Potr\u00e0 esercitare i suoi diritti in qualsiasi momento ad es.<\/p>\n<ul class=\"wp-block-list\">\n<li>contattando il titolare del trattamento tramite posta;<\/li>\n<li>inviando una e-mail a germania@trocellen.com;<\/li>\n<li>telefonando al seguente numero telefonico: +49 2241 25 49 450.<\/li>\n<\/ul>\n<p><strong>12. Titolari, responsabili e incaricati del trattamento<\/strong><\/p>\n<p>Il titolare del trattamento dei dati \u00e8 Trocellen GmbH<\/p>\n<p>Il responsabile della protezione dei dati nominato \u00e8:<\/p>\n<ul class=\"wp-block-list\">\n<li>Detlef Grossmann<\/li>\n<\/ul>\n<p>Indirizzo e numero di telefono: +49 2241 25 49 450.<\/p>\n<p>L\u2019elenco aggiornato dei Responsabili del Trattamento \u00e8 disponibile presso la sede del Titolare a \u00a0in M\u00fclheimer Stra\u00dfe 26, 53840 Troisdorf, Germania.<\/p>\n<p>Troisdorf, 06 agosto 2024<\/p>\n                <\/div>\n\n                <div class=\"flex-1\">\n                                    <\/div>\n            <\/div>\n\n        <\/div>\n    <\/div>\n<\/section>\n\n\n<div class=\"group relative bg-gray-200 h-[24px] laptop:h-[64px]\" aria-hidden=\"true\"><\/div>","protected":false},"excerpt":{"rendered":"","protected":false},"author":1,"featured_media":0,"parent":0,"menu_order":0,"comment_status":"closed","ping_status":"closed","template":"template-parts\/page-general.php","meta":{"_acf_changed":false,"footnotes":""},"class_list":["post-14871","page","type-page","status-publish","hentry"],"acf":[],"yoast_head":"<!-- This site is optimized with the Yoast SEO plugin v25.9 - https:\/\/yoast.com\/wordpress\/plugins\/seo\/ -->\n<title>Dichiarazione di riservatezza - Trocellen, the European polyolefin foam solution provider<\/title>\n<meta name=\"robots\" content=\"index, follow, max-snippet:-1, max-image-preview:large, max-video-preview:-1\" \/>\n<link rel=\"canonical\" href=\"https:\/\/trocellen.com\/it\/privacy-statement\/\" \/>\n<meta property=\"og:locale\" content=\"it_IT\" \/>\n<meta property=\"og:type\" content=\"article\" \/>\n<meta property=\"og:title\" content=\"Dichiarazione di riservatezza - Trocellen, the European polyolefin foam solution provider\" \/>\n<meta property=\"og:url\" content=\"https:\/\/trocellen.com\/it\/privacy-statement\/\" \/>\n<meta property=\"og:site_name\" content=\"Trocellen, the European polyolefin foam solution provider\" \/>\n<meta property=\"article:modified_time\" content=\"2025-11-20T08:18:09+00:00\" \/>\n<meta name=\"twitter:card\" content=\"summary_large_image\" \/>\n<script type=\"application\/ld+json\" class=\"yoast-schema-graph\">{\"@context\":\"https:\/\/schema.org\",\"@graph\":[{\"@type\":\"WebPage\",\"@id\":\"https:\/\/trocellen.com\/it\/privacy-statement\/\",\"url\":\"https:\/\/trocellen.com\/it\/privacy-statement\/\",\"name\":\"Dichiarazione di riservatezza - Trocellen, the European polyolefin foam solution provider\",\"isPartOf\":{\"@id\":\"https:\/\/trocellen.com\/#website\"},\"datePublished\":\"2025-11-20T07:33:27+00:00\",\"dateModified\":\"2025-11-20T08:18:09+00:00\",\"breadcrumb\":{\"@id\":\"https:\/\/trocellen.com\/it\/privacy-statement\/#breadcrumb\"},\"inLanguage\":\"it-IT\",\"potentialAction\":[{\"@type\":\"ReadAction\",\"target\":[\"https:\/\/trocellen.com\/it\/privacy-statement\/\"]}]},{\"@type\":\"BreadcrumbList\",\"@id\":\"https:\/\/trocellen.com\/it\/privacy-statement\/#breadcrumb\",\"itemListElement\":[{\"@type\":\"ListItem\",\"position\":1,\"name\":\"Home\",\"item\":\"https:\/\/trocellen.com\/it\/\"},{\"@type\":\"ListItem\",\"position\":2,\"name\":\"Dichiarazione di riservatezza\"}]},{\"@type\":\"WebSite\",\"@id\":\"https:\/\/trocellen.com\/#website\",\"url\":\"https:\/\/trocellen.com\/\",\"name\":\"Trocellen, the European polyolefin foam solution provider\",\"description\":\"TROCELLEN\u00ae is a leading manufacturer of chemically and physically cross-linked polyolefin and rubber foam solutions\",\"potentialAction\":[{\"@type\":\"SearchAction\",\"target\":{\"@type\":\"EntryPoint\",\"urlTemplate\":\"https:\/\/trocellen.com\/?s={search_term_string}\"},\"query-input\":{\"@type\":\"PropertyValueSpecification\",\"valueRequired\":true,\"valueName\":\"search_term_string\"}}],\"inLanguage\":\"it-IT\"}]}<\/script>\n<!-- \/ Yoast SEO plugin. -->","yoast_head_json":{"title":"Dichiarazione di riservatezza - Trocellen, the European polyolefin foam solution provider","robots":{"index":"index","follow":"follow","max-snippet":"max-snippet:-1","max-image-preview":"max-image-preview:large","max-video-preview":"max-video-preview:-1"},"canonical":"https:\/\/trocellen.com\/it\/privacy-statement\/","og_locale":"it_IT","og_type":"article","og_title":"Dichiarazione di riservatezza - Trocellen, the European polyolefin foam solution provider","og_url":"https:\/\/trocellen.com\/it\/privacy-statement\/","og_site_name":"Trocellen, the European polyolefin foam solution provider","article_modified_time":"2025-11-20T08:18:09+00:00","twitter_card":"summary_large_image","schema":{"@context":"https:\/\/schema.org","@graph":[{"@type":"WebPage","@id":"https:\/\/trocellen.com\/it\/privacy-statement\/","url":"https:\/\/trocellen.com\/it\/privacy-statement\/","name":"Dichiarazione di riservatezza - Trocellen, the European polyolefin foam solution provider","isPartOf":{"@id":"https:\/\/trocellen.com\/#website"},"datePublished":"2025-11-20T07:33:27+00:00","dateModified":"2025-11-20T08:18:09+00:00","breadcrumb":{"@id":"https:\/\/trocellen.com\/it\/privacy-statement\/#breadcrumb"},"inLanguage":"it-IT","potentialAction":[{"@type":"ReadAction","target":["https:\/\/trocellen.com\/it\/privacy-statement\/"]}]},{"@type":"BreadcrumbList","@id":"https:\/\/trocellen.com\/it\/privacy-statement\/#breadcrumb","itemListElement":[{"@type":"ListItem","position":1,"name":"Home","item":"https:\/\/trocellen.com\/it\/"},{"@type":"ListItem","position":2,"name":"Dichiarazione di riservatezza"}]},{"@type":"WebSite","@id":"https:\/\/trocellen.com\/#website","url":"https:\/\/trocellen.com\/","name":"Trocellen, the European polyolefin foam solution provider","description":"TROCELLEN\u00ae is a leading manufacturer of chemically and physically cross-linked polyolefin and rubber foam solutions","potentialAction":[{"@type":"SearchAction","target":{"@type":"EntryPoint","urlTemplate":"https:\/\/trocellen.com\/?s={search_term_string}"},"query-input":{"@type":"PropertyValueSpecification","valueRequired":true,"valueName":"search_term_string"}}],"inLanguage":"it-IT"}]}},"_links":{"self":[{"href":"https:\/\/trocellen.com\/it\/wp-json\/wp\/v2\/pages\/14871","targetHints":{"allow":["GET"]}}],"collection":[{"href":"https:\/\/trocellen.com\/it\/wp-json\/wp\/v2\/pages"}],"about":[{"href":"https:\/\/trocellen.com\/it\/wp-json\/wp\/v2\/types\/page"}],"author":[{"embeddable":true,"href":"https:\/\/trocellen.com\/it\/wp-json\/wp\/v2\/users\/1"}],"replies":[{"embeddable":true,"href":"https:\/\/trocellen.com\/it\/wp-json\/wp\/v2\/comments?post=14871"}],"version-history":[{"count":1,"href":"https:\/\/trocellen.com\/it\/wp-json\/wp\/v2\/pages\/14871\/revisions"}],"predecessor-version":[{"id":14876,"href":"https:\/\/trocellen.com\/it\/wp-json\/wp\/v2\/pages\/14871\/revisions\/14876"}],"wp:attachment":[{"href":"https:\/\/trocellen.com\/it\/wp-json\/wp\/v2\/media?parent=14871"}],"curies":[{"name":"wp","href":"https:\/\/api.w.org\/{rel}","templated":true}]}}