{"id":14244,"date":"2025-10-13T07:37:00","date_gmt":"2025-10-13T07:37:00","guid":{"rendered":"https:\/\/trocellen-dev.local\/employee-care\/"},"modified":"2025-10-22T06:55:23","modified_gmt":"2025-10-22T06:55:23","slug":"i-nostri-dipendenti-ci-stanno-a-cuore","status":"publish","type":"page","link":"https:\/\/trocellen.com\/it\/i-nostri-dipendenti-ci-stanno-a-cuore\/","title":{"rendered":"I nostri dipendenti ci stanno a cuore"},"content":{"rendered":"\n<div class=\"group relative bg-white h-[32px]\" aria-hidden=\"true\"><\/div>\n\n\n<section class=\"general-content text-[#131313]\">\n    <div class=\"container\">\n        <div>\n            <h3 class=\"text-center\">Trocellen ha un valore molto pi\u00f9 alto pi\u00f9 della somma delle nostre strutture, tecnologie, processi e soluzioni. La nostra azienda \u00e8 il luogo in cui creare, sviluppare, contribuire e appartenere. La chiave di tutto questo: LE NOSTRE PERSONE. La loro conoscenza ed esperienza, passione ed entusiasmo, responsabilit\u00e0 e cura, creativit\u00e0 e resistenza.<\/h3>\n\n            <p class=\"!font-bold text-center\">Facciamo del nostro meglio per garantire un ambiente piacevole e sano per la creazione, le diverse opportunit\u00e0 di sviluppo personale e istruzione, i compiti interessanti e motivanti per progredire e realizzarsi e un attraente pacchetto di compensi e benefici per la soddisfazione dei dipendenti.<\/p>        <\/div>\n    <\/div>\n<\/section>\n\n\n<div class=\"group relative bg-white h-[32px]\" aria-hidden=\"true\"><\/div>\n\n\n<div class=\"group relative bg-gray-200 h-[32px]\" aria-hidden=\"true\"><\/div>\n\n\n<section class=\"col-content bg-gray-200 \">\n    <div class=\"container\">\n        <div class=\"general-content\">\n            \n            <div class=\"flex flex-col tablet:flex-col gap-small items-start\">\n                <div class=\"flex-1 w-full\">\n                    <h2><img loading=\"lazy\" decoding=\"async\" class=\"wp-image-801 size-thumbnail alignnone\" src=\"https:\/\/trocellen.com\/wp-content\/uploads\/2025\/05\/wellbeeing-icon-150x150.png\" alt=\"\" width=\"150\" height=\"150\" srcset=\"https:\/\/trocellen.com\/wp-content\/uploads\/2025\/05\/wellbeeing-icon-150x150.png 150w, https:\/\/trocellen.com\/wp-content\/uploads\/2025\/05\/wellbeeing-icon.png 289w\" sizes=\"auto, (max-width: 150px) 100vw, 150px\" \/><\/h2>\n<h2 class=\"wp-block-heading\">1. Benessere dei dipendenti<\/h2>\n<p><em>Dipendenti felici e sani \u00e8 ci\u00f2 che fa prosperare la nostra attivit\u00e0<strong>.<\/strong><\/em><\/p>\n<p>I nostri dipendenti sono al centro di tutto ci\u00f2 che facciamo. Pertanto, \u00e8 essenziale per noi che si sentano appagati, a proprio agio e soddisfatti lavorando in Trocellen.<\/p>\n<p>Innanzitutto, ci impegniamo a fornire un ambiente che favorisca l\u2019equilibrio tra lavoro e vita privata. Conciliare vita professionale e vita privata \u00e8 fondamentale sia per vivere che per lavorare bene, due cose profondamente collegate. I nostri team gestiscono processi, condizioni di lavoro, comunicazione e aspettative al fine di garantire ovunque il giusto equilibrio tra carriera e famiglia.<\/p>\n<p>Trocellen \u00e8 fortunata di poter contare su un team diversificato e internazionale e facciamo del nostro meglio per fornire vantaggi rilevanti a livello locale per i nostri dipendenti.<\/p>\n                <\/div>\n\n                <div class=\"flex-1\">\n                                    <\/div>\n            <\/div>\n\n        <\/div>\n    <\/div>\n<\/section>\n\n\n<div class=\"group relative bg-gray-200 h-[32px]\" aria-hidden=\"true\"><\/div>\n\n\n<div class=\"group relative bg-white h-[32px]\" aria-hidden=\"true\"><\/div>\n\n\n<section class=\"col-content bg-white \">\n    <div class=\"container\">\n        <div class=\"general-content\">\n            \n            <div class=\"flex flex-col tablet:flex-col gap-small items-start\">\n                <div class=\"flex-1 w-full\">\n                    <h2><img loading=\"lazy\" decoding=\"async\" class=\"alignnone wp-image-802 size-thumbnail\" src=\"https:\/\/trocellen.com\/wp-content\/uploads\/2025\/05\/safety-icon-150x150.png\" alt=\"\" width=\"150\" height=\"150\" srcset=\"https:\/\/trocellen.com\/wp-content\/uploads\/2025\/05\/safety-icon-150x150.png 150w, https:\/\/trocellen.com\/wp-content\/uploads\/2025\/05\/safety-icon.png 288w\" sizes=\"auto, (max-width: 150px) 100vw, 150px\" \/><\/h2>\n<h2 class=\"wp-block-heading\">2. Salute e sicurezza<\/h2>\n<p><em>La sicurezza viene prima di tutto per tutti in Trocellen.<\/em><\/p>\n<p>La salute e la sicurezza dei nostri dipendenti hanno la massima importanza. Vogliamo che i nostri dipendenti si sentano al sicuro sul lavoro e ci impegniamo a creare un ambiente di lavoro sano e confortevole a tutti i livelli della nostra organizzazione.<\/p>\n<p>Ogni manager di Trocellen sa che la sua principale responsabilit\u00e0 nei confronti del proprio gruppo \u00e8 garantire la propria sicurezza. All\u2019interno del Gruppo Trocellen la regola generale \u00e8 la\u00a0<strong>sicurezza prima di tutto<\/strong>! Nessuna eccezione.<\/p>\n<p>Miglioriamo continuamente le nostre condizioni di lavoro, compresi macchinari, attrezzature, processi di produzione, nonch\u00e9 rivediamo e sviluppiamo procedure di sicurezza interne. Questo ci permette di costruire un ambiente di lavoro sempre pi\u00f9 sicuro. La sicurezza viene prima di tutto per raggiungere il nostro obiettivo di zero incidenti sul lavoro.<\/p>\n<p>La missione principale del nostro Dipartimento Salute e Sicurezza \u00e8 proteggere le nostre persone. Ma sappiamo anche che per raggiungere questo obiettivo abbiamo bisogno di persone attente alla sicurezza, che siano addestrate, concentrati e motivate a mantenere i loro colleghi e se stessi al sicuro. Sono state istituite sessioni di formazione e sensibilizzazione per assicurarsi che stiano tutti lavorando per il medesimo obiettivo.<\/p>\n<p>In Trocellen crediamo negli sforzi comuni, che rendano ideale e sano il nostro posto di lavoro<\/p>\n                <\/div>\n\n                <div class=\"flex-1\">\n                                    <\/div>\n            <\/div>\n\n        <\/div>\n    <\/div>\n<\/section>\n\n\n<div class=\"group relative bg-white h-[32px]\" aria-hidden=\"true\"><\/div>\n\n\n<div class=\"group relative bg-gray-200 h-[32px]\" aria-hidden=\"true\"><\/div>\n\n\n<section class=\"col-content bg-gray-200 \">\n    <div class=\"container\">\n        <div class=\"general-content\">\n            \n            <div class=\"flex flex-col tablet:flex-col gap-small items-start\">\n                <div class=\"flex-1 w-full\">\n                    <h2><img loading=\"lazy\" decoding=\"async\" class=\"alignnone wp-image-808 size-thumbnail\" src=\"https:\/\/trocellen.com\/wp-content\/uploads\/2025\/05\/flexible-icon-150x150.png\" alt=\"\" width=\"150\" height=\"150\" srcset=\"https:\/\/trocellen.com\/wp-content\/uploads\/2025\/05\/flexible-icon-150x150.png 150w, https:\/\/trocellen.com\/wp-content\/uploads\/2025\/05\/flexible-icon.png 289w\" sizes=\"auto, (max-width: 150px) 100vw, 150px\" \/><\/h2>\n<h2 class=\"wp-block-heading\">3. Lavoro flessibile<\/h2>\n<p><em>Su misura per ogni dipendente<\/em><\/p>\n<p>Ogni essere umano \u00e8 diverso e facciamo del nostro meglio per offrire ai dipendenti la possibilit\u00e0 di progettare una sistemazione lavorativa che meglio si adatti alle loro esigenze.<\/p>\n<p>Da quando \u00e8 scoppiata la pandemia, aziende e dipendenti hanno imparato che possono lavorare da remoto e raggiungere lo stesso livello di successo come se lavorassero dall\u2019 azienda. Tuttavia, non tutti amano lavorare da casa e preferirebbero piuttosto trascorrere il tempo in ufficio con i colleghi. Inoltre, alcune posizioni potrebbero richiedere la presenza del dipendente in ufficio rispetto ad altre che non lo ritengono necessario.<\/p>\n<p>In Trocellen quando possibile applichiamo lo smartworking (modello ibrido), offrendo soluzioni su misura per massimizzare sia l\u2019efficienza che la soddisfazione dei dipendenti. Facciamo di tutto per assicurarci che ogni dipendente abbia la migliore sistemazione possibile per adattare le loro esigenze le richieste del loro ruolo e garantire la conformit\u00e0 alle leggi e ai regolamenti locali.<\/p>\n                <\/div>\n\n                <div class=\"flex-1\">\n                                    <\/div>\n            <\/div>\n\n        <\/div>\n    <\/div>\n<\/section>\n\n\n<div class=\"group relative bg-gray-200 h-[32px]\" aria-hidden=\"true\"><\/div>\n\n\n<div class=\"group relative bg-white h-[32px]\" aria-hidden=\"true\"><\/div>\n\n\n<section class=\"col-content bg-white \">\n    <div class=\"container\">\n        <div class=\"general-content\">\n            \n            <div class=\"flex flex-col tablet:flex-col gap-small items-start\">\n                <div class=\"flex-1 w-full\">\n                    <h2><img loading=\"lazy\" decoding=\"async\" class=\"alignnone wp-image-804 size-thumbnail\" src=\"https:\/\/trocellen.com\/wp-content\/uploads\/2025\/05\/training-icon-150x150.png\" alt=\"\" width=\"150\" height=\"150\" srcset=\"https:\/\/trocellen.com\/wp-content\/uploads\/2025\/05\/training-icon-150x150.png 150w, https:\/\/trocellen.com\/wp-content\/uploads\/2025\/05\/training-icon.png 289w\" sizes=\"auto, (max-width: 150px) 100vw, 150px\" \/><\/h2>\n<h2 class=\"wp-block-heading\">4. Formazione e sviluppo<\/h2>\n<p><em>Ci d\u00e0 soddisfazione vedere i nostri dipendenti crescere!<\/em><\/p>\n<p>In Trocellen siamo sicuri che l\u2019investimento nello sviluppo personale e nell\u2019istruzione dei dipendenti sia vantaggioso per tutti.<\/p>\n<p>Lavoriamo nell\u2019ambito di un sistema \u201cChallenge and Support\u201d, il che significa che forniremo ai nostri dipendenti sfide interessanti e daremo loro il supporto di cui hanno bisogno per affrontarle.<\/p>\n<p>Gli obiettivi e le opportunit\u00e0 di sviluppo di ciascun dipendente vengono discussi nelle riunioni annuali di feedback. Questa \u00e8 una grande opportunit\u00e0 per il dipendente di venire a conoscenza dei propri punti di forza e delle opportunit\u00e0 di sviluppo e discutere le esigenze di formazione con il proprio manager.<\/p>\n<p>Consentiamo ai nostri dipendenti di assumere il controllo della loro traiettoria professionale. Dopo la riunione annuale di feedback, sia il dipendente che il suo manager definiscono il percorso di carriera su cui il dipendente lavorer\u00e0 per i prossimi anni. Questo \u00e8 il modo con cui ci assicuriamo che i nostri dipendenti vengano coinvolti e motivati e che la nostra azienda possa contare su una forza lavoro qualificata e formata necessaria per diventare i migliori in quello che facciamo.<\/p>\n                <\/div>\n\n                <div class=\"flex-1\">\n                                    <\/div>\n            <\/div>\n\n        <\/div>\n    <\/div>\n<\/section>\n\n\n<div class=\"group relative bg-white h-[32px]\" aria-hidden=\"true\"><\/div>\n\n\n<div class=\"group relative bg-gray-200 h-[32px]\" aria-hidden=\"true\"><\/div>\n\n\n<section class=\"col-content bg-gray-200 \">\n    <div class=\"container\">\n        <div class=\"general-content\">\n            \n            <div class=\"flex flex-col tablet:flex-col gap-small items-start\">\n                <div class=\"flex-1 w-full\">\n                    <h2><img loading=\"lazy\" decoding=\"async\" class=\"alignnone wp-image-805 size-thumbnail\" src=\"https:\/\/trocellen.com\/wp-content\/uploads\/2025\/05\/supportive-icon-150x150.png\" alt=\"\" width=\"150\" height=\"150\" srcset=\"https:\/\/trocellen.com\/wp-content\/uploads\/2025\/05\/supportive-icon-150x150.png 150w, https:\/\/trocellen.com\/wp-content\/uploads\/2025\/05\/supportive-icon.png 288w\" sizes=\"auto, (max-width: 150px) 100vw, 150px\" \/><\/h2>\n<h2 class=\"wp-block-heading\">5. Ambiente di supporto<\/h2>\n<p><em>Infrastruttura confortevole e straordinaria cultura aziendale<\/em>.<\/p>\n<p>Essere a proprio agio sul lavoro \u00e8 un must per ottenere grandi cose. Questo \u00e8 il motivo per cui in Trocellen forniamo ai nostri dipendenti uffici moderni e confortevoli che includono sale da pranzo, aree comuni e anche aree di servizio adeguate (nuove o rinnovate) per gli operai della fabbrica. Forniamo anche i migliori strumenti per quei membri del team che lavorano da casa.<\/p>\n<p>Ma andiamo oltre le cose tangibili. Creare e supportare un ambiente \u00e8 tutto basato sulla cultura aziendale che in Trocellen viene definita da cooperazione, sostegno e cordialit\u00e0. Realizziamo grandi cose per singolo individuo, ma cose ancor pi\u00f9 grandi come squadra.<\/p>\n<p>Lavoriamo anche per avere una comunicazione efficace, aperta e chiara, con politiche di porte aperte, programmi a livello aziendale, eventi aziendali, promozioni CSR congiunte e altro ancora.<\/p>\n                <\/div>\n\n                <div class=\"flex-1\">\n                                    <\/div>\n            <\/div>\n\n        <\/div>\n    <\/div>\n<\/section>\n\n\n<div class=\"group relative bg-gray-200 h-[32px]\" aria-hidden=\"true\"><\/div>\n\n\n<div class=\"group relative bg-white h-[32px]\" aria-hidden=\"true\"><\/div>\n\n\n<section class=\"col-content bg-white \">\n    <div class=\"container\">\n        <div class=\"general-content\">\n            \n            <div class=\"flex flex-col tablet:flex-col gap-small items-start\">\n                <div class=\"flex-1 w-full\">\n                    <h2><img loading=\"lazy\" decoding=\"async\" class=\"alignnone wp-image-809 size-thumbnail\" src=\"https:\/\/trocellen.com\/wp-content\/uploads\/2025\/05\/loyalty-icon-1-150x150.png\" alt=\"\" width=\"150\" height=\"150\" srcset=\"https:\/\/trocellen.com\/wp-content\/uploads\/2025\/05\/loyalty-icon-1-150x150.png 150w, https:\/\/trocellen.com\/wp-content\/uploads\/2025\/05\/loyalty-icon-1.png 288w\" sizes=\"auto, (max-width: 150px) 100vw, 150px\" \/><\/h2>\n<h2 class=\"wp-block-heading\">6. Fedelt\u00e0 premiata<\/h2>\n<p><em>La lealt\u00e0 viene notata, celebrata e premiata.<\/em><\/p>\n<p>Niente ci rende pi\u00f9 felici che avere i nostri dipendenti che scelgono Trocellen per un lungo periodo. Sebbene differiscano da paese a paese a causa delle leggi e dei regolamenti locali, i nostri programmi di riconoscimento della fedelt\u00e0 trasmettono sempre lo stesso messaggio: siamo lieti di averti a lavorare con noi!<\/p>\n<p>Lavoriamo molto duramente per creare l\u2019ambiente migliore affinch\u00e9 i dipendenti si sentano felici, a proprio agio e soddisfatti in modo che continuino a scegliere Trocellen come datore di lavoro. Possiamo dire con orgoglio che oltre il 50% dei nostri dipendenti sono veterani di Trocellen, lavorando con noi per pi\u00f9 di 10-20-30 e persino 35 anni!<\/p>\n<p>Offriamo diversi premi di riconoscimento della fedelt\u00e0 come giorni extra di vacanza, incentivi in denaro, ecc. I premi sono conformi alle leggi e ai regolamenti locali.<\/p>\n                <\/div>\n\n                <div class=\"flex-1\">\n                                    <\/div>\n            <\/div>\n\n        <\/div>\n    <\/div>\n<\/section>\n\n\n<div class=\"group relative bg-white h-[32px]\" aria-hidden=\"true\"><\/div>","protected":false},"excerpt":{"rendered":"","protected":false},"author":1,"featured_media":0,"parent":0,"menu_order":0,"comment_status":"closed","ping_status":"closed","template":"template-parts\/page-general.php","meta":{"_acf_changed":false,"footnotes":""},"class_list":["post-14244","page","type-page","status-publish","hentry"],"acf":[],"yoast_head":"<!-- This site is optimized with the Yoast SEO plugin v25.9 - https:\/\/yoast.com\/wordpress\/plugins\/seo\/ -->\n<title>I nostri dipendenti ci stanno a cuore - Trocellen, the European polyolefin foam solution provider<\/title>\n<meta name=\"robots\" content=\"index, follow, max-snippet:-1, max-image-preview:large, max-video-preview:-1\" \/>\n<link rel=\"canonical\" href=\"https:\/\/trocellen.com\/employee-care\/\" \/>\n<meta property=\"og:locale\" content=\"it_IT\" \/>\n<meta property=\"og:type\" content=\"article\" \/>\n<meta property=\"og:title\" content=\"I nostri dipendenti ci stanno a cuore - Trocellen, the European polyolefin foam solution provider\" \/>\n<meta property=\"og:url\" content=\"https:\/\/trocellen.com\/employee-care\/\" \/>\n<meta property=\"og:site_name\" content=\"Trocellen, the European polyolefin foam solution provider\" \/>\n<meta property=\"article:modified_time\" content=\"2025-10-22T06:55:23+00:00\" \/>\n<meta name=\"twitter:card\" content=\"summary_large_image\" \/>\n<script type=\"application\/ld+json\" class=\"yoast-schema-graph\">{\"@context\":\"https:\/\/schema.org\",\"@graph\":[{\"@type\":\"WebPage\",\"@id\":\"https:\/\/trocellen.com\/employee-care\/\",\"url\":\"https:\/\/trocellen.com\/employee-care\/\",\"name\":\"I nostri dipendenti ci stanno a cuore - Trocellen, the European polyolefin foam solution provider\",\"isPartOf\":{\"@id\":\"https:\/\/trocellen.com\/#website\"},\"datePublished\":\"2025-10-13T07:37:00+00:00\",\"dateModified\":\"2025-10-22T06:55:23+00:00\",\"breadcrumb\":{\"@id\":\"https:\/\/trocellen.com\/employee-care\/#breadcrumb\"},\"inLanguage\":\"it-IT\",\"potentialAction\":[{\"@type\":\"ReadAction\",\"target\":[\"https:\/\/trocellen.com\/employee-care\/\"]}]},{\"@type\":\"BreadcrumbList\",\"@id\":\"https:\/\/trocellen.com\/employee-care\/#breadcrumb\",\"itemListElement\":[{\"@type\":\"ListItem\",\"position\":1,\"name\":\"Home\",\"item\":\"https:\/\/trocellen.com\/it\/\"},{\"@type\":\"ListItem\",\"position\":2,\"name\":\"I nostri dipendenti ci stanno a cuore\"}]},{\"@type\":\"WebSite\",\"@id\":\"https:\/\/trocellen.com\/#website\",\"url\":\"https:\/\/trocellen.com\/\",\"name\":\"Trocellen, the European polyolefin foam solution provider\",\"description\":\"TROCELLEN\u00ae is a leading manufacturer of chemically and physically cross-linked polyolefin and rubber foam solutions\",\"potentialAction\":[{\"@type\":\"SearchAction\",\"target\":{\"@type\":\"EntryPoint\",\"urlTemplate\":\"https:\/\/trocellen.com\/?s={search_term_string}\"},\"query-input\":{\"@type\":\"PropertyValueSpecification\",\"valueRequired\":true,\"valueName\":\"search_term_string\"}}],\"inLanguage\":\"it-IT\"}]}<\/script>\n<!-- \/ Yoast SEO plugin. -->","yoast_head_json":{"title":"I nostri dipendenti ci stanno a cuore - Trocellen, the European polyolefin foam solution provider","robots":{"index":"index","follow":"follow","max-snippet":"max-snippet:-1","max-image-preview":"max-image-preview:large","max-video-preview":"max-video-preview:-1"},"canonical":"https:\/\/trocellen.com\/employee-care\/","og_locale":"it_IT","og_type":"article","og_title":"I nostri dipendenti ci stanno a cuore - Trocellen, the European polyolefin foam solution provider","og_url":"https:\/\/trocellen.com\/employee-care\/","og_site_name":"Trocellen, the European polyolefin foam solution provider","article_modified_time":"2025-10-22T06:55:23+00:00","twitter_card":"summary_large_image","schema":{"@context":"https:\/\/schema.org","@graph":[{"@type":"WebPage","@id":"https:\/\/trocellen.com\/employee-care\/","url":"https:\/\/trocellen.com\/employee-care\/","name":"I nostri dipendenti ci stanno a cuore - Trocellen, the European polyolefin foam solution provider","isPartOf":{"@id":"https:\/\/trocellen.com\/#website"},"datePublished":"2025-10-13T07:37:00+00:00","dateModified":"2025-10-22T06:55:23+00:00","breadcrumb":{"@id":"https:\/\/trocellen.com\/employee-care\/#breadcrumb"},"inLanguage":"it-IT","potentialAction":[{"@type":"ReadAction","target":["https:\/\/trocellen.com\/employee-care\/"]}]},{"@type":"BreadcrumbList","@id":"https:\/\/trocellen.com\/employee-care\/#breadcrumb","itemListElement":[{"@type":"ListItem","position":1,"name":"Home","item":"https:\/\/trocellen.com\/it\/"},{"@type":"ListItem","position":2,"name":"I nostri dipendenti ci stanno a cuore"}]},{"@type":"WebSite","@id":"https:\/\/trocellen.com\/#website","url":"https:\/\/trocellen.com\/","name":"Trocellen, the European polyolefin foam solution provider","description":"TROCELLEN\u00ae is a leading manufacturer of chemically and physically cross-linked polyolefin and rubber foam solutions","potentialAction":[{"@type":"SearchAction","target":{"@type":"EntryPoint","urlTemplate":"https:\/\/trocellen.com\/?s={search_term_string}"},"query-input":{"@type":"PropertyValueSpecification","valueRequired":true,"valueName":"search_term_string"}}],"inLanguage":"it-IT"}]}},"_links":{"self":[{"href":"https:\/\/trocellen.com\/it\/wp-json\/wp\/v2\/pages\/14244","targetHints":{"allow":["GET"]}}],"collection":[{"href":"https:\/\/trocellen.com\/it\/wp-json\/wp\/v2\/pages"}],"about":[{"href":"https:\/\/trocellen.com\/it\/wp-json\/wp\/v2\/types\/page"}],"author":[{"embeddable":true,"href":"https:\/\/trocellen.com\/it\/wp-json\/wp\/v2\/users\/1"}],"replies":[{"embeddable":true,"href":"https:\/\/trocellen.com\/it\/wp-json\/wp\/v2\/comments?post=14244"}],"version-history":[{"count":3,"href":"https:\/\/trocellen.com\/it\/wp-json\/wp\/v2\/pages\/14244\/revisions"}],"predecessor-version":[{"id":14624,"href":"https:\/\/trocellen.com\/it\/wp-json\/wp\/v2\/pages\/14244\/revisions\/14624"}],"wp:attachment":[{"href":"https:\/\/trocellen.com\/it\/wp-json\/wp\/v2\/media?parent=14244"}],"curies":[{"name":"wp","href":"https:\/\/api.w.org\/{rel}","templated":true}]}}