{"id":13249,"date":"2025-04-29T08:22:11","date_gmt":"2025-04-29T08:22:11","guid":{"rendered":"https:\/\/trocellen-dev.local\/sostenibilita\/people-society\/"},"modified":"2025-10-13T06:08:26","modified_gmt":"2025-10-13T06:08:26","slug":"persone-e-societa","status":"publish","type":"page","link":"https:\/\/trocellen.com\/it\/sostenibilita\/persone-e-societa\/","title":{"rendered":"Persone e societ\u00e0"},"content":{"rendered":"\n<div class=\"group relative bg-white h-[24px] laptop:h-[64px]\" aria-hidden=\"true\"><\/div>\n\n\n<section class=\"col-content bg-white \">\n    <div class=\"container\">\n        <div class=\"general-content\">\n            \n            <div class=\"flex flex-col tablet:flex-col gap-small items-start\">\n                <div class=\"flex-1 w-full\">\n                    <h2>Il nostro impegno verso le persone e la societ\u00e0<\/h2>\n<p>In Trocellen crediamo che il nostro valore pi\u00f9 grande risieda nelle persone. Sono la loro creativit\u00e0, dedizione e obiettivo comune a guidare l&#8217;innovazione e a condurci verso un futuro pi\u00f9 sostenibile, non solo dal punto di vista ambientale, ma anche sociale. Investendo nella crescita, nel benessere e nell&#8217;impegno dei nostri dipendenti, li mettiamo in condizioni di affrontare le sfide globali e di generare un impatto positivo che va oltre i confini della nostra azienda.<\/p>\n                <\/div>\n\n                <div class=\"flex-1\">\n                                    <\/div>\n            <\/div>\n\n        <\/div>\n    <\/div>\n<\/section>\n\n\n<section class=\"col-content bg-white \">\n    <div class=\"container\">\n        <div class=\"general-content\">\n            \n            <div class=\"flex flex-col tablet:flex-row gap-small items-start\">\n                <div class=\"flex-1 \">\n                    <h3>Il nostro modello: fiducia, rispetto e collaborazione<\/h3>\n<h4>I team Trocellen mettono in pratica ogni giorno in nostro Credo:<\/h4>\n                <\/div>\n\n                <div class=\"flex-1\">\n                    <ul>\n<li>Rispettare i pi\u00f9 elevati standard etici e dare valore all&#8217;onest\u00e0 sopra ogni cosa.<\/li>\n<li>Promuovere il miglioramento continuo e l&#8217;innovazione in ogni attivit\u00e0.<\/li>\n<li>Affrontare le sfide in modo pratico, rimanendo vicini alle esigenze reali.<\/li>\n<li>Essere proattivi, lavorando insieme fino a trovare la soluzione migliore.<\/li>\n<li>Mantenere una comunicazione aperta per condividere idee e crescere insieme.<\/li>\n<\/ul>\n<p>Coltiviamo una cultura aziendale basata sulla fiducia e sul rispetto, in cui i dipendenti si sentano apprezzati, ascoltati e incoraggiati ad apprendere, prendere iniziative e supportarsi a vicenda.<\/p>\n                <\/div>\n            <\/div>\n\n        <\/div>\n    <\/div>\n<\/section>\n\n\n<div class=\"group relative bg-white h-[24px] laptop:h-[64px]\" aria-hidden=\"true\"><\/div>\n\n\n<div class=\"group relative bg-gray-200 h-[24px] laptop:h-[64px]\" aria-hidden=\"true\"><\/div>\n\n\n<section class=\"col-content bg-gray-200 \">\n    <div class=\"container\">\n        <div class=\"general-content\">\n            \n            <div class=\"flex flex-col tablet:flex-row gap-small items-start\">\n                <div class=\"flex-1 \">\n                    <p><img loading=\"lazy\" decoding=\"async\" class=\"rounded-tr-tr-120 overflow-hidden alignnone wp-image-14203 size-full\" src=\"https:\/\/trocellen.com\/wp-content\/uploads\/2025\/10\/people_bonding.jpg\" alt=\"\" width=\"1124\" height=\"748\" srcset=\"https:\/\/trocellen.com\/wp-content\/uploads\/2025\/10\/people_bonding.jpg 1124w, https:\/\/trocellen.com\/wp-content\/uploads\/2025\/10\/people_bonding-300x200.jpg 300w, https:\/\/trocellen.com\/wp-content\/uploads\/2025\/10\/people_bonding-1024x681.jpg 1024w, https:\/\/trocellen.com\/wp-content\/uploads\/2025\/10\/people_bonding-768x511.jpg 768w\" sizes=\"auto, (max-width: 1124px) 100vw, 1124px\" \/><\/p>\n                <\/div>\n\n                <div class=\"flex-1\">\n                    <h2>Un ambiente di lavoro sicuro, inclusivo e stimolante<\/h2>\n<h3>Salute e sicurezza: sempre al primo posto<\/h3>\n<blockquote>\n<h4 style=\"text-align: center;\">La sicurezza prima di tutto, senza eccezioni.<\/h4>\n<\/blockquote>\n<p>Miglioriamo costantemente ambienti, attrezzature e processi per garantire la protezione di tutti i nostri collaboratori. Attraverso una formazione rigorosa e un impegno condiviso per la sicurezza, puntiamo a <strong>zero incidenti<\/strong>, creando un luogo di lavoro in cui tutti possano prosperare.<\/p>\n                <\/div>\n            <\/div>\n\n        <\/div>\n    <\/div>\n<\/section>\n\n\n<section class=\"col-content bg-gray-200 \">\n    <div class=\"container\">\n        <div class=\"general-content\">\n            \n            <div class=\"flex flex-col tablet:flex-col gap-small items-start\">\n                <div class=\"flex-1 w-full\">\n                    <h3>Diritti umani e diversit\u00e0<\/h3>\n<p>Trocellen rispetta rigorosamente i diritti umani, condanna ogni forma di discriminazione e molestia e promuove attivamente una cultura di diversit\u00e0 e inclusione per garantire che tutti vengano trattati con dignit\u00e0 rispetto ed equit\u00e0.<\/p>\n<h3>Benessere e crescita personale<\/h3>\n<p>Promuoviamo modalit\u00e0 di lavoro flessibili e inclusive affinch\u00e9 ogni persona possa crescere seguendo il proprio percorso. Sosteniamo iniziative per la salute mentale e fisica, offriamo accesso alle risorse essenziali e incoraggiamo ogni dipendente a sfruttare al massimo il proprio talento, creando un team motivato, coeso e orgoglioso del proprio lavoro.<\/p>\n<h3>Giving Back e impegno sociale concreto a lungo termine<\/h3>\n<p>In Trocellen crediamo che il successo aziendale sia indissolubilmente legato a un forte senso di responsabilit\u00e0 verso la comunit\u00e0. I nostri team in tutto il mondo partecipano a iniziative sociali che sostengono le generazioni future, promuovono stili di vita sani, celebrano la cultura e sostengono le persone vulnerabili.<\/p>\n                <\/div>\n\n                <div class=\"flex-1\">\n                                    <\/div>\n            <\/div>\n\n        <\/div>\n    <\/div>\n<\/section>\n\n\n<div class=\"group relative bg-gray-200 h-[24px] laptop:h-[64px]\" aria-hidden=\"true\"><\/div>\n\n\n<div class=\"group relative bg-white h-[24px] laptop:h-[64px]\" aria-hidden=\"true\"><\/div>\n\n<section class=\"heading-block\">\n    <div class=\"container\">\n        \n        <div class=\"general-content border-b-[4px] border-gradient !py-small text-center\">\n            \n            \n                <div class=\"general-content\">\n                        <h2 class=\"!p-0 !border-none\">\n                            Le nostre aree di interesse strategico                        <\/h2>\n                                    <\/div>\n\n            \n        <\/div>\n    <\/div>\n<\/section>\n\n\n<div class=\"group relative bg-white h-[16px]\" aria-hidden=\"true\"><\/div>\n\n\n<section class=\"col-content bg-white \">\n    <div class=\"container\">\n        <div class=\"general-content\">\n            \n            <div class=\"flex flex-col tablet:flex-row gap-small items-start\">\n                <div class=\"flex-1 \">\n                    <h3>Benessere e sicurezza:<\/h3>\n<ul>\n<li>integrare salute, sicurezza e flessibilit\u00e0 nella nostra cultura per favorire una vita equilibrata e appagante.<\/li>\n<\/ul>\n                <\/div>\n\n                <div class=\"flex-1\">\n                    <h3>Sviluppo e coinvolgimento:<\/h3>\n<ul>\n<li>offrire percorsi formativi strutturati, programmi di leadership e attivit\u00e0 di gruppo regolari per sviluppare le competenze e mantenere i nostri dipendenti uniti e motivati.<\/li>\n<\/ul>\n                <\/div>\n            <\/div>\n\n        <\/div>\n    <\/div>\n<\/section>\n\n\n<section class=\"col-content bg-white \">\n    <div class=\"container\">\n        <div class=\"general-content\">\n            \n            <div class=\"flex flex-col tablet:flex-row gap-small items-start\">\n                <div class=\"flex-1 \">\n                    <h3>Equit\u00e0 e diritti umani:<\/h3>\n<ul>\n<li>promuovere standard etici di lavoro, diversit\u00e0 e tutela dei diritti dei lavoratori, supportati da politiche trasparenti e formazione regolare.<\/li>\n<\/ul>\n                <\/div>\n\n                <div class=\"flex-1\">\n                    <h3>Trasparenza e fiducia:<\/h3>\n<ul>\n<li>favorire una comunicazione aperta, pratiche etiche e responsabilizzare i dipendenti, tutti fattori che guidano l&#8217;innovazione e il successo condiviso.<\/li>\n<\/ul>\n                <\/div>\n            <\/div>\n\n        <\/div>\n    <\/div>\n<\/section>\n\n\n<div class=\"group relative bg-white h-[24px] laptop:h-[64px]\" aria-hidden=\"true\"><\/div>\n\n\n<div class=\"group relative bg-gray-200 h-[24px] laptop:h-[64px]\" aria-hidden=\"true\"><\/div>\n\n\n<section class=\"col-content bg-gray-200 \">\n    <div class=\"container\">\n        <div class=\"general-content\">\n            \n            <div class=\"flex flex-col tablet:flex-row gap-small items-start\">\n                <div class=\"flex-1 \">\n                    <h2>Insieme costruiamo un domani migliore<\/h2>\n<p>In Trocellen siamo pi\u00f9 che semplici colleghi: siamo una comunit\u00e0 unita da obiettivi condivisi e dalla gioia di creare valore duraturo. Mettendo le persone al centro di tutto ci\u00f2 che facciamo, rafforziamo i nostri team, le nostre comunit\u00e0 e il nostro impatto sulla societ\u00e0.<\/p>\n<p>Vuoi saperne di pi\u00f9 sulle nostre iniziative incentrate sulle persone o esplorare opportunit\u00e0 di partnership? Contattaci: siamo pronti a fare la differenza insieme.<\/p>\n                <\/div>\n\n                <div class=\"flex-1\">\n                    <p><img loading=\"lazy\" decoding=\"async\" class=\"rounded-tr-tr-120 overflow-hidden alignnone wp-image-14211 size-full\" src=\"https:\/\/trocellen.com\/wp-content\/uploads\/2025\/10\/people_together.jpg\" alt=\"\" width=\"1124\" height=\"749\" srcset=\"https:\/\/trocellen.com\/wp-content\/uploads\/2025\/10\/people_together.jpg 1124w, https:\/\/trocellen.com\/wp-content\/uploads\/2025\/10\/people_together-300x200.jpg 300w, https:\/\/trocellen.com\/wp-content\/uploads\/2025\/10\/people_together-1024x682.jpg 1024w, https:\/\/trocellen.com\/wp-content\/uploads\/2025\/10\/people_together-768x512.jpg 768w\" sizes=\"auto, (max-width: 1124px) 100vw, 1124px\" \/><\/p>\n                <\/div>\n            <\/div>\n\n        <\/div>\n    <\/div>\n<\/section>\n\n\n<div class=\"group relative bg-gray-200 h-[24px] laptop:h-[64px]\" aria-hidden=\"true\"><\/div>","protected":false},"excerpt":{"rendered":"","protected":false},"author":1,"featured_media":0,"parent":7504,"menu_order":0,"comment_status":"closed","ping_status":"closed","template":"template-parts\/page-general.php","meta":{"_acf_changed":false,"footnotes":""},"class_list":["post-13249","page","type-page","status-publish","hentry"],"acf":[],"yoast_head":"<!-- This site is optimized with the Yoast SEO plugin v25.9 - https:\/\/yoast.com\/wordpress\/plugins\/seo\/ -->\n<title>Persone e societ\u00e0 - Trocellen, the European polyolefin foam solution provider<\/title>\n<meta name=\"robots\" content=\"index, follow, max-snippet:-1, max-image-preview:large, max-video-preview:-1\" \/>\n<link rel=\"canonical\" href=\"https:\/\/trocellen.com\/it\/sostenibilita\/persone-e-societa\/\" \/>\n<meta property=\"og:locale\" content=\"it_IT\" \/>\n<meta property=\"og:type\" content=\"article\" \/>\n<meta property=\"og:title\" content=\"Persone e societ\u00e0 - Trocellen, the European polyolefin foam solution provider\" \/>\n<meta property=\"og:url\" content=\"https:\/\/trocellen.com\/it\/sostenibilita\/persone-e-societa\/\" \/>\n<meta property=\"og:site_name\" content=\"Trocellen, the European polyolefin foam solution provider\" \/>\n<meta property=\"article:modified_time\" content=\"2025-10-13T06:08:26+00:00\" \/>\n<meta name=\"twitter:card\" content=\"summary_large_image\" \/>\n<script type=\"application\/ld+json\" class=\"yoast-schema-graph\">{\"@context\":\"https:\/\/schema.org\",\"@graph\":[{\"@type\":\"WebPage\",\"@id\":\"https:\/\/trocellen.com\/it\/sostenibilita\/persone-e-societa\/\",\"url\":\"https:\/\/trocellen.com\/it\/sostenibilita\/persone-e-societa\/\",\"name\":\"Persone e societ\u00e0 - Trocellen, the European polyolefin foam solution provider\",\"isPartOf\":{\"@id\":\"https:\/\/trocellen.com\/#website\"},\"datePublished\":\"2025-04-29T08:22:11+00:00\",\"dateModified\":\"2025-10-13T06:08:26+00:00\",\"breadcrumb\":{\"@id\":\"https:\/\/trocellen.com\/it\/sostenibilita\/persone-e-societa\/#breadcrumb\"},\"inLanguage\":\"it-IT\",\"potentialAction\":[{\"@type\":\"ReadAction\",\"target\":[\"https:\/\/trocellen.com\/it\/sostenibilita\/persone-e-societa\/\"]}]},{\"@type\":\"BreadcrumbList\",\"@id\":\"https:\/\/trocellen.com\/it\/sostenibilita\/persone-e-societa\/#breadcrumb\",\"itemListElement\":[{\"@type\":\"ListItem\",\"position\":1,\"name\":\"Home\",\"item\":\"https:\/\/trocellen.com\/it\/\"},{\"@type\":\"ListItem\",\"position\":2,\"name\":\"Persone e societ\u00e0\"}]},{\"@type\":\"WebSite\",\"@id\":\"https:\/\/trocellen.com\/#website\",\"url\":\"https:\/\/trocellen.com\/\",\"name\":\"Trocellen, the European polyolefin foam solution provider\",\"description\":\"TROCELLEN\u00ae is a leading manufacturer of chemically and physically cross-linked polyolefin and rubber foam solutions\",\"potentialAction\":[{\"@type\":\"SearchAction\",\"target\":{\"@type\":\"EntryPoint\",\"urlTemplate\":\"https:\/\/trocellen.com\/?s={search_term_string}\"},\"query-input\":{\"@type\":\"PropertyValueSpecification\",\"valueRequired\":true,\"valueName\":\"search_term_string\"}}],\"inLanguage\":\"it-IT\"}]}<\/script>\n<!-- \/ Yoast SEO plugin. -->","yoast_head_json":{"title":"Persone e societ\u00e0 - Trocellen, the European polyolefin foam solution provider","robots":{"index":"index","follow":"follow","max-snippet":"max-snippet:-1","max-image-preview":"max-image-preview:large","max-video-preview":"max-video-preview:-1"},"canonical":"https:\/\/trocellen.com\/it\/sostenibilita\/persone-e-societa\/","og_locale":"it_IT","og_type":"article","og_title":"Persone e societ\u00e0 - Trocellen, the European polyolefin foam solution provider","og_url":"https:\/\/trocellen.com\/it\/sostenibilita\/persone-e-societa\/","og_site_name":"Trocellen, the European polyolefin foam solution provider","article_modified_time":"2025-10-13T06:08:26+00:00","twitter_card":"summary_large_image","schema":{"@context":"https:\/\/schema.org","@graph":[{"@type":"WebPage","@id":"https:\/\/trocellen.com\/it\/sostenibilita\/persone-e-societa\/","url":"https:\/\/trocellen.com\/it\/sostenibilita\/persone-e-societa\/","name":"Persone e societ\u00e0 - Trocellen, the European polyolefin foam solution provider","isPartOf":{"@id":"https:\/\/trocellen.com\/#website"},"datePublished":"2025-04-29T08:22:11+00:00","dateModified":"2025-10-13T06:08:26+00:00","breadcrumb":{"@id":"https:\/\/trocellen.com\/it\/sostenibilita\/persone-e-societa\/#breadcrumb"},"inLanguage":"it-IT","potentialAction":[{"@type":"ReadAction","target":["https:\/\/trocellen.com\/it\/sostenibilita\/persone-e-societa\/"]}]},{"@type":"BreadcrumbList","@id":"https:\/\/trocellen.com\/it\/sostenibilita\/persone-e-societa\/#breadcrumb","itemListElement":[{"@type":"ListItem","position":1,"name":"Home","item":"https:\/\/trocellen.com\/it\/"},{"@type":"ListItem","position":2,"name":"Persone e societ\u00e0"}]},{"@type":"WebSite","@id":"https:\/\/trocellen.com\/#website","url":"https:\/\/trocellen.com\/","name":"Trocellen, the European polyolefin foam solution provider","description":"TROCELLEN\u00ae is a leading manufacturer of chemically and physically cross-linked polyolefin and rubber foam solutions","potentialAction":[{"@type":"SearchAction","target":{"@type":"EntryPoint","urlTemplate":"https:\/\/trocellen.com\/?s={search_term_string}"},"query-input":{"@type":"PropertyValueSpecification","valueRequired":true,"valueName":"search_term_string"}}],"inLanguage":"it-IT"}]}},"_links":{"self":[{"href":"https:\/\/trocellen.com\/it\/wp-json\/wp\/v2\/pages\/13249","targetHints":{"allow":["GET"]}}],"collection":[{"href":"https:\/\/trocellen.com\/it\/wp-json\/wp\/v2\/pages"}],"about":[{"href":"https:\/\/trocellen.com\/it\/wp-json\/wp\/v2\/types\/page"}],"author":[{"embeddable":true,"href":"https:\/\/trocellen.com\/it\/wp-json\/wp\/v2\/users\/1"}],"replies":[{"embeddable":true,"href":"https:\/\/trocellen.com\/it\/wp-json\/wp\/v2\/comments?post=13249"}],"version-history":[{"count":3,"href":"https:\/\/trocellen.com\/it\/wp-json\/wp\/v2\/pages\/13249\/revisions"}],"predecessor-version":[{"id":14217,"href":"https:\/\/trocellen.com\/it\/wp-json\/wp\/v2\/pages\/13249\/revisions\/14217"}],"up":[{"embeddable":true,"href":"https:\/\/trocellen.com\/it\/wp-json\/wp\/v2\/pages\/7504"}],"wp:attachment":[{"href":"https:\/\/trocellen.com\/it\/wp-json\/wp\/v2\/media?parent=13249"}],"curies":[{"name":"wp","href":"https:\/\/api.w.org\/{rel}","templated":true}]}}