{"id":12723,"date":"2025-04-29T08:21:43","date_gmt":"2025-04-29T08:21:43","guid":{"rendered":"https:\/\/trocellen-dev.local\/sostenibilita\/environment\/"},"modified":"2025-11-24T12:52:56","modified_gmt":"2025-11-24T12:52:56","slug":"ambiente","status":"publish","type":"page","link":"https:\/\/trocellen.com\/it\/sostenibilita\/ambiente\/","title":{"rendered":"Ambiente"},"content":{"rendered":"\n<div class=\"group relative bg-gray-200 h-[32px]\" aria-hidden=\"true\"><\/div>\n\n\n<section class=\"col-content bg-gray-200 \">\n    <div class=\"container\">\n        <div class=\"general-content\">\n            \n            <div class=\"flex flex-col tablet:flex-row gap-small items-start\">\n                <div class=\"flex-1 \">\n                    <h2>Il nostro impegno per l&#8217;ambiente<\/h2>\n<p>In Trocellen, dare forma a un futuro sostenibile \u00e8 pi\u00f9 di un&#8217;ambizione: \u00e8 una promessa.<\/p>\n<p>Siamo pienamente consapevoli che la salvaguardia dell&#8217;ambiente globale \u00e8 una delle sfide pi\u00f9 urgenti del nostro tempo. In qualit\u00e0 di specialisti leader nel settore di soluzioni a base di polimeri, ci impegniamo ogni giorno per sviluppare prodotti innovativi ma che al tempo stesso si concilino anche con le esigenze dell&#8217;uomo e con la salute del pianeta e le sue risorse.<\/p>\n<h2>La nostra missione \u00e8 chiara:<\/h2>\n<ul>\n<li>Ridurre il nostro impatto ambientale;<\/li>\n<li>Promuovere la circolarit\u00e0 in tutti i settori industriali;<\/li>\n<li>Sostenere gli sforzi globali nella lotta ai cambiamenti climatici, attraverso la progettazione e l\u2019utilizzo di materiali all&#8217;avanguardia.<\/li>\n<\/ul>\n                <\/div>\n\n                <div class=\"flex-1\">\n                    <p><img loading=\"lazy\" decoding=\"async\" class=\"rounded-tr-tr-120 overflow-hidden alignnone wp-image-14159 size-full\" src=\"https:\/\/trocellen.com\/wp-content\/uploads\/2025\/10\/environment.jpg\" alt=\"\" width=\"1000\" height=\"667\" srcset=\"https:\/\/trocellen.com\/wp-content\/uploads\/2025\/10\/environment.jpg 1000w, https:\/\/trocellen.com\/wp-content\/uploads\/2025\/10\/environment-300x200.jpg 300w, https:\/\/trocellen.com\/wp-content\/uploads\/2025\/10\/environment-768x512.jpg 768w\" sizes=\"auto, (max-width: 1000px) 100vw, 1000px\" \/><\/p>\n                <\/div>\n            <\/div>\n\n        <\/div>\n    <\/div>\n<\/section>\n\n\n<div class=\"group relative bg-gray-200 h-[32px]\" aria-hidden=\"true\"><\/div>\n\n\n<div class=\"group relative bg-white h-[32px]\" aria-hidden=\"true\"><\/div>\n\n\n<section class=\"col-content bg-white \">\n    <div class=\"container\">\n        <div class=\"general-content\">\n            \n            <div class=\"flex flex-col tablet:flex-row gap-small items-start\">\n                <div class=\"flex-1 \">\n                    <h2>Le basi del nostro approccio sostenibile<\/h2>\n                <\/div>\n\n                <div class=\"flex-1\">\n                    <h3>Le basi del nostro approccio sostenibile<\/h3>\n<p>In tutti i settori in cui operiamo, le nostre soluzioni si fondano sugli stessi principi:<\/p>\n<ul>\n<li>Leggerezza: utilizzo di meno materiale, contribuendo alla riduzione delle emissioni legate al trasporto.<\/li>\n<li>Alta qualit\u00e0 e prestazioni costanti: prodotti pi\u00f9 duraturi e affidabili.<\/li>\n<li>Semplicit\u00e0: facile integrazione in pi\u00f9 applicazioni e pi\u00f9 semplici da riciclare.<\/li>\n<li>Lunga durata: riduzione al minimo degli sprechi grazie a una vita utile prolingata dei prodotti.<\/li>\n<\/ul>\n<p>Attraverso questi principi, i prodotti Trocellen migliorano il comfort e la sicurezza, contribuendo attivamente alla tutela dell&#8217;ambiente.<\/p>\n                <\/div>\n            <\/div>\n\n        <\/div>\n    <\/div>\n<\/section>\n\n\n<div class=\"group relative bg-white h-[32px]\" aria-hidden=\"true\"><\/div>\n\n\n<div class=\"group relative bg-gray-200 h-[32px]\" aria-hidden=\"true\"><\/div>\n\n\n<section class=\"col-content bg-gray-200 \">\n    <div class=\"container\">\n        <div class=\"general-content\">\n            \n            <div class=\"flex flex-col tablet:flex-row gap-small items-start\">\n                <div class=\"flex-1 \">\n                    <h2>Sostenibilit\u00e0 in azione<\/h2>\n                <\/div>\n\n                <div class=\"flex-1\">\n                    <h3>L&#8217;ecodesign al centro<\/h3>\n<p>La sostenibilit\u00e0 non si ferma ai processi produttivi, integriamo infatti i principi dell&#8217;ecodesign in ogni fase dello sviluppo dei prodotti:<\/p>\n<ul>\n<li>Analizziamo l\u2019intero ciclo di vita dei prodotti (LCA), dall&#8217;estrazione delle materie prime, alla produzione e al trasporto, fino al fine vita.<\/li>\n<li>Identifichiamo e riduciamo al minimo l&#8217;impatto ambientale in ogni fase.<\/li>\n<li>Abbiamo come obiettivo, entro il 2025, quello di progettare i nuovi prodotti Trocellen secondo i principi dell\u2019ecodesign, coniugando prestazioni elevate con il minor impatto ambientale possibile.<\/li>\n<\/ul>\n                <\/div>\n            <\/div>\n\n        <\/div>\n    <\/div>\n<\/section>\n\n\n<div class=\"group relative bg-gray-200 h-[32px]\" aria-hidden=\"true\"><\/div>\n\n\n<div class=\"group relative bg-white h-[32px]\" aria-hidden=\"true\"><\/div>\n\n<section class=\"heading-block\">\n    <div class=\"container\">\n        \n        <div class=\"general-content border-b-[4px] border-gradient !py-small flex justify-between items-center\">\n            \n                            \n                <div class=\"general-content\">\n                    <h2 class=\"!p-0 !border-none\">\n                        NATURELOOP                    <\/h2>\n                                            <h3>\n                            costruire un futuro circolare                        <\/h3>\n                                    <\/div>\n\n                <div>\n                    <img decoding=\"async\" src=\"https:\/\/trocellen.com\/wp-content\/uploads\/2025\/09\/natureloop-logo-small.png\" \n                         alt=\"\"\n                         class=\"max-h-12 w-auto mx-auto tablet:mx-0 mt-default\">\n                <\/div>\n\n            \n        <\/div>\n    <\/div>\n<\/section>\n\n\n<div class=\"group relative bg-white h-[32px]\" aria-hidden=\"true\"><\/div>\n\n\n<section class=\"col-content bg-white \">\n    <div class=\"container\">\n        <div class=\"general-content\">\n            \n            <div class=\"flex flex-col tablet:flex-row gap-small items-start\">\n                <div class=\"flex-1 \">\n                    <p>La linea NATURELOOP incarna l&#8217;impegno concreto di Trocellen verso la sostenibilit\u00e0.<\/p>\n                <\/div>\n\n                <div class=\"flex-1\">\n                    <ul>\n<li>Progettata per ridurre al minimo l&#8217;impatto ambientale mantenendo leggerezza, resistenza e alte prestazioni.<\/li>\n<li>Si basa su rigorosi studi di LCA e sui principi dell\u2019ecodesign, con l\u2019obiettivo di chiudere il ciclo dei materiali, rispondendo sia alle esigenze del cliente che a quelle del pianeta.<\/li>\n<\/ul>\n                <\/div>\n            <\/div>\n\n        <\/div>\n    <\/div>\n<\/section>\n\n\n<div class=\"group relative bg-white h-[24px]\" aria-hidden=\"true\"><\/div>\n\n\n<section>\n    <div class=\"container\">\n        <div class=\"general-content text-center\">\n            <h3 class=\"mb-xs border-b-[4px] border-[#B7B7B7] !mb-0\">Sustainable Materials<\/h3>\n        <\/div>\n\n        \n            <div class=\"grid grid-cols-1 tablet:grid-cols-2 tablet:gap-xxl gap-default\">\n\n                \n                <div class=\"pt-xxl flex relative materials-container-outer\">\n                    <div class=\"p-default border-[2px] border-[#B7B7B7] rounded-tr-tr-60\">\n                        <div class=\"flex gap-default\">\n                            <img loading=\"lazy\" decoding=\"async\" src=\"https:\/\/trocellen.com\/wp-content\/uploads\/2025\/09\/REPE-icon.png\" width=\"68\" height=\"68\" alt=\"\" class=\"w-[68px] h-[68px]\">\n\n                            <div class=\"general-content materials-container\">\n                                <h3><span style=\"color: #07aebc;\">REcy-PE:<\/span><\/h3>\n<p><span style=\"color: #07aebc;\"><strong>polietilene riciclato per una minore impronta di carbonio<\/strong><\/span><\/p>\n<p>La soluzione REcy-PE di Trocellen integra il polietilene riciclato nelle nostre schiume:<\/p>\n<ul>\n<li>Fino al 30% di PE riciclato chimicamente e al 20% di PE riciclato meccanicamente.<\/li>\n<li>Ogni kg di LDPE fossile sostituito da LDPE riciclato chimicamente riduce le emissioni fino a 0,86 kg di CO\u2082<\/li>\n<li>Contribuisce a ridurre il consumo energetico, a deviare i rifiuti da discariche e inceneritori e a soddisfare normative sempre pi\u00f9 severe.<\/li>\n<\/ul>\n<p>Le nostre schiume REcy-PE sono valutate e certificate secondo la norma EN ISO 14021. Forniamo anche analisi trasparenti del ciclo di vita per supportare i clienti nei loro report di sostenibilit\u00e0.<\/p>\n                            <\/div>\n                        <\/div>\n                    <\/div>\n                <\/div>\n\n                \n                <div class=\"pt-xxl flex relative materials-container-outer\">\n                    <div class=\"p-default border-[2px] border-[#B7B7B7] rounded-tr-tr-60\">\n                        <div class=\"flex gap-default\">\n                            <img loading=\"lazy\" decoding=\"async\" src=\"https:\/\/trocellen.com\/wp-content\/uploads\/2025\/09\/TR-EEcell-icon.png\" width=\"68\" height=\"68\" alt=\"\" class=\"w-[68px] h-[68px]\">\n\n                            <div class=\"general-content materials-container\">\n                                <h3><span style=\"color: #b2cb07;\">TR-EEcell:<\/span><\/h3>\n<p><span style=\"color: #b2cb07;\"><strong>soluzioni bio-based con totale trasparenza<\/strong><\/span><\/p>\n<p>TR-EEcell \u00e8 la linea di schiume a base biologica di Trocellen, che utilizza materie prime derivate da biomasse rinnovabili come gli scarti di canna da zucchero di seconda generazione:<\/p>\n<ul>\n<li>Non entra in competizione con le risorse alimentari.<\/li>\n<li>Contribuisce a ridurre la dipendenza da risorse fossili e a catturare CO\u2082 durante la crescita delle piante.<\/li>\n<li>Certificata ISCC PLUS e DIN CERTCO, a garanzia di un approvvigionamento sostenibile con una chiara documentazione del contenuto biologico.<\/li>\n<\/ul>\n<p>Dalla produzione al fine vita, TR-EEcell consente una riduzione misurabile dell&#8217;impronta di carbonio, mantenendo lo stesso aspetto, la stessa sensazione al tatto e la stessa affidabilit\u00e0 delle schiume polimeriche convenzionali.<\/p>\n                            <\/div>\n                        <\/div>\n                    <\/div>\n                <\/div>\n\n                \n            <\/div>\n\n            <\/div>\n<\/section>\n\n\n<div class=\"group relative bg-white h-[48px]\" aria-hidden=\"true\"><\/div>\n\n\n<div class=\"group relative bg-gray-200 h-[32px]\" aria-hidden=\"true\"><\/div>\n\n\n<section class=\"col-content bg-gray-200 \">\n    <div class=\"container\">\n        <div class=\"general-content\">\n            \n            <div class=\"flex flex-col tablet:flex-row gap-small items-start\">\n                <div class=\"flex-1 \">\n                    <h2>Certificati e verificati: massima affidabilit\u00e0<\/h2>\n                <\/div>\n\n                <div class=\"flex-1\">\n                    <h3>Filiera trasparente e audit indipendenti<\/h3>\n<p>Trocellen garantisce che sia i propri prodotti che l&#8217;approvvigionamento delle materie prime soddisfino i controlli pi\u00f9 severi:<\/p>\n<ul>\n<li>La certificazione ISCC PLUS garantisce la tracciabilit\u00e0 e la gestione responsabile delle materie prime biologiche e riciclate lungo l\u2019intera catena di fornitura.<\/li>\n<li>I nostri stabilimenti sono regolarmente sottoposti ad audit da parte di organismi di certificazione indipendenti.<\/li>\n<li>Utilizziamo inoltre il metodo del mass balance, ampiamente riconosciuto nell&#8217;industria chimica, per garantire una qualit\u00e0 costante e una quantificazione precisa del contenuto sostenibile.<\/li>\n<\/ul>\n<p>Scopri i nostri stabilimenti certificati e scarica la documentazione relativa qui.<\/p>\n<p>Insieme diamo forma a un mondo pi\u00f9 pulito, pi\u00f9 sicuro e sostenibile.<\/p>\n                <\/div>\n            <\/div>\n\n        <\/div>\n    <\/div>\n<\/section>\n\n\n<div class=\"group relative bg-gray-200 h-[32px]\" aria-hidden=\"true\"><\/div>\n\n\n<div class=\"group relative bg-white h-[32px]\" aria-hidden=\"true\"><\/div>\n\n<section class=\"heading-block\">\n    <div class=\"container\">\n        \n        <div class=\"general-content border-b-[4px] border-gradient !py-small text-center\">\n            \n            \n                <div class=\"general-content\">\n                        <h2 class=\"!p-0 !border-none\">\n                            Perch\u00e9 scegliere Trocellen?                        <\/h2>\n                                    <\/div>\n\n            \n        <\/div>\n    <\/div>\n<\/section>\n\n\n<div class=\"group relative bg-white h-[32px]\" aria-hidden=\"true\"><\/div>\n\n\n\n<section>\n    <div class=\"container\">\n        \n        \n            <div class=\"grid grid-cols-1 tablet:grid-cols-3 gap-default\">\n                \n                \n                <div class=\"general-content text-center\">\n                    <img loading=\"lazy\" decoding=\"async\" src=\"https:\/\/trocellen.com\/wp-content\/uploads\/2025\/09\/monitoring.png\" class=\"mx-auto mb-xs\" alt=\"\" height=\"54\" width=\"54\">\n\n                    <div class=\"feature-element-box\">\n                        <h4><span style=\"color: #a7157d;\">Sostenibilit\u00e0 integrata:<\/span><\/h4>\n<p>Dalla ricerca e sviluppo alla consegna, ogni fase soddisfa rigorosi standard ambientali.<\/p>\n                    <\/div>\n                <\/div>\n\n                \n                <div class=\"general-content text-center\">\n                    <img loading=\"lazy\" decoding=\"async\" src=\"https:\/\/trocellen.com\/wp-content\/uploads\/2025\/09\/data-backed.png\" class=\"mx-auto mb-xs\" alt=\"\" height=\"54\" width=\"54\">\n\n                    <div class=\"feature-element-box\">\n                        <h4><span style=\"color: #07aebc;\">Trasparenza supportata dai dati:<\/span><\/h4>\n<p>Dichiarazioni, certificazioni e LCA affidabili.<\/p>\n                    <\/div>\n                <\/div>\n\n                \n                <div class=\"general-content text-center\">\n                    <img loading=\"lazy\" decoding=\"async\" src=\"https:\/\/trocellen.com\/wp-content\/uploads\/2025\/09\/tailored-solutions.png\" class=\"mx-auto mb-xs\" alt=\"\" height=\"54\" width=\"54\">\n\n                    <div class=\"feature-element-box\">\n                        <h4><span style=\"color: #b2cb07;\">Soluzioni su misura:<\/span><\/h4>\n<p>Prodotti personalizzati con contenuto riciclato o bio-based, progettati per lo specifico settore dei nostri clienti e i loro obiettivi.<\/p>\n                    <\/div>\n                <\/div>\n\n                \n            <\/div>\n\n            \n    <\/div>\n<\/section>\n\n\n<div class=\"group relative bg-white h-[32px]\" aria-hidden=\"true\"><\/div>\n\n\n<div class=\"group relative bg-white h-[32px]\" aria-hidden=\"true\"><\/div>\n\n\n<section class=\"col-content bg-white \">\n    <div class=\"container\">\n        <div class=\"general-content\">\n            \n            <div class=\"flex flex-col tablet:flex-row gap-small items-start\">\n                <div class=\"flex-1 \">\n                    <h3 style=\"text-align: center;\"><span style=\"color: #d14f1b;\">Costruiamo un futuro sostenibile<\/span><\/h3>\n<p style=\"text-align: center;\">I cambiamenti significativi nascono dalla collaborazione. Diventa nostro partner per creare catene del valore realmente sostenibili, senza compromettere la qualit\u00e0 o le prestazioni.<\/p>\n                <\/div>\n\n                <div class=\"flex-1\">\n                    <h3 style=\"text-align: center;\"><span style=\"color: #b2cb07;\">Pronti a iniziare?<\/span><\/h3>\n<p style=\"text-align: center;\">Contatta il nostro team per scoprire soluzioni ecologiche su misura.<\/p>\n                <\/div>\n            <\/div>\n\n        <\/div>\n    <\/div>\n<\/section>\n\n\n<div class=\"group relative bg-white h-[32px]\" aria-hidden=\"true\"><\/div>","protected":false},"excerpt":{"rendered":"","protected":false},"author":1,"featured_media":0,"parent":7504,"menu_order":0,"comment_status":"closed","ping_status":"closed","template":"template-parts\/page-general.php","meta":{"_acf_changed":false,"footnotes":""},"class_list":["post-12723","page","type-page","status-publish","hentry"],"acf":[],"yoast_head":"<!-- This site is optimized with the Yoast SEO plugin v25.9 - https:\/\/yoast.com\/wordpress\/plugins\/seo\/ -->\n<title>Ambiente - Trocellen, the European polyolefin foam solution provider<\/title>\n<meta name=\"robots\" content=\"index, follow, max-snippet:-1, max-image-preview:large, max-video-preview:-1\" \/>\n<link rel=\"canonical\" href=\"https:\/\/trocellen.com\/sustainability\/environment\/\" \/>\n<meta property=\"og:locale\" content=\"it_IT\" \/>\n<meta property=\"og:type\" content=\"article\" \/>\n<meta property=\"og:title\" content=\"Ambiente - Trocellen, the European polyolefin foam solution provider\" \/>\n<meta property=\"og:url\" content=\"https:\/\/trocellen.com\/sustainability\/environment\/\" \/>\n<meta property=\"og:site_name\" content=\"Trocellen, the European polyolefin foam solution provider\" \/>\n<meta property=\"article:modified_time\" content=\"2025-11-24T12:52:56+00:00\" \/>\n<meta name=\"twitter:card\" content=\"summary_large_image\" \/>\n<script type=\"application\/ld+json\" class=\"yoast-schema-graph\">{\"@context\":\"https:\/\/schema.org\",\"@graph\":[{\"@type\":\"WebPage\",\"@id\":\"https:\/\/trocellen.com\/sustainability\/environment\/\",\"url\":\"https:\/\/trocellen.com\/sustainability\/environment\/\",\"name\":\"Ambiente - Trocellen, the European polyolefin foam solution provider\",\"isPartOf\":{\"@id\":\"https:\/\/trocellen.com\/#website\"},\"datePublished\":\"2025-04-29T08:21:43+00:00\",\"dateModified\":\"2025-11-24T12:52:56+00:00\",\"breadcrumb\":{\"@id\":\"https:\/\/trocellen.com\/sustainability\/environment\/#breadcrumb\"},\"inLanguage\":\"it-IT\",\"potentialAction\":[{\"@type\":\"ReadAction\",\"target\":[\"https:\/\/trocellen.com\/sustainability\/environment\/\"]}]},{\"@type\":\"BreadcrumbList\",\"@id\":\"https:\/\/trocellen.com\/sustainability\/environment\/#breadcrumb\",\"itemListElement\":[{\"@type\":\"ListItem\",\"position\":1,\"name\":\"Home\",\"item\":\"https:\/\/trocellen.com\/it\/\"},{\"@type\":\"ListItem\",\"position\":2,\"name\":\"Ambiente\"}]},{\"@type\":\"WebSite\",\"@id\":\"https:\/\/trocellen.com\/#website\",\"url\":\"https:\/\/trocellen.com\/\",\"name\":\"Trocellen, the European polyolefin foam solution provider\",\"description\":\"TROCELLEN\u00ae is a leading manufacturer of chemically and physically cross-linked polyolefin and rubber foam solutions\",\"potentialAction\":[{\"@type\":\"SearchAction\",\"target\":{\"@type\":\"EntryPoint\",\"urlTemplate\":\"https:\/\/trocellen.com\/?s={search_term_string}\"},\"query-input\":{\"@type\":\"PropertyValueSpecification\",\"valueRequired\":true,\"valueName\":\"search_term_string\"}}],\"inLanguage\":\"it-IT\"}]}<\/script>\n<!-- \/ Yoast SEO plugin. -->","yoast_head_json":{"title":"Ambiente - Trocellen, the European polyolefin foam solution provider","robots":{"index":"index","follow":"follow","max-snippet":"max-snippet:-1","max-image-preview":"max-image-preview:large","max-video-preview":"max-video-preview:-1"},"canonical":"https:\/\/trocellen.com\/sustainability\/environment\/","og_locale":"it_IT","og_type":"article","og_title":"Ambiente - Trocellen, the European polyolefin foam solution provider","og_url":"https:\/\/trocellen.com\/sustainability\/environment\/","og_site_name":"Trocellen, the European polyolefin foam solution provider","article_modified_time":"2025-11-24T12:52:56+00:00","twitter_card":"summary_large_image","schema":{"@context":"https:\/\/schema.org","@graph":[{"@type":"WebPage","@id":"https:\/\/trocellen.com\/sustainability\/environment\/","url":"https:\/\/trocellen.com\/sustainability\/environment\/","name":"Ambiente - Trocellen, the European polyolefin foam solution provider","isPartOf":{"@id":"https:\/\/trocellen.com\/#website"},"datePublished":"2025-04-29T08:21:43+00:00","dateModified":"2025-11-24T12:52:56+00:00","breadcrumb":{"@id":"https:\/\/trocellen.com\/sustainability\/environment\/#breadcrumb"},"inLanguage":"it-IT","potentialAction":[{"@type":"ReadAction","target":["https:\/\/trocellen.com\/sustainability\/environment\/"]}]},{"@type":"BreadcrumbList","@id":"https:\/\/trocellen.com\/sustainability\/environment\/#breadcrumb","itemListElement":[{"@type":"ListItem","position":1,"name":"Home","item":"https:\/\/trocellen.com\/it\/"},{"@type":"ListItem","position":2,"name":"Ambiente"}]},{"@type":"WebSite","@id":"https:\/\/trocellen.com\/#website","url":"https:\/\/trocellen.com\/","name":"Trocellen, the European polyolefin foam solution provider","description":"TROCELLEN\u00ae is a leading manufacturer of chemically and physically cross-linked polyolefin and rubber foam solutions","potentialAction":[{"@type":"SearchAction","target":{"@type":"EntryPoint","urlTemplate":"https:\/\/trocellen.com\/?s={search_term_string}"},"query-input":{"@type":"PropertyValueSpecification","valueRequired":true,"valueName":"search_term_string"}}],"inLanguage":"it-IT"}]}},"_links":{"self":[{"href":"https:\/\/trocellen.com\/it\/wp-json\/wp\/v2\/pages\/12723","targetHints":{"allow":["GET"]}}],"collection":[{"href":"https:\/\/trocellen.com\/it\/wp-json\/wp\/v2\/pages"}],"about":[{"href":"https:\/\/trocellen.com\/it\/wp-json\/wp\/v2\/types\/page"}],"author":[{"embeddable":true,"href":"https:\/\/trocellen.com\/it\/wp-json\/wp\/v2\/users\/1"}],"replies":[{"embeddable":true,"href":"https:\/\/trocellen.com\/it\/wp-json\/wp\/v2\/comments?post=12723"}],"version-history":[{"count":5,"href":"https:\/\/trocellen.com\/it\/wp-json\/wp\/v2\/pages\/12723\/revisions"}],"predecessor-version":[{"id":15019,"href":"https:\/\/trocellen.com\/it\/wp-json\/wp\/v2\/pages\/12723\/revisions\/15019"}],"up":[{"embeddable":true,"href":"https:\/\/trocellen.com\/it\/wp-json\/wp\/v2\/pages\/7504"}],"wp:attachment":[{"href":"https:\/\/trocellen.com\/it\/wp-json\/wp\/v2\/media?parent=12723"}],"curies":[{"name":"wp","href":"https:\/\/api.w.org\/{rel}","templated":true}]}}