{"id":12616,"date":"2025-04-29T08:21:31","date_gmt":"2025-04-29T08:21:31","guid":{"rendered":"https:\/\/trocellen-dev.local\/sostenibilita\/sustainable-supply-chain\/"},"modified":"2025-10-10T11:25:11","modified_gmt":"2025-10-10T11:25:11","slug":"catena-di-fornitura-sostenibile","status":"publish","type":"page","link":"https:\/\/trocellen.com\/it\/sostenibilita\/catena-di-fornitura-sostenibile\/","title":{"rendered":"Catena di fornitura sostenibile"},"content":{"rendered":"\n<div class=\"group relative bg-gray-200 h-[24px] laptop:h-[64px]\" aria-hidden=\"true\"><\/div>\n\n\n<section class=\"col-content bg-gray-200 \">\n    <div class=\"container\">\n        <div class=\"general-content\">\n            \n            <div class=\"flex flex-col tablet:flex-row gap-small items-start\">\n                <div class=\"flex-1 \">\n                    <h2>Il nostro impegno per una catena di fornitura responsabile<\/h2>\n                <\/div>\n\n                <div class=\"flex-1\">\n                    <p>In Trocellen siamo consapevoli che l&#8217;impatto della nostra attivit\u00e0 supera i confini dei nostri stabilimenti. Si estende lungo l\u2019intera rete di fornitori e partner che contribuiscono alla produzione e distribuzione delle nostre soluzioni. Per questo ci impegniamo attivamente nella costruzione di una filiera sostenibile, monitorando e valutando con regolarit\u00e0 le nostre collaborazioni, sempre in un\u2019ottica ESG, solida e trasparente.<\/p>\n                <\/div>\n            <\/div>\n\n        <\/div>\n    <\/div>\n<\/section>\n\n\n<div class=\"group relative bg-gray-200 h-[24px] laptop:h-[64px]\" aria-hidden=\"true\"><\/div>\n\n\n<div class=\"group relative bg-white h-[24px] laptop:h-[64px]\" aria-hidden=\"true\"><\/div>\n\n\n\n<section class=\"bg-white\">\n\n    <div class=\"container !max-w-narrow text-center\">\n        <div class=\"general-content\">\n            <h2>Un approccio all&#8217;approvvigionamento responsabile<\/h2>\n            <p>In linea con la filosofia di approvvigionamento della nostra casa madre, Furukawa Electric Group, gestiamo l\u2019intero processo di approvvigionamento secondo tre principi fondamentali:<\/p>\n        <\/div>\n    <\/div>\n\n    <div class=\"container\">\n        <div class=\"general-content\">\n            <div>\n                \n                        <div class=\"grid grid-cols-1 tablet:grid-cols-3 gap-8 tablet:gap-small\">\n\n                        \n                            <div class=\"rounded-tr-tr-64 text-white general-content text-center py-[1.156rem] px-small flex flex-col justify-start items-center\" style=\"background-color: #a7157d\">\n                                <h2>Equit\u00e0 e integrit\u00e0<\/h2>\n                                <p>Operiamo in modo aperto e trasparente, accogliendo tutti i partner commerciali secondo i principi della libera concorrenza. Ogni interazione \u00e8 condotta con equit\u00e0 e integrit\u00e0 incondizionata.<\/p>\n                            <\/div>\n\n                        \n                            <div class=\"rounded-tr-tr-64 text-white general-content text-center py-[1.156rem] px-small flex flex-col justify-start items-center\" style=\"background-color: #07aebc\">\n                                <h2>Conformit\u00e0 e approvvigionamento CSR<\/h2>\n                                <p>Per contribuire allo sviluppo di una societ\u00e0 sostenibile, conduciamo tutti gli acquisti nel pieno rispetto delle normative vigenti. Ogni decisione tiene conto della tutela dell&#8217;ambiente e delle pratiche operative sicure, adempiendo cos\u00ec alle nostre pi\u00f9 ampie responsabilit\u00e0 sociali d&#8217;impresa.<\/p>\n                            <\/div>\n\n                        \n                            <div class=\"rounded-tr-tr-64 text-white general-content text-center py-[1.156rem] px-small flex flex-col justify-start items-center\" style=\"background-color: #b2cb07\">\n                                <h2>Partnership e valore condiviso<\/h2>\n                                <p>Attribuiamo un valore immenso alla fiducia reciproca. Coltivando relazioni solide e collaborative con i nostri fornitori, creiamo insieme nuovo valore. Puntiamo a condizioni di approvvigionamento ottimali bilanciando attentamente qualit\u00e0, costi, consegna, capacit\u00e0 tecnologiche e prestazioni ESG.<\/p>\n                            <\/div>\n\n                                        \n                        <\/div>\n\n                \n            <\/div>\n        <\/div>\n    <\/div>\n<\/section>\n\n\n<div class=\"group relative bg-white h-[24px] laptop:h-[64px]\" aria-hidden=\"true\"><\/div>\n\n\n<div class=\"group relative bg-gray-200 h-[24px] laptop:h-[64px]\" aria-hidden=\"true\"><\/div>\n\n\n<section class=\"col-content bg-gray-200 \">\n    <div class=\"container\">\n        <div class=\"general-content\">\n            \n            <div class=\"flex flex-col tablet:flex-row gap-small items-start\">\n                <div class=\"flex-1 \">\n                    <h2>Gli impegni del Gruppo Trocellen nella catena di fornitura<\/h2>\n                <\/div>\n\n                <div class=\"flex-1\">\n                    <p>In linea con il codice di condotta CSR del Gruppo Furukawa Electric, ci impegniamo a promuovere la sostenibilit\u00e0 attraverso i nostri rapporti con i fornitori:<\/p>\n<ul>\n<li>Instaurando dialoghi costruttivi: ci confrontiamo con i nostri partner sugli obiettivi di sostenibilit\u00e0 e sulle roadmap ambientali.<\/li>\n<li>Promuovendo standard condivisi: comunichiamo ai fornitori le nostre linee guida per gli acquisti CSR e valutiamo i partner chiave rispetto a eventuali rischi ESG.<\/li>\n<\/ul>\n                <\/div>\n            <\/div>\n\n        <\/div>\n    <\/div>\n<\/section>\n\n\n<div class=\"group relative bg-gray-200 h-[32px]\" aria-hidden=\"true\"><\/div>\n\n\n<div class=\"group relative bg-white h-[24px] laptop:h-[64px]\" aria-hidden=\"true\"><\/div>\n\n\n<section class=\"col-content bg-white \">\n    <div class=\"container\">\n        <div class=\"general-content\">\n            \n            <div class=\"flex flex-col tablet:flex-row gap-small items-start\">\n                <div class=\"flex-1 \">\n                    <h2>Costruire insieme catene di fornitura responsabili<\/h2>\n                <\/div>\n\n                <div class=\"flex-1\">\n                    <h3>Il nostro obiettivo attuale<\/h3>\n<p>Siamo consapevoli che l&#8217;impatto ambientale e sociale di un prodotto inizia molto prima che questo raggiunga i nostri stabilimenti. Pur essendo ancora alle prime fasi di sviluppo di un programma di approvvigionamento responsabile, maturo e integrato, stiamo gi\u00e0 gettando basi solide. Oggi il nostro impegno si concentra su:<\/p>\n<ul class=\"grid grid-cols-1 tablet:grid-cols-2 gap-x-xl gap-y-small mt-medium\">\n<li>Mappatura della nostra catena di fornitura: identifichiamo e classifichiamo i fornitori chiave in base a ubicazione e settore di attivit\u00e0 per identificare meglio rischi e opportunit\u00e0.<\/li>\n<li>Integrazione delle aspettative: incorporiamo gradualmente i requisiti ambientali, sociali ed etici nei processi di approvvigionamento e di onboarding dei nuovi fornitori.<\/li>\n<li>Garanzia della conformit\u00e0: incoraggiamo i fornitori a rispettare standard quali REACH, RoHS e le normative sul lavoro come primi passi essenziali.<\/li>\n<li>Invito alla trasparenza: creiamo canali di comunicazione aperti per favorire lo scambio di conoscenze preparandosi a collaborazioni ESG pi\u00f9 profonde.<\/li>\n<\/ul>\n                <\/div>\n            <\/div>\n\n        <\/div>\n    <\/div>\n<\/section>\n\n\n<div class=\"group relative bg-white h-[24px] laptop:h-[64px]\" aria-hidden=\"true\"><\/div>\n\n\n<div class=\"group relative bg-gray-200 h-[24px] laptop:h-[64px]\" aria-hidden=\"true\"><\/div>\n\n\n<section class=\"col-content bg-gray-200 \">\n    <div class=\"container\">\n        <div class=\"general-content\">\n            \n            <div class=\"flex flex-col tablet:flex-row gap-small items-start\">\n                <div class=\"flex-1 \">\n                    <h2>Collaborare per un futuro sostenibile<\/h2>\n                <\/div>\n\n                <div class=\"flex-1\">\n                    <p>Attraverso queste azioni miriamo, non solo a ridurre al minimo i rischi ESG lungo la nostra catena del valore, ma anche ad innescare opportunit\u00e0 di innovazione, lavorando fianco a fianco con i nostri fornitori per individuare i materiali migliori, processi ottimizzati e soluzioni orientate a un futuro pi\u00f9 sostenibile.<\/p>\n<p>Insieme, stiamo costruendo una filiera resiliente e responsabile che costituisca un pilastro fondamentale della nostra strategia di sostenibilit\u00e0.<\/p>\n                <\/div>\n            <\/div>\n\n        <\/div>\n    <\/div>\n<\/section>\n\n\n<div class=\"group relative bg-gray-200 h-[24px] laptop:h-[64px]\" aria-hidden=\"true\"><\/div>","protected":false},"excerpt":{"rendered":"","protected":false},"author":1,"featured_media":0,"parent":7504,"menu_order":0,"comment_status":"closed","ping_status":"closed","template":"template-parts\/page-general.php","meta":{"_acf_changed":false,"footnotes":""},"class_list":["post-12616","page","type-page","status-publish","hentry"],"acf":[],"yoast_head":"<!-- This site is optimized with the Yoast SEO plugin v25.9 - https:\/\/yoast.com\/wordpress\/plugins\/seo\/ -->\n<title>Catena di fornitura sostenibile - Trocellen, the European polyolefin foam solution provider<\/title>\n<meta name=\"robots\" content=\"index, follow, max-snippet:-1, max-image-preview:large, max-video-preview:-1\" \/>\n<link rel=\"canonical\" href=\"https:\/\/trocellen.com\/sustainability\/sustainable-supply-chain\/\" \/>\n<meta property=\"og:locale\" content=\"it_IT\" \/>\n<meta property=\"og:type\" content=\"article\" \/>\n<meta property=\"og:title\" content=\"Catena di fornitura sostenibile - Trocellen, the European polyolefin foam solution provider\" \/>\n<meta property=\"og:url\" content=\"https:\/\/trocellen.com\/sustainability\/sustainable-supply-chain\/\" \/>\n<meta property=\"og:site_name\" content=\"Trocellen, the European polyolefin foam solution provider\" \/>\n<meta property=\"article:modified_time\" content=\"2025-10-10T11:25:11+00:00\" \/>\n<meta name=\"twitter:card\" content=\"summary_large_image\" \/>\n<script type=\"application\/ld+json\" class=\"yoast-schema-graph\">{\"@context\":\"https:\/\/schema.org\",\"@graph\":[{\"@type\":\"WebPage\",\"@id\":\"https:\/\/trocellen.com\/sustainability\/sustainable-supply-chain\/\",\"url\":\"https:\/\/trocellen.com\/sustainability\/sustainable-supply-chain\/\",\"name\":\"Catena di fornitura sostenibile - Trocellen, the European polyolefin foam solution provider\",\"isPartOf\":{\"@id\":\"https:\/\/trocellen.com\/#website\"},\"datePublished\":\"2025-04-29T08:21:31+00:00\",\"dateModified\":\"2025-10-10T11:25:11+00:00\",\"breadcrumb\":{\"@id\":\"https:\/\/trocellen.com\/sustainability\/sustainable-supply-chain\/#breadcrumb\"},\"inLanguage\":\"it-IT\",\"potentialAction\":[{\"@type\":\"ReadAction\",\"target\":[\"https:\/\/trocellen.com\/sustainability\/sustainable-supply-chain\/\"]}]},{\"@type\":\"BreadcrumbList\",\"@id\":\"https:\/\/trocellen.com\/sustainability\/sustainable-supply-chain\/#breadcrumb\",\"itemListElement\":[{\"@type\":\"ListItem\",\"position\":1,\"name\":\"Home\",\"item\":\"https:\/\/trocellen.com\/it\/\"},{\"@type\":\"ListItem\",\"position\":2,\"name\":\"Catena di fornitura sostenibile\"}]},{\"@type\":\"WebSite\",\"@id\":\"https:\/\/trocellen.com\/#website\",\"url\":\"https:\/\/trocellen.com\/\",\"name\":\"Trocellen, the European polyolefin foam solution provider\",\"description\":\"TROCELLEN\u00ae is a leading manufacturer of chemically and physically cross-linked polyolefin and rubber foam solutions\",\"potentialAction\":[{\"@type\":\"SearchAction\",\"target\":{\"@type\":\"EntryPoint\",\"urlTemplate\":\"https:\/\/trocellen.com\/?s={search_term_string}\"},\"query-input\":{\"@type\":\"PropertyValueSpecification\",\"valueRequired\":true,\"valueName\":\"search_term_string\"}}],\"inLanguage\":\"it-IT\"}]}<\/script>\n<!-- \/ Yoast SEO plugin. -->","yoast_head_json":{"title":"Catena di fornitura sostenibile - Trocellen, the European polyolefin foam solution provider","robots":{"index":"index","follow":"follow","max-snippet":"max-snippet:-1","max-image-preview":"max-image-preview:large","max-video-preview":"max-video-preview:-1"},"canonical":"https:\/\/trocellen.com\/sustainability\/sustainable-supply-chain\/","og_locale":"it_IT","og_type":"article","og_title":"Catena di fornitura sostenibile - Trocellen, the European polyolefin foam solution provider","og_url":"https:\/\/trocellen.com\/sustainability\/sustainable-supply-chain\/","og_site_name":"Trocellen, the European polyolefin foam solution provider","article_modified_time":"2025-10-10T11:25:11+00:00","twitter_card":"summary_large_image","schema":{"@context":"https:\/\/schema.org","@graph":[{"@type":"WebPage","@id":"https:\/\/trocellen.com\/sustainability\/sustainable-supply-chain\/","url":"https:\/\/trocellen.com\/sustainability\/sustainable-supply-chain\/","name":"Catena di fornitura sostenibile - Trocellen, the European polyolefin foam solution provider","isPartOf":{"@id":"https:\/\/trocellen.com\/#website"},"datePublished":"2025-04-29T08:21:31+00:00","dateModified":"2025-10-10T11:25:11+00:00","breadcrumb":{"@id":"https:\/\/trocellen.com\/sustainability\/sustainable-supply-chain\/#breadcrumb"},"inLanguage":"it-IT","potentialAction":[{"@type":"ReadAction","target":["https:\/\/trocellen.com\/sustainability\/sustainable-supply-chain\/"]}]},{"@type":"BreadcrumbList","@id":"https:\/\/trocellen.com\/sustainability\/sustainable-supply-chain\/#breadcrumb","itemListElement":[{"@type":"ListItem","position":1,"name":"Home","item":"https:\/\/trocellen.com\/it\/"},{"@type":"ListItem","position":2,"name":"Catena di fornitura sostenibile"}]},{"@type":"WebSite","@id":"https:\/\/trocellen.com\/#website","url":"https:\/\/trocellen.com\/","name":"Trocellen, the European polyolefin foam solution provider","description":"TROCELLEN\u00ae is a leading manufacturer of chemically and physically cross-linked polyolefin and rubber foam solutions","potentialAction":[{"@type":"SearchAction","target":{"@type":"EntryPoint","urlTemplate":"https:\/\/trocellen.com\/?s={search_term_string}"},"query-input":{"@type":"PropertyValueSpecification","valueRequired":true,"valueName":"search_term_string"}}],"inLanguage":"it-IT"}]}},"_links":{"self":[{"href":"https:\/\/trocellen.com\/it\/wp-json\/wp\/v2\/pages\/12616","targetHints":{"allow":["GET"]}}],"collection":[{"href":"https:\/\/trocellen.com\/it\/wp-json\/wp\/v2\/pages"}],"about":[{"href":"https:\/\/trocellen.com\/it\/wp-json\/wp\/v2\/types\/page"}],"author":[{"embeddable":true,"href":"https:\/\/trocellen.com\/it\/wp-json\/wp\/v2\/users\/1"}],"replies":[{"embeddable":true,"href":"https:\/\/trocellen.com\/it\/wp-json\/wp\/v2\/comments?post=12616"}],"version-history":[{"count":5,"href":"https:\/\/trocellen.com\/it\/wp-json\/wp\/v2\/pages\/12616\/revisions"}],"predecessor-version":[{"id":14140,"href":"https:\/\/trocellen.com\/it\/wp-json\/wp\/v2\/pages\/12616\/revisions\/14140"}],"up":[{"embeddable":true,"href":"https:\/\/trocellen.com\/it\/wp-json\/wp\/v2\/pages\/7504"}],"wp:attachment":[{"href":"https:\/\/trocellen.com\/it\/wp-json\/wp\/v2\/media?parent=12616"}],"curies":[{"name":"wp","href":"https:\/\/api.w.org\/{rel}","templated":true}]}}