{"id":12556,"date":"2025-07-29T06:55:23","date_gmt":"2025-07-29T06:55:23","guid":{"rendered":"https:\/\/trocellen-dev.local\/tutto-su-trocellen\/compliance\/"},"modified":"2025-10-20T07:13:41","modified_gmt":"2025-10-20T07:13:41","slug":"conformita","status":"publish","type":"page","link":"https:\/\/trocellen.com\/it\/tutto-su-trocellen\/conformita\/","title":{"rendered":"Conformit\u00e0"},"content":{"rendered":"\n<div class=\"group relative bg-white h-[48px]\" aria-hidden=\"true\"><\/div>\n\n\n<section class=\"general-content text-[#131313]\">\n    <div class=\"container\">\n        <div>\n            <h3 class=\"text-center\">Per il Gruppo Trocellen la conformit\u00e0 \u201cnon significa solo rispettare leggi e regolamenti, ma anche agire in accordo con i valori e l\u2019etica richiesti dalla compagnia e dai suoi dipendenti, in qualit\u00e0 di membri responsabili della societ\u00e0.\u201d<\/h3>\n\n                    <\/div>\n    <\/div>\n<\/section>\n\n\n<div class=\"group relative bg-white h-[48px]\" aria-hidden=\"true\"><\/div>\n\n\n<div class=\"group relative bg-gray-200 h-[24px] laptop:h-[64px]\" aria-hidden=\"true\"><\/div>\n\n\n<section class=\"col-content bg-gray-200 \">\n    <div class=\"container\">\n        <div class=\"general-content\">\n            \n            <div class=\"flex flex-col tablet:flex-row gap-small items-start\">\n                <div class=\"flex-1 \">\n                    <h2 class=\"wp-block-heading\">Codice di comportamento<\/h2>\n                <\/div>\n\n                <div class=\"flex-1\">\n                    <p>Il Codice di comportamento definisce le regole fondamentali di comportamento per i dirigenti e i dipendenti Trocellen. Trocellen si aspetta che i dipendenti del Gruppo diano un contributo positivo alla politica di gestione del Gruppo, che portano avanti nel corso della loro routine quotidiana. Si richiede pertanto ai dipendenti del Gruppo di aderire ai valori e ai principi fondamentali espressi nel Codice di comportamento.<\/p>\n                <\/div>\n            <\/div>\n\n        <\/div>\n    <\/div>\n<\/section>\n\n\n<div class=\"group relative bg-gray-200 h-[48px]\" aria-hidden=\"true\"><\/div>\n\n\n<section class=\"bg-gray-200\">\n    <div class=\"container !max-w-narrow\">\n        <div class=\"general-content\">\n            <div>\n                <h3 class=\"text-center\">Esso comprende in particolare:<\/h3>\n\n                \n                        <div class=\"grid grid-cols-[repeat(auto-fit,_160px)] tablet:grid-cols-[repeat(auto-fit,_178px)] gap-8 tablet:gap-small\">\n\n                        \n                            <div class=\"rounded-tr-tr-64 h-[160px] tablet:min-h-[134px] text-white general-content text-center py-[1.156rem] px-small flex flex-col justify-center items-center\" style=\"background-color: #a7157d\">\n                                <img decoding=\"async\" src=\"https:\/\/trocellen.com\/wp-content\/uploads\/2025\/09\/human-rights-icon.png\" class=\"mx-auto !h-[51px]\" alt=\"Diritti umani icon\">\n                                <h5 class=\"pt-xs\">Diritti umani<\/h5>\n                            <\/div>\n\n                        \n                            <div class=\"rounded-tr-tr-64 h-[160px] tablet:min-h-[134px] text-white general-content text-center py-[1.156rem] px-small flex flex-col justify-center items-center\" style=\"background-color: #246a84\">\n                                <img decoding=\"async\" src=\"https:\/\/trocellen.com\/wp-content\/uploads\/2025\/09\/working-conditions-icon.png\" class=\"mx-auto !h-[51px]\" alt=\"Condizioni ed ambiente di lavoro icon\">\n                                <h5 class=\"pt-xs\">Condizioni ed ambiente di lavoro<\/h5>\n                            <\/div>\n\n                        \n                            <div class=\"rounded-tr-tr-64 h-[160px] tablet:min-h-[134px] text-white general-content text-center py-[1.156rem] px-small flex flex-col justify-center items-center\" style=\"background-color: #b2cb07\">\n                                <img decoding=\"async\" src=\"https:\/\/trocellen.com\/wp-content\/uploads\/2025\/09\/environment-icon.png\" class=\"mx-auto !h-[51px]\" alt=\"Ambiente icon\">\n                                <h5 class=\"pt-xs\">Ambiente<\/h5>\n                            <\/div>\n\n                        \n                            <div class=\"rounded-tr-tr-64 h-[160px] tablet:min-h-[134px] text-white general-content text-center py-[1.156rem] px-small flex flex-col justify-center items-center\" style=\"background-color: #299926\">\n                                <img decoding=\"async\" src=\"https:\/\/trocellen.com\/wp-content\/uploads\/2025\/09\/products-icon.png\" class=\"mx-auto !h-[51px]\" alt=\"Prodotti e servizi icon\">\n                                <h5 class=\"pt-xs\">Prodotti e servizi<\/h5>\n                            <\/div>\n\n                        \n                            <div class=\"rounded-tr-tr-64 h-[160px] tablet:min-h-[134px] text-white general-content text-center py-[1.156rem] px-small flex flex-col justify-center items-center\" style=\"background-color: #4198dc\">\n                                <img decoding=\"async\" src=\"https:\/\/trocellen.com\/wp-content\/uploads\/2025\/09\/globe-icon.png\" class=\"mx-auto !h-[51px]\" alt=\"Affari e transazioni internazionali icon\">\n                                <h5 class=\"pt-xs\">Affari e transazioni internazionali<\/h5>\n                            <\/div>\n\n                        \n                            <div class=\"rounded-tr-tr-64 h-[160px] tablet:min-h-[134px] text-white general-content text-center py-[1.156rem] px-small flex flex-col justify-center items-center\" style=\"background-color: #07aebc\">\n                                <img decoding=\"async\" src=\"https:\/\/trocellen.com\/wp-content\/uploads\/2025\/09\/competition-icon.png\" class=\"mx-auto !h-[51px]\" alt=\"Competizione corretta icon\">\n                                <h5 class=\"pt-xs\">Competizione corretta<\/h5>\n                            <\/div>\n\n                        \n                            <div class=\"rounded-tr-tr-64 h-[160px] tablet:min-h-[134px] text-white general-content text-center py-[1.156rem] px-small flex flex-col justify-center items-center\" style=\"background-color: #d14f1b\">\n                                <img decoding=\"async\" src=\"https:\/\/trocellen.com\/wp-content\/uploads\/2025\/09\/relations-icon.png\" class=\"mx-auto !h-[51px]\" alt=\"Relazioni con clienti, partner e societ\u00e0 icon\">\n                                <h5 class=\"pt-xs\">Relazioni con clienti, partner e societ\u00e0<\/h5>\n                            <\/div>\n\n                        \n                            <div class=\"rounded-tr-tr-64 h-[160px] tablet:min-h-[134px] text-white general-content text-center py-[1.156rem] px-small flex flex-col justify-center items-center\" style=\"background-color: #00a488\">\n                                <img decoding=\"async\" src=\"https:\/\/trocellen.com\/wp-content\/uploads\/2025\/09\/company-assets-icon.png\" class=\"mx-auto !h-[51px]\" alt=\"Gestione e conservazione dei beni aziendali icon\">\n                                <h5 class=\"pt-xs\">Gestione e conservazione dei beni aziendali<\/h5>\n                            <\/div>\n\n                        \n                            <div class=\"rounded-tr-tr-64 h-[160px] tablet:min-h-[134px] text-white general-content text-center py-[1.156rem] px-small flex flex-col justify-center items-center\" style=\"background-color: #292c58\">\n                                <img decoding=\"async\" src=\"https:\/\/trocellen.com\/wp-content\/uploads\/2025\/09\/information-icon.png\" class=\"mx-auto !h-[51px]\" alt=\"Divulgazione delle informazioni icon\">\n                                <h5 class=\"pt-xs\">Divulgazione delle informazioni<\/h5>\n                            <\/div>\n\n                        \n                            <div class=\"rounded-tr-tr-64 h-[160px] tablet:min-h-[134px] text-white general-content text-center py-[1.156rem] px-small flex flex-col justify-center items-center\" style=\"background-color: #cf3b42\">\n                                <img decoding=\"async\" src=\"https:\/\/trocellen.com\/wp-content\/uploads\/2025\/09\/duties-icon.png\" class=\"mx-auto !h-[51px]\" alt=\"Doveri ed obblighi degli alti dirigenti e dei dipendenti icon\">\n                                <h5 class=\"pt-xs\">Doveri ed obblighi degli alti dirigenti e dei dipendenti<\/h5>\n                            <\/div>\n\n                                        \n                        <\/div>\n\n                \n            <\/div>\n        <\/div>\n    <\/div>\n\n    <div class=\"container mt-medium\">\n        <div class=\"flex flex-row gap-small\">\n            <div class=\"flex-1\">\n                Il Gruppo Trocellen, in quanto filiale del Gruppo Furukawa Electric, partecipa al Global Compact delle Nazioni Unite e ne segue i dieci principi.            <\/div>\n\n            <div class=\"flex-1\">\n                <p><a class=\"downloadable\" href=\"https:\/\/trocellen.com\/wp-content\/uploads\/2022\/07\/Trocellen_Group_CoC_short_2022_2.pdf\" target=\"_blank\" rel=\"noreferrer noopener\">CODICE DI COMPORTAMENTO CSR per Trocellen (parte del Gruppo Furukawa Electric)<\/a><\/p>\n            <\/div>\n        <\/div>\n    <\/div>\n<\/section>\n\n\n<div class=\"group relative bg-gray-200 h-[24px] laptop:h-[64px]\" aria-hidden=\"true\"><\/div>\n\n\n<div class=\"group relative bg-white h-[24px] laptop:h-[64px]\" aria-hidden=\"true\"><\/div>\n\n\n<section class=\"col-content bg-white \">\n    <div class=\"container\">\n        <div class=\"general-content\">\n            \n            <div class=\"flex flex-col tablet:flex-row gap-small items-start\">\n                <div class=\"flex-1 \">\n                    <h2 class=\"wp-block-heading\">Politica anticorruzione<\/h2>\n                <\/div>\n\n                <div class=\"flex-1\">\n                    <p>Come membro del gruppo Furukawa Electric, Trocellen si \u00e8 sempre impegnata a rispettare pienamente i requisiti anticorruzione, sia nella gestione degli stessi che nell\u2019operativit\u00e0 di tutti i giorni. A livello internazionale, le leggi anticorruzione stanno diventando sempre pi\u00f9 severe e i governi stanno diventando sempre pi\u00f9 attivi nel renderle effettive.<\/p>\n<p>Abbiamo formulato una Norma Anticorruzione, una guida anti-corruzione e un\u2019organizzazione anti-corruzione introdotte e rese effettive nell\u2019anno fiscale 2013.<\/p>\n<p>Dichiariamo con enfasi, che \u00e8 una questione di principio per Trocellen rispettare tutte le leggi anticorruzione pertinenti, e di conseguenza tutte le normative correlate che si applicano localmente, ovunque Trocellen conduca delle operazioni in merito.<\/p>\n<p>Ci rifiutiamo nella maniera pi\u00f9 categorica di assumere o di guadagnare vantaggi mediante operazioni specifiche e ci impegniamo a mantenere il massimo livello di integrit\u00e0 morale, qualsiasi sia il business con cui abbiamo a che fare. Ci\u00f2 significa, richiedere a tutti gli agenti in contatto con le nostre organizzazioni, nonch\u00e9 tutti i nostri partner commerciali, di rispettare anche loro le suddette normative anticorruzione.<\/p>\n<p><a class=\"downloadable\" href=\"\/wp-content\/uploads\/2025\/09\/AB-Italy-Norma-Anticorruzione-Trocellen-Italia.pdf\" target=\"_blank\" rel=\"noreferrer noopener\">Norma Anticorruzione Trocellen Italia S.p.A.<\/a><\/p>\n                <\/div>\n            <\/div>\n\n        <\/div>\n    <\/div>\n<\/section>\n\n\n<div class=\"group relative bg-white h-[24px] laptop:h-[64px]\" aria-hidden=\"true\"><\/div>\n\n\n<div class=\"group relative bg-gray-200 h-[24px] laptop:h-[64px]\" aria-hidden=\"true\"><\/div>\n\n\n<section class=\"col-content bg-gray-200 \">\n    <div class=\"container\">\n        <div class=\"general-content\">\n            \n            <div class=\"flex flex-col tablet:flex-row gap-small items-start\">\n                <div class=\"flex-1 \">\n                    <h2>Whistleblowing System<\/h2>\n<h3>Il valore chiave del Gruppo Trocellen \u00e8 la responsabilit\u00e0.<\/h3>\n                <\/div>\n\n                <div class=\"flex-1\">\n                    <p>Responsabilit\u00e0 \u2013 nel senso pi\u00f9 ampio possibile \u2013 nei confronti dei nostri dipendenti, dei nostri partner, della societ\u00e0 e del nostro pianeta. Ci impegniamo per una condotta aziendale trasparente, etica e conforme alla legge.<\/p>\n<p>I sistemi di whistleblowing del Gruppo Trocellen sono progettati per proteggere la cultura del Gruppo Trocellen e le partnership, basate sulla fiducia, al fine di individuare e correggere tempestivamente i comportamenti scorretti.<\/p>\n<p>I sistemi di whistleblowing del Gruppo Trocellen creano opportunit\u00e0 per i nostri partner interni ed esterni, di parlare e sollevare dubbi senza timore, nel pieno anonimato garantito, basato su sistemi esterni gestiti da terzi.<\/p>\n<p>Pur garantendo che l\u2019informatore non venga in alcun modo svantaggiato, l\u2019Ufficio Whistleblowing adotta un approccio rigoroso per il contenuto delle segnalazioni, le indaga tempestivamente e intraprende le azioni appropriate.<\/p>\n<h3>Quali sono i fatti da segnalare?<\/h3>\n<ul>\n<li>reati penali, comprese le frodi<\/li>\n<li>mancato rispetto di un obbligo legale<\/li>\n<li>errori giudiziari<\/li>\n<li>pericolo per la salute e la sicurezza ai danni di qualcuno<\/li>\n<li>danni all\u2019ambiente<\/li>\n<li>Condotta non conforme al Codice di Condotta del Gruppo Trocellen, molestie o discriminazioni.<\/li>\n<\/ul>\n<h3>Come segnalare?<\/h3>\n<p>Attraverso il sito web indicato sotto, accanto alla societ\u00e0 del Gruppo Trocellen che desiderate segnalare:<\/p>\n<div class=\"grid grid-cols-1 tablet:grid-cols-2 gap-medPlus gap-small\"><a class=\"grey-bg-button link-with-arrow\" href=\"https:\/\/Trocellen.integrityline.com\">Trocellen GmbH<\/a> <a class=\"grey-bg-button link-with-arrow\" href=\"https:\/\/trocellen.ulisesgrc.net\/#\/channels\/trocellen\/ES_ES\">Trocellen Ib\u00e9rica S.A.<\/a> <a class=\"grey-bg-button link-with-arrow\" href=\"https:\/\/Polifoam.integrityline.com\">Polifoam Co. Ltd.<\/a> <a class=\"grey-bg-button link-with-arrow\" href=\"https:\/\/trocellenitalia.softcarehse.it\/whistleblowing\/\">Trocellen Italia S.p.A.<\/a> <a class=\"grey-bg-button link-with-arrow\" href=\"https:\/\/polifoam.integrityline.com\/\">Trocellen Automotive Hungary Co. Ltd.<\/a> <a class=\"grey-bg-button link-with-arrow\" href=\"https:\/\/Trocellen.integrityline.com\">Trocellen S.E.A. Sdn Bhd<\/a><\/div>\n                <\/div>\n            <\/div>\n\n        <\/div>\n    <\/div>\n<\/section>\n\n\n<div class=\"group relative bg-gray-200 h-[24px] laptop:h-[64px]\" aria-hidden=\"true\"><\/div>","protected":false},"excerpt":{"rendered":"","protected":false},"author":1,"featured_media":0,"parent":6780,"menu_order":0,"comment_status":"closed","ping_status":"closed","template":"template-parts\/page-general.php","meta":{"_acf_changed":false,"footnotes":""},"class_list":["post-12556","page","type-page","status-publish","hentry"],"acf":[],"yoast_head":"<!-- This site is optimized with the Yoast SEO plugin v25.9 - https:\/\/yoast.com\/wordpress\/plugins\/seo\/ -->\n<title>Conformit\u00e0 - Trocellen, the European polyolefin foam solution provider<\/title>\n<meta name=\"robots\" content=\"index, follow, max-snippet:-1, max-image-preview:large, max-video-preview:-1\" \/>\n<link rel=\"canonical\" href=\"https:\/\/trocellen.com\/about-trocellen\/compliance\/\" \/>\n<meta property=\"og:locale\" content=\"it_IT\" \/>\n<meta property=\"og:type\" content=\"article\" \/>\n<meta property=\"og:title\" content=\"Conformit\u00e0 - Trocellen, the European polyolefin foam solution provider\" \/>\n<meta property=\"og:url\" content=\"https:\/\/trocellen.com\/about-trocellen\/compliance\/\" \/>\n<meta property=\"og:site_name\" content=\"Trocellen, the European polyolefin foam solution provider\" \/>\n<meta property=\"article:modified_time\" content=\"2025-10-20T07:13:41+00:00\" \/>\n<meta name=\"twitter:card\" content=\"summary_large_image\" \/>\n<script type=\"application\/ld+json\" class=\"yoast-schema-graph\">{\"@context\":\"https:\/\/schema.org\",\"@graph\":[{\"@type\":\"WebPage\",\"@id\":\"https:\/\/trocellen.com\/about-trocellen\/compliance\/\",\"url\":\"https:\/\/trocellen.com\/about-trocellen\/compliance\/\",\"name\":\"Conformit\u00e0 - Trocellen, the European polyolefin foam solution provider\",\"isPartOf\":{\"@id\":\"https:\/\/trocellen.com\/#website\"},\"datePublished\":\"2025-07-29T06:55:23+00:00\",\"dateModified\":\"2025-10-20T07:13:41+00:00\",\"breadcrumb\":{\"@id\":\"https:\/\/trocellen.com\/about-trocellen\/compliance\/#breadcrumb\"},\"inLanguage\":\"it-IT\",\"potentialAction\":[{\"@type\":\"ReadAction\",\"target\":[\"https:\/\/trocellen.com\/about-trocellen\/compliance\/\"]}]},{\"@type\":\"BreadcrumbList\",\"@id\":\"https:\/\/trocellen.com\/about-trocellen\/compliance\/#breadcrumb\",\"itemListElement\":[{\"@type\":\"ListItem\",\"position\":1,\"name\":\"Home\",\"item\":\"https:\/\/trocellen.com\/it\/\"},{\"@type\":\"ListItem\",\"position\":2,\"name\":\"Conformit\u00e0\"}]},{\"@type\":\"WebSite\",\"@id\":\"https:\/\/trocellen.com\/#website\",\"url\":\"https:\/\/trocellen.com\/\",\"name\":\"Trocellen, the European polyolefin foam solution provider\",\"description\":\"TROCELLEN\u00ae is a leading manufacturer of chemically and physically cross-linked polyolefin and rubber foam solutions\",\"potentialAction\":[{\"@type\":\"SearchAction\",\"target\":{\"@type\":\"EntryPoint\",\"urlTemplate\":\"https:\/\/trocellen.com\/?s={search_term_string}\"},\"query-input\":{\"@type\":\"PropertyValueSpecification\",\"valueRequired\":true,\"valueName\":\"search_term_string\"}}],\"inLanguage\":\"it-IT\"}]}<\/script>\n<!-- \/ Yoast SEO plugin. -->","yoast_head_json":{"title":"Conformit\u00e0 - Trocellen, the European polyolefin foam solution provider","robots":{"index":"index","follow":"follow","max-snippet":"max-snippet:-1","max-image-preview":"max-image-preview:large","max-video-preview":"max-video-preview:-1"},"canonical":"https:\/\/trocellen.com\/about-trocellen\/compliance\/","og_locale":"it_IT","og_type":"article","og_title":"Conformit\u00e0 - Trocellen, the European polyolefin foam solution provider","og_url":"https:\/\/trocellen.com\/about-trocellen\/compliance\/","og_site_name":"Trocellen, the European polyolefin foam solution provider","article_modified_time":"2025-10-20T07:13:41+00:00","twitter_card":"summary_large_image","schema":{"@context":"https:\/\/schema.org","@graph":[{"@type":"WebPage","@id":"https:\/\/trocellen.com\/about-trocellen\/compliance\/","url":"https:\/\/trocellen.com\/about-trocellen\/compliance\/","name":"Conformit\u00e0 - Trocellen, the European polyolefin foam solution provider","isPartOf":{"@id":"https:\/\/trocellen.com\/#website"},"datePublished":"2025-07-29T06:55:23+00:00","dateModified":"2025-10-20T07:13:41+00:00","breadcrumb":{"@id":"https:\/\/trocellen.com\/about-trocellen\/compliance\/#breadcrumb"},"inLanguage":"it-IT","potentialAction":[{"@type":"ReadAction","target":["https:\/\/trocellen.com\/about-trocellen\/compliance\/"]}]},{"@type":"BreadcrumbList","@id":"https:\/\/trocellen.com\/about-trocellen\/compliance\/#breadcrumb","itemListElement":[{"@type":"ListItem","position":1,"name":"Home","item":"https:\/\/trocellen.com\/it\/"},{"@type":"ListItem","position":2,"name":"Conformit\u00e0"}]},{"@type":"WebSite","@id":"https:\/\/trocellen.com\/#website","url":"https:\/\/trocellen.com\/","name":"Trocellen, the European polyolefin foam solution provider","description":"TROCELLEN\u00ae is a leading manufacturer of chemically and physically cross-linked polyolefin and rubber foam solutions","potentialAction":[{"@type":"SearchAction","target":{"@type":"EntryPoint","urlTemplate":"https:\/\/trocellen.com\/?s={search_term_string}"},"query-input":{"@type":"PropertyValueSpecification","valueRequired":true,"valueName":"search_term_string"}}],"inLanguage":"it-IT"}]}},"_links":{"self":[{"href":"https:\/\/trocellen.com\/it\/wp-json\/wp\/v2\/pages\/12556","targetHints":{"allow":["GET"]}}],"collection":[{"href":"https:\/\/trocellen.com\/it\/wp-json\/wp\/v2\/pages"}],"about":[{"href":"https:\/\/trocellen.com\/it\/wp-json\/wp\/v2\/types\/page"}],"author":[{"embeddable":true,"href":"https:\/\/trocellen.com\/it\/wp-json\/wp\/v2\/users\/1"}],"replies":[{"embeddable":true,"href":"https:\/\/trocellen.com\/it\/wp-json\/wp\/v2\/comments?post=12556"}],"version-history":[{"count":5,"href":"https:\/\/trocellen.com\/it\/wp-json\/wp\/v2\/pages\/12556\/revisions"}],"predecessor-version":[{"id":14402,"href":"https:\/\/trocellen.com\/it\/wp-json\/wp\/v2\/pages\/12556\/revisions\/14402"}],"up":[{"embeddable":true,"href":"https:\/\/trocellen.com\/it\/wp-json\/wp\/v2\/pages\/6780"}],"wp:attachment":[{"href":"https:\/\/trocellen.com\/it\/wp-json\/wp\/v2\/media?parent=12556"}],"curies":[{"name":"wp","href":"https:\/\/api.w.org\/{rel}","templated":true}]}}