{"id":12106,"date":"2025-04-29T08:20:58","date_gmt":"2025-04-29T08:20:58","guid":{"rendered":"https:\/\/trocellen-dev.local\/sostenibilita\/ceo-message\/"},"modified":"2025-10-10T11:04:41","modified_gmt":"2025-10-10T11:04:41","slug":"messaggio-del-ceo","status":"publish","type":"page","link":"https:\/\/trocellen.com\/it\/sostenibilita\/messaggio-del-ceo\/","title":{"rendered":"Messaggio del CEO"},"content":{"rendered":"\n<div class=\"group relative bg-white h-[32px]\" aria-hidden=\"true\"><\/div>\n\n\n<section class=\"general-content text-[#131313]\">\n    <div class=\"container\">\n        <div>\n            <h3 class=\"text-center\">Costruire un futuro sostenibile \u2014 insieme <\/h3>\n\n                    <\/div>\n    <\/div>\n<\/section>\n\n\n<div class=\"group relative bg-white h-[32px]\" aria-hidden=\"true\"><\/div>\n\n\n<div class=\"group relative bg-gray-200 h-[24px] laptop:h-[64px]\" aria-hidden=\"true\"><\/div>\n\n\n<section class=\"bg-gray-200\">\n    <div class=\"container\">\n        <div class=\"general-content\">\n            <div class=\"flex flex-col tablet:flex-row items-start gap-medPlus\">\n\n            <div class=\"flex flex-col gap-small w-[269px] shrink-0 max-w-full\">\n                <div class=\"h-[378px] rounded-tr-tr-100 overflow-hidden\">\n                    <img decoding=\"async\" src=\"https:\/\/trocellen.com\/wp-content\/uploads\/2025\/05\/ceo-image.png\" alt=\"\" class=\"w-full object-cover\">\n                <\/div>\n\n                <div class=\"general-content text-[#023157]\">\n                    <h2 class=\"!pb-0\">Oliver Cordt <\/h2>\n                    <span class=\"font-normal\">CEO<\/span>\n                <\/div>\n            <\/div>\n\n            <div class=\"laptop:pr-[12.125rem]\">\n                <h3>Oggi <em>la sostenibilit\u00e0 <\/em>\u00e8 ormai considerata un valore fondamentale, una responsabilit\u00e0 condivisa e un imperativo strategico. Paradossalmente per\u00f2, questo concetto, potrebbe sembrare a prima vista, in contrasto con obiettivi aziendali quali crescita, efficienza e redditivit\u00e0. Ma \u00e8 davvero cos\u00ec?<\/h3>\n<h3>Dipende dalla prospettiva.<\/h3>\n<p>Guardato nel breve termine, lo sviluppo sostenibile pu\u00f2 sembrare impegnativo: richiede tempo, dedizione e risorse significative. Ma \u00e8 un percorso di trasformazione, non una soluzione immediata e lo si deve guardare in prospettiva, nel lungo termine, per riconoscerne il valore come potente motore di successo duraturo. Rafforza, e non indebolisce, i principi aziendali tradizionali. Stimola l&#8217;innovazione, garantisce le risorse future e costruisce una fiducia solida con gli stakeholder.<\/p>\n<ul>\n<li>Perch\u00e9 senza le persone non esiste impresa.<\/li>\n<li>Perch\u00e9 senza un pianeta vivibile non esiste scopo.<\/li>\n<li>Perch\u00e9 senza una visione del futuro non esiste nulla per cui valga la pena lottare.<\/li>\n<\/ul>\n<p>Nel Gruppo Trocellen abbiamo sempre creduto che fare impresa in modo responsabile significhi fare impresa in modo sostenibile. Guidati dalla filosofia lungimirante della nostra casa madre giapponese, Furukawa Electric, ci impegniamo a creare valore a lungo termine nel rispetto delle persone e del pianeta.<\/p>\n<p>Traiamo ispirazione dalla definizione senza tempo della Commissione Brundtland:<\/p>\n<blockquote>\n<h4>Sviluppo sostenibile \u00e8 uno sviluppo che soddisfa i bisogni del presente senza compromettere la possibilit\u00e0 delle generazioni future di soddisfare i propri bisogni.<\/h4>\n<\/blockquote>\n<p>Oggi di fronte ai cambiamenti climatici, alla scarsit\u00e0 di risorse e alle disuguaglianze globali, questo principio \u00e8 pi\u00f9 attuale che mai. In questo panorama cos\u00ec complesso, la sostenibilit\u00e0 d\u2019impresa non \u00e8 un&#8217;opzione, ma una necessit\u00e0.<\/p>\n<h3>Il nostro impegno concreto<\/h3>\n<p>Per declinare la visione in azioni concrete, abbiamo integrato la sostenibilit\u00e0 in ogni fase operativa dell\u2019azienda, attraverso interventi mirati:<\/p>\n<ul>\n<li>Progettazione Circolare: abbiamo adottato i principi dell&#8217;ecodesign per garantire che i nostri prodotti supportino l&#8217;economia circolare, riducendo al minimo gli sprechi e massimizzando l&#8217;efficienza delle risorse.<\/li>\n<li>Innovazione responsabile: i nostri team R&amp;S si concentrano sullo sviluppo di soluzioni e tecnologie che migliorino le prestazioni ambientali e riducano l&#8217;impronta ecologica.<\/li>\n<li>Empowerment delle persone: stiamo ridefinendo i nostri processi organizzativi per promuovere il benessere, l&#8217;inclusione e il successo dei nostri colleghi, partner e comunit\u00e0.<\/li>\n<li>Misurazione trasparente dei progressi: monitoriamo i nostri sforzi in materia di sostenibilit\u00e0 attraverso metodologie all\u2019avanguardia valutando con regolarit\u00e0 i nostri progressi.<\/li>\n<\/ul>\n<p>La sostenibilit\u00e0 nasce dall&#8217;impegno individuale, ma trova la sua vera forza nell\u2019azione collettiva. Ringraziamo i nostri dipendenti, partner e stakeholder per il loro continuo supporto. Insieme, stiamo aprendo la strada a un futuro in cui opportunit\u00e0, innovazione e responsabilit\u00e0 vanno di pari passo.<\/p>\n<p>&nbsp;<\/p>\n<h3>Costruiamo quel futuro, oggi.<\/h3>\n            <\/div>\n\n            <\/div>\n        <\/div>\n    <\/div>\n<\/section>\n\n\n<div class=\"group relative bg-gray-200 h-[24px] laptop:h-[64px]\" aria-hidden=\"true\"><\/div>","protected":false},"excerpt":{"rendered":"","protected":false},"author":1,"featured_media":0,"parent":7504,"menu_order":0,"comment_status":"closed","ping_status":"closed","template":"template-parts\/page-general.php","meta":{"_acf_changed":false,"footnotes":""},"class_list":["post-12106","page","type-page","status-publish","hentry"],"acf":[],"yoast_head":"<!-- This site is optimized with the Yoast SEO plugin v25.9 - https:\/\/yoast.com\/wordpress\/plugins\/seo\/ -->\n<title>Messaggio del CEO - Trocellen, the European polyolefin foam solution provider<\/title>\n<meta name=\"robots\" content=\"index, follow, max-snippet:-1, max-image-preview:large, max-video-preview:-1\" \/>\n<link rel=\"canonical\" href=\"https:\/\/trocellen.com\/sustainability\/ceo-message\/\" \/>\n<meta property=\"og:locale\" content=\"it_IT\" \/>\n<meta property=\"og:type\" content=\"article\" \/>\n<meta property=\"og:title\" content=\"Messaggio del CEO - Trocellen, the European polyolefin foam solution provider\" \/>\n<meta property=\"og:url\" content=\"https:\/\/trocellen.com\/sustainability\/ceo-message\/\" \/>\n<meta property=\"og:site_name\" content=\"Trocellen, the European polyolefin foam solution provider\" \/>\n<meta property=\"article:modified_time\" content=\"2025-10-10T11:04:41+00:00\" \/>\n<meta name=\"twitter:card\" content=\"summary_large_image\" \/>\n<script type=\"application\/ld+json\" class=\"yoast-schema-graph\">{\"@context\":\"https:\/\/schema.org\",\"@graph\":[{\"@type\":\"WebPage\",\"@id\":\"https:\/\/trocellen.com\/sustainability\/ceo-message\/\",\"url\":\"https:\/\/trocellen.com\/sustainability\/ceo-message\/\",\"name\":\"Messaggio del CEO - Trocellen, the European polyolefin foam solution provider\",\"isPartOf\":{\"@id\":\"https:\/\/trocellen.com\/#website\"},\"datePublished\":\"2025-04-29T08:20:58+00:00\",\"dateModified\":\"2025-10-10T11:04:41+00:00\",\"breadcrumb\":{\"@id\":\"https:\/\/trocellen.com\/sustainability\/ceo-message\/#breadcrumb\"},\"inLanguage\":\"it-IT\",\"potentialAction\":[{\"@type\":\"ReadAction\",\"target\":[\"https:\/\/trocellen.com\/sustainability\/ceo-message\/\"]}]},{\"@type\":\"BreadcrumbList\",\"@id\":\"https:\/\/trocellen.com\/sustainability\/ceo-message\/#breadcrumb\",\"itemListElement\":[{\"@type\":\"ListItem\",\"position\":1,\"name\":\"Home\",\"item\":\"https:\/\/trocellen.com\/it\/\"},{\"@type\":\"ListItem\",\"position\":2,\"name\":\"Messaggio del CEO\"}]},{\"@type\":\"WebSite\",\"@id\":\"https:\/\/trocellen.com\/#website\",\"url\":\"https:\/\/trocellen.com\/\",\"name\":\"Trocellen, the European polyolefin foam solution provider\",\"description\":\"TROCELLEN\u00ae is a leading manufacturer of chemically and physically cross-linked polyolefin and rubber foam solutions\",\"potentialAction\":[{\"@type\":\"SearchAction\",\"target\":{\"@type\":\"EntryPoint\",\"urlTemplate\":\"https:\/\/trocellen.com\/?s={search_term_string}\"},\"query-input\":{\"@type\":\"PropertyValueSpecification\",\"valueRequired\":true,\"valueName\":\"search_term_string\"}}],\"inLanguage\":\"it-IT\"}]}<\/script>\n<!-- \/ Yoast SEO plugin. -->","yoast_head_json":{"title":"Messaggio del CEO - Trocellen, the European polyolefin foam solution provider","robots":{"index":"index","follow":"follow","max-snippet":"max-snippet:-1","max-image-preview":"max-image-preview:large","max-video-preview":"max-video-preview:-1"},"canonical":"https:\/\/trocellen.com\/sustainability\/ceo-message\/","og_locale":"it_IT","og_type":"article","og_title":"Messaggio del CEO - Trocellen, the European polyolefin foam solution provider","og_url":"https:\/\/trocellen.com\/sustainability\/ceo-message\/","og_site_name":"Trocellen, the European polyolefin foam solution provider","article_modified_time":"2025-10-10T11:04:41+00:00","twitter_card":"summary_large_image","schema":{"@context":"https:\/\/schema.org","@graph":[{"@type":"WebPage","@id":"https:\/\/trocellen.com\/sustainability\/ceo-message\/","url":"https:\/\/trocellen.com\/sustainability\/ceo-message\/","name":"Messaggio del CEO - Trocellen, the European polyolefin foam solution provider","isPartOf":{"@id":"https:\/\/trocellen.com\/#website"},"datePublished":"2025-04-29T08:20:58+00:00","dateModified":"2025-10-10T11:04:41+00:00","breadcrumb":{"@id":"https:\/\/trocellen.com\/sustainability\/ceo-message\/#breadcrumb"},"inLanguage":"it-IT","potentialAction":[{"@type":"ReadAction","target":["https:\/\/trocellen.com\/sustainability\/ceo-message\/"]}]},{"@type":"BreadcrumbList","@id":"https:\/\/trocellen.com\/sustainability\/ceo-message\/#breadcrumb","itemListElement":[{"@type":"ListItem","position":1,"name":"Home","item":"https:\/\/trocellen.com\/it\/"},{"@type":"ListItem","position":2,"name":"Messaggio del CEO"}]},{"@type":"WebSite","@id":"https:\/\/trocellen.com\/#website","url":"https:\/\/trocellen.com\/","name":"Trocellen, the European polyolefin foam solution provider","description":"TROCELLEN\u00ae is a leading manufacturer of chemically and physically cross-linked polyolefin and rubber foam solutions","potentialAction":[{"@type":"SearchAction","target":{"@type":"EntryPoint","urlTemplate":"https:\/\/trocellen.com\/?s={search_term_string}"},"query-input":{"@type":"PropertyValueSpecification","valueRequired":true,"valueName":"search_term_string"}}],"inLanguage":"it-IT"}]}},"_links":{"self":[{"href":"https:\/\/trocellen.com\/it\/wp-json\/wp\/v2\/pages\/12106","targetHints":{"allow":["GET"]}}],"collection":[{"href":"https:\/\/trocellen.com\/it\/wp-json\/wp\/v2\/pages"}],"about":[{"href":"https:\/\/trocellen.com\/it\/wp-json\/wp\/v2\/types\/page"}],"author":[{"embeddable":true,"href":"https:\/\/trocellen.com\/it\/wp-json\/wp\/v2\/users\/1"}],"replies":[{"embeddable":true,"href":"https:\/\/trocellen.com\/it\/wp-json\/wp\/v2\/comments?post=12106"}],"version-history":[{"count":5,"href":"https:\/\/trocellen.com\/it\/wp-json\/wp\/v2\/pages\/12106\/revisions"}],"predecessor-version":[{"id":14102,"href":"https:\/\/trocellen.com\/it\/wp-json\/wp\/v2\/pages\/12106\/revisions\/14102"}],"up":[{"embeddable":true,"href":"https:\/\/trocellen.com\/it\/wp-json\/wp\/v2\/pages\/7504"}],"wp:attachment":[{"href":"https:\/\/trocellen.com\/it\/wp-json\/wp\/v2\/media?parent=12106"}],"curies":[{"name":"wp","href":"https:\/\/api.w.org\/{rel}","templated":true}]}}