{"id":8277,"date":"2025-05-13T11:22:44","date_gmt":"2025-05-13T11:22:44","guid":{"rendered":"https:\/\/trocellen-dev.local\/downloads\/"},"modified":"2025-09-15T09:28:47","modified_gmt":"2025-09-15T09:28:47","slug":"letoltesek","status":"publish","type":"page","link":"https:\/\/trocellen.com\/hu\/letoltesek\/","title":{"rendered":"Let\u00f6lt\u00e9sek"},"content":{"rendered":"\n<section class=\"col-content bg-gray-200 \">\n    <div class=\"container\">\n        <div class=\"general-content\">\n            \n            <div class=\"flex flex-col tablet:flex-row gap-small items-start\">\n                <div class=\"flex-1 \">\n                    <h2>Company<\/h2>\n<h3 class=\"text-black\/60\">Trocellen&#8217;s Vision,<br \/>\nMission and Values<\/h3>\n                <\/div>\n\n                <div class=\"flex-1\">\n                    <p><a class=\"downloadable\" href=\"https:\/\/trocellen.com\/wp-content\/uploads\/2025\/05\/Vision_Mission_newdesign_ENG_web.pdf\">English<\/a><\/p>\n<p><a class=\"downloadable\" href=\"https:\/\/trocellen.com\/wp-content\/uploads\/2025\/05\/Vision_Mission_newdesign_DE_web.pdf\">German<\/a><\/p>\n<p><a class=\"downloadable\" href=\"https:\/\/trocellen.com\/wp-content\/uploads\/2025\/05\/Vision_Mission_newdesign_IT_web.pdf\">Italian<\/a><\/p>\n<p><a class=\"downloadable\" href=\"https:\/\/trocellen.com\/wp-content\/uploads\/2025\/05\/Vision_Mission_newdesign_HU_web.pdf\">Hungarian<\/a><\/p>\n                <\/div>\n            <\/div>\n\n        <\/div>\n    <\/div>\n<\/section>\n\n\n<section class=\"col-content bg-white \">\n    <div class=\"container\">\n        <div class=\"general-content\">\n            \n            <div class=\"flex flex-col tablet:flex-row gap-small items-start\">\n                <div class=\"flex-1 \">\n                    <h2>Base specification<\/h2>\n                <\/div>\n\n                <div class=\"flex-1\">\n                    <p><a class=\"downloadable\" href=\"https:\/\/trocellen.com\/wp-content\/uploads\/2025\/05\/BASE-SPECIFICATION-TC-GROUP_GE_E_F-UPDATE-02.2022.pdf\">BASE SPECIFICATION TC GROUP_GE_E_F UPDATE 02.2022<\/a><\/p>\n<p><a class=\"downloadable\" href=\"https:\/\/trocellen.com\/wp-content\/uploads\/2025\/05\/BASE-SPECIFICATION-TC-GROUP-I_E_ES-UPDATE-02.2022.pdf\">BASE SPECIFICATION TC GROUP I_E_ES UPDATE 02.2022<\/a><\/p>\n<p><a class=\"downloadable\" href=\"https:\/\/trocellen.com\/wp-content\/uploads\/2025\/05\/BASE-SPECIFICATION-TC-GROUP-HU_E_RUS-UPDATE-02.2022.pdf\">BASE SPECIFICATION TC GROUP HU_E_RUS UPDATE 02.2022<\/a><\/p>\n                <\/div>\n            <\/div>\n\n        <\/div>\n    <\/div>\n<\/section>\n\n\n<section class=\"col-content bg-white \">\n    <div class=\"container\">\n        <div class=\"general-content\">\n            \n            <div class=\"flex flex-col tablet:flex-row gap-small items-start\">\n                <div class=\"flex-1 \">\n                    <h2>Sustainability<\/h2>\n<h3 class=\"text-black\/60\">Code of conduct<\/h3>\n                <\/div>\n\n                <div class=\"flex-1\">\n                    <p><a class=\"downloadable\" href=\"https:\/\/trocellen.com\/wp-content\/uploads\/2025\/05\/Trocellen_Group_CoC_short_2022_2.pdf\">Trocellen Global &#8211; Code of Conduct (English)<\/a><\/p>\n<p><a class=\"downloadable\" href=\"https:\/\/trocellen.com\/wp-content\/uploads\/2025\/05\/Trocellen_Group_CoC_short_2022_1EN-DE.pdf\">Trocellen GmbH &#8211; Code of Conduct (English-German)<\/a><\/p>\n<p><a class=\"downloadable\" href=\"https:\/\/trocellen.com\/wp-content\/uploads\/2025\/05\/Trocellen_Group_CoC_short_2022_1EN-IT.pdf\">Trocellen Italia &#8211; S.p.A Code of Conduct (Italian)<\/a><\/p>\n<p><a class=\"downloadable\" href=\"https:\/\/trocellen.com\/wp-content\/uploads\/2025\/05\/04_Codigo-Etico_Rev_01_web.pdf\">Trocellen Ib\u00e9rica &#8211; Code of Conduct (Spanish)<\/a><\/p>\n<p><a class=\"downloadable\" href=\"https:\/\/trocellen.com\/wp-content\/uploads\/2025\/05\/Trocellen_Group_CoC_short_2022_1EN-MY.pdf\">Trocellen S.E.A. Code of conduct (Malay-English)<\/a><\/p>\n<p><a class=\"downloadable\" href=\"https:\/\/trocellen.com\/wp-content\/uploads\/2025\/05\/Trocellen_Group_CoC_short_2022_1EN-HU.pdf\">Polifoam Co. Ltd. Code of Conduct (English-Hungarian)<\/a><\/p>\n<p><a class=\"downloadable\" href=\"https:\/\/trocellen.com\/wp-content\/uploads\/2025\/05\/Trocellen_Group_CoC_short_2022_1EN-IT.pdf\">Trocellen Italia S.p.A Code of Conduct (Italian)<\/a><\/p>\n                <\/div>\n            <\/div>\n\n        <\/div>\n    <\/div>\n<\/section>\n\n\n<section class=\"col-content bg-white \">\n    <div class=\"container\">\n        <div class=\"general-content\">\n            \n            <div class=\"flex flex-col tablet:flex-row gap-small items-start\">\n                <div class=\"flex-1 \">\n                    <h3 class=\"text-black\/60\">Procurement guidelines<\/h3>\n                <\/div>\n\n                <div class=\"flex-1\">\n                    <p><a class=\"downloadable\" href=\"https:\/\/trocellen.com\/wp-content\/uploads\/2025\/05\/Trocellen_Group_Procurement_Guideline_2022-2.pdf\">Trocellen Global Procurement Guidelines (English)<\/a><\/p>\n<p><a class=\"downloadable\" href=\"https:\/\/trocellen.com\/wp-content\/uploads\/2025\/05\/Trocellen_Group_Procurement_Guideline_2022_DE.pdf\">Trocellen GmbH: Procurement Guidelines (German)<\/a><\/p>\n<p><a class=\"downloadable\" href=\"https:\/\/trocellen.com\/wp-content\/uploads\/2025\/05\/Trocellen_Group_Procurement_Guideline_2022_IT.pdf\">Trocellen Italia S.p.A Procurement Guidelines (Italian)<\/a><\/p>\n<p><a class=\"downloadable\" href=\"https:\/\/trocellen.com\/wp-content\/uploads\/2025\/05\/13_Codigo-Conducta-proveedores_Rev_01_web.pdf\">Trocellen Ib\u00e9rica Procurement Guideline (Spanish)<\/a><\/p>\n<p><a class=\"downloadable\" href=\"https:\/\/trocellen.com\/wp-content\/uploads\/2025\/05\/Trocellen_Group_Procurement_Guideline_2022_Malay.pdf\">Trocellen S.E.A. Procurement Guidelines (Malay)<\/a><\/p>\n<p><a class=\"downloadable\" href=\"https:\/\/trocellen.com\/wp-content\/uploads\/2025\/05\/Trocellen_Group_Procurement_Guideline_2022_HU.pdf\">Polifoam Kft. Procurement Guidelines (Hungarian)<\/a><\/p>\n                <\/div>\n            <\/div>\n\n        <\/div>\n    <\/div>\n<\/section>\n\n\n<section class=\"col-content bg-white \">\n    <div class=\"container\">\n        <div class=\"general-content\">\n            \n            <div class=\"flex flex-col tablet:flex-row gap-small items-start\">\n                <div class=\"flex-1 \">\n                    <h3 class=\"text-black\/60\">Anti bribery<\/h3>\n                <\/div>\n\n                <div class=\"flex-1\">\n                    <p><a class=\"downloadable\" href=\"https:\/\/trocellen.com\/wp-content\/uploads\/2025\/05\/AB-Germany-ErklA\u00a4rung-FEG-Vermeidung-von-Korruption.pdf\">Trocellen Global Anti-bribery (English &amp; German)<\/a><\/p>\n<p><a class=\"downloadable\" href=\"https:\/\/trocellen.com\/wp-content\/uploads\/2025\/05\/Trocellen_Group_Iberica_Antibribery_2023.pdf\">Trocellen Ib\u00e9rica Anti-bribery (Spanish)<\/a><\/p>\n                <\/div>\n            <\/div>\n\n        <\/div>\n    <\/div>\n<\/section>\n\n\n<section class=\"col-content bg-white \">\n    <div class=\"container\">\n        <div class=\"general-content\">\n            \n            <div class=\"flex flex-col tablet:flex-row gap-small items-start\">\n                <div class=\"flex-1 \">\n                    <h3 class=\"text-black\/60\">Renewable<br \/>\nElectricity Projects<\/h3>\n                <\/div>\n\n                <div class=\"flex-1\">\n                    <p><a class=\"downloadable\" href=\"https:\/\/trocellen.com\/wp-content\/uploads\/2025\/05\/Cartel_Actuacion_Desarrollo_de_Energias_Renovables_Componente_C71.pdf\">Trocellen Ib\u00e9rica Recovery, Transformation and \u2028Resilience Plan \u2013 NextGenerationEU (Spanish)<\/a><\/p>\n                <\/div>\n            <\/div>\n\n        <\/div>\n    <\/div>\n<\/section>\n\n\n<section class=\"col-content bg-gray-200 \">\n    <div class=\"container\">\n        <div class=\"general-content\">\n            \n            <div class=\"flex flex-col tablet:flex-row gap-small items-start\">\n                <div class=\"flex-1 \">\n                    <h2>General Terms and Conditions<\/h2>\n<h3 class=\"text-black\/60\">Trocellen GmbH<\/h3>\n                <\/div>\n\n                <div class=\"flex-1\">\n                    <p><a class=\"downloadable\" href=\"https:\/\/trocellen.com\/wp-content\/uploads\/2025\/05\/AGB-2013_2016-Deutsch.pdf\">General Terms &amp; Conditions (German)<\/a><\/p>\n<p><a class=\"downloadable\" href=\"https:\/\/trocellen.com\/wp-content\/uploads\/2025\/05\/General-Terms-Conditions-for-Trocellen-GmbH.pdf\">General Terms &amp; Conditions (English)<\/a><\/p>\n                <\/div>\n            <\/div>\n\n        <\/div>\n    <\/div>\n<\/section>\n\n\n<section class=\"col-content bg-gray-200 \">\n    <div class=\"container\">\n        <div class=\"general-content\">\n            \n            <div class=\"flex flex-col tablet:flex-row gap-small items-start\">\n                <div class=\"flex-1 \">\n                    <h3 class=\"text-black\/60\">Trocellen Italia S.p.A.<\/h3>\n                <\/div>\n\n                <div class=\"flex-1\">\n                    <p><a class=\"downloadable\" href=\"https:\/\/trocellen.com\/wp-content\/uploads\/2025\/05\/Condizioni-e-Termini-Generali-1.pdf\">General Terms &amp; Conditions (Italian)<\/a><\/p>\n<p><a class=\"downloadable\" href=\"https:\/\/trocellen.com\/wp-content\/uploads\/2025\/05\/General-Terms-Conditions.pdf\">General Terms &amp; Conditions (English)<\/a><\/p>\n                <\/div>\n            <\/div>\n\n        <\/div>\n    <\/div>\n<\/section>\n\n\n<section class=\"col-content bg-gray-200 \">\n    <div class=\"container\">\n        <div class=\"general-content\">\n            \n            <div class=\"flex flex-col tablet:flex-row gap-small items-start\">\n                <div class=\"flex-1 \">\n                    <h3 class=\"text-black\/60\">Trocellen Ib\u00e9rica<\/h3>\n                <\/div>\n\n                <div class=\"flex-1\">\n                    <p><a class=\"downloadable\" href=\"https:\/\/trocellen.com\/wp-content\/uploads\/2025\/05\/New-Terms-and-Conditions-of-Sale-and-Delivery-of-Trocellen-Iberica.pdf\">General Terms &amp; Conditions (English)<\/a><\/p>\n<p><a class=\"downloadable\" href=\"https:\/\/trocellen.com\/wp-content\/uploads\/2025\/05\/Nuevas-Condiciones-Generales-de-Venta-y-Entrega-de-Trocellen-Iberica.pdf\">General Terms &amp; Conditions (Spanish)<\/a><\/p>\n                <\/div>\n            <\/div>\n\n        <\/div>\n    <\/div>\n<\/section>\n\n\n<section class=\"col-content bg-gray-200 \">\n    <div class=\"container\">\n        <div class=\"general-content\">\n            \n            <div class=\"flex flex-col tablet:flex-row gap-small items-start\">\n                <div class=\"flex-1 \">\n                    <h3 class=\"text-black\/60\">Polifoam Co. Ltd.<\/h3>\n                <\/div>\n\n                <div class=\"flex-1\">\n                    <p><a class=\"downloadable\" href=\"https:\/\/trocellen.com\/wp-content\/uploads\/2025\/05\/Polifoam_General-Terms-Conditions_HU.pdf\">\u00c1ltal\u00e1nos szerz\u0151d\u00e9si felt\u00e9telek (vev\u0151i) (Hungarian)<\/a><\/p>\n<p><a class=\"downloadable\" href=\"https:\/\/trocellen.com\/wp-content\/uploads\/2025\/05\/Polifoam_General-Terms-Conditions_EN.pdf\">General Terms &amp; Conditions for Sale and Delivery (English)<\/a><\/p>\n                <\/div>\n            <\/div>\n\n        <\/div>\n    <\/div>\n<\/section>\n\n\n<section class=\"col-content bg-gray-200 \">\n    <div class=\"container\">\n        <div class=\"general-content\">\n            \n            <div class=\"flex flex-col tablet:flex-row gap-small items-start\">\n                <div class=\"flex-1 \">\n                    <h2>Privacy Policies<\/h2>\n<h3 class=\"text-black\/60\">Trocellen GmbH<\/h3>\n                <\/div>\n\n                <div class=\"flex-1\">\n                    <p><a class=\"downloadable\" href=\"https:\/\/trocellen.com\/wp-content\/uploads\/2025\/05\/Privacy-Statement-for-the-Use-of-the-Website-20230801.pdf\">Privacy Statement for the Use of the Website (English)<\/a><\/p>\n<p><a class=\"downloadable\" href=\"https:\/\/trocellen.com\/wp-content\/uploads\/2025\/05\/Datenschutzerklarung-fur-die-Nutzung-der-Website-20230801.pdf\">Datenschutzerkl\u00e4rung f\u00fcr die Nutzung der Website (German)<\/a><\/p>\n<p><a class=\"downloadable\" href=\"https:\/\/trocellen.com\/wp-content\/uploads\/2025\/05\/Dichiarazione-di-riservatezza-20230801.pdf\">Dichiarazione di riservatezza (Italian)<\/a><\/p>\n<p><a class=\"downloadable\" href=\"https:\/\/trocellen.com\/wp-content\/uploads\/2025\/05\/Adatvedelmi-nyilatkozat-a-Weboldal-hasznalatahoz-20230801.pdf\">Adatv\u00e9delmi nyilatkozat a Weboldal haszn\u00e1lat\u00e1hoz (Hungarian)<\/a><\/p>\n<p><a class=\"downloadable\" href=\"https:\/\/trocellen.com\/wp-content\/uploads\/2025\/05\/Declaration-de-confidentialite-20230801.pdf\">D\u00e9claration de confidentialit\u00e9 (French)<\/a><\/p>\n<p><a class=\"downloadable\" href=\"https:\/\/trocellen.com\/wp-content\/uploads\/2025\/05\/Declaracion-de-privacidad-para-el-uso-de-la-pagina-web-20230801.pdf\">Declaraci\u00f3n de privacidad para el uso de la p\u00e1gina web (Spanish)<\/a><\/p>\n                <\/div>\n            <\/div>\n\n        <\/div>\n    <\/div>\n<\/section>\n\n\n<section class=\"col-content bg-gray-200 \">\n    <div class=\"container\">\n        <div class=\"general-content\">\n            \n            <div class=\"flex flex-col tablet:flex-row gap-small items-start\">\n                <div class=\"flex-1 \">\n                    <h3 class=\"text-black\/60\">Polifoam Co. Ltd.<\/h3>\n                <\/div>\n\n                <div class=\"flex-1\">\n                    <p><a class=\"downloadable\" href=\"https:\/\/trocellen.com\/wp-content\/uploads\/2025\/05\/Adatvedelmi-nyilatkozat-a-Weboldal-hasznalatahoz-20200401.pdf\">Adatv\u00e9delmi nyilatkozat a Weboldal haszn\u00e1lat\u00e1hoz (Hungarian)<\/a><\/p>\n<p><a class=\"downloadable\" href=\"https:\/\/trocellen.com\/wp-content\/uploads\/2025\/05\/Adatvedelmi-nyilatkozat-latogatok-reszere-20200405.pdf\">Adatv\u00e9delmi nyilatkozat l\u00e1togat\u00f3k r\u00e9sz\u00e9re (Hungarian)<\/a><\/p>\n<p><a class=\"downloadable\" href=\"https:\/\/trocellen.com\/wp-content\/uploads\/2025\/05\/Adatvedelmi-nyilatkozat-munkaero-kivalasztasi-eljarasban-resztvevok-reszere-20210601.pdf\">Adatv\u00e9delmi nyilatkozat munkaer\u0151 kiv\u00e1laszt\u00e1si elj\u00e1r\u00e1sban r\u00e9sztvev\u0151k r\u00e9sz\u00e9re (Hungarian)<\/a><\/p>\n<p><a class=\"downloadable\" href=\"https:\/\/trocellen.com\/wp-content\/uploads\/2025\/05\/Adatvedelmi-nyilatkozat-Ugyfelek-reszere-20200401.pdf\">Adatv\u00e9delmi nyilatkozat \u00dcgyfelek r\u00e9sz\u00e9re (Hungarian)<\/a><\/p>\n                <\/div>\n            <\/div>\n\n        <\/div>\n    <\/div>\n<\/section>\n\n\n<section class=\"col-content bg-gray-200 \">\n    <div class=\"container\">\n        <div class=\"general-content\">\n            \n            <div class=\"flex flex-col tablet:flex-row gap-small items-start\">\n                <div class=\"flex-1 \">\n                    <h3 class=\"text-black\/60\">Trocellen Automotive Hungary<\/h3>\n                <\/div>\n\n                <div class=\"flex-1\">\n                    <p><a class=\"downloadable\" href=\"https:\/\/trocellen.com\/wp-content\/uploads\/2025\/05\/Privacy-statement-clients_ENG_Trocellen_20240701.pdf\">Privacy Statement for Clients (English)<\/a><\/p>\n<p><a class=\"downloadable\" href=\"https:\/\/trocellen.com\/wp-content\/uploads\/2025\/05\/Privacy-statement-workforce-selection_ENG_Trocellen_20240701.pdf\">Privacy statement for participants in a recruitment procedure (English)<\/a><\/p>\n                <\/div>\n            <\/div>\n\n        <\/div>\n    <\/div>\n<\/section>\n\n\n<section class=\"col-content bg-white \">\n    <div class=\"container\">\n        <div class=\"general-content\">\n            \n            <div class=\"flex flex-col tablet:flex-row gap-small items-start\">\n                <div class=\"flex-1 \">\n                    <h2>Min\u0151s\u00e9g<\/h2>\n                <\/div>\n\n                <div class=\"flex-1\">\n                    <p><a class=\"downloadable\" href=\"\/hu\/anyagok-es-technologiak\/minoseg\/\">Min\u0151s\u00e9ghez kapcsol\u00f3d\u00f3 dokumentumok\u00e9rt kattints ide<\/a><\/p>\n                <\/div>\n            <\/div>\n\n        <\/div>\n    <\/div>\n<\/section>","protected":false},"excerpt":{"rendered":"","protected":false},"author":1,"featured_media":0,"parent":0,"menu_order":0,"comment_status":"closed","ping_status":"closed","template":"template-parts\/page-general.php","meta":{"_acf_changed":false,"footnotes":""},"class_list":["post-8277","page","type-page","status-publish","hentry"],"acf":[],"yoast_head":"<!-- This site is optimized with the Yoast SEO plugin v25.9 - https:\/\/yoast.com\/wordpress\/plugins\/seo\/ -->\n<title>Let\u00f6lt\u00e9sek - Trocellen, the European polyolefin foam solution provider<\/title>\n<meta name=\"robots\" content=\"index, follow, max-snippet:-1, max-image-preview:large, max-video-preview:-1\" \/>\n<link rel=\"canonical\" href=\"https:\/\/trocellen.com\/hu\/letoltesek\/\" \/>\n<meta property=\"og:locale\" content=\"hu_HU\" \/>\n<meta property=\"og:type\" content=\"article\" \/>\n<meta property=\"og:title\" content=\"Let\u00f6lt\u00e9sek - Trocellen, the European polyolefin foam solution provider\" \/>\n<meta property=\"og:url\" content=\"https:\/\/trocellen.com\/hu\/letoltesek\/\" \/>\n<meta property=\"og:site_name\" content=\"Trocellen, the European polyolefin foam solution provider\" \/>\n<meta property=\"article:modified_time\" content=\"2025-09-15T09:28:47+00:00\" \/>\n<meta name=\"twitter:card\" content=\"summary_large_image\" \/>\n<script type=\"application\/ld+json\" class=\"yoast-schema-graph\">{\"@context\":\"https:\/\/schema.org\",\"@graph\":[{\"@type\":\"WebPage\",\"@id\":\"https:\/\/trocellen.com\/hu\/letoltesek\/\",\"url\":\"https:\/\/trocellen.com\/hu\/letoltesek\/\",\"name\":\"Let\u00f6lt\u00e9sek - Trocellen, the European polyolefin foam solution provider\",\"isPartOf\":{\"@id\":\"https:\/\/trocellen.com\/#website\"},\"datePublished\":\"2025-05-13T11:22:44+00:00\",\"dateModified\":\"2025-09-15T09:28:47+00:00\",\"breadcrumb\":{\"@id\":\"https:\/\/trocellen.com\/hu\/letoltesek\/#breadcrumb\"},\"inLanguage\":\"hu\",\"potentialAction\":[{\"@type\":\"ReadAction\",\"target\":[\"https:\/\/trocellen.com\/hu\/letoltesek\/\"]}]},{\"@type\":\"BreadcrumbList\",\"@id\":\"https:\/\/trocellen.com\/hu\/letoltesek\/#breadcrumb\",\"itemListElement\":[{\"@type\":\"ListItem\",\"position\":1,\"name\":\"Home\",\"item\":\"https:\/\/trocellen.com\/hu\/\"},{\"@type\":\"ListItem\",\"position\":2,\"name\":\"Let\u00f6lt\u00e9sek\"}]},{\"@type\":\"WebSite\",\"@id\":\"https:\/\/trocellen.com\/#website\",\"url\":\"https:\/\/trocellen.com\/\",\"name\":\"Trocellen, the European polyolefin foam solution provider\",\"description\":\"TROCELLEN\u00ae is a leading manufacturer of chemically and physically cross-linked polyolefin and rubber foam solutions\",\"potentialAction\":[{\"@type\":\"SearchAction\",\"target\":{\"@type\":\"EntryPoint\",\"urlTemplate\":\"https:\/\/trocellen.com\/?s={search_term_string}\"},\"query-input\":{\"@type\":\"PropertyValueSpecification\",\"valueRequired\":true,\"valueName\":\"search_term_string\"}}],\"inLanguage\":\"hu\"}]}<\/script>\n<!-- \/ Yoast SEO plugin. -->","yoast_head_json":{"title":"Let\u00f6lt\u00e9sek - Trocellen, the European polyolefin foam solution provider","robots":{"index":"index","follow":"follow","max-snippet":"max-snippet:-1","max-image-preview":"max-image-preview:large","max-video-preview":"max-video-preview:-1"},"canonical":"https:\/\/trocellen.com\/hu\/letoltesek\/","og_locale":"hu_HU","og_type":"article","og_title":"Let\u00f6lt\u00e9sek - Trocellen, the European polyolefin foam solution provider","og_url":"https:\/\/trocellen.com\/hu\/letoltesek\/","og_site_name":"Trocellen, the European polyolefin foam solution provider","article_modified_time":"2025-09-15T09:28:47+00:00","twitter_card":"summary_large_image","schema":{"@context":"https:\/\/schema.org","@graph":[{"@type":"WebPage","@id":"https:\/\/trocellen.com\/hu\/letoltesek\/","url":"https:\/\/trocellen.com\/hu\/letoltesek\/","name":"Let\u00f6lt\u00e9sek - Trocellen, the European polyolefin foam solution provider","isPartOf":{"@id":"https:\/\/trocellen.com\/#website"},"datePublished":"2025-05-13T11:22:44+00:00","dateModified":"2025-09-15T09:28:47+00:00","breadcrumb":{"@id":"https:\/\/trocellen.com\/hu\/letoltesek\/#breadcrumb"},"inLanguage":"hu","potentialAction":[{"@type":"ReadAction","target":["https:\/\/trocellen.com\/hu\/letoltesek\/"]}]},{"@type":"BreadcrumbList","@id":"https:\/\/trocellen.com\/hu\/letoltesek\/#breadcrumb","itemListElement":[{"@type":"ListItem","position":1,"name":"Home","item":"https:\/\/trocellen.com\/hu\/"},{"@type":"ListItem","position":2,"name":"Let\u00f6lt\u00e9sek"}]},{"@type":"WebSite","@id":"https:\/\/trocellen.com\/#website","url":"https:\/\/trocellen.com\/","name":"Trocellen, the European polyolefin foam solution provider","description":"TROCELLEN\u00ae is a leading manufacturer of chemically and physically cross-linked polyolefin and rubber foam solutions","potentialAction":[{"@type":"SearchAction","target":{"@type":"EntryPoint","urlTemplate":"https:\/\/trocellen.com\/?s={search_term_string}"},"query-input":{"@type":"PropertyValueSpecification","valueRequired":true,"valueName":"search_term_string"}}],"inLanguage":"hu"}]}},"_links":{"self":[{"href":"https:\/\/trocellen.com\/hu\/wp-json\/wp\/v2\/pages\/8277","targetHints":{"allow":["GET"]}}],"collection":[{"href":"https:\/\/trocellen.com\/hu\/wp-json\/wp\/v2\/pages"}],"about":[{"href":"https:\/\/trocellen.com\/hu\/wp-json\/wp\/v2\/types\/page"}],"author":[{"embeddable":true,"href":"https:\/\/trocellen.com\/hu\/wp-json\/wp\/v2\/users\/1"}],"replies":[{"embeddable":true,"href":"https:\/\/trocellen.com\/hu\/wp-json\/wp\/v2\/comments?post=8277"}],"version-history":[{"count":4,"href":"https:\/\/trocellen.com\/hu\/wp-json\/wp\/v2\/pages\/8277\/revisions"}],"predecessor-version":[{"id":12348,"href":"https:\/\/trocellen.com\/hu\/wp-json\/wp\/v2\/pages\/8277\/revisions\/12348"}],"wp:attachment":[{"href":"https:\/\/trocellen.com\/hu\/wp-json\/wp\/v2\/media?parent=8277"}],"curies":[{"name":"wp","href":"https:\/\/api.w.org\/{rel}","templated":true}]}}