{"id":7651,"date":"2025-05-16T10:36:51","date_gmt":"2025-05-16T10:36:51","guid":{"rendered":"https:\/\/trocellen-dev.local\/cookies\/"},"modified":"2025-09-15T09:28:58","modified_gmt":"2025-09-15T09:28:58","slug":"cookie-policy","status":"publish","type":"page","link":"https:\/\/trocellen.com\/hu\/cookie-policy\/","title":{"rendered":"S\u00fctikre vonatkoz\u00f3 szab\u00e1lyzat"},"content":{"rendered":"\n<section class=\"col-content bg-gray-200 \">\n    <div class=\"container\">\n        <div class=\"general-content\">\n            \n            <div class=\"flex flex-col tablet:flex-col gap-small items-start\">\n                <div class=\"flex-1 w-full\">\n                    <p>A trocellen.com weboldal (\u00e9s az \u00fczlet\u00e1gak aldomainjei: insulation.trocellen.com, automotive.trocellen.com, adhesive-tapes.trocellen.com, sport-home-leisure.trocellen.com, footwear.trocellen.com, packaging.trocellen.com, progame-shockpads.com, progame-tatami. com, polifoam.hu, tctoday.com, tcinnolab.com, tcinnolab.hu, smrt-lab.com, smrtmug.com, smrtracket.com, smrtyoga.com, tctoday.com, wellstep.eu, a tov\u00e1bbiakban \u201eweboldal\u201d) s\u00fctiket \u00e9s hasonl\u00f3 technol\u00f3gi\u00e1kat haszn\u00e1l az \u00e1ltal\u00e1nos felhaszn\u00e1l\u00f3i viselked\u00e9s elemz\u00e9se vagy statikus felm\u00e9r\u00e9sek c\u00e9lj\u00e1b\u00f3l. Ez lehet\u0151v\u00e9 teszi sz\u00e1munkra, hogy \u00d6nnek, mint a weboldal felhaszn\u00e1l\u00f3j\u00e1nak, felhaszn\u00e1l\u00f3bar\u00e1tabb szolg\u00e1ltat\u00e1sokat ny\u00fajtsunk, \u00e9s a felhaszn\u00e1l\u00f3 \u00e9rdek\u00e9ben optimaliz\u00e1ljuk a weboldalon tal\u00e1lhat\u00f3 inform\u00e1ci\u00f3kat \u00e9s aj\u00e1nlatokat. Ennek keret\u00e9ben az al\u00e1bbi inform\u00e1ci\u00f3kat haszn\u00e1ljuk fel:<\/p>\n<ul class=\"wp-block-list\" type=\"a\">\n<li>Az \u00d6n internetprotokoll-c\u00edme (IP-c\u00edm)<\/li>\n<li>Felhaszn\u00e1l\u00f3i \u00e9s eszk\u00f6zazonos\u00edt\u00f3<\/li>\n<li>A weboldalunkhoz val\u00f3 hozz\u00e1sf\u00e9r\u00e9s\u00e9nek d\u00e1tuma \u00e9s id\u0151pontja<\/li>\n<li>A weboldalunkon elt\u00f6lt\u00f6tt id\u0151 hossza<\/li>\n<li>M\u00e1s weboldalakra vezet\u0151 linkekre t\u00f6rt\u00e9n\u0151 kattint\u00e1sok<\/li>\n<li>Az oper\u00e1ci\u00f3s rendszerre, a b\u00f6ng\u00e9sz\u0151 t\u00edpus\u00e1ra, a b\u00f6ng\u00e9sz\u0151 verzi\u00f3j\u00e1ra, a b\u00f6ng\u00e9sz\u0151 nyelv\u00e9re, az eszk\u00f6z t\u00edpus\u00e1ra vonatkoz\u00f3 inform\u00e1ci\u00f3k<\/li>\n<li>(hozz\u00e1vet\u0151leges) f\u00f6ldrajzi hely<\/li>\n<\/ul>\n<p>Az al\u00e1bbiakban tov\u00e1bbi inform\u00e1ci\u00f3kat tal\u00e1l a s\u00fctikr\u0151l \u00e9s hasonl\u00f3 technol\u00f3gi\u00e1kr\u00f3l, illetve arr\u00f3l, hogyan haszn\u00e1ljuk \u0151ket a weboldalon.<\/p>\n<h3>1. MIK AZOK A S\u00dcTIK \u00c9S HASONL\u00d3 TECHNOL\u00d3GI\u00c1K?<\/h3>\n<p>A s\u00fctik kis m\u00e9ret\u0171 sz\u00f6veges f\u00e1jlok, amelyeket egy weboldal megl\u00e1togat\u00e1sakor a v\u00e9gs\u0151 eszk\u00f6z (sz\u00e1m\u00edt\u00f3g\u00e9p, t\u00e1blag\u00e9p stb.) kap. Amikor legk\u00f6zelebb megl\u00e1togatja ezt a weboldalt, a s\u00fcti vagy az azt l\u00e9trehoz\u00f3 weboldalra ker\u00fcl visszak\u00fcld\u00e9sre, vagy egy m\u00e1sik weboldalra, amely k\u00e9pes felismerni az adott s\u00fctit. A s\u00fctik a weboldal mem\u00f3ri\u00e1jak\u00e9nt szolg\u00e1lnak, \u00e9s lehet\u0151v\u00e9 teszik, hogy a weboldal minden egyes alkalommal felismerje az \u00d6n v\u00e9gs\u0151 eszk\u00f6z\u00e9t, amikor \u00fajra megl\u00e1togatja a weboldalt. A s\u00fctik azt is lehet\u0151v\u00e9 teszik, hogy elmentse a b\u00f6ng\u00e9sz\u0151 be\u00e1ll\u00edt\u00e1sait, \u00e9s a tartalom testre szab\u00e1s\u00e1val felhaszn\u00e1l\u00f3bar\u00e1tabb \u00e9lm\u00e9nyben legyen r\u00e9sze a weboldalon. Ezenk\u00edv\u00fcl hasonl\u00f3 technol\u00f3gi\u00e1kat is haszn\u00e1lhatunk, p\u00e9ld\u00e1ul helyi t\u00e1rol\u00e1st, ujjlenyomatokat, pixeleket, webjelz\u0151ket (\u201eweb beacon\u201d). A s\u00fctikr\u0151l az al\u00e1bbi hivatkoz\u00e1son tal\u00e1lhat tov\u00e1bbi inform\u00e1ci\u00f3t (bele\u00e9rtve azt, hogy milyen s\u00fctiket helyezt\u00fcnk el a k\u00e9sz\u00fcl\u00e9k\u00e9n, illetve ezeket hogyan tudja kezelni \u00e9s t\u00f6r\u00f6lni): www.aboutcookies.org.<\/p>\n<h3>2. A S\u00dcTIK \u00c9S HASONL\u00d3 TECHNOL\u00d3GI\u00c1K KATEG\u00d3RI\u00c1I<\/h3>\n<p>Megk\u00fcl\u00f6nb\u00f6ztetj\u00fck a s\u00fctik al\u00e1bbi kateg\u00f3ri\u00e1it \u00e9s a kapcsol\u00f3d\u00f3 adatkezel\u00e9st:<\/p>\n<p><strong>Felt\u00e9tlen\u00fcl sz\u00fcks\u00e9ges<\/strong><\/p>\n<p>A felt\u00e9tlen\u00fcl sz\u00fcks\u00e9ges s\u00fctik a weboldal alapvet\u0151 alapfunkci\u00f3inak m\u0171k\u00f6d\u00e9s\u00e9t teszik lehet\u0151v\u00e9, p\u00e9ld\u00e1ul a felhaszn\u00e1l\u00f3i bejelentkez\u00e9st \u00e9s a fi\u00f3kkezel\u00e9st. Ezek alapvet\u0151en olyan s\u00fctik, amelyek a weboldalon tett l\u00e1togat\u00e1s v\u00e9g\u00e9n vagy legk\u00e9s\u0151bb a b\u00f6ng\u00e9sz\u0151 bez\u00e1r\u00e1sakor t\u00f6rl\u0151dnek. A felt\u00e9tlen\u00fcl sz\u00fcks\u00e9ges s\u00fctik n\u00e9lk\u00fcl a weboldal nem haszn\u00e1lhat\u00f3 megfelel\u0151en. Ez\u00e9rt ezeket a s\u00fctiket nem tudja kikapcsolni, ha haszn\u00e1lni k\u00edv\u00e1nja weboldalunkat. A technikai s\u00fctik list\u00e1ja a https:\/\/codex.wordpress.org\/WordPress_Cookies oldalon is megtal\u00e1lhat\u00f3. A szem\u00e9lyes adatok kezel\u00e9s\u00e9nek jogalapj\u00e1t a GDPR\u00a0<a href=\"https:\/\/beck-online.beck.de\/?typ=reference&amp;y=100&amp;g=EWG_DSGVO&amp;a=6\">6.<\/a>\u00a0cikk\u00a0<a href=\"https:\/\/beck-online.beck.de\/?typ=reference&amp;y=100&amp;g=EWG_DSGVO&amp;a=6&amp;x=1\">1.<\/a>\u00a0bekezd\u00e9se 1. mondat\u00e1nak f) pontja k\u00e9pezi. Az inform\u00e1ci\u00f3khoz val\u00f3 hozz\u00e1f\u00e9r\u00e9s \u00e9s azok t\u00e1rol\u00e1sa a v\u00e9gs\u0151 eszk\u00f6z\u00f6n a TTDSG (a n\u00e9met sz\u00f6vets\u00e9gi t\u00f6rv\u00e9ny a mag\u00e1n\u00e9let v\u00e9delm\u00e9r\u0151l a t\u00e1vk\u00f6zl\u00e9s \u00e9s a telem\u00e9dia ter\u00fclet\u00e9n) \u00a7 25. (2) bekezd\u00e9s\u00e9n alapul.<\/p>\n<p><strong>Teljes\u00edtm\u00e9ny<\/strong><\/p>\n<p>A teljes\u00edtm\u00e9nys\u00fctik arr\u00f3l gy\u0171jtenek inform\u00e1ci\u00f3kat, hogy a l\u00e1togat\u00f3k hogyan haszn\u00e1lj\u00e1k a weboldalt \u2013 ilyenek p\u00e9ld\u00e1ul az analitikai s\u00fctik. Ezek a s\u00fctik nem haszn\u00e1lhat\u00f3k egy adott l\u00e1togat\u00f3 k\u00f6zvetlen azonos\u00edt\u00e1s\u00e1ra. Ezeket a s\u00fctiket csak az \u00d6n hozz\u00e1j\u00e1rul\u00e1s\u00e1val haszn\u00e1ljuk. A szem\u00e9lyes adatok kezel\u00e9s\u00e9nek jogalapj\u00e1t a GDPR 6. cikk 1. bekezd\u00e9s\u00e9nek a) pontja k\u00e9pezi. Az inform\u00e1ci\u00f3khoz val\u00f3 hozz\u00e1f\u00e9r\u00e9s \u00e9s azok t\u00e1rol\u00e1sa a v\u00e9gs\u0151 eszk\u00f6z\u00f6n a TTDSG (a n\u00e9met sz\u00f6vets\u00e9gi t\u00f6rv\u00e9ny a mag\u00e1n\u00e9let v\u00e9delm\u00e9r\u0151l a t\u00e1vk\u00f6zl\u00e9s \u00e9s a telem\u00e9dia ter\u00fclet\u00e9n) \u00a7 25. (1) bekezd\u00e9s\u00e9n alapul. Hozz\u00e1j\u00e1rul\u00e1s\u00e1t b\u00e1rmikor visszavonhatja a j\u00f6v\u0151re n\u00e9zve.<\/p>\n<p><strong>Funkcionalit\u00e1s<\/strong><\/p>\n<p>A funkcion\u00e1lis s\u00fctik l\u00e1togat\u00f3i inform\u00e1ci\u00f3kat (pl. nyelv, id\u0151z\u00f3na, b\u0151v\u00edtett tartalom) t\u00e1rolnak a weboldalon. Ezeket a s\u00fctiket csak az \u00d6n hozz\u00e1j\u00e1rul\u00e1s\u00e1val haszn\u00e1ljuk. A szem\u00e9lyes adatok kezel\u00e9s\u00e9nek jogalapj\u00e1t a GDPR 6. cikk 1. bekezd\u00e9s\u00e9nek a) pontja k\u00e9pezi. Az inform\u00e1ci\u00f3khoz val\u00f3 hozz\u00e1f\u00e9r\u00e9s \u00e9s azok t\u00e1rol\u00e1sa a v\u00e9gs\u0151 eszk\u00f6z\u00f6n a TTDSG (a n\u00e9met sz\u00f6vets\u00e9gi t\u00f6rv\u00e9ny a mag\u00e1n\u00e9let v\u00e9delm\u00e9r\u0151l a t\u00e1vk\u00f6zl\u00e9s \u00e9s a telem\u00e9dia ter\u00fclet\u00e9n, az EU elektronikus h\u00edrk\u00f6zl\u00e9si adatv\u00e9delmi ir\u00e1nyelv\u00e9nek n\u00e9metorsz\u00e1gi v\u00e9grehajt\u00e1si jogszab\u00e1lya) \u00a7 25. (1) bekezd\u00e9s\u00e9n alapul. Hozz\u00e1j\u00e1rul\u00e1s\u00e1t b\u00e1rmikor visszavonhatja a j\u00f6v\u0151re n\u00e9zve.<\/p>\n<p><strong>Hasonl\u00f3 technol\u00f3gi\u00e1k<\/strong><\/p>\n<p>Bizonyos funkci\u00f3k nem s\u00fctiken, hanem hasonl\u00f3 technikai mechanizmusokon alapulnak, mint p\u00e9ld\u00e1ul a helyi t\u00e1rol\u00e1s, ujjlenyomatok, pixelek, webjelz\u0151k (\u201eweb beacon\u201d), Flash-s\u00fctik \u00e9s HTML5 objektumok. Az eredm\u00e9ny a s\u00fctik haszn\u00e1lat\u00e1hoz hasonl\u00edthat\u00f3, \u00e9s ez\u00e9rt szint\u00e9n a fenti kateg\u00f3ri\u00e1kba sorolhat\u00f3. Term\u00e9szetesen ebben az esetben is hozz\u00e1j\u00e1rulhat a technol\u00f3gi\u00e1k haszn\u00e1lat\u00e1hoz, illetve elutas\u00edthatja azokat.<\/p>\n<h3>2. S\u00dcTIK \u00c9S HASONL\u00d3 TECHNOL\u00d3GI\u00c1K ALKALMAZ\u00c1SA<\/h3>\n<p>Ez a weboldal az al\u00e1bbi harmadik felek \u00e1ltal biztos\u00edtott s\u00fctiket haszn\u00e1lja:<\/p>\n<ul class=\"wp-block-list\">\n<li>Google<\/li>\n<li>Facebook<\/li>\n<li>Twitter<\/li>\n<li>Linkedin<\/li>\n<li>YouTube<\/li>\n<\/ul>\n<p>A weboldal olyan eszk\u00f6z\u00f6ket alkalmaz, amelyek korl\u00e1tozz\u00e1k a s\u00fctik azonos\u00edt\u00f3 k\u00e9pess\u00e9g\u00e9t, pl. a \u201egat._anonymizelp ();\u201d-et, hogy ezzel biztos\u00edtsa az IP-c\u00edmek anonimiz\u00e1l\u00e1s\u00e1t (azaz az \u201eIP-\u00e1lc\u00e1z\u00e1st\u201d).<\/p>\n<h3>4. A HOZZ\u00c1J\u00c1RUL\u00c1S KEZEL\u00c9SE \u00c9S A S\u00dcTIK KIKAPCSOL\u00c1SA<\/h3>\n<p>Az egyes s\u00fctikr\u0151l vagy hasonl\u00f3 technol\u00f3gi\u00e1kr\u00f3l a hozz\u00e1j\u00e1rul\u00e1si banner\u00fcnk\u00f6n tal\u00e1l t\u00e1j\u00e9koztat\u00e1st. Ezt az eszk\u00f6zt arra haszn\u00e1ljuk, hogy megkapjuk az \u00d6n hozz\u00e1j\u00e1rul\u00e1s\u00e1t, illetve hogy \u00d6n kezelhesse \u00e9s visszavonhassa a hozz\u00e1j\u00e1rul\u00e1s\u00e1t.\u00a0 Hozz\u00e1j\u00e1rul\u00e1si banner\u00fcnket a weboldal alj\u00e1n tal\u00e1lhat\u00f3 \u201eS\u00fctibe\u00e1ll\u00edt\u00e1sok\u201d linken kereszt\u00fcl \u00e9rheti el. Az \u00d6n hozz\u00e1j\u00e1rul\u00e1s\u00e1nak vagy a s\u00fctik elutas\u00edt\u00e1s\u00e1nak dokument\u00e1l\u00e1sa s\u00fctik haszn\u00e1lat\u00e1val is t\u00f6rt\u00e9nhet. A szem\u00e9lyes adatok ezzel kapcsolatos kezel\u00e9s\u00e9nek jogalapj\u00e1t a GDPR 6. cikk 1. bekezd\u00e9s\u00e9nek f) pontja k\u00e9pezi. Az inform\u00e1ci\u00f3khoz val\u00f3 ezzel kapcsolatos hozz\u00e1f\u00e9r\u00e9s \u00e9s azok t\u00e1rol\u00e1sa a v\u00e9gs\u0151 eszk\u00f6z\u00f6n felt\u00e9tlen\u00fcl sz\u00fcks\u00e9ges. Ez az EU tag\u00e1llamok elektronikus h\u00edrk\u00f6zl\u00e9si adatv\u00e9delmi ir\u00e1nyelv\u00e9nek v\u00e9grehajt\u00e1si jogszab\u00e1ly\u00e1n, N\u00e9metorsz\u00e1gban a TTDSG (a n\u00e9met sz\u00f6vets\u00e9gi t\u00f6rv\u00e9ny a mag\u00e1n\u00e9let v\u00e9delm\u00e9r\u0151l a t\u00e1vk\u00f6zl\u00e9s \u00e9s a telem\u00e9dia ter\u00fclet\u00e9n) \u00a7 25. (2) bekezd\u00e9s\u00e9n alapul.<\/p>\n<p>\u00d6nnek arra is lehet\u0151s\u00e9ge van, hogy megakad\u00e1lyozza a s\u00fctik haszn\u00e1lat\u00e1t is, \u00e9s \u00edgy v\u00e9glegesen elutas\u00edtsa a s\u00fctik bekapcsol\u00e1s\u00e1t. Tov\u00e1bb\u00e1 a m\u00e1r bekapcsolt s\u00fctik b\u00e1rmikor t\u00f6r\u00f6lhet\u0151k a b\u00f6ng\u00e9sz\u0151 vagy m\u00e1s szoftverek seg\u00edts\u00e9g\u00e9vel. Ez minden elterjedt b\u00f6ng\u00e9sz\u0151ben lehets\u00e9ges. K\u00e9rj\u00fck, olvassa el az adott b\u00f6ng\u00e9sz\u0151 szolg\u00e1ltat\u00f3ja \u00e1ltal megadott utas\u00edt\u00e1sokat. R\u00e9szletes t\u00e1j\u00e9koztat\u00e1st a www.aboutcookies.org oldalon tal\u00e1lhat. Felh\u00edvjuk figyelm\u00e9t, hogy a s\u00fctik elutas\u00edt\u00e1sa\/letilt\u00e1sa azt eredm\u00e9nyezheti, hogy \u00d6n nem tudja haszn\u00e1lni a weboldal bizonyos funkci\u00f3it.<\/p>\n<p>Tov\u00e1bbi t\u00e1j\u00e9koztat\u00e1s\u00e9rt, k\u00e9rj\u00fck,\u00a0<a href=\"https:\/\/trocellen.com\/hu\/privacy-statement\/\" target=\"_blank\" rel=\"noreferrer noopener\">olvassa el az adatv\u00e9delmi szab\u00e1lyzatunkat<\/a>.<\/p>\n<p>Kapcsolattart\u00f3 szem\u00e9ly: A S\u00fctikre vonatkoz\u00f3 szab\u00e1lyzattal kapcsolatos tov\u00e1bbi inform\u00e1ci\u00f3k\u00e9rt, k\u00e9rj\u00fck, k\u00fcldj\u00f6n e-mailt a marketing@trocellen.com c\u00edmre.\u00a0 Postai lev\u00e9lben is felveheti vel\u00fcnk a kapcsolatot: Trocellen GmbH, Viktoria Csonka (postac\u00edm: M\u00fclheimer Stra\u00dfe 26 53840 Troisdorf); vagy h\u00edvhat minket az al\u00e1bbi telefonsz\u00e1mon: +36 070 436 5722.<\/p>\n                <\/div>\n\n                <div class=\"flex-1\">\n                                    <\/div>\n            <\/div>\n\n        <\/div>\n    <\/div>\n<\/section>\n\n\n<p><\/p>\n","protected":false},"excerpt":{"rendered":"","protected":false},"author":1,"featured_media":0,"parent":0,"menu_order":0,"comment_status":"closed","ping_status":"closed","template":"template-parts\/page-general.php","meta":{"_acf_changed":false,"footnotes":""},"class_list":["post-7651","page","type-page","status-publish","hentry"],"acf":[],"yoast_head":"<!-- This site is optimized with the Yoast SEO plugin v25.9 - https:\/\/yoast.com\/wordpress\/plugins\/seo\/ -->\n<title>S\u00fctikre vonatkoz\u00f3 szab\u00e1lyzat - Trocellen, the European polyolefin foam solution provider<\/title>\n<meta name=\"robots\" content=\"index, follow, max-snippet:-1, max-image-preview:large, max-video-preview:-1\" \/>\n<link rel=\"canonical\" href=\"https:\/\/trocellen.com\/hu\/cookie-policy\/\" \/>\n<meta property=\"og:locale\" content=\"hu_HU\" \/>\n<meta property=\"og:type\" content=\"article\" \/>\n<meta property=\"og:title\" content=\"S\u00fctikre vonatkoz\u00f3 szab\u00e1lyzat - Trocellen, the European polyolefin foam solution provider\" \/>\n<meta property=\"og:url\" content=\"https:\/\/trocellen.com\/hu\/cookie-policy\/\" \/>\n<meta property=\"og:site_name\" content=\"Trocellen, the European polyolefin foam solution provider\" \/>\n<meta property=\"article:modified_time\" content=\"2025-09-15T09:28:58+00:00\" \/>\n<meta name=\"twitter:card\" content=\"summary_large_image\" \/>\n<script type=\"application\/ld+json\" class=\"yoast-schema-graph\">{\"@context\":\"https:\/\/schema.org\",\"@graph\":[{\"@type\":\"WebPage\",\"@id\":\"https:\/\/trocellen.com\/hu\/cookie-policy\/\",\"url\":\"https:\/\/trocellen.com\/hu\/cookie-policy\/\",\"name\":\"S\u00fctikre vonatkoz\u00f3 szab\u00e1lyzat - Trocellen, the European polyolefin foam solution provider\",\"isPartOf\":{\"@id\":\"https:\/\/trocellen.com\/#website\"},\"datePublished\":\"2025-05-16T10:36:51+00:00\",\"dateModified\":\"2025-09-15T09:28:58+00:00\",\"breadcrumb\":{\"@id\":\"https:\/\/trocellen.com\/hu\/cookie-policy\/#breadcrumb\"},\"inLanguage\":\"hu\",\"potentialAction\":[{\"@type\":\"ReadAction\",\"target\":[\"https:\/\/trocellen.com\/hu\/cookie-policy\/\"]}]},{\"@type\":\"BreadcrumbList\",\"@id\":\"https:\/\/trocellen.com\/hu\/cookie-policy\/#breadcrumb\",\"itemListElement\":[{\"@type\":\"ListItem\",\"position\":1,\"name\":\"Home\",\"item\":\"https:\/\/trocellen.com\/hu\/\"},{\"@type\":\"ListItem\",\"position\":2,\"name\":\"S\u00fctikre vonatkoz\u00f3 szab\u00e1lyzat\"}]},{\"@type\":\"WebSite\",\"@id\":\"https:\/\/trocellen.com\/#website\",\"url\":\"https:\/\/trocellen.com\/\",\"name\":\"Trocellen, the European polyolefin foam solution provider\",\"description\":\"TROCELLEN\u00ae is a leading manufacturer of chemically and physically cross-linked polyolefin and rubber foam solutions\",\"potentialAction\":[{\"@type\":\"SearchAction\",\"target\":{\"@type\":\"EntryPoint\",\"urlTemplate\":\"https:\/\/trocellen.com\/?s={search_term_string}\"},\"query-input\":{\"@type\":\"PropertyValueSpecification\",\"valueRequired\":true,\"valueName\":\"search_term_string\"}}],\"inLanguage\":\"hu\"}]}<\/script>\n<!-- \/ Yoast SEO plugin. -->","yoast_head_json":{"title":"S\u00fctikre vonatkoz\u00f3 szab\u00e1lyzat - Trocellen, the European polyolefin foam solution provider","robots":{"index":"index","follow":"follow","max-snippet":"max-snippet:-1","max-image-preview":"max-image-preview:large","max-video-preview":"max-video-preview:-1"},"canonical":"https:\/\/trocellen.com\/hu\/cookie-policy\/","og_locale":"hu_HU","og_type":"article","og_title":"S\u00fctikre vonatkoz\u00f3 szab\u00e1lyzat - Trocellen, the European polyolefin foam solution provider","og_url":"https:\/\/trocellen.com\/hu\/cookie-policy\/","og_site_name":"Trocellen, the European polyolefin foam solution provider","article_modified_time":"2025-09-15T09:28:58+00:00","twitter_card":"summary_large_image","schema":{"@context":"https:\/\/schema.org","@graph":[{"@type":"WebPage","@id":"https:\/\/trocellen.com\/hu\/cookie-policy\/","url":"https:\/\/trocellen.com\/hu\/cookie-policy\/","name":"S\u00fctikre vonatkoz\u00f3 szab\u00e1lyzat - Trocellen, the European polyolefin foam solution provider","isPartOf":{"@id":"https:\/\/trocellen.com\/#website"},"datePublished":"2025-05-16T10:36:51+00:00","dateModified":"2025-09-15T09:28:58+00:00","breadcrumb":{"@id":"https:\/\/trocellen.com\/hu\/cookie-policy\/#breadcrumb"},"inLanguage":"hu","potentialAction":[{"@type":"ReadAction","target":["https:\/\/trocellen.com\/hu\/cookie-policy\/"]}]},{"@type":"BreadcrumbList","@id":"https:\/\/trocellen.com\/hu\/cookie-policy\/#breadcrumb","itemListElement":[{"@type":"ListItem","position":1,"name":"Home","item":"https:\/\/trocellen.com\/hu\/"},{"@type":"ListItem","position":2,"name":"S\u00fctikre vonatkoz\u00f3 szab\u00e1lyzat"}]},{"@type":"WebSite","@id":"https:\/\/trocellen.com\/#website","url":"https:\/\/trocellen.com\/","name":"Trocellen, the European polyolefin foam solution provider","description":"TROCELLEN\u00ae is a leading manufacturer of chemically and physically cross-linked polyolefin and rubber foam solutions","potentialAction":[{"@type":"SearchAction","target":{"@type":"EntryPoint","urlTemplate":"https:\/\/trocellen.com\/?s={search_term_string}"},"query-input":{"@type":"PropertyValueSpecification","valueRequired":true,"valueName":"search_term_string"}}],"inLanguage":"hu"}]}},"_links":{"self":[{"href":"https:\/\/trocellen.com\/hu\/wp-json\/wp\/v2\/pages\/7651","targetHints":{"allow":["GET"]}}],"collection":[{"href":"https:\/\/trocellen.com\/hu\/wp-json\/wp\/v2\/pages"}],"about":[{"href":"https:\/\/trocellen.com\/hu\/wp-json\/wp\/v2\/types\/page"}],"author":[{"embeddable":true,"href":"https:\/\/trocellen.com\/hu\/wp-json\/wp\/v2\/users\/1"}],"replies":[{"embeddable":true,"href":"https:\/\/trocellen.com\/hu\/wp-json\/wp\/v2\/comments?post=7651"}],"version-history":[{"count":3,"href":"https:\/\/trocellen.com\/hu\/wp-json\/wp\/v2\/pages\/7651\/revisions"}],"predecessor-version":[{"id":12349,"href":"https:\/\/trocellen.com\/hu\/wp-json\/wp\/v2\/pages\/7651\/revisions\/12349"}],"wp:attachment":[{"href":"https:\/\/trocellen.com\/hu\/wp-json\/wp\/v2\/media?parent=7651"}],"curies":[{"name":"wp","href":"https:\/\/api.w.org\/{rel}","templated":true}]}}