{"id":7513,"date":"2025-04-29T08:20:58","date_gmt":"2025-04-29T08:20:58","guid":{"rendered":"https:\/\/trocellen-dev.local\/fenntarthatosag\/ceo-message\/"},"modified":"2025-10-10T11:04:13","modified_gmt":"2025-10-10T11:04:13","slug":"vezerigazgatoi-uzenet","status":"publish","type":"page","link":"https:\/\/trocellen.com\/hu\/fenntarthatosag\/vezerigazgatoi-uzenet\/","title":{"rendered":"Vez\u00e9rigazgat\u00f3i \u00fczenet"},"content":{"rendered":"\n<div class=\"group relative bg-white h-[32px]\" aria-hidden=\"true\"><\/div>\n\n\n<section class=\"general-content text-[#131313]\">\n    <div class=\"container\">\n        <div>\n            <h3 class=\"text-center\">Fenntarthat\u00f3 j\u00f6v\u0151 \u00e9p\u00edt\u00e9se &#8211; egy\u00fctt <\/h3>\n\n                    <\/div>\n    <\/div>\n<\/section>\n\n\n<div class=\"group relative bg-white h-[32px]\" aria-hidden=\"true\"><\/div>\n\n\n<div class=\"group relative bg-gray-200 h-[24px] laptop:h-[64px]\" aria-hidden=\"true\"><\/div>\n\n\n<section class=\"bg-gray-200\">\n    <div class=\"container\">\n        <div class=\"general-content\">\n            <div class=\"flex flex-col tablet:flex-row items-start gap-medPlus\">\n\n            <div class=\"flex flex-col gap-small w-[269px] shrink-0 max-w-full\">\n                <div class=\"h-[378px] rounded-tr-tr-100 overflow-hidden\">\n                    <img decoding=\"async\" src=\"https:\/\/trocellen.com\/wp-content\/uploads\/2025\/05\/ceo-image.png\" alt=\"\" class=\"w-full object-cover\">\n                <\/div>\n\n                <div class=\"general-content text-[#023157]\">\n                    <h2 class=\"!pb-0\">Oliver Cordt <\/h2>\n                    <span class=\"font-normal\">Vez\u00e9rigazgat\u00f3<\/span>\n                <\/div>\n            <\/div>\n\n            <div class=\"laptop:pr-[12.125rem]\">\n                <h3>A mai vil\u00e1gban a<em> fenntarthat\u00f3s\u00e1g <\/em>m\u00e1r alapvet\u0151 \u00e9rt\u00e9k, felel\u0151ss\u00e9g \u00e9s strat\u00e9giai sz\u00fcks\u00e9gszer\u0171s\u00e9g. Els\u0151 pillant\u00e1sra \u00fagy t\u0171nhet, hogy a fenntarthat\u00f3s\u00e1g ellent\u00e9tben \u00e1ll az olyan \u00fczleti c\u00e9lokkal, mint a n\u00f6veked\u00e9s, a hat\u00e9konys\u00e1g \u00e9s a nyeres\u00e9gess\u00e9g. De val\u00f3ban \u00edgy van ez?<\/h3>\n<h3>A v\u00e1lasz a perspekt\u00edv\u00e1ban rejlik.<\/h3>\n<p>R\u00f6vid t\u00e1von a fenntarthat\u00f3 fejl\u0151d\u00e9s kih\u00edv\u00e1snak t\u0171nhet &#8211; id\u0151t, elk\u00f6telezetts\u00e9get \u00e9s jelent\u0151s er\u0151forr\u00e1sokat ig\u00e9nyel. Ez egy \u00e1talakul\u00e1si \u00fat, nem pedig egy gyors megold\u00e1s. Ha azonban hossz\u00fa t\u00e1von szeml\u00e9lj\u00fck, a fenntarthat\u00f3s\u00e1g a tart\u00f3s siker er\u0151teljes t\u00e1mogat\u00f3j\u00e1v\u00e1 v\u00e1lik. Er\u0151s\u00edti &#8211; nem pedig gyeng\u00edti &#8211; a hagyom\u00e1nyos \u00fczleti \u00e9rt\u00e9keket. El\u0151seg\u00edti az innov\u00e1ci\u00f3t, biztos\u00edtja a j\u00f6v\u0151beli er\u0151forr\u00e1sokat, \u00e9s tart\u00f3s bizalmat \u00e9p\u00edt az \u00e9rdekeltekkel.<\/p>\n<ul>\n<li>Mert emberek n\u00e9lk\u00fcl nincs v\u00e1llalkoz\u00e1s.<\/li>\n<li>Mert \u00e9lhet\u0151 bolyg\u00f3 n\u00e9lk\u00fcl nincs c\u00e9l.<\/li>\n<li>Mert j\u00f6v\u0151k\u00e9p n\u00e9lk\u00fcl nincs mire t\u00f6rekedni.<\/li>\n<\/ul>\n<p>A Trocellen Groupn\u00e1l mindig is hitt\u00fcnk abban, hogy a felel\u0151s \u00fczlet fenntarthat\u00f3 \u00fczlet. Jap\u00e1n anyav\u00e1llalatunk, a Furukawa Electric el\u0151remutat\u00f3 filoz\u00f3fi\u00e1j\u00e1t k\u00f6vetve elk\u00f6telezettek vagyunk a hossz\u00fa t\u00e1v\u00fa \u00e9rt\u00e9kteremt\u00e9s mellett, amely tiszteletben tartja mind az embereket, mind a bolyg\u00f3t.<\/p>\n<p>A Brundtland Bizotts\u00e1g id\u0151t\u00e1ll\u00f3 meghat\u00e1roz\u00e1sa inspir\u00e1l benn\u00fcnket:<\/p>\n<blockquote>\n<h4>Olyan fejl\u0151d\u00e9s, amely kiel\u00e9g\u00edti a jelen sz\u00fcks\u00e9gleteit an\u00e9lk\u00fcl, hogy vesz\u00e9lyeztetn\u00e9 a j\u00f6v\u0151 gener\u00e1ci\u00f3k k\u00e9pess\u00e9g\u00e9t saj\u00e1t sz\u00fcks\u00e9gleteik kiel\u00e9g\u00edt\u00e9s\u00e9re.<\/h4>\n<\/blockquote>\n<p>Ez az elv ma aktu\u00e1lisabb, mint valaha, az \u00e9ghajlatv\u00e1ltoz\u00e1s, a v\u00e9ges er\u0151forr\u00e1sok \u00e9s a glob\u00e1lis egyenl\u0151tlens\u00e9gek miatt. Ebben az \u00f6sszetett k\u00f6rnyezetben a v\u00e1llalati fenntarthat\u00f3s\u00e1g nem lehet\u0151s\u00e9g &#8211; hanem sz\u00fcks\u00e9gszer\u0171s\u00e9g.<\/p>\n<h3>Elk\u00f6telezetts\u00e9g\u00fcnk a gyakorlatban<\/h3>\n<p>Ahhoz, hogy a j\u00f6v\u0151k\u00e9pet hat\u00e1ss\u00e1 alak\u00edtsuk, a fenntarthat\u00f3s\u00e1got m\u0171k\u00f6d\u00e9s\u00fcnk minden aspektus\u00e1ba be\u00e1gyaztuk:<\/p>\n<ul>\n<li>A k\u00f6rforg\u00e1st tervezz\u00fck: Elfogadtuk a k\u00f6rnyezetbar\u00e1t tervez\u00e9s elveit, hogy term\u00e9keink t\u00e1mogass\u00e1k a k\u00f6rforg\u00e1sos gazdas\u00e1got, minimaliz\u00e1lj\u00e1k a hullad\u00e9k mennyis\u00e9g\u00e9t \u00e9s maximaliz\u00e1lj\u00e1k az er\u0151forr\u00e1s-hat\u00e9konys\u00e1got.<\/li>\n<li>Felel\u0151ss\u00e9gteljes innov\u00e1ci\u00f3: K+F csapataink olyan megold\u00e1sok \u00e9s technol\u00f3gi\u00e1k kifejleszt\u00e9s\u00e9re \u00f6sszpontos\u00edtanak, amelyek jav\u00edtj\u00e1k a k\u00f6rnyezeti teljes\u00edtm\u00e9nyt \u00e9s cs\u00f6kkentik az \u00f6kol\u00f3giai l\u00e1bnyomot.<\/li>\n<li>Az emberek t\u00e1mogat\u00e1sa: Szervezeti folyamatainkat \u00fagy alak\u00edtjuk \u00e1t, hogy el\u0151seg\u00edts\u00fck munkat\u00e1rsaink, partnereink \u00e9s k\u00f6z\u00f6ss\u00e9geink j\u00f3l\u00e9t\u00e9t, befogad\u00e1s\u00e1t \u00e9s siker\u00e9t.<\/li>\n<li>Az el\u0151rehalad\u00e1s \u00e1tl\u00e1that\u00f3 m\u00e9r\u00e9se: Fenntarthat\u00f3s\u00e1gi er\u0151fesz\u00edt\u00e9seinket a leg\u00fajabb m\u00f3dszerek seg\u00edts\u00e9g\u00e9vel k\u00f6vetj\u00fck nyomon, \u00e9s rendszeresen figyelemmel k\u00eds\u00e9rj\u00fck az el\u0151rehalad\u00e1sunkat.<\/li>\n<\/ul>\n<p>A fenntarthat\u00f3s\u00e1g az egy\u00e9ni elk\u00f6telezetts\u00e9ggel kezd\u0151dik &#8211; de igazi ereje a k\u00f6z\u00f6s er\u0151fesz\u00edt\u00e9sben rejlik. K\u00f6sz\u00f6nj\u00fck munkat\u00e1rsainknak, partnereinknek \u00e9s \u00e9rdekelt feleinknek a folyamatos t\u00e1mogat\u00e1st. Egy\u00fctt egy olyan j\u00f6v\u0151 fel\u00e9 t\u00f6rj\u00fck az utat, ahol a lehet\u0151s\u00e9gek, az innov\u00e1ci\u00f3 \u00e9s a felel\u0151ss\u00e9gv\u00e1llal\u00e1s k\u00e9z a k\u00e9zben j\u00e1rnak.<\/p>\n<p>&nbsp;<\/p>\n<h3>\u00c9p\u00edts\u00fck ezt a j\u00f6v\u0151t &#8211; m\u00e9g ma.<\/h3>\n            <\/div>\n\n            <\/div>\n        <\/div>\n    <\/div>\n<\/section>\n\n\n<div class=\"group relative bg-gray-200 h-[24px] laptop:h-[64px]\" aria-hidden=\"true\"><\/div>","protected":false},"excerpt":{"rendered":"","protected":false},"author":1,"featured_media":0,"parent":7503,"menu_order":0,"comment_status":"closed","ping_status":"closed","template":"template-parts\/page-general.php","meta":{"_acf_changed":false,"footnotes":""},"class_list":["post-7513","page","type-page","status-publish","hentry"],"acf":[],"yoast_head":"<!-- This site is optimized with the Yoast SEO plugin v25.9 - https:\/\/yoast.com\/wordpress\/plugins\/seo\/ -->\n<title>Vez\u00e9rigazgat\u00f3i \u00fczenet - Trocellen, the European polyolefin foam solution provider<\/title>\n<meta name=\"robots\" content=\"index, follow, max-snippet:-1, max-image-preview:large, max-video-preview:-1\" \/>\n<link rel=\"canonical\" href=\"https:\/\/trocellen.com\/sustainability\/ceo-message\/\" \/>\n<meta property=\"og:locale\" content=\"hu_HU\" \/>\n<meta property=\"og:type\" content=\"article\" \/>\n<meta property=\"og:title\" content=\"Vez\u00e9rigazgat\u00f3i \u00fczenet - Trocellen, the European polyolefin foam solution provider\" \/>\n<meta property=\"og:url\" content=\"https:\/\/trocellen.com\/sustainability\/ceo-message\/\" \/>\n<meta property=\"og:site_name\" content=\"Trocellen, the European polyolefin foam solution provider\" \/>\n<meta property=\"article:modified_time\" content=\"2025-10-10T11:04:13+00:00\" \/>\n<meta name=\"twitter:card\" content=\"summary_large_image\" \/>\n<script type=\"application\/ld+json\" class=\"yoast-schema-graph\">{\"@context\":\"https:\/\/schema.org\",\"@graph\":[{\"@type\":\"WebPage\",\"@id\":\"https:\/\/trocellen.com\/sustainability\/ceo-message\/\",\"url\":\"https:\/\/trocellen.com\/sustainability\/ceo-message\/\",\"name\":\"Vez\u00e9rigazgat\u00f3i \u00fczenet - Trocellen, the European polyolefin foam solution provider\",\"isPartOf\":{\"@id\":\"https:\/\/trocellen.com\/#website\"},\"datePublished\":\"2025-04-29T08:20:58+00:00\",\"dateModified\":\"2025-10-10T11:04:13+00:00\",\"breadcrumb\":{\"@id\":\"https:\/\/trocellen.com\/sustainability\/ceo-message\/#breadcrumb\"},\"inLanguage\":\"hu\",\"potentialAction\":[{\"@type\":\"ReadAction\",\"target\":[\"https:\/\/trocellen.com\/sustainability\/ceo-message\/\"]}]},{\"@type\":\"BreadcrumbList\",\"@id\":\"https:\/\/trocellen.com\/sustainability\/ceo-message\/#breadcrumb\",\"itemListElement\":[{\"@type\":\"ListItem\",\"position\":1,\"name\":\"Home\",\"item\":\"https:\/\/trocellen.com\/hu\/\"},{\"@type\":\"ListItem\",\"position\":2,\"name\":\"Vez\u00e9rigazgat\u00f3i \u00fczenet\"}]},{\"@type\":\"WebSite\",\"@id\":\"https:\/\/trocellen.com\/#website\",\"url\":\"https:\/\/trocellen.com\/\",\"name\":\"Trocellen, the European polyolefin foam solution provider\",\"description\":\"TROCELLEN\u00ae is a leading manufacturer of chemically and physically cross-linked polyolefin and rubber foam solutions\",\"potentialAction\":[{\"@type\":\"SearchAction\",\"target\":{\"@type\":\"EntryPoint\",\"urlTemplate\":\"https:\/\/trocellen.com\/?s={search_term_string}\"},\"query-input\":{\"@type\":\"PropertyValueSpecification\",\"valueRequired\":true,\"valueName\":\"search_term_string\"}}],\"inLanguage\":\"hu\"}]}<\/script>\n<!-- \/ Yoast SEO plugin. -->","yoast_head_json":{"title":"Vez\u00e9rigazgat\u00f3i \u00fczenet - Trocellen, the European polyolefin foam solution provider","robots":{"index":"index","follow":"follow","max-snippet":"max-snippet:-1","max-image-preview":"max-image-preview:large","max-video-preview":"max-video-preview:-1"},"canonical":"https:\/\/trocellen.com\/sustainability\/ceo-message\/","og_locale":"hu_HU","og_type":"article","og_title":"Vez\u00e9rigazgat\u00f3i \u00fczenet - Trocellen, the European polyolefin foam solution provider","og_url":"https:\/\/trocellen.com\/sustainability\/ceo-message\/","og_site_name":"Trocellen, the European polyolefin foam solution provider","article_modified_time":"2025-10-10T11:04:13+00:00","twitter_card":"summary_large_image","schema":{"@context":"https:\/\/schema.org","@graph":[{"@type":"WebPage","@id":"https:\/\/trocellen.com\/sustainability\/ceo-message\/","url":"https:\/\/trocellen.com\/sustainability\/ceo-message\/","name":"Vez\u00e9rigazgat\u00f3i \u00fczenet - Trocellen, the European polyolefin foam solution provider","isPartOf":{"@id":"https:\/\/trocellen.com\/#website"},"datePublished":"2025-04-29T08:20:58+00:00","dateModified":"2025-10-10T11:04:13+00:00","breadcrumb":{"@id":"https:\/\/trocellen.com\/sustainability\/ceo-message\/#breadcrumb"},"inLanguage":"hu","potentialAction":[{"@type":"ReadAction","target":["https:\/\/trocellen.com\/sustainability\/ceo-message\/"]}]},{"@type":"BreadcrumbList","@id":"https:\/\/trocellen.com\/sustainability\/ceo-message\/#breadcrumb","itemListElement":[{"@type":"ListItem","position":1,"name":"Home","item":"https:\/\/trocellen.com\/hu\/"},{"@type":"ListItem","position":2,"name":"Vez\u00e9rigazgat\u00f3i \u00fczenet"}]},{"@type":"WebSite","@id":"https:\/\/trocellen.com\/#website","url":"https:\/\/trocellen.com\/","name":"Trocellen, the European polyolefin foam solution provider","description":"TROCELLEN\u00ae is a leading manufacturer of chemically and physically cross-linked polyolefin and rubber foam solutions","potentialAction":[{"@type":"SearchAction","target":{"@type":"EntryPoint","urlTemplate":"https:\/\/trocellen.com\/?s={search_term_string}"},"query-input":{"@type":"PropertyValueSpecification","valueRequired":true,"valueName":"search_term_string"}}],"inLanguage":"hu"}]}},"_links":{"self":[{"href":"https:\/\/trocellen.com\/hu\/wp-json\/wp\/v2\/pages\/7513","targetHints":{"allow":["GET"]}}],"collection":[{"href":"https:\/\/trocellen.com\/hu\/wp-json\/wp\/v2\/pages"}],"about":[{"href":"https:\/\/trocellen.com\/hu\/wp-json\/wp\/v2\/types\/page"}],"author":[{"embeddable":true,"href":"https:\/\/trocellen.com\/hu\/wp-json\/wp\/v2\/users\/1"}],"replies":[{"embeddable":true,"href":"https:\/\/trocellen.com\/hu\/wp-json\/wp\/v2\/comments?post=7513"}],"version-history":[{"count":5,"href":"https:\/\/trocellen.com\/hu\/wp-json\/wp\/v2\/pages\/7513\/revisions"}],"predecessor-version":[{"id":14101,"href":"https:\/\/trocellen.com\/hu\/wp-json\/wp\/v2\/pages\/7513\/revisions\/14101"}],"up":[{"embeddable":true,"href":"https:\/\/trocellen.com\/hu\/wp-json\/wp\/v2\/pages\/7503"}],"wp:attachment":[{"href":"https:\/\/trocellen.com\/hu\/wp-json\/wp\/v2\/media?parent=7513"}],"curies":[{"name":"wp","href":"https:\/\/api.w.org\/{rel}","templated":true}]}}