{"id":7401,"date":"2025-04-29T08:17:20","date_gmt":"2025-04-29T08:17:20","guid":{"rendered":"https:\/\/trocellen-dev.local\/the-foam\/"},"modified":"2025-10-10T10:05:48","modified_gmt":"2025-10-10T10:05:48","slug":"habjaink","status":"publish","type":"page","link":"https:\/\/trocellen.com\/hu\/anyagok-es-technologiak\/habjaink\/","title":{"rendered":"Habjaink"},"content":{"rendered":"\n<div class=\"group relative bg-white h-[48px]\" aria-hidden=\"true\"><\/div>\n\n\n<section class=\"general-content text-[#131313]\">\n    <div class=\"container\">\n        <div>\n            <h3 class=\"text-center\">A N\u00e9metorsz\u00e1gban, Olaszorsz\u00e1gban, Magyarorsz\u00e1gon, Spanyolorsz\u00e1gban \u00e9s Malajzi\u00e1ban tal\u00e1lhat\u00f3 gy\u00e1regys\u00e9geinkben poliolefin habokat \u00e1ll\u00edtunk el\u0151. Term\u00e9keinket olyan k\u00fcl\u00f6nf\u00e9le ipar\u00e1gak haszn\u00e1lj\u00e1k fel, mint az aut\u00f3ipar, \u00e9p\u00edt\u0151ipar \u00e9s a szigetel\u0151anyag gy\u00e1rt\u00e1s, a szabadid\u0151s \u00e9s professzion\u00e1lis sportszergy\u00e1rt\u00e1s, a ragaszt\u00f3szalag gy\u00e1rt\u00e1s, a cip\u0151ipar \u00e9s a csomagol\u00f3anyag ipar. <\/h3>\n\n            <p class=\"!font-bold text-center\">Annak ellen\u00e9re, hogy ilyen szerte\u00e1gaz\u00f3 ter\u00fcleteken vagyunk akt\u00edvak, megold\u00e1saink mind ugyanazokra az alapelvekre t\u00e1maszkodnak: pehelyk\u00f6nny\u0171 term\u00e9kek, k\u00f6rnyezetbar\u00e1t folyamatok, magas min\u0151s\u00e9g, \u00e1lland\u00f3 teljes\u00edtm\u00e9ny \u00e9s egyszer\u0171s\u00e9g.<\/p>        <\/div>\n    <\/div>\n<\/section>\n\n\n<div class=\"group relative bg-white h-[32px]\" aria-hidden=\"true\"><\/div>\n\n\n<div class=\"group relative bg-gray-200 h-[24px] laptop:h-[64px]\" aria-hidden=\"true\"><\/div>\n\n\n<section class=\"col-content bg-gray-200 \">\n    <div class=\"container\">\n        <div class=\"general-content\">\n            \n            <div class=\"flex flex-col tablet:flex-row gap-small items-start\">\n                <div class=\"flex-1 \">\n                    <h2>Polietil\u00e9n hab felhaszn\u00e1l\u00e1sa, t\u00edpusai<\/h2>\n                <\/div>\n\n                <div class=\"flex-1\">\n                    <p>A polietil\u00e9n hab az egyik leggyakrabban haszn\u00e1lt hab ipari ter\u00fcleteken, a polisztirol \u00e9s a poliuret\u00e1n habok mellett. Felhaszn\u00e1l\u00e1sa sz\u00e1mtalan m\u00f3don t\u00f6rt\u00e9nhet:<\/p>\n<ul>\n<li>szigetel\u0151anyagk\u00e9nt<\/li>\n<li>sporteszk\u00f6zk\u00e9nt<\/li>\n<li>aut\u00f3ipari term\u00e9kk\u00e9nt<\/li>\n<li>csomagol\u00f3k\u00e9nt<\/li>\n<li>\u00e9s ak\u00e1r a cip\u0151iparban is.<\/li>\n<\/ul>\n                <\/div>\n            <\/div>\n\n        <\/div>\n    <\/div>\n<\/section>\n\n\n<div class=\"group relative bg-gray-200 h-[32px]\" aria-hidden=\"true\"><\/div>\n\n\n<div class=\"group relative bg-white h-[24px] laptop:h-[64px]\" aria-hidden=\"true\"><\/div>\n\n\n        <section>\n            <div class=\"container\">\n                <div class=\"general-content\">\n                    <h2>A hab <\/h2>\n\n                    <div class=\"grid grid-cols-1 tablet:grid-cols-3 gap-default\">\n\n                        \n                        <div class=\"flex flex-col gap-default tablet:gap-medium text-center tablet:text-left\">\n                            <div>\n                                <img decoding=\"async\" class=\"mx-auto tablet:mx-0\" src=\"https:\/\/trocellen.com\/wp-content\/uploads\/2025\/05\/chemical-cross-link.png\" alt=\"\">\n                            <\/div>\n\n                            <h3>K\u00e9miai t\u00e9rh\u00e1l\u00f3s habok<\/h3>\n                            <p>V\u00edzszintesen, folyamatos technol\u00f3gi\u00e1ban gy\u00e1rtott Ellen\u00e1ll\u00f3 fel\u00fclet Sokf\u00e9le vastags\u00e1gban \u00e9s s\u0171r\u0171s\u00e9gben<\/p>\n                        <\/div>\n\n                        \n                        <div class=\"flex flex-col gap-default tablet:gap-medium text-center tablet:text-left\">\n                            <div>\n                                <img decoding=\"async\" class=\"mx-auto tablet:mx-0\" src=\"https:\/\/trocellen.com\/wp-content\/uploads\/2025\/05\/physically-cross-linked.png\" alt=\"\">\n                            <\/div>\n\n                            <h3>Fizikai t\u00e9rh\u00e1l\u00f3s habok<\/h3>\n                            <p>Fizikai besug\u00e1rz\u00e1ssal t\u00e9rh\u00e1l\u00f3s\u00edtott V\u00edzszintes- vagy f\u00fcgg\u0151leges technol\u00f3gi\u00e1val gy\u00e1rtott Finom sejtes szerkezet \u00e9s sima fel\u00fclet Magas h\u0151\u00e1ll\u00f3 k\u00e9pess\u00e9g\u0171 PP hab Sokf\u00e9le vastags\u00e1gban \u00e9s s\u0171r\u0171s\u00e9gben<\/p>\n                        <\/div>\n\n                        \n                        <div class=\"flex flex-col gap-default tablet:gap-medium text-center tablet:text-left\">\n                            <div>\n                                <img decoding=\"async\" class=\"mx-auto tablet:mx-0\" src=\"https:\/\/trocellen.com\/wp-content\/uploads\/2025\/05\/processing.png\" alt=\"\">\n                            <\/div>\n\n                            <h3>Feldolgoz\u00e1s<\/h3>\n                            <p>K\u00fcl\u00f6nf\u00e9le lamin\u00e1l\u00e1si elj\u00e1r\u00e1sok \u00d6ntapad\u00f3 bevonat kialak\u00edt\u00e1sa Stancol\u00e1s (die-cutting) H\u0151pr\u00e9sel\u00e9ses form\u00e1z\u00e1s Perfor\u00e1l\u00e1s \u00e9s dombornyom\u00e1s<\/p>\n                        <\/div>\n\n                        \n                    <\/div>\n                <\/div>\n            <\/div>\n        <\/section>\n\n\n\n\n<div class=\"group relative bg-white h-[24px] laptop:h-[64px]\" aria-hidden=\"true\"><\/div>\n\n\n<div class=\"group relative bg-gray-200 h-[24px] laptop:h-[64px]\" aria-hidden=\"true\"><\/div>\n\n\n<section class=\"col-content bg-gray-200 \">\n    <div class=\"container\">\n        <div class=\"general-content\">\n            \n            <div class=\"flex flex-col tablet:flex-col gap-small items-start\">\n                <div class=\"flex-1 w-full\">\n                    <h2>PE jelent\u00e9se<\/h2>\n<p>A PE tulajdonk\u00e9ppen a polietil\u00e9n (polyethylene) r\u00f6vid\u00edt\u00e9se. Mit sz\u00fcks\u00e9ges tudni err\u0151l az anyagr\u00f3l? K\u00e9miai k\u00e9plete (C2H4)n, azaz sz\u00e9n \u00e9s hidrog\u00e9n alap\u00fa anyag. A polietil\u00e9n hab egy z\u00e1rt cellaszerkezet\u0171 szil\u00e1rd anyag, a habos\u00edt\u00e1s pedig g\u00e1zzal t\u00f6rt\u00e9nik. Minden g\u00e1zf\u00e1zist egy r\u00e9teg v\u00e1laszt el egym\u00e1st\u00f3l, ezek adj\u00e1k a cell\u00e1kat. A polietil\u00e9n hab ezen cell\u00e1k \u00f6sszess\u00e9ge.<\/p>\n<p>A PE hab rugalmas \u00e9s elnyeli a rezg\u00e9seket, ami a hab szerkezet\u00e9nek k\u00f6sz\u00f6nhet\u0151. Vastags\u00e1ga (4-500mm) \u00e9s s\u0171r\u0171s\u00e9ge (kb. 0,03 \u2013 0.2 g\/cm<sup>3<\/sup>) v\u00e1ltoz\u00f3, pehelyk\u00f6nny\u0171 anyag (ak\u00e1r 30-szor k\u00f6nnyebb a v\u00edzn\u00e9l).<\/p>\n<p>A polietil\u00e9n hab k\u00f6rnyezet- \u00e9s b\u0151rbar\u00e1t, vesz\u00e9lytelen az emberi szervezetre.<\/p>\n<p>A polietil\u00e9n a poliolefinek csal\u00e1dj\u00e1ba tartozik a polipropil\u00e9n mellett.<\/p>\n                <\/div>\n\n                <div class=\"flex-1\">\n                                    <\/div>\n            <\/div>\n\n        <\/div>\n    <\/div>\n<\/section>\n\n\n<div class=\"group relative bg-gray-200 h-[32px]\" aria-hidden=\"true\"><\/div>\n\n\n<div class=\"group relative bg-white h-[24px] laptop:h-[64px]\" aria-hidden=\"true\"><\/div>\n\n\n<section class=\"col-content bg-white \">\n    <div class=\"container\">\n        <div class=\"general-content\">\n            \n            <div class=\"flex flex-col tablet:flex-row gap-small items-start\">\n                <div class=\"flex-1 \">\n                    <h2>Extrud\u00e1lt (durvacell\u00e1s, h\u00f3feh\u00e9r) polietil\u00e9n hab<\/h2>\n<div class=\"year left\">\n<h3>Felhaszn\u00e1l\u00e1sa: csomagol\u00f3anyagk\u00e9nt<\/h3>\n<p>&nbsp;<\/p>\n<\/div>\n<div class=\"year right\"><\/div>\n                <\/div>\n\n                <div class=\"flex-1\">\n                    <p>F\u0151leg csomagol\u00f3anyagk\u00e9nt haszn\u00e1lt habt\u00edpus, ami \u00fajrahasznos\u00edthat\u00f3. Nagyon k\u00f6nny\u0171, m\u00e9gis strapab\u00edr\u00f3 anyag, mely \u00f3vja a becsomagolt fel\u00fcleteket. F\u00fajt \u00e9s lamin\u00e1lt verzi\u00f3i l\u00e9teznek. Z\u00e1rt cell\u00e1s, de nem t\u00e9rh\u00e1l\u00f3s hab.<\/p>\n                <\/div>\n            <\/div>\n\n        <\/div>\n    <\/div>\n<\/section>\n\n\n<div class=\"group relative bg-white h-[32px]\" aria-hidden=\"true\"><\/div>\n\n\n<div class=\"group relative bg-gray-200 h-[24px] laptop:h-[64px]\" aria-hidden=\"true\"><\/div>\n\n\n<section class=\"col-content bg-gray-200 \">\n    <div class=\"container\">\n        <div class=\"general-content\">\n            \n            <div class=\"flex flex-col tablet:flex-col gap-small items-start\">\n                <div class=\"flex-1 w-full\">\n                    <h2>T\u00e9rh\u00e1l\u00f3s\u00edtott polietil\u00e9n hab<\/h2>\n<p>A k\u00e9miai t\u00e9rh\u00e1l\u00f3s (\u00fan. cross-linked) habok ellen\u00e1ll\u00f3 fel\u00fcletet k\u00e9peznek. A t\u00e9rh\u00e1l\u00f3s\u00edtott hab azt jelenti, hogy a t\u00e9rh\u00e1l\u00f3s\u00edt\u00e1s folyamata alatt a molekul\u00e1k k\u00e9miai k\u00f6t\u00e9sekkel \u00f6sszekapcsol\u00f3dnak, \u00edgy az egyenes sz\u00e9nl\u00e1ncb\u00f3l el\u00e1gaz\u00f3 szerkezet alakul ki, melyb\u0151l tart\u00f3sabb szerkezet j\u00f6n l\u00e9tre. A cellaszerkezet finoms\u00e1ga m\u00e9g nagyobb stabilit\u00e1st ad az anyagnak.<\/p>\n<p>\u00c9g\u00e9sg\u00e1tolt \u00e9s vezet\u0151k\u00e9pes verzi\u00f3kban is el\u00e9rhet\u0151: a t\u00e9rh\u00e1l\u00f3s polietil\u00e9n hab m\u00e1r j\u00f3val sz\u00e9lesebb k\u00f6rben haszn\u00e1lt, mint az extrud\u00e1lt PE hab. Ez annak is k\u00f6sz\u00f6nhet\u0151, hogy \u00e1llja az id\u0151j\u00e1r\u00e1si viszontags\u00e1gokat, nem l\u00e9p reakci\u00f3ba a legt\u00f6bb k\u00e9miai anyaggal, \u00e9s nem ereszti \u00e1t a p\u00e1r\u00e1t sem. Ez\u00e1ltal id\u0151t\u00e1ll\u00f3 szigetel\u0151anyag k\u00e9sz\u00fclhet bel\u0151le, hiszen a rovarok \u00e9s r\u00e1gcs\u00e1l\u00f3k sem fogyasztj\u00e1k. Rezg\u00e9scsillap\u00edt\u00f3 hat\u00e1sa k\u00fcl\u00f6n\u00f6sen magas.<\/p>\n<p>Felhaszn\u00e1l\u00e1sa:<\/p>\n<ul>\n<li>szigetel\u0151anyagk\u00e9nt az aut\u00f3iparban, g\u00e9p\u00e9szetben \u00e9s az \u00e9p\u00edt\u00e9szetben (j\u00f3 h\u0151, -v\u00edz- \u00e9s hangszigetel\u0151 hat\u00e1sa miatt)<\/li>\n<li>rezg\u00e9scsillap\u00edt\u00f3, elnyel\u0151 hat\u00e1sa miatt matrac \u00e9s cip\u0151talp is k\u00e9sz\u00fcl bel\u0151le<\/li>\n<\/ul>\n                <\/div>\n\n                <div class=\"flex-1\">\n                                    <\/div>\n            <\/div>\n\n        <\/div>\n    <\/div>\n<\/section>\n\n\n<div class=\"group relative bg-gray-200 h-[32px]\" aria-hidden=\"true\"><\/div>\n\n\n<div class=\"group relative bg-white h-[24px] laptop:h-[64px]\" aria-hidden=\"true\"><\/div>\n\n\n<section class=\"col-content bg-white \">\n    <div class=\"container\">\n        <div class=\"general-content\">\n            \n            <div class=\"flex flex-col tablet:flex-row gap-small items-start\">\n                <div class=\"flex-1 \">\n                    <h2>Bio alap\u00fa, t\u00e9rh\u00e1l\u00f3s\u00edtott polietil\u00e9n hab<\/h2>\n                <\/div>\n\n                <div class=\"flex-1\">\n                    <p>A\u00a0TR-EECell\u00a0bioalap\u00fa, t\u00e9rh\u00e1l\u00f3s\u00edtott polietil\u00e9n hab, ami csaknem teljesen biomassz\u00e1b\u00f3l (cukorn\u00e1d) nyert alapanyagb\u00f3l k\u00e9sz\u00fcl. A technol\u00f3gia el\u0151nyei, hogy az \u00edgy l\u00e9trej\u00f6tt polietil\u00e9n hab<\/p>\n<ul>\n<li>el\u0151\u00e1ll\u00edt\u00e1sa k\u00f6rnyezetbar\u00e1t<\/li>\n<li>nagy teljes\u00edtm\u00e9ny\u0171<\/li>\n<li>sokoldal\u00fa: felhaszn\u00e1l\u00e1si ter\u00fcletei megegyeznek a hagyom\u00e1nyos PE hab\u00e9val.<\/li>\n<\/ul>\n                <\/div>\n            <\/div>\n\n        <\/div>\n    <\/div>\n<\/section>\n\n\n<div class=\"group relative bg-white h-[32px]\" aria-hidden=\"true\"><\/div>\n\n\n<div class=\"group relative bg-gray-200 h-[24px] laptop:h-[64px]\" aria-hidden=\"true\"><\/div>\n\n\n<section class=\"col-content bg-gray-200 \">\n    <div class=\"container\">\n        <div class=\"general-content\">\n            \n            <div class=\"flex flex-col tablet:flex-row gap-small items-start\">\n                <div class=\"flex-1 \">\n                    <h2>Az \u00e1ltalunk gy\u00e1rtott hab<\/h2>\n                <\/div>\n\n                <div class=\"flex-1\">\n                    <p>A N\u00e9metorsz\u00e1gban, Olaszorsz\u00e1gban, Magyarorsz\u00e1gon, Spanyolorsz\u00e1gban \u00e9s Malajzi\u00e1ban tal\u00e1lhat\u00f3 gy\u00e1regys\u00e9geinkben poliolefin habokat \u00e1ll\u00edtunk el\u0151. Term\u00e9keinket olyan k\u00fcl\u00f6nf\u00e9le ipar\u00e1gak haszn\u00e1lj\u00e1k fel, mint az aut\u00f3ipar, \u00e9p\u00edt\u0151ipar \u00e9s a szigetel\u0151anyag gy\u00e1rt\u00e1s, a szabadid\u0151s \u00e9s professzion\u00e1lis sportszergy\u00e1rt\u00e1s, a \u00f6ntapad\u00f3s habok gy\u00e1rt\u00e1sa, a cip\u0151ipar \u00e9s a csomagol\u00f3anyag-ipar.<\/p>\n<p>Annak ellen\u00e9re, hogy ilyen szerte\u00e1gaz\u00f3 ter\u00fcleteken vagyunk akt\u00edvak, megold\u00e1saink mind ugyanazokra az alapelvekre t\u00e1maszkodnak: pehelyk\u00f6nny\u0171 term\u00e9kek, k\u00f6rnyezetbar\u00e1t folyamatok, magas min\u0151s\u00e9g, \u00e1lland\u00f3 teljes\u00edtm\u00e9ny \u00e9s egyszer\u0171s\u00e9g.<\/p>\n                <\/div>\n            <\/div>\n\n        <\/div>\n    <\/div>\n<\/section>\n\n\n<div class=\"group relative bg-gray-200 h-[32px]\" aria-hidden=\"true\"><\/div>\n\n\n<div class=\"group relative bg-white h-[24px] laptop:h-[64px]\" aria-hidden=\"true\"><\/div>\n\n\n<section class=\"col-content bg-white \">\n    <div class=\"container\">\n        <div class=\"general-content\">\n            \n            <div class=\"flex flex-col tablet:flex-row gap-small items-start\">\n                <div class=\"flex-1 \">\n                    <h2>Polietil\u00e9n hab \u00e1r<\/h2>\n                <\/div>\n\n                <div class=\"flex-1\">\n                    <p>A PE hab \u00e1ra az al\u00e1bbi t\u00e9nyez\u0151kt\u0151l f\u00fcgg:<\/p>\n<ul>\n<li>a hab vastags\u00e1ga<\/li>\n<li>s\u0171r\u0171s\u00e9ge<\/li>\n<li>forma \u00e9s m\u00e9ret<\/li>\n<li>\u00f6ntapad\u00f3s vagy nem \u00f6ntapad\u00f3s<\/li>\n<li>t\u0171z\u00e1ll\u00f3s\u00e1g<\/li>\n<li>sz\u00edn<\/li>\n<\/ul>\n                <\/div>\n            <\/div>\n\n        <\/div>\n    <\/div>\n<\/section>\n\n\n<div class=\"group relative bg-white h-[32px]\" aria-hidden=\"true\"><\/div>","protected":false},"excerpt":{"rendered":"","protected":false},"author":1,"featured_media":0,"parent":7418,"menu_order":0,"comment_status":"closed","ping_status":"closed","template":"template-parts\/page-general.php","meta":{"_acf_changed":false,"footnotes":""},"class_list":["post-7401","page","type-page","status-publish","hentry"],"acf":[],"yoast_head":"<!-- This site is optimized with the Yoast SEO plugin v25.9 - https:\/\/yoast.com\/wordpress\/plugins\/seo\/ -->\n<title>Habjaink - Trocellen, the European polyolefin foam solution provider<\/title>\n<meta name=\"robots\" content=\"index, follow, max-snippet:-1, max-image-preview:large, max-video-preview:-1\" \/>\n<link rel=\"canonical\" href=\"https:\/\/trocellen.com\/materials-technology\/the-foam\/\" \/>\n<meta property=\"og:locale\" content=\"hu_HU\" \/>\n<meta property=\"og:type\" content=\"article\" \/>\n<meta property=\"og:title\" content=\"Habjaink - Trocellen, the European polyolefin foam solution provider\" \/>\n<meta property=\"og:url\" content=\"https:\/\/trocellen.com\/materials-technology\/the-foam\/\" \/>\n<meta property=\"og:site_name\" content=\"Trocellen, the European polyolefin foam solution provider\" \/>\n<meta property=\"article:modified_time\" content=\"2025-10-10T10:05:48+00:00\" \/>\n<meta name=\"twitter:card\" content=\"summary_large_image\" \/>\n<script type=\"application\/ld+json\" class=\"yoast-schema-graph\">{\"@context\":\"https:\/\/schema.org\",\"@graph\":[{\"@type\":\"WebPage\",\"@id\":\"https:\/\/trocellen.com\/materials-technology\/the-foam\/\",\"url\":\"https:\/\/trocellen.com\/materials-technology\/the-foam\/\",\"name\":\"Habjaink - Trocellen, the European polyolefin foam solution provider\",\"isPartOf\":{\"@id\":\"https:\/\/trocellen.com\/#website\"},\"datePublished\":\"2025-04-29T08:17:20+00:00\",\"dateModified\":\"2025-10-10T10:05:48+00:00\",\"breadcrumb\":{\"@id\":\"https:\/\/trocellen.com\/materials-technology\/the-foam\/#breadcrumb\"},\"inLanguage\":\"hu\",\"potentialAction\":[{\"@type\":\"ReadAction\",\"target\":[\"https:\/\/trocellen.com\/materials-technology\/the-foam\/\"]}]},{\"@type\":\"BreadcrumbList\",\"@id\":\"https:\/\/trocellen.com\/materials-technology\/the-foam\/#breadcrumb\",\"itemListElement\":[{\"@type\":\"ListItem\",\"position\":1,\"name\":\"Home\",\"item\":\"https:\/\/trocellen.com\/hu\/\"},{\"@type\":\"ListItem\",\"position\":2,\"name\":\"Habjaink\"}]},{\"@type\":\"WebSite\",\"@id\":\"https:\/\/trocellen.com\/#website\",\"url\":\"https:\/\/trocellen.com\/\",\"name\":\"Trocellen, the European polyolefin foam solution provider\",\"description\":\"TROCELLEN\u00ae is a leading manufacturer of chemically and physically cross-linked polyolefin and rubber foam solutions\",\"potentialAction\":[{\"@type\":\"SearchAction\",\"target\":{\"@type\":\"EntryPoint\",\"urlTemplate\":\"https:\/\/trocellen.com\/?s={search_term_string}\"},\"query-input\":{\"@type\":\"PropertyValueSpecification\",\"valueRequired\":true,\"valueName\":\"search_term_string\"}}],\"inLanguage\":\"hu\"}]}<\/script>\n<!-- \/ Yoast SEO plugin. -->","yoast_head_json":{"title":"Habjaink - Trocellen, the European polyolefin foam solution provider","robots":{"index":"index","follow":"follow","max-snippet":"max-snippet:-1","max-image-preview":"max-image-preview:large","max-video-preview":"max-video-preview:-1"},"canonical":"https:\/\/trocellen.com\/materials-technology\/the-foam\/","og_locale":"hu_HU","og_type":"article","og_title":"Habjaink - Trocellen, the European polyolefin foam solution provider","og_url":"https:\/\/trocellen.com\/materials-technology\/the-foam\/","og_site_name":"Trocellen, the European polyolefin foam solution provider","article_modified_time":"2025-10-10T10:05:48+00:00","twitter_card":"summary_large_image","schema":{"@context":"https:\/\/schema.org","@graph":[{"@type":"WebPage","@id":"https:\/\/trocellen.com\/materials-technology\/the-foam\/","url":"https:\/\/trocellen.com\/materials-technology\/the-foam\/","name":"Habjaink - Trocellen, the European polyolefin foam solution provider","isPartOf":{"@id":"https:\/\/trocellen.com\/#website"},"datePublished":"2025-04-29T08:17:20+00:00","dateModified":"2025-10-10T10:05:48+00:00","breadcrumb":{"@id":"https:\/\/trocellen.com\/materials-technology\/the-foam\/#breadcrumb"},"inLanguage":"hu","potentialAction":[{"@type":"ReadAction","target":["https:\/\/trocellen.com\/materials-technology\/the-foam\/"]}]},{"@type":"BreadcrumbList","@id":"https:\/\/trocellen.com\/materials-technology\/the-foam\/#breadcrumb","itemListElement":[{"@type":"ListItem","position":1,"name":"Home","item":"https:\/\/trocellen.com\/hu\/"},{"@type":"ListItem","position":2,"name":"Habjaink"}]},{"@type":"WebSite","@id":"https:\/\/trocellen.com\/#website","url":"https:\/\/trocellen.com\/","name":"Trocellen, the European polyolefin foam solution provider","description":"TROCELLEN\u00ae is a leading manufacturer of chemically and physically cross-linked polyolefin and rubber foam solutions","potentialAction":[{"@type":"SearchAction","target":{"@type":"EntryPoint","urlTemplate":"https:\/\/trocellen.com\/?s={search_term_string}"},"query-input":{"@type":"PropertyValueSpecification","valueRequired":true,"valueName":"search_term_string"}}],"inLanguage":"hu"}]}},"_links":{"self":[{"href":"https:\/\/trocellen.com\/hu\/wp-json\/wp\/v2\/pages\/7401","targetHints":{"allow":["GET"]}}],"collection":[{"href":"https:\/\/trocellen.com\/hu\/wp-json\/wp\/v2\/pages"}],"about":[{"href":"https:\/\/trocellen.com\/hu\/wp-json\/wp\/v2\/types\/page"}],"author":[{"embeddable":true,"href":"https:\/\/trocellen.com\/hu\/wp-json\/wp\/v2\/users\/1"}],"replies":[{"embeddable":true,"href":"https:\/\/trocellen.com\/hu\/wp-json\/wp\/v2\/comments?post=7401"}],"version-history":[{"count":5,"href":"https:\/\/trocellen.com\/hu\/wp-json\/wp\/v2\/pages\/7401\/revisions"}],"predecessor-version":[{"id":14024,"href":"https:\/\/trocellen.com\/hu\/wp-json\/wp\/v2\/pages\/7401\/revisions\/14024"}],"up":[{"embeddable":true,"href":"https:\/\/trocellen.com\/hu\/wp-json\/wp\/v2\/pages\/7418"}],"wp:attachment":[{"href":"https:\/\/trocellen.com\/hu\/wp-json\/wp\/v2\/media?parent=7401"}],"curies":[{"name":"wp","href":"https:\/\/api.w.org\/{rel}","templated":true}]}}