{"id":7374,"date":"2025-04-29T07:39:01","date_gmt":"2025-04-29T07:39:01","guid":{"rendered":"https:\/\/trocellen-dev.local\/trocellen\/management-philosophy\/"},"modified":"2025-10-10T09:56:02","modified_gmt":"2025-10-10T09:56:02","slug":"vezetoi-filozofia","status":"publish","type":"page","link":"https:\/\/trocellen.com\/hu\/trocellen\/vezetoi-filozofia\/","title":{"rendered":"Vezet\u0151i filoz\u00f3fia"},"content":{"rendered":"\n<div class=\"group relative bg-white h-[32px]\" aria-hidden=\"true\"><\/div>\n\n\n<section class=\"general-content text-[#131313]\">\n    <div class=\"container\">\n        <div>\n            <h3 class=\"text-center\">Gondoskod\u00e1sra teremtve, teljes\u00edtm\u00e9nyre tervezve <\/h3>\n\n                    <\/div>\n    <\/div>\n<\/section>\n\n\n<div class=\"group relative bg-white h-[32px]\" aria-hidden=\"true\"><\/div>\n\n\n<div class=\"group relative bg-gray-200 h-[24px] laptop:h-[64px]\" aria-hidden=\"true\"><\/div>\n\n\n<section class=\"col-content bg-gray-200 \">\n    <div class=\"container\">\n        <div class=\"general-content\">\n            \n            <div class=\"flex flex-col tablet:flex-row gap-small items-start\">\n                <div class=\"flex-1 \">\n                    <h2>A j\u00f6v\u0151be tekintve a Furukawa Electric Csoport vezet\u0151s\u00e9ge elk\u00f6telezte mag\u00e1t amellett, hogy:<\/h2>\n                <\/div>\n\n                <div class=\"flex-1\">\n                    <ul>\n<li>m\u00e9lt\u00e1nyos, tisztess\u00e9ges gyakorlat\u00e1val megfeleljen a t\u00e1rsadalom vel\u00fcnk szemben t\u00e1masztott elv\u00e1r\u00e1sainak \u00e9s c\u00e9g\u00fcnkbe vetett bizalm\u00e1nak;<\/li>\n<li>minden szak\u00e9rtelm\u00e9vel azon dolgozzon, hogy kiel\u00e9g\u00edtse az \u00fcgyfelek ig\u00e9nyeit, ez\u00e1ltal k\u00f6z\u00f6sen fejl\u0151dj\u00fcnk tov\u00e1bb;<\/li>\n<li>folyamatosan igyekezzen vil\u00e1gsz\u00ednvonal\u00fa technol\u00f3giai innov\u00e1ci\u00f3kat bevezetni \u00e9s minden c\u00e9lter\u00fcleten meg\u00fajulni;<\/li>\n<li>minden szinten fejlessze a munkat\u00e1rsakat, hogy m\u00e9g sokoldal\u00fabb \u00e9s kreat\u00edvabb szervezett\u00e9 v\u00e1lhassunk.<\/li>\n<\/ul>\n                <\/div>\n            <\/div>\n\n        <\/div>\n    <\/div>\n<\/section>\n\n\n<div class=\"group relative bg-gray-200 h-[24px] laptop:h-[64px]\" aria-hidden=\"true\"><\/div>","protected":false},"excerpt":{"rendered":"","protected":false},"author":1,"featured_media":0,"parent":6779,"menu_order":0,"comment_status":"closed","ping_status":"closed","template":"template-parts\/page-general.php","meta":{"_acf_changed":false,"footnotes":""},"class_list":["post-7374","page","type-page","status-publish","hentry"],"acf":[],"yoast_head":"<!-- This site is optimized with the Yoast SEO plugin v25.9 - https:\/\/yoast.com\/wordpress\/plugins\/seo\/ -->\n<title>Vezet\u0151i filoz\u00f3fia - Trocellen, the European polyolefin foam solution provider<\/title>\n<meta name=\"robots\" content=\"index, follow, max-snippet:-1, max-image-preview:large, max-video-preview:-1\" \/>\n<link rel=\"canonical\" href=\"https:\/\/trocellen.com\/about-trocellen\/management-philosophy\/\" \/>\n<meta property=\"og:locale\" content=\"hu_HU\" \/>\n<meta property=\"og:type\" content=\"article\" \/>\n<meta property=\"og:title\" content=\"Vezet\u0151i filoz\u00f3fia - Trocellen, the European polyolefin foam solution provider\" \/>\n<meta property=\"og:url\" content=\"https:\/\/trocellen.com\/about-trocellen\/management-philosophy\/\" \/>\n<meta property=\"og:site_name\" content=\"Trocellen, the European polyolefin foam solution provider\" \/>\n<meta property=\"article:modified_time\" content=\"2025-10-10T09:56:02+00:00\" \/>\n<meta name=\"twitter:card\" content=\"summary_large_image\" \/>\n<script type=\"application\/ld+json\" class=\"yoast-schema-graph\">{\"@context\":\"https:\/\/schema.org\",\"@graph\":[{\"@type\":\"WebPage\",\"@id\":\"https:\/\/trocellen.com\/about-trocellen\/management-philosophy\/\",\"url\":\"https:\/\/trocellen.com\/about-trocellen\/management-philosophy\/\",\"name\":\"Vezet\u0151i filoz\u00f3fia - Trocellen, the European polyolefin foam solution provider\",\"isPartOf\":{\"@id\":\"https:\/\/trocellen.com\/#website\"},\"datePublished\":\"2025-04-29T07:39:01+00:00\",\"dateModified\":\"2025-10-10T09:56:02+00:00\",\"breadcrumb\":{\"@id\":\"https:\/\/trocellen.com\/about-trocellen\/management-philosophy\/#breadcrumb\"},\"inLanguage\":\"hu\",\"potentialAction\":[{\"@type\":\"ReadAction\",\"target\":[\"https:\/\/trocellen.com\/about-trocellen\/management-philosophy\/\"]}]},{\"@type\":\"BreadcrumbList\",\"@id\":\"https:\/\/trocellen.com\/about-trocellen\/management-philosophy\/#breadcrumb\",\"itemListElement\":[{\"@type\":\"ListItem\",\"position\":1,\"name\":\"Home\",\"item\":\"https:\/\/trocellen.com\/hu\/\"},{\"@type\":\"ListItem\",\"position\":2,\"name\":\"Vezet\u0151i filoz\u00f3fia\"}]},{\"@type\":\"WebSite\",\"@id\":\"https:\/\/trocellen.com\/#website\",\"url\":\"https:\/\/trocellen.com\/\",\"name\":\"Trocellen, the European polyolefin foam solution provider\",\"description\":\"TROCELLEN\u00ae is a leading manufacturer of chemically and physically cross-linked polyolefin and rubber foam solutions\",\"potentialAction\":[{\"@type\":\"SearchAction\",\"target\":{\"@type\":\"EntryPoint\",\"urlTemplate\":\"https:\/\/trocellen.com\/?s={search_term_string}\"},\"query-input\":{\"@type\":\"PropertyValueSpecification\",\"valueRequired\":true,\"valueName\":\"search_term_string\"}}],\"inLanguage\":\"hu\"}]}<\/script>\n<!-- \/ Yoast SEO plugin. -->","yoast_head_json":{"title":"Vezet\u0151i filoz\u00f3fia - Trocellen, the European polyolefin foam solution provider","robots":{"index":"index","follow":"follow","max-snippet":"max-snippet:-1","max-image-preview":"max-image-preview:large","max-video-preview":"max-video-preview:-1"},"canonical":"https:\/\/trocellen.com\/about-trocellen\/management-philosophy\/","og_locale":"hu_HU","og_type":"article","og_title":"Vezet\u0151i filoz\u00f3fia - Trocellen, the European polyolefin foam solution provider","og_url":"https:\/\/trocellen.com\/about-trocellen\/management-philosophy\/","og_site_name":"Trocellen, the European polyolefin foam solution provider","article_modified_time":"2025-10-10T09:56:02+00:00","twitter_card":"summary_large_image","schema":{"@context":"https:\/\/schema.org","@graph":[{"@type":"WebPage","@id":"https:\/\/trocellen.com\/about-trocellen\/management-philosophy\/","url":"https:\/\/trocellen.com\/about-trocellen\/management-philosophy\/","name":"Vezet\u0151i filoz\u00f3fia - Trocellen, the European polyolefin foam solution provider","isPartOf":{"@id":"https:\/\/trocellen.com\/#website"},"datePublished":"2025-04-29T07:39:01+00:00","dateModified":"2025-10-10T09:56:02+00:00","breadcrumb":{"@id":"https:\/\/trocellen.com\/about-trocellen\/management-philosophy\/#breadcrumb"},"inLanguage":"hu","potentialAction":[{"@type":"ReadAction","target":["https:\/\/trocellen.com\/about-trocellen\/management-philosophy\/"]}]},{"@type":"BreadcrumbList","@id":"https:\/\/trocellen.com\/about-trocellen\/management-philosophy\/#breadcrumb","itemListElement":[{"@type":"ListItem","position":1,"name":"Home","item":"https:\/\/trocellen.com\/hu\/"},{"@type":"ListItem","position":2,"name":"Vezet\u0151i filoz\u00f3fia"}]},{"@type":"WebSite","@id":"https:\/\/trocellen.com\/#website","url":"https:\/\/trocellen.com\/","name":"Trocellen, the European polyolefin foam solution provider","description":"TROCELLEN\u00ae is a leading manufacturer of chemically and physically cross-linked polyolefin and rubber foam solutions","potentialAction":[{"@type":"SearchAction","target":{"@type":"EntryPoint","urlTemplate":"https:\/\/trocellen.com\/?s={search_term_string}"},"query-input":{"@type":"PropertyValueSpecification","valueRequired":true,"valueName":"search_term_string"}}],"inLanguage":"hu"}]}},"_links":{"self":[{"href":"https:\/\/trocellen.com\/hu\/wp-json\/wp\/v2\/pages\/7374","targetHints":{"allow":["GET"]}}],"collection":[{"href":"https:\/\/trocellen.com\/hu\/wp-json\/wp\/v2\/pages"}],"about":[{"href":"https:\/\/trocellen.com\/hu\/wp-json\/wp\/v2\/types\/page"}],"author":[{"embeddable":true,"href":"https:\/\/trocellen.com\/hu\/wp-json\/wp\/v2\/users\/1"}],"replies":[{"embeddable":true,"href":"https:\/\/trocellen.com\/hu\/wp-json\/wp\/v2\/comments?post=7374"}],"version-history":[{"count":4,"href":"https:\/\/trocellen.com\/hu\/wp-json\/wp\/v2\/pages\/7374\/revisions"}],"predecessor-version":[{"id":13996,"href":"https:\/\/trocellen.com\/hu\/wp-json\/wp\/v2\/pages\/7374\/revisions\/13996"}],"up":[{"embeddable":true,"href":"https:\/\/trocellen.com\/hu\/wp-json\/wp\/v2\/pages\/6779"}],"wp:attachment":[{"href":"https:\/\/trocellen.com\/hu\/wp-json\/wp\/v2\/media?parent=7374"}],"curies":[{"name":"wp","href":"https:\/\/api.w.org\/{rel}","templated":true}]}}