{"id":7349,"date":"2025-04-29T07:37:37","date_gmt":"2025-04-29T07:37:37","guid":{"rendered":"https:\/\/trocellen-dev.local\/trocellen\/trocellen-method\/"},"modified":"2025-10-21T13:10:40","modified_gmt":"2025-10-21T13:10:40","slug":"a-trocellen-modszer","status":"publish","type":"page","link":"https:\/\/trocellen.com\/hu\/trocellen\/a-trocellen-modszer\/","title":{"rendered":"A Trocellen-m\u00f3dszer"},"content":{"rendered":"\n<div class=\"group relative bg-white h-[32px]\" aria-hidden=\"true\"><\/div>\n\n\n<section class=\"general-content text-[#131313]\">\n    <div class=\"container\">\n        <div>\n            <h3 class=\"text-center\">A TROCELLEN-M\u00d3DSZER v\u00e1llalatunk egyed\u00fcl\u00e1ll\u00f3 m\u00f3dszere, amely a teljes \u00e9rt\u00e9kteremt\u00e9si folyamatot \u00e1tfogja az anyagtervez\u00e9st\u0151l az \u00f6sszetett term\u00e9kekig \u00e9s megold\u00e1sokig, \u00e9s amely \u00e9rt\u00e9ket teremt az \u00e1gazat, a partnereink \u00e9s a v\u00e9gfelhaszn\u00e1l\u00f3k sz\u00e1m\u00e1ra egyar\u00e1nt. <\/h3>\n\n                    <\/div>\n    <\/div>\n<\/section>\n\n\n<div class=\"group relative bg-white h-[32px]\" aria-hidden=\"true\"><\/div>\n\n\n<div class=\"group relative bg-gray-200 h-[24px] laptop:h-[64px]\" aria-hidden=\"true\"><\/div>\n\n\n<section class=\"col-content bg-gray-200 \">\n    <div class=\"container\">\n        <div class=\"general-content\">\n            \n            <div class=\"flex flex-col tablet:flex-row gap-small items-start\">\n                <div class=\"flex-1 \">\n                    <p>A Trocellen sokkal t\u00f6bb, mint egy egyszer\u0171 hab- \u00e9s alapanyaggy\u00e1rt\u00f3 c\u00e9g. B\u00e1r kapcsol\u00f3dik a habhoz \u00e9s a habtechnol\u00f3gi\u00e1khoz, a Trocellen tev\u00e9kenys\u00e9g\u00e9nek sarokk\u00f6vei a komoly ipar\u00e1gi szak\u00e9rtelem, a hossz\u00fa t\u00e1v\u00fa, \u00fczleti tapasztalatok \u00e9s a m\u00e1r kialakult partners\u00e9gek, a tervez\u00e9si \u00e9s fejleszt\u00e9si k\u00e9pess\u00e9gek, a hat\u00e9kony folyamatok, valamint a tanul\u00e1s \u00e9s fejl\u0151d\u00e9s k\u00e9pess\u00e9ge.<\/p>\n<p><iframe loading=\"lazy\" width=\"7022\" height=\"316\" src=\"https:\/\/www.youtube.com\/embed\/e93ZGLHgbvc?si=FUQelZ30Xf8g90Ve\" title=\"YouTube video player\" frameborder=\"0\" allow=\"accelerometer; autoplay; clipboard-write; encrypted-media; gyroscope; picture-in-picture; web-share\" referrerpolicy=\"strict-origin-when-cross-origin\" allowfullscreen><\/iframe><\/p>\n                <\/div>\n\n                <div class=\"flex-1\">\n                    <h3>Mi teszi egyediv\u00e9 a habalap\u00fa megold\u00e1sainkat a piacon?<\/h3>\n<ul class=\"wp-block-list\">\n<li>Hat\u00e9kony folyamat az ig\u00e9nyekt\u0151l kezdve a felhaszn\u00e1l\u00e1sra\/alkalmaz\u00e1sra k\u00e9sz term\u00e9kekig \u00e9s megold\u00e1sokig,<\/li>\n<li>Sz\u00e9les k\u00f6r\u0171 ismeretek mag\u00e1r\u00f3l a habr\u00f3l, k\u00e9pess\u00e9g a v\u00e9gs\u0151 megold\u00e1s kialak\u00edt\u00e1s\u00e1ra ak\u00e1r a molekul\u00e1k szintj\u00e9nek vizsg\u00e1lat\u00e1val is,<\/li>\n<li>A know-how, a kapacit\u00e1sok \u00e9s a k\u00e9szs\u00e9gek sz\u00e9les k\u00f6r\u0171 fejleszt\u00e9se, l\u00e9trehoz\u00e1sa \u00e9s hasznos\u00edt\u00e1sa,<\/li>\n<li>Sz\u00e1mos ipar\u00e1g m\u00e9lyrehat\u00f3 ismerete \u00e9s \u00e9rt\u00e9kes tud\u00e1s,<\/li>\n<li>Megb\u00edzhat\u00f3s\u00e1g \u00e9s bizalom \u2013 partnereink sz\u00e1m\u00edthatnak r\u00e1nk, \u00e9s m\u00e9ly, szoros kapcsolatot \u00e1polunk vel\u00fck,<\/li>\n<li>Az egy\u00fctt gondolkod\u00e1sra \u00e9s a k\u00f6z\u00f6s munk\u00e1ra \u00e9p\u00fcl\u0151, gy\u00fcm\u00f6lcs\u00f6z\u0151, hossz\u00fa t\u00e1v\u00fa egy\u00fcttm\u0171k\u00f6d\u00e9s a kiv\u00e1l\u00f3 megold\u00e1sok megval\u00f3s\u00edt\u00e1sa \u00e9rdek\u00e9ben,<\/li>\n<li>Professzion\u00e1lis szolg\u00e1ltat\u00e1sok,<\/li>\n<li>Val\u00f3di megold\u00e1sok partnereink \u00e9s ipar\u00e1gaink sz\u00fcks\u00e9gleteire.<\/li>\n<\/ul>\n                <\/div>\n            <\/div>\n\n        <\/div>\n    <\/div>\n<\/section>\n\n\n<div class=\"group relative bg-gray-200 h-[24px] laptop:h-[64px]\" aria-hidden=\"true\"><\/div>","protected":false},"excerpt":{"rendered":"","protected":false},"author":1,"featured_media":0,"parent":6779,"menu_order":0,"comment_status":"closed","ping_status":"closed","template":"template-parts\/page-general.php","meta":{"_acf_changed":false,"footnotes":""},"class_list":["post-7349","page","type-page","status-publish","hentry"],"acf":[],"yoast_head":"<!-- This site is optimized with the Yoast SEO plugin v25.9 - https:\/\/yoast.com\/wordpress\/plugins\/seo\/ -->\n<title>A Trocellen-m\u00f3dszer - Trocellen, the European polyolefin foam solution provider<\/title>\n<meta name=\"robots\" content=\"index, follow, max-snippet:-1, max-image-preview:large, max-video-preview:-1\" \/>\n<link rel=\"canonical\" href=\"https:\/\/trocellen.com\/about-trocellen\/trocellen-method\/\" \/>\n<meta property=\"og:locale\" content=\"hu_HU\" \/>\n<meta property=\"og:type\" content=\"article\" \/>\n<meta property=\"og:title\" content=\"A Trocellen-m\u00f3dszer - Trocellen, the European polyolefin foam solution provider\" \/>\n<meta property=\"og:url\" content=\"https:\/\/trocellen.com\/about-trocellen\/trocellen-method\/\" \/>\n<meta property=\"og:site_name\" content=\"Trocellen, the European polyolefin foam solution provider\" \/>\n<meta property=\"article:modified_time\" content=\"2025-10-21T13:10:40+00:00\" \/>\n<meta name=\"twitter:card\" content=\"summary_large_image\" \/>\n<script type=\"application\/ld+json\" class=\"yoast-schema-graph\">{\"@context\":\"https:\/\/schema.org\",\"@graph\":[{\"@type\":\"WebPage\",\"@id\":\"https:\/\/trocellen.com\/about-trocellen\/trocellen-method\/\",\"url\":\"https:\/\/trocellen.com\/about-trocellen\/trocellen-method\/\",\"name\":\"A Trocellen-m\u00f3dszer - Trocellen, the European polyolefin foam solution provider\",\"isPartOf\":{\"@id\":\"https:\/\/trocellen.com\/#website\"},\"datePublished\":\"2025-04-29T07:37:37+00:00\",\"dateModified\":\"2025-10-21T13:10:40+00:00\",\"breadcrumb\":{\"@id\":\"https:\/\/trocellen.com\/about-trocellen\/trocellen-method\/#breadcrumb\"},\"inLanguage\":\"hu\",\"potentialAction\":[{\"@type\":\"ReadAction\",\"target\":[\"https:\/\/trocellen.com\/about-trocellen\/trocellen-method\/\"]}]},{\"@type\":\"BreadcrumbList\",\"@id\":\"https:\/\/trocellen.com\/about-trocellen\/trocellen-method\/#breadcrumb\",\"itemListElement\":[{\"@type\":\"ListItem\",\"position\":1,\"name\":\"Home\",\"item\":\"https:\/\/trocellen.com\/hu\/\"},{\"@type\":\"ListItem\",\"position\":2,\"name\":\"A Trocellen-m\u00f3dszer\"}]},{\"@type\":\"WebSite\",\"@id\":\"https:\/\/trocellen.com\/#website\",\"url\":\"https:\/\/trocellen.com\/\",\"name\":\"Trocellen, the European polyolefin foam solution provider\",\"description\":\"TROCELLEN\u00ae is a leading manufacturer of chemically and physically cross-linked polyolefin and rubber foam solutions\",\"potentialAction\":[{\"@type\":\"SearchAction\",\"target\":{\"@type\":\"EntryPoint\",\"urlTemplate\":\"https:\/\/trocellen.com\/?s={search_term_string}\"},\"query-input\":{\"@type\":\"PropertyValueSpecification\",\"valueRequired\":true,\"valueName\":\"search_term_string\"}}],\"inLanguage\":\"hu\"}]}<\/script>\n<!-- \/ Yoast SEO plugin. -->","yoast_head_json":{"title":"A Trocellen-m\u00f3dszer - Trocellen, the European polyolefin foam solution provider","robots":{"index":"index","follow":"follow","max-snippet":"max-snippet:-1","max-image-preview":"max-image-preview:large","max-video-preview":"max-video-preview:-1"},"canonical":"https:\/\/trocellen.com\/about-trocellen\/trocellen-method\/","og_locale":"hu_HU","og_type":"article","og_title":"A Trocellen-m\u00f3dszer - Trocellen, the European polyolefin foam solution provider","og_url":"https:\/\/trocellen.com\/about-trocellen\/trocellen-method\/","og_site_name":"Trocellen, the European polyolefin foam solution provider","article_modified_time":"2025-10-21T13:10:40+00:00","twitter_card":"summary_large_image","schema":{"@context":"https:\/\/schema.org","@graph":[{"@type":"WebPage","@id":"https:\/\/trocellen.com\/about-trocellen\/trocellen-method\/","url":"https:\/\/trocellen.com\/about-trocellen\/trocellen-method\/","name":"A Trocellen-m\u00f3dszer - Trocellen, the European polyolefin foam solution provider","isPartOf":{"@id":"https:\/\/trocellen.com\/#website"},"datePublished":"2025-04-29T07:37:37+00:00","dateModified":"2025-10-21T13:10:40+00:00","breadcrumb":{"@id":"https:\/\/trocellen.com\/about-trocellen\/trocellen-method\/#breadcrumb"},"inLanguage":"hu","potentialAction":[{"@type":"ReadAction","target":["https:\/\/trocellen.com\/about-trocellen\/trocellen-method\/"]}]},{"@type":"BreadcrumbList","@id":"https:\/\/trocellen.com\/about-trocellen\/trocellen-method\/#breadcrumb","itemListElement":[{"@type":"ListItem","position":1,"name":"Home","item":"https:\/\/trocellen.com\/hu\/"},{"@type":"ListItem","position":2,"name":"A Trocellen-m\u00f3dszer"}]},{"@type":"WebSite","@id":"https:\/\/trocellen.com\/#website","url":"https:\/\/trocellen.com\/","name":"Trocellen, the European polyolefin foam solution provider","description":"TROCELLEN\u00ae is a leading manufacturer of chemically and physically cross-linked polyolefin and rubber foam solutions","potentialAction":[{"@type":"SearchAction","target":{"@type":"EntryPoint","urlTemplate":"https:\/\/trocellen.com\/?s={search_term_string}"},"query-input":{"@type":"PropertyValueSpecification","valueRequired":true,"valueName":"search_term_string"}}],"inLanguage":"hu"}]}},"_links":{"self":[{"href":"https:\/\/trocellen.com\/hu\/wp-json\/wp\/v2\/pages\/7349","targetHints":{"allow":["GET"]}}],"collection":[{"href":"https:\/\/trocellen.com\/hu\/wp-json\/wp\/v2\/pages"}],"about":[{"href":"https:\/\/trocellen.com\/hu\/wp-json\/wp\/v2\/types\/page"}],"author":[{"embeddable":true,"href":"https:\/\/trocellen.com\/hu\/wp-json\/wp\/v2\/users\/1"}],"replies":[{"embeddable":true,"href":"https:\/\/trocellen.com\/hu\/wp-json\/wp\/v2\/comments?post=7349"}],"version-history":[{"count":5,"href":"https:\/\/trocellen.com\/hu\/wp-json\/wp\/v2\/pages\/7349\/revisions"}],"predecessor-version":[{"id":14586,"href":"https:\/\/trocellen.com\/hu\/wp-json\/wp\/v2\/pages\/7349\/revisions\/14586"}],"up":[{"embeddable":true,"href":"https:\/\/trocellen.com\/hu\/wp-json\/wp\/v2\/pages\/6779"}],"wp:attachment":[{"href":"https:\/\/trocellen.com\/hu\/wp-json\/wp\/v2\/media?parent=7349"}],"curies":[{"name":"wp","href":"https:\/\/api.w.org\/{rel}","templated":true}]}}