{"id":7327,"date":"2025-04-29T07:38:28","date_gmt":"2025-04-29T07:38:28","guid":{"rendered":"https:\/\/trocellen-dev.local\/trocellen\/history\/"},"modified":"2025-10-10T09:49:13","modified_gmt":"2025-10-10T09:49:13","slug":"tortenet","status":"publish","type":"page","link":"https:\/\/trocellen.com\/hu\/trocellen\/tortenet\/","title":{"rendered":"T\u00f6rt\u00e9net"},"content":{"rendered":"\n<div class=\"group relative bg-gray-200 h-[24px] laptop:h-[64px]\" aria-hidden=\"true\"><\/div>\n\n\n<section class=\"col-content bg-gray-200 \">\n    <div class=\"container\">\n        <div class=\"general-content\">\n            \n            <div class=\"flex flex-col tablet:flex-row gap-small items-start\">\n                <div class=\"flex-1 \">\n                    <h2>1972-t\u0151l napjainkig<\/h2>\n                <\/div>\n\n                <div class=\"flex-1\">\n                    <p>A Trocellen v\u00e1llalatot \u00e9s m\u00e1rk\u00e1t a Dynamit Nobel \u00e9s a HT Troplast alap\u00edtotta. A n\u00e9v \u00e9s a term\u00e9kek hamar j\u00f3 h\u00edrn\u00e9vre tettek szert \u00e9s a Trocellen a v\u00e1llalatcsoport egyik sikeres m\u00e1rk\u00e1j\u00e1v\u00e1 v\u00e1lt. A n\u00e9metorsz\u00e1gi Troisdorfban tal\u00e1lhat\u00f3\u00a0Trocellen az\u00f3ta folyamatos fejl\u0151d\u00e9sen \u00e9s \u00e1talakul\u00e1son ment \u00e1t. A c\u00e9g m\u00e1ra sz\u00e1mos gy\u00e1rt\u00f3\u00fczemmel rendelkezik N\u00e9metorsz\u00e1gban, Olaszorsz\u00e1gban, Spanyolorsz\u00e1gban, Magyarorsz\u00e1gon \u00e9s Malajzi\u00e1ban is.<\/p>\n                <\/div>\n            <\/div>\n\n        <\/div>\n    <\/div>\n<\/section>\n\n\n<div class=\"group relative bg-gray-200 h-[24px] laptop:h-[64px]\" aria-hidden=\"true\"><\/div>\n\n\n<div class=\"group relative bg-white h-[24px] laptop:h-[64px]\" aria-hidden=\"true\"><\/div>\n\n\n        <section class=\"flex justify-center\" id=\"timeline\">\n            <div class=\"container relative max-w-2xl w-full\">\n                <div class=\"timeline-gradient absolute tablet:left-1\/2 -translate-x-1\/2 w-[2px] h-[95%]\"><\/div>\n\n                                \n                <div class=\"general-content timeline-item flex flex-col tablet:flex-row items-start relative pb-[4rem]\">\n                    <div class=\"timeline-text w-full tablet:w-1\/2 order-2 tablet:order-1\">\n\n                        \n                            <p class=\"last:mb-0 pl-[2rem] text-left\">K\u00e9t \u00faj gy\u00e1rt\u00f3- \u00e9s \u00e1talak\u00edt\u00f3 \u00fczem ny\u00edlik Magyarorsz\u00e1gon. A dunaharaszti telephely teljes m\u00e9rt\u00e9kben a aut\u00f3ipari feldolgoz\u00e1si megold\u00e1sokra koncentr\u00e1l, m\u00edg a dabasi telephely lehet\u0151v\u00e9 teszi a sport \u00e9s fitnesz term\u00e9kcsal\u00e1dok gy\u00e1rt\u00e1s\u00e1nak soksz\u00edn\u0171v\u00e9 t\u00e9tel\u00e9t.<\/p> \n\n                                            <\/div>\n\n                    <div class=\"timeline-dot w-[2rem] h-[2rem] rounded-full absolute tablet:left-1\/2 transform -translate-x-1\/2\"><\/div>\n\n                    <div class=\"timeline-date right w-1\/2 order-1 tablet:order-2 pb-[3px] tablet:pb-0\">\n                        <h4 class=\"!pb-0\">2021<\/h4>\n                    <\/div>\n                <\/div>\n\n                                \n                <div class=\"general-content timeline-item flex flex-col tablet:flex-row items-start relative pb-[4rem]\">\n                    <div class=\"timeline-text w-full tablet:w-1\/2 order-2 tablet:order-1\">\n\n                        \n                            <p class=\"last:mb-0 pl-[2rem] text-left\">A folyamatos fejleszt\u00e9si tev\u00e9kenys\u00e9g k\u00f6vetkezt\u00e9ben a Trocellen elind\u00edtotta az els\u0151 z\u00f6ld m\u00e1rk\u00e1j\u00e1t, a TR-EECellt. A tan\u00fas\u00edtott \u00faj anyag egy bio-alap\u00fa t\u00e9rh\u00e1l\u00f3s\u00edtott polietil\u00e9n hab, amelyet cukorn\u00e1d biomassz\u00e1b\u00f3l sz\u00e1rmaz\u00f3 nyersanyagokb\u00f3l k\u00e9sz\u00edtenek. A Trocellen TR-EECell hab term\u00e9kcsal\u00e1dja megkapta a DIN CERTCO bio-alap\u00fa tan\u00fas\u00edtv\u00e1ny\u00e1t.<\/p> \n\n                                            <\/div>\n\n                    <div class=\"timeline-dot w-[2rem] h-[2rem] rounded-full absolute tablet:left-1\/2 transform -translate-x-1\/2\"><\/div>\n\n                    <div class=\"timeline-date right w-1\/2 order-1 tablet:order-2 pb-[3px] tablet:pb-0\">\n                        <h4 class=\"!pb-0\">2018<\/h4>\n                    <\/div>\n                <\/div>\n\n                                \n                <div class=\"general-content timeline-item flex flex-col tablet:flex-row items-start relative pb-[4rem]\">\n                    <div class=\"timeline-text w-full tablet:w-1\/2 order-2 tablet:order-1\">\n\n                        \n                            <p class=\"last:mb-0 pl-[2rem] text-left\">A Furukawa a Trocellen GmbH. kiz\u00e1r\u00f3lagos tulajdonos\u00e1v\u00e1 v\u00e1lt.<\/p> \n\n                                            <\/div>\n\n                    <div class=\"timeline-dot w-[2rem] h-[2rem] rounded-full absolute tablet:left-1\/2 transform -translate-x-1\/2\"><\/div>\n\n                    <div class=\"timeline-date right w-1\/2 order-1 tablet:order-2 pb-[3px] tablet:pb-0\">\n                        <h4 class=\"!pb-0\">2014<\/h4>\n                    <\/div>\n                <\/div>\n\n                                \n                <div class=\"general-content timeline-item flex flex-col tablet:flex-row items-start relative pb-[4rem]\">\n                    <div class=\"timeline-text w-full tablet:w-1\/2 order-2 tablet:order-1\">\n\n                        \n                            <p class=\"last:mb-0 pl-[2rem] text-left\">A Trocellen \u00e1talak\u00edtotta szervezet\u00e9t \u00e9s \u00fajrafogalmazta piaci strat\u00e9gi\u00e1j\u00e1t, a partnerek sz\u00fcks\u00e9gleteit helyezve minden tev\u00e9kenys\u00e9g k\u00f6z\u00e9ppontj\u00e1ba. Az \u00faj, \u00fczlet\u00e1g-alap\u00fa szervezet lehet\u0151v\u00e9 teszi a Trocellennek, hogy k\u00f6nnyebben reag\u00e1ljon a piaci ig\u00e9nyekre a folyamatok jobb meg\u00e9rt\u00e9se, a folyamatos trendfigyel\u00e9s \u00e9s a hossz\u00fat\u00e1v\u00fa \u00fczleti egy\u00fcttm\u0171k\u00f6d\u00e9sek l\u00e9trehoz\u00e1sa r\u00e9v\u00e9n.<\/p> \n\n                                            <\/div>\n\n                    <div class=\"timeline-dot w-[2rem] h-[2rem] rounded-full absolute tablet:left-1\/2 transform -translate-x-1\/2\"><\/div>\n\n                    <div class=\"timeline-date right w-1\/2 order-1 tablet:order-2 pb-[3px] tablet:pb-0\">\n                        <h4 class=\"!pb-0\">2011<\/h4>\n                    <\/div>\n                <\/div>\n\n                                \n                <div class=\"general-content timeline-item flex flex-col tablet:flex-row items-start relative pb-[4rem]\">\n                    <div class=\"timeline-text w-full tablet:w-1\/2 order-2 tablet:order-1\">\n\n                        \n                            <p class=\"last:mb-0 pl-[2rem] text-left\">Sz\u00e1mos eur\u00f3pai v\u00e1llalat felv\u00e1s\u00e1rl\u00e1s\u00e1n \u00e9s f\u00fazi\u00f3kon kereszt\u00fcl a Trocellen l\u00e9p\u00e9sr\u0151l l\u00e9p\u00e9sre b\u0151v\u00edtette termel\u0151 \u00e9s fejleszt\u0151 kapacit\u00e1s\u00e1t. Az 1984-ben jap\u00e1n-magyar vegyesv\u00e1llalatk\u00e9nt alap\u00edtott Polifoam megv\u00e1s\u00e1rl\u00e1s\u00e1val a Trocellen v\u00e1lt a k\u00e9miailag t\u00e9rh\u00e1l\u00f3s\u00edtott polietil\u00e9n habok els\u0151sz\u00e1m\u00fa sz\u00e1ll\u00edt\u00f3j\u00e1v\u00e1 Kelet-K\u00f6z\u00e9p Eur\u00f3p\u00e1ban is.<\/p> \n\n                                            <\/div>\n\n                    <div class=\"timeline-dot w-[2rem] h-[2rem] rounded-full absolute tablet:left-1\/2 transform -translate-x-1\/2\"><\/div>\n\n                    <div class=\"timeline-date right w-1\/2 order-1 tablet:order-2 pb-[3px] tablet:pb-0\">\n                        <h4 class=\"!pb-0\">2006-2010<\/h4>\n                    <\/div>\n                <\/div>\n\n                                \n                <div class=\"general-content timeline-item flex flex-col tablet:flex-row items-start relative pb-[4rem]\">\n                    <div class=\"timeline-text w-full tablet:w-1\/2 order-2 tablet:order-1\">\n\n                        \n                            <p class=\"last:mb-0 pl-[2rem] text-left\">A k\u00f6vetkez\u0151 fontos l\u00e9p\u00e9s volt a v\u00e1llalat t\u00f6rt\u00e9net\u00e9ben, amikor k\u00e9t glob\u00e1lis nagyv\u00e1llalat, a jap\u00e1n Furukawa Electric Co. Ltd. \u00e9s az Otsuka Chemical Co. Ltd. felv\u00e1s\u00e1rolta a Trocellent. A k\u00e9t \u00faj tulajdonos \u00e1ltal a habgy\u00e1rt\u00e1s ter\u00fclet\u00e9n k\u00e9pviselt kiv\u00e1l\u00f3 szaktud\u00e1s (know-how) tov\u00e1bb er\u0151s\u00edtette a Trocellen technol\u00f3giai \u00e9s innov\u00e1ci\u00f3s h\u00e1tter\u00e9t.<\/p> \n\n                                            <\/div>\n\n                    <div class=\"timeline-dot w-[2rem] h-[2rem] rounded-full absolute tablet:left-1\/2 transform -translate-x-1\/2\"><\/div>\n\n                    <div class=\"timeline-date right w-1\/2 order-1 tablet:order-2 pb-[3px] tablet:pb-0\">\n                        <h4 class=\"!pb-0\">2005<\/h4>\n                    <\/div>\n                <\/div>\n\n                                \n                <div class=\"general-content timeline-item flex flex-col tablet:flex-row items-start relative pb-[4rem]\">\n                    <div class=\"timeline-text w-full tablet:w-1\/2 order-2 tablet:order-1\">\n\n                        \n                            <p class=\"last:mb-0 pl-[2rem] text-left\">Az \u00faj \u00e9vezred \u00faj kezdetet hozott a Trocellen \u00e9let\u00e9ben is. 2000 v\u00e9g\u00e9n a m\u00e1rka \u00e9s a m\u00f6g\u00f6tte \u00e1ll\u00f3 term\u00e9kpaletta \u00e1tszervez\u00e9se ut\u00e1n \u00f6n\u00e1ll\u00f3 v\u00e1llalatt\u00e1 v\u00e1lt \u2013 ez lett a Trocellen GmbH. Hatalmas beruh\u00e1z\u00e1sok t\u00f6rt\u00e9ntek a termel\u0151 kapacit\u00e1sok \u00e9s a technol\u00f3gia ter\u00e9n, amelyek alkalmass\u00e1 tett\u00e9k a v\u00e1llalatot egy er\u0151s \u00e9s egyben k\u00fcl\u00f6nleges piaci poz\u00edci\u00f3 elfoglal\u00e1s\u00e1ra: a Trocellen lett az egyetlen eur\u00f3pai habgy\u00e1rt\u00f3, amely mind k\u00e9miailag, mind pedig fizikailag t\u00e9rh\u00e1l\u00f3s\u00edtott habokat is k\u00edn\u00e1l a legk\u00fcl\u00f6nb\u00f6z\u0151bb ipar\u00e1gak sz\u00e1m\u00e1ra nemcsak Eur\u00f3p\u00e1ban, de az eg\u00e9sz vil\u00e1gon.<\/p> \n\n                                            <\/div>\n\n                    <div class=\"timeline-dot w-[2rem] h-[2rem] rounded-full absolute tablet:left-1\/2 transform -translate-x-1\/2\"><\/div>\n\n                    <div class=\"timeline-date right w-1\/2 order-1 tablet:order-2 pb-[3px] tablet:pb-0\">\n                        <h4 class=\"!pb-0\">2000<\/h4>\n                    <\/div>\n                <\/div>\n\n                                \n                <div class=\"general-content timeline-item flex flex-col tablet:flex-row items-start relative pb-[4rem]\">\n                    <div class=\"timeline-text w-full tablet:w-1\/2 order-2 tablet:order-1\">\n\n                        \n                            <p class=\"last:mb-0 pl-[2rem] text-left\">Glob\u00e1lis terjeszked\u00e9s: akviz\u00edci\u00f3kkal \u00e9s \u00fczletfejleszt\u00e9ssel leraktuk az eur\u00f3pai alap\u00fa, glob\u00e1lis m\u0171k\u00f6d\u00e9s alapjait<\/p> \n\n                                            <\/div>\n\n                    <div class=\"timeline-dot w-[2rem] h-[2rem] rounded-full absolute tablet:left-1\/2 transform -translate-x-1\/2\"><\/div>\n\n                    <div class=\"timeline-date right w-1\/2 order-1 tablet:order-2 pb-[3px] tablet:pb-0\">\n                        <h4 class=\"!pb-0\">1972-2000<\/h4>\n                    <\/div>\n                <\/div>\n\n                                \n                <div class=\"general-content timeline-item flex flex-col tablet:flex-row items-start relative pb-[4rem]\">\n                    <div class=\"timeline-text w-full tablet:w-1\/2 order-2 tablet:order-1\">\n\n                        \n                            <p class=\"last:mb-0 pl-[2rem] text-left\">Az els\u0151 Trocellen hab gy\u00e1rt\u00e1sa, a Dynamit Nobel v\u00e1llalat r\u00e9szek\u00e9nt. <\/p> \n\n                                            <\/div>\n\n                    <div class=\"timeline-dot w-[2rem] h-[2rem] rounded-full absolute tablet:left-1\/2 transform -translate-x-1\/2\"><\/div>\n\n                    <div class=\"timeline-date right w-1\/2 order-1 tablet:order-2 pb-[3px] tablet:pb-0\">\n                        <h4 class=\"!pb-0\">1972<\/h4>\n                    <\/div>\n                <\/div>\n\n                \n            <\/div>\n        <\/section>\n\n\n\n\n<section class=\"general-content text-[#131313]\">\n    <div class=\"container\">\n        <div>\n            <h3 class=\"text-center\">Gondoskod\u00e1sra teremtve, teljes\u00edtm\u00e9nyre tervezve <\/h3>\n\n                    <\/div>\n    <\/div>\n<\/section>\n\n\n<div class=\"group relative bg-white h-[24px] laptop:h-[64px]\" aria-hidden=\"true\"><\/div>","protected":false},"excerpt":{"rendered":"","protected":false},"author":1,"featured_media":0,"parent":6779,"menu_order":0,"comment_status":"closed","ping_status":"closed","template":"template-parts\/page-general.php","meta":{"_acf_changed":false,"footnotes":""},"class_list":["post-7327","page","type-page","status-publish","hentry"],"acf":[],"yoast_head":"<!-- This site is optimized with the Yoast SEO plugin v25.9 - https:\/\/yoast.com\/wordpress\/plugins\/seo\/ -->\n<title>T\u00f6rt\u00e9net - Trocellen, the European polyolefin foam solution provider<\/title>\n<meta name=\"robots\" content=\"index, follow, max-snippet:-1, max-image-preview:large, max-video-preview:-1\" \/>\n<link rel=\"canonical\" href=\"https:\/\/trocellen.com\/about-trocellen\/history\/\" \/>\n<meta property=\"og:locale\" content=\"hu_HU\" \/>\n<meta property=\"og:type\" content=\"article\" \/>\n<meta property=\"og:title\" content=\"T\u00f6rt\u00e9net - Trocellen, the European polyolefin foam solution provider\" \/>\n<meta property=\"og:url\" content=\"https:\/\/trocellen.com\/about-trocellen\/history\/\" \/>\n<meta property=\"og:site_name\" content=\"Trocellen, the European polyolefin foam solution provider\" \/>\n<meta property=\"article:modified_time\" content=\"2025-10-10T09:49:13+00:00\" \/>\n<meta name=\"twitter:card\" content=\"summary_large_image\" \/>\n<script type=\"application\/ld+json\" class=\"yoast-schema-graph\">{\"@context\":\"https:\/\/schema.org\",\"@graph\":[{\"@type\":\"WebPage\",\"@id\":\"https:\/\/trocellen.com\/about-trocellen\/history\/\",\"url\":\"https:\/\/trocellen.com\/about-trocellen\/history\/\",\"name\":\"T\u00f6rt\u00e9net - Trocellen, the European polyolefin foam solution provider\",\"isPartOf\":{\"@id\":\"https:\/\/trocellen.com\/#website\"},\"datePublished\":\"2025-04-29T07:38:28+00:00\",\"dateModified\":\"2025-10-10T09:49:13+00:00\",\"breadcrumb\":{\"@id\":\"https:\/\/trocellen.com\/about-trocellen\/history\/#breadcrumb\"},\"inLanguage\":\"hu\",\"potentialAction\":[{\"@type\":\"ReadAction\",\"target\":[\"https:\/\/trocellen.com\/about-trocellen\/history\/\"]}]},{\"@type\":\"BreadcrumbList\",\"@id\":\"https:\/\/trocellen.com\/about-trocellen\/history\/#breadcrumb\",\"itemListElement\":[{\"@type\":\"ListItem\",\"position\":1,\"name\":\"Home\",\"item\":\"https:\/\/trocellen.com\/hu\/\"},{\"@type\":\"ListItem\",\"position\":2,\"name\":\"T\u00f6rt\u00e9net\"}]},{\"@type\":\"WebSite\",\"@id\":\"https:\/\/trocellen.com\/#website\",\"url\":\"https:\/\/trocellen.com\/\",\"name\":\"Trocellen, the European polyolefin foam solution provider\",\"description\":\"TROCELLEN\u00ae is a leading manufacturer of chemically and physically cross-linked polyolefin and rubber foam solutions\",\"potentialAction\":[{\"@type\":\"SearchAction\",\"target\":{\"@type\":\"EntryPoint\",\"urlTemplate\":\"https:\/\/trocellen.com\/?s={search_term_string}\"},\"query-input\":{\"@type\":\"PropertyValueSpecification\",\"valueRequired\":true,\"valueName\":\"search_term_string\"}}],\"inLanguage\":\"hu\"}]}<\/script>\n<!-- \/ Yoast SEO plugin. -->","yoast_head_json":{"title":"T\u00f6rt\u00e9net - Trocellen, the European polyolefin foam solution provider","robots":{"index":"index","follow":"follow","max-snippet":"max-snippet:-1","max-image-preview":"max-image-preview:large","max-video-preview":"max-video-preview:-1"},"canonical":"https:\/\/trocellen.com\/about-trocellen\/history\/","og_locale":"hu_HU","og_type":"article","og_title":"T\u00f6rt\u00e9net - Trocellen, the European polyolefin foam solution provider","og_url":"https:\/\/trocellen.com\/about-trocellen\/history\/","og_site_name":"Trocellen, the European polyolefin foam solution provider","article_modified_time":"2025-10-10T09:49:13+00:00","twitter_card":"summary_large_image","schema":{"@context":"https:\/\/schema.org","@graph":[{"@type":"WebPage","@id":"https:\/\/trocellen.com\/about-trocellen\/history\/","url":"https:\/\/trocellen.com\/about-trocellen\/history\/","name":"T\u00f6rt\u00e9net - Trocellen, the European polyolefin foam solution provider","isPartOf":{"@id":"https:\/\/trocellen.com\/#website"},"datePublished":"2025-04-29T07:38:28+00:00","dateModified":"2025-10-10T09:49:13+00:00","breadcrumb":{"@id":"https:\/\/trocellen.com\/about-trocellen\/history\/#breadcrumb"},"inLanguage":"hu","potentialAction":[{"@type":"ReadAction","target":["https:\/\/trocellen.com\/about-trocellen\/history\/"]}]},{"@type":"BreadcrumbList","@id":"https:\/\/trocellen.com\/about-trocellen\/history\/#breadcrumb","itemListElement":[{"@type":"ListItem","position":1,"name":"Home","item":"https:\/\/trocellen.com\/hu\/"},{"@type":"ListItem","position":2,"name":"T\u00f6rt\u00e9net"}]},{"@type":"WebSite","@id":"https:\/\/trocellen.com\/#website","url":"https:\/\/trocellen.com\/","name":"Trocellen, the European polyolefin foam solution provider","description":"TROCELLEN\u00ae is a leading manufacturer of chemically and physically cross-linked polyolefin and rubber foam solutions","potentialAction":[{"@type":"SearchAction","target":{"@type":"EntryPoint","urlTemplate":"https:\/\/trocellen.com\/?s={search_term_string}"},"query-input":{"@type":"PropertyValueSpecification","valueRequired":true,"valueName":"search_term_string"}}],"inLanguage":"hu"}]}},"_links":{"self":[{"href":"https:\/\/trocellen.com\/hu\/wp-json\/wp\/v2\/pages\/7327","targetHints":{"allow":["GET"]}}],"collection":[{"href":"https:\/\/trocellen.com\/hu\/wp-json\/wp\/v2\/pages"}],"about":[{"href":"https:\/\/trocellen.com\/hu\/wp-json\/wp\/v2\/types\/page"}],"author":[{"embeddable":true,"href":"https:\/\/trocellen.com\/hu\/wp-json\/wp\/v2\/users\/1"}],"replies":[{"embeddable":true,"href":"https:\/\/trocellen.com\/hu\/wp-json\/wp\/v2\/comments?post=7327"}],"version-history":[{"count":4,"href":"https:\/\/trocellen.com\/hu\/wp-json\/wp\/v2\/pages\/7327\/revisions"}],"predecessor-version":[{"id":13977,"href":"https:\/\/trocellen.com\/hu\/wp-json\/wp\/v2\/pages\/7327\/revisions\/13977"}],"up":[{"embeddable":true,"href":"https:\/\/trocellen.com\/hu\/wp-json\/wp\/v2\/pages\/6779"}],"wp:attachment":[{"href":"https:\/\/trocellen.com\/hu\/wp-json\/wp\/v2\/media?parent=7327"}],"curies":[{"name":"wp","href":"https:\/\/api.w.org\/{rel}","templated":true}]}}