{"id":7300,"date":"2025-04-29T07:38:08","date_gmt":"2025-04-29T07:38:08","guid":{"rendered":"https:\/\/trocellen-dev.local\/trocellen\/ambition\/"},"modified":"2026-04-17T12:46:38","modified_gmt":"2026-04-17T12:46:38","slug":"kuldetesunk-es-ertekeink","status":"publish","type":"page","link":"https:\/\/trocellen.com\/hu\/trocellen\/kuldetesunk-es-ertekeink\/","title":{"rendered":"K\u00fcldet\u00e9s\u00fcnk \u00e9s \u00e9rt\u00e9keink"},"content":{"rendered":"\n<div class=\"group relative bg-gray-200 h-[24px] laptop:h-[64px]\" aria-hidden=\"true\"><\/div>\n\n\n<section class=\"col-content bg-gray-200 \">\n    <div class=\"container\">\n        <div class=\"general-content\">\n            \n            <div class=\"flex flex-col tablet:flex-row gap-small items-center\">\n                <div class=\"flex-1 \">\n                    <h3><img loading=\"lazy\" decoding=\"async\" class=\"alignnone wp-image-15147\" style=\"display: inline-block; margin-right: 10px;\" src=\"https:\/\/trocellen.com\/wp-content\/uploads\/2025\/11\/Trocellen-Purpose-Logo-Brand-Mark-on-White-300x300.png\" alt=\"\" width=\"40\" height=\"40\" srcset=\"https:\/\/trocellen.com\/wp-content\/uploads\/2025\/11\/Trocellen-Purpose-Logo-Brand-Mark-on-White-300x300.png 300w, https:\/\/trocellen.com\/wp-content\/uploads\/2025\/11\/Trocellen-Purpose-Logo-Brand-Mark-on-White-150x150.png 150w, https:\/\/trocellen.com\/wp-content\/uploads\/2025\/11\/Trocellen-Purpose-Logo-Brand-Mark-on-White.png 702w\" sizes=\"auto, (max-width: 40px) 100vw, 40px\" \/>Trocellen k\u00fcldet\u00e9s<\/h3>\n<h2>K\u00e9nyelem \u00e9s biztons\u00e1g a jobb \u00e9let\u00e9rt \u00e9s egy ragyog\u00f3bb vil\u00e1g\u00e9rt.<\/h2>\n                <\/div>\n\n                <div class=\"flex-1\">\n                    <p>Olyan fejlett fogyaszt\u00f3i \u00e9s ipari megold\u00e1sokat k\u00edn\u00e1lunk, amelyek biztons\u00e1gosabb\u00e1 \u00e9s k\u00e9nyelmesebb\u00e9 teszik az emberek \u00e9let\u00e9t, jobb j\u00f6v\u0151t biztos\u00edtva sz\u00e1mukra.<\/p>\n<p>Term\u00e9keink hat\u00e9konyan tomp\u00edtj\u00e1k a k\u00f6rnyezet negat\u00edv hat\u00e1sait, lehet\u0151v\u00e9 t\u00e9ve, hogy az emberek zavartalanul, biztons\u00e1gban \u00e9s nyugodtan figyeljenek arra, amit igaz\u00e1n szeretnek.<\/p>\n<p>Az ipar\u00e1g egyik vezet\u0151 v\u00e1llalatak\u00e9nt bizalmat \u00e9p\u00edt\u00fcnk, tiszteletben tartjuk az \u00fczleti kapcsolatokat, \u00e9s mindig t\u00f6reksz\u00fcnk hozz\u00e1j\u00e1rulni a glob\u00e1lis fenntarthat\u00f3s\u00e1g er\u0151fesz\u00edt\u00e9seihez. Tisztess\u00e9ges munk\u00e1ltat\u00f3k\u00e9nt elk\u00f6telezettek vagyunk elismerni munkat\u00e1rsaink \u00e9rdemeit. Egy\u00fctt maradand\u00f3 \u00e9rt\u00e9ket \u00e9p\u00edt\u00fcnk.<\/p>\n                <\/div>\n            <\/div>\n\n        <\/div>\n    <\/div>\n<\/section>\n\n\n<div class=\"group relative bg-gray-200 h-[24px] laptop:h-[64px]\" aria-hidden=\"true\"><\/div>\n\n\n<div class=\"group relative bg-white h-[32px]\" aria-hidden=\"true\"><\/div>\n\n<section class=\"heading-block\">\n    <div class=\"container\">\n        \n        <div class=\"general-content border-b-[4px] border-gradient !py-small text-center\">\n            \n            \n                <div class=\"general-content\">\n                        <h2 class=\"!p-0 !border-none\">\n                            \u00c9rt\u00e9keink                        <\/h2>\n                                    <\/div>\n\n            \n        <\/div>\n    <\/div>\n<\/section>\n\n\n<div class=\"group relative bg-white h-[32px]\" aria-hidden=\"true\"><\/div>\n\n\n        <section>\n            <div class=\"container tablet:max-w-[416px] laptop:max-w-[562px]\">\n                <div class=\"flex flex-col gap-xs\">\n\n                \n                    <div class=\"general-content\">\n                        <div class=\"border-b-[2px] border-gradient w-full flex items-center gap-[15px]\">\n                            <img decoding=\"async\" src=\"https:\/\/trocellen.com\/wp-content\/uploads\/2025\/10\/Values_icon_collaboration-1.png\" alt=\"\">\n                            <span class=\"uppercase font-light text-[1.375rem] leading-[2.5rem] py-xs block \">Egy\u00fcttm\u0171k\u00f6d\u00e9s \u00e9s kezdem\u00e9nyez\u00e9s <\/span>\n                        <\/div>\n\n                        \n                        <div class=\"py-default\">\n                            <p>Nagyra \u00e9rt\u00e9kelj\u00fck a csapatmunk\u00e1t. Olyan t\u00e1mogat\u00f3 k\u00f6rnyezetet teremt\u00fcnk, ahol minden munkat\u00e1rsunknak lehet\u0151s\u00e9ge van kezdem\u00e9nyezni, proakt\u00edvan hozz\u00e1j\u00e1rulni a k\u00f6z\u00f6s c\u00e9lok el\u00e9r\u00e9s\u00e9hez \u00e9s a v\u00e1llalattal egy\u00fctt fejl\u0151dni.<\/p>\n                        <\/div>\n\n                        \n                    <\/div>\n\n                \n                    <div class=\"general-content\">\n                        <div class=\"border-b-[2px] border-gradient w-full flex items-center gap-[15px]\">\n                            <img decoding=\"async\" src=\"https:\/\/trocellen.com\/wp-content\/uploads\/2025\/10\/Values_icon_innovation-1.png\" alt=\"\">\n                            <span class=\"uppercase font-light text-[1.375rem] leading-[2.5rem] py-xs block \">Innov\u00e1ci\u00f3 \u00e9s piacorient\u00e1lts\u00e1g<\/span>\n                        <\/div>\n\n                        \n                        <div class=\"py-default\">\n                            <p>T\u00e1g\u00edtjuk a hat\u00e1rokat, \u00e9s \u00f6szt\u00f6n\u00f6zz\u00fck a kreativit\u00e1st, hogy olyan hasznos megold\u00e1sokat ny\u00fajtsunk, amelyek tart\u00f3s \u00e9rt\u00e9ket teremtenek partnereink \u00e9s a t\u00e1rsadalom sz\u00e1m\u00e1ra.<\/p>\n                        <\/div>\n\n                        \n                    <\/div>\n\n                \n                    <div class=\"general-content\">\n                        <div class=\"border-b-[2px] border-gradient w-full flex items-center gap-[15px]\">\n                            <img decoding=\"async\" src=\"https:\/\/trocellen.com\/wp-content\/uploads\/2025\/10\/Values_icon_integrity-1.png\" alt=\"\">\n                            <span class=\"uppercase font-light text-[1.375rem] leading-[2.5rem] py-xs block \">Integrit\u00e1s \u00e9s \u00e1tl\u00e1that\u00f3s\u00e1g<\/span>\n                        <\/div>\n\n                        \n                        <div class=\"py-default\">\n                            <p>\u0150szinte \u00e9s nyitott k\u00f6zeget tartunk fenn, bizalmat \u00e9s felel\u0151ss\u00e9gtudatot \u00e9p\u00edt\u00fcnk a csapaton bel\u00fcl \u00e9s partnereinkkel is.<\/p>\n                        <\/div>\n\n                        \n                    <\/div>\n\n                \n                    <div class=\"general-content\">\n                        <div class=\"border-b-[2px] border-gradient w-full flex items-center gap-[15px]\">\n                            <img decoding=\"async\" src=\"https:\/\/trocellen.com\/wp-content\/uploads\/2025\/10\/Values_icon_diversity-1.png\" alt=\"\">\n                            <span class=\"uppercase font-light text-[1.375rem] leading-[2.5rem] py-xs block \">Soksz\u00edn\u0171s\u00e9g \u00e9s befogad\u00e1s<\/span>\n                        <\/div>\n\n                        \n                        <div class=\"py-default\">\n                            <p>Elfogadjuk a k\u00fcl\u00f6nb\u00f6z\u0151 n\u00e9z\u0151pontokat, ez\u00e1ltal olyan kult\u00far\u00e1t teremt\u00fcnk, amely \u00f6r\u00fcl a k\u00fcl\u00f6nb\u00f6z\u0151s\u00e9geknek, \u00e9s el\u0151mozd\u00edtja az egyenl\u0151s\u00e9get.<\/p>\n                        <\/div>\n\n                        \n                    <\/div>\n\n                \n                    <div class=\"general-content\">\n                        <div class=\"border-b-[2px] border-gradient w-full flex items-center gap-[15px]\">\n                            <img decoding=\"async\" src=\"https:\/\/trocellen.com\/wp-content\/uploads\/2025\/10\/Values_icon_sustainability-1.png\" alt=\"\">\n                            <span class=\"uppercase font-light text-[1.375rem] leading-[2.5rem] py-xs block \">Fenntarthat\u00f3s\u00e1g \u00e9s felel\u0151ss\u00e9gv\u00e1llal\u00e1s<\/span>\n                        <\/div>\n\n                        \n                        <div class=\"py-default\">\n                            <p>Elk\u00f6telezettek vagyunk a fenntarthat\u00f3 megold\u00e1sok \u00e9s a felel\u0151s d\u00f6nt\u00e9shozatal mellett, bolyg\u00f3nk \u00e9s t\u00e1rsadalmunk \u00e9rdek\u00e9ben.<\/p>\n                        <\/div>\n\n                        \n                    <\/div>\n\n                \n                <\/div>\n            <\/div>\n        <\/section>\n    \n\n\n\n<div class=\"group relative bg-white h-[32px]\" aria-hidden=\"true\"><\/div>","protected":false},"excerpt":{"rendered":"","protected":false},"author":1,"featured_media":0,"parent":6779,"menu_order":0,"comment_status":"closed","ping_status":"closed","template":"template-parts\/page-general.php","meta":{"_acf_changed":false,"footnotes":""},"class_list":["post-7300","page","type-page","status-publish","hentry"],"acf":[],"yoast_head":"<!-- This site is optimized with the Yoast SEO plugin v25.9 - https:\/\/yoast.com\/wordpress\/plugins\/seo\/ -->\n<title>K\u00fcldet\u00e9s\u00fcnk \u00e9s \u00e9rt\u00e9keink - Trocellen, the European polyolefin foam solution provider<\/title>\n<meta name=\"robots\" content=\"index, follow, max-snippet:-1, max-image-preview:large, max-video-preview:-1\" \/>\n<link rel=\"canonical\" href=\"https:\/\/trocellen.com\/hu\/trocellen\/kuldetesunk-es-ertekeink\/\" \/>\n<meta property=\"og:locale\" content=\"hu_HU\" \/>\n<meta property=\"og:type\" content=\"article\" \/>\n<meta property=\"og:title\" content=\"K\u00fcldet\u00e9s\u00fcnk \u00e9s \u00e9rt\u00e9keink - Trocellen, the European polyolefin foam solution provider\" \/>\n<meta property=\"og:url\" content=\"https:\/\/trocellen.com\/hu\/trocellen\/kuldetesunk-es-ertekeink\/\" \/>\n<meta property=\"og:site_name\" content=\"Trocellen, the European polyolefin foam solution provider\" \/>\n<meta property=\"article:modified_time\" content=\"2026-04-17T12:46:38+00:00\" \/>\n<meta name=\"twitter:card\" content=\"summary_large_image\" \/>\n<script type=\"application\/ld+json\" class=\"yoast-schema-graph\">{\"@context\":\"https:\/\/schema.org\",\"@graph\":[{\"@type\":\"WebPage\",\"@id\":\"https:\/\/trocellen.com\/hu\/trocellen\/kuldetesunk-es-ertekeink\/\",\"url\":\"https:\/\/trocellen.com\/hu\/trocellen\/kuldetesunk-es-ertekeink\/\",\"name\":\"K\u00fcldet\u00e9s\u00fcnk \u00e9s \u00e9rt\u00e9keink - Trocellen, the European polyolefin foam solution provider\",\"isPartOf\":{\"@id\":\"https:\/\/trocellen.com\/#website\"},\"datePublished\":\"2025-04-29T07:38:08+00:00\",\"dateModified\":\"2026-04-17T12:46:38+00:00\",\"breadcrumb\":{\"@id\":\"https:\/\/trocellen.com\/hu\/trocellen\/kuldetesunk-es-ertekeink\/#breadcrumb\"},\"inLanguage\":\"hu\",\"potentialAction\":[{\"@type\":\"ReadAction\",\"target\":[\"https:\/\/trocellen.com\/hu\/trocellen\/kuldetesunk-es-ertekeink\/\"]}]},{\"@type\":\"BreadcrumbList\",\"@id\":\"https:\/\/trocellen.com\/hu\/trocellen\/kuldetesunk-es-ertekeink\/#breadcrumb\",\"itemListElement\":[{\"@type\":\"ListItem\",\"position\":1,\"name\":\"Home\",\"item\":\"https:\/\/trocellen.com\/hu\/\"},{\"@type\":\"ListItem\",\"position\":2,\"name\":\"K\u00fcldet\u00e9s\u00fcnk \u00e9s \u00e9rt\u00e9keink\"}]},{\"@type\":\"WebSite\",\"@id\":\"https:\/\/trocellen.com\/#website\",\"url\":\"https:\/\/trocellen.com\/\",\"name\":\"Trocellen, the European polyolefin foam solution provider\",\"description\":\"TROCELLEN\u00ae is a leading manufacturer of chemically and physically cross-linked polyolefin and rubber foam solutions\",\"potentialAction\":[{\"@type\":\"SearchAction\",\"target\":{\"@type\":\"EntryPoint\",\"urlTemplate\":\"https:\/\/trocellen.com\/?s={search_term_string}\"},\"query-input\":{\"@type\":\"PropertyValueSpecification\",\"valueRequired\":true,\"valueName\":\"search_term_string\"}}],\"inLanguage\":\"hu\"}]}<\/script>\n<!-- \/ Yoast SEO plugin. -->","yoast_head_json":{"title":"K\u00fcldet\u00e9s\u00fcnk \u00e9s \u00e9rt\u00e9keink - Trocellen, the European polyolefin foam solution provider","robots":{"index":"index","follow":"follow","max-snippet":"max-snippet:-1","max-image-preview":"max-image-preview:large","max-video-preview":"max-video-preview:-1"},"canonical":"https:\/\/trocellen.com\/hu\/trocellen\/kuldetesunk-es-ertekeink\/","og_locale":"hu_HU","og_type":"article","og_title":"K\u00fcldet\u00e9s\u00fcnk \u00e9s \u00e9rt\u00e9keink - Trocellen, the European polyolefin foam solution provider","og_url":"https:\/\/trocellen.com\/hu\/trocellen\/kuldetesunk-es-ertekeink\/","og_site_name":"Trocellen, the European polyolefin foam solution provider","article_modified_time":"2026-04-17T12:46:38+00:00","twitter_card":"summary_large_image","schema":{"@context":"https:\/\/schema.org","@graph":[{"@type":"WebPage","@id":"https:\/\/trocellen.com\/hu\/trocellen\/kuldetesunk-es-ertekeink\/","url":"https:\/\/trocellen.com\/hu\/trocellen\/kuldetesunk-es-ertekeink\/","name":"K\u00fcldet\u00e9s\u00fcnk \u00e9s \u00e9rt\u00e9keink - Trocellen, the European polyolefin foam solution provider","isPartOf":{"@id":"https:\/\/trocellen.com\/#website"},"datePublished":"2025-04-29T07:38:08+00:00","dateModified":"2026-04-17T12:46:38+00:00","breadcrumb":{"@id":"https:\/\/trocellen.com\/hu\/trocellen\/kuldetesunk-es-ertekeink\/#breadcrumb"},"inLanguage":"hu","potentialAction":[{"@type":"ReadAction","target":["https:\/\/trocellen.com\/hu\/trocellen\/kuldetesunk-es-ertekeink\/"]}]},{"@type":"BreadcrumbList","@id":"https:\/\/trocellen.com\/hu\/trocellen\/kuldetesunk-es-ertekeink\/#breadcrumb","itemListElement":[{"@type":"ListItem","position":1,"name":"Home","item":"https:\/\/trocellen.com\/hu\/"},{"@type":"ListItem","position":2,"name":"K\u00fcldet\u00e9s\u00fcnk \u00e9s \u00e9rt\u00e9keink"}]},{"@type":"WebSite","@id":"https:\/\/trocellen.com\/#website","url":"https:\/\/trocellen.com\/","name":"Trocellen, the European polyolefin foam solution provider","description":"TROCELLEN\u00ae is a leading manufacturer of chemically and physically cross-linked polyolefin and rubber foam solutions","potentialAction":[{"@type":"SearchAction","target":{"@type":"EntryPoint","urlTemplate":"https:\/\/trocellen.com\/?s={search_term_string}"},"query-input":{"@type":"PropertyValueSpecification","valueRequired":true,"valueName":"search_term_string"}}],"inLanguage":"hu"}]}},"_links":{"self":[{"href":"https:\/\/trocellen.com\/hu\/wp-json\/wp\/v2\/pages\/7300","targetHints":{"allow":["GET"]}}],"collection":[{"href":"https:\/\/trocellen.com\/hu\/wp-json\/wp\/v2\/pages"}],"about":[{"href":"https:\/\/trocellen.com\/hu\/wp-json\/wp\/v2\/types\/page"}],"author":[{"embeddable":true,"href":"https:\/\/trocellen.com\/hu\/wp-json\/wp\/v2\/users\/1"}],"replies":[{"embeddable":true,"href":"https:\/\/trocellen.com\/hu\/wp-json\/wp\/v2\/comments?post=7300"}],"version-history":[{"count":5,"href":"https:\/\/trocellen.com\/hu\/wp-json\/wp\/v2\/pages\/7300\/revisions"}],"predecessor-version":[{"id":15948,"href":"https:\/\/trocellen.com\/hu\/wp-json\/wp\/v2\/pages\/7300\/revisions\/15948"}],"up":[{"embeddable":true,"href":"https:\/\/trocellen.com\/hu\/wp-json\/wp\/v2\/pages\/6779"}],"wp:attachment":[{"href":"https:\/\/trocellen.com\/hu\/wp-json\/wp\/v2\/media?parent=7300"}],"curies":[{"name":"wp","href":"https:\/\/api.w.org\/{rel}","templated":true}]}}