{"id":7283,"date":"2025-04-29T07:37:53","date_gmt":"2025-04-29T07:37:53","guid":{"rendered":"https:\/\/trocellen-dev.local\/a-trocellenrol\/profile\/"},"modified":"2025-10-13T11:36:14","modified_gmt":"2025-10-13T11:36:14","slug":"profil","status":"publish","type":"page","link":"https:\/\/trocellen.com\/hu\/trocellen\/profil\/","title":{"rendered":"Profil"},"content":{"rendered":"\n<div class=\"group relative bg-white h-[32px]\" aria-hidden=\"true\"><\/div>\n\n\n<section class=\"general-content text-[#131313]\">\n    <div class=\"container\">\n        <div>\n            <h3 class=\"text-center\">A Trocellen az eur\u00f3pai poliolefinhab megold\u00e1sok sz\u00e1ll\u00edt\u00f3ja \u2013 az emberek biztons\u00e1g\u00e1\u00e9rt \u00e9s k\u00e9nyelm\u00e9\u00e9rt. Jap\u00e1n tulajdonosunkkal, a Furukawa Electric Co. Ltd-vel egy\u00fctt fenntarthat\u00f3 megold\u00e1sokra \u00e9s hossz\u00fa t\u00e1v\u00fa sikerre t\u00f6reksz\u00fcnk az eg\u00e9sz vil\u00e1gon. <\/h3>\n\n                    <\/div>\n    <\/div>\n<\/section>\n\n\n<div class=\"group relative bg-white h-[32px]\" aria-hidden=\"true\"><\/div>\n\n\n<div class=\"group relative bg-gray-200 h-[24px] laptop:h-[64px]\" aria-hidden=\"true\"><\/div>\n\n\n\n<section class=\"bg-gray-200\">\n    <div class=\"container\">\n        <div class=\"general-content\">\n            <div class=\"flex flex-col tablet:flex-row items-center gap-small \">\n\n                <div class=\"flex-1\">\n                    <p>Kilenc helysz\u00ednen t\u00f6bb mint 600 munkat\u00e1rssal, sz\u00e1mtalan egy\u00fcttm\u0171k\u00f6d\u0151 v\u00e1llalattal, egyetemmel \u00e9s kutat\u00f3int\u00e9zettel, valamint sok m\u00e1s partnerrel k\u00f6z\u00f6sen k\u00edn\u00e1lunk megold\u00e1sokat k\u00fcl\u00f6nb\u00f6z\u0151 ipar\u00e1gak \u00e9s alkalmaz\u00e1si ter\u00fcletek sz\u00e9les k\u00f6re sz\u00e1m\u00e1ra. Szerte\u00e1gaz\u00f3, \u00fczlet\u00e1g-alap\u00fa szervezeti fel\u00e9p\u00edt\u00e9s\u00fcnk seg\u00edts\u00e9g\u00e9vel meg tudunk felelni a legk\u00fcl\u00f6nf\u00e9l\u00e9bb ipar\u00e1gi elv\u00e1r\u00e1soknak \u00e9s folyamatosan tudjuk fejleszteni term\u00e9keinket a piaci sz\u00fcks\u00e9gleteknek megfelel\u0151en. K\u00e9szterm\u00e9keket, f\u00e9lk\u00e9sz term\u00e9keket \u00e9s alapanyagokat egyar\u00e1nt gy\u00e1rtunk mind v\u00e9gfelhaszn\u00e1l\u00e1sra, mind pedig feldolgoz\u00f3 partnereink sz\u00e1m\u00e1ra olyan k\u00fcl\u00f6nb\u00f6z\u0151 ipar\u00e1gakban, mint az aut\u00f3gy\u00e1rt\u00e1s, \u00e9p\u00edt\u0151ipari \u00e9s g\u00e9p\u00e9szeti szigetel\u00e9sek, szabadid\u0151s alkalmaz\u00e1sok, professzion\u00e1lis sport eszk\u00f6z\u00f6k, \u00f6ntapad\u00f3s term\u00e9kek, cip\u0151gy\u00e1rt\u00e1s \u00e9s csomagol\u00e1s.<\/p>\n<p>Term\u00e9keink sokf\u00e9les\u00e9g\u00e9vel az emberek sz\u00e1m\u00e1ra meleg \u00e9s csendes otthoni \u00e9s munkahelyi k\u00f6rnyezetet biztos\u00edtunk. K\u00e9nyelmess\u00e9 \u00e9s biztons\u00e1goss\u00e1 tessz\u00fck az utaz\u00e1st. \u00c9lvezetess\u00e9 tessz\u00fck az emberek szabadid\u0151s tev\u00e9kenys\u00e9g\u00e9t \u00e9s egyben v\u00e9dj\u00fck testi \u00e9ps\u00e9g\u00fcket is. A divatot biztons\u00e1goss\u00e1, a biztons\u00e1got st\u00edlusoss\u00e1 tessz\u00fck. Megold\u00e1saink kifejleszt\u00e9s\u00e9ben \u00e9s a k\u00fcl\u00f6nf\u00e9le szakmai projektek megval\u00f3s\u00edt\u00e1s\u00e1ban szorosan egy\u00fcttm\u0171k\u00f6d\u00fcnk partnereinkkel.<\/p>\n                <\/div>\n\n                <div class=\"flex-1\">\n                    <div class=\"rounded-tr-tr-120 overflow-hidden\">\n                        <img decoding=\"async\" src=\"https:\/\/trocellen.com\/wp-content\/uploads\/2025\/10\/umbrella_-_dreamstime_130664700_-_royaltyfree.jpg\" alt=\"\" class=\"w-full object-cover\">\n                    <\/div>\n                <\/div>\n\n            <\/div>\n        <\/div>\n    <\/div>\n<\/section>\n\n\n<div class=\"group relative bg-gray-200 h-[24px] laptop:h-[64px]\" aria-hidden=\"true\"><\/div>","protected":false},"excerpt":{"rendered":"","protected":false},"author":1,"featured_media":0,"parent":6779,"menu_order":0,"comment_status":"closed","ping_status":"closed","template":"template-parts\/page-general.php","meta":{"_acf_changed":false,"footnotes":""},"class_list":["post-7283","page","type-page","status-publish","hentry"],"acf":[],"yoast_head":"<!-- This site is optimized with the Yoast SEO plugin v25.9 - https:\/\/yoast.com\/wordpress\/plugins\/seo\/ -->\n<title>Profil - Trocellen, the European polyolefin foam solution provider<\/title>\n<meta name=\"robots\" content=\"index, follow, max-snippet:-1, max-image-preview:large, max-video-preview:-1\" \/>\n<link rel=\"canonical\" href=\"https:\/\/trocellen.com\/about-trocellen\/profile\/\" \/>\n<meta property=\"og:locale\" content=\"hu_HU\" \/>\n<meta property=\"og:type\" content=\"article\" \/>\n<meta property=\"og:title\" content=\"Profil - Trocellen, the European polyolefin foam solution provider\" \/>\n<meta property=\"og:url\" content=\"https:\/\/trocellen.com\/about-trocellen\/profile\/\" \/>\n<meta property=\"og:site_name\" content=\"Trocellen, the European polyolefin foam solution provider\" \/>\n<meta property=\"article:modified_time\" content=\"2025-10-13T11:36:14+00:00\" \/>\n<meta name=\"twitter:card\" content=\"summary_large_image\" \/>\n<script type=\"application\/ld+json\" class=\"yoast-schema-graph\">{\"@context\":\"https:\/\/schema.org\",\"@graph\":[{\"@type\":\"WebPage\",\"@id\":\"https:\/\/trocellen.com\/about-trocellen\/profile\/\",\"url\":\"https:\/\/trocellen.com\/about-trocellen\/profile\/\",\"name\":\"Profil - Trocellen, the European polyolefin foam solution provider\",\"isPartOf\":{\"@id\":\"https:\/\/trocellen.com\/#website\"},\"datePublished\":\"2025-04-29T07:37:53+00:00\",\"dateModified\":\"2025-10-13T11:36:14+00:00\",\"breadcrumb\":{\"@id\":\"https:\/\/trocellen.com\/about-trocellen\/profile\/#breadcrumb\"},\"inLanguage\":\"hu\",\"potentialAction\":[{\"@type\":\"ReadAction\",\"target\":[\"https:\/\/trocellen.com\/about-trocellen\/profile\/\"]}]},{\"@type\":\"BreadcrumbList\",\"@id\":\"https:\/\/trocellen.com\/about-trocellen\/profile\/#breadcrumb\",\"itemListElement\":[{\"@type\":\"ListItem\",\"position\":1,\"name\":\"Home\",\"item\":\"https:\/\/trocellen.com\/hu\/\"},{\"@type\":\"ListItem\",\"position\":2,\"name\":\"Profil\"}]},{\"@type\":\"WebSite\",\"@id\":\"https:\/\/trocellen.com\/#website\",\"url\":\"https:\/\/trocellen.com\/\",\"name\":\"Trocellen, the European polyolefin foam solution provider\",\"description\":\"TROCELLEN\u00ae is a leading manufacturer of chemically and physically cross-linked polyolefin and rubber foam solutions\",\"potentialAction\":[{\"@type\":\"SearchAction\",\"target\":{\"@type\":\"EntryPoint\",\"urlTemplate\":\"https:\/\/trocellen.com\/?s={search_term_string}\"},\"query-input\":{\"@type\":\"PropertyValueSpecification\",\"valueRequired\":true,\"valueName\":\"search_term_string\"}}],\"inLanguage\":\"hu\"}]}<\/script>\n<!-- \/ Yoast SEO plugin. -->","yoast_head_json":{"title":"Profil - Trocellen, the European polyolefin foam solution provider","robots":{"index":"index","follow":"follow","max-snippet":"max-snippet:-1","max-image-preview":"max-image-preview:large","max-video-preview":"max-video-preview:-1"},"canonical":"https:\/\/trocellen.com\/about-trocellen\/profile\/","og_locale":"hu_HU","og_type":"article","og_title":"Profil - Trocellen, the European polyolefin foam solution provider","og_url":"https:\/\/trocellen.com\/about-trocellen\/profile\/","og_site_name":"Trocellen, the European polyolefin foam solution provider","article_modified_time":"2025-10-13T11:36:14+00:00","twitter_card":"summary_large_image","schema":{"@context":"https:\/\/schema.org","@graph":[{"@type":"WebPage","@id":"https:\/\/trocellen.com\/about-trocellen\/profile\/","url":"https:\/\/trocellen.com\/about-trocellen\/profile\/","name":"Profil - Trocellen, the European polyolefin foam solution provider","isPartOf":{"@id":"https:\/\/trocellen.com\/#website"},"datePublished":"2025-04-29T07:37:53+00:00","dateModified":"2025-10-13T11:36:14+00:00","breadcrumb":{"@id":"https:\/\/trocellen.com\/about-trocellen\/profile\/#breadcrumb"},"inLanguage":"hu","potentialAction":[{"@type":"ReadAction","target":["https:\/\/trocellen.com\/about-trocellen\/profile\/"]}]},{"@type":"BreadcrumbList","@id":"https:\/\/trocellen.com\/about-trocellen\/profile\/#breadcrumb","itemListElement":[{"@type":"ListItem","position":1,"name":"Home","item":"https:\/\/trocellen.com\/hu\/"},{"@type":"ListItem","position":2,"name":"Profil"}]},{"@type":"WebSite","@id":"https:\/\/trocellen.com\/#website","url":"https:\/\/trocellen.com\/","name":"Trocellen, the European polyolefin foam solution provider","description":"TROCELLEN\u00ae is a leading manufacturer of chemically and physically cross-linked polyolefin and rubber foam solutions","potentialAction":[{"@type":"SearchAction","target":{"@type":"EntryPoint","urlTemplate":"https:\/\/trocellen.com\/?s={search_term_string}"},"query-input":{"@type":"PropertyValueSpecification","valueRequired":true,"valueName":"search_term_string"}}],"inLanguage":"hu"}]}},"_links":{"self":[{"href":"https:\/\/trocellen.com\/hu\/wp-json\/wp\/v2\/pages\/7283","targetHints":{"allow":["GET"]}}],"collection":[{"href":"https:\/\/trocellen.com\/hu\/wp-json\/wp\/v2\/pages"}],"about":[{"href":"https:\/\/trocellen.com\/hu\/wp-json\/wp\/v2\/types\/page"}],"author":[{"embeddable":true,"href":"https:\/\/trocellen.com\/hu\/wp-json\/wp\/v2\/users\/1"}],"replies":[{"embeddable":true,"href":"https:\/\/trocellen.com\/hu\/wp-json\/wp\/v2\/comments?post=7283"}],"version-history":[{"count":5,"href":"https:\/\/trocellen.com\/hu\/wp-json\/wp\/v2\/pages\/7283\/revisions"}],"predecessor-version":[{"id":14286,"href":"https:\/\/trocellen.com\/hu\/wp-json\/wp\/v2\/pages\/7283\/revisions\/14286"}],"up":[{"embeddable":true,"href":"https:\/\/trocellen.com\/hu\/wp-json\/wp\/v2\/pages\/6779"}],"wp:attachment":[{"href":"https:\/\/trocellen.com\/hu\/wp-json\/wp\/v2\/media?parent=7283"}],"curies":[{"name":"wp","href":"https:\/\/api.w.org\/{rel}","templated":true}]}}