{"id":13248,"date":"2025-04-29T08:22:11","date_gmt":"2025-04-29T08:22:11","guid":{"rendered":"https:\/\/trocellen-dev.local\/fenntarthatosag\/people-society\/"},"modified":"2025-10-13T06:07:25","modified_gmt":"2025-10-13T06:07:25","slug":"people-society","status":"publish","type":"page","link":"https:\/\/trocellen.com\/hu\/fenntarthatosag\/people-society\/","title":{"rendered":"Emberek \u00e9s t\u00e1rsadalom"},"content":{"rendered":"\n<div class=\"group relative bg-white h-[24px] laptop:h-[64px]\" aria-hidden=\"true\"><\/div>\n\n\n<section class=\"col-content bg-white \">\n    <div class=\"container\">\n        <div class=\"general-content\">\n            \n            <div class=\"flex flex-col tablet:flex-col gap-small items-start\">\n                <div class=\"flex-1 w-full\">\n                    <h2>Elk\u00f6telezetts\u00e9g\u00fcnk az emberek \u00e9s a t\u00e1rsadalom ir\u00e1nt<\/h2>\n<p>A Trocellenn\u00e9l \u00fagy gondoljuk, hogy a legnagyobb \u00e9rt\u00e9k\u00fcnk az embereinkben rejlik. Az \u0151 kreativit\u00e1suk, elk\u00f6telezetts\u00e9g\u00fck \u00e9s k\u00f6z\u00f6s c\u00e9ljuk az, ami az innov\u00e1ci\u00f3 motorja, \u00e9s ami egy fenntarthat\u00f3bb j\u00f6v\u0151 fel\u00e9 vezet minket &#8211; nem csak k\u00f6rnyezetv\u00e9delmi, hanem t\u00e1rsadalmi szempontb\u00f3l is. Azzal, hogy befektet\u00fcnk munkat\u00e1rsaink fejl\u0151d\u00e9s\u00e9be, j\u00f3l\u00e9t\u00e9be \u00e9s elk\u00f6telezetts\u00e9g\u00e9be, k\u00e9pess\u00e9 tessz\u00fck \u0151ket arra, hogy megfeleljenek a glob\u00e1lis kih\u00edv\u00e1soknak, \u00e9s pozit\u00edv hat\u00e1st gyakoroljanak v\u00e1llalatunk falain t\u00fal is.<\/p>\n                <\/div>\n\n                <div class=\"flex-1\">\n                                    <\/div>\n            <\/div>\n\n        <\/div>\n    <\/div>\n<\/section>\n\n\n<section class=\"col-content bg-white \">\n    <div class=\"container\">\n        <div class=\"general-content\">\n            \n            <div class=\"flex flex-col tablet:flex-row gap-small items-start\">\n                <div class=\"flex-1 \">\n                    <h3>A Trocellen \u00fatja: bizalom, tisztelet \u00e9s egy\u00fcttm\u0171k\u00f6d\u00e9s<\/h3>\n<h4>Csapataink minden nap meg\u00e9lik a Trocellen Credo-t az\u00e1ltal, hogy:<\/h4>\n                <\/div>\n\n                <div class=\"flex-1\">\n                    <ul>\n<li>A legmagasabb etikai norm\u00e1k betart\u00e1sa \u00e9s a becs\u00fcletess\u00e9g mindenn\u00e9l magasabbra \u00e9rt\u00e9kel\u00e9se.<\/li>\n<li>A folyamatos fejleszt\u00e9s \u00e9s innov\u00e1ci\u00f3 \u00f6szt\u00f6nz\u00e9se minden feladatban.<\/li>\n<li>A kih\u00edv\u00e1sok gyakorlatias kezel\u00e9se, a val\u00f3s ig\u00e9nyekhez val\u00f3 k\u00f6zels\u00e9g.<\/li>\n<li>Proakt\u00edvak, egy\u00fctt dolgoznak a legjobb megold\u00e1s megtal\u00e1l\u00e1s\u00e1ig.<\/li>\n<li>Ny\u00edlt kommunik\u00e1ci\u00f3 fenntart\u00e1sa az \u00f6tletek megoszt\u00e1sa \u00e9s a k\u00f6z\u00f6s fejl\u0151d\u00e9s \u00e9rdek\u00e9ben.<\/li>\n<\/ul>\n<p>Olyan kult\u00far\u00e1t \u00e1polunk, amely a bizalomra \u00e9s a tiszteletre \u00e9p\u00fcl, ahol a munkat\u00e1rsak \u00fagy \u00e9rzik, hogy \u00e9rt\u00e9kelik \u0151ket, meghallgatj\u00e1k \u0151ket, \u00e9s b\u00e1tor\u00edtj\u00e1k \u0151ket a tanul\u00e1sra, a kezdem\u00e9nyez\u0151k\u00e9szs\u00e9gre \u00e9s egym\u00e1s t\u00e1mogat\u00e1s\u00e1ra.<\/p>\n                <\/div>\n            <\/div>\n\n        <\/div>\n    <\/div>\n<\/section>\n\n\n<div class=\"group relative bg-white h-[24px] laptop:h-[64px]\" aria-hidden=\"true\"><\/div>\n\n\n<div class=\"group relative bg-gray-200 h-[24px] laptop:h-[64px]\" aria-hidden=\"true\"><\/div>\n\n\n<section class=\"col-content bg-gray-200 \">\n    <div class=\"container\">\n        <div class=\"general-content\">\n            \n            <div class=\"flex flex-col tablet:flex-row gap-small items-start\">\n                <div class=\"flex-1 \">\n                    <p><img loading=\"lazy\" decoding=\"async\" class=\"rounded-tr-tr-120 overflow-hidden alignnone wp-image-14202 size-full\" src=\"https:\/\/trocellen.com\/wp-content\/uploads\/2025\/10\/people_bonding.jpg\" alt=\"\" width=\"1124\" height=\"748\" srcset=\"https:\/\/trocellen.com\/wp-content\/uploads\/2025\/10\/people_bonding.jpg 1124w, https:\/\/trocellen.com\/wp-content\/uploads\/2025\/10\/people_bonding-300x200.jpg 300w, https:\/\/trocellen.com\/wp-content\/uploads\/2025\/10\/people_bonding-1024x681.jpg 1024w, https:\/\/trocellen.com\/wp-content\/uploads\/2025\/10\/people_bonding-768x511.jpg 768w\" sizes=\"auto, (max-width: 1124px) 100vw, 1124px\" \/><\/p>\n                <\/div>\n\n                <div class=\"flex-1\">\n                    <h2>Biztons\u00e1gos, befogad\u00f3 \u00e9s felhatalmaz\u00f3 munkahely.<\/h2>\n<h3>Eg\u00e9szs\u00e9g \u00e9s biztons\u00e1g: mindig az els\u0151<\/h3>\n<blockquote>\n<h4 style=\"text-align: center;\">A biztons\u00e1g az els\u0151 &#8211; kiv\u00e9tel n\u00e9lk\u00fcl.<\/h4>\n<\/blockquote>\n<p>Folyamatosan korszer\u0171s\u00edtj\u00fck munkak\u00f6rnyezet\u00fcnket, felszerel\u00e9seinket \u00e9s folyamatainkat, hogy megv\u00e9dj\u00fck csapatainkat. Szigor\u00fa k\u00e9pz\u00e9ssel \u00e9s a biztons\u00e1g ir\u00e1nti k\u00f6z\u00f6s elk\u00f6telezetts\u00e9ggel a nulla baleset el\u00e9r\u00e9s\u00e9re t\u00f6reksz\u00fcnk, olyan munkahelyet teremtve, ahol mindenki boldogulhat.<\/p>\n                <\/div>\n            <\/div>\n\n        <\/div>\n    <\/div>\n<\/section>\n\n\n<section class=\"col-content bg-gray-200 \">\n    <div class=\"container\">\n        <div class=\"general-content\">\n            \n            <div class=\"flex flex-col tablet:flex-col gap-small items-start\">\n                <div class=\"flex-1 w-full\">\n                    <h3>Emberi jogok \u00e9s soksz\u00edn\u0171s\u00e9g<\/h3>\n<p>A Trocellen szigor\u00faan betartja az emberi jogokat, tiltja a diszkrimin\u00e1ci\u00f3t \u00e9s a zaklat\u00e1st, \u00e9s akt\u00edvan t\u00e1mogatja a soksz\u00edn\u0171s\u00e9get \u00e9s a befogad\u00e1st annak \u00e9rdek\u00e9ben, hogy mindenkivel m\u00e9lt\u00f3s\u00e1ggal \u00e9s tisztess\u00e9gesen b\u00e1njunk.<\/p>\n<h3>A j\u00f3l\u00e9t \u00e9s a n\u00f6veked\u00e9s t\u00e1mogat\u00e1sa<\/h3>\n<p>El\u0151seg\u00edtj\u00fck a rugalmas, t\u00e1mogat\u00f3 munkam\u00f3dszereket, hogy mindenki a saj\u00e1t \u00fatj\u00e1t j\u00e1rva fejl\u0151dhessen. T\u00e1mogatjuk a ment\u00e1lis \u00e9s fizikai eg\u00e9szs\u00e9ggel kapcsolatos kezdem\u00e9nyez\u00e9seket, hozz\u00e1f\u00e9r\u00e9st biztos\u00edtunk az alapvet\u0151 er\u0151forr\u00e1sokhoz, \u00e9s a minden alkalmazottat arra \u00f6szt\u00f6n\u00f6z, hogy teljes m\u00e9rt\u00e9kben kihaszn\u00e1lja tehets\u00e9g\u00e9t &#8211; olyan csapatot \u00e9p\u00edt\u00fcnk, amely motiv\u00e1lt, kapcsolatban \u00e1ll egym\u00e1ssal \u00e9s b\u00fcszke a munk\u00e1j\u00e1ra.<\/p>\n<h3>Visszat\u00e9r\u00edt\u00e9s \u00e9s tart\u00f3s t\u00e1rsadalmi hat\u00e1s l\u00e9trehoz\u00e1sa<\/h3>\n<p>A Trocellenn\u00e9l hisz\u00fcnk abban, hogy az \u00fczleti siker k\u00e9z a k\u00e9zben j\u00e1r az er\u0151s k\u00f6z\u00f6ss\u00e9gi kapcsolatokkal. Csapataink vil\u00e1gszerte r\u00e9szt vesznek olyan t\u00e1rsadalmi kezdem\u00e9nyez\u00e9sekben, amelyek t\u00e1mogatj\u00e1k a j\u00f6v\u0151 gener\u00e1ci\u00f3it, el\u0151seg\u00edtik az eg\u00e9szs\u00e9ges \u00e9letm\u00f3dot, \u00fcnneplik a kult\u00far\u00e1t \u00e9s v\u00e9dik a r\u00e1szorul\u00f3kat.<\/p>\n                <\/div>\n\n                <div class=\"flex-1\">\n                                    <\/div>\n            <\/div>\n\n        <\/div>\n    <\/div>\n<\/section>\n\n\n<div class=\"group relative bg-gray-200 h-[24px] laptop:h-[64px]\" aria-hidden=\"true\"><\/div>\n\n\n<div class=\"group relative bg-white h-[24px] laptop:h-[64px]\" aria-hidden=\"true\"><\/div>\n\n<section class=\"heading-block\">\n    <div class=\"container\">\n        \n        <div class=\"general-content border-b-[4px] border-gradient !py-small text-center\">\n            \n            \n                <div class=\"general-content\">\n                        <h2 class=\"!p-0 !border-none\">\n                            Strat\u00e9giai f\u00f3kuszter\u00fcleteink                        <\/h2>\n                                    <\/div>\n\n            \n        <\/div>\n    <\/div>\n<\/section>\n\n\n<div class=\"group relative bg-white h-[16px]\" aria-hidden=\"true\"><\/div>\n\n\n<section class=\"col-content bg-white \">\n    <div class=\"container\">\n        <div class=\"general-content\">\n            \n            <div class=\"flex flex-col tablet:flex-row gap-small items-start\">\n                <div class=\"flex-1 \">\n                    <h3>J\u00f3l\u00e9t \u00e9s biztons\u00e1g:<\/h3>\n<ul>\n<li>az eg\u00e9szs\u00e9g, a biztons\u00e1g \u00e9s a rugalmass\u00e1g be\u00e1gyaz\u00e1sa a kult\u00far\u00e1nkba a kiegyens\u00falyozott, teljes \u00e9let t\u00e1mogat\u00e1sa \u00e9rdek\u00e9ben.<\/li>\n<\/ul>\n                <\/div>\n\n                <div class=\"flex-1\">\n                    <h3>Fejleszt\u00e9s \u00e9s elk\u00f6telezetts\u00e9g:<\/h3>\n<ul>\n<li>struktur\u00e1lt tanul\u00e1s, vezet\u0151i programok \u00e9s rendszeres csapattev\u00e9kenys\u00e9gek biztos\u00edt\u00e1sa a k\u00e9szs\u00e9gek fejleszt\u00e9se, valamint munkat\u00e1rsaink kapcsolat\u00e1nak \u00e9s motiv\u00e1lts\u00e1g\u00e1nak fenntart\u00e1sa \u00e9rdek\u00e9ben.<\/li>\n<\/ul>\n                <\/div>\n            <\/div>\n\n        <\/div>\n    <\/div>\n<\/section>\n\n\n<section class=\"col-content bg-white \">\n    <div class=\"container\">\n        <div class=\"general-content\">\n            \n            <div class=\"flex flex-col tablet:flex-row gap-small items-start\">\n                <div class=\"flex-1 \">\n                    <h3>Tisztess\u00e9g \u00e9s emberi jogok:<\/h3>\n<ul>\n<li>az etikus foglalkoztat\u00e1si norm\u00e1k, a soksz\u00edn\u0171s\u00e9g \u00e9s a munkajogok betart\u00e1sa, amit egy\u00e9rtelm\u0171 ir\u00e1nyelvek \u00e9s rendszeres k\u00e9pz\u00e9sek t\u00e1mogatnak.<\/li>\n<\/ul>\n                <\/div>\n\n                <div class=\"flex-1\">\n                    <h3>\u00c1tl\u00e1that\u00f3s\u00e1g \u00e9s bizalom:<\/h3>\n<ul>\n<li>a ny\u00edlt kommunik\u00e1ci\u00f3, az etikus gyakorlatok el\u0151mozd\u00edt\u00e1sa \u00e9s a munkat\u00e1rsak felel\u0151ss\u00e9gv\u00e1llal\u00e1s\u00e1nak lehet\u0151v\u00e9 t\u00e9tele &#8211; mindez az innov\u00e1ci\u00f3 \u00e9s a k\u00f6z\u00f6s siker motorja.<\/li>\n<\/ul>\n                <\/div>\n            <\/div>\n\n        <\/div>\n    <\/div>\n<\/section>\n\n\n<div class=\"group relative bg-white h-[24px] laptop:h-[64px]\" aria-hidden=\"true\"><\/div>\n\n\n<div class=\"group relative bg-gray-200 h-[24px] laptop:h-[64px]\" aria-hidden=\"true\"><\/div>\n\n\n<section class=\"col-content bg-gray-200 \">\n    <div class=\"container\">\n        <div class=\"general-content\">\n            \n            <div class=\"flex flex-col tablet:flex-row gap-small items-start\">\n                <div class=\"flex-1 \">\n                    <h2>Egy\u00fctt \u00e9p\u00edt\u00fcnk egy jobb holnapot<\/h2>\n<p>A Trocellen\u00e9l t\u00f6bbek vagyunk, mint koll\u00e9g\u00e1k &#8211; egy k\u00f6z\u00f6ss\u00e9g vagyunk, amelyet k\u00f6z\u00f6s c\u00e9lok \u00e9s a tart\u00f3s \u00e9rt\u00e9kteremt\u00e9s \u00f6r\u00f6me egyes\u00edt. Azzal, hogy minden tev\u00e9kenys\u00e9g\u00fcnk k\u00f6z\u00e9ppontj\u00e1ba az embereket \u00e1ll\u00edtjuk, er\u0151s\u00edtj\u00fck csapatainkat, k\u00f6z\u00f6ss\u00e9geinket \u00e9s a t\u00e1rsadalomra gyakorolt hat\u00e1sunkat.<\/p>\n<p>Szeretne t\u00f6bbet megtudni az emberk\u00f6zpont\u00fa kezdem\u00e9nyez\u00e9seinkr\u0151l vagy partneri lehet\u0151s\u00e9geket keresni? Vegye fel vel\u00fcnk a kapcsolatot &#8211; k\u00e9szen \u00e1llunk arra, hogy egy\u00fctt v\u00e1ltoztassunk.<\/p>\n                <\/div>\n\n                <div class=\"flex-1\">\n                    <p><img loading=\"lazy\" decoding=\"async\" class=\"rounded-tr-tr-120 overflow-hidden alignnone wp-image-14210 size-full\" src=\"https:\/\/trocellen.com\/wp-content\/uploads\/2025\/10\/people_together.jpg\" alt=\"\" width=\"1124\" height=\"749\" srcset=\"https:\/\/trocellen.com\/wp-content\/uploads\/2025\/10\/people_together.jpg 1124w, https:\/\/trocellen.com\/wp-content\/uploads\/2025\/10\/people_together-300x200.jpg 300w, https:\/\/trocellen.com\/wp-content\/uploads\/2025\/10\/people_together-1024x682.jpg 1024w, https:\/\/trocellen.com\/wp-content\/uploads\/2025\/10\/people_together-768x512.jpg 768w\" sizes=\"auto, (max-width: 1124px) 100vw, 1124px\" \/><\/p>\n                <\/div>\n            <\/div>\n\n        <\/div>\n    <\/div>\n<\/section>\n\n\n<div class=\"group relative bg-gray-200 h-[24px] laptop:h-[64px]\" aria-hidden=\"true\"><\/div>","protected":false},"excerpt":{"rendered":"","protected":false},"author":1,"featured_media":0,"parent":7503,"menu_order":0,"comment_status":"closed","ping_status":"closed","template":"template-parts\/page-general.php","meta":{"_acf_changed":false,"footnotes":""},"class_list":["post-13248","page","type-page","status-publish","hentry"],"acf":[],"yoast_head":"<!-- This site is optimized with the Yoast SEO plugin v25.9 - https:\/\/yoast.com\/wordpress\/plugins\/seo\/ -->\n<title>Emberek \u00e9s t\u00e1rsadalom - Trocellen, the European polyolefin foam solution provider<\/title>\n<meta name=\"robots\" content=\"index, follow, max-snippet:-1, max-image-preview:large, max-video-preview:-1\" \/>\n<link rel=\"canonical\" href=\"https:\/\/trocellen.com\/sustainability\/people-society\/\" \/>\n<meta property=\"og:locale\" content=\"hu_HU\" \/>\n<meta property=\"og:type\" content=\"article\" \/>\n<meta property=\"og:title\" content=\"Emberek \u00e9s t\u00e1rsadalom - Trocellen, the European polyolefin foam solution provider\" \/>\n<meta property=\"og:url\" content=\"https:\/\/trocellen.com\/sustainability\/people-society\/\" \/>\n<meta property=\"og:site_name\" content=\"Trocellen, the European polyolefin foam solution provider\" \/>\n<meta property=\"article:modified_time\" content=\"2025-10-13T06:07:25+00:00\" \/>\n<meta name=\"twitter:card\" content=\"summary_large_image\" \/>\n<script type=\"application\/ld+json\" class=\"yoast-schema-graph\">{\"@context\":\"https:\/\/schema.org\",\"@graph\":[{\"@type\":\"WebPage\",\"@id\":\"https:\/\/trocellen.com\/sustainability\/people-society\/\",\"url\":\"https:\/\/trocellen.com\/sustainability\/people-society\/\",\"name\":\"Emberek \u00e9s t\u00e1rsadalom - Trocellen, the European polyolefin foam solution provider\",\"isPartOf\":{\"@id\":\"https:\/\/trocellen.com\/#website\"},\"datePublished\":\"2025-04-29T08:22:11+00:00\",\"dateModified\":\"2025-10-13T06:07:25+00:00\",\"breadcrumb\":{\"@id\":\"https:\/\/trocellen.com\/sustainability\/people-society\/#breadcrumb\"},\"inLanguage\":\"hu\",\"potentialAction\":[{\"@type\":\"ReadAction\",\"target\":[\"https:\/\/trocellen.com\/sustainability\/people-society\/\"]}]},{\"@type\":\"BreadcrumbList\",\"@id\":\"https:\/\/trocellen.com\/sustainability\/people-society\/#breadcrumb\",\"itemListElement\":[{\"@type\":\"ListItem\",\"position\":1,\"name\":\"Home\",\"item\":\"https:\/\/trocellen.com\/hu\/\"},{\"@type\":\"ListItem\",\"position\":2,\"name\":\"Emberek \u00e9s t\u00e1rsadalom\"}]},{\"@type\":\"WebSite\",\"@id\":\"https:\/\/trocellen.com\/#website\",\"url\":\"https:\/\/trocellen.com\/\",\"name\":\"Trocellen, the European polyolefin foam solution provider\",\"description\":\"TROCELLEN\u00ae is a leading manufacturer of chemically and physically cross-linked polyolefin and rubber foam solutions\",\"potentialAction\":[{\"@type\":\"SearchAction\",\"target\":{\"@type\":\"EntryPoint\",\"urlTemplate\":\"https:\/\/trocellen.com\/?s={search_term_string}\"},\"query-input\":{\"@type\":\"PropertyValueSpecification\",\"valueRequired\":true,\"valueName\":\"search_term_string\"}}],\"inLanguage\":\"hu\"}]}<\/script>\n<!-- \/ Yoast SEO plugin. -->","yoast_head_json":{"title":"Emberek \u00e9s t\u00e1rsadalom - Trocellen, the European polyolefin foam solution provider","robots":{"index":"index","follow":"follow","max-snippet":"max-snippet:-1","max-image-preview":"max-image-preview:large","max-video-preview":"max-video-preview:-1"},"canonical":"https:\/\/trocellen.com\/sustainability\/people-society\/","og_locale":"hu_HU","og_type":"article","og_title":"Emberek \u00e9s t\u00e1rsadalom - Trocellen, the European polyolefin foam solution provider","og_url":"https:\/\/trocellen.com\/sustainability\/people-society\/","og_site_name":"Trocellen, the European polyolefin foam solution provider","article_modified_time":"2025-10-13T06:07:25+00:00","twitter_card":"summary_large_image","schema":{"@context":"https:\/\/schema.org","@graph":[{"@type":"WebPage","@id":"https:\/\/trocellen.com\/sustainability\/people-society\/","url":"https:\/\/trocellen.com\/sustainability\/people-society\/","name":"Emberek \u00e9s t\u00e1rsadalom - Trocellen, the European polyolefin foam solution provider","isPartOf":{"@id":"https:\/\/trocellen.com\/#website"},"datePublished":"2025-04-29T08:22:11+00:00","dateModified":"2025-10-13T06:07:25+00:00","breadcrumb":{"@id":"https:\/\/trocellen.com\/sustainability\/people-society\/#breadcrumb"},"inLanguage":"hu","potentialAction":[{"@type":"ReadAction","target":["https:\/\/trocellen.com\/sustainability\/people-society\/"]}]},{"@type":"BreadcrumbList","@id":"https:\/\/trocellen.com\/sustainability\/people-society\/#breadcrumb","itemListElement":[{"@type":"ListItem","position":1,"name":"Home","item":"https:\/\/trocellen.com\/hu\/"},{"@type":"ListItem","position":2,"name":"Emberek \u00e9s t\u00e1rsadalom"}]},{"@type":"WebSite","@id":"https:\/\/trocellen.com\/#website","url":"https:\/\/trocellen.com\/","name":"Trocellen, the European polyolefin foam solution provider","description":"TROCELLEN\u00ae is a leading manufacturer of chemically and physically cross-linked polyolefin and rubber foam solutions","potentialAction":[{"@type":"SearchAction","target":{"@type":"EntryPoint","urlTemplate":"https:\/\/trocellen.com\/?s={search_term_string}"},"query-input":{"@type":"PropertyValueSpecification","valueRequired":true,"valueName":"search_term_string"}}],"inLanguage":"hu"}]}},"_links":{"self":[{"href":"https:\/\/trocellen.com\/hu\/wp-json\/wp\/v2\/pages\/13248","targetHints":{"allow":["GET"]}}],"collection":[{"href":"https:\/\/trocellen.com\/hu\/wp-json\/wp\/v2\/pages"}],"about":[{"href":"https:\/\/trocellen.com\/hu\/wp-json\/wp\/v2\/types\/page"}],"author":[{"embeddable":true,"href":"https:\/\/trocellen.com\/hu\/wp-json\/wp\/v2\/users\/1"}],"replies":[{"embeddable":true,"href":"https:\/\/trocellen.com\/hu\/wp-json\/wp\/v2\/comments?post=13248"}],"version-history":[{"count":3,"href":"https:\/\/trocellen.com\/hu\/wp-json\/wp\/v2\/pages\/13248\/revisions"}],"predecessor-version":[{"id":14216,"href":"https:\/\/trocellen.com\/hu\/wp-json\/wp\/v2\/pages\/13248\/revisions\/14216"}],"up":[{"embeddable":true,"href":"https:\/\/trocellen.com\/hu\/wp-json\/wp\/v2\/pages\/7503"}],"wp:attachment":[{"href":"https:\/\/trocellen.com\/hu\/wp-json\/wp\/v2\/media?parent=13248"}],"curies":[{"name":"wp","href":"https:\/\/api.w.org\/{rel}","templated":true}]}}