{"id":12722,"date":"2025-04-29T08:21:43","date_gmt":"2025-04-29T08:21:43","guid":{"rendered":"https:\/\/trocellen-dev.local\/fenntarthatosag\/environment\/"},"modified":"2025-12-10T08:26:47","modified_gmt":"2025-12-10T08:26:47","slug":"kornyezetvedelem","status":"publish","type":"page","link":"https:\/\/trocellen.com\/hu\/fenntarthatosag\/kornyezetvedelem\/","title":{"rendered":"K\u00f6rnyezetv\u00e9delem"},"content":{"rendered":"\n<div class=\"group relative bg-gray-200 h-[32px]\" aria-hidden=\"true\"><\/div>\n\n\n<section class=\"col-content bg-gray-200 \">\n    <div class=\"container\">\n        <div class=\"general-content\">\n            \n            <div class=\"flex flex-col tablet:flex-row gap-small items-start\">\n                <div class=\"flex-1 \">\n                    <h2>Elk\u00f6telezetts\u00e9g\u00fcnk a k\u00f6rnyezetv\u00e9delem ir\u00e1nt<\/h2>\n<p>A Trocellenn\u00e9l a fenntarthat\u00f3 j\u00f6v\u0151 kialak\u00edt\u00e1sa t\u00f6bb mint amb\u00edci\u00f3 &#8211; ez az \u00edg\u00e9ret\u00fcnk.<\/p>\n<p>Felismert\u00fck, hogy a glob\u00e1lis k\u00f6rnyezet meg\u0151rz\u00e9se korunk egyik legs\u00fcrget\u0151bb kih\u00edv\u00e1sa. A polimeralap\u00fa megold\u00e1sok vezet\u0151 specialist\u00e1jak\u00e9nt minden nap arra t\u00f6reksz\u00fcnk, hogy olyan innovat\u00edv, felel\u0151s term\u00e9keket fejlessz\u00fcnk ki, amelyek egyens\u00falyt teremtenek az emberi ig\u00e9nyek \u00e9s az \u00f6kol\u00f3giai harm\u00f3nia k\u00f6z\u00f6tt.<\/p>\n<h2>K\u00fcldet\u00e9s\u00fcnk egy\u00e9rtelm\u0171:<\/h2>\n<ul>\n<li>Cs\u00f6kkenteni a k\u00f6rnyezetre gyakorolt hat\u00e1sunkat,<\/li>\n<li>Hogy lehet\u0151v\u00e9 tegy\u00fck a k\u00f6rforg\u00e1st az ipar\u00e1gakon kereszt\u00fcl,<\/li>\n<li>\u00c9s hogy t\u00e1mogassuk az \u00e9ghajlatv\u00e1ltoz\u00e1s elleni glob\u00e1lis er\u0151fesz\u00edt\u00e9seket &#8211; mindezt \u00e9lvonalbeli anyagtechnol\u00f3gi\u00e1k r\u00e9v\u00e9n.<\/li>\n<\/ul>\n                <\/div>\n\n                <div class=\"flex-1\">\n                    <p><img loading=\"lazy\" decoding=\"async\" class=\"rounded-tr-tr-120 overflow-hidden alignnone wp-image-14158 size-full\" src=\"https:\/\/trocellen.com\/wp-content\/uploads\/2025\/10\/environment.jpg\" alt=\"\" width=\"1000\" height=\"667\" srcset=\"https:\/\/trocellen.com\/wp-content\/uploads\/2025\/10\/environment.jpg 1000w, https:\/\/trocellen.com\/wp-content\/uploads\/2025\/10\/environment-300x200.jpg 300w, https:\/\/trocellen.com\/wp-content\/uploads\/2025\/10\/environment-768x512.jpg 768w\" sizes=\"auto, (max-width: 1000px) 100vw, 1000px\" \/><\/p>\n                <\/div>\n            <\/div>\n\n        <\/div>\n    <\/div>\n<\/section>\n\n\n<div class=\"group relative bg-gray-200 h-[32px]\" aria-hidden=\"true\"><\/div>\n\n\n<div class=\"group relative bg-white h-[32px]\" aria-hidden=\"true\"><\/div>\n\n\n<section class=\"col-content bg-white \">\n    <div class=\"container\">\n        <div class=\"general-content\">\n            \n            <div class=\"flex flex-col tablet:flex-row gap-small items-start\">\n                <div class=\"flex-1 \">\n                    <h2>Fenntarthat\u00f3 megk\u00f6zel\u00edt\u00e9s\u00fcnk alapjai<\/h2>\n                <\/div>\n\n                <div class=\"flex-1\">\n                    <h3>Az \u00e1ltalunk kiszolg\u00e1lt valamennyi ipar\u00e1gban megold\u00e1saink ugyanazokra az elvekre \u00e9p\u00fclnek:<\/h3>\n<ul>\n<li>K\u00f6nny\u0171s\u00faly: Kevesebb anyag felhaszn\u00e1l\u00e1sa, a sz\u00e1ll\u00edt\u00e1si kibocs\u00e1t\u00e1sok cs\u00f6kkent\u00e9se.<\/li>\n<li>Magas min\u0151s\u00e9g \u00e9s egyenletes teljes\u00edtm\u00e9ny: A term\u00e9kek hosszabb \u00e9lettartam\u00e1nak \u00e9s megb\u00edzhat\u00f3 m\u0171k\u00f6d\u00e9s\u00e9nek biztos\u00edt\u00e1sa.<\/li>\n<li>Egyszer\u0171s\u00e9g: K\u00f6nny\u0171 integr\u00e1lhat\u00f3s\u00e1g a k\u00fcl\u00f6nb\u00f6z\u0151 alkalmaz\u00e1sokba, \u00e9s k\u00f6nnyebb \u00fajrahasznos\u00edt\u00e1s.<\/li>\n<li>Hossz\u00fa \u00e9lettartam: A hullad\u00e9k minimaliz\u00e1l\u00e1sa a haszn\u00e1lat meghosszabb\u00edt\u00e1s\u00e1val.<\/li>\n<\/ul>\n<p>E pill\u00e9rek r\u00e9v\u00e9n a Trocellen term\u00e9kek fokozz\u00e1k a k\u00e9nyelmet \u00e9s a biztons\u00e1got, mik\u00f6zben akt\u00edvan hozz\u00e1j\u00e1rulnak k\u00f6rnyezet\u00fcnk v\u00e9delm\u00e9hez is.<\/p>\n                <\/div>\n            <\/div>\n\n        <\/div>\n    <\/div>\n<\/section>\n\n\n<div class=\"group relative bg-white h-[32px]\" aria-hidden=\"true\"><\/div>\n\n\n<div class=\"group relative bg-gray-200 h-[32px]\" aria-hidden=\"true\"><\/div>\n\n\n<section class=\"col-content bg-gray-200 \">\n    <div class=\"container\">\n        <div class=\"general-content\">\n            \n            <div class=\"flex flex-col tablet:flex-row gap-small items-start\">\n                <div class=\"flex-1 \">\n                    <h2>Fenntarthat\u00f3s\u00e1g a gyakorlatban<\/h2>\n                <\/div>\n\n                <div class=\"flex-1\">\n                    <h3>A k\u00f6rnyezetbar\u00e1t tervez\u00e9s a k\u00f6z\u00e9ppontban<\/h3>\n<p>A fenntarthat\u00f3s\u00e1g nem \u00e1ll meg a gy\u00e1rt\u00e1sn\u00e1l. Ez\u00e9rt az \u00f6kodiz\u00e1jn elveit a teljes term\u00e9kfejleszt\u00e9si folyamatunkba be\u00e9p\u00edtj\u00fck.<\/p>\n<ul>\n<li>A term\u00e9keket a teljes \u00e9letciklusuk (LCA) sor\u00e1n elemezz\u00fck &#8211; a nyersanyag-kitermel\u00e9st\u0151l a gy\u00e1rt\u00e1son \u00e9s sz\u00e1ll\u00edt\u00e1son \u00e1t az \u00e9letciklus v\u00e9g\u00e9ig.<\/li>\n<li>Ez lehet\u0151v\u00e9 teszi sz\u00e1munkra, hogy minden szakaszban azonos\u00edtsuk \u00e9s minimaliz\u00e1ljuk a k\u00f6rnyezeti hat\u00e1sokat.<\/li>\n<li>C\u00e9lunk, hogy 2025-re minden \u00faj Trocellen-term\u00e9k \u00f6kodiz\u00e1jnos legyen, \u00f6tv\u00f6zve a legjobb teljes\u00edtm\u00e9nyt a lehet\u0151 legkisebb \u00f6kol\u00f3giai l\u00e1bnyommal.<\/li>\n<\/ul>\n                <\/div>\n            <\/div>\n\n        <\/div>\n    <\/div>\n<\/section>\n\n\n<div class=\"group relative bg-gray-200 h-[32px]\" aria-hidden=\"true\"><\/div>\n\n\n<div class=\"group relative bg-white h-[32px]\" aria-hidden=\"true\"><\/div>\n\n<section class=\"heading-block\">\n    <div class=\"container\">\n        \n        <div class=\"general-content border-b-[4px] border-gradient !py-small flex justify-between items-center\">\n            \n                            \n                <div class=\"general-content\">\n                    <h2 class=\"!p-0 !border-none\">\n                        NATURELOOP                    <\/h2>\n                                            <h3>\n                            a k\u00f6rk\u00f6r\u00f6s j\u00f6v\u0151 \u00e9p\u00edt\u00e9se                        <\/h3>\n                                    <\/div>\n\n                <div>\n                    <img decoding=\"async\" src=\"https:\/\/trocellen.com\/wp-content\/uploads\/2025\/09\/natureloop-logo-small.png\" \n                         alt=\"\"\n                         class=\"max-h-12 w-auto mx-auto tablet:mx-0 mt-default\">\n                <\/div>\n\n            \n        <\/div>\n    <\/div>\n<\/section>\n\n\n<div class=\"group relative bg-white h-[32px]\" aria-hidden=\"true\"><\/div>\n\n\n<section class=\"col-content bg-white \">\n    <div class=\"container\">\n        <div class=\"general-content\">\n            \n            <div class=\"flex flex-col tablet:flex-row gap-small items-start\">\n                <div class=\"flex-1 \">\n                    <p>NATURELOOP portf\u00f3li\u00f3nk a Trocellen \u00e1tfog\u00f3 t\u00f6rekv\u00e9s\u00e9t k\u00e9pviseli a fenntarthat\u00f3s\u00e1g fel\u00e9.<\/p>\n                <\/div>\n\n                <div class=\"flex-1\">\n                    <ul>\n<li>\u00dagy tervezt\u00fck, hogy minimaliz\u00e1ljuk a k\u00f6rnyezeti hat\u00e1sokat, mik\u00f6zben k\u00f6nny\u0171, tart\u00f3s \u00e9s nagy teljes\u00edtm\u00e9ny\u0171 megold\u00e1sokat k\u00edn\u00e1lunk.<\/li>\n<li>A szigor\u00fa LCA-tanulm\u00e1nyokon \u00e9s \u00f6kodiz\u00e1jn-gondolkod\u00e1son alapul\u00f3 NATURELOOP c\u00e9lja, hogy bez\u00e1rja az anyagk\u00f6r\u00f6ket &#8211; t\u00e1mogatva mind az \u00d6n, mind a bolyg\u00f3 ig\u00e9nyeit.<\/li>\n<\/ul>\n                <\/div>\n            <\/div>\n\n        <\/div>\n    <\/div>\n<\/section>\n\n\n<div class=\"group relative bg-white h-[24px]\" aria-hidden=\"true\"><\/div>\n\n\n<section>\n    <div class=\"container\">\n        <div class=\"general-content text-center\">\n            <h3 class=\"mb-xs border-b-[4px] border-[#B7B7B7] !mb-0\">Sustainable Materials<\/h3>\n        <\/div>\n\n        \n            <div class=\"grid grid-cols-1 tablet:grid-cols-2 tablet:gap-xxl gap-default\">\n\n                \n                <div class=\"pt-xxl flex relative materials-container-outer\">\n                    <div class=\"p-default border-[2px] border-[#B7B7B7] rounded-tr-tr-60\">\n                        <div class=\"flex gap-default\">\n                            <img loading=\"lazy\" decoding=\"async\" src=\"https:\/\/trocellen.com\/wp-content\/uploads\/2025\/09\/REPE-icon.png\" width=\"68\" height=\"68\" alt=\"\" class=\"w-[68px] h-[68px]\">\n\n                            <div class=\"general-content materials-container\">\n                                <h3><span style=\"color: #07aebc\">REcy-PE:<\/span><\/h3>\n<p><span style=\"color: #07aebc\"><strong>\u00fajrahasznos\u00edtott polietil\u00e9n az alacsonyabb sz\u00e9nl\u00e1bnyom\u00e9rt.<\/strong><\/span><\/p>\n<p>A Trocellen REcy-PE megold\u00e1sa \u00fajrahasznos\u00edtott polietil\u00e9nt \u00e9p\u00edt be habjainkba:<\/p>\n<ul>\n<li>Ak\u00e1r 30% k\u00e9miailag \u00fajrahasznos\u00edtott PE \u00e9s 20% mechanikusan \u00fajrahasznos\u00edtott PE.<\/li>\n<li>Minden egyes kg fosszilis LDPE, amelyet k\u00e9miailag \u00fajrahasznos\u00edtott LDPE-vel helyettes\u00edt\u00fcnk, ak\u00e1r 0,86 kg CO\u2082-egyen\u00e9rt\u00e9kkel cs\u00f6kkenti a kibocs\u00e1t\u00e1st.<\/li>\n<li>Hozz\u00e1j\u00e1rul az alacsonyabb energiafelhaszn\u00e1l\u00e1shoz, kivonja a hullad\u00e9kot a hullad\u00e9klerak\u00f3kb\u00f3l \u00e9s az \u00e9get\u00e9sb\u0151l, \u00e9s seg\u00edt megfelelni a szigorod\u00f3 szab\u00e1lyoz\u00e1si k\u00f6vetelm\u00e9nyeknek.<\/li>\n<\/ul>\n<p>REcy-PE habjainkat az EN ISO 14021 szabv\u00e1ny szerint \u00e9rt\u00e9kelj\u00fck \u00e9s tan\u00fas\u00edtjuk, \u00e9s \u00e1tl\u00e1that\u00f3 \u00e9letciklus-hat\u00e1selemz\u00e9seket is biztos\u00edtunk, hogy t\u00e1mogassuk fenntarthat\u00f3s\u00e1gi jelent\u00e9seit.<\/p>\n                            <\/div>\n                        <\/div>\n                    <\/div>\n                <\/div>\n\n                \n                <div class=\"pt-xxl flex relative materials-container-outer\">\n                    <div class=\"p-default border-[2px] border-[#B7B7B7] rounded-tr-tr-60\">\n                        <div class=\"flex gap-default\">\n                            <img loading=\"lazy\" decoding=\"async\" src=\"https:\/\/trocellen.com\/wp-content\/uploads\/2025\/09\/TR-EEcell-icon.png\" width=\"68\" height=\"68\" alt=\"\" class=\"w-[68px] h-[68px]\">\n\n                            <div class=\"general-content materials-container\">\n                                <h3><span style=\"color: #b2cb07\">TR-EEcell:<\/span><\/h3>\n<p><span style=\"color: #b2cb07\"><strong>bioalap\u00fa megold\u00e1sok teljes \u00e1tl\u00e1that\u00f3s\u00e1ggal<\/strong><\/span><\/p>\n<p>A TR-EEcell a Trocellen bioalap\u00fa habcsal\u00e1dja, amely meg\u00fajul\u00f3 biomassz\u00e1b\u00f3l, p\u00e9ld\u00e1ul m\u00e1sodik gener\u00e1ci\u00f3s cukorn\u00e1dhullad\u00e9kb\u00f3l sz\u00e1rmaz\u00f3 nyersanyagokat haszn\u00e1l:<\/p>\n<ul>\n<li>Elker\u00fcli az \u00e9lelmiszerforr\u00e1sokkal val\u00f3 versenyt.<\/li>\n<li>Seg\u00edt cs\u00f6kkenteni a fosszilis er\u0151forr\u00e1sokt\u00f3l val\u00f3 f\u00fcgg\u0151s\u00e9get \u00e9s a n\u00f6v\u00e9ny n\u00f6veked\u00e9se sor\u00e1n CO\u2082 megk\u00f6t\u00e9s\u00e9t.<\/li>\n<li>Az ISCC PLUS \u00e9s a DIN CERTCO \u00e1ltal tan\u00fas\u00edtott, fenntarthat\u00f3 beszerz\u00e9st \u00e9s a biotartalom egy\u00e9rtelm\u0171 dokument\u00e1l\u00e1s\u00e1t biztos\u00edt\u00f3.<\/li>\n<\/ul>\n<p>A gy\u00e1rt\u00e1st\u00f3l az \u00e9lettartam v\u00e9g\u00e9ig a TR-EEcell t\u00e1mogatja a sz\u00e9nl\u00e1bnyom m\u00e9rhet\u0151 cs\u00f6kkent\u00e9s\u00e9t &#8211; mindezt \u00fagy, hogy k\u00f6zben a hagyom\u00e1nyos polimerhabokkal azonos megjelen\u00e9st, \u00e9rzetet \u00e9s megb\u00edzhat\u00f3s\u00e1got biztos\u00edt.<\/p>\n                            <\/div>\n                        <\/div>\n                    <\/div>\n                <\/div>\n\n                \n            <\/div>\n\n            <\/div>\n<\/section>\n\n\n<div class=\"group relative bg-white h-[48px]\" aria-hidden=\"true\"><\/div>\n\n\n<div class=\"group relative bg-gray-200 h-[32px]\" aria-hidden=\"true\"><\/div>\n\n\n<section class=\"col-content bg-gray-200 \">\n    <div class=\"container\">\n        <div class=\"general-content\">\n            \n            <div class=\"flex flex-col tablet:flex-row gap-small items-start\">\n                <div class=\"flex-1 \">\n                    <h2>Tan\u00fas\u00edtott \u00e9s ellen\u0151rz\u00f6tt a bizalom \u00e9rdek\u00e9ben<\/h2>\n                <\/div>\n\n                <div class=\"flex-1\">\n                    <h3>\u00c1tl\u00e1that\u00f3 ell\u00e1t\u00e1si l\u00e1ncok \u00e9s f\u00fcggetlen auditok<\/h3>\n<p>A Trocellen biztos\u00edtja, hogy mind a term\u00e9keink, mind a nyersanyagbeszerz\u00e9s a legmagasabb szint\u0171 ellen\u0151rz\u00e9snek is megfeleljen:<\/p>\n<ul>\n<li>Az ISCC PLUS tan\u00fas\u00edt\u00e1s garant\u00e1lja a nyomon k\u00f6vethet\u0151s\u00e9get \u00e9s a bioalap\u00fa \u00e9s \u00fajrahasznos\u00edtott alapanyagok felel\u0151s kezel\u00e9s\u00e9t az ell\u00e1t\u00e1si l\u00e1ncunkban.<\/li>\n<li>L\u00e9tes\u00edtm\u00e9nyeinket rendszeresen ellen\u0151rzik f\u00fcggetlen tan\u00fas\u00edt\u00f3 szervezetek.<\/li>\n<li>A vegyiparban sz\u00e9les k\u00f6rben elismert t\u00f6megm\u00e9rleg-megk\u00f6zel\u00edt\u00e9st is alkalmazzuk a k\u00f6vetkezetes min\u0151s\u00e9g biztos\u00edt\u00e1sa \u00e9rdek\u00e9ben, mik\u00f6zben pontosan nyomon k\u00f6vetj\u00fck a fenntarthat\u00f3 tartalmakat.<\/li>\n<\/ul>\n<p>Fedezze fel tan\u00fas\u00edtott \u00fczemeinket, \u00e9s t\u00f6ltse le tan\u00fas\u00edtv\u00e1nyainkat itt.<\/p>\n<p>Alak\u00edtsunk egy\u00fctt egy tiszt\u00e1bb, biztons\u00e1gosabb \u00e9s fenntarthat\u00f3bb vil\u00e1got.<\/p>\n                <\/div>\n            <\/div>\n\n        <\/div>\n    <\/div>\n<\/section>\n\n\n<div class=\"group relative bg-gray-200 h-[32px]\" aria-hidden=\"true\"><\/div>\n\n\n<div class=\"group relative bg-white h-[32px]\" aria-hidden=\"true\"><\/div>\n\n<section class=\"heading-block\">\n    <div class=\"container\">\n        \n        <div class=\"general-content border-b-[4px] border-gradient !py-small text-center\">\n            \n            \n                <div class=\"general-content\">\n                        <h2 class=\"!p-0 !border-none\">\n                            Mi\u00e9rt v\u00e1lassza a Trocellen-t?                        <\/h2>\n                                    <\/div>\n\n            \n        <\/div>\n    <\/div>\n<\/section>\n\n\n<div class=\"group relative bg-white h-[32px]\" aria-hidden=\"true\"><\/div>\n\n\n\n<section>\n    <div class=\"container\">\n        \n        \n            <div class=\"grid grid-cols-1 tablet:grid-cols-3 gap-default\">\n                \n                \n                <div class=\"general-content text-center\">\n                    <img loading=\"lazy\" decoding=\"async\" src=\"https:\/\/trocellen.com\/wp-content\/uploads\/2025\/09\/monitoring.png\" class=\"mx-auto mb-xs\" alt=\"\" height=\"54\" width=\"54\">\n\n                    <div class=\"feature-element-box\">\n                        <h4><span style=\"color: #a7157d\">Integr\u00e1lt fenntarthat\u00f3s\u00e1g:<\/span><\/h4>\n<p>A K+F-t\u0151l a sz\u00e1ll\u00edt\u00e1sig minden l\u00e9p\u00e9s megfelel a szigor\u00fa k\u00f6rnyezetv\u00e9delmi el\u0151\u00edr\u00e1soknak.<\/p>\n                    <\/div>\n                <\/div>\n\n                \n                <div class=\"general-content text-center\">\n                    <img loading=\"lazy\" decoding=\"async\" src=\"https:\/\/trocellen.com\/wp-content\/uploads\/2025\/09\/data-backed.png\" class=\"mx-auto mb-xs\" alt=\"\" height=\"54\" width=\"54\">\n\n                    <div class=\"feature-element-box\">\n                        <h4><span style=\"color: #07aebc\">Adatokkal al\u00e1t\u00e1masztott \u00e1tl\u00e1that\u00f3s\u00e1g:<\/span><\/h4>\n<p>Nyilatkozatok, tan\u00fas\u00edtv\u00e1nyok \u00e9s LCA-k, amelyekben megb\u00edzhat.<\/p>\n                    <\/div>\n                <\/div>\n\n                \n                <div class=\"general-content text-center\">\n                    <img loading=\"lazy\" decoding=\"async\" src=\"https:\/\/trocellen.com\/wp-content\/uploads\/2025\/09\/tailored-solutions.png\" class=\"mx-auto mb-xs\" alt=\"\" height=\"54\" width=\"54\">\n\n                    <div class=\"feature-element-box\">\n                        <h4><span style=\"color: #b2cb07\">Testre szabott megold\u00e1sok:<\/span><\/h4>\n<p>\u00dajrahasznos\u00edtott vagy bioalap\u00fa tartalm\u00fa, az \u00d6n ipar\u00e1g\u00e1nak \u00e9s c\u00e9ljainak megfelel\u0151en tervezett egyedi term\u00e9kek.<\/p>\n                    <\/div>\n                <\/div>\n\n                \n            <\/div>\n\n            \n    <\/div>\n<\/section>\n\n\n<div class=\"group relative bg-white h-[32px]\" aria-hidden=\"true\"><\/div>\n\n\n<div class=\"group relative bg-white h-[32px]\" aria-hidden=\"true\"><\/div>\n\n\n<section class=\"col-content bg-white \">\n    <div class=\"container\">\n        <div class=\"general-content\">\n            \n            <div class=\"flex flex-col tablet:flex-row gap-small items-start\">\n                <div class=\"flex-1 \">\n                    <h3 style=\"text-align: center\"><span style=\"color: #d14f1b\">\u00c9p\u00edts\u00fcnk fenntarthat\u00f3 j\u00f6v\u0151t<\/span><\/h3>\n<p style=\"text-align: center\">A jelent\u0151s v\u00e1ltoz\u00e1s egy\u00fctt t\u00f6rt\u00e9nik. Legyen partner vel\u00fcnk, hogy val\u00f3ban fenntarthat\u00f3 \u00e9rt\u00e9kl\u00e1ncokat hozzon l\u00e9tre &#8211; a min\u0151s\u00e9g vagy a teljes\u00edtm\u00e9ny cs\u00f6kkent\u00e9se n\u00e9lk\u00fcl.<\/p>\n                <\/div>\n\n                <div class=\"flex-1\">\n                    <h3 style=\"text-align: center\"><span style=\"color: #b2cb07\">K\u00e9szen \u00e1ll a kezd\u00e9sre? <\/span><\/h3>\n<p style=\"text-align: center\">L\u00e9pjen kapcsolatba csapatunkkal, hogy felfedezhesse a szem\u00e9lyre szabott k\u00f6rnyezetbar\u00e1t megold\u00e1sokat.<\/p>\n                <\/div>\n            <\/div>\n\n        <\/div>\n    <\/div>\n<\/section>\n\n\n<div class=\"group relative bg-white h-[32px]\" aria-hidden=\"true\"><\/div>","protected":false},"excerpt":{"rendered":"","protected":false},"author":1,"featured_media":0,"parent":7503,"menu_order":0,"comment_status":"closed","ping_status":"closed","template":"template-parts\/page-general.php","meta":{"_acf_changed":false,"footnotes":""},"class_list":["post-12722","page","type-page","status-publish","hentry"],"acf":[],"yoast_head":"<!-- This site is optimized with the Yoast SEO plugin v25.9 - https:\/\/yoast.com\/wordpress\/plugins\/seo\/ -->\n<title>K\u00f6rnyezetv\u00e9delem - Trocellen, the European polyolefin foam solution provider<\/title>\n<meta name=\"robots\" content=\"index, follow, max-snippet:-1, max-image-preview:large, max-video-preview:-1\" \/>\n<link rel=\"canonical\" href=\"https:\/\/trocellen.com\/hu\/fenntarthatosag\/kornyezetvedelem\/\" \/>\n<meta property=\"og:locale\" content=\"hu_HU\" \/>\n<meta property=\"og:type\" content=\"article\" \/>\n<meta property=\"og:title\" content=\"K\u00f6rnyezetv\u00e9delem - Trocellen, the European polyolefin foam solution provider\" \/>\n<meta property=\"og:url\" content=\"https:\/\/trocellen.com\/hu\/fenntarthatosag\/kornyezetvedelem\/\" \/>\n<meta property=\"og:site_name\" content=\"Trocellen, the European polyolefin foam solution provider\" \/>\n<meta property=\"article:modified_time\" content=\"2025-12-10T08:26:47+00:00\" \/>\n<meta name=\"twitter:card\" content=\"summary_large_image\" \/>\n<script type=\"application\/ld+json\" class=\"yoast-schema-graph\">{\"@context\":\"https:\/\/schema.org\",\"@graph\":[{\"@type\":\"WebPage\",\"@id\":\"https:\/\/trocellen.com\/hu\/fenntarthatosag\/kornyezetvedelem\/\",\"url\":\"https:\/\/trocellen.com\/hu\/fenntarthatosag\/kornyezetvedelem\/\",\"name\":\"K\u00f6rnyezetv\u00e9delem - Trocellen, the European polyolefin foam solution provider\",\"isPartOf\":{\"@id\":\"https:\/\/trocellen.com\/#website\"},\"datePublished\":\"2025-04-29T08:21:43+00:00\",\"dateModified\":\"2025-12-10T08:26:47+00:00\",\"breadcrumb\":{\"@id\":\"https:\/\/trocellen.com\/hu\/fenntarthatosag\/kornyezetvedelem\/#breadcrumb\"},\"inLanguage\":\"hu\",\"potentialAction\":[{\"@type\":\"ReadAction\",\"target\":[\"https:\/\/trocellen.com\/hu\/fenntarthatosag\/kornyezetvedelem\/\"]}]},{\"@type\":\"BreadcrumbList\",\"@id\":\"https:\/\/trocellen.com\/hu\/fenntarthatosag\/kornyezetvedelem\/#breadcrumb\",\"itemListElement\":[{\"@type\":\"ListItem\",\"position\":1,\"name\":\"Home\",\"item\":\"https:\/\/trocellen.com\/hu\/\"},{\"@type\":\"ListItem\",\"position\":2,\"name\":\"K\u00f6rnyezetv\u00e9delem\"}]},{\"@type\":\"WebSite\",\"@id\":\"https:\/\/trocellen.com\/#website\",\"url\":\"https:\/\/trocellen.com\/\",\"name\":\"Trocellen, the European polyolefin foam solution provider\",\"description\":\"TROCELLEN\u00ae is a leading manufacturer of chemically and physically cross-linked polyolefin and rubber foam solutions\",\"potentialAction\":[{\"@type\":\"SearchAction\",\"target\":{\"@type\":\"EntryPoint\",\"urlTemplate\":\"https:\/\/trocellen.com\/?s={search_term_string}\"},\"query-input\":{\"@type\":\"PropertyValueSpecification\",\"valueRequired\":true,\"valueName\":\"search_term_string\"}}],\"inLanguage\":\"hu\"}]}<\/script>\n<!-- \/ Yoast SEO plugin. -->","yoast_head_json":{"title":"K\u00f6rnyezetv\u00e9delem - Trocellen, the European polyolefin foam solution provider","robots":{"index":"index","follow":"follow","max-snippet":"max-snippet:-1","max-image-preview":"max-image-preview:large","max-video-preview":"max-video-preview:-1"},"canonical":"https:\/\/trocellen.com\/hu\/fenntarthatosag\/kornyezetvedelem\/","og_locale":"hu_HU","og_type":"article","og_title":"K\u00f6rnyezetv\u00e9delem - Trocellen, the European polyolefin foam solution provider","og_url":"https:\/\/trocellen.com\/hu\/fenntarthatosag\/kornyezetvedelem\/","og_site_name":"Trocellen, the European polyolefin foam solution provider","article_modified_time":"2025-12-10T08:26:47+00:00","twitter_card":"summary_large_image","schema":{"@context":"https:\/\/schema.org","@graph":[{"@type":"WebPage","@id":"https:\/\/trocellen.com\/hu\/fenntarthatosag\/kornyezetvedelem\/","url":"https:\/\/trocellen.com\/hu\/fenntarthatosag\/kornyezetvedelem\/","name":"K\u00f6rnyezetv\u00e9delem - Trocellen, the European polyolefin foam solution provider","isPartOf":{"@id":"https:\/\/trocellen.com\/#website"},"datePublished":"2025-04-29T08:21:43+00:00","dateModified":"2025-12-10T08:26:47+00:00","breadcrumb":{"@id":"https:\/\/trocellen.com\/hu\/fenntarthatosag\/kornyezetvedelem\/#breadcrumb"},"inLanguage":"hu","potentialAction":[{"@type":"ReadAction","target":["https:\/\/trocellen.com\/hu\/fenntarthatosag\/kornyezetvedelem\/"]}]},{"@type":"BreadcrumbList","@id":"https:\/\/trocellen.com\/hu\/fenntarthatosag\/kornyezetvedelem\/#breadcrumb","itemListElement":[{"@type":"ListItem","position":1,"name":"Home","item":"https:\/\/trocellen.com\/hu\/"},{"@type":"ListItem","position":2,"name":"K\u00f6rnyezetv\u00e9delem"}]},{"@type":"WebSite","@id":"https:\/\/trocellen.com\/#website","url":"https:\/\/trocellen.com\/","name":"Trocellen, the European polyolefin foam solution provider","description":"TROCELLEN\u00ae is a leading manufacturer of chemically and physically cross-linked polyolefin and rubber foam solutions","potentialAction":[{"@type":"SearchAction","target":{"@type":"EntryPoint","urlTemplate":"https:\/\/trocellen.com\/?s={search_term_string}"},"query-input":{"@type":"PropertyValueSpecification","valueRequired":true,"valueName":"search_term_string"}}],"inLanguage":"hu"}]}},"_links":{"self":[{"href":"https:\/\/trocellen.com\/hu\/wp-json\/wp\/v2\/pages\/12722","targetHints":{"allow":["GET"]}}],"collection":[{"href":"https:\/\/trocellen.com\/hu\/wp-json\/wp\/v2\/pages"}],"about":[{"href":"https:\/\/trocellen.com\/hu\/wp-json\/wp\/v2\/types\/page"}],"author":[{"embeddable":true,"href":"https:\/\/trocellen.com\/hu\/wp-json\/wp\/v2\/users\/1"}],"replies":[{"embeddable":true,"href":"https:\/\/trocellen.com\/hu\/wp-json\/wp\/v2\/comments?post=12722"}],"version-history":[{"count":5,"href":"https:\/\/trocellen.com\/hu\/wp-json\/wp\/v2\/pages\/12722\/revisions"}],"predecessor-version":[{"id":15284,"href":"https:\/\/trocellen.com\/hu\/wp-json\/wp\/v2\/pages\/12722\/revisions\/15284"}],"up":[{"embeddable":true,"href":"https:\/\/trocellen.com\/hu\/wp-json\/wp\/v2\/pages\/7503"}],"wp:attachment":[{"href":"https:\/\/trocellen.com\/hu\/wp-json\/wp\/v2\/media?parent=12722"}],"curies":[{"name":"wp","href":"https:\/\/api.w.org\/{rel}","templated":true}]}}