{"id":12615,"date":"2025-04-29T08:21:31","date_gmt":"2025-04-29T08:21:31","guid":{"rendered":"https:\/\/trocellen-dev.local\/fenntarthatosag\/sustainable-supply-chain\/"},"modified":"2025-10-10T11:24:50","modified_gmt":"2025-10-10T11:24:50","slug":"fenntarthato-ellatasi-lanc","status":"publish","type":"page","link":"https:\/\/trocellen.com\/hu\/fenntarthatosag\/fenntarthato-ellatasi-lanc\/","title":{"rendered":"Fenntarthat\u00f3 ell\u00e1t\u00e1si l\u00e1nc"},"content":{"rendered":"\n<div class=\"group relative bg-gray-200 h-[24px] laptop:h-[64px]\" aria-hidden=\"true\"><\/div>\n\n\n<section class=\"col-content bg-gray-200 \">\n    <div class=\"container\">\n        <div class=\"general-content\">\n            \n            <div class=\"flex flex-col tablet:flex-row gap-small items-start\">\n                <div class=\"flex-1 \">\n                    <h2>A felel\u0151s ell\u00e1t\u00e1si l\u00e1ncok ir\u00e1nti elk\u00f6telezetts\u00e9g\u00fcnk<\/h2>\n                <\/div>\n\n                <div class=\"flex-1\">\n                    <p>A Trocellen\u00e9l tiszt\u00e1ban vagyunk azzal, hogy \u00fczleti tev\u00e9kenys\u00e9g\u00fcnk hat\u00e1sa messze t\u00falmutat saj\u00e1t l\u00e9tes\u00edtm\u00e9nyeinken. Kiterjed a besz\u00e1ll\u00edt\u00f3k \u00e9s partnerek bonyolult h\u00e1l\u00f3zat\u00e1ra, akik seg\u00edtenek megold\u00e1saink \u00e9letre h\u00edv\u00e1s\u00e1ban. Ez\u00e9rt elk\u00f6telezettek vagyunk amellett, hogy akt\u00edv r\u00e9sztvev\u0151i legy\u00fcnk a fenntarthat\u00f3 ell\u00e1t\u00e1si l\u00e1nc ki\u00e9p\u00edt\u00e9s\u00e9nek, rendszeresen figyelemmel k\u00eds\u00e9rj\u00fck \u00e9s fel\u00fclvizsg\u00e1ljuk egy\u00fcttm\u0171k\u00f6d\u00e9seinket &#8211; mindig er\u0151s ESG-szeml\u00e9lettel.<\/p>\n                <\/div>\n            <\/div>\n\n        <\/div>\n    <\/div>\n<\/section>\n\n\n<div class=\"group relative bg-gray-200 h-[24px] laptop:h-[64px]\" aria-hidden=\"true\"><\/div>\n\n\n<div class=\"group relative bg-white h-[24px] laptop:h-[64px]\" aria-hidden=\"true\"><\/div>\n\n\n\n<section class=\"bg-white\">\n\n    <div class=\"container !max-w-narrow text-center\">\n        <div class=\"general-content\">\n            <h2>A felel\u0151ss\u00e9gv\u00e1llal\u00e1sban gy\u00f6kerez\u0151 beszerz\u00e9si megk\u00f6zel\u00edt\u00e9s<\/h2>\n            <p>Anyav\u00e1llalatunk, a Furukawa Electric Group beszerz\u00e9si filoz\u00f3fi\u00e1j\u00e1hoz igazodva minden beszerz\u00e9si tev\u00e9kenys\u00e9g\u00fcnket h\u00e1rom alapelv k\u00f6r\u00e9 szervezz\u00fck:<\/p>\n        <\/div>\n    <\/div>\n\n    <div class=\"container\">\n        <div class=\"general-content\">\n            <div>\n                \n                        <div class=\"grid grid-cols-1 tablet:grid-cols-3 gap-8 tablet:gap-small\">\n\n                        \n                            <div class=\"rounded-tr-tr-64 text-white general-content text-center py-[1.156rem] px-small flex flex-col justify-start items-center\" style=\"background-color: #a7157d\">\n                                <h2>Tisztess\u00e9g \u00e9s integrit\u00e1s<\/h2>\n                                <p>Ny\u00edltan \u00e9s \u00e1tl\u00e1that\u00f3an m\u0171k\u00f6d\u00fcnk, a szabad verseny elvei szerint fogadunk minden \u00fczleti partnert, mik\u00f6zben biztos\u00edtjuk, hogy minden interakci\u00f3t a tisztess\u00e9g \u00e9s a rend\u00edthetetlen integrit\u00e1s vez\u00e9reljen.<\/p>\n                            <\/div>\n\n                        \n                            <div class=\"rounded-tr-tr-64 text-white general-content text-center py-[1.156rem] px-small flex flex-col justify-start items-center\" style=\"background-color: #07aebc\">\n                                <h2>Megfelel\u0151s\u00e9g \u00e9s CSR beszerz\u00e9s<\/h2>\n                                <p>A fenntarthat\u00f3 t\u00e1rsadalom megval\u00f3s\u00edt\u00e1s\u00e1nak el\u0151seg\u00edt\u00e9se \u00e9rdek\u00e9ben minden beszerz\u00e9st a t\u00f6rv\u00e9nyeknek \u00e9s el\u0151\u00edr\u00e1soknak teljes m\u00e9rt\u00e9kben megfelelve v\u00e9gz\u00fcnk. Minden d\u00f6nt\u00e9s\u00fcnkbe be\u00e9p\u00edtj\u00fck a k\u00f6rnyezetv\u00e9delmi felel\u0151ss\u00e9gv\u00e1llal\u00e1st \u00e9s a biztons\u00e1gos \u00fczemeltet\u00e9si gyakorlatot, teljes\u00edtve ezzel sz\u00e9lesebb k\u00f6r\u0171 v\u00e1llalati t\u00e1rsadalmi felel\u0151ss\u00e9g\u00fcnket.<\/p>\n                            <\/div>\n\n                        \n                            <div class=\"rounded-tr-tr-64 text-white general-content text-center py-[1.156rem] px-small flex flex-col justify-start items-center\" style=\"background-color: #b2cb07\">\n                                <h2>Partners\u00e9g \u00e9s k\u00f6z\u00f6s \u00e9rt\u00e9k<\/h2>\n                                <p>Hatalmas \u00e9rt\u00e9ket tulajdon\u00edtunk a k\u00f6lcs\u00f6n\u00f6s bizalomnak. A besz\u00e1ll\u00edt\u00f3inkkal val\u00f3 er\u0151s, egy\u00fcttm\u0171k\u00f6d\u0151 kapcsolatok \u00e1pol\u00e1s\u00e1val k\u00f6z\u00f6sen teremt\u00fcnk \u00faj \u00e9rt\u00e9ket. A min\u0151s\u00e9g, a k\u00f6lts\u00e9gek, a sz\u00e1ll\u00edt\u00e1s, a technol\u00f3giai k\u00e9pess\u00e9gek \u00e9s az ESG-teljes\u00edtm\u00e9ny gondos kiegyens\u00falyoz\u00e1s\u00e1val optim\u00e1lis beszerz\u00e9si felt\u00e9telekre t\u00f6reksz\u00fcnk.<\/p>\n                            <\/div>\n\n                                        \n                        <\/div>\n\n                \n            <\/div>\n        <\/div>\n    <\/div>\n<\/section>\n\n\n<div class=\"group relative bg-white h-[24px] laptop:h-[64px]\" aria-hidden=\"true\"><\/div>\n\n\n<div class=\"group relative bg-gray-200 h-[24px] laptop:h-[64px]\" aria-hidden=\"true\"><\/div>\n\n\n<section class=\"col-content bg-gray-200 \">\n    <div class=\"container\">\n        <div class=\"general-content\">\n            \n            <div class=\"flex flex-col tablet:flex-row gap-small items-start\">\n                <div class=\"flex-1 \">\n                    <h2>A Trocellen Group k\u00f6telezetts\u00e9gv\u00e1llal\u00e1sai az ell\u00e1t\u00e1si l\u00e1ncban<\/h2>\n                <\/div>\n\n                <div class=\"flex-1\">\n                    <p>A Furukawa Electric Group CSR magatart\u00e1si k\u00f3dex\u00e9nek r\u00e9szek\u00e9nt konkr\u00e9t k\u00f6telezetts\u00e9gv\u00e1llal\u00e1sokat tartunk be a fenntarthat\u00f3s\u00e1g el\u0151mozd\u00edt\u00e1sa \u00e9rdek\u00e9ben a besz\u00e1ll\u00edt\u00f3i kapcsolatainkon kereszt\u00fcl. Ezek k\u00f6z\u00e9 tartoznak:<\/p>\n<ul>\n<li>Tartalmas p\u00e1rbesz\u00e9dek kialak\u00edt\u00e1sa: Partnereink bevon\u00e1sa a fenntarthat\u00f3s\u00e1gi c\u00e9lokr\u00f3l \u00e9s a k\u00f6rnyezetv\u00e9delmi \u00fctemtervekr\u0151l sz\u00f3l\u00f3 megbesz\u00e9l\u00e9sekbe.<\/li>\n<li>A k\u00f6z\u00f6s szabv\u00e1nyok el\u0151mozd\u00edt\u00e1sa: Besz\u00e1ll\u00edt\u00f3ink t\u00e1j\u00e9koztat\u00e1sa a CSR-beszerz\u00e9si ir\u00e1nyelveinkr\u0151l \u00e9s a kulcsfontoss\u00e1g\u00fa partnerek ESG-hez kapcsol\u00f3d\u00f3 kock\u00e1zatok \u00e9rt\u00e9kel\u00e9se.<\/li>\n<\/ul>\n                <\/div>\n            <\/div>\n\n        <\/div>\n    <\/div>\n<\/section>\n\n\n<div class=\"group relative bg-gray-200 h-[32px]\" aria-hidden=\"true\"><\/div>\n\n\n<div class=\"group relative bg-white h-[24px] laptop:h-[64px]\" aria-hidden=\"true\"><\/div>\n\n\n<section class=\"col-content bg-white \">\n    <div class=\"container\">\n        <div class=\"general-content\">\n            \n            <div class=\"flex flex-col tablet:flex-row gap-small items-start\">\n                <div class=\"flex-1 \">\n                    <h2>Felel\u0151ss\u00e9gteljes ell\u00e1t\u00e1si l\u00e1ncok k\u00f6z\u00f6s \u00e9p\u00edt\u00e9se<\/h2>\n                <\/div>\n\n                <div class=\"flex-1\">\n                    <h3>Jelenlegi f\u00f3kuszunk<\/h3>\n<p>Felismerj\u00fck, hogy egy term\u00e9k k\u00f6rnyezeti \u00e9s t\u00e1rsadalmi l\u00e1bnyoma j\u00f3val azel\u0151tt kezd\u0151dik, hogy az el\u00e9ri a gy\u00e1rainkat. B\u00e1r m\u00e9g csak most kezdt\u00fck el kialak\u00edtani egy \u00e9rett, holisztikus, felel\u0151s beszerz\u00e9si programunkat, m\u00e1ris er\u0151s alapokat fektet\u00fcnk le. Ma a k\u00f6vetkez\u0151kre \u00f6sszpontos\u00edtunk:<\/p>\n<ul class=\"grid grid-cols-1 tablet:grid-cols-2 gap-x-xl gap-y-small mt-medium\">\n<li>Ell\u00e1t\u00e1si l\u00e1ncunk felt\u00e9rk\u00e9pez\u00e9se: A legfontosabb besz\u00e1ll\u00edt\u00f3k azonos\u00edt\u00e1sa \u00e9s kategoriz\u00e1l\u00e1sa helysz\u00edn \u00e9s \u00fczleti szegmens szerint, hogy jobban meg\u00e9rts\u00fck a kock\u00e1zatokat \u00e9s lehet\u0151s\u00e9geket.<\/li>\n<li>Az elv\u00e1r\u00e1sok be\u00e1gyaz\u00e1sa: A k\u00f6rnyezetv\u00e9delmi, t\u00e1rsadalmi \u00e9s etikai k\u00f6vetelm\u00e9nyek fokozatos be\u00e9p\u00edt\u00e9se a beszerz\u00e9si \u00e9s besz\u00e1ll\u00edt\u00e1si folyamatokba.<\/li>\n<li>A megfelel\u00e9s biztos\u00edt\u00e1sa: A besz\u00e1ll\u00edt\u00f3k \u00f6szt\u00f6nz\u00e9se az olyan szabv\u00e1nyok betart\u00e1s\u00e1ra, mint a REACH, a RoHS \u00e9s a munka\u00fcgyi el\u0151\u00edr\u00e1sok, mint alapvet\u0151 els\u0151 l\u00e9p\u00e9sek.<\/li>\n<li>Az \u00e1tl\u00e1that\u00f3s\u00e1g el\u0151seg\u00edt\u00e9se: Ny\u00edlt kommunik\u00e1ci\u00f3s csatorn\u00e1k ki\u00e9p\u00edt\u00e9se az ismeretek cser\u00e9je \u00e9s a m\u00e9lyebb ESG egy\u00fcttm\u0171k\u00f6d\u00e9sek el\u0151k\u00e9sz\u00edt\u00e9se \u00e9rdek\u00e9ben.<\/li>\n<\/ul>\n                <\/div>\n            <\/div>\n\n        <\/div>\n    <\/div>\n<\/section>\n\n\n<div class=\"group relative bg-white h-[24px] laptop:h-[64px]\" aria-hidden=\"true\"><\/div>\n\n\n<div class=\"group relative bg-gray-200 h-[24px] laptop:h-[64px]\" aria-hidden=\"true\"><\/div>\n\n\n<section class=\"col-content bg-gray-200 \">\n    <div class=\"container\">\n        <div class=\"general-content\">\n            \n            <div class=\"flex flex-col tablet:flex-row gap-small items-start\">\n                <div class=\"flex-1 \">\n                    <h2>Partners\u00e9g a fenntarthat\u00f3 j\u00f6v\u0151\u00e9rt<\/h2>\n                <\/div>\n\n                <div class=\"flex-1\">\n                    <p>Ezekkel az int\u00e9zked\u00e9sekkel nemcsak az ESG-kock\u00e1zatok minimaliz\u00e1l\u00e1sa a c\u00e9lunk az \u00e9rt\u00e9kl\u00e1ncunkban, hanem az innov\u00e1ci\u00f3s lehet\u0151s\u00e9gek felszabad\u00edt\u00e1sa is, hogy besz\u00e1ll\u00edt\u00f3inkkal egy\u00fcttm\u0171k\u00f6dve jobb anyagokat, jobb folyamatokat \u00e9s egy fenntarthat\u00f3bb j\u00f6v\u0151t fedezz\u00fcnk fel.<\/p>\n<p>Egy\u00fctt egy rugalmas, felel\u0151s ell\u00e1t\u00e1si l\u00e1ncot alak\u00edtunk ki, amely sz\u00e9lesebb fenntarthat\u00f3s\u00e1gi elk\u00e9pzel\u00e9seink egyik sarokk\u00f6ve.<\/p>\n                <\/div>\n            <\/div>\n\n        <\/div>\n    <\/div>\n<\/section>\n\n\n<div class=\"group relative bg-gray-200 h-[24px] laptop:h-[64px]\" aria-hidden=\"true\"><\/div>","protected":false},"excerpt":{"rendered":"","protected":false},"author":1,"featured_media":0,"parent":7503,"menu_order":0,"comment_status":"closed","ping_status":"closed","template":"template-parts\/page-general.php","meta":{"_acf_changed":false,"footnotes":""},"class_list":["post-12615","page","type-page","status-publish","hentry"],"acf":[],"yoast_head":"<!-- This site is optimized with the Yoast SEO plugin v25.9 - https:\/\/yoast.com\/wordpress\/plugins\/seo\/ -->\n<title>Fenntarthat\u00f3 ell\u00e1t\u00e1si l\u00e1nc - Trocellen, the European polyolefin foam solution provider<\/title>\n<meta name=\"robots\" content=\"index, follow, max-snippet:-1, max-image-preview:large, max-video-preview:-1\" \/>\n<link rel=\"canonical\" href=\"https:\/\/trocellen.com\/sustainability\/sustainable-supply-chain\/\" \/>\n<meta property=\"og:locale\" content=\"hu_HU\" \/>\n<meta property=\"og:type\" content=\"article\" \/>\n<meta property=\"og:title\" content=\"Fenntarthat\u00f3 ell\u00e1t\u00e1si l\u00e1nc - Trocellen, the European polyolefin foam solution provider\" \/>\n<meta property=\"og:url\" content=\"https:\/\/trocellen.com\/sustainability\/sustainable-supply-chain\/\" \/>\n<meta property=\"og:site_name\" content=\"Trocellen, the European polyolefin foam solution provider\" \/>\n<meta property=\"article:modified_time\" content=\"2025-10-10T11:24:50+00:00\" \/>\n<meta name=\"twitter:card\" content=\"summary_large_image\" \/>\n<script type=\"application\/ld+json\" class=\"yoast-schema-graph\">{\"@context\":\"https:\/\/schema.org\",\"@graph\":[{\"@type\":\"WebPage\",\"@id\":\"https:\/\/trocellen.com\/sustainability\/sustainable-supply-chain\/\",\"url\":\"https:\/\/trocellen.com\/sustainability\/sustainable-supply-chain\/\",\"name\":\"Fenntarthat\u00f3 ell\u00e1t\u00e1si l\u00e1nc - Trocellen, the European polyolefin foam solution provider\",\"isPartOf\":{\"@id\":\"https:\/\/trocellen.com\/#website\"},\"datePublished\":\"2025-04-29T08:21:31+00:00\",\"dateModified\":\"2025-10-10T11:24:50+00:00\",\"breadcrumb\":{\"@id\":\"https:\/\/trocellen.com\/sustainability\/sustainable-supply-chain\/#breadcrumb\"},\"inLanguage\":\"hu\",\"potentialAction\":[{\"@type\":\"ReadAction\",\"target\":[\"https:\/\/trocellen.com\/sustainability\/sustainable-supply-chain\/\"]}]},{\"@type\":\"BreadcrumbList\",\"@id\":\"https:\/\/trocellen.com\/sustainability\/sustainable-supply-chain\/#breadcrumb\",\"itemListElement\":[{\"@type\":\"ListItem\",\"position\":1,\"name\":\"Home\",\"item\":\"https:\/\/trocellen.com\/hu\/\"},{\"@type\":\"ListItem\",\"position\":2,\"name\":\"Fenntarthat\u00f3 ell\u00e1t\u00e1si l\u00e1nc\"}]},{\"@type\":\"WebSite\",\"@id\":\"https:\/\/trocellen.com\/#website\",\"url\":\"https:\/\/trocellen.com\/\",\"name\":\"Trocellen, the European polyolefin foam solution provider\",\"description\":\"TROCELLEN\u00ae is a leading manufacturer of chemically and physically cross-linked polyolefin and rubber foam solutions\",\"potentialAction\":[{\"@type\":\"SearchAction\",\"target\":{\"@type\":\"EntryPoint\",\"urlTemplate\":\"https:\/\/trocellen.com\/?s={search_term_string}\"},\"query-input\":{\"@type\":\"PropertyValueSpecification\",\"valueRequired\":true,\"valueName\":\"search_term_string\"}}],\"inLanguage\":\"hu\"}]}<\/script>\n<!-- \/ Yoast SEO plugin. -->","yoast_head_json":{"title":"Fenntarthat\u00f3 ell\u00e1t\u00e1si l\u00e1nc - Trocellen, the European polyolefin foam solution provider","robots":{"index":"index","follow":"follow","max-snippet":"max-snippet:-1","max-image-preview":"max-image-preview:large","max-video-preview":"max-video-preview:-1"},"canonical":"https:\/\/trocellen.com\/sustainability\/sustainable-supply-chain\/","og_locale":"hu_HU","og_type":"article","og_title":"Fenntarthat\u00f3 ell\u00e1t\u00e1si l\u00e1nc - Trocellen, the European polyolefin foam solution provider","og_url":"https:\/\/trocellen.com\/sustainability\/sustainable-supply-chain\/","og_site_name":"Trocellen, the European polyolefin foam solution provider","article_modified_time":"2025-10-10T11:24:50+00:00","twitter_card":"summary_large_image","schema":{"@context":"https:\/\/schema.org","@graph":[{"@type":"WebPage","@id":"https:\/\/trocellen.com\/sustainability\/sustainable-supply-chain\/","url":"https:\/\/trocellen.com\/sustainability\/sustainable-supply-chain\/","name":"Fenntarthat\u00f3 ell\u00e1t\u00e1si l\u00e1nc - Trocellen, the European polyolefin foam solution provider","isPartOf":{"@id":"https:\/\/trocellen.com\/#website"},"datePublished":"2025-04-29T08:21:31+00:00","dateModified":"2025-10-10T11:24:50+00:00","breadcrumb":{"@id":"https:\/\/trocellen.com\/sustainability\/sustainable-supply-chain\/#breadcrumb"},"inLanguage":"hu","potentialAction":[{"@type":"ReadAction","target":["https:\/\/trocellen.com\/sustainability\/sustainable-supply-chain\/"]}]},{"@type":"BreadcrumbList","@id":"https:\/\/trocellen.com\/sustainability\/sustainable-supply-chain\/#breadcrumb","itemListElement":[{"@type":"ListItem","position":1,"name":"Home","item":"https:\/\/trocellen.com\/hu\/"},{"@type":"ListItem","position":2,"name":"Fenntarthat\u00f3 ell\u00e1t\u00e1si l\u00e1nc"}]},{"@type":"WebSite","@id":"https:\/\/trocellen.com\/#website","url":"https:\/\/trocellen.com\/","name":"Trocellen, the European polyolefin foam solution provider","description":"TROCELLEN\u00ae is a leading manufacturer of chemically and physically cross-linked polyolefin and rubber foam solutions","potentialAction":[{"@type":"SearchAction","target":{"@type":"EntryPoint","urlTemplate":"https:\/\/trocellen.com\/?s={search_term_string}"},"query-input":{"@type":"PropertyValueSpecification","valueRequired":true,"valueName":"search_term_string"}}],"inLanguage":"hu"}]}},"_links":{"self":[{"href":"https:\/\/trocellen.com\/hu\/wp-json\/wp\/v2\/pages\/12615","targetHints":{"allow":["GET"]}}],"collection":[{"href":"https:\/\/trocellen.com\/hu\/wp-json\/wp\/v2\/pages"}],"about":[{"href":"https:\/\/trocellen.com\/hu\/wp-json\/wp\/v2\/types\/page"}],"author":[{"embeddable":true,"href":"https:\/\/trocellen.com\/hu\/wp-json\/wp\/v2\/users\/1"}],"replies":[{"embeddable":true,"href":"https:\/\/trocellen.com\/hu\/wp-json\/wp\/v2\/comments?post=12615"}],"version-history":[{"count":5,"href":"https:\/\/trocellen.com\/hu\/wp-json\/wp\/v2\/pages\/12615\/revisions"}],"predecessor-version":[{"id":14139,"href":"https:\/\/trocellen.com\/hu\/wp-json\/wp\/v2\/pages\/12615\/revisions\/14139"}],"up":[{"embeddable":true,"href":"https:\/\/trocellen.com\/hu\/wp-json\/wp\/v2\/pages\/7503"}],"wp:attachment":[{"href":"https:\/\/trocellen.com\/hu\/wp-json\/wp\/v2\/media?parent=12615"}],"curies":[{"name":"wp","href":"https:\/\/api.w.org\/{rel}","templated":true}]}}