{"id":12555,"date":"2025-07-29T06:55:23","date_gmt":"2025-07-29T06:55:23","guid":{"rendered":"https:\/\/trocellen-dev.local\/trocellen\/compliance\/"},"modified":"2025-10-20T07:13:20","modified_gmt":"2025-10-20T07:13:20","slug":"megfeleloseg","status":"publish","type":"page","link":"https:\/\/trocellen.com\/hu\/trocellen\/megfeleloseg\/","title":{"rendered":"Megfelel\u0151s\u00e9g"},"content":{"rendered":"\n<div class=\"group relative bg-white h-[48px]\" aria-hidden=\"true\"><\/div>\n\n\n<section class=\"general-content text-[#131313]\">\n    <div class=\"container\">\n        <div>\n            <h3 class=\"text-center\">A Trocellen Csoport megfelel\u0151s\u00e9g alatt nem csak azt \u00e9rti, hogy betartjuk a t\u00f6rv\u00e9nyeket \u00e9s a rendelkez\u00e9seket, hanem azt is, hogy a v\u00e1llalatt\u00f3l \u00e9s annak dolgoz\u00f3it\u00f3l mint a t\u00e1rsadalom felel\u0151s tagjait\u00f3l megk\u00f6vetelt \u00e9rt\u00e9kekkel \u00e9s etikai szab\u00e1lyokkal \u00f6sszhangban cseleksz\u00fcnk.<\/h3>\n\n                    <\/div>\n    <\/div>\n<\/section>\n\n\n<div class=\"group relative bg-white h-[48px]\" aria-hidden=\"true\"><\/div>\n\n\n<div class=\"group relative bg-gray-200 h-[24px] laptop:h-[64px]\" aria-hidden=\"true\"><\/div>\n\n\n<section class=\"col-content bg-gray-200 \">\n    <div class=\"container\">\n        <div class=\"general-content\">\n            \n            <div class=\"flex flex-col tablet:flex-row gap-small items-start\">\n                <div class=\"flex-1 \">\n                    <h2 class=\"wp-block-heading\">Magatart\u00e1si k\u00f3dex<\/h2>\n                <\/div>\n\n                <div class=\"flex-1\">\n                    <p>A magatart\u00e1si k\u00f3dex meghat\u00e1rozza a viselked\u00e9s alapvet\u0151 szab\u00e1lyait a Trocellen vezet\u0151i \u00e9s alkalmazottai sz\u00e1m\u00e1ra. A Trocellen elv\u00e1rja a Csoport munkav\u00e1llal\u00f3it\u00f3l, hogy pozit\u00edv m\u00f3don j\u00e1ruljanak hozz\u00e1 ir\u00e1ny\u00edt\u00e1si politik\u00e1j\u00e1hoz, amelyet a mindennapi munka sor\u00e1n v\u00e9grehajtanak. Ez\u00e9rt megk\u00f6veteli a Csoport dolgoz\u00f3it\u00f3l, hogy igazodjanak a Magatart\u00e1si k\u00f3dexben megfogalmazott alap\u00e9rt\u00e9kekhez \u00e9s alapelvekhez.<\/p>\n                <\/div>\n            <\/div>\n\n        <\/div>\n    <\/div>\n<\/section>\n\n\n<div class=\"group relative bg-gray-200 h-[32px]\" aria-hidden=\"true\"><\/div>\n\n\n<section class=\"bg-gray-200\">\n    <div class=\"container !max-w-narrow\">\n        <div class=\"general-content\">\n            <div>\n                <h3 class=\"text-center\">Ez a k\u00f6vetkez\u0151 ter\u00fcleteket \u00e9rinti:<\/h3>\n\n                \n                        <div class=\"grid grid-cols-[repeat(auto-fit,_160px)] tablet:grid-cols-[repeat(auto-fit,_178px)] gap-8 tablet:gap-small\">\n\n                        \n                            <div class=\"rounded-tr-tr-64 h-[160px] tablet:min-h-[134px] text-white general-content text-center py-[1.156rem] px-small flex flex-col justify-center items-center\" style=\"background-color: #a7157d\">\n                                <img decoding=\"async\" src=\"https:\/\/trocellen.com\/wp-content\/uploads\/2025\/09\/human-rights-icon.png\" class=\"mx-auto !h-[51px]\" alt=\"Emberi jogok icon\">\n                                <h5 class=\"pt-xs\">Emberi jogok<\/h5>\n                            <\/div>\n\n                        \n                            <div class=\"rounded-tr-tr-64 h-[160px] tablet:min-h-[134px] text-white general-content text-center py-[1.156rem] px-small flex flex-col justify-center items-center\" style=\"background-color: #246a84\">\n                                <img decoding=\"async\" src=\"https:\/\/trocellen.com\/wp-content\/uploads\/2025\/09\/working-conditions-icon.png\" class=\"mx-auto !h-[51px]\" alt=\"Munkak\u00f6r\u00fclm\u00e9nyek \u00e9s munkak\u00f6rnyezet icon\">\n                                <h5 class=\"pt-xs\">Munkak\u00f6r\u00fclm\u00e9nyek \u00e9s munkak\u00f6rnyezet<\/h5>\n                            <\/div>\n\n                        \n                            <div class=\"rounded-tr-tr-64 h-[160px] tablet:min-h-[134px] text-white general-content text-center py-[1.156rem] px-small flex flex-col justify-center items-center\" style=\"background-color: #b2cb07\">\n                                <img decoding=\"async\" src=\"https:\/\/trocellen.com\/wp-content\/uploads\/2025\/09\/environment-icon.png\" class=\"mx-auto !h-[51px]\" alt=\"K\u00f6rnyezet icon\">\n                                <h5 class=\"pt-xs\">K\u00f6rnyezet<\/h5>\n                            <\/div>\n\n                        \n                            <div class=\"rounded-tr-tr-64 h-[160px] tablet:min-h-[134px] text-white general-content text-center py-[1.156rem] px-small flex flex-col justify-center items-center\" style=\"background-color: #299926\">\n                                <img decoding=\"async\" src=\"https:\/\/trocellen.com\/wp-content\/uploads\/2025\/09\/products-icon.png\" class=\"mx-auto !h-[51px]\" alt=\"Term\u00e9kek \u00e9s szolg\u00e1ltat\u00e1sok icon\">\n                                <h5 class=\"pt-xs\">Term\u00e9kek \u00e9s szolg\u00e1ltat\u00e1sok<\/h5>\n                            <\/div>\n\n                        \n                            <div class=\"rounded-tr-tr-64 h-[160px] tablet:min-h-[134px] text-white general-content text-center py-[1.156rem] px-small flex flex-col justify-center items-center\" style=\"background-color: #4198dc\">\n                                <img decoding=\"async\" src=\"https:\/\/trocellen.com\/wp-content\/uploads\/2025\/09\/globe-icon.png\" class=\"mx-auto !h-[51px]\" alt=\"Nemzetk\u00f6zi v\u00e1llalatok \u00e9s tranzakci\u00f3k icon\">\n                                <h5 class=\"pt-xs\">Nemzetk\u00f6zi v\u00e1llalatok \u00e9s tranzakci\u00f3k<\/h5>\n                            <\/div>\n\n                        \n                            <div class=\"rounded-tr-tr-64 h-[160px] tablet:min-h-[134px] text-white general-content text-center py-[1.156rem] px-small flex flex-col justify-center items-center\" style=\"background-color: #07aebc\">\n                                <img decoding=\"async\" src=\"https:\/\/trocellen.com\/wp-content\/uploads\/2025\/09\/competition-icon.png\" class=\"mx-auto !h-[51px]\" alt=\"Tisztess\u00e9ges verseny icon\">\n                                <h5 class=\"pt-xs\">Tisztess\u00e9ges verseny<\/h5>\n                            <\/div>\n\n                        \n                            <div class=\"rounded-tr-tr-64 h-[160px] tablet:min-h-[134px] text-white general-content text-center py-[1.156rem] px-small flex flex-col justify-center items-center\" style=\"background-color: #d14f1b\">\n                                <img decoding=\"async\" src=\"https:\/\/trocellen.com\/wp-content\/uploads\/2025\/09\/relations-icon.png\" class=\"mx-auto !h-[51px]\" alt=\"Az \u00fcgyfelekhez, partnerekhez \u00e9s a t\u00e1rsadalomhoz f\u0171z\u0151d\u0151 kapcsolatok icon\">\n                                <h5 class=\"pt-xs\">Az \u00fcgyfelekhez, partnerekhez \u00e9s a t\u00e1rsadalomhoz f\u0171z\u0151d\u0151 kapcsolatok<\/h5>\n                            <\/div>\n\n                        \n                            <div class=\"rounded-tr-tr-64 h-[160px] tablet:min-h-[134px] text-white general-content text-center py-[1.156rem] px-small flex flex-col justify-center items-center\" style=\"background-color: #00a488\">\n                                <img decoding=\"async\" src=\"https:\/\/trocellen.com\/wp-content\/uploads\/2025\/09\/company-assets-icon.png\" class=\"mx-auto !h-[51px]\" alt=\"A v\u00e1llalat eszk\u00f6zeinek menedzsel\u00e9se \u00e9s meg\u0151rz\u00e9se icon\">\n                                <h5 class=\"pt-xs\">A v\u00e1llalat eszk\u00f6zeinek menedzsel\u00e9se \u00e9s meg\u0151rz\u00e9se<\/h5>\n                            <\/div>\n\n                        \n                            <div class=\"rounded-tr-tr-64 h-[160px] tablet:min-h-[134px] text-white general-content text-center py-[1.156rem] px-small flex flex-col justify-center items-center\" style=\"background-color: #292c58\">\n                                <img decoding=\"async\" src=\"https:\/\/trocellen.com\/wp-content\/uploads\/2025\/09\/information-icon.png\" class=\"mx-auto !h-[51px]\" alt=\"Inform\u00e1ci\u00f3 nyilv\u00e1noss\u00e1gra hozatala icon\">\n                                <h5 class=\"pt-xs\">Inform\u00e1ci\u00f3 nyilv\u00e1noss\u00e1gra hozatala<\/h5>\n                            <\/div>\n\n                        \n                            <div class=\"rounded-tr-tr-64 h-[160px] tablet:min-h-[134px] text-white general-content text-center py-[1.156rem] px-small flex flex-col justify-center items-center\" style=\"background-color: #cf3b42\">\n                                <img decoding=\"async\" src=\"https:\/\/trocellen.com\/wp-content\/uploads\/2025\/09\/duties-icon.png\" class=\"mx-auto !h-[51px]\" alt=\"A fels\u0151vezet\u00e9s \u00e9s az alkalmazottak feladatai \u00e9s k\u00f6telezetts\u00e9gei icon\">\n                                <h5 class=\"pt-xs\">A fels\u0151vezet\u00e9s \u00e9s az alkalmazottak feladatai \u00e9s k\u00f6telezetts\u00e9gei<\/h5>\n                            <\/div>\n\n                                        \n                        <\/div>\n\n                \n            <\/div>\n        <\/div>\n    <\/div>\n\n    <div class=\"container mt-medium\">\n        <div class=\"flex flex-row gap-small\">\n            <div class=\"flex-1\">\n                A Trocellen Group a Furukawa Electric Group le\u00e1nyv\u00e1llalatak\u00e9nt az ENSZ Glob\u00e1lis Meg\u00e1llapod\u00e1s al\u00e1\u00edr\u00f3ja, \u00e9s k\u00f6veti a T\u00edz Alapelvet.            <\/div>\n\n            <div class=\"flex-1\">\n                <p><a class=\"downloadable\" href=\"\/wp-content\/uploads\/2025\/05\/Trocellen_Group_CoC_short_2022_1EN-HU.pdf\">CSR CODE OF CONDUCT for Trocellen\u2028(part of the Furukawa Electric Group)<\/a><\/p>\n            <\/div>\n        <\/div>\n    <\/div>\n<\/section>\n\n\n<div class=\"group relative bg-gray-200 h-[24px] laptop:h-[64px]\" aria-hidden=\"true\"><\/div>\n\n\n<div class=\"group relative bg-white h-[24px] laptop:h-[64px]\" aria-hidden=\"true\"><\/div>\n\n\n<section class=\"col-content bg-white \">\n    <div class=\"container\">\n        <div class=\"general-content\">\n            \n            <div class=\"flex flex-col tablet:flex-row gap-small items-start\">\n                <div class=\"flex-1 \">\n                    <h2 class=\"wp-block-heading\">Korrupci\u00f3ellenes politika<\/h2>\n                <\/div>\n\n                <div class=\"flex-1\">\n                    <p>A Furukawa Electric csoport tagjak\u00e9nt a Trocellen folyamatosan elk\u00f6telezett amellett, hogy a c\u00e9g vezet\u00e9se \u00e9s m\u0171k\u00f6d\u00e9se teljes m\u00e9rt\u00e9kben megfeleljen a korrupci\u00f3ellenes k\u00f6vetelm\u00e9nyeknek. A korrupci\u00f3ellenes jogszab\u00e1lyok vil\u00e1gszerte egyre szigor\u00fabbak, a korm\u00e1nyok pedig betartat\u00e1sukban egyre akt\u00edvabbak.<\/p>\n<p>Megfogalmaztuk a Csoport Korrupci\u00f3ellenes Nyilatkozat\u00e1t, Korrupci\u00f3ellenes \u00datmutat\u00f3 \u00e9s Korrupci\u00f3ellenes Szervezet c\u00edm\u0171 kiadv\u00e1nyunkat, amelynek bevezet\u00e9s\u00e9re \u00e9s megval\u00f3s\u00edt\u00e1s\u00e1ra a 2013-as p\u00e9nz\u00fcgyi \u00e9vben ker\u00fclt sor.<\/p>\n<p>Kihangs\u00falyozzuk, hogy a Trocellen sz\u00e1m\u00e1ra elvi k\u00e9rd\u00e9s, hogy betartsa az \u00f6sszes vonatkoz\u00f3, korrupci\u00f3ellenes jogszab\u00e1lyt \u00e9s az \u00f6sszes kapcsol\u00f3d\u00f3 helyi rendeletet, amelyek a Trocellen telephelyei szerinti orsz\u00e1gokban alkalmazand\u00f3k.<\/p>\n<p>M\u0171k\u00f6d\u00e9s\u00fcnk sor\u00e1n hat\u00e1rozottan elutas\u00edtjuk minden indokolatlan el\u0151ny elfogad\u00e1s\u00e1t vagy ny\u00fajt\u00e1s\u00e1t, \u00e9s a legmagasabb szint\u0171, tisztess\u00e9ges \u00fczleti magatart\u00e1sra t\u00f6reksz\u00fcnk. Ez r\u00e9szben azt jelenti, hogy minden, a szervezet\u00fcnkkel kapcsolatba \u00e1ll\u00f3 \u00fcgyn\u00f6kt\u0151l, de \u00fczleti partnereinkt\u0151l is megk\u00f6vetelj\u00fck, hogy a fenti korrupci\u00f3ellenes t\u00f6rv\u00e9nyeket \u0151k is tarts\u00e1k tiszteletben.<\/p>\n<p><a class=\"downloadable\" href=\"\/wp-content\/uploads\/2025\/09\/AB-Hungary-Polifoam-Korrupcioellenes-SzabA\u02c7lyzat.pdf\" target=\"_blank\" rel=\"noreferrer noopener\">A Polifoam Kft. Korrupci\u00f3ellenes politik\u00e1ja<\/a><\/p>\n<p>&nbsp;<\/p>\n                <\/div>\n            <\/div>\n\n        <\/div>\n    <\/div>\n<\/section>\n\n\n<div class=\"group relative bg-white h-[24px] laptop:h-[64px]\" aria-hidden=\"true\"><\/div>\n\n\n<div class=\"group relative bg-gray-200 h-[24px] laptop:h-[64px]\" aria-hidden=\"true\"><\/div>\n\n\n<section class=\"col-content bg-gray-200 \">\n    <div class=\"container\">\n        <div class=\"general-content\">\n            \n            <div class=\"flex flex-col tablet:flex-row gap-small items-start\">\n                <div class=\"flex-1 \">\n                    <h2 class=\"wp-block-heading\">Vissza\u00e9l\u00e9s-bejelent\u0151 rendszer<\/h2>\n<h3>A Trocellen-csoport kiemelt v\u00e1llalati \u00e9rt\u00e9ke a felel\u0151ss\u00e9g.<\/h3>\n                <\/div>\n\n                <div class=\"flex-1\">\n                    <p>Felel\u0151ss\u00e9g \u2013 a lehet\u0151 legt\u00e1gabb \u00e9rtelemben \u2013 munkat\u00e1rsaink, partnereink, a t\u00e1rsadalom \u00e9s bolyg\u00f3nk ir\u00e1nt. Elk\u00f6telezettek vagyunk az \u00e1tl\u00e1that\u00f3, etikus \u00e9s a jogszab\u00e1lyoknak megfelel\u0151 \u00fczleti magatart\u00e1s ir\u00e1nt.<\/p>\n<p>A Trocellen Csoport bejelent\u0151 rendszereit a Trocellen Csoport kult\u00far\u00e1j\u00e1nak \u00e9s a bizalmon alapul\u00f3 partnerkapcsolatainak v\u00e9delme \u00e9rdek\u00e9ben hoztuk l\u00e9tre a vissza\u00e9l\u00e9sek korai felder\u00edt\u00e9se \u00e9s korrekci\u00f3ja \u00e9rdek\u00e9ben.<\/p>\n<p>A Trocellen Csoport bejelent\u0151 rendszerei lehet\u0151s\u00e9get teremtenek bels\u0151 \u00e9s k\u00fcls\u0151 partnereink sz\u00e1m\u00e1ra, hogy a harmadik f\u00e9l \u00e1ltal ir\u00e1ny\u00edtott, k\u00fcls\u0151 rendszereken kereszt\u00fcl teljesk\u00f6r\u0171 anonimit\u00e1s biztos\u00edt\u00e1s\u00e1val, f\u00e9lelem n\u00e9lk\u00fcl elmondhass\u00e1k \u00e9s felvethess\u00e9k agg\u00e1lyaikat.<\/p>\n<p>Mik\u00f6zben teljes m\u00e9rt\u00e9kben figyelembe veszi, hogy a bejelent\u0151t semmilyen h\u00e1tr\u00e1ny ne \u00e9rje, a bejelent\u00e9skezel\u0151 iroda szigor\u00faan kezeli a bejelent\u00e9sek tartalm\u00e1t, azonnal kivizsg\u00e1lja azokat, \u00e9s megteszi a megfelel\u0151 int\u00e9zked\u00e9seket.<\/p>\n<h3>Milyen agg\u00e1lyokat lehet jelenteni?<\/h3>\n<ul>\n<li>b\u0171ncselekm\u00e9nyek, bele\u00e9rtve a csal\u00e1st is<\/li>\n<li>jogszab\u00e1lyban meghat\u00e1rozott k\u00f6telezetts\u00e9g elmulaszt\u00e1sa<\/li>\n<li>igazs\u00e1gszolg\u00e1ltat\u00e1si vissza\u00e9l\u00e9sek<\/li>\n<li>valaki eg\u00e9szs\u00e9g\u00e9nek \u00e9s biztons\u00e1g\u00e1nak vesz\u00e9lyeztet\u00e9se<\/li>\n<li>a k\u00f6rnyezet k\u00e1ros\u00edt\u00e1sa<\/li>\n<li>munkav\u00e1llal\u00f3i panaszok, a Trocellen Csoport magatart\u00e1si k\u00f3dex\u00e9hez nem megfelel\u0151 viselked\u00e9ssel kapcsolatos agg\u00e1lyok, zaklat\u00e1s vagy diszkrimin\u00e1ci\u00f3.<\/li>\n<\/ul>\n<h3>Hogyan tegyen bejelent\u00e9st?<\/h3>\n<p>K\u00e9rj\u00fck, haszn\u00e1lja az adott Trocellen Csoport tagv\u00e1llalat neve melletti list\u00e1ban tal\u00e1lhat\u00f3 weboldalt, amelyr\u0151l jelent\u00e9st szeretne tenni:<\/p>\n<div class=\"grid grid-cols-1 tablet:grid-cols-2 gap-medPlus gap-small\"><a class=\"grey-bg-button link-with-arrow\" href=\"https:\/\/Trocellen.integrityline.com\">Trocellen GmbH<\/a> <a class=\"grey-bg-button link-with-arrow\" href=\"https:\/\/trocellen.ulisesgrc.net\/#\/channels\/trocellen\/ES_ES\">Trocellen Ib\u00e9rica S.A.<\/a> <a class=\"grey-bg-button link-with-arrow\" href=\"https:\/\/Polifoam.integrityline.com\">Polifoam Co. Ltd.<\/a> <a class=\"grey-bg-button link-with-arrow\" href=\"https:\/\/trocellenitalia.softcarehse.it\/whistleblowing\/\">Trocellen Italia S.p.A.<\/a> <a class=\"grey-bg-button link-with-arrow\" href=\"https:\/\/polifoam.integrityline.com\/\">Trocellen Automotive Hungary Co. Ltd.<\/a> <a class=\"grey-bg-button link-with-arrow\" href=\"https:\/\/Trocellen.integrityline.com\">Trocellen S.E.A. Sdn Bhd<\/a><\/div>\n                <\/div>\n            <\/div>\n\n        <\/div>\n    <\/div>\n<\/section>\n\n\n<div class=\"group relative bg-gray-200 h-[24px] laptop:h-[64px]\" aria-hidden=\"true\"><\/div>","protected":false},"excerpt":{"rendered":"","protected":false},"author":1,"featured_media":0,"parent":6779,"menu_order":0,"comment_status":"closed","ping_status":"closed","template":"template-parts\/page-general.php","meta":{"_acf_changed":false,"footnotes":""},"class_list":["post-12555","page","type-page","status-publish","hentry"],"acf":[],"yoast_head":"<!-- This site is optimized with the Yoast SEO plugin v25.9 - https:\/\/yoast.com\/wordpress\/plugins\/seo\/ -->\n<title>Megfelel\u0151s\u00e9g - Trocellen, the European polyolefin foam solution provider<\/title>\n<meta name=\"robots\" content=\"index, follow, max-snippet:-1, max-image-preview:large, max-video-preview:-1\" \/>\n<link rel=\"canonical\" href=\"https:\/\/trocellen.com\/about-trocellen\/compliance\/\" \/>\n<meta property=\"og:locale\" content=\"hu_HU\" \/>\n<meta property=\"og:type\" content=\"article\" \/>\n<meta property=\"og:title\" content=\"Megfelel\u0151s\u00e9g - Trocellen, the European polyolefin foam solution provider\" \/>\n<meta property=\"og:url\" content=\"https:\/\/trocellen.com\/about-trocellen\/compliance\/\" \/>\n<meta property=\"og:site_name\" content=\"Trocellen, the European polyolefin foam solution provider\" \/>\n<meta property=\"article:modified_time\" content=\"2025-10-20T07:13:20+00:00\" \/>\n<meta name=\"twitter:card\" content=\"summary_large_image\" \/>\n<script type=\"application\/ld+json\" class=\"yoast-schema-graph\">{\"@context\":\"https:\/\/schema.org\",\"@graph\":[{\"@type\":\"WebPage\",\"@id\":\"https:\/\/trocellen.com\/about-trocellen\/compliance\/\",\"url\":\"https:\/\/trocellen.com\/about-trocellen\/compliance\/\",\"name\":\"Megfelel\u0151s\u00e9g - Trocellen, the European polyolefin foam solution provider\",\"isPartOf\":{\"@id\":\"https:\/\/trocellen.com\/#website\"},\"datePublished\":\"2025-07-29T06:55:23+00:00\",\"dateModified\":\"2025-10-20T07:13:20+00:00\",\"breadcrumb\":{\"@id\":\"https:\/\/trocellen.com\/about-trocellen\/compliance\/#breadcrumb\"},\"inLanguage\":\"hu\",\"potentialAction\":[{\"@type\":\"ReadAction\",\"target\":[\"https:\/\/trocellen.com\/about-trocellen\/compliance\/\"]}]},{\"@type\":\"BreadcrumbList\",\"@id\":\"https:\/\/trocellen.com\/about-trocellen\/compliance\/#breadcrumb\",\"itemListElement\":[{\"@type\":\"ListItem\",\"position\":1,\"name\":\"Home\",\"item\":\"https:\/\/trocellen.com\/hu\/\"},{\"@type\":\"ListItem\",\"position\":2,\"name\":\"Megfelel\u0151s\u00e9g\"}]},{\"@type\":\"WebSite\",\"@id\":\"https:\/\/trocellen.com\/#website\",\"url\":\"https:\/\/trocellen.com\/\",\"name\":\"Trocellen, the European polyolefin foam solution provider\",\"description\":\"TROCELLEN\u00ae is a leading manufacturer of chemically and physically cross-linked polyolefin and rubber foam solutions\",\"potentialAction\":[{\"@type\":\"SearchAction\",\"target\":{\"@type\":\"EntryPoint\",\"urlTemplate\":\"https:\/\/trocellen.com\/?s={search_term_string}\"},\"query-input\":{\"@type\":\"PropertyValueSpecification\",\"valueRequired\":true,\"valueName\":\"search_term_string\"}}],\"inLanguage\":\"hu\"}]}<\/script>\n<!-- \/ Yoast SEO plugin. -->","yoast_head_json":{"title":"Megfelel\u0151s\u00e9g - Trocellen, the European polyolefin foam solution provider","robots":{"index":"index","follow":"follow","max-snippet":"max-snippet:-1","max-image-preview":"max-image-preview:large","max-video-preview":"max-video-preview:-1"},"canonical":"https:\/\/trocellen.com\/about-trocellen\/compliance\/","og_locale":"hu_HU","og_type":"article","og_title":"Megfelel\u0151s\u00e9g - Trocellen, the European polyolefin foam solution provider","og_url":"https:\/\/trocellen.com\/about-trocellen\/compliance\/","og_site_name":"Trocellen, the European polyolefin foam solution provider","article_modified_time":"2025-10-20T07:13:20+00:00","twitter_card":"summary_large_image","schema":{"@context":"https:\/\/schema.org","@graph":[{"@type":"WebPage","@id":"https:\/\/trocellen.com\/about-trocellen\/compliance\/","url":"https:\/\/trocellen.com\/about-trocellen\/compliance\/","name":"Megfelel\u0151s\u00e9g - Trocellen, the European polyolefin foam solution provider","isPartOf":{"@id":"https:\/\/trocellen.com\/#website"},"datePublished":"2025-07-29T06:55:23+00:00","dateModified":"2025-10-20T07:13:20+00:00","breadcrumb":{"@id":"https:\/\/trocellen.com\/about-trocellen\/compliance\/#breadcrumb"},"inLanguage":"hu","potentialAction":[{"@type":"ReadAction","target":["https:\/\/trocellen.com\/about-trocellen\/compliance\/"]}]},{"@type":"BreadcrumbList","@id":"https:\/\/trocellen.com\/about-trocellen\/compliance\/#breadcrumb","itemListElement":[{"@type":"ListItem","position":1,"name":"Home","item":"https:\/\/trocellen.com\/hu\/"},{"@type":"ListItem","position":2,"name":"Megfelel\u0151s\u00e9g"}]},{"@type":"WebSite","@id":"https:\/\/trocellen.com\/#website","url":"https:\/\/trocellen.com\/","name":"Trocellen, the European polyolefin foam solution provider","description":"TROCELLEN\u00ae is a leading manufacturer of chemically and physically cross-linked polyolefin and rubber foam solutions","potentialAction":[{"@type":"SearchAction","target":{"@type":"EntryPoint","urlTemplate":"https:\/\/trocellen.com\/?s={search_term_string}"},"query-input":{"@type":"PropertyValueSpecification","valueRequired":true,"valueName":"search_term_string"}}],"inLanguage":"hu"}]}},"_links":{"self":[{"href":"https:\/\/trocellen.com\/hu\/wp-json\/wp\/v2\/pages\/12555","targetHints":{"allow":["GET"]}}],"collection":[{"href":"https:\/\/trocellen.com\/hu\/wp-json\/wp\/v2\/pages"}],"about":[{"href":"https:\/\/trocellen.com\/hu\/wp-json\/wp\/v2\/types\/page"}],"author":[{"embeddable":true,"href":"https:\/\/trocellen.com\/hu\/wp-json\/wp\/v2\/users\/1"}],"replies":[{"embeddable":true,"href":"https:\/\/trocellen.com\/hu\/wp-json\/wp\/v2\/comments?post=12555"}],"version-history":[{"count":5,"href":"https:\/\/trocellen.com\/hu\/wp-json\/wp\/v2\/pages\/12555\/revisions"}],"predecessor-version":[{"id":14401,"href":"https:\/\/trocellen.com\/hu\/wp-json\/wp\/v2\/pages\/12555\/revisions\/14401"}],"up":[{"embeddable":true,"href":"https:\/\/trocellen.com\/hu\/wp-json\/wp\/v2\/pages\/6779"}],"wp:attachment":[{"href":"https:\/\/trocellen.com\/hu\/wp-json\/wp\/v2\/media?parent=12555"}],"curies":[{"name":"wp","href":"https:\/\/api.w.org\/{rel}","templated":true}]}}