{"id":11880,"date":"2025-07-30T08:33:10","date_gmt":"2025-07-30T08:33:10","guid":{"rendered":"https:\/\/trocellen-dev.local\/anyagok-es-technologiak\/quality\/"},"modified":"2026-02-19T14:38:01","modified_gmt":"2026-02-19T14:38:01","slug":"minoseg","status":"publish","type":"page","link":"https:\/\/trocellen.com\/hu\/anyagok-es-technologiak\/minoseg\/","title":{"rendered":"Min\u0151s\u00e9g"},"content":{"rendered":"\n<div class=\"group relative bg-gray-200 h-[24px] laptop:h-[64px]\" aria-hidden=\"true\"><\/div>\n\n\n<section class=\"col-content bg-gray-200 \">\n    <div class=\"container\">\n        <div class=\"general-content\">\n            \n            <div class=\"flex flex-col tablet:flex-col gap-small items-start\">\n                <div class=\"flex-1 w-full\">\n                    <p>Mintegy garanci\u00e1jak\u00e9nt annak, hogy tart\u00f3s \u00e9s kiv\u00e1l\u00f3 teljes\u00edtm\u00e9ny\u0171 term\u00e9keket \u00e9s szolg\u00e1ltat\u00e1sokat ny\u00fajt, a Trocellen k\u00fcl\u00f6nleges figyelmet ford\u00edt a min\u0151s\u00e9gbiztos\u00edt\u00e1sra. T\u00f6reksz\u00fcnk arra, hogy fel\u00fcgyelj\u00fck \u00e9s jav\u00edtsuk valamennyi gy\u00e1rt\u00e1si, menedzsment \u00e9s vev\u0151szolg\u00e1lati folyamatunkat. Elk\u00f6telezt\u00fck magunkat amellett, hogy folyamatosan fejlesztj\u00fck azon ter\u00fcleteket, amelyek befoly\u00e1ssal lehetnek term\u00e9keink \u00e9s szolg\u00e1ltat\u00e1saink teljes\u00edtm\u00e9ny\u00e9re illetve pozit\u00edvan hathatnak a partnereinkkel folytatott egy\u00fcttm\u0171k\u00f6d\u00e9sre csak\u00fagy mint \u00fcgyfeleink megel\u00e9ged\u00e9s\u00e9re. Valamennyi tev\u00e9kenys\u00e9g\u00fcnk k\u00f6z\u00e9ppontj\u00e1ban \u00fcgyfeleink \u00e1llnak. Ahhoz, hogy kiel\u00e9g\u00edts\u00fck elv\u00e1r\u00e1saikat \u00fcgyf\u00e9l-el\u00e9gedetts\u00e9gi felm\u00e9r\u00e9seket v\u00e9gz\u00fcnk, mik\u00f6zben koll\u00e9g\u00e1inkat \u00e9s partnereinket is arra b\u00edztatjuk, hogy ny\u00edlt \u00e9s \u0151szinte p\u00e1rbesz\u00e9det tartsanak fenn egym\u00e1s k\u00f6z\u00f6tt.<\/p>\n<p>Az al\u00e1bbiakban k\u00f6zreadjuk azokat a tan\u00fas\u00edtv\u00e1nyokat, amelyekkel az egyes Trocellen gy\u00e1regys\u00e9gek rendelkeznek. A dokumentumok megtekint\u00e9s\u00e9hez kattintson a linkre.<\/p>\n                <\/div>\n\n                <div class=\"flex-1\">\n                                    <\/div>\n            <\/div>\n\n        <\/div>\n    <\/div>\n<\/section>\n\n\n<div class=\"group relative bg-gray-200 h-[24px] laptop:h-[64px]\" aria-hidden=\"true\"><\/div>\n\n\n<div class=\"group relative bg-white h-[24px] laptop:h-[64px]\" aria-hidden=\"true\"><\/div>\n\n\n<section class=\"col-content bg-white \">\n    <div class=\"container\">\n        <div class=\"general-content\">\n            \n            <div class=\"flex flex-col tablet:flex-row gap-small items-start\">\n                <div class=\"flex-1 \">\n                    <h2>ISCC PLUS certificate<\/h2>\n                <\/div>\n\n                <div class=\"flex-1\">\n                    <p><a class=\"downloadable\" href=\"https:\/\/trocellen.com\/wp-content\/uploads\/2025\/05\/ISCC_PLUS_certificate_3070_TROCELLEN-p1.pdf\">Trocellen Italia SpA &#8211; Italy, Caponago plant 1\u2028International Sustainability and Carbon Certification (English)<\/a><\/p>\n<p><a class=\"downloadable\" href=\"https:\/\/trocellen.com\/wp-content\/uploads\/2025\/05\/ISCC_PLUS_certificate_3071_TROCELLEN-p2.pdf\">Trocellen Italia SpA Italy, Caponago plant 2 International Sustainability and Carbon Certification (English)<\/a><\/p>\n<p><a class=\"downloadable\" href=\"https:\/\/trocellen.com\/wp-content\/uploads\/2025\/05\/ISCC_PLUS_certificate_2125.pdf\">Trocellen Italia SpA Italy, Volpago plant International Sustainability and Carbon Certification (English)<\/a><\/p>\n<p><a class=\"downloadable\" href=\"#\">Trocellen GmbH Germany ISCC Plus Certificate English<\/a><\/p>\n<p><a class=\"downloadable\" href=\"https:\/\/trocellen.com\/wp-content\/uploads\/2025\/05\/ISCC-PLUS-Cert-DE100-13733122.pdf\">Polifoam Kft. Hungary ISCC Plus Certificate English<\/a><\/p>\n                <\/div>\n            <\/div>\n\n        <\/div>\n    <\/div>\n<\/section>\n\n\n<div class=\"group relative bg-white h-[24px] laptop:h-[64px]\" aria-hidden=\"true\"><\/div>\n\n\n<div class=\"group relative bg-white h-[24px] laptop:h-[64px]\" aria-hidden=\"true\"><\/div>\n\n\n<section class=\"col-content bg-white \">\n    <div class=\"container\">\n        <div class=\"general-content\">\n            \n            <div class=\"flex flex-col tablet:flex-row gap-small items-start\">\n                <div class=\"flex-1 \">\n                    <h2>ISO 45001<\/h2>\n                <\/div>\n\n                <div class=\"flex-1\">\n                    <p><a class=\"downloadable\" href=\"https:\/\/trocellen.com\/wp-content\/uploads\/2026\/02\/TCI-ISO-45001-IIP-202510.pdf\">Trocellen Italia SpA Italy Occupational Health and Safety Management Systems (Italian)<\/a><\/p>\n<p><a class=\"downloadable\" href=\"https:\/\/trocellen.com\/wp-content\/uploads\/2026\/02\/TCI-ISO-45001-IQNET-20251115.pdf\">Trocellen Italia SpA Italy Occupational Health and Safety Management Systems (English)<\/a><\/p>\n<p><a class=\"downloadable\" href=\"https:\/\/trocellen.com\/wp-content\/uploads\/2025\/05\/Seal-of-Approval_Systematic-safety_Trocellen-GmbH_2023_eng.pdf\">Trocellen GmbH Germany ILO-OSH 2001 certificate (Guidelines on occupational safety and health management system), aligned with ISO 45001:2018 Safety Certification System (English)<\/a><\/p>\n<p><a class=\"downloadable\" href=\"https:\/\/trocellen.com\/wp-content\/uploads\/2025\/05\/Seal-of-Approval_Systematic-safety_Trocellen-GmbH_2023_ge.pdf\">Trocellen GmbH Germany ILO-OSH 2001 certificate (Guidelines on occupational safety and health management system), aligned with ISO 45001:2018 Safety Certification System (German)<\/a><\/p>\n<p><a class=\"downloadable\" href=\"https:\/\/trocellen.com\/wp-content\/uploads\/2025\/05\/01_213_2224077_Main_EN.pdf\">Polifoam Kft. Hungary ISO 45001:2018 (English)<\/a><\/p>\n<p><a class=\"downloadable\" href=\"https:\/\/trocellen.com\/wp-content\/uploads\/2025\/05\/01_213_2224077_Main_HU.pdf\">Polifoam Kft. Hungary ISO 45001:2018 (Hungarian)<\/a><\/p>\n<p><a class=\"downloadable\" href=\"https:\/\/trocellen.com\/wp-content\/uploads\/2026\/01\/Trocellen-Certificate-ISO45001-CA-24-UKAS-HO.pdf\">Trocellen S.E.A ISO 45001:2018<\/a><\/p>\n<p><a class=\"downloadable\" href=\"https:\/\/trocellen.com\/wp-content\/uploads\/2026\/01\/Trocellen-Certificate-ISO45001-CA-24-UKAS-Site-1.pdf\">Trocellen S.E.A ISO 45001:2018<\/a><\/p>\n<p><a class=\"downloadable\" href=\"https:\/\/trocellen.com\/wp-content\/uploads\/2026\/01\/Trocellen-Certificate-ISO45001-CA-24-UKAS-Site-2.pdf\">Trocellen S.E.A ISO 45001:2018<\/a><\/p>\n                <\/div>\n            <\/div>\n\n        <\/div>\n    <\/div>\n<\/section>\n\n\n<div class=\"group relative bg-white h-[24px] laptop:h-[64px]\" aria-hidden=\"true\"><\/div>\n\n\n<div class=\"group relative bg-white h-[24px] laptop:h-[64px]\" aria-hidden=\"true\"><\/div>\n\n\n<section class=\"col-content bg-white \">\n    <div class=\"container\">\n        <div class=\"general-content\">\n            \n            <div class=\"flex flex-col tablet:flex-row gap-small items-start\">\n                <div class=\"flex-1 \">\n                    <h2>ISO 9001<\/h2>\n                <\/div>\n\n                <div class=\"flex-1\">\n                    <p><a class=\"downloadable\" href=\"https:\/\/trocellen.com\/wp-content\/uploads\/2025\/12\/003604-TROCELLEN-GmbH-CERTIFICATE-Englisch-2025-11-04-QM15.pdf\">Trocellen GmbH Germany ISO 9001 \u2013 QM15 (English)<\/a><\/p>\n<p><a class=\"downloadable\" href=\"https:\/\/trocellen.com\/wp-content\/uploads\/2025\/12\/003604-TROCELLEN-GmbH-CERTIFICATE-IQNET-2025-11-04-QM15.pdf\">Trocellen GmbH Germany ISO 9001 \u2013 IQNET (English)<\/a><\/p>\n<p><a class=\"downloadable\" href=\"https:\/\/trocellen.com\/wp-content\/uploads\/2025\/12\/003604-TROCELLEN-GmbH-CERTIFICATE-Deutsch-2025-11-04-QM15.pdf\">Trocellen GmbH Germany ISO 9001 \u2013 QM15 (German)<\/a><\/p>\n<p><a class=\"downloadable\" href=\"https:\/\/trocellen.com\/wp-content\/uploads\/2025\/05\/CERT_0.04.18022-TROCELLEN-IBERICA-S.A.-.pdf\">Trocellen Iberica Spain ISO 9001 (Spanish-English-French)<\/a><\/p>\n<p><a class=\"downloadable\" href=\"https:\/\/trocellen.com\/wp-content\/uploads\/2025\/05\/Certificato-SQ-UNI-EN-ISO-9001-2015-128-TROCELLEN-ITALIA-SPA-combined.pdf\">Trocellen Italia SpA Italy ISO 9001 (Italian-English)<\/a><\/p>\n<p><a class=\"downloadable\" href=\"https:\/\/trocellen.com\/wp-content\/uploads\/2025\/05\/ISO-9001-2015-certificate_2020-2023.pdf\">Trocellen S.E.A. Malaysia ISO 9001 (English)<\/a><\/p>\n<p><a class=\"downloadable\" href=\"https:\/\/trocellen.com\/wp-content\/uploads\/2025\/05\/Polifoam_01_100_1724227_Main_EN.pdf\">Polifoam Kft. Hungary ISO 9001 \u2013 (QMS English)<\/a><\/p>\n<p><a class=\"downloadable\" href=\"https:\/\/trocellen.com\/wp-content\/uploads\/2025\/05\/Polifoam_01_100_1724227_Main_HU.pdf\">Polifoam Kft. Hungary ISO 9001 \u2013 (QMS Hungarian)<\/a><\/p>\n                <\/div>\n            <\/div>\n\n        <\/div>\n    <\/div>\n<\/section>\n\n\n<div class=\"group relative bg-white h-[24px] laptop:h-[64px]\" aria-hidden=\"true\"><\/div>\n\n\n<div class=\"group relative bg-white h-[24px] laptop:h-[64px]\" aria-hidden=\"true\"><\/div>\n\n\n<section class=\"col-content bg-white \">\n    <div class=\"container\">\n        <div class=\"general-content\">\n            \n            <div class=\"flex flex-col tablet:flex-row gap-small items-start\">\n                <div class=\"flex-1 \">\n                    <h2>ISO 50001<\/h2>\n                <\/div>\n\n                <div class=\"flex-1\">\n                    <p><a class=\"downloadable\" href=\"https:\/\/trocellen.com\/wp-content\/uploads\/2025\/05\/003604-TROCELLEN-GmbH-CERTIFICATE-Englisch-2023-12-30-EMSt21.pdf\">Trocellen GmbH Germany ISO 50001 \u2013 EMST (English)<\/a><\/p>\n<p><a class=\"downloadable\" href=\"https:\/\/trocellen.com\/wp-content\/uploads\/2025\/05\/Certificato-UNI-CEI-EN-ISO-50001-2018-3-TROCELLEN-ITALIA-SPA.pdf\">Trocellen Italia spa Italy ISO 50001:2018 IIP (Italian-English)<\/a><\/p>\n<p><a class=\"downloadable\" href=\"https:\/\/trocellen.com\/wp-content\/uploads\/2025\/05\/IQNET.pdf\">Trocellen Italia spa Italy ISO 50001:2018 IQNET (English)<\/a><\/p>\n<p><a class=\"downloadable\" href=\"https:\/\/trocellen.com\/wp-content\/uploads\/2025\/05\/01_407_1624109_Main_EN.pdf\">Polifoam Kft. Hungary ISO 50001 (English)<\/a><\/p>\n<p><a class=\"downloadable\" href=\"https:\/\/trocellen.com\/wp-content\/uploads\/2025\/05\/01_407_1624109_Main_HU.pdf\">Polifoam Kft. Hungary ISO 50001 (Hungarian)<\/a><\/p>\n                <\/div>\n            <\/div>\n\n        <\/div>\n    <\/div>\n<\/section>\n\n\n<div class=\"group relative bg-white h-[24px] laptop:h-[64px]\" aria-hidden=\"true\"><\/div>\n\n\n<div class=\"group relative bg-white h-[24px] laptop:h-[64px]\" aria-hidden=\"true\"><\/div>\n\n\n<section class=\"col-content bg-white \">\n    <div class=\"container\">\n        <div class=\"general-content\">\n            \n            <div class=\"flex flex-col tablet:flex-row gap-small items-start\">\n                <div class=\"flex-1 \">\n                    <h2>ISO 14001<\/h2>\n                <\/div>\n\n                <div class=\"flex-1\">\n                    <p><a class=\"downloadable\" href=\"https:\/\/trocellen.com\/wp-content\/uploads\/2025\/05\/TROCELLEN-GmbH-CERTIFICATE-ISO-14001.pdf\">Trocellen GmbH Germany ISO 14001 : 2015 (English)<\/a><\/p>\n<p><a class=\"downloadable\" href=\"https:\/\/trocellen.com\/wp-content\/uploads\/2025\/05\/Certificato-SQ-UNI-EN-ISO-14001-2015-230-TROCELLEN-ITALIA-SPA.pdf\">Trocellen Italia SpA. Italy ISO 14001:2015 IIP (Italian)<\/a><\/p>\n<p><a class=\"downloadable\" href=\"https:\/\/trocellen.com\/wp-content\/uploads\/2025\/05\/Sistemi-Certificato-IQNET-58793.pdf\">Trocellen Italia SpA. Italy ISO 14001:2015 IQNET (Italian)<\/a><\/p>\n<p><a class=\"downloadable\" href=\"https:\/\/trocellen.com\/wp-content\/uploads\/2025\/05\/01_104_1724069_Main_EN.pdf\">Polifoam Kft. Hungary ISO 14001 (English)<\/a><\/p>\n<p><a class=\"downloadable\" href=\"https:\/\/trocellen.com\/wp-content\/uploads\/2025\/05\/01_104_1724069_Main_HU.pdf\">Polifoam Kft. Hungary ISO 14001 (Hungarian)<\/a><\/p>\n                <\/div>\n            <\/div>\n\n        <\/div>\n    <\/div>\n<\/section>\n\n\n<div class=\"group relative bg-white h-[24px] laptop:h-[64px]\" aria-hidden=\"true\"><\/div>\n\n\n<div class=\"group relative bg-white h-[24px] laptop:h-[64px]\" aria-hidden=\"true\"><\/div>\n\n\n<section class=\"col-content bg-white \">\n    <div class=\"container\">\n        <div class=\"general-content\">\n            \n            <div class=\"flex flex-col tablet:flex-row gap-small items-start\">\n                <div class=\"flex-1 \">\n                    <h2>HSEQ Integrated Politics<\/h2>\n                <\/div>\n\n                <div class=\"flex-1\">\n                    <p><a class=\"downloadable\" href=\"https:\/\/trocellen.com\/wp-content\/uploads\/2025\/12\/Allegato-2_MI_Politica-Integrata_2025_EN_signed.pdf\">Trocellen Italia (English)<\/a><\/p>\n<p><a class=\"downloadable\" href=\"https:\/\/trocellen.com\/wp-content\/uploads\/2025\/12\/Allegato-2_MI_Politica-Integrata_2025_IT_signed.pdf\">Trocellen Italia (Italian)<\/a><\/p>\n                <\/div>\n            <\/div>\n\n        <\/div>\n    <\/div>\n<\/section>\n\n\n<div class=\"group relative bg-white h-[24px] laptop:h-[64px]\" aria-hidden=\"true\"><\/div>\n\n\n<div class=\"group relative bg-white h-[24px] laptop:h-[64px]\" aria-hidden=\"true\"><\/div>\n\n\n<section class=\"col-content bg-white \">\n    <div class=\"container\">\n        <div class=\"general-content\">\n            \n            <div class=\"flex flex-col tablet:flex-row gap-small items-start\">\n                <div class=\"flex-1 \">\n                    <h2>\u00d6KO-TEX<\/h2>\n                <\/div>\n\n                <div class=\"flex-1\">\n                    <p><a class=\"downloadable\" href=\"https:\/\/trocellen.com\/wp-content\/uploads\/2025\/05\/OKOTEX-STeP-CERTIFICATION-2021.pdf\">Polifoam Kft. Hungary \u00d6KO-TEX-STEP (English)<\/a><\/p>\n                <\/div>\n            <\/div>\n\n        <\/div>\n    <\/div>\n<\/section>\n\n\n<div class=\"group relative bg-white h-[24px] laptop:h-[64px]\" aria-hidden=\"true\"><\/div>","protected":false},"excerpt":{"rendered":"","protected":false},"author":1,"featured_media":0,"parent":7418,"menu_order":0,"comment_status":"closed","ping_status":"closed","template":"template-parts\/page-general.php","meta":{"_acf_changed":false,"footnotes":""},"class_list":["post-11880","page","type-page","status-publish","hentry"],"acf":[],"yoast_head":"<!-- This site is optimized with the Yoast SEO plugin v25.9 - https:\/\/yoast.com\/wordpress\/plugins\/seo\/ -->\n<title>Min\u0151s\u00e9g - Trocellen, the European polyolefin foam solution provider<\/title>\n<meta name=\"robots\" content=\"index, follow, max-snippet:-1, max-image-preview:large, max-video-preview:-1\" \/>\n<link rel=\"canonical\" href=\"https:\/\/trocellen.com\/hu\/anyagok-es-technologiak\/minoseg\/\" \/>\n<meta property=\"og:locale\" content=\"hu_HU\" \/>\n<meta property=\"og:type\" content=\"article\" \/>\n<meta property=\"og:title\" content=\"Min\u0151s\u00e9g - Trocellen, the European polyolefin foam solution provider\" \/>\n<meta property=\"og:url\" content=\"https:\/\/trocellen.com\/hu\/anyagok-es-technologiak\/minoseg\/\" \/>\n<meta property=\"og:site_name\" content=\"Trocellen, the European polyolefin foam solution provider\" \/>\n<meta property=\"article:modified_time\" content=\"2026-02-19T14:38:01+00:00\" \/>\n<meta name=\"twitter:card\" content=\"summary_large_image\" \/>\n<script type=\"application\/ld+json\" class=\"yoast-schema-graph\">{\"@context\":\"https:\/\/schema.org\",\"@graph\":[{\"@type\":\"WebPage\",\"@id\":\"https:\/\/trocellen.com\/hu\/anyagok-es-technologiak\/minoseg\/\",\"url\":\"https:\/\/trocellen.com\/hu\/anyagok-es-technologiak\/minoseg\/\",\"name\":\"Min\u0151s\u00e9g - Trocellen, the European polyolefin foam solution provider\",\"isPartOf\":{\"@id\":\"https:\/\/trocellen.com\/#website\"},\"datePublished\":\"2025-07-30T08:33:10+00:00\",\"dateModified\":\"2026-02-19T14:38:01+00:00\",\"breadcrumb\":{\"@id\":\"https:\/\/trocellen.com\/hu\/anyagok-es-technologiak\/minoseg\/#breadcrumb\"},\"inLanguage\":\"hu\",\"potentialAction\":[{\"@type\":\"ReadAction\",\"target\":[\"https:\/\/trocellen.com\/hu\/anyagok-es-technologiak\/minoseg\/\"]}]},{\"@type\":\"BreadcrumbList\",\"@id\":\"https:\/\/trocellen.com\/hu\/anyagok-es-technologiak\/minoseg\/#breadcrumb\",\"itemListElement\":[{\"@type\":\"ListItem\",\"position\":1,\"name\":\"Home\",\"item\":\"https:\/\/trocellen.com\/hu\/\"},{\"@type\":\"ListItem\",\"position\":2,\"name\":\"Min\u0151s\u00e9g\"}]},{\"@type\":\"WebSite\",\"@id\":\"https:\/\/trocellen.com\/#website\",\"url\":\"https:\/\/trocellen.com\/\",\"name\":\"Trocellen, the European polyolefin foam solution provider\",\"description\":\"TROCELLEN\u00ae is a leading manufacturer of chemically and physically cross-linked polyolefin and rubber foam solutions\",\"potentialAction\":[{\"@type\":\"SearchAction\",\"target\":{\"@type\":\"EntryPoint\",\"urlTemplate\":\"https:\/\/trocellen.com\/?s={search_term_string}\"},\"query-input\":{\"@type\":\"PropertyValueSpecification\",\"valueRequired\":true,\"valueName\":\"search_term_string\"}}],\"inLanguage\":\"hu\"}]}<\/script>\n<!-- \/ Yoast SEO plugin. -->","yoast_head_json":{"title":"Min\u0151s\u00e9g - Trocellen, the European polyolefin foam solution provider","robots":{"index":"index","follow":"follow","max-snippet":"max-snippet:-1","max-image-preview":"max-image-preview:large","max-video-preview":"max-video-preview:-1"},"canonical":"https:\/\/trocellen.com\/hu\/anyagok-es-technologiak\/minoseg\/","og_locale":"hu_HU","og_type":"article","og_title":"Min\u0151s\u00e9g - Trocellen, the European polyolefin foam solution provider","og_url":"https:\/\/trocellen.com\/hu\/anyagok-es-technologiak\/minoseg\/","og_site_name":"Trocellen, the European polyolefin foam solution provider","article_modified_time":"2026-02-19T14:38:01+00:00","twitter_card":"summary_large_image","schema":{"@context":"https:\/\/schema.org","@graph":[{"@type":"WebPage","@id":"https:\/\/trocellen.com\/hu\/anyagok-es-technologiak\/minoseg\/","url":"https:\/\/trocellen.com\/hu\/anyagok-es-technologiak\/minoseg\/","name":"Min\u0151s\u00e9g - Trocellen, the European polyolefin foam solution provider","isPartOf":{"@id":"https:\/\/trocellen.com\/#website"},"datePublished":"2025-07-30T08:33:10+00:00","dateModified":"2026-02-19T14:38:01+00:00","breadcrumb":{"@id":"https:\/\/trocellen.com\/hu\/anyagok-es-technologiak\/minoseg\/#breadcrumb"},"inLanguage":"hu","potentialAction":[{"@type":"ReadAction","target":["https:\/\/trocellen.com\/hu\/anyagok-es-technologiak\/minoseg\/"]}]},{"@type":"BreadcrumbList","@id":"https:\/\/trocellen.com\/hu\/anyagok-es-technologiak\/minoseg\/#breadcrumb","itemListElement":[{"@type":"ListItem","position":1,"name":"Home","item":"https:\/\/trocellen.com\/hu\/"},{"@type":"ListItem","position":2,"name":"Min\u0151s\u00e9g"}]},{"@type":"WebSite","@id":"https:\/\/trocellen.com\/#website","url":"https:\/\/trocellen.com\/","name":"Trocellen, the European polyolefin foam solution provider","description":"TROCELLEN\u00ae is a leading manufacturer of chemically and physically cross-linked polyolefin and rubber foam solutions","potentialAction":[{"@type":"SearchAction","target":{"@type":"EntryPoint","urlTemplate":"https:\/\/trocellen.com\/?s={search_term_string}"},"query-input":{"@type":"PropertyValueSpecification","valueRequired":true,"valueName":"search_term_string"}}],"inLanguage":"hu"}]}},"_links":{"self":[{"href":"https:\/\/trocellen.com\/hu\/wp-json\/wp\/v2\/pages\/11880","targetHints":{"allow":["GET"]}}],"collection":[{"href":"https:\/\/trocellen.com\/hu\/wp-json\/wp\/v2\/pages"}],"about":[{"href":"https:\/\/trocellen.com\/hu\/wp-json\/wp\/v2\/types\/page"}],"author":[{"embeddable":true,"href":"https:\/\/trocellen.com\/hu\/wp-json\/wp\/v2\/users\/1"}],"replies":[{"embeddable":true,"href":"https:\/\/trocellen.com\/hu\/wp-json\/wp\/v2\/comments?post=11880"}],"version-history":[{"count":5,"href":"https:\/\/trocellen.com\/hu\/wp-json\/wp\/v2\/pages\/11880\/revisions"}],"predecessor-version":[{"id":15854,"href":"https:\/\/trocellen.com\/hu\/wp-json\/wp\/v2\/pages\/11880\/revisions\/15854"}],"up":[{"embeddable":true,"href":"https:\/\/trocellen.com\/hu\/wp-json\/wp\/v2\/pages\/7418"}],"wp:attachment":[{"href":"https:\/\/trocellen.com\/hu\/wp-json\/wp\/v2\/media?parent=11880"}],"curies":[{"name":"wp","href":"https:\/\/api.w.org\/{rel}","templated":true}]}}