{"id":7649,"date":"2025-05-16T10:36:51","date_gmt":"2025-05-16T10:36:51","guid":{"rendered":"https:\/\/trocellen-dev.local\/cookies\/"},"modified":"2025-09-15T08:58:08","modified_gmt":"2025-09-15T08:58:08","slug":"cookie-policy","status":"publish","type":"page","link":"https:\/\/trocellen.com\/fr\/cookie-policy\/","title":{"rendered":"Politique concernant les cookies"},"content":{"rendered":"\n<section class=\"col-content bg-gray-200 \">\n    <div class=\"container\">\n        <div class=\"general-content\">\n            \n            <div class=\"flex flex-col tablet:flex-col gap-small items-start\">\n                <div class=\"flex-1 w-full\">\n                    <p><!-- wp:paragraph --><\/p>\n<p>Le site web trocellen.com (et les sous-domaines des unit\u00e9s commerciales\u00a0: insulation.trocellen.com, automotive.trocellen.com, adhesive-tapes.trocellen.com, sport-home-leisure.trocellen.com, footwear.trocellen.com, packaging.trocellen.com, progame-shockpads.com, progame-tatami. com, polifoam.hu, tctoday.com, tcinnolab.com, tcinnolab.hu, smrt-lab.com, smrtmug.com, smrtracket.com, smrtyoga.com, tctoday.com, wellstep.eu, ci-apr\u00e8s d\u00e9nomm\u00e9s \u00ab site web \u00bb) utilise des cookies et des technologies similaires pour analyser le comportement g\u00e9n\u00e9ral des utilisateurs ou les enqu\u00eates statiques. Cela nous permet de vous fournir, en tant qu\u2019utilisateurs de ce site web, des services plus conviviaux et d\u2019optimiser les informations et les offres sur notre site web dans l\u2019int\u00e9r\u00eat de l\u2019utilisateur. Les informations utilis\u00e9es dans ce contexte sont<\/p>\n<ul class=\"wp-block-list\" type=\"a\">\n<li>votre adresse de protocole Internet (adresse IP)<\/li>\n<li>l\u2019identifiant de l\u2019utilisateur et l\u2019identifiant de l\u2019appareil<\/li>\n<li>date et heure d\u2019acc\u00e8s \u00e0 notre site web<\/li>\n<li>dur\u00e9e de la visite sur notre site web<\/li>\n<li>liens cliqu\u00e9s vers d\u2019autres sites web<\/li>\n<li>Informations sur le syst\u00e8me d\u2019exploitation, le type de navigateur, la version du navigateur, la langue du navigateur, le type d\u2019appareil<\/li>\n<li>la localisation (approximative)<\/li>\n<\/ul>\n<p>Vous trouverez ci-dessous de plus amples informations sur les cookies et les technologies similaires et sur la mani\u00e8re dont ils sont utilis\u00e9s sur le site web.<\/p>\n<h3>1. QUE SONT LES COOKIES ET LES TECHNOLOGIES SIMILAIRES ?<\/h3>\n<p>Les cookies sont de petits fichiers texte qui sont envoy\u00e9s \u00e0 l\u2019appareil final (PC, tablette, etc.) lors de la visite d\u2019un site web. Lors de votre prochaine visite sur ce site web, le cookie est soit renvoy\u00e9 au site web qui l\u2019a cr\u00e9\u00e9, soit envoy\u00e9 \u00e0 un autre site web capable de reconna\u00eetre ce cookie particulier. Les cookies servent de m\u00e9moire \u00e0 un site web et lui permettent de reconna\u00eetre votre appareil final chaque fois que vous visitez \u00e0 nouveau le site web. Les cookies vous permettent \u00e9galement de sauvegarder les param\u00e8tres de votre navigateur et d\u2019am\u00e9liorer la convivialit\u00e9 du site web en personnalisant son contenu. En outre, nous pouvons \u00e9galement utiliser des technologies similaires, telles que le stockage local, les empreintes digitales, les pixels et les balises web. Pour en savoir plus sur les cookies, y compris sur les cookies qui ont \u00e9t\u00e9 install\u00e9s sur votre appareil et sur la mani\u00e8re dont vous pouvez les g\u00e9rer et les supprimer, veuillez consulter le lien suivant : www.aboutcookies.org.<\/p>\n<h3>2. CAT\u00c9GORIES DE COOKIES ET DE TECHNOLOGIES SIMILAIRES<\/h3>\n<p>Nous distinguons les cat\u00e9gories suivantes de cookies et le traitement des donn\u00e9es qui y est associ\u00e9 :<\/p>\n<p><strong>Les cookies strictement n\u00e9cessaires<\/strong><\/p>\n<p>Les cookies strictement n\u00e9cessaires permettent d\u2019assurer des fonctions essentielles du site web, telles que la connexion des utilisateurs et la gestion des comptes. Il s\u2019agit essentiellement de cookies qui sont supprim\u00e9s \u00e0 la fin de votre visite sur le site web, au plus tard lorsque vous fermez votre navigateur. Le site web ne peut pas \u00eatre utilis\u00e9 correctement sans les cookies strictement n\u00e9cessaires. En cons\u00e9quence, vous ne pouvez pas d\u00e9s\u00e9lectionner ces cookies si vous souhaitez utiliser notre site web. Une liste des cookies techniques est \u00e9galement disponible \u00e0 l\u2019adresse https:\/\/codex.wordpress.org\/WordPress_Cookies. La base juridique du traitement des donn\u00e9es \u00e0 caract\u00e8re personnel est l\u2019article\u00a0<a href=\"https:\/\/beck-online.beck.de\/?typ=reference&amp;y=100&amp;g=EWG_DSGVO&amp;a=6\">6<\/a>\u00a0paragraphe\u00a0<a href=\"https:\/\/beck-online.beck.de\/?typ=reference&amp;y=100&amp;g=EWG_DSGVO&amp;a=6&amp;x=1\">1<\/a>\u00a0phrase 1 lit. f du GDPR. L\u2019acc\u00e8s aux informations et leur stockage dans l\u2019appareil final sont fond\u00e9s sur l\u2019article 25, paragraphe 2, de la TTDSG.<\/p>\n<p><strong>Les cookies de performance<\/strong><\/p>\n<p>Les cookies de performance collectent des informations sur la mani\u00e8re dont les visiteurs utilisent un site web, par exemple les cookies d\u2019analyse. Ces cookies ne peuvent pas \u00eatre utilis\u00e9s pour identifier directement un visiteur sp\u00e9cifique. Nous n\u2019utilisons ces cookies qu\u2019avec votre consentement. Le traitement des donn\u00e9es personnelles est bas\u00e9 sur l\u2019article 6 paragraphe 1 lit. a du GDPR. L\u2019acc\u00e8s aux informations et leur stockage dans l\u2019appareil final sont fond\u00e9s sur l\u2019article 25, paragraphe 1, de la TTDSG. Le consentement peut \u00eatre r\u00e9voqu\u00e9 \u00e0 tout moment avec un effet pour toutes interactions futures.<\/p>\n<p><strong>Les cookies fonctionnels<\/strong><\/p>\n<p>Les cookies fonctionnels sont utilis\u00e9s pour stocker des informations sur les visiteurs du site web, par exemple la langue, le fuseau horaire, le contenu \u00e9tendu. Nous n\u2019utilisons ces cookies qu\u2019avec votre consentement. Le traitement des donn\u00e9es personnelles est bas\u00e9 sur l\u2019article 6 paragraphe 1 lit. a du GDPR. L\u2019acc\u00e8s aux informations et leur stockage dans l\u2019appareil final sont fond\u00e9s sur l\u2019article 25, paragraphe 1, de la TTDSG, et les lois de mise en \u0153uvre de la directive europ\u00e9enne sur la vie priv\u00e9e et les communications \u00e9lectroniques en Allemagne. Le consentement peut \u00eatre r\u00e9voqu\u00e9 \u00e0 tout moment avec un effet pour toutes interactions futures.<\/p>\n<p><strong>Technologies similaires<\/strong><\/p>\n<p>Certaines fonctions ne sont pas bas\u00e9es sur des cookies, mais sur des m\u00e9canismes techniques similaires, tels que le stockage local, les empreintes digitales, les pixels, les balises web, les cookies Flash et les objets HTML5. Le r\u00e9sultat est comparable \u00e0 l\u2019utilisation de cookies et peut donc \u00e9galement \u00eatre class\u00e9 dans les cat\u00e9gories susmentionn\u00e9es. Dans ce cas \u00e9galement, vous pouvez bien entendu donner votre accord ou vous y opposer.<\/p>\n<h3>3. UTILISATION DE COOKIES ET DE TECHNOLOGIES SIMILAIRES<\/h3>\n<p>Ce site web utilise les cookies suivants mis en place par des fournisseurs tiers<\/p>\n<ul class=\"wp-block-list\">\n<li>Google<\/li>\n<li>Facebook<\/li>\n<li>Twitter<\/li>\n<li>Linkedin<\/li>\n<li>YouTube<\/li>\n<\/ul>\n<p>Le site web utilise des outils qui limitent l\u2019identification par les cookies, notamment \u00ab\u00a0gat._anonymizelp ()\u00a0;\u00a0\u00bb, pour garantir l\u2019anonymisation des adresses IP (ce que l\u2019on appelle le \u00ab\u00a0masquage IP\u00a0\u00bb).<\/p>\n<h3>4. GESTION DU CONSENTEMENT ET D\u00c9SACTIVATION DES COOKIES<\/h3>\n<p>Vous trouverez des informations sur les diff\u00e9rents cookies ou technologies similaires via notre banni\u00e8re de consentement. Gr\u00e2ce \u00e0 cet outil, nous pouvons obtenir votre consentement ou vous pouvez g\u00e9rer et retirer votre consentement.\u00a0 Vous pouvez acc\u00e9der \u00e0 notre banni\u00e8re de consentement via le lien \u00ab\u00a0Param\u00e8tres des cookies\u00a0\u00bb au bas du site web. Le consentement ou le refus peut \u00eatre document\u00e9 par la mise en place d\u2019un cookie. Le traitement associ\u00e9 \u00e0 des donn\u00e9es \u00e0 caract\u00e8re personnel a lieu sur la base de l\u2019article 6 paragraphe 1 lit. f du GDPR. L\u2019acc\u00e8s aux informations et leur stockage sur votre appareil final sont absolument n\u00e9cessaires. Cette op\u00e9ration s\u2019effectue sur la base des lois de mise en \u0153uvre de la directive \u00ab\u00a0vie priv\u00e9e et communications \u00e9lectroniques\u00a0\u00bb (ePrivacy Directive) des \u00c9tats membres de l\u2019UE, en Allemagne conform\u00e9ment \u00e0 l\u2019article 25, paragraphe 2, de la loi sur la protection des donn\u00e9es (TTDSG).<\/p>\n<p>Par ailleurs, vous pouvez emp\u00eacher l\u2019utilisation de cookies et vous opposer ainsi de mani\u00e8re permanente \u00e0 l\u2019installation de cookies. De plus, les cookies d\u00e9j\u00e0 install\u00e9s peuvent \u00eatre supprim\u00e9s \u00e0 tout moment par le biais d\u2019un navigateur ou d\u2019autres logiciels. Cela est possible avec tous les navigateurs courants. Nous vous invitons \u00e0 consulter les instructions fournies par le fournisseur de votre navigateur. Vous trouverez des instructions d\u00e9taill\u00e9es \u00e0 l\u2019adresse www.aboutcookies.org. Nous attirons votre attention sur le fait que le refus ou la d\u00e9sactivation des cookies peut entra\u00eener l\u2019impossibilit\u00e9 d\u2019utiliser certaines fonctions du site web.<\/p>\n<p>Pour plus d\u2019informations, veuillez consulter notre\u00a0<a href=\"https:\/\/trocellen.com\/fr\/privacy-statement\/\" target=\"_blank\" rel=\"noreferrer noopener\">Politique de confidentialit\u00e9<\/a>.<\/p>\n<p>La personne de contact : pour de plus amples informations sur cette politique en mati\u00e8re de cookies, veuillez envoyer un courriel \u00e0 marketing@trocellen.com. Vous pouvez \u00e9galement nous contacter par courrier \u00e0 Trocellen GmbH, Viktoria Csonka (adresse postale : M\u00fclheimer Stra\u00dfe 26 53840 Troisdorf) ou nous contacter au num\u00e9ro de t\u00e9l\u00e9phone suivant : +36 070 436 5722.<\/p>\n<p><!-- \/wp:paragraph --><\/p>\n                <\/div>\n\n                <div class=\"flex-1\">\n                                    <\/div>\n            <\/div>\n\n        <\/div>\n    <\/div>\n<\/section>\n\n\n<p><\/p>\n","protected":false},"excerpt":{"rendered":"","protected":false},"author":1,"featured_media":0,"parent":0,"menu_order":0,"comment_status":"closed","ping_status":"closed","template":"template-parts\/page-general.php","meta":{"_acf_changed":false,"footnotes":""},"class_list":["post-7649","page","type-page","status-publish","hentry"],"acf":[],"yoast_head":"<!-- This site is optimized with the Yoast SEO plugin v25.9 - https:\/\/yoast.com\/wordpress\/plugins\/seo\/ -->\n<title>Politique concernant les cookies - Trocellen, the European polyolefin foam solution provider<\/title>\n<meta name=\"robots\" content=\"index, follow, max-snippet:-1, max-image-preview:large, max-video-preview:-1\" \/>\n<link rel=\"canonical\" href=\"https:\/\/trocellen.com\/fr\/cookie-policy\/\" \/>\n<meta property=\"og:locale\" content=\"fr_FR\" \/>\n<meta property=\"og:type\" content=\"article\" \/>\n<meta property=\"og:title\" content=\"Politique concernant les cookies - Trocellen, the European polyolefin foam solution provider\" \/>\n<meta property=\"og:url\" content=\"https:\/\/trocellen.com\/fr\/cookie-policy\/\" \/>\n<meta property=\"og:site_name\" content=\"Trocellen, the European polyolefin foam solution provider\" \/>\n<meta property=\"article:modified_time\" content=\"2025-09-15T08:58:08+00:00\" \/>\n<meta name=\"twitter:card\" content=\"summary_large_image\" \/>\n<script type=\"application\/ld+json\" class=\"yoast-schema-graph\">{\"@context\":\"https:\/\/schema.org\",\"@graph\":[{\"@type\":\"WebPage\",\"@id\":\"https:\/\/trocellen.com\/fr\/cookie-policy\/\",\"url\":\"https:\/\/trocellen.com\/fr\/cookie-policy\/\",\"name\":\"Politique concernant les cookies - Trocellen, the European polyolefin foam solution provider\",\"isPartOf\":{\"@id\":\"https:\/\/trocellen.com\/#website\"},\"datePublished\":\"2025-05-16T10:36:51+00:00\",\"dateModified\":\"2025-09-15T08:58:08+00:00\",\"breadcrumb\":{\"@id\":\"https:\/\/trocellen.com\/fr\/cookie-policy\/#breadcrumb\"},\"inLanguage\":\"fr-FR\",\"potentialAction\":[{\"@type\":\"ReadAction\",\"target\":[\"https:\/\/trocellen.com\/fr\/cookie-policy\/\"]}]},{\"@type\":\"BreadcrumbList\",\"@id\":\"https:\/\/trocellen.com\/fr\/cookie-policy\/#breadcrumb\",\"itemListElement\":[{\"@type\":\"ListItem\",\"position\":1,\"name\":\"Home\",\"item\":\"https:\/\/trocellen.com\/fr\/\"},{\"@type\":\"ListItem\",\"position\":2,\"name\":\"Politique concernant les cookies\"}]},{\"@type\":\"WebSite\",\"@id\":\"https:\/\/trocellen.com\/#website\",\"url\":\"https:\/\/trocellen.com\/\",\"name\":\"Trocellen, the European polyolefin foam solution provider\",\"description\":\"TROCELLEN\u00ae is a leading manufacturer of chemically and physically cross-linked polyolefin and rubber foam solutions\",\"potentialAction\":[{\"@type\":\"SearchAction\",\"target\":{\"@type\":\"EntryPoint\",\"urlTemplate\":\"https:\/\/trocellen.com\/?s={search_term_string}\"},\"query-input\":{\"@type\":\"PropertyValueSpecification\",\"valueRequired\":true,\"valueName\":\"search_term_string\"}}],\"inLanguage\":\"fr-FR\"}]}<\/script>\n<!-- \/ Yoast SEO plugin. -->","yoast_head_json":{"title":"Politique concernant les cookies - Trocellen, the European polyolefin foam solution provider","robots":{"index":"index","follow":"follow","max-snippet":"max-snippet:-1","max-image-preview":"max-image-preview:large","max-video-preview":"max-video-preview:-1"},"canonical":"https:\/\/trocellen.com\/fr\/cookie-policy\/","og_locale":"fr_FR","og_type":"article","og_title":"Politique concernant les cookies - Trocellen, the European polyolefin foam solution provider","og_url":"https:\/\/trocellen.com\/fr\/cookie-policy\/","og_site_name":"Trocellen, the European polyolefin foam solution provider","article_modified_time":"2025-09-15T08:58:08+00:00","twitter_card":"summary_large_image","schema":{"@context":"https:\/\/schema.org","@graph":[{"@type":"WebPage","@id":"https:\/\/trocellen.com\/fr\/cookie-policy\/","url":"https:\/\/trocellen.com\/fr\/cookie-policy\/","name":"Politique concernant les cookies - Trocellen, the European polyolefin foam solution provider","isPartOf":{"@id":"https:\/\/trocellen.com\/#website"},"datePublished":"2025-05-16T10:36:51+00:00","dateModified":"2025-09-15T08:58:08+00:00","breadcrumb":{"@id":"https:\/\/trocellen.com\/fr\/cookie-policy\/#breadcrumb"},"inLanguage":"fr-FR","potentialAction":[{"@type":"ReadAction","target":["https:\/\/trocellen.com\/fr\/cookie-policy\/"]}]},{"@type":"BreadcrumbList","@id":"https:\/\/trocellen.com\/fr\/cookie-policy\/#breadcrumb","itemListElement":[{"@type":"ListItem","position":1,"name":"Home","item":"https:\/\/trocellen.com\/fr\/"},{"@type":"ListItem","position":2,"name":"Politique concernant les cookies"}]},{"@type":"WebSite","@id":"https:\/\/trocellen.com\/#website","url":"https:\/\/trocellen.com\/","name":"Trocellen, the European polyolefin foam solution provider","description":"TROCELLEN\u00ae is a leading manufacturer of chemically and physically cross-linked polyolefin and rubber foam solutions","potentialAction":[{"@type":"SearchAction","target":{"@type":"EntryPoint","urlTemplate":"https:\/\/trocellen.com\/?s={search_term_string}"},"query-input":{"@type":"PropertyValueSpecification","valueRequired":true,"valueName":"search_term_string"}}],"inLanguage":"fr-FR"}]}},"_links":{"self":[{"href":"https:\/\/trocellen.com\/fr\/wp-json\/wp\/v2\/pages\/7649","targetHints":{"allow":["GET"]}}],"collection":[{"href":"https:\/\/trocellen.com\/fr\/wp-json\/wp\/v2\/pages"}],"about":[{"href":"https:\/\/trocellen.com\/fr\/wp-json\/wp\/v2\/types\/page"}],"author":[{"embeddable":true,"href":"https:\/\/trocellen.com\/fr\/wp-json\/wp\/v2\/users\/1"}],"replies":[{"embeddable":true,"href":"https:\/\/trocellen.com\/fr\/wp-json\/wp\/v2\/comments?post=7649"}],"version-history":[{"count":5,"href":"https:\/\/trocellen.com\/fr\/wp-json\/wp\/v2\/pages\/7649\/revisions"}],"predecessor-version":[{"id":12296,"href":"https:\/\/trocellen.com\/fr\/wp-json\/wp\/v2\/pages\/7649\/revisions\/12296"}],"wp:attachment":[{"href":"https:\/\/trocellen.com\/fr\/wp-json\/wp\/v2\/media?parent=7649"}],"curies":[{"name":"wp","href":"https:\/\/api.w.org\/{rel}","templated":true}]}}