{"id":7511,"date":"2025-04-29T08:20:58","date_gmt":"2025-04-29T08:20:58","guid":{"rendered":"https:\/\/trocellen-dev.local\/durabilite\/ceo-message\/"},"modified":"2025-10-10T11:03:10","modified_gmt":"2025-10-10T11:03:10","slug":"message-du-pdg","status":"publish","type":"page","link":"https:\/\/trocellen.com\/fr\/durabilite\/message-du-pdg\/","title":{"rendered":"Message du PDG"},"content":{"rendered":"\n<div class=\"group relative bg-white h-[32px]\" aria-hidden=\"true\"><\/div>\n\n\n<section class=\"general-content text-[#131313]\">\n    <div class=\"container\">\n        <div>\n            <h3 class=\"text-center\">Construire un avenir durable \u2014 ensemble <\/h3>\n\n                    <\/div>\n    <\/div>\n<\/section>\n\n\n<div class=\"group relative bg-white h-[32px]\" aria-hidden=\"true\"><\/div>\n\n\n<div class=\"group relative bg-gray-200 h-[24px] laptop:h-[64px]\" aria-hidden=\"true\"><\/div>\n\n\n<section class=\"bg-gray-200\">\n    <div class=\"container\">\n        <div class=\"general-content\">\n            <div class=\"flex flex-col tablet:flex-row items-start gap-medPlus\">\n\n            <div class=\"flex flex-col gap-small w-[269px] shrink-0 max-w-full\">\n                <div class=\"h-[378px] rounded-tr-tr-100 overflow-hidden\">\n                    <img decoding=\"async\" src=\"https:\/\/trocellen.com\/wp-content\/uploads\/2025\/05\/ceo-image.png\" alt=\"\" class=\"w-full object-cover\">\n                <\/div>\n\n                <div class=\"general-content text-[#023157]\">\n                    <h2 class=\"!pb-0\">Oliver Cordt <\/h2>\n                    <span class=\"font-normal\">Directeur ex\u00e9cutif<\/span>\n                <\/div>\n            <\/div>\n\n            <div class=\"laptop:pr-[12.125rem]\">\n                <h3>Dans le monde actuel, <em>la durabilit\u00e9 <\/em>est d\u00e9j\u00e0 une valeur fondamentale, une responsabilit\u00e9 et un imp\u00e9ratif strat\u00e9gique. \u00c0 premi\u00e8re vue, elle peut sembler incompatible avec des objectifs commerciaux tels que la croissance, l&rsquo;efficacit\u00e9 et la rentabilit\u00e9. Mais est-ce vraiment le cas ?<\/h3>\n<h3>La r\u00e9ponse r\u00e9side dans la perspective.<\/h3>\n<p>\u00c0 court terme, le d\u00e9veloppement durable peut sembler difficile \u00e0 atteindre, car il n\u00e9cessite du temps, de l&rsquo;engagement et des ressources importantes. Il s&rsquo;agit d&rsquo;un processus de transformation, et non d&rsquo;une solution miracle. Cependant, lorsqu&rsquo;on l&rsquo;envisage \u00e0 long terme, la durabilit\u00e9 devient un puissant moteur de r\u00e9ussite durable. Elle renforce, et non affaiblit, les valeurs commerciales traditionnelles. Elle favorise l&rsquo;innovation, garantit les ressources futures et \u00e9tablit une confiance durable avec les parties prenantes.<\/p>\n<ul>\n<li>Car sans les personnes, il n&rsquo;y a pas d&rsquo;entreprise<\/li>\n<li>Car sans une plan\u00e8te viable, il n&rsquo;y a pas de raison d&rsquo;\u00eatre.<\/li>\n<li>Parce que sans vision d&rsquo;avenir, il n&rsquo;y a rien \u00e0 quoi aspirer.<\/li>\n<\/ul>\n<p>Chez Trocellen Group, nous avons toujours pens\u00e9 qu&rsquo;une entreprise responsable est une entreprise durable. Guid\u00e9s par la philosophie avant-gardiste de notre soci\u00e9t\u00e9 m\u00e8re japonaise, Furukawa Electric, nous nous engageons \u00e0 cr\u00e9er de la valeur \u00e0 long terme dans le respect des personnes et de la plan\u00e8te.<\/p>\n<p>Nous sommes inspir\u00e9s par la d\u00e9finition intemporelle de la Commission Brundtland :<\/p>\n<blockquote>\n<h4>Un d\u00e9veloppement qui r\u00e9pond aux besoins du pr\u00e9sent sans compromettre la capacit\u00e9 des g\u00e9n\u00e9rations futures \u00e0 r\u00e9pondre \u00e0 leurs propres besoins.<\/h4>\n<\/blockquote>\n<p>Ce principe est plus pertinent que jamais, face au changement climatique, \u00e0 la finitude des ressources et aux in\u00e9galit\u00e9s mondiales. Dans ce contexte complexe, la durabilit\u00e9 des entreprises n&rsquo;est pas une option, c&rsquo;est une n\u00e9cessit\u00e9.<\/p>\n<h3>Notre engagement en action<\/h3>\n<p>Pour transformer notre vision en r\u00e9alit\u00e9, nous avons int\u00e9gr\u00e9 la durabilit\u00e9 dans tous les aspects de nos activit\u00e9s :<\/p>\n<ul>\n<li>Concevoir pour la circularit\u00e9 : nous avons adopt\u00e9 les principes de l&rsquo;\u00e9coconception afin de garantir que nos produits s&rsquo;inscrivent dans une \u00e9conomie circulaire, en minimisant les d\u00e9chets et en optimisant l&rsquo;efficacit\u00e9 des ressources.<\/li>\n<li>Innover de mani\u00e8re responsable : nos \u00e9quipes de R&amp;amp;D se concentrent sur le d\u00e9veloppement de solutions et de technologies qui am\u00e9liorent les performances environnementales et r\u00e9duisent l&#8217;empreinte \u00e9cologique.<\/li>\n<li>Responsabilisation des personnes : nous repensons nos processus organisationnels afin de promouvoir le bien-\u00eatre, l&rsquo;inclusion et la r\u00e9ussite de nos coll\u00e8gues, de nos partenaires et de nos communaut\u00e9s.<\/li>\n<li>Mesurer les progr\u00e8s de mani\u00e8re transparente : nous suivons nos efforts en mati\u00e8re de d\u00e9veloppement durable \u00e0 l&rsquo;aide des derni\u00e8res m\u00e9thodologies et contr\u00f4lons r\u00e9guli\u00e8rement nos progr\u00e8s.<\/li>\n<\/ul>\n<p>La durabilit\u00e9 commence par un engagement individuel, mais sa v\u00e9ritable force r\u00e9side dans l&rsquo;effort collectif. Nous remercions nos employ\u00e9s, nos partenaires et nos parties prenantes pour leur soutien continu. Ensemble, nous ouvrons la voie \u00e0 un avenir o\u00f9 opportunit\u00e9s, innovation et responsabilit\u00e9 vont de pair.<\/p>\n<p>&nbsp;<\/p>\n<h3>Construisons cet avenir d\u00e8s aujourd&rsquo;hui.<\/h3>\n            <\/div>\n\n            <\/div>\n        <\/div>\n    <\/div>\n<\/section>\n\n\n<div class=\"group relative bg-gray-200 h-[24px] laptop:h-[64px]\" aria-hidden=\"true\"><\/div>","protected":false},"excerpt":{"rendered":"","protected":false},"author":1,"featured_media":0,"parent":7501,"menu_order":0,"comment_status":"closed","ping_status":"closed","template":"template-parts\/page-general.php","meta":{"_acf_changed":false,"footnotes":""},"class_list":["post-7511","page","type-page","status-publish","hentry"],"acf":[],"yoast_head":"<!-- This site is optimized with the Yoast SEO plugin v25.9 - https:\/\/yoast.com\/wordpress\/plugins\/seo\/ -->\n<title>Message du PDG - Trocellen, the European polyolefin foam solution provider<\/title>\n<meta name=\"robots\" content=\"index, follow, max-snippet:-1, max-image-preview:large, max-video-preview:-1\" \/>\n<link rel=\"canonical\" href=\"https:\/\/trocellen.com\/sustainability\/ceo-message\/\" \/>\n<meta property=\"og:locale\" content=\"fr_FR\" \/>\n<meta property=\"og:type\" content=\"article\" \/>\n<meta property=\"og:title\" content=\"Message du PDG - Trocellen, the European polyolefin foam solution provider\" \/>\n<meta property=\"og:url\" content=\"https:\/\/trocellen.com\/sustainability\/ceo-message\/\" \/>\n<meta property=\"og:site_name\" content=\"Trocellen, the European polyolefin foam solution provider\" \/>\n<meta property=\"article:modified_time\" content=\"2025-10-10T11:03:10+00:00\" \/>\n<meta name=\"twitter:card\" content=\"summary_large_image\" \/>\n<script type=\"application\/ld+json\" class=\"yoast-schema-graph\">{\"@context\":\"https:\/\/schema.org\",\"@graph\":[{\"@type\":\"WebPage\",\"@id\":\"https:\/\/trocellen.com\/sustainability\/ceo-message\/\",\"url\":\"https:\/\/trocellen.com\/sustainability\/ceo-message\/\",\"name\":\"Message du PDG - Trocellen, the European polyolefin foam solution provider\",\"isPartOf\":{\"@id\":\"https:\/\/trocellen.com\/#website\"},\"datePublished\":\"2025-04-29T08:20:58+00:00\",\"dateModified\":\"2025-10-10T11:03:10+00:00\",\"breadcrumb\":{\"@id\":\"https:\/\/trocellen.com\/sustainability\/ceo-message\/#breadcrumb\"},\"inLanguage\":\"fr-FR\",\"potentialAction\":[{\"@type\":\"ReadAction\",\"target\":[\"https:\/\/trocellen.com\/sustainability\/ceo-message\/\"]}]},{\"@type\":\"BreadcrumbList\",\"@id\":\"https:\/\/trocellen.com\/sustainability\/ceo-message\/#breadcrumb\",\"itemListElement\":[{\"@type\":\"ListItem\",\"position\":1,\"name\":\"Home\",\"item\":\"https:\/\/trocellen.com\/fr\/\"},{\"@type\":\"ListItem\",\"position\":2,\"name\":\"Message du PDG\"}]},{\"@type\":\"WebSite\",\"@id\":\"https:\/\/trocellen.com\/#website\",\"url\":\"https:\/\/trocellen.com\/\",\"name\":\"Trocellen, the European polyolefin foam solution provider\",\"description\":\"TROCELLEN\u00ae is a leading manufacturer of chemically and physically cross-linked polyolefin and rubber foam solutions\",\"potentialAction\":[{\"@type\":\"SearchAction\",\"target\":{\"@type\":\"EntryPoint\",\"urlTemplate\":\"https:\/\/trocellen.com\/?s={search_term_string}\"},\"query-input\":{\"@type\":\"PropertyValueSpecification\",\"valueRequired\":true,\"valueName\":\"search_term_string\"}}],\"inLanguage\":\"fr-FR\"}]}<\/script>\n<!-- \/ Yoast SEO plugin. -->","yoast_head_json":{"title":"Message du PDG - Trocellen, the European polyolefin foam solution provider","robots":{"index":"index","follow":"follow","max-snippet":"max-snippet:-1","max-image-preview":"max-image-preview:large","max-video-preview":"max-video-preview:-1"},"canonical":"https:\/\/trocellen.com\/sustainability\/ceo-message\/","og_locale":"fr_FR","og_type":"article","og_title":"Message du PDG - Trocellen, the European polyolefin foam solution provider","og_url":"https:\/\/trocellen.com\/sustainability\/ceo-message\/","og_site_name":"Trocellen, the European polyolefin foam solution provider","article_modified_time":"2025-10-10T11:03:10+00:00","twitter_card":"summary_large_image","schema":{"@context":"https:\/\/schema.org","@graph":[{"@type":"WebPage","@id":"https:\/\/trocellen.com\/sustainability\/ceo-message\/","url":"https:\/\/trocellen.com\/sustainability\/ceo-message\/","name":"Message du PDG - Trocellen, the European polyolefin foam solution provider","isPartOf":{"@id":"https:\/\/trocellen.com\/#website"},"datePublished":"2025-04-29T08:20:58+00:00","dateModified":"2025-10-10T11:03:10+00:00","breadcrumb":{"@id":"https:\/\/trocellen.com\/sustainability\/ceo-message\/#breadcrumb"},"inLanguage":"fr-FR","potentialAction":[{"@type":"ReadAction","target":["https:\/\/trocellen.com\/sustainability\/ceo-message\/"]}]},{"@type":"BreadcrumbList","@id":"https:\/\/trocellen.com\/sustainability\/ceo-message\/#breadcrumb","itemListElement":[{"@type":"ListItem","position":1,"name":"Home","item":"https:\/\/trocellen.com\/fr\/"},{"@type":"ListItem","position":2,"name":"Message du PDG"}]},{"@type":"WebSite","@id":"https:\/\/trocellen.com\/#website","url":"https:\/\/trocellen.com\/","name":"Trocellen, the European polyolefin foam solution provider","description":"TROCELLEN\u00ae is a leading manufacturer of chemically and physically cross-linked polyolefin and rubber foam solutions","potentialAction":[{"@type":"SearchAction","target":{"@type":"EntryPoint","urlTemplate":"https:\/\/trocellen.com\/?s={search_term_string}"},"query-input":{"@type":"PropertyValueSpecification","valueRequired":true,"valueName":"search_term_string"}}],"inLanguage":"fr-FR"}]}},"_links":{"self":[{"href":"https:\/\/trocellen.com\/fr\/wp-json\/wp\/v2\/pages\/7511","targetHints":{"allow":["GET"]}}],"collection":[{"href":"https:\/\/trocellen.com\/fr\/wp-json\/wp\/v2\/pages"}],"about":[{"href":"https:\/\/trocellen.com\/fr\/wp-json\/wp\/v2\/types\/page"}],"author":[{"embeddable":true,"href":"https:\/\/trocellen.com\/fr\/wp-json\/wp\/v2\/users\/1"}],"replies":[{"embeddable":true,"href":"https:\/\/trocellen.com\/fr\/wp-json\/wp\/v2\/comments?post=7511"}],"version-history":[{"count":5,"href":"https:\/\/trocellen.com\/fr\/wp-json\/wp\/v2\/pages\/7511\/revisions"}],"predecessor-version":[{"id":14099,"href":"https:\/\/trocellen.com\/fr\/wp-json\/wp\/v2\/pages\/7511\/revisions\/14099"}],"up":[{"embeddable":true,"href":"https:\/\/trocellen.com\/fr\/wp-json\/wp\/v2\/pages\/7501"}],"wp:attachment":[{"href":"https:\/\/trocellen.com\/fr\/wp-json\/wp\/v2\/media?parent=7511"}],"curies":[{"name":"wp","href":"https:\/\/api.w.org\/{rel}","templated":true}]}}