{"id":7440,"date":"2025-04-29T08:17:34","date_gmt":"2025-04-29T08:17:34","guid":{"rendered":"https:\/\/trocellen-dev.local\/materiaux-technologies\/converting\/"},"modified":"2025-10-10T10:30:48","modified_gmt":"2025-10-10T10:30:48","slug":"conversion","status":"publish","type":"page","link":"https:\/\/trocellen.com\/fr\/materiaux-technologies\/conversion\/","title":{"rendered":"Conversion"},"content":{"rendered":"\n<div class=\"group relative bg-white h-[48px]\" aria-hidden=\"true\"><\/div>\n\n\n<section class=\"general-content text-[#131313]\">\n    <div class=\"container\">\n        <div>\n            <h3 class=\"text-center\">Trocellen s\u2019engage \u00e0 offrir de v\u00e9ritables services \u00e0 valeur ajout\u00e9e aux clients soucieux de profiter d\u2019une cha\u00eene d\u2019approvisionnement plus courte et d\u2019une collaboration plus facile. Nos clients peuvent ainsi r\u00e9duire les co\u00fbts et les d\u00e9lais, et optimiser ainsi les achats et les inventaires. Un de nos grands atouts consiste \u00e0 proposer une conversion de haut niveau, du laminage au thermopressage. <\/h3>\n\n                    <\/div>\n    <\/div>\n<\/section>\n\n\n<div class=\"group relative bg-white h-[48px]\" aria-hidden=\"true\"><\/div>\n\n\n<div class=\"group relative bg-gray-200 h-[24px] laptop:h-[64px]\" aria-hidden=\"true\"><\/div>\n\n\n<section class=\"col-content bg-gray-200 \">\n    <div class=\"container\">\n        <div class=\"general-content\">\n            \n            <div class=\"flex flex-col tablet:flex-row gap-small items-start\">\n                <div class=\"flex-1 \">\n                    <h2>Le thermopressage<\/h2>\n<p><img loading=\"lazy\" decoding=\"async\" class=\"alignnone size-full wp-image-14040\" src=\"https:\/\/trocellen.com\/wp-content\/uploads\/2025\/10\/converting_-_heat_lamination.jpg\" alt=\"\" width=\"381\" height=\"254\" srcset=\"https:\/\/trocellen.com\/wp-content\/uploads\/2025\/10\/converting_-_heat_lamination.jpg 381w, https:\/\/trocellen.com\/wp-content\/uploads\/2025\/10\/converting_-_heat_lamination-300x200.jpg 300w\" sizes=\"auto, (max-width: 381px) 100vw, 381px\" \/><\/p>\n                <\/div>\n\n                <div class=\"flex-1\">\n                    <p>Pendant le thermopressage, la mousse est chauff\u00e9e \u00e0 la fois sur le dessus et sur le dessous, puis press\u00e9e dans les deux sens par un moule en deux parties refroidi, puis rel\u00e2ch\u00e9e. Gr\u00e2ce \u00e0 ce proc\u00e9d\u00e9 il est possible de r\u00e9aliser des produits pliables, ou de donner des motifs tr\u00e8s profonds \u00e0 la surface.<\/p>\n<p>La principale diff\u00e9rence entre le gaufrage et le thermopressage reste en ceci, qu\u2019avec le thermopressage le chauffage et le refroidissement n\u00e9cessitent plus de temps. Toutefois, en raison d\u2019un chauffage plus intense, des motifs beaucoup plus profonds sont ainsi r\u00e9alisables qu\u2019avec le gaufrage. Cela signifie \u00e9galement que le thermopressage est un processus nettement plus lent.<\/p>\n                <\/div>\n            <\/div>\n\n        <\/div>\n    <\/div>\n<\/section>\n\n\n<div class=\"group relative bg-gray-200 h-[32px]\" aria-hidden=\"true\"><\/div>\n\n\n<div class=\"group relative bg-white h-[24px] laptop:h-[64px]\" aria-hidden=\"true\"><\/div>\n\n\n<section class=\"col-content bg-white \">\n    <div class=\"container\">\n        <div class=\"general-content\">\n            \n            <div class=\"flex flex-col tablet:flex-row gap-small items-start\">\n                <div class=\"flex-1 \">\n                    <h2>Le gaufrage<\/h2>\n                <\/div>\n\n                <div class=\"flex-1\">\n                    <p>Le gaufrage est un processus o\u00f9 nous donnons \u00e0 la surface de la mousse ou de la surface lamin\u00e9e une texture 3D. Pour cela, nous devons presser un rouleau grav\u00e9 (avec la version n\u00e9gative du motif souhait\u00e9) contre la surface de la mousse ou la surface stratifi\u00e9e. Cette surface doit \u00eatre chauff\u00e9e \u00e0 une temp\u00e9rature o\u00f9 elle devient fa\u00e7onnable, afin que le rouleau grav\u00e9 puisse lui donner une nouvelle forme.<\/p>\n<p>Le gaufrage peut donner \u00e0 la mousse ou \u00e0 la surface lamin\u00e9e un aspect unique et accrocheur et une nouvelle sensation pour la main. Cela peut \u00eatre un aspect de conception tr\u00e8s important pour embellir ou marquer un produit, de plus le bon type de gaufrage peut \u00e9galement am\u00e9liorer la propri\u00e9t\u00e9 antid\u00e9rapante d\u2019une surface destin\u00e9e pour le sol. Trocellen dispose d\u2019une grande vari\u00e9t\u00e9 de rouleaux pr\u00e9-grav\u00e9s, nous pouvons donc vous proposer des mod\u00e8les d\u00e9velopp\u00e9s par nos soins; n\u00e9anmoins il est \u00e9galement possible de d\u00e9velopper un nouveau mod\u00e8le si besoin est.<\/p>\n<p>Le gaufrage est limit\u00e9 par la profondeur possible des motifs r\u00e9alisables, qui est d\u2019environ 1,5-2 mm.<\/p>\n                <\/div>\n            <\/div>\n\n        <\/div>\n    <\/div>\n<\/section>\n\n\n<div class=\"group relative bg-white h-[32px]\" aria-hidden=\"true\"><\/div>\n\n\n<div class=\"group relative bg-gray-200 h-[24px] laptop:h-[64px]\" aria-hidden=\"true\"><\/div>\n\n\n<section class=\"col-content bg-gray-200 \">\n    <div class=\"container\">\n        <div class=\"general-content\">\n            \n            <div class=\"flex flex-col tablet:flex-row gap-small items-start\">\n                <div class=\"flex-1 \">\n                    <h2>Laminage \u00e0 chaud<\/h2>\n                <\/div>\n\n                <div class=\"flex-1\">\n                    <p>La stratification \u00e0 chaud est un processus de fabrication de produits multicouches (appel\u00e9s produits stratifi\u00e9s), qui permet de combiner les propri\u00e9t\u00e9s des couches diff\u00e9rentes.<\/p>\n<p>Dans le cas de la mousse poly\u00e9thyl\u00e8ne r\u00e9ticul\u00e9e (PE), nous n\u2019utilisons que de la chaleur et une certaine pression pour coller les deux surfaces ensemble. Cela signifie qu\u2019aucun mat\u00e9riau suppl\u00e9mentaire n\u2019est n\u00e9cessaire. Il est vrai que cela n\u2019est possible que si les deux mat\u00e9riaux sont \u00ab\u00a0un peu similaires\u00a0\u00bb chimiquement. Si le mat\u00e9riau est trop sensible \u00e0 la chaleur (par exemple la mousse PE non r\u00e9ticul\u00e9e ou la mousse PS), nous ne pouvons pas le traiter de cette fa\u00e7on.<\/p>\n<p>Les mat\u00e9riaux que nous pouvons laminer \u00e0 notre mousse avec laminage \u00e0 chaud sont les suivants :<\/p>\n<ul>\n<li>Autres mousses de polyol\u00e9fines r\u00e9ticul\u00e9es<\/li>\n<li>Films LDPE, HDPE, PP<\/li>\n<li>Films EVA, certains autres films de copolym\u00e8re d\u2019\u00e9thyl\u00e8ne<\/li>\n<li>Certaines mousses PU<\/li>\n<li>Certains textiles<\/li>\n<li>Certains papiers<\/li>\n<li>Bois<\/li>\n<\/ul>\n<p>Nous avons les moyens pour simuler une stratification quelconque dans notre laboratoire et tester des nouveaux mat\u00e9riaux, donc si vous avez quelque chose en t\u00eate qui ne figure pas sur cette liste, nous le testerons pour vous et vous donnerons notre avis et \u00e9galement des recommandations pour trouver des solutions alternatives.<\/p>\n<p>Le laminage \u00e0 chaud peut \u00eatre un processus continu, mais \u00e9galement un processus r\u00e9alis\u00e9 sur des lots. Pour le proc\u00e9d\u00e9 continu l\u2019\u00e9paisseur maximale possible est d\u2019environ 20 mm. Avec le proc\u00e9d\u00e9 par lots, il est possible de stratifier de tr\u00e8s nombreuses couches les unes sur les autres. Ainsi, par exemple, nous pouvons produire des blocs de mousse d\u2019une \u00e9paisseur allant jusqu\u2019\u00e0 500 mm.<\/p>\n                <\/div>\n            <\/div>\n\n        <\/div>\n    <\/div>\n<\/section>\n\n\n<div class=\"group relative bg-gray-200 h-[32px]\" aria-hidden=\"true\"><\/div>\n\n\n<div class=\"group relative bg-white h-[24px] laptop:h-[64px]\" aria-hidden=\"true\"><\/div>\n\n\n<section class=\"col-content bg-white \">\n    <div class=\"container\">\n        <div class=\"general-content\">\n            \n            <div class=\"flex flex-col tablet:flex-row gap-small items-start\">\n                <div class=\"flex-1 \">\n                    <h2>Marquage de logo &#8211; Marquage \u00e0 chaud<\/h2>\n                <\/div>\n\n                <div class=\"flex-1\">\n                    <p>Au cours de ce processus, nous chauffons un outil en aluminium ou en acier \u00e0 un degr\u00e9 tel qu\u2019il br\u00fble le logo ou le texte demand\u00e9 sur la surface du produit. Elle est tr\u00e8s similaire \u00e0 la proc\u00e9dure appel\u00e9e \u00ab billog \u00bb.<\/p>\n                <\/div>\n            <\/div>\n\n        <\/div>\n    <\/div>\n<\/section>\n\n\n<div class=\"group relative bg-white h-[32px]\" aria-hidden=\"true\"><\/div>\n\n\n<div class=\"group relative bg-gray-200 h-[24px] laptop:h-[64px]\" aria-hidden=\"true\"><\/div>\n\n\n<section class=\"col-content bg-gray-200 \">\n    <div class=\"container\">\n        <div class=\"general-content\">\n            \n            <div class=\"flex flex-col tablet:flex-row gap-small items-start\">\n                <div class=\"flex-1 \">\n                    <h2>Marquage de logo &#8211; Marquage \u00e0 froid<\/h2>\n                <\/div>\n\n                <div class=\"flex-1\">\n                    <p>Il est similaire au processus de gaufrage mais ici nous utilisons un outil plat. De cette fa\u00e7on, il est possible de mettre des indicateurs de date et de modifications futures (des mises \u00e0 jour) sur l\u2019outil.<\/p>\n                <\/div>\n            <\/div>\n\n        <\/div>\n    <\/div>\n<\/section>\n\n\n<div class=\"group relative bg-gray-200 h-[32px]\" aria-hidden=\"true\"><\/div>\n\n\n<div class=\"group relative bg-white h-[24px] laptop:h-[64px]\" aria-hidden=\"true\"><\/div>\n\n\n<section class=\"col-content bg-white \">\n    <div class=\"container\">\n        <div class=\"general-content\">\n            \n            <div class=\"flex flex-col tablet:flex-row gap-small items-start\">\n                <div class=\"flex-1 \">\n                    <h2>Marquage au laser<\/h2>\n                <\/div>\n\n                <div class=\"flex-1\">\n                    <p>Le marquage au laser est un processus \u00e0 effet permanent qui utilise un faisceau de lumi\u00e8re concentr\u00e9e pour cr\u00e9er une marque durable sur une surface. G\u00e9n\u00e9ralement effectu\u00e9 avec une machine munie de laser \u00e0 fibre, puls\u00e9, \u00e0 onde continue ou verte ou UV, le marquage au laser permet une grande vari\u00e9t\u00e9 d\u2019applications. Nous utilisons la technologie de laser \u00e0 fibre pour apposer des logos sur nos produits.<\/p>\n                <\/div>\n            <\/div>\n\n        <\/div>\n    <\/div>\n<\/section>\n\n\n<div class=\"group relative bg-white h-[32px]\" aria-hidden=\"true\"><\/div>\n\n\n<div class=\"group relative bg-gray-200 h-[24px] laptop:h-[64px]\" aria-hidden=\"true\"><\/div>\n\n\n<section class=\"col-content bg-gray-200 \">\n    <div class=\"container\">\n        <div class=\"general-content\">\n            \n            <div class=\"flex flex-col tablet:flex-row gap-small items-start\">\n                <div class=\"flex-1 \">\n                    <h2>La tampographie<\/h2>\n<p><img loading=\"lazy\" decoding=\"async\" class=\"alignnone wp-image-356\" src=\"https:\/\/trocellen.com\/wp-content\/uploads\/2025\/05\/tampon-printing.png\" alt=\"\" width=\"381\" height=\"254\" srcset=\"https:\/\/trocellen.com\/wp-content\/uploads\/2025\/05\/tampon-printing.png 570w, https:\/\/trocellen.com\/wp-content\/uploads\/2025\/05\/tampon-printing-300x200.png 300w\" sizes=\"auto, (max-width: 381px) 100vw, 381px\" \/><\/p>\n                <\/div>\n\n                <div class=\"flex-1\">\n                    <p>La tampographie ou \u00e9galement appel\u00e9e l\u2019imprimerie par rembourrage est un proc\u00e9d\u00e9 d\u2019impression offset indirect durant lequel un tampon en silicone prend une image 2D sur une plaque d\u2019impression grav\u00e9e au laser (\u00e9galement appel\u00e9e clich\u00e9) pour la transf\u00e9rer sur un objet 3D.<\/p>\n                <\/div>\n            <\/div>\n\n        <\/div>\n    <\/div>\n<\/section>\n\n\n<div class=\"group relative bg-gray-200 h-[32px]\" aria-hidden=\"true\"><\/div>\n\n\n<div class=\"group relative bg-white h-[24px] laptop:h-[64px]\" aria-hidden=\"true\"><\/div>\n\n\n<section class=\"col-content bg-white \">\n    <div class=\"container\">\n        <div class=\"general-content\">\n            \n            <div class=\"flex flex-col tablet:flex-row gap-small items-start\">\n                <div class=\"flex-1 \">\n                    <h2>La d\u00e9coupe<\/h2>\n<p><img loading=\"lazy\" decoding=\"async\" class=\"alignnone size-full wp-image-14047\" src=\"https:\/\/trocellen.com\/wp-content\/uploads\/2025\/10\/converting_-_die_cut.png\" alt=\"\" width=\"261\" height=\"254\" \/><\/p>\n                <\/div>\n\n                <div class=\"flex-1\">\n                    <p>Le proc\u00e9d\u00e9 consiste \u00e0 utiliser une machine \u00e0 haute pression et des couteaux en acier tranchants pour d\u00e9couper le produit trait\u00e9. Nous sommes capables de d\u00e9couper des mat\u00e9riaux jusqu\u2019\u00e0 40 mm (selon la densit\u00e9).<\/p>\n                <\/div>\n            <\/div>\n\n        <\/div>\n    <\/div>\n<\/section>\n\n\n<div class=\"group relative bg-white h-[32px]\" aria-hidden=\"true\"><\/div>\n\n\n<div class=\"group relative bg-gray-200 h-[24px] laptop:h-[64px]\" aria-hidden=\"true\"><\/div>\n\n\n<section class=\"col-content bg-gray-200 \">\n    <div class=\"container\">\n        <div class=\"general-content\">\n            \n            <div class=\"flex flex-col tablet:flex-row gap-small items-start\">\n                <div class=\"flex-1 \">\n                    <h2>La d\u00e9coupe des contours<\/h2>\n<p><img loading=\"lazy\" decoding=\"async\" class=\"alignnone size-full wp-image-14054\" src=\"https:\/\/trocellen.com\/wp-content\/uploads\/2025\/10\/Converting_-_contour_cutting.png\" alt=\"\" width=\"452\" height=\"254\" srcset=\"https:\/\/trocellen.com\/wp-content\/uploads\/2025\/10\/Converting_-_contour_cutting.png 452w, https:\/\/trocellen.com\/wp-content\/uploads\/2025\/10\/Converting_-_contour_cutting-300x169.png 300w\" sizes=\"auto, (max-width: 452px) 100vw, 452px\" \/><\/p>\n                <\/div>\n\n                <div class=\"flex-1\">\n                    <p>Pour les produits de plus grande \u00e9paisseur (sup\u00e9rieure \u00e0 40 mm), nous proposons notre service de d\u00e9coupe des contours. Le principal avantage de ce proc\u00e9d\u00e9 est que la surface de coupe reste tr\u00e8s nette. En outre nous proposons la possibilit\u00e9 d\u2019une coupe multicouche afin de \u00ab\u00a0r\u00e9duire vos co\u00fbts\u00a0\u00bb. Il y a n\u00e9anmoins un inconv\u00e9nient \u00e0 cette technologie, puisque les bords ext\u00e9rieurs seuls (contour) du dessin seront d\u00e9coup\u00e9s. Il n\u2019est en effet pas possible de couper un mat\u00e9riau de l\u2019int\u00e9rieur sans laisser de trace.<\/p>\n                <\/div>\n            <\/div>\n\n        <\/div>\n    <\/div>\n<\/section>\n\n\n<div class=\"group relative bg-gray-200 h-[32px]\" aria-hidden=\"true\"><\/div>","protected":false},"excerpt":{"rendered":"","protected":false},"author":1,"featured_media":0,"parent":7416,"menu_order":0,"comment_status":"closed","ping_status":"closed","template":"template-parts\/page-general.php","meta":{"_acf_changed":false,"footnotes":""},"class_list":["post-7440","page","type-page","status-publish","hentry"],"acf":[],"yoast_head":"<!-- This site is optimized with the Yoast SEO plugin v25.9 - https:\/\/yoast.com\/wordpress\/plugins\/seo\/ -->\n<title>Conversion - Trocellen, the European polyolefin foam solution provider<\/title>\n<meta name=\"robots\" content=\"index, follow, max-snippet:-1, max-image-preview:large, max-video-preview:-1\" \/>\n<link rel=\"canonical\" href=\"https:\/\/trocellen.com\/fr\/materiaux-technologies\/conversion\/\" \/>\n<meta property=\"og:locale\" content=\"fr_FR\" \/>\n<meta property=\"og:type\" content=\"article\" \/>\n<meta property=\"og:title\" content=\"Conversion - Trocellen, the European polyolefin foam solution provider\" \/>\n<meta property=\"og:url\" content=\"https:\/\/trocellen.com\/fr\/materiaux-technologies\/conversion\/\" \/>\n<meta property=\"og:site_name\" content=\"Trocellen, the European polyolefin foam solution provider\" \/>\n<meta property=\"article:modified_time\" content=\"2025-10-10T10:30:48+00:00\" \/>\n<meta name=\"twitter:card\" content=\"summary_large_image\" \/>\n<script type=\"application\/ld+json\" class=\"yoast-schema-graph\">{\"@context\":\"https:\/\/schema.org\",\"@graph\":[{\"@type\":\"WebPage\",\"@id\":\"https:\/\/trocellen.com\/fr\/materiaux-technologies\/conversion\/\",\"url\":\"https:\/\/trocellen.com\/fr\/materiaux-technologies\/conversion\/\",\"name\":\"Conversion - Trocellen, the European polyolefin foam solution provider\",\"isPartOf\":{\"@id\":\"https:\/\/trocellen.com\/#website\"},\"datePublished\":\"2025-04-29T08:17:34+00:00\",\"dateModified\":\"2025-10-10T10:30:48+00:00\",\"breadcrumb\":{\"@id\":\"https:\/\/trocellen.com\/fr\/materiaux-technologies\/conversion\/#breadcrumb\"},\"inLanguage\":\"fr-FR\",\"potentialAction\":[{\"@type\":\"ReadAction\",\"target\":[\"https:\/\/trocellen.com\/fr\/materiaux-technologies\/conversion\/\"]}]},{\"@type\":\"BreadcrumbList\",\"@id\":\"https:\/\/trocellen.com\/fr\/materiaux-technologies\/conversion\/#breadcrumb\",\"itemListElement\":[{\"@type\":\"ListItem\",\"position\":1,\"name\":\"Home\",\"item\":\"https:\/\/trocellen.com\/fr\/\"},{\"@type\":\"ListItem\",\"position\":2,\"name\":\"Conversion\"}]},{\"@type\":\"WebSite\",\"@id\":\"https:\/\/trocellen.com\/#website\",\"url\":\"https:\/\/trocellen.com\/\",\"name\":\"Trocellen, the European polyolefin foam solution provider\",\"description\":\"TROCELLEN\u00ae is a leading manufacturer of chemically and physically cross-linked polyolefin and rubber foam solutions\",\"potentialAction\":[{\"@type\":\"SearchAction\",\"target\":{\"@type\":\"EntryPoint\",\"urlTemplate\":\"https:\/\/trocellen.com\/?s={search_term_string}\"},\"query-input\":{\"@type\":\"PropertyValueSpecification\",\"valueRequired\":true,\"valueName\":\"search_term_string\"}}],\"inLanguage\":\"fr-FR\"}]}<\/script>\n<!-- \/ Yoast SEO plugin. -->","yoast_head_json":{"title":"Conversion - Trocellen, the European polyolefin foam solution provider","robots":{"index":"index","follow":"follow","max-snippet":"max-snippet:-1","max-image-preview":"max-image-preview:large","max-video-preview":"max-video-preview:-1"},"canonical":"https:\/\/trocellen.com\/fr\/materiaux-technologies\/conversion\/","og_locale":"fr_FR","og_type":"article","og_title":"Conversion - Trocellen, the European polyolefin foam solution provider","og_url":"https:\/\/trocellen.com\/fr\/materiaux-technologies\/conversion\/","og_site_name":"Trocellen, the European polyolefin foam solution provider","article_modified_time":"2025-10-10T10:30:48+00:00","twitter_card":"summary_large_image","schema":{"@context":"https:\/\/schema.org","@graph":[{"@type":"WebPage","@id":"https:\/\/trocellen.com\/fr\/materiaux-technologies\/conversion\/","url":"https:\/\/trocellen.com\/fr\/materiaux-technologies\/conversion\/","name":"Conversion - Trocellen, the European polyolefin foam solution provider","isPartOf":{"@id":"https:\/\/trocellen.com\/#website"},"datePublished":"2025-04-29T08:17:34+00:00","dateModified":"2025-10-10T10:30:48+00:00","breadcrumb":{"@id":"https:\/\/trocellen.com\/fr\/materiaux-technologies\/conversion\/#breadcrumb"},"inLanguage":"fr-FR","potentialAction":[{"@type":"ReadAction","target":["https:\/\/trocellen.com\/fr\/materiaux-technologies\/conversion\/"]}]},{"@type":"BreadcrumbList","@id":"https:\/\/trocellen.com\/fr\/materiaux-technologies\/conversion\/#breadcrumb","itemListElement":[{"@type":"ListItem","position":1,"name":"Home","item":"https:\/\/trocellen.com\/fr\/"},{"@type":"ListItem","position":2,"name":"Conversion"}]},{"@type":"WebSite","@id":"https:\/\/trocellen.com\/#website","url":"https:\/\/trocellen.com\/","name":"Trocellen, the European polyolefin foam solution provider","description":"TROCELLEN\u00ae is a leading manufacturer of chemically and physically cross-linked polyolefin and rubber foam solutions","potentialAction":[{"@type":"SearchAction","target":{"@type":"EntryPoint","urlTemplate":"https:\/\/trocellen.com\/?s={search_term_string}"},"query-input":{"@type":"PropertyValueSpecification","valueRequired":true,"valueName":"search_term_string"}}],"inLanguage":"fr-FR"}]}},"_links":{"self":[{"href":"https:\/\/trocellen.com\/fr\/wp-json\/wp\/v2\/pages\/7440","targetHints":{"allow":["GET"]}}],"collection":[{"href":"https:\/\/trocellen.com\/fr\/wp-json\/wp\/v2\/pages"}],"about":[{"href":"https:\/\/trocellen.com\/fr\/wp-json\/wp\/v2\/types\/page"}],"author":[{"embeddable":true,"href":"https:\/\/trocellen.com\/fr\/wp-json\/wp\/v2\/users\/1"}],"replies":[{"embeddable":true,"href":"https:\/\/trocellen.com\/fr\/wp-json\/wp\/v2\/comments?post=7440"}],"version-history":[{"count":5,"href":"https:\/\/trocellen.com\/fr\/wp-json\/wp\/v2\/pages\/7440\/revisions"}],"predecessor-version":[{"id":14060,"href":"https:\/\/trocellen.com\/fr\/wp-json\/wp\/v2\/pages\/7440\/revisions\/14060"}],"up":[{"embeddable":true,"href":"https:\/\/trocellen.com\/fr\/wp-json\/wp\/v2\/pages\/7416"}],"wp:attachment":[{"href":"https:\/\/trocellen.com\/fr\/wp-json\/wp\/v2\/media?parent=7440"}],"curies":[{"name":"wp","href":"https:\/\/api.w.org\/{rel}","templated":true}]}}