{"id":7372,"date":"2025-04-29T07:39:01","date_gmt":"2025-04-29T07:39:01","guid":{"rendered":"https:\/\/trocellen-dev.local\/trocellen\/management-philosophy\/"},"modified":"2025-10-10T09:55:24","modified_gmt":"2025-10-10T09:55:24","slug":"philosophie-de-gestion","status":"publish","type":"page","link":"https:\/\/trocellen.com\/fr\/trocellen\/philosophie-de-gestion\/","title":{"rendered":"Philosophie de gestion"},"content":{"rendered":"\n<div class=\"group relative bg-white h-[32px]\" aria-hidden=\"true\"><\/div>\n\n\n<section class=\"general-content text-[#131313]\">\n    <div class=\"container\">\n        <div>\n            <h3 class=\"text-center\">Cr\u00e9\u00e9 pour la responsabilit\u00e9, con\u00e7u pour la performance <\/h3>\n\n                    <\/div>\n    <\/div>\n<\/section>\n\n\n<div class=\"group relative bg-white h-[32px]\" aria-hidden=\"true\"><\/div>\n\n\n<div class=\"group relative bg-gray-200 h-[24px] laptop:h-[64px]\" aria-hidden=\"true\"><\/div>\n\n\n<section class=\"col-content bg-gray-200 \">\n    <div class=\"container\">\n        <div class=\"general-content\">\n            \n            <div class=\"flex flex-col tablet:flex-row gap-small items-start\">\n                <div class=\"flex-1 \">\n                    <h2>Toujours tourn\u00e9e vers l\u2019avenir, l\u2019\u00e9quipe dirigeante du Groupe Trocellen s\u2019engage \u00e0 :<\/h2>\n                <\/div>\n\n                <div class=\"flex-1\">\n                    <ul class=\"wp-block-list\">\n<li>exercer nos activit\u00e9s en harmonie avec la soci\u00e9t\u00e9 et l\u2019environnement, et s\u2019efforcer de cr\u00e9er de la valeur sociale par l\u2019innovation technologique, toujours dans le respect des lois, des normes sociales et de l\u2019\u00e9thique en tant que membre de la communaut\u00e9 internationale.<\/li>\n<li>entretenir et construire des relations saines et favorables avec l\u2019ensemble de nos parties prenantes et contribuer au d\u00e9veloppement durable de la soci\u00e9t\u00e9.<\/li>\n<li>\u00eatre \u00e0 la hauteur des attentes de la soci\u00e9t\u00e9 et de la confiance qui nous est accord\u00e9e par la soci\u00e9t\u00e9, dans l\u2019esprit de l\u2019\u00e9quit\u00e9 et de l\u2019int\u00e9grit\u00e9.<\/li>\n<li>encourager nos ressources humaines \u00e0 tous les niveaux pour devenir une organisation toujours plus diversifi\u00e9e et cr\u00e9ative.<\/li>\n<\/ul>\n                <\/div>\n            <\/div>\n\n        <\/div>\n    <\/div>\n<\/section>\n\n\n<div class=\"group relative bg-gray-200 h-[24px] laptop:h-[64px]\" aria-hidden=\"true\"><\/div>","protected":false},"excerpt":{"rendered":"","protected":false},"author":1,"featured_media":0,"parent":6777,"menu_order":0,"comment_status":"closed","ping_status":"closed","template":"template-parts\/page-general.php","meta":{"_acf_changed":false,"footnotes":""},"class_list":["post-7372","page","type-page","status-publish","hentry"],"acf":[],"yoast_head":"<!-- This site is optimized with the Yoast SEO plugin v25.9 - https:\/\/yoast.com\/wordpress\/plugins\/seo\/ -->\n<title>Philosophie de gestion - Trocellen, the European polyolefin foam solution provider<\/title>\n<meta name=\"robots\" content=\"index, follow, max-snippet:-1, max-image-preview:large, max-video-preview:-1\" \/>\n<link rel=\"canonical\" href=\"https:\/\/trocellen.com\/about-trocellen\/management-philosophy\/\" \/>\n<meta property=\"og:locale\" content=\"fr_FR\" \/>\n<meta property=\"og:type\" content=\"article\" \/>\n<meta property=\"og:title\" content=\"Philosophie de gestion - Trocellen, the European polyolefin foam solution provider\" \/>\n<meta property=\"og:url\" content=\"https:\/\/trocellen.com\/about-trocellen\/management-philosophy\/\" \/>\n<meta property=\"og:site_name\" content=\"Trocellen, the European polyolefin foam solution provider\" \/>\n<meta property=\"article:modified_time\" content=\"2025-10-10T09:55:24+00:00\" \/>\n<meta name=\"twitter:card\" content=\"summary_large_image\" \/>\n<script type=\"application\/ld+json\" class=\"yoast-schema-graph\">{\"@context\":\"https:\/\/schema.org\",\"@graph\":[{\"@type\":\"WebPage\",\"@id\":\"https:\/\/trocellen.com\/about-trocellen\/management-philosophy\/\",\"url\":\"https:\/\/trocellen.com\/about-trocellen\/management-philosophy\/\",\"name\":\"Philosophie de gestion - Trocellen, the European polyolefin foam solution provider\",\"isPartOf\":{\"@id\":\"https:\/\/trocellen.com\/#website\"},\"datePublished\":\"2025-04-29T07:39:01+00:00\",\"dateModified\":\"2025-10-10T09:55:24+00:00\",\"breadcrumb\":{\"@id\":\"https:\/\/trocellen.com\/about-trocellen\/management-philosophy\/#breadcrumb\"},\"inLanguage\":\"fr-FR\",\"potentialAction\":[{\"@type\":\"ReadAction\",\"target\":[\"https:\/\/trocellen.com\/about-trocellen\/management-philosophy\/\"]}]},{\"@type\":\"BreadcrumbList\",\"@id\":\"https:\/\/trocellen.com\/about-trocellen\/management-philosophy\/#breadcrumb\",\"itemListElement\":[{\"@type\":\"ListItem\",\"position\":1,\"name\":\"Home\",\"item\":\"https:\/\/trocellen.com\/fr\/\"},{\"@type\":\"ListItem\",\"position\":2,\"name\":\"Philosophie de gestion\"}]},{\"@type\":\"WebSite\",\"@id\":\"https:\/\/trocellen.com\/#website\",\"url\":\"https:\/\/trocellen.com\/\",\"name\":\"Trocellen, the European polyolefin foam solution provider\",\"description\":\"TROCELLEN\u00ae is a leading manufacturer of chemically and physically cross-linked polyolefin and rubber foam solutions\",\"potentialAction\":[{\"@type\":\"SearchAction\",\"target\":{\"@type\":\"EntryPoint\",\"urlTemplate\":\"https:\/\/trocellen.com\/?s={search_term_string}\"},\"query-input\":{\"@type\":\"PropertyValueSpecification\",\"valueRequired\":true,\"valueName\":\"search_term_string\"}}],\"inLanguage\":\"fr-FR\"}]}<\/script>\n<!-- \/ Yoast SEO plugin. -->","yoast_head_json":{"title":"Philosophie de gestion - Trocellen, the European polyolefin foam solution provider","robots":{"index":"index","follow":"follow","max-snippet":"max-snippet:-1","max-image-preview":"max-image-preview:large","max-video-preview":"max-video-preview:-1"},"canonical":"https:\/\/trocellen.com\/about-trocellen\/management-philosophy\/","og_locale":"fr_FR","og_type":"article","og_title":"Philosophie de gestion - Trocellen, the European polyolefin foam solution provider","og_url":"https:\/\/trocellen.com\/about-trocellen\/management-philosophy\/","og_site_name":"Trocellen, the European polyolefin foam solution provider","article_modified_time":"2025-10-10T09:55:24+00:00","twitter_card":"summary_large_image","schema":{"@context":"https:\/\/schema.org","@graph":[{"@type":"WebPage","@id":"https:\/\/trocellen.com\/about-trocellen\/management-philosophy\/","url":"https:\/\/trocellen.com\/about-trocellen\/management-philosophy\/","name":"Philosophie de gestion - Trocellen, the European polyolefin foam solution provider","isPartOf":{"@id":"https:\/\/trocellen.com\/#website"},"datePublished":"2025-04-29T07:39:01+00:00","dateModified":"2025-10-10T09:55:24+00:00","breadcrumb":{"@id":"https:\/\/trocellen.com\/about-trocellen\/management-philosophy\/#breadcrumb"},"inLanguage":"fr-FR","potentialAction":[{"@type":"ReadAction","target":["https:\/\/trocellen.com\/about-trocellen\/management-philosophy\/"]}]},{"@type":"BreadcrumbList","@id":"https:\/\/trocellen.com\/about-trocellen\/management-philosophy\/#breadcrumb","itemListElement":[{"@type":"ListItem","position":1,"name":"Home","item":"https:\/\/trocellen.com\/fr\/"},{"@type":"ListItem","position":2,"name":"Philosophie de gestion"}]},{"@type":"WebSite","@id":"https:\/\/trocellen.com\/#website","url":"https:\/\/trocellen.com\/","name":"Trocellen, the European polyolefin foam solution provider","description":"TROCELLEN\u00ae is a leading manufacturer of chemically and physically cross-linked polyolefin and rubber foam solutions","potentialAction":[{"@type":"SearchAction","target":{"@type":"EntryPoint","urlTemplate":"https:\/\/trocellen.com\/?s={search_term_string}"},"query-input":{"@type":"PropertyValueSpecification","valueRequired":true,"valueName":"search_term_string"}}],"inLanguage":"fr-FR"}]}},"_links":{"self":[{"href":"https:\/\/trocellen.com\/fr\/wp-json\/wp\/v2\/pages\/7372","targetHints":{"allow":["GET"]}}],"collection":[{"href":"https:\/\/trocellen.com\/fr\/wp-json\/wp\/v2\/pages"}],"about":[{"href":"https:\/\/trocellen.com\/fr\/wp-json\/wp\/v2\/types\/page"}],"author":[{"embeddable":true,"href":"https:\/\/trocellen.com\/fr\/wp-json\/wp\/v2\/users\/1"}],"replies":[{"embeddable":true,"href":"https:\/\/trocellen.com\/fr\/wp-json\/wp\/v2\/comments?post=7372"}],"version-history":[{"count":4,"href":"https:\/\/trocellen.com\/fr\/wp-json\/wp\/v2\/pages\/7372\/revisions"}],"predecessor-version":[{"id":13994,"href":"https:\/\/trocellen.com\/fr\/wp-json\/wp\/v2\/pages\/7372\/revisions\/13994"}],"up":[{"embeddable":true,"href":"https:\/\/trocellen.com\/fr\/wp-json\/wp\/v2\/pages\/6777"}],"wp:attachment":[{"href":"https:\/\/trocellen.com\/fr\/wp-json\/wp\/v2\/media?parent=7372"}],"curies":[{"name":"wp","href":"https:\/\/api.w.org\/{rel}","templated":true}]}}