{"id":7347,"date":"2025-04-29T07:37:37","date_gmt":"2025-04-29T07:37:37","guid":{"rendered":"https:\/\/trocellen-dev.local\/trocellen\/trocellen-method\/"},"modified":"2025-10-21T13:10:12","modified_gmt":"2025-10-21T13:10:12","slug":"la-methode-trocellen","status":"publish","type":"page","link":"https:\/\/trocellen.com\/fr\/trocellen\/la-methode-trocellen\/","title":{"rendered":"La m\u00e9thode Trocellen"},"content":{"rendered":"\n<div class=\"group relative bg-white h-[32px]\" aria-hidden=\"true\"><\/div>\n\n\n<section class=\"general-content text-[#131313]\">\n    <div class=\"container\">\n        <div>\n            <h3 class=\"text-center\">La M\u00c9THODE TROCELLEN est la fa\u00e7on de fonctionner unique de Trocellen qui impr\u00e8gne le processus entier de la cr\u00e9ation de valeur \u00e0 partir de la conception des mat\u00e9riaux jusqu\u2019aux produits et aux solutions complexes, cr\u00e9ant de la valeur pour l\u2019industrie, nos partenaires et les utilisateurs finaux. <\/h3>\n\n                    <\/div>\n    <\/div>\n<\/section>\n\n\n<div class=\"group relative bg-white h-[32px]\" aria-hidden=\"true\"><\/div>\n\n\n<div class=\"group relative bg-gray-200 h-[24px] laptop:h-[64px]\" aria-hidden=\"true\"><\/div>\n\n\n<section class=\"col-content bg-gray-200 \">\n    <div class=\"container\">\n        <div class=\"general-content\">\n            \n            <div class=\"flex flex-col tablet:flex-row gap-small items-start\">\n                <div class=\"flex-1 \">\n                    <p>Trocellen n\u2019est pas tout simplement un fabricant de mousse et de mati\u00e8re premi\u00e8re. Alors qu\u2019elle est li\u00e9e \u00e0 la mousse et \u00e0 ses technologies, les pierres angulaires de l\u2019activit\u00e9 de Trocellen sont constitu\u00e9es de son expertise industrielle importante, de ses longues exp\u00e9riences industrielles et de ses partenariats solides, de ses capacit\u00e9s de conception et de d\u00e9veloppement, de ces processus efficaces ainsi que de son ouverture \u00e0 l\u2019apprentissage et \u00e0 l\u2019\u00e9volution.<\/p>\n<p><iframe loading=\"lazy\" width=\"7022\" height=\"316\" src=\"https:\/\/www.youtube.com\/embed\/e93ZGLHgbvc?si=FUQelZ30Xf8g90Ve\" title=\"YouTube video player\" frameborder=\"0\" allow=\"accelerometer; autoplay; clipboard-write; encrypted-media; gyroscope; picture-in-picture; web-share\" referrerpolicy=\"strict-origin-when-cross-origin\" allowfullscreen><\/iframe><\/p>\n                <\/div>\n\n                <div class=\"flex-1\">\n                    <h3>Pourquoi est-ce que nos solutions \u00e0 base de mousse sont-elles tellement uniques au march\u00e9\u00a0?<\/h3>\n<ul class=\"wp-block-list\">\n<li>Processus efficace \u00e0 partir des besoins jusqu\u2019aux produits et solutions pr\u00eats \u00e0 utiliser et \u00e0 appliquer,<\/li>\n<li>Connaissances approfondies sur la mousse elle-m\u00eame, capacit\u00e9 \u00e0 former la solution finale, m\u00eame en descendant aux niveaux des mol\u00e9cules,<\/li>\n<li>Une grande vari\u00e9t\u00e9 de savoir-faire, de capacit\u00e9s et de comp\u00e9tences,<\/li>\n<li>Connaissances approfondies et renseignements pr\u00e9cieux concernant plusieurs industries,<\/li>\n<li>Fiabilit\u00e9 et confiance \u2013 nos partenaires peuvent compter sur nous, nous avons des rapports \u00e9troits et bien \u00e9tablis avec eux,<\/li>\n<li>Coop\u00e9ration fructueuse \u00e0 long terme sur la base d\u2019une r\u00e9flexion et d\u2019un travail conjoint pour concevoir des solutions excellentes,<\/li>\n<li>Prestations professionnelles,<\/li>\n<li>Des solutions r\u00e9elles pour r\u00e9pondre aux besoins de nos partenaires et de notre industrie.<\/li>\n<\/ul>\n                <\/div>\n            <\/div>\n\n        <\/div>\n    <\/div>\n<\/section>\n\n\n<div class=\"group relative bg-gray-200 h-[24px] laptop:h-[64px]\" aria-hidden=\"true\"><\/div>","protected":false},"excerpt":{"rendered":"","protected":false},"author":1,"featured_media":0,"parent":6777,"menu_order":0,"comment_status":"closed","ping_status":"closed","template":"template-parts\/page-general.php","meta":{"_acf_changed":false,"footnotes":""},"class_list":["post-7347","page","type-page","status-publish","hentry"],"acf":[],"yoast_head":"<!-- This site is optimized with the Yoast SEO plugin v25.9 - https:\/\/yoast.com\/wordpress\/plugins\/seo\/ -->\n<title>La m\u00e9thode Trocellen - Trocellen, the European polyolefin foam solution provider<\/title>\n<meta name=\"robots\" content=\"index, follow, max-snippet:-1, max-image-preview:large, max-video-preview:-1\" \/>\n<link rel=\"canonical\" href=\"https:\/\/trocellen.com\/about-trocellen\/trocellen-method\/\" \/>\n<meta property=\"og:locale\" content=\"fr_FR\" \/>\n<meta property=\"og:type\" content=\"article\" \/>\n<meta property=\"og:title\" content=\"La m\u00e9thode Trocellen - Trocellen, the European polyolefin foam solution provider\" \/>\n<meta property=\"og:url\" content=\"https:\/\/trocellen.com\/about-trocellen\/trocellen-method\/\" \/>\n<meta property=\"og:site_name\" content=\"Trocellen, the European polyolefin foam solution provider\" \/>\n<meta property=\"article:modified_time\" content=\"2025-10-21T13:10:12+00:00\" \/>\n<meta name=\"twitter:card\" content=\"summary_large_image\" \/>\n<script type=\"application\/ld+json\" class=\"yoast-schema-graph\">{\"@context\":\"https:\/\/schema.org\",\"@graph\":[{\"@type\":\"WebPage\",\"@id\":\"https:\/\/trocellen.com\/about-trocellen\/trocellen-method\/\",\"url\":\"https:\/\/trocellen.com\/about-trocellen\/trocellen-method\/\",\"name\":\"La m\u00e9thode Trocellen - Trocellen, the European polyolefin foam solution provider\",\"isPartOf\":{\"@id\":\"https:\/\/trocellen.com\/#website\"},\"datePublished\":\"2025-04-29T07:37:37+00:00\",\"dateModified\":\"2025-10-21T13:10:12+00:00\",\"breadcrumb\":{\"@id\":\"https:\/\/trocellen.com\/about-trocellen\/trocellen-method\/#breadcrumb\"},\"inLanguage\":\"fr-FR\",\"potentialAction\":[{\"@type\":\"ReadAction\",\"target\":[\"https:\/\/trocellen.com\/about-trocellen\/trocellen-method\/\"]}]},{\"@type\":\"BreadcrumbList\",\"@id\":\"https:\/\/trocellen.com\/about-trocellen\/trocellen-method\/#breadcrumb\",\"itemListElement\":[{\"@type\":\"ListItem\",\"position\":1,\"name\":\"Home\",\"item\":\"https:\/\/trocellen.com\/fr\/\"},{\"@type\":\"ListItem\",\"position\":2,\"name\":\"La m\u00e9thode Trocellen\"}]},{\"@type\":\"WebSite\",\"@id\":\"https:\/\/trocellen.com\/#website\",\"url\":\"https:\/\/trocellen.com\/\",\"name\":\"Trocellen, the European polyolefin foam solution provider\",\"description\":\"TROCELLEN\u00ae is a leading manufacturer of chemically and physically cross-linked polyolefin and rubber foam solutions\",\"potentialAction\":[{\"@type\":\"SearchAction\",\"target\":{\"@type\":\"EntryPoint\",\"urlTemplate\":\"https:\/\/trocellen.com\/?s={search_term_string}\"},\"query-input\":{\"@type\":\"PropertyValueSpecification\",\"valueRequired\":true,\"valueName\":\"search_term_string\"}}],\"inLanguage\":\"fr-FR\"}]}<\/script>\n<!-- \/ Yoast SEO plugin. -->","yoast_head_json":{"title":"La m\u00e9thode Trocellen - Trocellen, the European polyolefin foam solution provider","robots":{"index":"index","follow":"follow","max-snippet":"max-snippet:-1","max-image-preview":"max-image-preview:large","max-video-preview":"max-video-preview:-1"},"canonical":"https:\/\/trocellen.com\/about-trocellen\/trocellen-method\/","og_locale":"fr_FR","og_type":"article","og_title":"La m\u00e9thode Trocellen - Trocellen, the European polyolefin foam solution provider","og_url":"https:\/\/trocellen.com\/about-trocellen\/trocellen-method\/","og_site_name":"Trocellen, the European polyolefin foam solution provider","article_modified_time":"2025-10-21T13:10:12+00:00","twitter_card":"summary_large_image","schema":{"@context":"https:\/\/schema.org","@graph":[{"@type":"WebPage","@id":"https:\/\/trocellen.com\/about-trocellen\/trocellen-method\/","url":"https:\/\/trocellen.com\/about-trocellen\/trocellen-method\/","name":"La m\u00e9thode Trocellen - Trocellen, the European polyolefin foam solution provider","isPartOf":{"@id":"https:\/\/trocellen.com\/#website"},"datePublished":"2025-04-29T07:37:37+00:00","dateModified":"2025-10-21T13:10:12+00:00","breadcrumb":{"@id":"https:\/\/trocellen.com\/about-trocellen\/trocellen-method\/#breadcrumb"},"inLanguage":"fr-FR","potentialAction":[{"@type":"ReadAction","target":["https:\/\/trocellen.com\/about-trocellen\/trocellen-method\/"]}]},{"@type":"BreadcrumbList","@id":"https:\/\/trocellen.com\/about-trocellen\/trocellen-method\/#breadcrumb","itemListElement":[{"@type":"ListItem","position":1,"name":"Home","item":"https:\/\/trocellen.com\/fr\/"},{"@type":"ListItem","position":2,"name":"La m\u00e9thode Trocellen"}]},{"@type":"WebSite","@id":"https:\/\/trocellen.com\/#website","url":"https:\/\/trocellen.com\/","name":"Trocellen, the European polyolefin foam solution provider","description":"TROCELLEN\u00ae is a leading manufacturer of chemically and physically cross-linked polyolefin and rubber foam solutions","potentialAction":[{"@type":"SearchAction","target":{"@type":"EntryPoint","urlTemplate":"https:\/\/trocellen.com\/?s={search_term_string}"},"query-input":{"@type":"PropertyValueSpecification","valueRequired":true,"valueName":"search_term_string"}}],"inLanguage":"fr-FR"}]}},"_links":{"self":[{"href":"https:\/\/trocellen.com\/fr\/wp-json\/wp\/v2\/pages\/7347","targetHints":{"allow":["GET"]}}],"collection":[{"href":"https:\/\/trocellen.com\/fr\/wp-json\/wp\/v2\/pages"}],"about":[{"href":"https:\/\/trocellen.com\/fr\/wp-json\/wp\/v2\/types\/page"}],"author":[{"embeddable":true,"href":"https:\/\/trocellen.com\/fr\/wp-json\/wp\/v2\/users\/1"}],"replies":[{"embeddable":true,"href":"https:\/\/trocellen.com\/fr\/wp-json\/wp\/v2\/comments?post=7347"}],"version-history":[{"count":5,"href":"https:\/\/trocellen.com\/fr\/wp-json\/wp\/v2\/pages\/7347\/revisions"}],"predecessor-version":[{"id":14584,"href":"https:\/\/trocellen.com\/fr\/wp-json\/wp\/v2\/pages\/7347\/revisions\/14584"}],"up":[{"embeddable":true,"href":"https:\/\/trocellen.com\/fr\/wp-json\/wp\/v2\/pages\/6777"}],"wp:attachment":[{"href":"https:\/\/trocellen.com\/fr\/wp-json\/wp\/v2\/media?parent=7347"}],"curies":[{"name":"wp","href":"https:\/\/api.w.org\/{rel}","templated":true}]}}