{"id":7325,"date":"2025-04-29T07:38:28","date_gmt":"2025-04-29T07:38:28","guid":{"rendered":"https:\/\/trocellen-dev.local\/trocellen\/history\/"},"modified":"2026-04-27T14:56:27","modified_gmt":"2026-04-27T14:56:27","slug":"histoire","status":"publish","type":"page","link":"https:\/\/trocellen.com\/fr\/trocellen\/histoire\/","title":{"rendered":"Histoire"},"content":{"rendered":"\n<div class=\"group relative bg-gray-200 h-[24px] laptop:h-[64px]\" aria-hidden=\"true\"><\/div>\n\n\n<section class=\"col-content bg-gray-200 \">\n    <div class=\"container\">\n        <div class=\"general-content\">\n            \n            <div class=\"flex flex-col tablet:flex-row gap-small items-start\">\n                <div class=\"flex-1 \">\n                    <h2>De 1972 jusqu\u2019\u00e0 nos jours<\/h2>\n                <\/div>\n\n                <div class=\"flex-1\">\n                    <p>Trocellen a \u00e9t\u00e9 fond\u00e9e en tant que nouvelle soci\u00e9t\u00e9 et nouvelle marque de Dynamit Nobel et de HT Troplast. Gr\u00e2ce au nom et aux produits, la soci\u00e9t\u00e9 a vite acquis une r\u00e9putation solide et Trocellen est devenue rapidement une marque \u00e0 succ\u00e8s de l\u2019entreprise. Ayant son si\u00e8ge social \u00e0 Troisdorf en Allemagne, la soci\u00e9t\u00e9 en \u00e9volution et en transformation a depuis ouvert ou acquis diff\u00e9rents sites de production en Allemagne, en Italie, en Espagne, en Hongrie et en Malaisie.<\/p>\n                <\/div>\n            <\/div>\n\n        <\/div>\n    <\/div>\n<\/section>\n\n\n<div class=\"group relative bg-gray-200 h-[24px] laptop:h-[64px]\" aria-hidden=\"true\"><\/div>\n\n\n<div class=\"group relative bg-white h-[24px] laptop:h-[64px]\" aria-hidden=\"true\"><\/div>\n\n\n        <section class=\"flex justify-center\" id=\"timeline\">\n            <div class=\"container relative max-w-2xl w-full\">\n                <div class=\"timeline-gradient absolute tablet:left-1\/2 -translate-x-1\/2 w-[2px] h-[95%]\"><\/div>\n\n                                \n                <div class=\"general-content timeline-item flex flex-col tablet:flex-row items-start relative pb-[4rem]\">\n                    <div class=\"timeline-text w-full tablet:w-1\/2 order-2 tablet:order-1\">\n\n                        \n                            <p class=\"last:mb-0 pl-[2rem] text-left\">Trocellen a lanc\u00e9 son portefeuille NATURELOOP et introduit une approche d\u2019\u00e9co-conception dans le d\u00e9veloppement de nouveaux produits, renfor\u00e7ant ainsi sa strat\u00e9gie de durabilit\u00e9. Cette \u00e9tape a \u00e9largi l\u2019utilisation de mat\u00e9riaux plus respectueux de l\u2019environnement, notamment TR-EECell, une mousse de poly\u00e9thyl\u00e8ne r\u00e9ticul\u00e9 biosourc\u00e9e issue de la biomasse de canne \u00e0 sucre, ainsi que REcy-PE, une mousse int\u00e9grant du poly\u00e9thyl\u00e8ne recycl\u00e9.<\/p> \n\n                                            <\/div>\n\n                    <div class=\"timeline-dot w-[2rem] h-[2rem] rounded-full absolute tablet:left-1\/2 transform -translate-x-1\/2\"><\/div>\n\n                    <div class=\"timeline-date right w-1\/2 order-1 tablet:order-2 pb-[3px] tablet:pb-0\">\n                        <h4 class=\"!pb-0\">2023<\/h4>\n                    <\/div>\n                <\/div>\n\n                                \n                <div class=\"general-content timeline-item flex flex-col tablet:flex-row items-start relative pb-[4rem]\">\n                    <div class=\"timeline-text w-full tablet:w-1\/2 order-2 tablet:order-1\">\n\n                        \n                            <p class=\"last:mb-0 pl-[2rem] text-left\">Furukawa est devenu propri\u00e9taire \u00e0 100 % de Trocellen GmbH, ouvrant de nouvelles perspectives pour exploiter pleinement le potentiel commun en mati\u00e8re d\u2019innovation et de coop\u00e9ration commerciale.<\/p> \n\n                                            <\/div>\n\n                    <div class=\"timeline-dot w-[2rem] h-[2rem] rounded-full absolute tablet:left-1\/2 transform -translate-x-1\/2\"><\/div>\n\n                    <div class=\"timeline-date right w-1\/2 order-1 tablet:order-2 pb-[3px] tablet:pb-0\">\n                        <h4 class=\"!pb-0\">2014<\/h4>\n                    <\/div>\n                <\/div>\n\n                                \n                <div class=\"general-content timeline-item flex flex-col tablet:flex-row items-start relative pb-[4rem]\">\n                    <div class=\"timeline-text w-full tablet:w-1\/2 order-2 tablet:order-1\">\n\n                        \n                            <p class=\"last:mb-0 pl-[2rem] text-left\">Trocellen a restructur\u00e9 son organisation et red\u00e9fini son approche du march\u00e9, en pla\u00e7ant les besoins des partenaires au c\u0153ur de ses activit\u00e9s. La nouvelle structure bas\u00e9e sur des unit\u00e9s commerciales a permis une meilleure compr\u00e9hension du march\u00e9, un suivi continu et des relations clients durables.<\/p> \n\n                                            <\/div>\n\n                    <div class=\"timeline-dot w-[2rem] h-[2rem] rounded-full absolute tablet:left-1\/2 transform -translate-x-1\/2\"><\/div>\n\n                    <div class=\"timeline-date right w-1\/2 order-1 tablet:order-2 pb-[3px] tablet:pb-0\">\n                        <h4 class=\"!pb-0\">2011<\/h4>\n                    <\/div>\n                <\/div>\n\n                                \n                <div class=\"general-content timeline-item flex flex-col tablet:flex-row items-start relative pb-[4rem]\">\n                    <div class=\"timeline-text w-full tablet:w-1\/2 order-2 tablet:order-1\">\n\n                        \n                            <p class=\"last:mb-0 pl-[2rem] text-left\">\u00c0 travers une s\u00e9rie d\u2019acquisitions et de fusions en Europe, Trocellen a progressivement \u00e9tendu ses capacit\u00e9s de production et de d\u00e9veloppement, notamment avec l\u2019acquisition de Polifoam \u2014 la coentreprise japono-hongroise fond\u00e9e en 1984 \u2014 devenant ainsi le fabricant de r\u00e9f\u00e9rence de mousses en poly\u00e9thyl\u00e8ne r\u00e9ticul\u00e9 chimiquement en Europe centrale et orientale.<\/p> \n\n                                            <\/div>\n\n                    <div class=\"timeline-dot w-[2rem] h-[2rem] rounded-full absolute tablet:left-1\/2 transform -translate-x-1\/2\"><\/div>\n\n                    <div class=\"timeline-date right w-1\/2 order-1 tablet:order-2 pb-[3px] tablet:pb-0\">\n                        <h4 class=\"!pb-0\">2006-2010<\/h4>\n                    <\/div>\n                <\/div>\n\n                                \n                <div class=\"general-content timeline-item flex flex-col tablet:flex-row items-start relative pb-[4rem]\">\n                    <div class=\"timeline-text w-full tablet:w-1\/2 order-2 tablet:order-1\">\n\n                        \n                            <p class=\"last:mb-0 pl-[2rem] text-left\">Furukawa Electric Co. Ltd. et Otsuka Chemical Co. Ltd. ont acquis Trocellen, apportant une expertise approfondie dans l\u2019industrie des mousses, ce qui a consid\u00e9rablement renforc\u00e9 les bases technologiques et d\u2019innovation de l\u2019entreprise.<\/p> \n\n                                            <\/div>\n\n                    <div class=\"timeline-dot w-[2rem] h-[2rem] rounded-full absolute tablet:left-1\/2 transform -translate-x-1\/2\"><\/div>\n\n                    <div class=\"timeline-date right w-1\/2 order-1 tablet:order-2 pb-[3px] tablet:pb-0\">\n                        <h4 class=\"!pb-0\">2005<\/h4>\n                    <\/div>\n                <\/div>\n\n                                \n                <div class=\"general-content timeline-item flex flex-col tablet:flex-row items-start relative pb-[4rem]\">\n                    <div class=\"timeline-text w-full tablet:w-1\/2 order-2 tablet:order-1\">\n\n                        \n                            <p class=\"last:mb-0 pl-[2rem] text-left\">Au tournant du mill\u00e9naire, Trocellen est devenue une entreprise ind\u00e9pendante \u2014 Trocellen GmbH. Soutenue par des investissements importants dans la production et la technologie, l\u2019entreprise nouvellement autonome \u00e9tait pr\u00eate \u00e0 se d\u00e9velopper selon ses propres orientations.<\/p> \n\n                                            <\/div>\n\n                    <div class=\"timeline-dot w-[2rem] h-[2rem] rounded-full absolute tablet:left-1\/2 transform -translate-x-1\/2\"><\/div>\n\n                    <div class=\"timeline-date right w-1\/2 order-1 tablet:order-2 pb-[3px] tablet:pb-0\">\n                        <h4 class=\"!pb-0\">2000<\/h4>\n                    <\/div>\n                <\/div>\n\n                                \n                <div class=\"general-content timeline-item flex flex-col tablet:flex-row items-start relative pb-[4rem]\">\n                    <div class=\"timeline-text w-full tablet:w-1\/2 order-2 tablet:order-1\">\n\n                        \n                            <p class=\"last:mb-0 pl-[2rem] text-left\">Gr\u00e2ce \u00e0 des acquisitions strat\u00e9giques et au d\u00e9veloppement de ses activit\u00e9s, Trocellen a progressivement pos\u00e9 les bases de ses op\u00e9rations mondiales centr\u00e9es sur l\u2019Europe.<\/p> \n\n                                            <\/div>\n\n                    <div class=\"timeline-dot w-[2rem] h-[2rem] rounded-full absolute tablet:left-1\/2 transform -translate-x-1\/2\"><\/div>\n\n                    <div class=\"timeline-date right w-1\/2 order-1 tablet:order-2 pb-[3px] tablet:pb-0\">\n                        <h4 class=\"!pb-0\">1972-2000<\/h4>\n                    <\/div>\n                <\/div>\n\n                                \n                <div class=\"general-content timeline-item flex flex-col tablet:flex-row items-start relative pb-[4rem]\">\n                    <div class=\"timeline-text w-full tablet:w-1\/2 order-2 tablet:order-1\">\n\n                        \n                            <p class=\"last:mb-0 pl-[2rem] text-left\">La premi\u00e8re mousse Trocellen a \u00e9t\u00e9 produite au sein du groupe Dynamit Nobel, marquant la naissance d\u2019une marque qui a rapidement acquis une solide r\u00e9putation \u00e0 travers l\u2019Europe.<\/p> \n\n                                            <\/div>\n\n                    <div class=\"timeline-dot w-[2rem] h-[2rem] rounded-full absolute tablet:left-1\/2 transform -translate-x-1\/2\"><\/div>\n\n                    <div class=\"timeline-date right w-1\/2 order-1 tablet:order-2 pb-[3px] tablet:pb-0\">\n                        <h4 class=\"!pb-0\">1972<\/h4>\n                    <\/div>\n                <\/div>\n\n                \n            <\/div>\n        <\/section>\n\n\n\n\n<section class=\"general-content text-[#131313]\">\n    <div class=\"container\">\n        <div>\n            <h3 class=\"text-center\">Cr\u00e9\u00e9 pour la responsabilit\u00e9, con\u00e7u pour la performance <\/h3>\n\n                    <\/div>\n    <\/div>\n<\/section>\n\n\n<div class=\"group relative bg-white h-[24px] laptop:h-[64px]\" aria-hidden=\"true\"><\/div>","protected":false},"excerpt":{"rendered":"","protected":false},"author":1,"featured_media":0,"parent":6777,"menu_order":0,"comment_status":"closed","ping_status":"closed","template":"template-parts\/page-general.php","meta":{"_acf_changed":false,"footnotes":""},"class_list":["post-7325","page","type-page","status-publish","hentry"],"acf":[],"yoast_head":"<!-- This site is optimized with the Yoast SEO plugin v25.9 - https:\/\/yoast.com\/wordpress\/plugins\/seo\/ -->\n<title>Histoire - Trocellen, the European polyolefin foam solution provider<\/title>\n<meta name=\"robots\" content=\"index, follow, max-snippet:-1, max-image-preview:large, max-video-preview:-1\" \/>\n<link rel=\"canonical\" href=\"https:\/\/trocellen.com\/fr\/trocellen\/histoire\/\" \/>\n<meta property=\"og:locale\" content=\"fr_FR\" \/>\n<meta property=\"og:type\" content=\"article\" \/>\n<meta property=\"og:title\" content=\"Histoire - Trocellen, the European polyolefin foam solution provider\" \/>\n<meta property=\"og:url\" content=\"https:\/\/trocellen.com\/fr\/trocellen\/histoire\/\" \/>\n<meta property=\"og:site_name\" content=\"Trocellen, the European polyolefin foam solution provider\" \/>\n<meta property=\"article:modified_time\" content=\"2026-04-27T14:56:27+00:00\" \/>\n<meta name=\"twitter:card\" content=\"summary_large_image\" \/>\n<script type=\"application\/ld+json\" class=\"yoast-schema-graph\">{\"@context\":\"https:\/\/schema.org\",\"@graph\":[{\"@type\":\"WebPage\",\"@id\":\"https:\/\/trocellen.com\/fr\/trocellen\/histoire\/\",\"url\":\"https:\/\/trocellen.com\/fr\/trocellen\/histoire\/\",\"name\":\"Histoire - Trocellen, the European polyolefin foam solution provider\",\"isPartOf\":{\"@id\":\"https:\/\/trocellen.com\/#website\"},\"datePublished\":\"2025-04-29T07:38:28+00:00\",\"dateModified\":\"2026-04-27T14:56:27+00:00\",\"breadcrumb\":{\"@id\":\"https:\/\/trocellen.com\/fr\/trocellen\/histoire\/#breadcrumb\"},\"inLanguage\":\"fr-FR\",\"potentialAction\":[{\"@type\":\"ReadAction\",\"target\":[\"https:\/\/trocellen.com\/fr\/trocellen\/histoire\/\"]}]},{\"@type\":\"BreadcrumbList\",\"@id\":\"https:\/\/trocellen.com\/fr\/trocellen\/histoire\/#breadcrumb\",\"itemListElement\":[{\"@type\":\"ListItem\",\"position\":1,\"name\":\"Home\",\"item\":\"https:\/\/trocellen.com\/fr\/\"},{\"@type\":\"ListItem\",\"position\":2,\"name\":\"Histoire\"}]},{\"@type\":\"WebSite\",\"@id\":\"https:\/\/trocellen.com\/#website\",\"url\":\"https:\/\/trocellen.com\/\",\"name\":\"Trocellen, the European polyolefin foam solution provider\",\"description\":\"TROCELLEN\u00ae is a leading manufacturer of chemically and physically cross-linked polyolefin and rubber foam solutions\",\"potentialAction\":[{\"@type\":\"SearchAction\",\"target\":{\"@type\":\"EntryPoint\",\"urlTemplate\":\"https:\/\/trocellen.com\/?s={search_term_string}\"},\"query-input\":{\"@type\":\"PropertyValueSpecification\",\"valueRequired\":true,\"valueName\":\"search_term_string\"}}],\"inLanguage\":\"fr-FR\"}]}<\/script>\n<!-- \/ Yoast SEO plugin. -->","yoast_head_json":{"title":"Histoire - Trocellen, the European polyolefin foam solution provider","robots":{"index":"index","follow":"follow","max-snippet":"max-snippet:-1","max-image-preview":"max-image-preview:large","max-video-preview":"max-video-preview:-1"},"canonical":"https:\/\/trocellen.com\/fr\/trocellen\/histoire\/","og_locale":"fr_FR","og_type":"article","og_title":"Histoire - Trocellen, the European polyolefin foam solution provider","og_url":"https:\/\/trocellen.com\/fr\/trocellen\/histoire\/","og_site_name":"Trocellen, the European polyolefin foam solution provider","article_modified_time":"2026-04-27T14:56:27+00:00","twitter_card":"summary_large_image","schema":{"@context":"https:\/\/schema.org","@graph":[{"@type":"WebPage","@id":"https:\/\/trocellen.com\/fr\/trocellen\/histoire\/","url":"https:\/\/trocellen.com\/fr\/trocellen\/histoire\/","name":"Histoire - Trocellen, the European polyolefin foam solution provider","isPartOf":{"@id":"https:\/\/trocellen.com\/#website"},"datePublished":"2025-04-29T07:38:28+00:00","dateModified":"2026-04-27T14:56:27+00:00","breadcrumb":{"@id":"https:\/\/trocellen.com\/fr\/trocellen\/histoire\/#breadcrumb"},"inLanguage":"fr-FR","potentialAction":[{"@type":"ReadAction","target":["https:\/\/trocellen.com\/fr\/trocellen\/histoire\/"]}]},{"@type":"BreadcrumbList","@id":"https:\/\/trocellen.com\/fr\/trocellen\/histoire\/#breadcrumb","itemListElement":[{"@type":"ListItem","position":1,"name":"Home","item":"https:\/\/trocellen.com\/fr\/"},{"@type":"ListItem","position":2,"name":"Histoire"}]},{"@type":"WebSite","@id":"https:\/\/trocellen.com\/#website","url":"https:\/\/trocellen.com\/","name":"Trocellen, the European polyolefin foam solution provider","description":"TROCELLEN\u00ae is a leading manufacturer of chemically and physically cross-linked polyolefin and rubber foam solutions","potentialAction":[{"@type":"SearchAction","target":{"@type":"EntryPoint","urlTemplate":"https:\/\/trocellen.com\/?s={search_term_string}"},"query-input":{"@type":"PropertyValueSpecification","valueRequired":true,"valueName":"search_term_string"}}],"inLanguage":"fr-FR"}]}},"_links":{"self":[{"href":"https:\/\/trocellen.com\/fr\/wp-json\/wp\/v2\/pages\/7325","targetHints":{"allow":["GET"]}}],"collection":[{"href":"https:\/\/trocellen.com\/fr\/wp-json\/wp\/v2\/pages"}],"about":[{"href":"https:\/\/trocellen.com\/fr\/wp-json\/wp\/v2\/types\/page"}],"author":[{"embeddable":true,"href":"https:\/\/trocellen.com\/fr\/wp-json\/wp\/v2\/users\/1"}],"replies":[{"embeddable":true,"href":"https:\/\/trocellen.com\/fr\/wp-json\/wp\/v2\/comments?post=7325"}],"version-history":[{"count":4,"href":"https:\/\/trocellen.com\/fr\/wp-json\/wp\/v2\/pages\/7325\/revisions"}],"predecessor-version":[{"id":16008,"href":"https:\/\/trocellen.com\/fr\/wp-json\/wp\/v2\/pages\/7325\/revisions\/16008"}],"up":[{"embeddable":true,"href":"https:\/\/trocellen.com\/fr\/wp-json\/wp\/v2\/pages\/6777"}],"wp:attachment":[{"href":"https:\/\/trocellen.com\/fr\/wp-json\/wp\/v2\/media?parent=7325"}],"curies":[{"name":"wp","href":"https:\/\/api.w.org\/{rel}","templated":true}]}}