{"id":7298,"date":"2025-04-29T07:38:08","date_gmt":"2025-04-29T07:38:08","guid":{"rendered":"https:\/\/trocellen-dev.local\/trocellen\/ambition\/"},"modified":"2025-11-28T10:07:53","modified_gmt":"2025-11-28T10:07:53","slug":"notre-objectif-et-nos-valeurs","status":"publish","type":"page","link":"https:\/\/trocellen.com\/fr\/trocellen\/notre-objectif-et-nos-valeurs\/","title":{"rendered":"Notre objectif et nos valeurs"},"content":{"rendered":"\n<div class=\"group relative bg-gray-200 h-[24px] laptop:h-[64px]\" aria-hidden=\"true\"><\/div>\n\n\n<section class=\"col-content bg-gray-200 \">\n    <div class=\"container\">\n        <div class=\"general-content\">\n            \n            <div class=\"flex flex-col tablet:flex-row gap-small items-center\">\n                <div class=\"flex-1 \">\n                    <h3><img loading=\"lazy\" decoding=\"async\" style=\"display: inline-block; margin-right: 10px;\" class=\"alignnone wp-image-15145\" src=\"https:\/\/trocellen.com\/wp-content\/uploads\/2025\/11\/Trocellen-Purpose-Logo-Brand-Mark-on-White-300x300.png\" alt=\"\" width=\"40\" height=\"40\" srcset=\"https:\/\/trocellen.com\/wp-content\/uploads\/2025\/11\/Trocellen-Purpose-Logo-Brand-Mark-on-White-300x300.png 300w, https:\/\/trocellen.com\/wp-content\/uploads\/2025\/11\/Trocellen-Purpose-Logo-Brand-Mark-on-White-150x150.png 150w, https:\/\/trocellen.com\/wp-content\/uploads\/2025\/11\/Trocellen-Purpose-Logo-Brand-Mark-on-White.png 702w\" sizes=\"auto, (max-width: 40px) 100vw, 40px\" \/>La mission de Trocellen<\/h3>\n<h3>Nous favorisons le bien-\u00eatre des hommes et des femmes, en ouvrant la voie \u00e0 des lendemains meilleurs<\/h3>\n                <\/div>\n\n                <div class=\"flex-1\">\n                    <p>Nous cr\u00e9ons des solutions industrielles de pointe pour le grand public en termes de s\u00e9curit\u00e9 et de confort, afin d\u2019am\u00e9liorer la vie des gens et d\u2019assurer un avenir meilleur pour tous.<\/p>\n<p>Nos produits att\u00e9nuent les nuisances autour de nos utilisateurs, afin qu\u2019ils puissent se concentrer sur ce qu\u2019ils aiment, sans entraves, sans crainte et en toute tranquillit\u00e9 d\u2019esprit.<\/p>\n<p>En notre qualit\u00e9 de leader de l\u2019industrie, nous b\u00e2tissons la confiance, respectons les relations d\u2019affaires et contribuons aux efforts de d\u00e9veloppement durable \u00e0 tous les niveaux. Nous sommes un employeur \u00e9quitable qui reconna\u00eet la valeur de son personnel : c\u2019est ensemble que nous cr\u00e9erons de la valeur \u00e0 long terme.<\/p>\n                <\/div>\n            <\/div>\n\n        <\/div>\n    <\/div>\n<\/section>\n\n\n<div class=\"group relative bg-gray-200 h-[24px] laptop:h-[64px]\" aria-hidden=\"true\"><\/div>\n\n\n<div class=\"group relative bg-white h-[32px]\" aria-hidden=\"true\"><\/div>\n\n<section class=\"heading-block\">\n    <div class=\"container\">\n        \n        <div class=\"general-content border-b-[4px] border-gradient !py-small text-center\">\n            \n            \n                <div class=\"general-content\">\n                        <h2 class=\"!p-0 !border-none\">\n                            Valeurs                        <\/h2>\n                                    <\/div>\n\n            \n        <\/div>\n    <\/div>\n<\/section>\n\n\n<div class=\"group relative bg-white h-[32px]\" aria-hidden=\"true\"><\/div>\n\n\n        <section>\n            <div class=\"container tablet:max-w-[416px] laptop:max-w-[562px]\">\n                <div class=\"flex flex-col gap-xs\">\n\n                \n                    <div class=\"general-content\">\n                        <div class=\"border-b-[2px] border-gradient w-full flex items-center gap-[15px]\">\n                            <img decoding=\"async\" src=\"https:\/\/trocellen.com\/wp-content\/uploads\/2025\/10\/Values_icon_collaboration-1.png\" alt=\"\">\n                            <span class=\"uppercase font-light text-[1.375rem] leading-[2.5rem] py-xs block \">Collaboration et responsabilit\u00e9 <\/span>\n                        <\/div>\n\n                        \n                        <div class=\"py-default\">\n                            <p>Nous attachons de l\u2019importance au travail d\u2019\u00e9quipe, afin de cr\u00e9er un milieu favorable o\u00f9 chaque coll\u00e8gue a la possibilit\u00e9 de s\u2019approprier son propre projet, de contribuer \u00e0 la r\u00e9alisation d\u2019objectifs partag\u00e9s et d\u2019\u00e9voluer de concert avec l\u2019entreprise.<\/p>\n                        <\/div>\n\n                        \n                    <\/div>\n\n                \n                    <div class=\"general-content\">\n                        <div class=\"border-b-[2px] border-gradient w-full flex items-center gap-[15px]\">\n                            <img decoding=\"async\" src=\"https:\/\/trocellen.com\/wp-content\/uploads\/2025\/10\/Values_icon_innovation-1.png\" alt=\"\">\n                            <span class=\"uppercase font-light text-[1.375rem] leading-[2.5rem] py-xs block \">Innovation et approche du march\u00e9<\/span>\n                        <\/div>\n\n                        \n                        <div class=\"py-default\">\n                            <p>En repoussant les limites et en encourageant la cr\u00e9ativit\u00e9, nous proposons des solutions qui apportent une valeur durable \u00e0 nos clients.<\/p>\n                        <\/div>\n\n                        \n                    <\/div>\n\n                \n                    <div class=\"general-content\">\n                        <div class=\"border-b-[2px] border-gradient w-full flex items-center gap-[15px]\">\n                            <img decoding=\"async\" src=\"https:\/\/trocellen.com\/wp-content\/uploads\/2025\/10\/Values_icon_integrity-1.png\" alt=\"\">\n                            <span class=\"uppercase font-light text-[1.375rem] leading-[2.5rem] py-xs block \">Int\u00e9grit\u00e9 et transparence<\/span>\n                        <\/div>\n\n                        \n                        <div class=\"py-default\">\n                            <p>Nous d\u00e9fendons l\u2019honn\u00eatet\u00e9 et l\u2019ouverture, en instaurant la confiance et la responsabilit\u00e9 au sein de notre \u00e9quipe, ainsi que chez nos partenaires.<\/p>\n                        <\/div>\n\n                        \n                    <\/div>\n\n                \n                    <div class=\"general-content\">\n                        <div class=\"border-b-[2px] border-gradient w-full flex items-center gap-[15px]\">\n                            <img decoding=\"async\" src=\"https:\/\/trocellen.com\/wp-content\/uploads\/2025\/10\/Values_icon_diversity-1.png\" alt=\"\">\n                            <span class=\"uppercase font-light text-[1.375rem] leading-[2.5rem] py-xs block \">Diversit\u00e9 et inclusion<\/span>\n                        <\/div>\n\n                        \n                        <div class=\"py-default\">\n                            <p>Nous embrassons des perspectives diverses pour cr\u00e9er une culture qui c\u00e9l\u00e8bre les diff\u00e9rences et promeut l\u2019\u00e9galit\u00e9.<\/p>\n                        <\/div>\n\n                        \n                    <\/div>\n\n                \n                    <div class=\"general-content\">\n                        <div class=\"border-b-[2px] border-gradient w-full flex items-center gap-[15px]\">\n                            <img decoding=\"async\" src=\"https:\/\/trocellen.com\/wp-content\/uploads\/2025\/10\/Values_icon_sustainability-1.png\" alt=\"\">\n                            <span class=\"uppercase font-light text-[1.375rem] leading-[2.5rem] py-xs block \">Durabilit\u00e9 et responsabilit\u00e9<\/span>\n                        <\/div>\n\n                        \n                        <div class=\"py-default\">\n                            <p>Les pratiques durables et la prise de d\u00e9cision responsable sont au c\u0153ur de nos pr\u00e9occupations, pour le bien de notre plan\u00e8te et de la soci\u00e9t\u00e9.<\/p>\n                        <\/div>\n\n                        \n                    <\/div>\n\n                \n                <\/div>\n            <\/div>\n        <\/section>\n    \n\n\n\n<div class=\"group relative bg-white h-[32px]\" aria-hidden=\"true\"><\/div>","protected":false},"excerpt":{"rendered":"","protected":false},"author":1,"featured_media":0,"parent":6777,"menu_order":0,"comment_status":"closed","ping_status":"closed","template":"template-parts\/page-general.php","meta":{"_acf_changed":false,"footnotes":""},"class_list":["post-7298","page","type-page","status-publish","hentry"],"acf":[],"yoast_head":"<!-- This site is optimized with the Yoast SEO plugin v25.9 - https:\/\/yoast.com\/wordpress\/plugins\/seo\/ -->\n<title>Notre objectif et nos valeurs - Trocellen, the European polyolefin foam solution provider<\/title>\n<meta name=\"robots\" content=\"index, follow, max-snippet:-1, max-image-preview:large, max-video-preview:-1\" \/>\n<link rel=\"canonical\" href=\"https:\/\/trocellen.com\/fr\/trocellen\/notre-objectif-et-nos-valeurs\/\" \/>\n<meta property=\"og:locale\" content=\"fr_FR\" \/>\n<meta property=\"og:type\" content=\"article\" \/>\n<meta property=\"og:title\" content=\"Notre objectif et nos valeurs - Trocellen, the European polyolefin foam solution provider\" \/>\n<meta property=\"og:url\" content=\"https:\/\/trocellen.com\/fr\/trocellen\/notre-objectif-et-nos-valeurs\/\" \/>\n<meta property=\"og:site_name\" content=\"Trocellen, the European polyolefin foam solution provider\" \/>\n<meta property=\"article:modified_time\" content=\"2025-11-28T10:07:53+00:00\" \/>\n<meta name=\"twitter:card\" content=\"summary_large_image\" \/>\n<script type=\"application\/ld+json\" class=\"yoast-schema-graph\">{\"@context\":\"https:\/\/schema.org\",\"@graph\":[{\"@type\":\"WebPage\",\"@id\":\"https:\/\/trocellen.com\/fr\/trocellen\/notre-objectif-et-nos-valeurs\/\",\"url\":\"https:\/\/trocellen.com\/fr\/trocellen\/notre-objectif-et-nos-valeurs\/\",\"name\":\"Notre objectif et nos valeurs - Trocellen, the European polyolefin foam solution provider\",\"isPartOf\":{\"@id\":\"https:\/\/trocellen.com\/#website\"},\"datePublished\":\"2025-04-29T07:38:08+00:00\",\"dateModified\":\"2025-11-28T10:07:53+00:00\",\"breadcrumb\":{\"@id\":\"https:\/\/trocellen.com\/fr\/trocellen\/notre-objectif-et-nos-valeurs\/#breadcrumb\"},\"inLanguage\":\"fr-FR\",\"potentialAction\":[{\"@type\":\"ReadAction\",\"target\":[\"https:\/\/trocellen.com\/fr\/trocellen\/notre-objectif-et-nos-valeurs\/\"]}]},{\"@type\":\"BreadcrumbList\",\"@id\":\"https:\/\/trocellen.com\/fr\/trocellen\/notre-objectif-et-nos-valeurs\/#breadcrumb\",\"itemListElement\":[{\"@type\":\"ListItem\",\"position\":1,\"name\":\"Home\",\"item\":\"https:\/\/trocellen.com\/fr\/\"},{\"@type\":\"ListItem\",\"position\":2,\"name\":\"Notre objectif et nos valeurs\"}]},{\"@type\":\"WebSite\",\"@id\":\"https:\/\/trocellen.com\/#website\",\"url\":\"https:\/\/trocellen.com\/\",\"name\":\"Trocellen, the European polyolefin foam solution provider\",\"description\":\"TROCELLEN\u00ae is a leading manufacturer of chemically and physically cross-linked polyolefin and rubber foam solutions\",\"potentialAction\":[{\"@type\":\"SearchAction\",\"target\":{\"@type\":\"EntryPoint\",\"urlTemplate\":\"https:\/\/trocellen.com\/?s={search_term_string}\"},\"query-input\":{\"@type\":\"PropertyValueSpecification\",\"valueRequired\":true,\"valueName\":\"search_term_string\"}}],\"inLanguage\":\"fr-FR\"}]}<\/script>\n<!-- \/ Yoast SEO plugin. -->","yoast_head_json":{"title":"Notre objectif et nos valeurs - Trocellen, the European polyolefin foam solution provider","robots":{"index":"index","follow":"follow","max-snippet":"max-snippet:-1","max-image-preview":"max-image-preview:large","max-video-preview":"max-video-preview:-1"},"canonical":"https:\/\/trocellen.com\/fr\/trocellen\/notre-objectif-et-nos-valeurs\/","og_locale":"fr_FR","og_type":"article","og_title":"Notre objectif et nos valeurs - Trocellen, the European polyolefin foam solution provider","og_url":"https:\/\/trocellen.com\/fr\/trocellen\/notre-objectif-et-nos-valeurs\/","og_site_name":"Trocellen, the European polyolefin foam solution provider","article_modified_time":"2025-11-28T10:07:53+00:00","twitter_card":"summary_large_image","schema":{"@context":"https:\/\/schema.org","@graph":[{"@type":"WebPage","@id":"https:\/\/trocellen.com\/fr\/trocellen\/notre-objectif-et-nos-valeurs\/","url":"https:\/\/trocellen.com\/fr\/trocellen\/notre-objectif-et-nos-valeurs\/","name":"Notre objectif et nos valeurs - Trocellen, the European polyolefin foam solution provider","isPartOf":{"@id":"https:\/\/trocellen.com\/#website"},"datePublished":"2025-04-29T07:38:08+00:00","dateModified":"2025-11-28T10:07:53+00:00","breadcrumb":{"@id":"https:\/\/trocellen.com\/fr\/trocellen\/notre-objectif-et-nos-valeurs\/#breadcrumb"},"inLanguage":"fr-FR","potentialAction":[{"@type":"ReadAction","target":["https:\/\/trocellen.com\/fr\/trocellen\/notre-objectif-et-nos-valeurs\/"]}]},{"@type":"BreadcrumbList","@id":"https:\/\/trocellen.com\/fr\/trocellen\/notre-objectif-et-nos-valeurs\/#breadcrumb","itemListElement":[{"@type":"ListItem","position":1,"name":"Home","item":"https:\/\/trocellen.com\/fr\/"},{"@type":"ListItem","position":2,"name":"Notre objectif et nos valeurs"}]},{"@type":"WebSite","@id":"https:\/\/trocellen.com\/#website","url":"https:\/\/trocellen.com\/","name":"Trocellen, the European polyolefin foam solution provider","description":"TROCELLEN\u00ae is a leading manufacturer of chemically and physically cross-linked polyolefin and rubber foam solutions","potentialAction":[{"@type":"SearchAction","target":{"@type":"EntryPoint","urlTemplate":"https:\/\/trocellen.com\/?s={search_term_string}"},"query-input":{"@type":"PropertyValueSpecification","valueRequired":true,"valueName":"search_term_string"}}],"inLanguage":"fr-FR"}]}},"_links":{"self":[{"href":"https:\/\/trocellen.com\/fr\/wp-json\/wp\/v2\/pages\/7298","targetHints":{"allow":["GET"]}}],"collection":[{"href":"https:\/\/trocellen.com\/fr\/wp-json\/wp\/v2\/pages"}],"about":[{"href":"https:\/\/trocellen.com\/fr\/wp-json\/wp\/v2\/types\/page"}],"author":[{"embeddable":true,"href":"https:\/\/trocellen.com\/fr\/wp-json\/wp\/v2\/users\/1"}],"replies":[{"embeddable":true,"href":"https:\/\/trocellen.com\/fr\/wp-json\/wp\/v2\/comments?post=7298"}],"version-history":[{"count":5,"href":"https:\/\/trocellen.com\/fr\/wp-json\/wp\/v2\/pages\/7298\/revisions"}],"predecessor-version":[{"id":15155,"href":"https:\/\/trocellen.com\/fr\/wp-json\/wp\/v2\/pages\/7298\/revisions\/15155"}],"up":[{"embeddable":true,"href":"https:\/\/trocellen.com\/fr\/wp-json\/wp\/v2\/pages\/6777"}],"wp:attachment":[{"href":"https:\/\/trocellen.com\/fr\/wp-json\/wp\/v2\/media?parent=7298"}],"curies":[{"name":"wp","href":"https:\/\/api.w.org\/{rel}","templated":true}]}}