{"id":7281,"date":"2025-04-29T07:37:53","date_gmt":"2025-04-29T07:37:53","guid":{"rendered":"https:\/\/trocellen-dev.local\/about-trocellen\/profile\/"},"modified":"2025-10-13T11:35:38","modified_gmt":"2025-10-13T11:35:38","slug":"profile","status":"publish","type":"page","link":"https:\/\/trocellen.com\/fr\/trocellen\/profile\/","title":{"rendered":"Profile"},"content":{"rendered":"\n<div class=\"group relative bg-white h-[32px]\" aria-hidden=\"true\"><\/div>\n\n\n<section class=\"general-content text-[#131313]\">\n    <div class=\"container\">\n        <div>\n            <h3 class=\"text-center\">Trocellen est le fournisseur europ\u00e9en de solutions en mousse polyol\u00e9fine pour la s\u00e9curit\u00e9 et le confort des personnes. Avec notre propri\u00e9taire japonais, Furukawa Electric Co. Ltd., nous nous destinons \u00e0 une r\u00e9ussite mondiale. <\/h3>\n\n                    <\/div>\n    <\/div>\n<\/section>\n\n\n<div class=\"group relative bg-white h-[32px]\" aria-hidden=\"true\"><\/div>\n\n\n<div class=\"group relative bg-gray-200 h-[24px] laptop:h-[64px]\" aria-hidden=\"true\"><\/div>\n\n\n\n<section class=\"bg-gray-200\">\n    <div class=\"container\">\n        <div class=\"general-content\">\n            <div class=\"flex flex-col tablet:flex-row items-center gap-small \">\n\n                <div class=\"flex-1\">\n                    <p>Avec plus de 600 employ\u00e9s r\u00e9partis sur 9 sites et de nombreuses usines de production, universit\u00e9s partenaires, instituts et concepteurs, nous proposons des solutions \u00e0 une large gamme d\u2019industries et d\u2019applications. Nous r\u00e9pondons aux exigences sp\u00e9cifiques de l\u2019industrie \u00e0 travers nos diff\u00e9rentes unit\u00e9s sp\u00e9cialis\u00e9es et nous d\u00e9veloppons continuellement des produits innovants qui r\u00e9pondent \u00e0 tous les types de besoins. Nous fabriquons des produits finis, semi-finis et des mati\u00e8res premi\u00e8res pour le march\u00e9 des consommateurs et pour nos partenaires appartenant \u00e0 des secteurs divers, tels que l\u2019industrie automobile, la construction et l\u2019isolation, les amateurs et les professionnels du sport, les bandes adh\u00e9sives, les chaussures et l\u2019emballage.<\/p>\n<p>Gr\u00e2ce \u00e0 la grande vari\u00e9t\u00e9 de nos produits, nous pouvons assurer \u00e0 nos clients un foyer et un environnement de travail calme et chaleureux. Nous rendons les voyages confortables et s\u00e9curis\u00e9s. Nous aidons nos clients \u00e0 profiter de leurs loisirs et de prot\u00e9ger \u00e0 la fois leur sant\u00e9. Nous d\u00e9montrons que la mode peut \u00eatre s\u00e9curis\u00e9e et que la s\u00e9curit\u00e9 peut \u00eatre chic. Nous \u00e9laborons des solutions et r\u00e9alisons des projets professionnels vari\u00e9s en coop\u00e9ration avec nos partenaires.<\/p>\n                <\/div>\n\n                <div class=\"flex-1\">\n                    <div class=\"rounded-tr-tr-120 overflow-hidden\">\n                        <img decoding=\"async\" src=\"https:\/\/trocellen.com\/wp-content\/uploads\/2025\/10\/umbrella_-_dreamstime_130664700_-_royaltyfree.jpg\" alt=\"\" class=\"w-full object-cover\">\n                    <\/div>\n                <\/div>\n\n            <\/div>\n        <\/div>\n    <\/div>\n<\/section>\n\n\n<div class=\"group relative bg-gray-200 h-[24px] laptop:h-[64px]\" aria-hidden=\"true\"><\/div>","protected":false},"excerpt":{"rendered":"","protected":false},"author":1,"featured_media":0,"parent":6777,"menu_order":0,"comment_status":"closed","ping_status":"closed","template":"template-parts\/page-general.php","meta":{"_acf_changed":false,"footnotes":""},"class_list":["post-7281","page","type-page","status-publish","hentry"],"acf":[],"yoast_head":"<!-- This site is optimized with the Yoast SEO plugin v25.9 - https:\/\/yoast.com\/wordpress\/plugins\/seo\/ -->\n<title>Profile - Trocellen, the European polyolefin foam solution provider<\/title>\n<meta name=\"robots\" content=\"index, follow, max-snippet:-1, max-image-preview:large, max-video-preview:-1\" \/>\n<link rel=\"canonical\" href=\"https:\/\/trocellen.com\/about-trocellen\/profile\/\" \/>\n<meta property=\"og:locale\" content=\"fr_FR\" \/>\n<meta property=\"og:type\" content=\"article\" \/>\n<meta property=\"og:title\" content=\"Profile - Trocellen, the European polyolefin foam solution provider\" \/>\n<meta property=\"og:url\" content=\"https:\/\/trocellen.com\/about-trocellen\/profile\/\" \/>\n<meta property=\"og:site_name\" content=\"Trocellen, the European polyolefin foam solution provider\" \/>\n<meta property=\"article:modified_time\" content=\"2025-10-13T11:35:38+00:00\" \/>\n<meta name=\"twitter:card\" content=\"summary_large_image\" \/>\n<script type=\"application\/ld+json\" class=\"yoast-schema-graph\">{\"@context\":\"https:\/\/schema.org\",\"@graph\":[{\"@type\":\"WebPage\",\"@id\":\"https:\/\/trocellen.com\/about-trocellen\/profile\/\",\"url\":\"https:\/\/trocellen.com\/about-trocellen\/profile\/\",\"name\":\"Profile - Trocellen, the European polyolefin foam solution provider\",\"isPartOf\":{\"@id\":\"https:\/\/trocellen.com\/#website\"},\"datePublished\":\"2025-04-29T07:37:53+00:00\",\"dateModified\":\"2025-10-13T11:35:38+00:00\",\"breadcrumb\":{\"@id\":\"https:\/\/trocellen.com\/about-trocellen\/profile\/#breadcrumb\"},\"inLanguage\":\"fr-FR\",\"potentialAction\":[{\"@type\":\"ReadAction\",\"target\":[\"https:\/\/trocellen.com\/about-trocellen\/profile\/\"]}]},{\"@type\":\"BreadcrumbList\",\"@id\":\"https:\/\/trocellen.com\/about-trocellen\/profile\/#breadcrumb\",\"itemListElement\":[{\"@type\":\"ListItem\",\"position\":1,\"name\":\"Home\",\"item\":\"https:\/\/trocellen.com\/fr\/\"},{\"@type\":\"ListItem\",\"position\":2,\"name\":\"Profile\"}]},{\"@type\":\"WebSite\",\"@id\":\"https:\/\/trocellen.com\/#website\",\"url\":\"https:\/\/trocellen.com\/\",\"name\":\"Trocellen, the European polyolefin foam solution provider\",\"description\":\"TROCELLEN\u00ae is a leading manufacturer of chemically and physically cross-linked polyolefin and rubber foam solutions\",\"potentialAction\":[{\"@type\":\"SearchAction\",\"target\":{\"@type\":\"EntryPoint\",\"urlTemplate\":\"https:\/\/trocellen.com\/?s={search_term_string}\"},\"query-input\":{\"@type\":\"PropertyValueSpecification\",\"valueRequired\":true,\"valueName\":\"search_term_string\"}}],\"inLanguage\":\"fr-FR\"}]}<\/script>\n<!-- \/ Yoast SEO plugin. -->","yoast_head_json":{"title":"Profile - Trocellen, the European polyolefin foam solution provider","robots":{"index":"index","follow":"follow","max-snippet":"max-snippet:-1","max-image-preview":"max-image-preview:large","max-video-preview":"max-video-preview:-1"},"canonical":"https:\/\/trocellen.com\/about-trocellen\/profile\/","og_locale":"fr_FR","og_type":"article","og_title":"Profile - Trocellen, the European polyolefin foam solution provider","og_url":"https:\/\/trocellen.com\/about-trocellen\/profile\/","og_site_name":"Trocellen, the European polyolefin foam solution provider","article_modified_time":"2025-10-13T11:35:38+00:00","twitter_card":"summary_large_image","schema":{"@context":"https:\/\/schema.org","@graph":[{"@type":"WebPage","@id":"https:\/\/trocellen.com\/about-trocellen\/profile\/","url":"https:\/\/trocellen.com\/about-trocellen\/profile\/","name":"Profile - Trocellen, the European polyolefin foam solution provider","isPartOf":{"@id":"https:\/\/trocellen.com\/#website"},"datePublished":"2025-04-29T07:37:53+00:00","dateModified":"2025-10-13T11:35:38+00:00","breadcrumb":{"@id":"https:\/\/trocellen.com\/about-trocellen\/profile\/#breadcrumb"},"inLanguage":"fr-FR","potentialAction":[{"@type":"ReadAction","target":["https:\/\/trocellen.com\/about-trocellen\/profile\/"]}]},{"@type":"BreadcrumbList","@id":"https:\/\/trocellen.com\/about-trocellen\/profile\/#breadcrumb","itemListElement":[{"@type":"ListItem","position":1,"name":"Home","item":"https:\/\/trocellen.com\/fr\/"},{"@type":"ListItem","position":2,"name":"Profile"}]},{"@type":"WebSite","@id":"https:\/\/trocellen.com\/#website","url":"https:\/\/trocellen.com\/","name":"Trocellen, the European polyolefin foam solution provider","description":"TROCELLEN\u00ae is a leading manufacturer of chemically and physically cross-linked polyolefin and rubber foam solutions","potentialAction":[{"@type":"SearchAction","target":{"@type":"EntryPoint","urlTemplate":"https:\/\/trocellen.com\/?s={search_term_string}"},"query-input":{"@type":"PropertyValueSpecification","valueRequired":true,"valueName":"search_term_string"}}],"inLanguage":"fr-FR"}]}},"_links":{"self":[{"href":"https:\/\/trocellen.com\/fr\/wp-json\/wp\/v2\/pages\/7281","targetHints":{"allow":["GET"]}}],"collection":[{"href":"https:\/\/trocellen.com\/fr\/wp-json\/wp\/v2\/pages"}],"about":[{"href":"https:\/\/trocellen.com\/fr\/wp-json\/wp\/v2\/types\/page"}],"author":[{"embeddable":true,"href":"https:\/\/trocellen.com\/fr\/wp-json\/wp\/v2\/users\/1"}],"replies":[{"embeddable":true,"href":"https:\/\/trocellen.com\/fr\/wp-json\/wp\/v2\/comments?post=7281"}],"version-history":[{"count":5,"href":"https:\/\/trocellen.com\/fr\/wp-json\/wp\/v2\/pages\/7281\/revisions"}],"predecessor-version":[{"id":14284,"href":"https:\/\/trocellen.com\/fr\/wp-json\/wp\/v2\/pages\/7281\/revisions\/14284"}],"up":[{"embeddable":true,"href":"https:\/\/trocellen.com\/fr\/wp-json\/wp\/v2\/pages\/6777"}],"wp:attachment":[{"href":"https:\/\/trocellen.com\/fr\/wp-json\/wp\/v2\/media?parent=7281"}],"curies":[{"name":"wp","href":"https:\/\/api.w.org\/{rel}","templated":true}]}}