{"id":6511,"date":"2025-05-15T06:18:50","date_gmt":"2025-05-15T06:18:50","guid":{"rendered":"https:\/\/trocellen-dev.local\/carriere\/people-excellence\/"},"modified":"2025-10-07T09:37:22","modified_gmt":"2025-10-07T09:37:22","slug":"des-personnes-dexcellence","status":"publish","type":"page","link":"https:\/\/trocellen.com\/fr\/carriere\/des-personnes-dexcellence\/","title":{"rendered":"Des personnes d\u2019excellence"},"content":{"rendered":"\n<div class=\"group relative bg-white h-[48px]\" aria-hidden=\"true\"><\/div>\n\n\n<section class=\"general-content text-[#131313]\">\n    <div class=\"container\">\n        <div>\n            <h3 class=\"text-center\">Notre devise: Nous accompagnons votre \u00e9volution professionnelle <\/h3>\n\n                    <\/div>\n    <\/div>\n<\/section>\n\n\n<div class=\"group relative bg-white h-[48px]\" aria-hidden=\"true\"><\/div>\n\n\n<div class=\"group relative bg-gray-200 h-[48px]\" aria-hidden=\"true\"><\/div>\n\n\n<section class=\"col-content bg-gray-200 \">\n    <div class=\"container\">\n        <div class=\"general-content\">\n            \n            <div class=\"flex flex-col tablet:flex-row gap-small items-start\">\n                <div class=\"flex-1 \">\n                    <h2>La culture de Trocellen est bas\u00e9e sur le milieu favorable, la planification consciente et l\u2019attention mutuelle les uns envers les autres.<\/h2>\n                <\/div>\n\n                <div class=\"flex-1\">\n                    <p>Tous les coll\u00e8gues entrent dans notre entreprise avec des objectifs de progr\u00e8s et des capacit\u00e9s uniques. Les conna\u00eetre et les int\u00e9grer dans l\u2019ensemble du travail de notre entreprise est la base d\u2019un avenir r\u00e9ussi au m\u00eame titre que l\u2019\u00e9nergie et l\u2019engagement investis dans le d\u00e9veloppement. Pour nous, la planification de carri\u00e8re signifie que l\u2019entreprise prend en compte les dons, les comp\u00e9tences et les centres d\u2019int\u00e9r\u00eat de chacun afin de r\u00e9v\u00e9ler le savoir-faire et l\u2019exp\u00e9rience cr\u00e9ateurs de valeur. La vision de l\u2019avenir mutuellement favorable \u00e0 l\u2019individu et \u00e0 l\u2019entreprise est cr\u00e9\u00e9e en coop\u00e9ration avec l\u2019employ\u00e9.<\/p>\n<p>Gr\u00e2ce aux remarques constructives et continues, chacun est conscient de son propre progr\u00e8s tout au long de l\u2019ann\u00e9e, ce qui permet d\u2019identifier au cours des \u00e9valuations les changements n\u00e9cessaires \u00e0 mettre en \u0153uvre des deux c\u00f4t\u00e9s.<\/p>\n<p>Comme suit, nous vous pr\u00e9sentons nos coll\u00e8gues qui ont construit des carri\u00e8res r\u00e9ussies dans cette culture d\u2019entreprise.<\/p>\n                <\/div>\n            <\/div>\n\n        <\/div>\n    <\/div>\n<\/section>\n\n\n<div class=\"group relative bg-gray-200 h-[48px]\" aria-hidden=\"true\"><\/div>\n\n    <section class=\"bg-gray-200\">\n        <div class=\"container\"> \n            <div class=\"grid grid-cols-1 tablet:grid-cols-3 gap-default\">\n\n            \n                    <div>\n                        <div class=\"mb-[1.5rem]\">\n                            <img decoding=\"async\" src=\"https:\/\/trocellen.com\/wp-content\/uploads\/2026\/02\/01.png\" alt=\"Stephanie Ting\" class=\"w-full h-auto object-cover\">\n                        <\/div>\n\n                        <div class=\"general-content\">\n                            <h3 class=\"!pb-0\">Stephanie Ting<\/h3>\n                            <span class=\"block py-xs text-[0.813rem] leading-[1.056rem]\">HSE Manager<\/span>\n                            <p>STEM-girl interview<\/p>\n                            <a href=\"https:\/\/trocellen.com\/fr\/mon-histoire-a-trocellen\/stephanie-ting\/\" class=\"btn ml-large mt-[1.5rem]\">Plus<\/a>\n                        <\/div>\n                    <\/div>\n\n                \n                    <div>\n                        <div class=\"mb-[1.5rem]\">\n                            <img decoding=\"async\" src=\"https:\/\/trocellen.com\/wp-content\/uploads\/2026\/02\/02.png\" alt=\"Su Fong Nee\" class=\"w-full h-auto object-cover\">\n                        <\/div>\n\n                        <div class=\"general-content\">\n                            <h3 class=\"!pb-0\">Su Fong Nee<\/h3>\n                            <span class=\"block py-xs text-[0.813rem] leading-[1.056rem]\">Directeur financier, responsable 5S chez TC SEA<\/span>\n                            <p>STEM-girl interview<\/p>\n                            <a href=\"https:\/\/trocellen.com\/fr\/mon-histoire-a-trocellen\/su-fong-nee\/\" class=\"btn ml-large mt-[1.5rem]\">Plus<\/a>\n                        <\/div>\n                    <\/div>\n\n                \n                    <div>\n                        <div class=\"mb-[1.5rem]\">\n                            <img decoding=\"async\" src=\"https:\/\/trocellen.com\/wp-content\/uploads\/2026\/02\/04.png\" alt=\"Veronika K\u00e9pes\" class=\"w-full h-auto object-cover\">\n                        <\/div>\n\n                        <div class=\"general-content\">\n                            <h3 class=\"!pb-0\">Veronika K\u00e9pes<\/h3>\n                            <span class=\"block py-xs text-[0.813rem] leading-[1.056rem]\">Assistante contr\u00f4le qualit\u00e9 <\/span>\n                            <p>STEM-girl interview<\/p>\n                            <a href=\"https:\/\/trocellen.com\/fr\/mon-histoire-a-trocellen\/veronika-kepes\/\" class=\"btn ml-large mt-[1.5rem]\">Plus<\/a>\n                        <\/div>\n                    <\/div>\n\n                \n                    <div>\n                        <div class=\"mb-[1.5rem]\">\n                            <img decoding=\"async\" src=\"https:\/\/trocellen.com\/wp-content\/uploads\/2026\/02\/03.png\" alt=\"N\u00f3ra L\u00f6bmann-Mikl\u00f3s\" class=\"w-full h-auto object-cover\">\n                        <\/div>\n\n                        <div class=\"general-content\">\n                            <h3 class=\"!pb-0\">N\u00f3ra L\u00f6bmann-Mikl\u00f3s<\/h3>\n                            <span class=\"block py-xs text-[0.813rem] leading-[1.056rem]\">Coordinatrice de projets de d\u00e9veloppement de produits<\/span>\n                            <p>STEM-girl interview<\/p>\n                            <a href=\"https:\/\/trocellen.com\/fr\/mon-histoire-a-trocellen\/nora-lobmann-miklos\/\" class=\"btn ml-large mt-[1.5rem]\">Plus<\/a>\n                        <\/div>\n                    <\/div>\n\n                \n                    <div>\n                        <div class=\"mb-[1.5rem]\">\n                            <img decoding=\"async\" src=\"https:\/\/trocellen.com\/wp-content\/uploads\/2026\/02\/07.png\" alt=\"Chiara Pizzi\" class=\"w-full h-auto object-cover\">\n                        <\/div>\n\n                        <div class=\"general-content\">\n                            <h3 class=\"!pb-0\">Chiara Pizzi<\/h3>\n                            <span class=\"block py-xs text-[0.813rem] leading-[1.056rem]\">Ing\u00e9nierie de gestion \/ Responsable de production<\/span>\n                            <p>STEM-girl interview<\/p>\n                            <a href=\"https:\/\/trocellen.com\/fr\/mon-histoire-a-trocellen\/chiara-pizzi\/\" class=\"btn ml-large mt-[1.5rem]\">Plus<\/a>\n                        <\/div>\n                    <\/div>\n\n                \n                    <div>\n                        <div class=\"mb-[1.5rem]\">\n                            <img decoding=\"async\" src=\"https:\/\/trocellen.com\/wp-content\/uploads\/2026\/02\/05.png\" alt=\"Giorgia Staffoli\" class=\"w-full h-auto object-cover\">\n                        <\/div>\n\n                        <div class=\"general-content\">\n                            <h3 class=\"!pb-0\">Giorgia Staffoli<\/h3>\n                            <span class=\"block py-xs text-[0.813rem] leading-[1.056rem]\">Ing\u00e9nieure en gestion \/ Responsable de la cha\u00eene d&rsquo;approvisionnement<\/span>\n                            <p>STEM-girl interview<\/p>\n                            <a href=\"https:\/\/trocellen.com\/fr\/mon-histoire-a-trocellen\/giorgia-staffoli\/\" class=\"btn ml-large mt-[1.5rem]\">Plus<\/a>\n                        <\/div>\n                    <\/div>\n\n                \n                    <div>\n                        <div class=\"mb-[1.5rem]\">\n                            <img decoding=\"async\" src=\"https:\/\/trocellen.com\/wp-content\/uploads\/2026\/02\/06.png\" alt=\"Federica Lofrano\" class=\"w-full h-auto object-cover\">\n                        <\/div>\n\n                        <div class=\"general-content\">\n                            <h3 class=\"!pb-0\">Federica Lofrano<\/h3>\n                            <span class=\"block py-xs text-[0.813rem] leading-[1.056rem]\">Assistante HSEQ et ASPP (Responsable de la pr\u00e9vention et de la protection de la sant\u00e9 et de la s\u00e9curit\u00e9)<\/span>\n                            <p>STEM-girl interview<\/p>\n                            <a href=\"https:\/\/trocellen.com\/fr\/mon-histoire-a-trocellen\/federica-lofrano\/\" class=\"btn ml-large mt-[1.5rem]\">Plus<\/a>\n                        <\/div>\n                    <\/div>\n\n                \n                    <div>\n                        <div class=\"mb-[1.5rem]\">\n                            <img decoding=\"async\" src=\"https:\/\/trocellen.com\/wp-content\/uploads\/2025\/05\/piskoti-m-1.png\" alt=\"Dr. Marianna Rideg-Pisk\u00f3ti\" class=\"w-full h-auto object-cover\">\n                        <\/div>\n\n                        <div class=\"general-content\">\n                            <h3 class=\"!pb-0\">Dr. Marianna Rideg-Pisk\u00f3ti<\/h3>\n                            <span class=\"block py-xs text-[0.813rem] leading-[1.056rem]\">Responsable de d\u00e9veloppement durable et responsable CRM<\/span>\n                            <p>Ma passion pour la consommation durable est devenue mon m\u00e9tier lorsque j&rsquo;ai \u00e9t\u00e9 nomm\u00e9e responsable de d\u00e9veloppement durable&#8230;<\/p>\n                            <a href=\"https:\/\/trocellen.com\/fr\/mon-histoire-a-trocellen\/dr-marianna-rideg-piskoti\/\" class=\"btn ml-large mt-[1.5rem]\">Plus<\/a>\n                        <\/div>\n                    <\/div>\n\n                \n                    <div>\n                        <div class=\"mb-[1.5rem]\">\n                            <img decoding=\"async\" src=\"https:\/\/trocellen.com\/wp-content\/uploads\/2025\/05\/frank.png\" alt=\"Frank Pilz\" class=\"w-full h-auto object-cover\">\n                        <\/div>\n\n                        <div class=\"general-content\">\n                            <h3 class=\"!pb-0\">Frank Pilz<\/h3>\n                            <span class=\"block py-xs text-[0.813rem] leading-[1.056rem]\">Corporate Manager R&#038;D<\/span>\n                            <p>Being with Trocellen is a constant challenge, but for sure never boring!<\/p>\n                            <a href=\"https:\/\/trocellen.com\/fr\/mon-histoire-a-trocellen\/frank-pilz\/\" class=\"btn ml-large mt-[1.5rem]\">Plus<\/a>\n                        <\/div>\n                    <\/div>\n\n                \n                    <div>\n                        <div class=\"mb-[1.5rem]\">\n                            <img decoding=\"async\" src=\"https:\/\/trocellen.com\/wp-content\/uploads\/2025\/05\/Career-MyTC-Martin-von-Lienen.png\" alt=\"Martin von Lienen\" class=\"w-full h-auto object-cover\">\n                        <\/div>\n\n                        <div class=\"general-content\">\n                            <h3 class=\"!pb-0\">Martin von Lienen<\/h3>\n                            <span class=\"block py-xs text-[0.813rem] leading-[1.056rem]\">Directeur des finances et de la gestion<\/span>\n                            <p>Pour moi, Trocellen signifie une bonne \u00e9quipe avec de grandes id\u00e9es. Cela se traduit par un d\u00e9veloppement continu&#8230;<\/p>\n                            <a href=\"https:\/\/trocellen.com\/fr\/mon-histoire-a-trocellen\/martin-von-lienen\/\" class=\"btn ml-large mt-[1.5rem]\">Plus<\/a>\n                        <\/div>\n                    <\/div>\n\n                \n                    <div>\n                        <div class=\"mb-[1.5rem]\">\n                            <img decoding=\"async\" src=\"https:\/\/trocellen.com\/wp-content\/uploads\/2025\/05\/Career-MyTC-Viragh-Robert-2.png\" alt=\"R\u00f3bert Vir\u00e1gh\" class=\"w-full h-auto object-cover\">\n                        <\/div>\n\n                        <div class=\"general-content\">\n                            <h3 class=\"!pb-0\">R\u00f3bert Vir\u00e1gh<\/h3>\n                            <span class=\"block py-xs text-[0.813rem] leading-[1.056rem]\">Chef d&rsquo;\u00e9quipe au d\u00e9veloppement de produits<\/span>\n                            <p>Mettez tout votre c\u0153ur dans votre travail. Je suis dans une position privil\u00e9gi\u00e9e car je peux conna\u00eetre les&#8230;<\/p>\n                            <a href=\"https:\/\/trocellen.com\/fr\/mon-histoire-a-trocellen\/robert-viragh\/\" class=\"btn ml-large mt-[1.5rem]\">Plus<\/a>\n                        <\/div>\n                    <\/div>\n\n                \n                    <div>\n                        <div class=\"mb-[1.5rem]\">\n                            <img decoding=\"async\" src=\"https:\/\/trocellen.com\/wp-content\/uploads\/2025\/05\/Career-MyTC-Detlef-Grossmann-1-v2.jpg\" alt=\"Detlef Grossmann\" class=\"w-full h-auto object-cover\">\n                        <\/div>\n\n                        <div class=\"general-content\">\n                            <h3 class=\"!pb-0\">Detlef Grossmann<\/h3>\n                            <span class=\"block py-xs text-[0.813rem] leading-[1.056rem]\">Responsable logistique, D\u00e9l\u00e9gu\u00e9 nomm\u00e9 \u00e0 la protection des donn\u00e9es<\/span>\n                            <p>En effet, je travaille ici depuis pr\u00e8s de 39 ans. J\u2019aime travailler ici en raison des bonnes relations&#8230;<\/p>\n                            <a href=\"https:\/\/trocellen.com\/fr\/mon-histoire-a-trocellen\/detlef-grossmann\/\" class=\"btn ml-large mt-[1.5rem]\">Plus<\/a>\n                        <\/div>\n                    <\/div>\n\n                \n                    <div>\n                        <div class=\"mb-[1.5rem]\">\n                            <img decoding=\"async\" src=\"https:\/\/trocellen.com\/wp-content\/uploads\/2025\/05\/Basthy-Szilvi.jpg\" alt=\"B\u00e1sthy Szilvi\" class=\"w-full h-auto object-cover\">\n                        <\/div>\n\n                        <div class=\"general-content\">\n                            <h3 class=\"!pb-0\">B\u00e1sthy Szilvi<\/h3>\n                            <span class=\"block py-xs text-[0.813rem] leading-[1.056rem]\">Responsable du marketing digital et responsable marketing de la fili\u00e8re commerciale isolation<\/span>\n                            <p>J\u2019ai toujours \u00e9t\u00e9 motiv\u00e9e par la construction et la cr\u00e9ation de nouvelles choses.<\/p>\n                            <a href=\"https:\/\/trocellen.com\/fr\/mon-histoire-a-trocellen\/szilvi-basthy\/\" class=\"btn ml-large mt-[1.5rem]\">Plus<\/a>\n                        <\/div>\n                    <\/div>\n\n                \n                    <div>\n                        <div class=\"mb-[1.5rem]\">\n                            <img decoding=\"async\" src=\"https:\/\/trocellen.com\/wp-content\/uploads\/2025\/05\/Andrea-Voros.jpg\" alt=\"Andrea Kunn\u00e9 V\u00f6r\u00f6s\" class=\"w-full h-auto object-cover\">\n                        <\/div>\n\n                        <div class=\"general-content\">\n                            <h3 class=\"!pb-0\">Andrea Kunn\u00e9 V\u00f6r\u00f6s<\/h3>\n                            <span class=\"block py-xs text-[0.813rem] leading-[1.056rem]\">Assistante logistique<\/span>\n                            <p>31 ans et 3 postes occup\u00e9s. J&rsquo;aime le fait que chez Trocellen, le changement se conjugue avec la&#8230;<\/p>\n                            <a href=\"https:\/\/trocellen.com\/fr\/mon-histoire-a-trocellen\/andrea-kunne-voros\/\" class=\"btn ml-large mt-[1.5rem]\">Plus<\/a>\n                        <\/div>\n                    <\/div>\n\n                \n                    <div>\n                        <div class=\"mb-[1.5rem]\">\n                            <img decoding=\"async\" src=\"https:\/\/trocellen.com\/wp-content\/uploads\/2025\/05\/Bahan.jpg\" alt=\"Poobalan Nagappan\" class=\"w-full h-auto object-cover\">\n                        <\/div>\n\n                        <div class=\"general-content\">\n                            <h3 class=\"!pb-0\">Poobalan Nagappan<\/h3>\n                            <span class=\"block py-xs text-[0.813rem] leading-[1.056rem]\">Responsable informatique et administratif<\/span>\n                            <p>Appartenir \u00e0 un groupe et faire partie de l&rsquo;\u00e9quipe gagnante.<\/p>\n                            <a href=\"https:\/\/trocellen.com\/fr\/mon-histoire-a-trocellen\/poobalan-nagappan\/\" class=\"btn ml-large mt-[1.5rem]\">Plus<\/a>\n                        <\/div>\n                    <\/div>\n\n                \n                    <div>\n                        <div class=\"mb-[1.5rem]\">\n                            <img decoding=\"async\" src=\"https:\/\/trocellen.com\/wp-content\/uploads\/2025\/05\/Diana.jpg\" alt=\"Diana Azliza Binti Amat Azhar\" class=\"w-full h-auto object-cover\">\n                        <\/div>\n\n                        <div class=\"general-content\">\n                            <h3 class=\"!pb-0\">Diana Azliza Binti Amat Azhar<\/h3>\n                            <span class=\"block py-xs text-[0.813rem] leading-[1.056rem]\">Assistante RH et administrative<\/span>\n                            <p>C&rsquo;est toujours une joie de travailler dans une bonne \u00e9quipe, et comme il s\u2019agit d\u2019une entreprise fiable, j&rsquo;ai&#8230;<\/p>\n                            <a href=\"https:\/\/trocellen.com\/fr\/mon-histoire-a-trocellen\/diana-azliza-binti-amat-azhar-2\/\" class=\"btn ml-large mt-[1.5rem]\">Plus<\/a>\n                        <\/div>\n                    <\/div>\n\n                \n                    <div>\n                        <div class=\"mb-[1.5rem]\">\n                            <img decoding=\"async\" src=\"https:\/\/trocellen.com\/wp-content\/uploads\/2025\/05\/Isabell-Hurten.jpg\" alt=\"Isabell H\u00fcrten\" class=\"w-full h-auto object-cover\">\n                        <\/div>\n\n                        <div class=\"general-content\">\n                            <h3 class=\"!pb-0\">Isabell H\u00fcrten<\/h3>\n                            <span class=\"block py-xs text-[0.813rem] leading-[1.056rem]\">Comptable<\/span>\n                            <p>Le group Trocellen est multiculturel \u2013 c\u2019est amusant d\u2019avoir des \u00e9changes avec des coll\u00e8gues de diff\u00e9rentes nations au-del\u00e0&#8230;<\/p>\n                            <a href=\"https:\/\/trocellen.com\/fr\/mon-histoire-a-trocellen\/isabell-hurten\/\" class=\"btn ml-large mt-[1.5rem]\">Plus<\/a>\n                        <\/div>\n                    <\/div>\n\n                \n                    <div>\n                        <div class=\"mb-[1.5rem]\">\n                            <img decoding=\"async\" src=\"https:\/\/trocellen.com\/wp-content\/uploads\/2025\/05\/Zoltan-Horvath.jpg\" alt=\"Zolt\u00e1n Horv\u00e1th\" class=\"w-full h-auto object-cover\">\n                        <\/div>\n\n                        <div class=\"general-content\">\n                            <h3 class=\"!pb-0\">Zolt\u00e1n Horv\u00e1th<\/h3>\n                            <span class=\"block py-xs text-[0.813rem] leading-[1.056rem]\">Production and Technology Manager(Polifoam, Hungary)<\/span>\n                            <p>Studying and the time and effort you put in your work always pay off in the right environment.<\/p>\n                            <a href=\"https:\/\/trocellen.com\/fr\/mon-histoire-a-trocellen\/zoltan-horvath\/\" class=\"btn ml-large mt-[1.5rem]\">Plus<\/a>\n                        <\/div>\n                    <\/div>\n\n                \n            <\/div>\n        <\/div>\n    <\/section>\n\n\n<div class=\"group relative bg-gray-200 h-[48px]\" aria-hidden=\"true\"><\/div>","protected":false},"excerpt":{"rendered":"","protected":false},"author":1,"featured_media":0,"parent":4859,"menu_order":0,"comment_status":"closed","ping_status":"closed","template":"template-parts\/page-general.php","meta":{"_acf_changed":false,"footnotes":""},"class_list":["post-6511","page","type-page","status-publish","hentry"],"acf":[],"yoast_head":"<!-- This site is optimized with the Yoast SEO plugin v25.9 - https:\/\/yoast.com\/wordpress\/plugins\/seo\/ -->\n<title>Des personnes d\u2019excellence - Trocellen, the European polyolefin foam solution provider<\/title>\n<meta name=\"robots\" content=\"index, follow, max-snippet:-1, max-image-preview:large, max-video-preview:-1\" \/>\n<link rel=\"canonical\" href=\"https:\/\/trocellen.com\/career\/people-excellence\/\" \/>\n<meta property=\"og:locale\" content=\"fr_FR\" \/>\n<meta property=\"og:type\" content=\"article\" \/>\n<meta property=\"og:title\" content=\"Des personnes d\u2019excellence - Trocellen, the European polyolefin foam solution provider\" \/>\n<meta property=\"og:url\" content=\"https:\/\/trocellen.com\/career\/people-excellence\/\" \/>\n<meta property=\"og:site_name\" content=\"Trocellen, the European polyolefin foam solution provider\" \/>\n<meta property=\"article:modified_time\" content=\"2025-10-07T09:37:22+00:00\" \/>\n<meta name=\"twitter:card\" content=\"summary_large_image\" \/>\n<script type=\"application\/ld+json\" class=\"yoast-schema-graph\">{\"@context\":\"https:\/\/schema.org\",\"@graph\":[{\"@type\":\"WebPage\",\"@id\":\"https:\/\/trocellen.com\/career\/people-excellence\/\",\"url\":\"https:\/\/trocellen.com\/career\/people-excellence\/\",\"name\":\"Des personnes d\u2019excellence - Trocellen, the European polyolefin foam solution provider\",\"isPartOf\":{\"@id\":\"https:\/\/trocellen.com\/#website\"},\"datePublished\":\"2025-05-15T06:18:50+00:00\",\"dateModified\":\"2025-10-07T09:37:22+00:00\",\"breadcrumb\":{\"@id\":\"https:\/\/trocellen.com\/career\/people-excellence\/#breadcrumb\"},\"inLanguage\":\"fr-FR\",\"potentialAction\":[{\"@type\":\"ReadAction\",\"target\":[\"https:\/\/trocellen.com\/career\/people-excellence\/\"]}]},{\"@type\":\"BreadcrumbList\",\"@id\":\"https:\/\/trocellen.com\/career\/people-excellence\/#breadcrumb\",\"itemListElement\":[{\"@type\":\"ListItem\",\"position\":1,\"name\":\"Home\",\"item\":\"https:\/\/trocellen.com\/fr\/\"},{\"@type\":\"ListItem\",\"position\":2,\"name\":\"Carriere\",\"item\":\"https:\/\/trocellen.com\/career\/\"},{\"@type\":\"ListItem\",\"position\":3,\"name\":\"Des personnes d\u2019excellence\"}]},{\"@type\":\"WebSite\",\"@id\":\"https:\/\/trocellen.com\/#website\",\"url\":\"https:\/\/trocellen.com\/\",\"name\":\"Trocellen, the European polyolefin foam solution provider\",\"description\":\"TROCELLEN\u00ae is a leading manufacturer of chemically and physically cross-linked polyolefin and rubber foam solutions\",\"potentialAction\":[{\"@type\":\"SearchAction\",\"target\":{\"@type\":\"EntryPoint\",\"urlTemplate\":\"https:\/\/trocellen.com\/?s={search_term_string}\"},\"query-input\":{\"@type\":\"PropertyValueSpecification\",\"valueRequired\":true,\"valueName\":\"search_term_string\"}}],\"inLanguage\":\"fr-FR\"}]}<\/script>\n<!-- \/ Yoast SEO plugin. -->","yoast_head_json":{"title":"Des personnes d\u2019excellence - Trocellen, the European polyolefin foam solution provider","robots":{"index":"index","follow":"follow","max-snippet":"max-snippet:-1","max-image-preview":"max-image-preview:large","max-video-preview":"max-video-preview:-1"},"canonical":"https:\/\/trocellen.com\/career\/people-excellence\/","og_locale":"fr_FR","og_type":"article","og_title":"Des personnes d\u2019excellence - Trocellen, the European polyolefin foam solution provider","og_url":"https:\/\/trocellen.com\/career\/people-excellence\/","og_site_name":"Trocellen, the European polyolefin foam solution provider","article_modified_time":"2025-10-07T09:37:22+00:00","twitter_card":"summary_large_image","schema":{"@context":"https:\/\/schema.org","@graph":[{"@type":"WebPage","@id":"https:\/\/trocellen.com\/career\/people-excellence\/","url":"https:\/\/trocellen.com\/career\/people-excellence\/","name":"Des personnes d\u2019excellence - Trocellen, the European polyolefin foam solution provider","isPartOf":{"@id":"https:\/\/trocellen.com\/#website"},"datePublished":"2025-05-15T06:18:50+00:00","dateModified":"2025-10-07T09:37:22+00:00","breadcrumb":{"@id":"https:\/\/trocellen.com\/career\/people-excellence\/#breadcrumb"},"inLanguage":"fr-FR","potentialAction":[{"@type":"ReadAction","target":["https:\/\/trocellen.com\/career\/people-excellence\/"]}]},{"@type":"BreadcrumbList","@id":"https:\/\/trocellen.com\/career\/people-excellence\/#breadcrumb","itemListElement":[{"@type":"ListItem","position":1,"name":"Home","item":"https:\/\/trocellen.com\/fr\/"},{"@type":"ListItem","position":2,"name":"Carriere","item":"https:\/\/trocellen.com\/career\/"},{"@type":"ListItem","position":3,"name":"Des personnes d\u2019excellence"}]},{"@type":"WebSite","@id":"https:\/\/trocellen.com\/#website","url":"https:\/\/trocellen.com\/","name":"Trocellen, the European polyolefin foam solution provider","description":"TROCELLEN\u00ae is a leading manufacturer of chemically and physically cross-linked polyolefin and rubber foam solutions","potentialAction":[{"@type":"SearchAction","target":{"@type":"EntryPoint","urlTemplate":"https:\/\/trocellen.com\/?s={search_term_string}"},"query-input":{"@type":"PropertyValueSpecification","valueRequired":true,"valueName":"search_term_string"}}],"inLanguage":"fr-FR"}]}},"_links":{"self":[{"href":"https:\/\/trocellen.com\/fr\/wp-json\/wp\/v2\/pages\/6511","targetHints":{"allow":["GET"]}}],"collection":[{"href":"https:\/\/trocellen.com\/fr\/wp-json\/wp\/v2\/pages"}],"about":[{"href":"https:\/\/trocellen.com\/fr\/wp-json\/wp\/v2\/types\/page"}],"author":[{"embeddable":true,"href":"https:\/\/trocellen.com\/fr\/wp-json\/wp\/v2\/users\/1"}],"replies":[{"embeddable":true,"href":"https:\/\/trocellen.com\/fr\/wp-json\/wp\/v2\/comments?post=6511"}],"version-history":[{"count":5,"href":"https:\/\/trocellen.com\/fr\/wp-json\/wp\/v2\/pages\/6511\/revisions"}],"predecessor-version":[{"id":13788,"href":"https:\/\/trocellen.com\/fr\/wp-json\/wp\/v2\/pages\/6511\/revisions\/13788"}],"up":[{"embeddable":true,"href":"https:\/\/trocellen.com\/fr\/wp-json\/wp\/v2\/pages\/4859"}],"wp:attachment":[{"href":"https:\/\/trocellen.com\/fr\/wp-json\/wp\/v2\/media?parent=6511"}],"curies":[{"name":"wp","href":"https:\/\/api.w.org\/{rel}","templated":true}]}}