{"id":14868,"date":"2025-11-20T07:33:27","date_gmt":"2025-11-20T07:33:27","guid":{"rendered":"https:\/\/trocellen-dev.local\/privacy-statement\/"},"modified":"2025-11-20T08:15:39","modified_gmt":"2025-11-20T08:15:39","slug":"privacy-statement","status":"publish","type":"page","link":"https:\/\/trocellen.com\/fr\/privacy-statement\/","title":{"rendered":"D\u00e9claration de confidentialit\u00e9"},"content":{"rendered":"\n<div class=\"group relative bg-gray-200 h-[24px] laptop:h-[64px]\" aria-hidden=\"true\"><\/div>\n\n\n<section class=\"col-content bg-gray-200 \">\n    <div class=\"container\">\n        <div class=\"general-content\">\n            \n            <div class=\"flex flex-col tablet:flex-col gap-small items-start\">\n                <div class=\"flex-1 w-full\">\n                    <h3 class=\"wp-block-heading\">D\u00e9claration sur la protection des donn\u00e9es pour l\u2019utilisation du Site web<\/h3>\n<p><strong>Trocellen GmbH<\/strong>, dont le si\u00e8ge social est situ\u00e9 \u00e0 M\u00fclheimer Stra\u00dfe 26, 53840 Troisdorf, Allemagne, en tant que responsable du traitement des donn\u00e9es (ci-apr\u00e8s d\u00e9nomm\u00e9 \u00ab\u00a0<strong>Responsable du traitement des donn\u00e9es\u00a0<\/strong>\u00bb), vous informe par la pr\u00e9sente, conform\u00e9ment au r\u00e8glement (UE) 2016\/679 (\u00ab<strong>\u00a0GDPR<\/strong>\u00a0\u00bb) et aux r\u00e9glementations nationales applicables en mati\u00e8re de protection des donn\u00e9es, du traitement de vos donn\u00e9es \u00e0 caract\u00e8re personnel selon les modalit\u00e9s et aux fins suivantes :<\/p>\n<p><strong>1. Objet du traitement de donn\u00e9es<\/strong><\/p>\n<p>Le Responsable du traitement des donn\u00e9es traite les donn\u00e9es \u00e0 caract\u00e8re personnel (ci-apr\u00e8s d\u00e9nomm\u00e9es \u00ab donn\u00e9es \u00bb ou \u00ab donn\u00e9es personnelles \u00bb) (en particulier le pr\u00e9nom, le nom, l\u2019adresse \u00e9lectronique, le num\u00e9ro de t\u00e9l\u00e9phone, la zone de localisation, l\u2019adresse IP, etc.) que vous fournissez lorsque vous visitez le site Web du responsable du traitement Trocellen.com et ses sous-domaines (insulation.trocellen.com, automotive.trocellen.com, adhesive-tapes.trocellen. com, sport-maison-loisirs.trocellen.com, footwear.trocellen.com, packaging.trocellen.com, progame-shockpads.com, progame-tatami.com, polifoam.hu, tctoday.com, tcinnolab.com, tcinnolab.hu, smrt-lab. com, smrtmug.com, smrtracket.com, smrtyoga.com, tctoday.com, wellstep.eu, ci-apr\u00e8s d\u00e9nomm\u00e9s \u00ab sites web \u00bb) ou dans le cadre d\u2019une demande de contact adress\u00e9e au responsable du traitement.<\/p>\n<p><strong>2. La finalit\u00e9 et la base juridique du traitement de donn\u00e9es<\/strong><\/p>\n<p>Vos donn\u00e9es \u00e0 caract\u00e8re personnel seront trait\u00e9es sans votre consentement pr\u00e9alable aux fins suivantes et sur la base juridique suivante :<\/p>\n<ul class=\"wp-block-list\">\n<li><strong>L\u2019ex\u00e9cution du contrat ou des obligations pr\u00e9contractuelles,<\/strong>\u00a0ainsi plus particuli\u00e8rement\u00a0:\n<ul class=\"wp-block-list\">\n<li>conclusion, ex\u00e9cution et gestion du contrat, fourniture de services r\u00e9sultant de l\u2019offre commerciale et de l\u2019assistance technique du Responsable du traitement des donn\u00e9es, gestion des services de facturation, r\u00e9clamations et litiges, envoi de messages de service, r\u00e9cup\u00e9ration des donn\u00e9es, pr\u00e9vention des actes frauduleux et\/ou des abus pr\u00e9judiciables;<\/li>\n<li>traitement de votre demande de contact;<\/li>\n<li>la gestion et la maintenance du site web.<\/li>\n<\/ul>\n<\/li>\n<li><strong>Suivi des int\u00e9r\u00eats l\u00e9gitimes du Responsable du traitement de donn\u00e9es,<\/strong>\u00a0ainsi notamment\u00a0:\n<ul class=\"wp-block-list\">\n<li>la pr\u00e9vention et la d\u00e9tection des activit\u00e9s frauduleuses ou de l\u2019utilisation abusive du site web;<\/li>\n<li>d\u2019exercer les droits concomitants du Responsable de traitement de donn\u00e9es, tels que le droit de d\u00e9fense dans le cadre d\u2019une proc\u00e9dure judiciaire;<\/li>\n<li>si vous \u00eates d\u00e9j\u00e0 client, nous pouvons \u00e9galement vous envoyer des communications commerciales \u00e0 l\u2019adresse \u00e9lectronique que vous avez fournie, en rapport avec les produits et services du Responsable de traitement de donn\u00e9es que vous avez d\u00e9j\u00e0 utilis\u00e9s. Pour chaque courriel que vous recevez, vous avez la possibilit\u00e9 de refuser de recevoir d\u2019autres communications en cliquant sur le lien correspondant.<\/li>\n<\/ul>\n<\/li>\n<li><strong>Le respect des obligations l\u00e9gales du Responsable du traitement de donn\u00e9es,\u00a0<\/strong>notamment\u00a0:\n<ul class=\"wp-block-list\">\n<li>le respect des obligations d\u00e9coulant des lois, des r\u00e8glements ou de la l\u00e9gislation nationale et europ\u00e9enne, ou fix\u00e9es par les autorit\u00e9s comp\u00e9tentes.<\/li>\n<\/ul>\n<\/li>\n<\/ul>\n<p>Vos donn\u00e9es personnelles ne seront trait\u00e9es qu\u2019avec votre consentement pr\u00e9alable aux fins suivantes. Vous pouvez retirer votre consentement aupr\u00e8s du Responsable du traitement de donn\u00e9es \u00e0 tout moment avec un effet pour toutes interactions futures :<\/p>\n<ul class=\"wp-block-list\">\n<li>Finalit\u00e9s de la communication : Le Responsable du traitement de donn\u00e9es transmettra les donn\u00e9es personnelles \u00e0 ses distributeurs agr\u00e9\u00e9s afin qu\u2019ils puissent vous fournir les informations demand\u00e9es sur les produits Trocellen et traiter votre achat aupr\u00e8s d\u2019eux, \u00e0 moins que le Responsable du traitement de donn\u00e9es n\u2019ait la possibilit\u00e9 de fournir ce service lui-m\u00eame. Veuillez noter que dans ce cas, le Responsable du traitement de donn\u00e9es transf\u00e9rera les donn\u00e9es personnelles au distributeur agr\u00e9\u00e9 g\u00e9ographiquement le plus proche de vous. La localisation du distributeur sera calcul\u00e9e par rapport \u00e0 la zone de localisation que vous aurez sp\u00e9cifi\u00e9e au Responsable du traitement de donn\u00e9es.<\/li>\n<\/ul>\n<ul class=\"wp-block-list\">\n<li>Utilisation de cookies et de technologies similaires\u00a0: Nous utilisons des cookies et des technologies similaires pour analyser le profil g\u00e9n\u00e9ral des utilisateurs ou des relev\u00e9s statiques au sens de la Politique relative aux cookies (voir la section 4\u00a0<em>Utilisation de cookies et de technologies similaires<\/em>).<\/li>\n<\/ul>\n<ul class=\"wp-block-list\">\n<li>A des fins de marketing vous pouvez \u00eatre inform\u00e9 par le Responsable du traitement des donn\u00e9es par le biais d\u2019appels t\u00e9l\u00e9phoniques, de courriels, de bulletins d\u2019information sur des questionnaires, des initiatives et des offres commerciales et des enqu\u00eates.<\/li>\n<\/ul>\n<p><strong>3. Modalit\u00e9s du traitement de donn\u00e9es<\/strong><\/p>\n<p>Vos donn\u00e9es sont trait\u00e9es \u00e9lectroniquement sous forme de collecte, d\u2019enregistrement, d\u2019organisation, de stockage, de consultation, d\u2019\u00e9laboration, de modification, de s\u00e9lection, d\u2019extraction, de comparaison, d\u2019utilisation, de combinaison, de blocage, de communication, d\u2019effacement et de destruction.<\/p>\n<p><strong>4. Utilisation de cookies et de technologies similaires<\/strong><\/p>\n<p>Utilisation de cookies et de technologies similaires sur nos sites web. Les cookies peuvent contenir des donn\u00e9es permettant de reconna\u00eetre l\u2019appareil utilis\u00e9. Dans certains cas, cependant, les cookies ne contiennent que des informations sur certains param\u00e8tres qui ne sont pas personnellement identifiables. Les cookies ne peuvent toutefois pas identifier directement un utilisateur. On distingue les cookies de session, qui sont supprim\u00e9s d\u00e8s que vous fermez votre navigateur, et les cookies permanents, qui sont stock\u00e9s au-del\u00e0 de la session individuelle.<\/p>\n<p>Pour plus d\u2019informations sur la nature des cookies et des technologies similaires, sur les cookies que nous utilisons et sur la mani\u00e8re de g\u00e9rer vos param\u00e8tres de cookies, veuillez consulter notre\u00a0<a href=\"https:\/\/trocellen.com\/fr\/cookie-policy\/\" target=\"_blank\" rel=\"noreferrer noopener\">Politique en mati\u00e8re de cookies<\/a>.<\/p>\n<p><strong>5. Stockage des donn\u00e9es<\/strong><\/p>\n<p>Le Responsable de traitement de donn\u00e9es traite les donn\u00e9es \u00e0 caract\u00e8re personnel uniquement pendant la dur\u00e9e n\u00e9cessaire \u00e0 la r\u00e9alisation des objectifs contractuels et des int\u00e9r\u00eats l\u00e9gitimes susmentionn\u00e9s, et en tout \u00e9tat de cause pendant une dur\u00e9e n\u2019exc\u00e9dant pas celle n\u00e9cessaire :<\/p>\n<ul class=\"wp-block-list\">\n<li>pour une p\u00e9riode de 5\u00a0ans \u00e0 compter de la fin de la relation contractuelle \u00e0 des fins contractuelles;<\/li>\n<li>pour une p\u00e9riode de 2\u00a0ans suivant une collecte de donn\u00e9es r\u00e9alis\u00e9e pour des fins de marketing;<\/li>\n<li>1 an apr\u00e8s la collecte \u00e0 des fins de communication ;<\/li>\n<li>pendant la p\u00e9riode sp\u00e9cifi\u00e9e dans la d\u00e9claration relative aux cookies accessible via notre banni\u00e8re de consentement pour l\u2019utilisation de cookies\/technologies similaires.<\/li>\n<\/ul>\n<p><strong>6. Acc\u00e8s aux donn\u00e9es<\/strong><\/p>\n<p>Vos donn\u00e9es peuvent \u00eatre rendues accessibles aux personnes suivantes aux fins susmentionn\u00e9es\u00a0:<\/p>\n<ul class=\"wp-block-list\">\n<li>Les employ\u00e9s du Responsable du traitement des donn\u00e9es et\/ou des filiales qui ont besoin d\u2019acc\u00e9der aux donn\u00e9es en raison de leur r\u00f4le de Responsable du traitement et\/ou de processeur interne de donn\u00e9es et\/ou d\u2019administrateur de syst\u00e8me ;<\/li>\n<li>Les soci\u00e9t\u00e9s du groupe, les soci\u00e9t\u00e9s tierces ou d\u2019autres parties (par exemple, les fournisseurs de services informatiques, les \u00e9tablissements de cr\u00e9dit, les soci\u00e9t\u00e9s sp\u00e9cialis\u00e9es, etc.) qui exercent des activit\u00e9s d\u2019externalisation pour le compte du Responsable du traitement des donn\u00e9es et qui traitent les donn\u00e9es en tant que sous-traitants externes.<\/li>\n<\/ul>\n<p><strong>7. Communication des donn\u00e9es<\/strong><\/p>\n<p>Vos donn\u00e9es peuvent \u00e9galement \u00eatre communiqu\u00e9es sans votre consentement pr\u00e9alable, \u00e0 leur demande, aux autorit\u00e9s de contr\u00f4le, de police ou judiciaires qui les traitent en leur qualit\u00e9 de responsables ind\u00e9pendants du traitement \u00e0 des fins institutionnelles et\/ou conform\u00e9ment \u00e0 la loi dans le cadre d\u2019enqu\u00eates et de contr\u00f4les. En outre, vos donn\u00e9es peuvent \u00eatre communiqu\u00e9es \u00e0 des tiers (par exemple, des partenaires, des entrepreneurs ind\u00e9pendants, des agents, des concessionnaires, etc.) qui les traiteront en tant que Responsables ind\u00e9pendants du traitement des donn\u00e9es afin d\u2019effectuer les actions n\u00e9cessaires aux fins susmentionn\u00e9es.<\/p>\n<p><strong>8. Transmission des donn\u00e9es<\/strong><\/p>\n<p>Les donn\u00e9es ne seront pas rendues publiques, mais pourront \u00eatre transf\u00e9r\u00e9es vers d\u2019autres pays en dehors de l\u2019UE, tels que la Malaisie et le Japon, aux fins mentionn\u00e9es ci-dessus. Afin d\u2019assurer un niveau ad\u00e9quat de protection des donn\u00e9es, le transfert sera effectu\u00e9 conform\u00e9ment aux d\u00e9cisions d\u2019ad\u00e9quation autoris\u00e9es par la Commission europ\u00e9enne ou \u00e0 l\u2019adoption par le Responsable du traitement des donn\u00e9es des clauses contractuelles types \u00e9labor\u00e9es par la Commission europ\u00e9enne.<\/p>\n<p><strong>9. Type de communication de donn\u00e9es<\/strong><\/p>\n<p>La transmission de donn\u00e9es \u00e0 des fins contractuelles est obligatoire : ces donn\u00e9es sont n\u00e9cessaires pour utiliser les services du Responsable du traitement des donn\u00e9es. Si vous d\u00e9cidez de ne pas fournir vos donn\u00e9es, vous ne pourrez pas utiliser les services du Responsable du traitement des donn\u00e9es.<\/p>\n<p>La soumission de donn\u00e9es \u00e0 des fins de marketing se fait de mani\u00e8re volontaire. Si vous d\u00e9cidez de ne pas fournir vos donn\u00e9es, vous pourrez toujours utiliser les services du Responsable du traitement des donn\u00e9es. Toutefois, si vous d\u00e9cidez de ne pas fournir vos donn\u00e9es, vous ne pourrez plus recevoir nos communications commerciales.<\/p>\n<p>La collecte de donn\u00e9es \u00e0 des fins de transmission est volontaire, et si vous d\u00e9cidez de ne pas fournir vos donn\u00e9es, elles ne seront pas transmises \u00e0 nos revendeurs agr\u00e9\u00e9s. Toutefois, vous ne pourrez pas finaliser l\u2019achat avec eux.<\/p>\n<p><strong>10. Droits de la personne sujette au traitement de donn\u00e9es<\/strong><\/p>\n<p>Le Responsable de traitement de donn\u00e9es vous informe que vous disposez des droits suivants en tant que personne concern\u00e9e par le traitement de donn\u00e9es\u00a0:<\/p>\n<ul class=\"wp-block-list\">\n<li>Obtenir la confirmation et des informations compr\u00e9hensibles sur l\u2019existence ou non de donn\u00e9es \u00e0 caract\u00e8re personnel vous concernant, m\u00eame si vous n\u2019\u00eates pas enregistr\u00e9 ;<\/li>\n<li>demander l\u2019acc\u00e8s aux informations suivantes et, le cas \u00e9ch\u00e9ant, une copie de ces informations\u00a0: a) la source et la cat\u00e9gorie des donn\u00e9es \u00e0 caract\u00e8re personnel ; b) la logique utilis\u00e9e si le traitement est effectu\u00e9 par voie \u00e9lectronique ; c) les finalit\u00e9s et les moyens du traitement ; d) l\u2019identit\u00e9 du Responsable du traitement des donn\u00e9es et des sous-traitants ; e) les destinataires ou les cat\u00e9gories de destinataires auxquels les donn\u00e9es \u00e0 caract\u00e8re personnel ont \u00e9t\u00e9 ou seront communiqu\u00e9es, en particulier les destinataires dans d\u2019autres pays de l\u2019UE ou dans des organisations internationales ; e) la dur\u00e9e de conservation des donn\u00e9es \u00e0 caract\u00e8re personnel ou, si cela n\u2019est pas possible, les crit\u00e8res utilis\u00e9s pour d\u00e9terminer cette dur\u00e9e ; f) l\u2019existence d\u2019une prise de d\u00e9cision automatis\u00e9e et, le cas \u00e9ch\u00e9ant, des informations sur la logique utilis\u00e9e, la port\u00e9e et les cons\u00e9quences pr\u00e9vues pour la personne concern\u00e9e. g) l\u2019existence de garanties appropri\u00e9es en cas de transfert de donn\u00e9es \u00e0 caract\u00e8re personnel vers un autre pays en dehors de l\u2019UE ou vers une organisation internationale ;<\/li>\n<li>d\u2019exiger que les donn\u00e9es incompl\u00e8tes soient mises \u00e0 jour, rectifi\u00e9es ou compl\u00e9t\u00e9es sans d\u00e9lai\u00a0:<\/li>\n<li>d\u2019obtenir l\u2019effacement, l\u2019anonymisation ou le verrouillage des donn\u00e9es si : a) leur traitement viole une loi ; b) elles ne sont plus n\u00e9cessaires aux fins pour lesquelles elles ont \u00e9t\u00e9 collect\u00e9es ou trait\u00e9es ult\u00e9rieurement ; c) vous retirez le consentement sur lequel le traitement est fond\u00e9 et il n\u2019existe pas d\u2019autre motif l\u00e9gal pour le traitement ; d) vous vous opposez au traitement et il n\u2019existe pas de motifs l\u00e9gitimes imp\u00e9rieux pour le traitement ; e) cela est fait pour respecter une obligation l\u00e9gale ; f) elles concernent des enfants. Le Responsable du traitement peut refuser d\u2019effacer les donn\u00e9es si cela est n\u00e9cessaire : a) \u00e0 l\u2019exercice du droit \u00e0 la libert\u00e9 d\u2019expression et d\u2019information ; b) au respect d\u2019une obligation l\u00e9gale, \u00e0 l\u2019ex\u00e9cution d\u2019une mission d\u2019int\u00e9r\u00eat public ou relevant de l\u2019exercice de l\u2019autorit\u00e9 publique ; c) \u00e0 des fins d\u2019int\u00e9r\u00eat public ; d) \u00e0 des fins de recherche scientifique ou historique ou \u00e0 des fins statistiques ; e) pour faire valoir des droits en justice ;<\/li>\n<li>d\u2019obtenir la limitation du traitement si : a) l\u2019exactitude des donn\u00e9es \u00e0 caract\u00e8re personnel est contest\u00e9e ; b) le traitement est illicite et la personne concern\u00e9e s\u2019oppose \u00e0 l\u2019effacement des donn\u00e9es \u00e0 caract\u00e8re personnel ; c) vous avez besoin des donn\u00e9es pour la constatation, l\u2019exercice ou la d\u00e9fense d\u2019un droit en justice ; d) il a \u00e9t\u00e9 v\u00e9rifi\u00e9 que les int\u00e9r\u00eats l\u00e9gitimes du responsable du traitement pr\u00e9valent sur ceux de la personne concern\u00e9e ;<\/li>\n<li>en cas de traitement automatis\u00e9, de recevoir les donn\u00e9es \u00e0 caract\u00e8re personnel vous concernant dans un format structur\u00e9, couramment utilis\u00e9 et lisible par machine, et de transmettre ces donn\u00e9es \u00e0 un autre responsable du traitement sans entrave de la part du responsable du traitement auquel les donn\u00e9es \u00e0 caract\u00e8re personnel ont \u00e9t\u00e9 fournies ;<\/li>\n<li>de s\u2019opposer, en tout ou en partie, a) au traitement des donn\u00e9es \u00e0 caract\u00e8re personnel vous concernant pour des motifs l\u00e9gitimes, m\u00eame s\u2019ils sont pertinents par rapport \u00e0 la finalit\u00e9 de la collecte des donn\u00e9es ; b) au traitement des donn\u00e9es \u00e0 caract\u00e8re personnel vous concernant \u00e0 des fins d\u2019envoi de mat\u00e9riel publicitaire ou de vente directe ou \u00e0 des fins d\u2019\u00e9tude de march\u00e9 ou de communication commerciale.<\/li>\n<li>de d\u00e9poser une plainte en mati\u00e8re de protection des donn\u00e9es aupr\u00e8s de l\u2019autorit\u00e9 de contr\u00f4le comp\u00e9tente.<\/li>\n<\/ul>\n<p>Dans les cas susmentionn\u00e9s, le Responsable du traitement des donn\u00e9es informera, si n\u00e9cessaire, tout tiers auquel les donn\u00e9es \u00e0 caract\u00e8re personnel sont communiqu\u00e9es de l\u2019exercice de vos droits, sauf dans des cas particuliers (par exemple, si cela s\u2019av\u00e8re impossible ou implique un effort disproportionn\u00e9).<\/p>\n<p><strong>11. Modalit\u00e9s d\u2019exercice des droits<\/strong><\/p>\n<p>Vous pouvez exercer vos droits \u00e0 tout moment, par exemple<\/p>\n<ul class=\"wp-block-list\">\n<li>en contactant le Responsable du traitement des donn\u00e9es par courrier ;<\/li>\n<li>en envoyant un courrier \u00e9lectronique \u00e0\u00a0<a href=\"mailto:germany@trocellen.com\">germany@trocellen.com<\/a>\u00a0;<\/li>\n<li>en appelant le num\u00e9ro de t\u00e9l\u00e9phone suivant : +49 2241 25 49 450.<\/li>\n<\/ul>\n<p><strong>12. Responsable du traitement des donn\u00e9es, sous-traitants des donn\u00e9es et personnes charg\u00e9es du traitement de donn\u00e9es<\/strong><\/p>\n<p>Le Responsable de traitement des donn\u00e9es est Trocellen G.m.b.H.<\/p>\n<p>D\u00e9l\u00e9gu\u00e9 nomm\u00e9 \u00e0 la protection des donn\u00e9es :<\/p>\n<ul class=\"wp-block-list\">\n<li>Detlef Gro\u00dfmann<\/li>\n<li>Adresse et num\u00e9ro de t\u00e9l\u00e9phone : +49 2241 25 49 450.<\/li>\n<\/ul>\n<p>La liste actuelle des responsables du traitement des donn\u00e9es est disponible au bureau du responsable du traitement des donn\u00e9es, M\u00fclheimer Stra\u00dfe 26, 53840 Troisdorf, Allemagne.<\/p>\n<p>Fait \u00e0 Troisdorf, le 6 ao\u00fbt 2024<\/p>\n                <\/div>\n\n                <div class=\"flex-1\">\n                                    <\/div>\n            <\/div>\n\n        <\/div>\n    <\/div>\n<\/section>\n\n\n<div class=\"group relative bg-gray-200 h-[24px] laptop:h-[64px]\" aria-hidden=\"true\"><\/div>","protected":false},"excerpt":{"rendered":"","protected":false},"author":1,"featured_media":0,"parent":0,"menu_order":0,"comment_status":"closed","ping_status":"closed","template":"template-parts\/page-general.php","meta":{"_acf_changed":false,"footnotes":""},"class_list":["post-14868","page","type-page","status-publish","hentry"],"acf":[],"yoast_head":"<!-- This site is optimized with the Yoast SEO plugin v25.9 - https:\/\/yoast.com\/wordpress\/plugins\/seo\/ -->\n<title>D\u00e9claration de confidentialit\u00e9 - Trocellen, the European polyolefin foam solution provider<\/title>\n<meta name=\"robots\" content=\"index, follow, max-snippet:-1, max-image-preview:large, max-video-preview:-1\" \/>\n<link rel=\"canonical\" href=\"https:\/\/trocellen.com\/privacy-statement\/\" \/>\n<meta property=\"og:locale\" content=\"fr_FR\" \/>\n<meta property=\"og:type\" content=\"article\" \/>\n<meta property=\"og:title\" content=\"D\u00e9claration de confidentialit\u00e9 - Trocellen, the European polyolefin foam solution provider\" \/>\n<meta property=\"og:url\" content=\"https:\/\/trocellen.com\/privacy-statement\/\" \/>\n<meta property=\"og:site_name\" content=\"Trocellen, the European polyolefin foam solution provider\" \/>\n<meta property=\"article:modified_time\" content=\"2025-11-20T08:15:39+00:00\" \/>\n<meta name=\"twitter:card\" content=\"summary_large_image\" \/>\n<script type=\"application\/ld+json\" class=\"yoast-schema-graph\">{\"@context\":\"https:\/\/schema.org\",\"@graph\":[{\"@type\":\"WebPage\",\"@id\":\"https:\/\/trocellen.com\/privacy-statement\/\",\"url\":\"https:\/\/trocellen.com\/privacy-statement\/\",\"name\":\"D\u00e9claration de confidentialit\u00e9 - Trocellen, the European polyolefin foam solution provider\",\"isPartOf\":{\"@id\":\"https:\/\/trocellen.com\/#website\"},\"datePublished\":\"2025-11-20T07:33:27+00:00\",\"dateModified\":\"2025-11-20T08:15:39+00:00\",\"breadcrumb\":{\"@id\":\"https:\/\/trocellen.com\/privacy-statement\/#breadcrumb\"},\"inLanguage\":\"fr-FR\",\"potentialAction\":[{\"@type\":\"ReadAction\",\"target\":[\"https:\/\/trocellen.com\/privacy-statement\/\"]}]},{\"@type\":\"BreadcrumbList\",\"@id\":\"https:\/\/trocellen.com\/privacy-statement\/#breadcrumb\",\"itemListElement\":[{\"@type\":\"ListItem\",\"position\":1,\"name\":\"Home\",\"item\":\"https:\/\/trocellen.com\/fr\/\"},{\"@type\":\"ListItem\",\"position\":2,\"name\":\"D\u00e9claration de confidentialit\u00e9\"}]},{\"@type\":\"WebSite\",\"@id\":\"https:\/\/trocellen.com\/#website\",\"url\":\"https:\/\/trocellen.com\/\",\"name\":\"Trocellen, the European polyolefin foam solution provider\",\"description\":\"TROCELLEN\u00ae is a leading manufacturer of chemically and physically cross-linked polyolefin and rubber foam solutions\",\"potentialAction\":[{\"@type\":\"SearchAction\",\"target\":{\"@type\":\"EntryPoint\",\"urlTemplate\":\"https:\/\/trocellen.com\/?s={search_term_string}\"},\"query-input\":{\"@type\":\"PropertyValueSpecification\",\"valueRequired\":true,\"valueName\":\"search_term_string\"}}],\"inLanguage\":\"fr-FR\"}]}<\/script>\n<!-- \/ Yoast SEO plugin. -->","yoast_head_json":{"title":"D\u00e9claration de confidentialit\u00e9 - Trocellen, the European polyolefin foam solution provider","robots":{"index":"index","follow":"follow","max-snippet":"max-snippet:-1","max-image-preview":"max-image-preview:large","max-video-preview":"max-video-preview:-1"},"canonical":"https:\/\/trocellen.com\/privacy-statement\/","og_locale":"fr_FR","og_type":"article","og_title":"D\u00e9claration de confidentialit\u00e9 - Trocellen, the European polyolefin foam solution provider","og_url":"https:\/\/trocellen.com\/privacy-statement\/","og_site_name":"Trocellen, the European polyolefin foam solution provider","article_modified_time":"2025-11-20T08:15:39+00:00","twitter_card":"summary_large_image","schema":{"@context":"https:\/\/schema.org","@graph":[{"@type":"WebPage","@id":"https:\/\/trocellen.com\/privacy-statement\/","url":"https:\/\/trocellen.com\/privacy-statement\/","name":"D\u00e9claration de confidentialit\u00e9 - Trocellen, the European polyolefin foam solution provider","isPartOf":{"@id":"https:\/\/trocellen.com\/#website"},"datePublished":"2025-11-20T07:33:27+00:00","dateModified":"2025-11-20T08:15:39+00:00","breadcrumb":{"@id":"https:\/\/trocellen.com\/privacy-statement\/#breadcrumb"},"inLanguage":"fr-FR","potentialAction":[{"@type":"ReadAction","target":["https:\/\/trocellen.com\/privacy-statement\/"]}]},{"@type":"BreadcrumbList","@id":"https:\/\/trocellen.com\/privacy-statement\/#breadcrumb","itemListElement":[{"@type":"ListItem","position":1,"name":"Home","item":"https:\/\/trocellen.com\/fr\/"},{"@type":"ListItem","position":2,"name":"D\u00e9claration de confidentialit\u00e9"}]},{"@type":"WebSite","@id":"https:\/\/trocellen.com\/#website","url":"https:\/\/trocellen.com\/","name":"Trocellen, the European polyolefin foam solution provider","description":"TROCELLEN\u00ae is a leading manufacturer of chemically and physically cross-linked polyolefin and rubber foam solutions","potentialAction":[{"@type":"SearchAction","target":{"@type":"EntryPoint","urlTemplate":"https:\/\/trocellen.com\/?s={search_term_string}"},"query-input":{"@type":"PropertyValueSpecification","valueRequired":true,"valueName":"search_term_string"}}],"inLanguage":"fr-FR"}]}},"_links":{"self":[{"href":"https:\/\/trocellen.com\/fr\/wp-json\/wp\/v2\/pages\/14868","targetHints":{"allow":["GET"]}}],"collection":[{"href":"https:\/\/trocellen.com\/fr\/wp-json\/wp\/v2\/pages"}],"about":[{"href":"https:\/\/trocellen.com\/fr\/wp-json\/wp\/v2\/types\/page"}],"author":[{"embeddable":true,"href":"https:\/\/trocellen.com\/fr\/wp-json\/wp\/v2\/users\/1"}],"replies":[{"embeddable":true,"href":"https:\/\/trocellen.com\/fr\/wp-json\/wp\/v2\/comments?post=14868"}],"version-history":[{"count":1,"href":"https:\/\/trocellen.com\/fr\/wp-json\/wp\/v2\/pages\/14868\/revisions"}],"predecessor-version":[{"id":14873,"href":"https:\/\/trocellen.com\/fr\/wp-json\/wp\/v2\/pages\/14868\/revisions\/14873"}],"wp:attachment":[{"href":"https:\/\/trocellen.com\/fr\/wp-json\/wp\/v2\/media?parent=14868"}],"curies":[{"name":"wp","href":"https:\/\/api.w.org\/{rel}","templated":true}]}}