{"id":13246,"date":"2025-04-29T08:22:11","date_gmt":"2025-04-29T08:22:11","guid":{"rendered":"https:\/\/trocellen-dev.local\/durabilite\/people-society\/"},"modified":"2025-10-13T06:06:08","modified_gmt":"2025-10-13T06:06:08","slug":"personnes-et-societe","status":"publish","type":"page","link":"https:\/\/trocellen.com\/fr\/durabilite\/personnes-et-societe\/","title":{"rendered":"Personnes et soci\u00e9t\u00e9"},"content":{"rendered":"\n<div class=\"group relative bg-white h-[24px] laptop:h-[64px]\" aria-hidden=\"true\"><\/div>\n\n\n<section class=\"col-content bg-white \">\n    <div class=\"container\">\n        <div class=\"general-content\">\n            \n            <div class=\"flex flex-col tablet:flex-col gap-small items-start\">\n                <div class=\"flex-1 w-full\">\n                    <h2>Notre engagement envers les personnes et la soci\u00e9t\u00e9<\/h2>\n<p>Chez Trocellen, nous croyons que notre plus grande valeur r\u00e9side dans nos collaborateurs. C&rsquo;est leur cr\u00e9ativit\u00e9, leur d\u00e9vouement et leur objectif commun qui stimulent l&rsquo;innovation et nous conduisent vers un avenir plus durable, non seulement sur le plan environnemental, mais aussi sur le plan social. En investissant dans la croissance, le bien-\u00eatre et l&rsquo;engagement de nos collaborateurs, nous leur donnons les moyens de relever les d\u00e9fis mondiaux et d&rsquo;avoir un impact positif bien au-del\u00e0 des murs de notre entreprise.<\/p>\n                <\/div>\n\n                <div class=\"flex-1\">\n                                    <\/div>\n            <\/div>\n\n        <\/div>\n    <\/div>\n<\/section>\n\n\n<section class=\"col-content bg-white \">\n    <div class=\"container\">\n        <div class=\"general-content\">\n            \n            <div class=\"flex flex-col tablet:flex-row gap-small items-start\">\n                <div class=\"flex-1 \">\n                    <h3>La philosophie Trocellen : confiance, respect et collaboration<\/h3>\n<h4>Nos \u00e9quipes incarnent chaque jour le credo de Trocellen en :<\/h4>\n                <\/div>\n\n                <div class=\"flex-1\">\n                    <ul>\n<li>Respecter les normes \u00e9thiques les plus strictes et privil\u00e9gier l&rsquo;honn\u00eatet\u00e9 avant tout.<\/li>\n<li>Encourager l&rsquo;am\u00e9lioration continue et l&rsquo;innovation dans chaque t\u00e2che.<\/li>\n<li>Relever les d\u00e9fis de mani\u00e8re pratique, en restant proche des besoins r\u00e9els.<\/li>\n<li>\u00catre proactif, travailler ensemble jusqu&rsquo;\u00e0 trouver la meilleure solution.<\/li>\n<li>Maintenir une communication ouverte pour partager des id\u00e9es et grandir ensemble.<\/li>\n<\/ul>\n<p>Nous cultivons une culture fond\u00e9e sur la confiance et le respect, o\u00f9 les employ\u00e9s se sentent valoris\u00e9s, \u00e9cout\u00e9s et encourag\u00e9s \u00e0 apprendre, \u00e0 prendre des initiatives et \u00e0 se soutenir mutuellement.<\/p>\n<ul>\n<li style=\"list-style-type: none;\"><\/li>\n<\/ul>\n                <\/div>\n            <\/div>\n\n        <\/div>\n    <\/div>\n<\/section>\n\n\n<div class=\"group relative bg-white h-[24px] laptop:h-[64px]\" aria-hidden=\"true\"><\/div>\n\n\n<div class=\"group relative bg-gray-200 h-[24px] laptop:h-[64px]\" aria-hidden=\"true\"><\/div>\n\n\n<section class=\"col-content bg-gray-200 \">\n    <div class=\"container\">\n        <div class=\"general-content\">\n            \n            <div class=\"flex flex-col tablet:flex-row gap-small items-start\">\n                <div class=\"flex-1 \">\n                    <p><img loading=\"lazy\" decoding=\"async\" class=\"rounded-tr-tr-120 overflow-hidden alignnone wp-image-14200 size-full\" src=\"https:\/\/trocellen.com\/wp-content\/uploads\/2025\/10\/people_bonding.jpg\" alt=\"\" width=\"1124\" height=\"748\" srcset=\"https:\/\/trocellen.com\/wp-content\/uploads\/2025\/10\/people_bonding.jpg 1124w, https:\/\/trocellen.com\/wp-content\/uploads\/2025\/10\/people_bonding-300x200.jpg 300w, https:\/\/trocellen.com\/wp-content\/uploads\/2025\/10\/people_bonding-1024x681.jpg 1024w, https:\/\/trocellen.com\/wp-content\/uploads\/2025\/10\/people_bonding-768x511.jpg 768w\" sizes=\"auto, (max-width: 1124px) 100vw, 1124px\" \/><\/p>\n                <\/div>\n\n                <div class=\"flex-1\">\n                    <h2>Un lieu de travail s\u00fbr, inclusif et stimulant<\/h2>\n<h3>Sant\u00e9 et s\u00e9curit\u00e9 : toujours prioritaires<\/h3>\n<blockquote>\n<h4 style=\"text-align: center;\">La s\u00e9curit\u00e9 avant tout, sans exception<\/h4>\n<\/blockquote>\n<p>Nous am\u00e9liorons continuellement nos environnements de travail, nos \u00e9quipements et nos processus afin de prot\u00e9ger nos \u00e9quipes. Gr\u00e2ce \u00e0 une formation rigoureuse et \u00e0 un engagement commun en faveur de la s\u00e9curit\u00e9, nous visons z\u00e9ro accident et cr\u00e9ons un lieu de travail o\u00f9 chacun peut s&rsquo;\u00e9panouir.<\/p>\n                <\/div>\n            <\/div>\n\n        <\/div>\n    <\/div>\n<\/section>\n\n\n<section class=\"col-content bg-gray-200 \">\n    <div class=\"container\">\n        <div class=\"general-content\">\n            \n            <div class=\"flex flex-col tablet:flex-col gap-small items-start\">\n                <div class=\"flex-1 w-full\">\n                    <h3>Droits de l&rsquo;homme et diversit\u00e9<\/h3>\n<p>Trocellen respecte strictement les droits de l&rsquo;homme, interdit toute forme de discrimination et de harc\u00e8lement, et promeut activement la diversit\u00e9 et l&rsquo;inclusion afin de garantir que chacun soit trait\u00e9 avec dignit\u00e9 et \u00e9quit\u00e9.<\/p>\n<h3>Favoriser le bien-\u00eatre et l&rsquo;\u00e9panouissement<\/h3>\n<p>Nous favorisons des m\u00e9thodes de travail flexibles et solidaires afin que chacun puisse \u00e9voluer \u00e0 son rythme. Nous soutenons les initiatives en faveur de la sant\u00e9 mentale et physique, donnons acc\u00e8s aux ressources essentielles et encourageons chaque employ\u00e9 \u00e0 exploiter pleinement ses talents, afin de constituer une \u00e9quipe motiv\u00e9e, soud\u00e9e et fi\u00e8re de son travail.<\/p>\n<h3>Redonner et cr\u00e9er un impact social durable<\/h3>\n<p>Chez Trocellen, nous pensons que la r\u00e9ussite commerciale va de pair avec des liens communautaires solides. Nos \u00e9quipes \u00e0 travers le monde participent \u00e0 des initiatives sociales qui soutiennent les g\u00e9n\u00e9rations futures, promeuvent des modes de vie sains, c\u00e9l\u00e8brent la culture et prot\u00e8gent les personnes dans le besoin.<\/p>\n                <\/div>\n\n                <div class=\"flex-1\">\n                                    <\/div>\n            <\/div>\n\n        <\/div>\n    <\/div>\n<\/section>\n\n\n<div class=\"group relative bg-gray-200 h-[24px] laptop:h-[64px]\" aria-hidden=\"true\"><\/div>\n\n\n<div class=\"group relative bg-white h-[24px] laptop:h-[64px]\" aria-hidden=\"true\"><\/div>\n\n<section class=\"heading-block\">\n    <div class=\"container\">\n        \n        <div class=\"general-content border-b-[4px] border-gradient !py-small text-center\">\n            \n            \n                <div class=\"general-content\">\n                        <h2 class=\"!p-0 !border-none\">\n                            Nos domaines d&#039;action strat\u00e9giques                        <\/h2>\n                                    <\/div>\n\n            \n        <\/div>\n    <\/div>\n<\/section>\n\n\n<div class=\"group relative bg-white h-[16px]\" aria-hidden=\"true\"><\/div>\n\n\n<section class=\"col-content bg-white \">\n    <div class=\"container\">\n        <div class=\"general-content\">\n            \n            <div class=\"flex flex-col tablet:flex-row gap-small items-start\">\n                <div class=\"flex-1 \">\n                    <h3>Bien-\u00eatre et s\u00e9curit\u00e9 :<\/h3>\n<ul>\n<li>int\u00e9grer la sant\u00e9, la s\u00e9curit\u00e9 et la flexibilit\u00e9 dans notre culture afin de favoriser une vie \u00e9quilibr\u00e9e et \u00e9panouissante.<\/li>\n<\/ul>\n                <\/div>\n\n                <div class=\"flex-1\">\n                    <h3>D\u00e9veloppement et engagement :<\/h3>\n<ul>\n<li>proposer des formations structur\u00e9es, des programmes de leadership et des activit\u00e9s r\u00e9guli\u00e8res en \u00e9quipe afin de d\u00e9velopper les comp\u00e9tences et de maintenir la coh\u00e9sion et la motivation de nos collaborateurs.<\/li>\n<\/ul>\n                <\/div>\n            <\/div>\n\n        <\/div>\n    <\/div>\n<\/section>\n\n\n<section class=\"col-content bg-white \">\n    <div class=\"container\">\n        <div class=\"general-content\">\n            \n            <div class=\"flex flex-col tablet:flex-row gap-small items-start\">\n                <div class=\"flex-1 \">\n                    <h3>\u00c9quit\u00e9 et droits de l&rsquo;homme :<\/h3>\n<ul>\n<li>respecter des normes \u00e9thiques en mati\u00e8re d&#8217;emploi, la diversit\u00e9 et les droits du travail, gr\u00e2ce \u00e0 des politiques claires et \u00e0 des formations r\u00e9guli\u00e8res.<\/li>\n<\/ul>\n                <\/div>\n\n                <div class=\"flex-1\">\n                    <h3>Transparence et confiance :<\/h3>\n<ul>\n<li>favoriser une communication ouverte, des pratiques \u00e9thiques et l&rsquo;autonomisation des employ\u00e9s, afin de stimuler l&rsquo;innovation et le succ\u00e8s commun.<\/li>\n<\/ul>\n                <\/div>\n            <\/div>\n\n        <\/div>\n    <\/div>\n<\/section>\n\n\n<div class=\"group relative bg-white h-[24px] laptop:h-[64px]\" aria-hidden=\"true\"><\/div>\n\n\n<div class=\"group relative bg-gray-200 h-[24px] laptop:h-[64px]\" aria-hidden=\"true\"><\/div>\n\n\n<section class=\"col-content bg-gray-200 \">\n    <div class=\"container\">\n        <div class=\"general-content\">\n            \n            <div class=\"flex flex-col tablet:flex-row gap-small items-start\">\n                <div class=\"flex-1 \">\n                    <h2>Ensemble, nous construisons un avenir meilleur<\/h2>\n<p>Chez Trocellen, nous sommes plus que des coll\u00e8gues : nous formons une communaut\u00e9 unie par des objectifs communs et la joie de cr\u00e9er une valeur durable. En pla\u00e7ant l&rsquo;humain au centre de toutes nos activit\u00e9s, nous renfor\u00e7ons nos \u00e9quipes, nos communaut\u00e9s et notre impact sur la soci\u00e9t\u00e9.<\/p>\n<p>Vous souhaitez en savoir plus sur nos initiatives ax\u00e9es sur les personnes ou explorer les possibilit\u00e9s de partenariat ? Contactez-nous, nous sommes pr\u00eats \u00e0 faire la diff\u00e9rence ensemble.<\/p>\n                <\/div>\n\n                <div class=\"flex-1\">\n                    <p><img loading=\"lazy\" decoding=\"async\" class=\"rounded-tr-tr-120 overflow-hidden alignnone wp-image-14208 size-full\" src=\"https:\/\/trocellen.com\/wp-content\/uploads\/2025\/10\/people_together.jpg\" alt=\"\" width=\"1124\" height=\"749\" srcset=\"https:\/\/trocellen.com\/wp-content\/uploads\/2025\/10\/people_together.jpg 1124w, https:\/\/trocellen.com\/wp-content\/uploads\/2025\/10\/people_together-300x200.jpg 300w, https:\/\/trocellen.com\/wp-content\/uploads\/2025\/10\/people_together-1024x682.jpg 1024w, https:\/\/trocellen.com\/wp-content\/uploads\/2025\/10\/people_together-768x512.jpg 768w\" sizes=\"auto, (max-width: 1124px) 100vw, 1124px\" \/><\/p>\n                <\/div>\n            <\/div>\n\n        <\/div>\n    <\/div>\n<\/section>\n\n\n<div class=\"group relative bg-gray-200 h-[24px] laptop:h-[64px]\" aria-hidden=\"true\"><\/div>","protected":false},"excerpt":{"rendered":"","protected":false},"author":1,"featured_media":0,"parent":7501,"menu_order":0,"comment_status":"closed","ping_status":"closed","template":"template-parts\/page-general.php","meta":{"_acf_changed":false,"footnotes":""},"class_list":["post-13246","page","type-page","status-publish","hentry"],"acf":[],"yoast_head":"<!-- This site is optimized with the Yoast SEO plugin v25.9 - https:\/\/yoast.com\/wordpress\/plugins\/seo\/ -->\n<title>Personnes et soci\u00e9t\u00e9 - Trocellen, the European polyolefin foam solution provider<\/title>\n<meta name=\"robots\" content=\"index, follow, max-snippet:-1, max-image-preview:large, max-video-preview:-1\" \/>\n<link rel=\"canonical\" href=\"https:\/\/trocellen.com\/sustainability\/people-society\/\" \/>\n<meta property=\"og:locale\" content=\"fr_FR\" \/>\n<meta property=\"og:type\" content=\"article\" \/>\n<meta property=\"og:title\" content=\"Personnes et soci\u00e9t\u00e9 - Trocellen, the European polyolefin foam solution provider\" \/>\n<meta property=\"og:url\" content=\"https:\/\/trocellen.com\/sustainability\/people-society\/\" \/>\n<meta property=\"og:site_name\" content=\"Trocellen, the European polyolefin foam solution provider\" \/>\n<meta property=\"article:modified_time\" content=\"2025-10-13T06:06:08+00:00\" \/>\n<meta name=\"twitter:card\" content=\"summary_large_image\" \/>\n<script type=\"application\/ld+json\" class=\"yoast-schema-graph\">{\"@context\":\"https:\/\/schema.org\",\"@graph\":[{\"@type\":\"WebPage\",\"@id\":\"https:\/\/trocellen.com\/sustainability\/people-society\/\",\"url\":\"https:\/\/trocellen.com\/sustainability\/people-society\/\",\"name\":\"Personnes et soci\u00e9t\u00e9 - Trocellen, the European polyolefin foam solution provider\",\"isPartOf\":{\"@id\":\"https:\/\/trocellen.com\/#website\"},\"datePublished\":\"2025-04-29T08:22:11+00:00\",\"dateModified\":\"2025-10-13T06:06:08+00:00\",\"breadcrumb\":{\"@id\":\"https:\/\/trocellen.com\/sustainability\/people-society\/#breadcrumb\"},\"inLanguage\":\"fr-FR\",\"potentialAction\":[{\"@type\":\"ReadAction\",\"target\":[\"https:\/\/trocellen.com\/sustainability\/people-society\/\"]}]},{\"@type\":\"BreadcrumbList\",\"@id\":\"https:\/\/trocellen.com\/sustainability\/people-society\/#breadcrumb\",\"itemListElement\":[{\"@type\":\"ListItem\",\"position\":1,\"name\":\"Home\",\"item\":\"https:\/\/trocellen.com\/fr\/\"},{\"@type\":\"ListItem\",\"position\":2,\"name\":\"Personnes et soci\u00e9t\u00e9\"}]},{\"@type\":\"WebSite\",\"@id\":\"https:\/\/trocellen.com\/#website\",\"url\":\"https:\/\/trocellen.com\/\",\"name\":\"Trocellen, the European polyolefin foam solution provider\",\"description\":\"TROCELLEN\u00ae is a leading manufacturer of chemically and physically cross-linked polyolefin and rubber foam solutions\",\"potentialAction\":[{\"@type\":\"SearchAction\",\"target\":{\"@type\":\"EntryPoint\",\"urlTemplate\":\"https:\/\/trocellen.com\/?s={search_term_string}\"},\"query-input\":{\"@type\":\"PropertyValueSpecification\",\"valueRequired\":true,\"valueName\":\"search_term_string\"}}],\"inLanguage\":\"fr-FR\"}]}<\/script>\n<!-- \/ Yoast SEO plugin. -->","yoast_head_json":{"title":"Personnes et soci\u00e9t\u00e9 - Trocellen, the European polyolefin foam solution provider","robots":{"index":"index","follow":"follow","max-snippet":"max-snippet:-1","max-image-preview":"max-image-preview:large","max-video-preview":"max-video-preview:-1"},"canonical":"https:\/\/trocellen.com\/sustainability\/people-society\/","og_locale":"fr_FR","og_type":"article","og_title":"Personnes et soci\u00e9t\u00e9 - Trocellen, the European polyolefin foam solution provider","og_url":"https:\/\/trocellen.com\/sustainability\/people-society\/","og_site_name":"Trocellen, the European polyolefin foam solution provider","article_modified_time":"2025-10-13T06:06:08+00:00","twitter_card":"summary_large_image","schema":{"@context":"https:\/\/schema.org","@graph":[{"@type":"WebPage","@id":"https:\/\/trocellen.com\/sustainability\/people-society\/","url":"https:\/\/trocellen.com\/sustainability\/people-society\/","name":"Personnes et soci\u00e9t\u00e9 - Trocellen, the European polyolefin foam solution provider","isPartOf":{"@id":"https:\/\/trocellen.com\/#website"},"datePublished":"2025-04-29T08:22:11+00:00","dateModified":"2025-10-13T06:06:08+00:00","breadcrumb":{"@id":"https:\/\/trocellen.com\/sustainability\/people-society\/#breadcrumb"},"inLanguage":"fr-FR","potentialAction":[{"@type":"ReadAction","target":["https:\/\/trocellen.com\/sustainability\/people-society\/"]}]},{"@type":"BreadcrumbList","@id":"https:\/\/trocellen.com\/sustainability\/people-society\/#breadcrumb","itemListElement":[{"@type":"ListItem","position":1,"name":"Home","item":"https:\/\/trocellen.com\/fr\/"},{"@type":"ListItem","position":2,"name":"Personnes et soci\u00e9t\u00e9"}]},{"@type":"WebSite","@id":"https:\/\/trocellen.com\/#website","url":"https:\/\/trocellen.com\/","name":"Trocellen, the European polyolefin foam solution provider","description":"TROCELLEN\u00ae is a leading manufacturer of chemically and physically cross-linked polyolefin and rubber foam solutions","potentialAction":[{"@type":"SearchAction","target":{"@type":"EntryPoint","urlTemplate":"https:\/\/trocellen.com\/?s={search_term_string}"},"query-input":{"@type":"PropertyValueSpecification","valueRequired":true,"valueName":"search_term_string"}}],"inLanguage":"fr-FR"}]}},"_links":{"self":[{"href":"https:\/\/trocellen.com\/fr\/wp-json\/wp\/v2\/pages\/13246","targetHints":{"allow":["GET"]}}],"collection":[{"href":"https:\/\/trocellen.com\/fr\/wp-json\/wp\/v2\/pages"}],"about":[{"href":"https:\/\/trocellen.com\/fr\/wp-json\/wp\/v2\/types\/page"}],"author":[{"embeddable":true,"href":"https:\/\/trocellen.com\/fr\/wp-json\/wp\/v2\/users\/1"}],"replies":[{"embeddable":true,"href":"https:\/\/trocellen.com\/fr\/wp-json\/wp\/v2\/comments?post=13246"}],"version-history":[{"count":5,"href":"https:\/\/trocellen.com\/fr\/wp-json\/wp\/v2\/pages\/13246\/revisions"}],"predecessor-version":[{"id":14214,"href":"https:\/\/trocellen.com\/fr\/wp-json\/wp\/v2\/pages\/13246\/revisions\/14214"}],"up":[{"embeddable":true,"href":"https:\/\/trocellen.com\/fr\/wp-json\/wp\/v2\/pages\/7501"}],"wp:attachment":[{"href":"https:\/\/trocellen.com\/fr\/wp-json\/wp\/v2\/media?parent=13246"}],"curies":[{"name":"wp","href":"https:\/\/api.w.org\/{rel}","templated":true}]}}