{"id":12720,"date":"2025-04-29T08:21:43","date_gmt":"2025-04-29T08:21:43","guid":{"rendered":"https:\/\/trocellen-dev.local\/durabilite\/environment\/"},"modified":"2025-12-10T08:24:43","modified_gmt":"2025-12-10T08:24:43","slug":"environnement","status":"publish","type":"page","link":"https:\/\/trocellen.com\/fr\/durabilite\/environnement\/","title":{"rendered":"Environnement"},"content":{"rendered":"\n<div class=\"group relative bg-gray-200 h-[32px]\" aria-hidden=\"true\"><\/div>\n\n\n<section class=\"col-content bg-gray-200 \">\n    <div class=\"container\">\n        <div class=\"general-content\">\n            \n            <div class=\"flex flex-col tablet:flex-row gap-small items-start\">\n                <div class=\"flex-1 \">\n                    <h2>Notre engagement en faveur de l&rsquo;environnement<\/h2>\n<p>Chez Trocellen, fa\u00e7onner un avenir durable est plus qu&rsquo;une ambition, c&rsquo;est notre promesse.<br \/>\nNous sommes conscients que la pr\u00e9servation de l&rsquo;environnement mondial est l&rsquo;un des d\u00e9fis les plus urgents de notre \u00e9poque. En tant que sp\u00e9cialiste de premier plan dans le domaine des solutions \u00e0 base de polym\u00e8res, nous nous effor\u00e7ons chaque jour de d\u00e9velopper des produits innovants et responsables qui concilient les besoins humains et l&rsquo;harmonie \u00e9cologique.<\/p>\n<h2>Notre mission est claire :<\/h2>\n<ul>\n<li>R\u00e9duire notre impact environnemental,<\/li>\n<li>Permettre la circularit\u00e9 dans tous les secteurs,<\/li>\n<li>Et soutenir les efforts mondiaux de lutte contre le changement climatique gr\u00e2ce \u00e0 des technologies de pointe dans le domaine des mat\u00e9riaux.<\/li>\n<\/ul>\n                <\/div>\n\n                <div class=\"flex-1\">\n                    <p><img loading=\"lazy\" decoding=\"async\" class=\"rounded-tr-tr-120 overflow-hidden alignnone wp-image-14156 size-full\" src=\"https:\/\/trocellen.com\/wp-content\/uploads\/2025\/10\/environment.jpg\" alt=\"\" width=\"1000\" height=\"667\" srcset=\"https:\/\/trocellen.com\/wp-content\/uploads\/2025\/10\/environment.jpg 1000w, https:\/\/trocellen.com\/wp-content\/uploads\/2025\/10\/environment-300x200.jpg 300w, https:\/\/trocellen.com\/wp-content\/uploads\/2025\/10\/environment-768x512.jpg 768w\" sizes=\"auto, (max-width: 1000px) 100vw, 1000px\" \/><\/p>\n                <\/div>\n            <\/div>\n\n        <\/div>\n    <\/div>\n<\/section>\n\n\n<div class=\"group relative bg-gray-200 h-[32px]\" aria-hidden=\"true\"><\/div>\n\n\n<div class=\"group relative bg-white h-[32px]\" aria-hidden=\"true\"><\/div>\n\n\n<section class=\"col-content bg-white \">\n    <div class=\"container\">\n        <div class=\"general-content\">\n            \n            <div class=\"flex flex-col tablet:flex-row gap-small items-start\">\n                <div class=\"flex-1 \">\n                    <h2>Les fondements de notre approche durable<\/h2>\n                <\/div>\n\n                <div class=\"flex-1\">\n                    <h3>Dans tous les secteurs o\u00f9 nous sommes pr\u00e9sents, nos solutions reposent sur les m\u00eames principes :<\/h3>\n<ul>\n<li>L\u00e9g\u00e8ret\u00e9 : utiliser moins de mat\u00e9riaux pour r\u00e9duire les \u00e9missions li\u00e9es au transport.<\/li>\n<li>Haute qualit\u00e9 et performances constantes : garantir la long\u00e9vit\u00e9 et la fiabilit\u00e9 des produits.<\/li>\n<li>Simplicit\u00e9 : int\u00e9gration facile dans diverses applications et recyclage plus ais\u00e9.<\/li>\n<li>Longue dur\u00e9e de vie : r\u00e9duction des d\u00e9chets gr\u00e2ce \u00e0 une utilisation prolong\u00e9e.<\/li>\n<\/ul>\n<p>Gr\u00e2ce \u00e0 ces piliers, les produits Trocellen am\u00e9liorent le confort et la s\u00e9curit\u00e9, tout en contribuant activement \u00e0 la protection de notre environnement.<\/p>\n                <\/div>\n            <\/div>\n\n        <\/div>\n    <\/div>\n<\/section>\n\n\n<div class=\"group relative bg-white h-[32px]\" aria-hidden=\"true\"><\/div>\n\n\n<div class=\"group relative bg-gray-200 h-[32px]\" aria-hidden=\"true\"><\/div>\n\n\n<section class=\"col-content bg-gray-200 \">\n    <div class=\"container\">\n        <div class=\"general-content\">\n            \n            <div class=\"flex flex-col tablet:flex-row gap-small items-start\">\n                <div class=\"flex-1 \">\n                    <h2>La durabilit\u00e9 en action<\/h2>\n                <\/div>\n\n                <div class=\"flex-1\">\n                    <h3>L&rsquo;\u00e9coconception au c\u0153ur de nos pr\u00e9occupations<\/h3>\n<p>La durabilit\u00e9 ne s&rsquo;arr\u00eate pas \u00e0 la fabrication. C&rsquo;est pourquoi nous int\u00e9grons les principes de l&rsquo;\u00e9coconception dans l&rsquo;ensemble de notre processus de d\u00e9veloppement de produits.<\/p>\n<ul>\n<li>Nous analysons les produits tout au long de leur cycle de vie (ACV), depuis l&rsquo;extraction des mati\u00e8res premi\u00e8res jusqu&rsquo;\u00e0 la fin de vie, en passant par la production et le transport.<\/li>\n<li>Cela nous permet d&rsquo;identifier et de minimiser les impacts environnementaux \u00e0 chaque \u00e9tape.<\/li>\n<li>D&rsquo;ici 2025, notre objectif est que tous les nouveaux produits Trocellen soient \u00e9cocon\u00e7us, alliant les meilleures performances \u00e0 une empreinte \u00e9cologique la plus faible possible.<\/li>\n<\/ul>\n                <\/div>\n            <\/div>\n\n        <\/div>\n    <\/div>\n<\/section>\n\n\n<div class=\"group relative bg-gray-200 h-[32px]\" aria-hidden=\"true\"><\/div>\n\n\n<div class=\"group relative bg-white h-[32px]\" aria-hidden=\"true\"><\/div>\n\n<section class=\"heading-block\">\n    <div class=\"container\">\n        \n        <div class=\"general-content border-b-[4px] border-gradient !py-small flex justify-between items-center\">\n            \n                            \n                <div class=\"general-content\">\n                    <h2 class=\"!p-0 !border-none\">\n                        NATURELOOP                    <\/h2>\n                                            <h3>\n                            construire un avenir circulaire                        <\/h3>\n                                    <\/div>\n\n                <div>\n                    <img decoding=\"async\" src=\"https:\/\/trocellen.com\/wp-content\/uploads\/2025\/09\/natureloop-logo-small.png\" \n                         alt=\"\"\n                         class=\"max-h-12 w-auto mx-auto tablet:mx-0 mt-default\">\n                <\/div>\n\n            \n        <\/div>\n    <\/div>\n<\/section>\n\n\n<div class=\"group relative bg-white h-[32px]\" aria-hidden=\"true\"><\/div>\n\n\n<section class=\"col-content bg-white \">\n    <div class=\"container\">\n        <div class=\"general-content\">\n            \n            <div class=\"flex flex-col tablet:flex-row gap-small items-start\">\n                <div class=\"flex-1 \">\n                    <p>Notre gamme NATURELOOP incarne l&rsquo;engagement global de Trocellen en faveur du d\u00e9veloppement durable.<\/p>\n                <\/div>\n\n                <div class=\"flex-1\">\n                    <ul>\n<li>Con\u00e7ues pour minimiser l&rsquo;impact environnemental tout en offrant des solutions l\u00e9g\u00e8res, durables et hautement performantes.<\/li>\n<li>S&rsquo;appuyant sur des \u00e9tudes ACV rigoureuses et une r\u00e9flexion \u00e9co-conception, NATURELOOP vise \u00e0 boucler les boucles mat\u00e9rielles, r\u00e9pondant ainsi \u00e0 vos besoins et \u00e0 ceux de la plan\u00e8te.<\/li>\n<\/ul>\n                <\/div>\n            <\/div>\n\n        <\/div>\n    <\/div>\n<\/section>\n\n\n<div class=\"group relative bg-white h-[24px]\" aria-hidden=\"true\"><\/div>\n\n\n<section>\n    <div class=\"container\">\n        <div class=\"general-content text-center\">\n            <h3 class=\"mb-xs border-b-[4px] border-[#B7B7B7] !mb-0\">Sustainable Materials<\/h3>\n        <\/div>\n\n        \n            <div class=\"grid grid-cols-1 tablet:grid-cols-2 tablet:gap-xxl gap-default\">\n\n                \n                <div class=\"pt-xxl flex relative materials-container-outer\">\n                    <div class=\"p-default border-[2px] border-[#B7B7B7] rounded-tr-tr-60\">\n                        <div class=\"flex gap-default\">\n                            <img loading=\"lazy\" decoding=\"async\" src=\"https:\/\/trocellen.com\/wp-content\/uploads\/2025\/09\/REPE-icon.png\" width=\"68\" height=\"68\" alt=\"\" class=\"w-[68px] h-[68px]\">\n\n                            <div class=\"general-content materials-container\">\n                                <h3><span style=\"color: #07aebc\">REcy-PE:<\/span><\/h3>\n<p><span style=\"color: #07aebc\"><strong>poly\u00e9thyl\u00e8ne recycl\u00e9 pour une empreinte carbone r\u00e9duite<\/strong><\/span><\/p>\n<ul>\n<li>Jusqu&rsquo;\u00e0 30 % de PE recycl\u00e9 chimiquement et 20 % de PE recycl\u00e9 m\u00e9caniquement.<\/li>\n<li>Chaque kg de PEBD fossile remplac\u00e9 par du PEBD recycl\u00e9 chimiquement permet de r\u00e9duire les \u00e9missions de CO\u2082 \u00e9quivalent de 0,86 kg.<\/li>\n<li>Contribue \u00e0 r\u00e9duire la consommation d&rsquo;\u00e9nergie, d\u00e9tourne les d\u00e9chets des d\u00e9charges et de l&rsquo;incin\u00e9ration, et aide \u00e0 r\u00e9pondre aux exigences r\u00e9glementaires de plus en plus strictes.<\/li>\n<\/ul>\n<p>Nos mousses REcy-PE sont \u00e9valu\u00e9es et certifi\u00e9es selon la norme EN ISO 14021, et nous fournissons \u00e9galement des analyses transparentes de l&rsquo;impact du cycle de vie pour vous aider \u00e0 \u00e9tablir vos rapports sur le d\u00e9veloppement durable.<\/p>\n                            <\/div>\n                        <\/div>\n                    <\/div>\n                <\/div>\n\n                \n                <div class=\"pt-xxl flex relative materials-container-outer\">\n                    <div class=\"p-default border-[2px] border-[#B7B7B7] rounded-tr-tr-60\">\n                        <div class=\"flex gap-default\">\n                            <img loading=\"lazy\" decoding=\"async\" src=\"https:\/\/trocellen.com\/wp-content\/uploads\/2025\/09\/TR-EEcell-icon.png\" width=\"68\" height=\"68\" alt=\"\" class=\"w-[68px] h-[68px]\">\n\n                            <div class=\"general-content materials-container\">\n                                <h3><span style=\"color: #b2cb07\">TR-EEcell:<\/span><\/h3>\n<p><span style=\"color: #b2cb07\"><strong>des solutions biosourc\u00e9es en toute transparence<\/strong><\/span><\/p>\n<p>TR-EEcell est la gamme de mousses biosourc\u00e9es de Trocellen, qui utilise des mati\u00e8res premi\u00e8res issues de la biomasse renouvelable, telles que les d\u00e9chets de canne \u00e0 sucre de deuxi\u00e8me g\u00e9n\u00e9ration :<\/p>\n<ul>\n<li>\u00c9vite la concurrence avec les ressources alimentaires.<\/li>\n<li>Contribue \u00e0 r\u00e9duire la d\u00e9pendance aux ressources fossiles et \u00e0 capturer le CO\u2082 pendant la croissance des plantes.<\/li>\n<li>Certifi\u00e9 par ISCC PLUS et DIN CERTCO, garantissant un approvisionnement durable et une documentation claire sur le contenu biologique.<\/li>\n<\/ul>\n<p>De la production \u00e0 la fin de vie, TR-EEcell permet une r\u00e9duction mesurable de l&#8217;empreinte carbone, tout en conservant l&rsquo;aspect, le toucher et la fiabilit\u00e9 des mousses polym\u00e8res conventionnelles.<\/p>\n                            <\/div>\n                        <\/div>\n                    <\/div>\n                <\/div>\n\n                \n            <\/div>\n\n            <\/div>\n<\/section>\n\n\n<div class=\"group relative bg-white h-[48px]\" aria-hidden=\"true\"><\/div>\n\n\n<div class=\"group relative bg-gray-200 h-[32px]\" aria-hidden=\"true\"><\/div>\n\n\n<section class=\"col-content bg-gray-200 \">\n    <div class=\"container\">\n        <div class=\"general-content\">\n            \n            <div class=\"flex flex-col tablet:flex-row gap-small items-start\">\n                <div class=\"flex-1 \">\n                    <h2>Certifi\u00e9 et v\u00e9rifi\u00e9 pour plus de confiance<\/h2>\n                <\/div>\n\n                <div class=\"flex-1\">\n                    <h3>Cha\u00eenes d&rsquo;approvisionnement transparentes et audits ind\u00e9pendants<\/h3>\n<p>Trocellen veille \u00e0 ce que ses produits et l&rsquo;approvisionnement en mati\u00e8res premi\u00e8res r\u00e9pondent aux normes les plus strictes :<\/p>\n<ul>\n<li>La certification ISCC PLUS garantit la tra\u00e7abilit\u00e9 et la gestion responsable des mati\u00e8res premi\u00e8res biosourc\u00e9es et recycl\u00e9es tout au long de notre cha\u00eene d&rsquo;approvisionnement.<\/li>\n<li>Nos installations sont r\u00e9guli\u00e8rement audit\u00e9es par des organismes de certification ind\u00e9pendants.<\/li>\n<li>Nous utilisons \u00e9galement l&rsquo;approche du bilan massique, largement reconnue dans l&rsquo;industrie chimique, afin de garantir une qualit\u00e9 constante tout en suivant avec pr\u00e9cision le contenu durable.<\/li>\n<\/ul>\n<p>D\u00e9couvrez nos usines certifi\u00e9es et t\u00e9l\u00e9chargez nos certificats ici.<\/p>\n<p>Ensemble, fa\u00e7onnons un monde plus propre, plus s\u00fbr et plus durable.<\/p>\n                <\/div>\n            <\/div>\n\n        <\/div>\n    <\/div>\n<\/section>\n\n\n<div class=\"group relative bg-gray-200 h-[32px]\" aria-hidden=\"true\"><\/div>\n\n\n<div class=\"group relative bg-white h-[32px]\" aria-hidden=\"true\"><\/div>\n\n<section class=\"heading-block\">\n    <div class=\"container\">\n        \n        <div class=\"general-content border-b-[4px] border-gradient !py-small text-center\">\n            \n            \n                <div class=\"general-content\">\n                        <h2 class=\"!p-0 !border-none\">\n                            Pourquoi choisir Trocellen ?                        <\/h2>\n                                    <\/div>\n\n            \n        <\/div>\n    <\/div>\n<\/section>\n\n\n<div class=\"group relative bg-white h-[32px]\" aria-hidden=\"true\"><\/div>\n\n\n\n<section>\n    <div class=\"container\">\n        \n        \n            <div class=\"grid grid-cols-1 tablet:grid-cols-3 gap-default\">\n                \n                \n                <div class=\"general-content text-center\">\n                    <img loading=\"lazy\" decoding=\"async\" src=\"https:\/\/trocellen.com\/wp-content\/uploads\/2025\/09\/monitoring.png\" class=\"mx-auto mb-xs\" alt=\"\" height=\"54\" width=\"54\">\n\n                    <div class=\"feature-element-box\">\n                        <h4><span style=\"color: #a7157d\">Durabilit\u00e9 int\u00e9gr\u00e9e:<\/span><\/h4>\n<p>De la R&amp;D \u00e0 la livraison, chaque \u00e9tape r\u00e9pond \u00e0 des normes environnementales rigoureuses.<\/p>\n                    <\/div>\n                <\/div>\n\n                \n                <div class=\"general-content text-center\">\n                    <img loading=\"lazy\" decoding=\"async\" src=\"https:\/\/trocellen.com\/wp-content\/uploads\/2025\/09\/data-backed.png\" class=\"mx-auto mb-xs\" alt=\"\" height=\"54\" width=\"54\">\n\n                    <div class=\"feature-element-box\">\n                        <h4><span style=\"color: #07aebc\">Transparence fond\u00e9e sur des donn\u00e9es:<\/span><\/h4>\n<p>D\u00e9clarations, certifications et ACV fiables.<\/p>\n                    <\/div>\n                <\/div>\n\n                \n                <div class=\"general-content text-center\">\n                    <img loading=\"lazy\" decoding=\"async\" src=\"https:\/\/trocellen.com\/wp-content\/uploads\/2025\/09\/tailored-solutions.png\" class=\"mx-auto mb-xs\" alt=\"\" height=\"54\" width=\"54\">\n\n                    <div class=\"feature-element-box\">\n                        <h4><span style=\"color: #b2cb07\">Solutions sur mesure :<\/span><\/h4>\n<p>Des produits personnalis\u00e9s avec des contenus recycl\u00e9s ou biosourc\u00e9s, con\u00e7us pour votre secteur et vos objectifs.<\/p>\n                    <\/div>\n                <\/div>\n\n                \n            <\/div>\n\n            \n    <\/div>\n<\/section>\n\n\n<div class=\"group relative bg-white h-[32px]\" aria-hidden=\"true\"><\/div>\n\n\n<div class=\"group relative bg-white h-[32px]\" aria-hidden=\"true\"><\/div>\n\n\n<section class=\"col-content bg-white \">\n    <div class=\"container\">\n        <div class=\"general-content\">\n            \n            <div class=\"flex flex-col tablet:flex-row gap-small items-start\">\n                <div class=\"flex-1 \">\n                    <h3 style=\"text-align: center\"><span style=\"color: #d14f1b\">Construisons un avenir durable<\/span><\/h3>\n<p style=\"text-align: center\">Les changements significatifs se produisent ensemble. Collaborez avec nous pour cr\u00e9er des cha\u00eenes de valeur v\u00e9ritablement durables, sans compromis sur la qualit\u00e9 ou la performance.<\/p>\n                <\/div>\n\n                <div class=\"flex-1\">\n                    <h3 style=\"text-align: center\"><span style=\"color: #b2cb07\">Pr\u00eat \u00e0 vous lancer ?<\/span><\/h3>\n<p style=\"text-align: center\">Contactez notre \u00e9quipe pour d\u00e9couvrir des solutions \u00e9cologiques sur mesure.<\/p>\n                <\/div>\n            <\/div>\n\n        <\/div>\n    <\/div>\n<\/section>\n\n\n<div class=\"group relative bg-white h-[32px]\" aria-hidden=\"true\"><\/div>","protected":false},"excerpt":{"rendered":"","protected":false},"author":1,"featured_media":0,"parent":7501,"menu_order":0,"comment_status":"closed","ping_status":"closed","template":"template-parts\/page-general.php","meta":{"_acf_changed":false,"footnotes":""},"class_list":["post-12720","page","type-page","status-publish","hentry"],"acf":[],"yoast_head":"<!-- This site is optimized with the Yoast SEO plugin v25.9 - https:\/\/yoast.com\/wordpress\/plugins\/seo\/ -->\n<title>Environnement - Trocellen, the European polyolefin foam solution provider<\/title>\n<meta name=\"robots\" content=\"index, follow, max-snippet:-1, max-image-preview:large, max-video-preview:-1\" \/>\n<link rel=\"canonical\" href=\"https:\/\/trocellen.com\/fr\/durabilite\/environnement\/\" \/>\n<meta property=\"og:locale\" content=\"fr_FR\" \/>\n<meta property=\"og:type\" content=\"article\" \/>\n<meta property=\"og:title\" content=\"Environnement - Trocellen, the European polyolefin foam solution provider\" \/>\n<meta property=\"og:url\" content=\"https:\/\/trocellen.com\/fr\/durabilite\/environnement\/\" \/>\n<meta property=\"og:site_name\" content=\"Trocellen, the European polyolefin foam solution provider\" \/>\n<meta property=\"article:modified_time\" content=\"2025-12-10T08:24:43+00:00\" \/>\n<meta name=\"twitter:card\" content=\"summary_large_image\" \/>\n<script type=\"application\/ld+json\" class=\"yoast-schema-graph\">{\"@context\":\"https:\/\/schema.org\",\"@graph\":[{\"@type\":\"WebPage\",\"@id\":\"https:\/\/trocellen.com\/fr\/durabilite\/environnement\/\",\"url\":\"https:\/\/trocellen.com\/fr\/durabilite\/environnement\/\",\"name\":\"Environnement - Trocellen, the European polyolefin foam solution provider\",\"isPartOf\":{\"@id\":\"https:\/\/trocellen.com\/#website\"},\"datePublished\":\"2025-04-29T08:21:43+00:00\",\"dateModified\":\"2025-12-10T08:24:43+00:00\",\"breadcrumb\":{\"@id\":\"https:\/\/trocellen.com\/fr\/durabilite\/environnement\/#breadcrumb\"},\"inLanguage\":\"fr-FR\",\"potentialAction\":[{\"@type\":\"ReadAction\",\"target\":[\"https:\/\/trocellen.com\/fr\/durabilite\/environnement\/\"]}]},{\"@type\":\"BreadcrumbList\",\"@id\":\"https:\/\/trocellen.com\/fr\/durabilite\/environnement\/#breadcrumb\",\"itemListElement\":[{\"@type\":\"ListItem\",\"position\":1,\"name\":\"Home\",\"item\":\"https:\/\/trocellen.com\/fr\/\"},{\"@type\":\"ListItem\",\"position\":2,\"name\":\"Environnement\"}]},{\"@type\":\"WebSite\",\"@id\":\"https:\/\/trocellen.com\/#website\",\"url\":\"https:\/\/trocellen.com\/\",\"name\":\"Trocellen, the European polyolefin foam solution provider\",\"description\":\"TROCELLEN\u00ae is a leading manufacturer of chemically and physically cross-linked polyolefin and rubber foam solutions\",\"potentialAction\":[{\"@type\":\"SearchAction\",\"target\":{\"@type\":\"EntryPoint\",\"urlTemplate\":\"https:\/\/trocellen.com\/?s={search_term_string}\"},\"query-input\":{\"@type\":\"PropertyValueSpecification\",\"valueRequired\":true,\"valueName\":\"search_term_string\"}}],\"inLanguage\":\"fr-FR\"}]}<\/script>\n<!-- \/ Yoast SEO plugin. -->","yoast_head_json":{"title":"Environnement - Trocellen, the European polyolefin foam solution provider","robots":{"index":"index","follow":"follow","max-snippet":"max-snippet:-1","max-image-preview":"max-image-preview:large","max-video-preview":"max-video-preview:-1"},"canonical":"https:\/\/trocellen.com\/fr\/durabilite\/environnement\/","og_locale":"fr_FR","og_type":"article","og_title":"Environnement - Trocellen, the European polyolefin foam solution provider","og_url":"https:\/\/trocellen.com\/fr\/durabilite\/environnement\/","og_site_name":"Trocellen, the European polyolefin foam solution provider","article_modified_time":"2025-12-10T08:24:43+00:00","twitter_card":"summary_large_image","schema":{"@context":"https:\/\/schema.org","@graph":[{"@type":"WebPage","@id":"https:\/\/trocellen.com\/fr\/durabilite\/environnement\/","url":"https:\/\/trocellen.com\/fr\/durabilite\/environnement\/","name":"Environnement - Trocellen, the European polyolefin foam solution provider","isPartOf":{"@id":"https:\/\/trocellen.com\/#website"},"datePublished":"2025-04-29T08:21:43+00:00","dateModified":"2025-12-10T08:24:43+00:00","breadcrumb":{"@id":"https:\/\/trocellen.com\/fr\/durabilite\/environnement\/#breadcrumb"},"inLanguage":"fr-FR","potentialAction":[{"@type":"ReadAction","target":["https:\/\/trocellen.com\/fr\/durabilite\/environnement\/"]}]},{"@type":"BreadcrumbList","@id":"https:\/\/trocellen.com\/fr\/durabilite\/environnement\/#breadcrumb","itemListElement":[{"@type":"ListItem","position":1,"name":"Home","item":"https:\/\/trocellen.com\/fr\/"},{"@type":"ListItem","position":2,"name":"Environnement"}]},{"@type":"WebSite","@id":"https:\/\/trocellen.com\/#website","url":"https:\/\/trocellen.com\/","name":"Trocellen, the European polyolefin foam solution provider","description":"TROCELLEN\u00ae is a leading manufacturer of chemically and physically cross-linked polyolefin and rubber foam solutions","potentialAction":[{"@type":"SearchAction","target":{"@type":"EntryPoint","urlTemplate":"https:\/\/trocellen.com\/?s={search_term_string}"},"query-input":{"@type":"PropertyValueSpecification","valueRequired":true,"valueName":"search_term_string"}}],"inLanguage":"fr-FR"}]}},"_links":{"self":[{"href":"https:\/\/trocellen.com\/fr\/wp-json\/wp\/v2\/pages\/12720","targetHints":{"allow":["GET"]}}],"collection":[{"href":"https:\/\/trocellen.com\/fr\/wp-json\/wp\/v2\/pages"}],"about":[{"href":"https:\/\/trocellen.com\/fr\/wp-json\/wp\/v2\/types\/page"}],"author":[{"embeddable":true,"href":"https:\/\/trocellen.com\/fr\/wp-json\/wp\/v2\/users\/1"}],"replies":[{"embeddable":true,"href":"https:\/\/trocellen.com\/fr\/wp-json\/wp\/v2\/comments?post=12720"}],"version-history":[{"count":5,"href":"https:\/\/trocellen.com\/fr\/wp-json\/wp\/v2\/pages\/12720\/revisions"}],"predecessor-version":[{"id":15282,"href":"https:\/\/trocellen.com\/fr\/wp-json\/wp\/v2\/pages\/12720\/revisions\/15282"}],"up":[{"embeddable":true,"href":"https:\/\/trocellen.com\/fr\/wp-json\/wp\/v2\/pages\/7501"}],"wp:attachment":[{"href":"https:\/\/trocellen.com\/fr\/wp-json\/wp\/v2\/media?parent=12720"}],"curies":[{"name":"wp","href":"https:\/\/api.w.org\/{rel}","templated":true}]}}