{"id":12613,"date":"2025-04-29T08:21:31","date_gmt":"2025-04-29T08:21:31","guid":{"rendered":"https:\/\/trocellen-dev.local\/durabilite\/sustainable-supply-chain\/"},"modified":"2025-10-10T11:23:56","modified_gmt":"2025-10-10T11:23:56","slug":"chaine-dapprovisionnement-durable","status":"publish","type":"page","link":"https:\/\/trocellen.com\/fr\/durabilite\/chaine-dapprovisionnement-durable\/","title":{"rendered":"Cha\u00eene d&rsquo;approvisionnement durable"},"content":{"rendered":"\n<div class=\"group relative bg-gray-200 h-[24px] laptop:h-[64px]\" aria-hidden=\"true\"><\/div>\n\n\n<section class=\"col-content bg-gray-200 \">\n    <div class=\"container\">\n        <div class=\"general-content\">\n            \n            <div class=\"flex flex-col tablet:flex-row gap-small items-start\">\n                <div class=\"flex-1 \">\n                    <h2>Notre engagement en faveur de cha\u00eenes d&rsquo;approvisionnement responsables<\/h2>\n                <\/div>\n\n                <div class=\"flex-1\">\n                    <p>Chez Trocellen, nous comprenons que l&rsquo;impact de nos activit\u00e9s d\u00e9passe largement le cadre de nos propres installations. Il s&rsquo;\u00e9tend \u00e0 l&rsquo;ensemble du r\u00e9seau complexe de fournisseurs et de partenaires qui contribuent \u00e0 donner vie \u00e0 nos solutions. C&rsquo;est pourquoi nous nous engageons \u00e0 participer activement \u00e0 la mise en place d&rsquo;une cha\u00eene d&rsquo;approvisionnement durable, en surveillant et en r\u00e9\u00e9valuant r\u00e9guli\u00e8rement nos collaborations, toujours dans une perspective ESG forte.<\/p>\n                <\/div>\n            <\/div>\n\n        <\/div>\n    <\/div>\n<\/section>\n\n\n<div class=\"group relative bg-gray-200 h-[24px] laptop:h-[64px]\" aria-hidden=\"true\"><\/div>\n\n\n<div class=\"group relative bg-white h-[24px] laptop:h-[64px]\" aria-hidden=\"true\"><\/div>\n\n\n\n<section class=\"bg-white\">\n\n    <div class=\"container !max-w-narrow text-center\">\n        <div class=\"general-content\">\n            <h2>Une approche responsable en mati\u00e8re d&rsquo;approvisionnement<\/h2>\n            <p>Conform\u00e9ment \u00e0 la philosophie d&rsquo;approvisionnement de notre soci\u00e9t\u00e9 m\u00e8re, Furukawa Electric Group, nous structurons toutes nos activit\u00e9s d&rsquo;approvisionnement autour de trois principes fondamentaux :<\/p>\n        <\/div>\n    <\/div>\n\n    <div class=\"container\">\n        <div class=\"general-content\">\n            <div>\n                \n                        <div class=\"grid grid-cols-1 tablet:grid-cols-3 gap-8 tablet:gap-small\">\n\n                        \n                            <div class=\"rounded-tr-tr-64 text-white general-content text-center py-[1.156rem] px-small flex flex-col justify-start items-center\" style=\"background-color: #a7157d\">\n                                <h2>\u00c9quit\u00e9 et int\u00e9grit\u00e9<\/h2>\n                                <p>Nous op\u00e9rons de mani\u00e8re ouverte et transparente, en accueillant tous nos partenaires commerciaux dans le respect des principes de libre concurrence, tout en veillant \u00e0 ce que chaque interaction soit guid\u00e9e par l&rsquo;\u00e9quit\u00e9 et une int\u00e9grit\u00e9 sans faille.<\/p>\n                            <\/div>\n\n                        \n                            <div class=\"rounded-tr-tr-64 text-white general-content text-center py-[1.156rem] px-small flex flex-col justify-start items-center\" style=\"background-color: #07aebc\">\n                                <h2>Conformit\u00e9 et RSE<\/h2>\n                                <p>Afin de contribuer \u00e0 la cr\u00e9ation d&rsquo;une soci\u00e9t\u00e9 durable, nous menons toutes nos activit\u00e9s d&rsquo;approvisionnement dans le strict respect des lois et r\u00e9glementations. Nous int\u00e9grons la gestion environnementale et les pratiques op\u00e9rationnelles s\u00fbres dans chacune de nos d\u00e9cisions, assumant ainsi nos responsabilit\u00e9s sociales en tant qu&rsquo;entreprise.<\/p>\n                            <\/div>\n\n                        \n                            <div class=\"rounded-tr-tr-64 text-white general-content text-center py-[1.156rem] px-small flex flex-col justify-start items-center\" style=\"background-color: #b2cb07\">\n                                <h2>Partenariat et valeur partag\u00e9e<\/h2>\n                                <p>Nous accordons une grande importance \u00e0 la confiance mutuelle. En cultivant des relations solides et collaboratives avec nos fournisseurs, nous cr\u00e9ons ensemble de nouvelles valeurs. Nous recherchons les meilleures conditions d&rsquo;approvisionnement en \u00e9quilibrant soigneusement la qualit\u00e9, le co\u00fbt, la livraison, les capacit\u00e9s technologiques et les performances ESG.<\/p>\n                            <\/div>\n\n                                        \n                        <\/div>\n\n                \n            <\/div>\n        <\/div>\n    <\/div>\n<\/section>\n\n\n<div class=\"group relative bg-white h-[24px] laptop:h-[64px]\" aria-hidden=\"true\"><\/div>\n\n\n<div class=\"group relative bg-gray-200 h-[24px] laptop:h-[64px]\" aria-hidden=\"true\"><\/div>\n\n\n<section class=\"col-content bg-gray-200 \">\n    <div class=\"container\">\n        <div class=\"general-content\">\n            \n            <div class=\"flex flex-col tablet:flex-row gap-small items-start\">\n                <div class=\"flex-1 \">\n                    <h2>Les engagements du groupe Trocellen dans la cha\u00eene d&rsquo;approvisionnement<\/h2>\n                <\/div>\n\n                <div class=\"flex-1\">\n                    <p>Dans le cadre du Code de conduite RSE du groupe Furukawa Electric, nous respectons des engagements sp\u00e9cifiques visant \u00e0 promouvoir le d\u00e9veloppement durable \u00e0 travers nos relations avec nos fournisseurs. Ceux-ci comprennent :<\/p>\n<ul>\n<li>\u00c9tablir un dialogue constructif : impliquer nos partenaires dans des discussions sur les objectifs de d\u00e9veloppement durable et les feuilles de route environnementales.<\/li>\n<li>Promouvoir des normes communes : informer nos fournisseurs de nos directives d&rsquo;approvisionnement en mati\u00e8re de RSE et \u00e9valuer les principaux partenaires en fonction des risques li\u00e9s \u00e0 l&rsquo;ESG.<\/li>\n<\/ul>\n                <\/div>\n            <\/div>\n\n        <\/div>\n    <\/div>\n<\/section>\n\n\n<div class=\"group relative bg-gray-200 h-[32px]\" aria-hidden=\"true\"><\/div>\n\n\n<div class=\"group relative bg-white h-[24px] laptop:h-[64px]\" aria-hidden=\"true\"><\/div>\n\n\n<section class=\"col-content bg-white \">\n    <div class=\"container\">\n        <div class=\"general-content\">\n            \n            <div class=\"flex flex-col tablet:flex-row gap-small items-start\">\n                <div class=\"flex-1 \">\n                    <h2>Construire ensemble des cha\u00eenes d&rsquo;approvisionnement responsables<\/h2>\n                <\/div>\n\n                <div class=\"flex-1\">\n                    <h3>Nos priorit\u00e9s actuelles<\/h3>\n<p>Nous sommes conscients que l&#8217;empreinte environnementale et sociale d&rsquo;un produit commence bien avant qu&rsquo;il n&rsquo;arrive dans nos usines. Bien que nous n&rsquo;en soyons qu&rsquo;au d\u00e9but de la mise en place d&rsquo;un programme d&rsquo;approvisionnement responsable mature et holistique, nous posons des bases solides. Aujourd&rsquo;hui, nous nous concentrons sur :<\/p>\n<ul class=\"grid grid-cols-1 tablet:grid-cols-2 gap-x-xl gap-y-small mt-medium\">\n<li>Cartographier notre cha\u00eene d&rsquo;approvisionnement : identifier et classer nos principaux fournisseurs par emplacement et par segment d&rsquo;activit\u00e9 afin de mieux comprendre les risques et les opportunit\u00e9s.<\/li>\n<li>Int\u00e9grer les attentes : int\u00e9grer progressivement les exigences environnementales, sociales et \u00e9thiques dans les processus d&rsquo;approvisionnement et d&rsquo;int\u00e9gration.<\/li>\n<li>Garantir la conformit\u00e9 : encourager les fournisseurs \u00e0 respecter des normes telles que REACH, RoHS et les r\u00e9glementations du travail comme premi\u00e8res \u00e9tapes essentielles.<\/li>\n<li>Favoriser la transparence : \u00e9tablir des canaux de communication ouverts pour \u00e9changer des connaissances et pr\u00e9parer une collaboration plus approfondie en mati\u00e8re d&rsquo;ESG.<\/li>\n<\/ul>\n                <\/div>\n            <\/div>\n\n        <\/div>\n    <\/div>\n<\/section>\n\n\n<div class=\"group relative bg-white h-[24px] laptop:h-[64px]\" aria-hidden=\"true\"><\/div>\n\n\n<div class=\"group relative bg-gray-200 h-[24px] laptop:h-[64px]\" aria-hidden=\"true\"><\/div>\n\n\n<section class=\"col-content bg-gray-200 \">\n    <div class=\"container\">\n        <div class=\"general-content\">\n            \n            <div class=\"flex flex-col tablet:flex-row gap-small items-start\">\n                <div class=\"flex-1 \">\n                    <h2>Partenariats pour un avenir durable<\/h2>\n                <\/div>\n\n                <div class=\"flex-1\">\n                    <p>Gr\u00e2ce \u00e0 ces actions, nous visons non seulement \u00e0 minimiser les risques ESG dans notre cha\u00eene de valeur, mais aussi \u00e0 ouvrir des opportunit\u00e9s d&rsquo;innovation, en travaillant main dans la main avec nos fournisseurs pour d\u00e9couvrir de meilleurs mat\u00e9riaux, des processus am\u00e9lior\u00e9s et un avenir plus durable.<\/p>\n<p>Ensemble, nous fa\u00e7onnons une cha\u00eene d&rsquo;approvisionnement r\u00e9siliente et responsable qui constitue la pierre angulaire de notre vision plus large de la durabilit\u00e9.<\/p>\n                <\/div>\n            <\/div>\n\n        <\/div>\n    <\/div>\n<\/section>\n\n\n<div class=\"group relative bg-gray-200 h-[24px] laptop:h-[64px]\" aria-hidden=\"true\"><\/div>","protected":false},"excerpt":{"rendered":"","protected":false},"author":1,"featured_media":0,"parent":7501,"menu_order":0,"comment_status":"closed","ping_status":"closed","template":"template-parts\/page-general.php","meta":{"_acf_changed":false,"footnotes":""},"class_list":["post-12613","page","type-page","status-publish","hentry"],"acf":[],"yoast_head":"<!-- This site is optimized with the Yoast SEO plugin v25.9 - https:\/\/yoast.com\/wordpress\/plugins\/seo\/ -->\n<title>Cha\u00eene d&#039;approvisionnement durable - Trocellen, the European polyolefin foam solution provider<\/title>\n<meta name=\"robots\" content=\"index, follow, max-snippet:-1, max-image-preview:large, max-video-preview:-1\" \/>\n<link rel=\"canonical\" href=\"https:\/\/trocellen.com\/sustainability\/sustainable-supply-chain\/\" \/>\n<meta property=\"og:locale\" content=\"fr_FR\" \/>\n<meta property=\"og:type\" content=\"article\" \/>\n<meta property=\"og:title\" content=\"Cha\u00eene d&#039;approvisionnement durable - Trocellen, the European polyolefin foam solution provider\" \/>\n<meta property=\"og:url\" content=\"https:\/\/trocellen.com\/sustainability\/sustainable-supply-chain\/\" \/>\n<meta property=\"og:site_name\" content=\"Trocellen, the European polyolefin foam solution provider\" \/>\n<meta property=\"article:modified_time\" content=\"2025-10-10T11:23:56+00:00\" \/>\n<meta name=\"twitter:card\" content=\"summary_large_image\" \/>\n<script type=\"application\/ld+json\" class=\"yoast-schema-graph\">{\"@context\":\"https:\/\/schema.org\",\"@graph\":[{\"@type\":\"WebPage\",\"@id\":\"https:\/\/trocellen.com\/sustainability\/sustainable-supply-chain\/\",\"url\":\"https:\/\/trocellen.com\/sustainability\/sustainable-supply-chain\/\",\"name\":\"Cha\u00eene d'approvisionnement durable - Trocellen, the European polyolefin foam solution provider\",\"isPartOf\":{\"@id\":\"https:\/\/trocellen.com\/#website\"},\"datePublished\":\"2025-04-29T08:21:31+00:00\",\"dateModified\":\"2025-10-10T11:23:56+00:00\",\"breadcrumb\":{\"@id\":\"https:\/\/trocellen.com\/sustainability\/sustainable-supply-chain\/#breadcrumb\"},\"inLanguage\":\"fr-FR\",\"potentialAction\":[{\"@type\":\"ReadAction\",\"target\":[\"https:\/\/trocellen.com\/sustainability\/sustainable-supply-chain\/\"]}]},{\"@type\":\"BreadcrumbList\",\"@id\":\"https:\/\/trocellen.com\/sustainability\/sustainable-supply-chain\/#breadcrumb\",\"itemListElement\":[{\"@type\":\"ListItem\",\"position\":1,\"name\":\"Home\",\"item\":\"https:\/\/trocellen.com\/fr\/\"},{\"@type\":\"ListItem\",\"position\":2,\"name\":\"Cha\u00eene d&#8217;approvisionnement durable\"}]},{\"@type\":\"WebSite\",\"@id\":\"https:\/\/trocellen.com\/#website\",\"url\":\"https:\/\/trocellen.com\/\",\"name\":\"Trocellen, the European polyolefin foam solution provider\",\"description\":\"TROCELLEN\u00ae is a leading manufacturer of chemically and physically cross-linked polyolefin and rubber foam solutions\",\"potentialAction\":[{\"@type\":\"SearchAction\",\"target\":{\"@type\":\"EntryPoint\",\"urlTemplate\":\"https:\/\/trocellen.com\/?s={search_term_string}\"},\"query-input\":{\"@type\":\"PropertyValueSpecification\",\"valueRequired\":true,\"valueName\":\"search_term_string\"}}],\"inLanguage\":\"fr-FR\"}]}<\/script>\n<!-- \/ Yoast SEO plugin. -->","yoast_head_json":{"title":"Cha\u00eene d'approvisionnement durable - Trocellen, the European polyolefin foam solution provider","robots":{"index":"index","follow":"follow","max-snippet":"max-snippet:-1","max-image-preview":"max-image-preview:large","max-video-preview":"max-video-preview:-1"},"canonical":"https:\/\/trocellen.com\/sustainability\/sustainable-supply-chain\/","og_locale":"fr_FR","og_type":"article","og_title":"Cha\u00eene d'approvisionnement durable - Trocellen, the European polyolefin foam solution provider","og_url":"https:\/\/trocellen.com\/sustainability\/sustainable-supply-chain\/","og_site_name":"Trocellen, the European polyolefin foam solution provider","article_modified_time":"2025-10-10T11:23:56+00:00","twitter_card":"summary_large_image","schema":{"@context":"https:\/\/schema.org","@graph":[{"@type":"WebPage","@id":"https:\/\/trocellen.com\/sustainability\/sustainable-supply-chain\/","url":"https:\/\/trocellen.com\/sustainability\/sustainable-supply-chain\/","name":"Cha\u00eene d'approvisionnement durable - Trocellen, the European polyolefin foam solution provider","isPartOf":{"@id":"https:\/\/trocellen.com\/#website"},"datePublished":"2025-04-29T08:21:31+00:00","dateModified":"2025-10-10T11:23:56+00:00","breadcrumb":{"@id":"https:\/\/trocellen.com\/sustainability\/sustainable-supply-chain\/#breadcrumb"},"inLanguage":"fr-FR","potentialAction":[{"@type":"ReadAction","target":["https:\/\/trocellen.com\/sustainability\/sustainable-supply-chain\/"]}]},{"@type":"BreadcrumbList","@id":"https:\/\/trocellen.com\/sustainability\/sustainable-supply-chain\/#breadcrumb","itemListElement":[{"@type":"ListItem","position":1,"name":"Home","item":"https:\/\/trocellen.com\/fr\/"},{"@type":"ListItem","position":2,"name":"Cha\u00eene d&#8217;approvisionnement durable"}]},{"@type":"WebSite","@id":"https:\/\/trocellen.com\/#website","url":"https:\/\/trocellen.com\/","name":"Trocellen, the European polyolefin foam solution provider","description":"TROCELLEN\u00ae is a leading manufacturer of chemically and physically cross-linked polyolefin and rubber foam solutions","potentialAction":[{"@type":"SearchAction","target":{"@type":"EntryPoint","urlTemplate":"https:\/\/trocellen.com\/?s={search_term_string}"},"query-input":{"@type":"PropertyValueSpecification","valueRequired":true,"valueName":"search_term_string"}}],"inLanguage":"fr-FR"}]}},"_links":{"self":[{"href":"https:\/\/trocellen.com\/fr\/wp-json\/wp\/v2\/pages\/12613","targetHints":{"allow":["GET"]}}],"collection":[{"href":"https:\/\/trocellen.com\/fr\/wp-json\/wp\/v2\/pages"}],"about":[{"href":"https:\/\/trocellen.com\/fr\/wp-json\/wp\/v2\/types\/page"}],"author":[{"embeddable":true,"href":"https:\/\/trocellen.com\/fr\/wp-json\/wp\/v2\/users\/1"}],"replies":[{"embeddable":true,"href":"https:\/\/trocellen.com\/fr\/wp-json\/wp\/v2\/comments?post=12613"}],"version-history":[{"count":5,"href":"https:\/\/trocellen.com\/fr\/wp-json\/wp\/v2\/pages\/12613\/revisions"}],"predecessor-version":[{"id":14137,"href":"https:\/\/trocellen.com\/fr\/wp-json\/wp\/v2\/pages\/12613\/revisions\/14137"}],"up":[{"embeddable":true,"href":"https:\/\/trocellen.com\/fr\/wp-json\/wp\/v2\/pages\/7501"}],"wp:attachment":[{"href":"https:\/\/trocellen.com\/fr\/wp-json\/wp\/v2\/media?parent=12613"}],"curies":[{"name":"wp","href":"https:\/\/api.w.org\/{rel}","templated":true}]}}