{"id":12553,"date":"2025-07-29T06:55:23","date_gmt":"2025-07-29T06:55:23","guid":{"rendered":"https:\/\/trocellen-dev.local\/trocellen\/compliance\/"},"modified":"2025-11-18T07:42:56","modified_gmt":"2025-11-18T07:42:56","slug":"compliance","status":"publish","type":"page","link":"https:\/\/trocellen.com\/fr\/trocellen\/compliance\/","title":{"rendered":"Compliance"},"content":{"rendered":"\n<div class=\"group relative bg-white h-[48px]\" aria-hidden=\"true\"><\/div>\n\n\n<section class=\"general-content text-[#131313]\">\n    <div class=\"container\">\n        <div>\n            <h3 class=\"text-center\">Le groupe Trocellen consid\u00e8re la conformit\u00e9 comme \u00ab ne pas seulement observer les lois et les r\u00e9glementations, mais aussi agir selon les valeurs et l\u2019\u00e9thique exig\u00e9es de la soci\u00e9t\u00e9 et de ses employ\u00e9s en tant que membres responsables de la soci\u00e9t\u00e9. \u00bb<\/h3>\n\n                    <\/div>\n    <\/div>\n<\/section>\n\n\n<div class=\"group relative bg-white h-[48px]\" aria-hidden=\"true\"><\/div>\n\n\n<div class=\"group relative bg-gray-200 h-[24px] laptop:h-[64px]\" aria-hidden=\"true\"><\/div>\n\n\n<section class=\"col-content bg-gray-200 \">\n    <div class=\"container\">\n        <div class=\"general-content\">\n            \n            <div class=\"flex flex-col tablet:flex-row gap-small items-start\">\n                <div class=\"flex-1 \">\n                    <h2 class=\"wp-block-heading\">Code de conduit<\/h2>\n                <\/div>\n\n                <div class=\"flex-1\">\n                    <p>Le code de conduite d\u00e9finit les r\u00e8gles fondamentales de conduite pour les cadres et employ\u00e9s de Trocellen. Trocellen s\u2019attend \u00e0 ce que les employ\u00e9s du groupe contribuent de fa\u00e7on positive \u00e0 la politique de gestion du groupe qu\u2019ils mettent en \u0153uvre quotidiennement. Cela exige par cons\u00e9quent que les employ\u00e9s observent les valeurs centrales et les principes \u00e9nonc\u00e9s dans le code de conduite.<\/p>\n                <\/div>\n            <\/div>\n\n        <\/div>\n    <\/div>\n<\/section>\n\n\n<div class=\"group relative bg-gray-200 h-[32px]\" aria-hidden=\"true\"><\/div>\n\n\n<section class=\"bg-gray-200\">\n    <div class=\"container !max-w-narrow\">\n        <div class=\"general-content\">\n            <div>\n                <h3 class=\"text-center\">Ceci implique en particulier:<\/h3>\n\n                \n                        <div class=\"grid grid-cols-[repeat(auto-fit,_160px)] tablet:grid-cols-[repeat(auto-fit,_178px)] gap-8 tablet:gap-small\">\n\n                        \n                            <div class=\"rounded-tr-tr-64 h-[160px] tablet:min-h-[134px] text-white general-content text-center py-[1.156rem] px-small flex flex-col justify-center items-center\" style=\"background-color: #a7157d\">\n                                <img decoding=\"async\" src=\"https:\/\/trocellen.com\/wp-content\/uploads\/2025\/09\/human-rights-icon.png\" class=\"mx-auto !h-[51px]\" alt=\"Les droits de l\u2019homme icon\">\n                                <h5 class=\"pt-xs\">Les droits de l\u2019homme<\/h5>\n                            <\/div>\n\n                        \n                            <div class=\"rounded-tr-tr-64 h-[160px] tablet:min-h-[134px] text-white general-content text-center py-[1.156rem] px-small flex flex-col justify-center items-center\" style=\"background-color: #246a84\">\n                                <img decoding=\"async\" src=\"https:\/\/trocellen.com\/wp-content\/uploads\/2025\/09\/working-conditions-icon.png\" class=\"mx-auto !h-[51px]\" alt=\"Les conditions et l\u2019environnement de travail icon\">\n                                <h5 class=\"pt-xs\">Les conditions et l\u2019environnement de travail<\/h5>\n                            <\/div>\n\n                        \n                            <div class=\"rounded-tr-tr-64 h-[160px] tablet:min-h-[134px] text-white general-content text-center py-[1.156rem] px-small flex flex-col justify-center items-center\" style=\"background-color: #b2cb07\">\n                                <img decoding=\"async\" src=\"https:\/\/trocellen.com\/wp-content\/uploads\/2025\/09\/environment-icon.png\" class=\"mx-auto !h-[51px]\" alt=\"L\u2019environnement icon\">\n                                <h5 class=\"pt-xs\">L\u2019environnement<\/h5>\n                            <\/div>\n\n                        \n                            <div class=\"rounded-tr-tr-64 h-[160px] tablet:min-h-[134px] text-white general-content text-center py-[1.156rem] px-small flex flex-col justify-center items-center\" style=\"background-color: #299926\">\n                                <img decoding=\"async\" src=\"https:\/\/trocellen.com\/wp-content\/uploads\/2025\/09\/products-icon.png\" class=\"mx-auto !h-[51px]\" alt=\"Les produits et services. icon\">\n                                <h5 class=\"pt-xs\">Les produits et services.<\/h5>\n                            <\/div>\n\n                        \n                            <div class=\"rounded-tr-tr-64 h-[160px] tablet:min-h-[134px] text-white general-content text-center py-[1.156rem] px-small flex flex-col justify-center items-center\" style=\"background-color: #4198dc\">\n                                <img decoding=\"async\" src=\"https:\/\/trocellen.com\/wp-content\/uploads\/2025\/09\/globe-icon.png\" class=\"mx-auto !h-[51px]\" alt=\"Les affaires et les transactions internationales icon\">\n                                <h5 class=\"pt-xs\">Les affaires et les transactions internationales<\/h5>\n                            <\/div>\n\n                        \n                            <div class=\"rounded-tr-tr-64 h-[160px] tablet:min-h-[134px] text-white general-content text-center py-[1.156rem] px-small flex flex-col justify-center items-center\" style=\"background-color: #07aebc\">\n                                <img decoding=\"async\" src=\"https:\/\/trocellen.com\/wp-content\/uploads\/2025\/09\/competition-icon.png\" class=\"mx-auto !h-[51px]\" alt=\"Une concurrence loyale icon\">\n                                <h5 class=\"pt-xs\">Une concurrence loyale<\/h5>\n                            <\/div>\n\n                        \n                            <div class=\"rounded-tr-tr-64 h-[160px] tablet:min-h-[134px] text-white general-content text-center py-[1.156rem] px-small flex flex-col justify-center items-center\" style=\"background-color: #d14f1b\">\n                                <img decoding=\"async\" src=\"https:\/\/trocellen.com\/wp-content\/uploads\/2025\/09\/relations-icon.png\" class=\"mx-auto !h-[51px]\" alt=\"Les relations avec les clients, les partenaires et la soci\u00e9t\u00e9 icon\">\n                                <h5 class=\"pt-xs\">Les relations avec les clients, les partenaires et la soci\u00e9t\u00e9<\/h5>\n                            <\/div>\n\n                        \n                            <div class=\"rounded-tr-tr-64 h-[160px] tablet:min-h-[134px] text-white general-content text-center py-[1.156rem] px-small flex flex-col justify-center items-center\" style=\"background-color: #00a488\">\n                                <img decoding=\"async\" src=\"https:\/\/trocellen.com\/wp-content\/uploads\/2025\/09\/company-assets-icon.png\" class=\"mx-auto !h-[51px]\" alt=\"La gestion et la pr\u00e9servation des actifs de la soci\u00e9t\u00e9 icon\">\n                                <h5 class=\"pt-xs\">La gestion et la pr\u00e9servation des actifs de la soci\u00e9t\u00e9<\/h5>\n                            <\/div>\n\n                        \n                            <div class=\"rounded-tr-tr-64 h-[160px] tablet:min-h-[134px] text-white general-content text-center py-[1.156rem] px-small flex flex-col justify-center items-center\" style=\"background-color: #292c58\">\n                                <img decoding=\"async\" src=\"https:\/\/trocellen.com\/wp-content\/uploads\/2025\/09\/information-icon.png\" class=\"mx-auto !h-[51px]\" alt=\"La divulgation des informations icon\">\n                                <h5 class=\"pt-xs\">La divulgation des informations<\/h5>\n                            <\/div>\n\n                        \n                            <div class=\"rounded-tr-tr-64 h-[160px] tablet:min-h-[134px] text-white general-content text-center py-[1.156rem] px-small flex flex-col justify-center items-center\" style=\"background-color: #cf3b42\">\n                                <img decoding=\"async\" src=\"https:\/\/trocellen.com\/wp-content\/uploads\/2025\/09\/duties-icon.png\" class=\"mx-auto !h-[51px]\" alt=\"Les t\u00e2ches et les obligations de la direction sup\u00e9rieure et des employ\u00e9s icon\">\n                                <h5 class=\"pt-xs\">Les t\u00e2ches et les obligations de la direction sup\u00e9rieure et des employ\u00e9s<\/h5>\n                            <\/div>\n\n                                        \n                        <\/div>\n\n                \n            <\/div>\n        <\/div>\n    <\/div>\n\n    <div class=\"container mt-medium\">\n        <div class=\"flex flex-row gap-small\">\n            <div class=\"flex-1\">\n                Le groupe Trocellen, en tant que filiale du groupe Furukawa Electric, participe au Pacte mondial des Nations unies et respecte les dix principes.            <\/div>\n\n            <div class=\"flex-1\">\n                <p><a class=\"downloadable\" href=\"\/wp-content\/uploads\/2025\/05\/Trocellen_Group_CoC_short_2022_2.pdf\" target=\"_blank\" rel=\"noreferrer noopener\">CODE DE CONDUITE RSE pour Trocellen (partie du groupe Furukawa Electric)<\/a><\/p>\n            <\/div>\n        <\/div>\n    <\/div>\n<\/section>\n\n\n<div class=\"group relative bg-gray-200 h-[24px] laptop:h-[64px]\" aria-hidden=\"true\"><\/div>\n\n\n<div class=\"group relative bg-white h-[24px] laptop:h-[64px]\" aria-hidden=\"true\"><\/div>\n\n\n<section class=\"col-content bg-white \">\n    <div class=\"container\">\n        <div class=\"general-content\">\n            \n            <div class=\"flex flex-col tablet:flex-row gap-small items-start\">\n                <div class=\"flex-1 \">\n                    <h2 class=\"wp-block-heading\">Politique anti-corruption<\/h2>\n                <\/div>\n\n                <div class=\"flex-1\">\n                    <p>\u00c9tant membre de Furukawa Electric Group, Trocellen \u00e9tait toujours engag\u00e9 \u00e0 \u00eatre pleinement en conformit\u00e9 avec les exigences anticorruption dans sa gestion autant que dans son fonctionnement. \u00c0 l\u2019\u00e9chelle internationale, les lois anticorruption sont de plus en plus strictes et les gouvernements sont de plus en plus actifs dans leur mise en application.<\/p>\n<p>Nous avons \u00e9nonc\u00e9 la d\u00e9claration du groupe contre la corruption, le guide contre la corruption et l\u2019organisation contre la corruption introduite et mise en \u0153uvre durant l\u2019exercice 2013.<\/p>\n<p>On insiste que c\u2019est une question de principe pour Trocellen de se conformer avec les lois anticorruption pertinentes et avec tous les r\u00e8glements relatifs localement applicables, ind\u00e9pendamment du lieu de fonctionnement de Trocellen.<\/p>\n<p>On refuse cat\u00e9goriquement de b\u00e9n\u00e9ficier de ou d\u2019accorder des avantages indus dans notre fonctionnement, et on veille \u00e0 maintenir le plus haut niveau d\u2019int\u00e9grit\u00e9 commerciale. Cela signifie, entre autres, qu\u2019on exige que tous les agents qui sont en contact avec nos organismes ainsi que tous nos partenaires commerciaux se conforment \u00e9galement avec les l\u00e9gislations anticorruption susmentionn\u00e9es.<\/p>\n<p><a class=\"downloadable\" href=\"\/wp-content\/uploads\/2025\/09\/AB-Germany-ErklA\u00a4rung-FEG-Vermeidung-von-Korruption.pdf\">The Furukawa Electric Group Anti-Bribery Statement<\/a><\/p>\n                <\/div>\n            <\/div>\n\n        <\/div>\n    <\/div>\n<\/section>\n\n\n<div class=\"group relative bg-white h-[24px] laptop:h-[64px]\" aria-hidden=\"true\"><\/div>\n\n\n<div class=\"group relative bg-gray-200 h-[24px] laptop:h-[64px]\" aria-hidden=\"true\"><\/div>\n\n\n<section class=\"col-content bg-gray-200 \">\n    <div class=\"container\">\n        <div class=\"general-content\">\n            \n            <div class=\"flex flex-col tablet:flex-row gap-small items-start\">\n                <div class=\"flex-1 \">\n                    <h2>Whistleblowing System<\/h2>\n<h3>La valeur cl\u00e9 du groupe Trocellen est la responsabilit\u00e9.<\/h3>\n                <\/div>\n\n                <div class=\"flex-1\">\n                    <p>La valeur cl\u00e9 du groupe Trocellen est la responsabilit\u00e9.<\/p>\n<p>Responsabilit\u00e9 \u2013 au sens le plus large possible \u2013 envers nos employ\u00e9s, nos partenaires, la soci\u00e9t\u00e9 et notre plan\u00e8te. Nous nous engageons \u00e0 adopter une conduite commerciale transparente, \u00e9thique et conforme \u00e0 la loi.<\/p>\n<p>Les syst\u00e8mes de d\u00e9nonciation du groupe Trocellen sont con\u00e7us pour prot\u00e9ger la culture du groupe Trocellen et les partenariats bas\u00e9s sur la confiance afin de d\u00e9tecter et de corriger rapidement les fautes professionnelles.<\/p>\n<p>Les syst\u00e8mes de d\u00e9nonciation du groupe Trocellen permettent \u00e0 nos partenaires internes et externes de s\u2019exprimer et de faire part de leurs pr\u00e9occupations sans crainte, en b\u00e9n\u00e9ficiant d\u2019un anonymat garanti gr\u00e2ce \u00e0 des syst\u00e8mes externes g\u00e9r\u00e9s par des tiers.<\/p>\n<p>Tout en tenant compte de la n\u00e9cessit\u00e9 de veiller \u00e0 ce que le d\u00e9nonciateur ne soit pas d\u00e9savantag\u00e9 de quelque mani\u00e8re que ce soit, le bureau de d\u00e9nonciation adopte une approche rigoureuse du contenu des rapports de d\u00e9nonciation, les examine rapidement et prend les mesures qui s\u2019imposent.<\/p>\n<h3>Quels sont les probl\u00e8mes \u00e0 signaler?<\/h3>\n<ul class=\"wp-block-list\">\n<li>les infractions p\u00e9nales, y compris la fraude<\/li>\n<li>le non-respect d\u2019une obligation l\u00e9gale<\/li>\n<li>les erreurs judiciaires<\/li>\n<li>la mise en danger de la sant\u00e9 et de la s\u00e9curit\u00e9 d\u2019une personne<\/li>\n<li>les dommages caus\u00e9s \u00e0 l\u2019environnement<\/li>\n<li>griefs d\u2019employ\u00e9s, pr\u00e9occupations concernant une conduite non conforme au code de conduite du groupe Trocellen, harc\u00e8lement ou discrimination.<\/li>\n<\/ul>\n<h3>Comment signaler un probl\u00e8me?<\/h3>\n<p>Veuillez utiliser le site Web indiqu\u00e9 \u00e0 c\u00f4t\u00e9 de la soci\u00e9t\u00e9 du groupe Trocellen que vous souhaitez signaler:<\/p>\n<div class=\"grid grid-cols-1 tablet:grid-cols-2 gap-medPlus gap-small\"><a class=\"grey-bg-button link-with-arrow\" href=\"https:\/\/Trocellen.integrityline.com\">Trocellen GmbH<\/a> <a class=\"grey-bg-button link-with-arrow\" href=\"https:\/\/trocellen.ulisesgrc.net\/#\/channels\/trocellen\/ES_ES\">Trocellen Ib\u00e9rica S.A.<\/a> <a class=\"grey-bg-button link-with-arrow\" href=\"https:\/\/Polifoam.integrityline.com\">Polifoam Co. Ltd.<\/a> <a class=\"grey-bg-button link-with-arrow\" href=\"https:\/\/trocellenitalia.softcarehse.it\/whistleblowing\/\">Trocellen Italia S.p.A.<\/a> <a class=\"grey-bg-button link-with-arrow\" href=\"https:\/\/polifoam.integrityline.com\/\">Trocellen Automotive Hungary Co. Ltd.<\/a> <a class=\"grey-bg-button link-with-arrow\" href=\"https:\/\/Trocellen.integrityline.com\">Trocellen S.E.A. Sdn Bhd<\/a><\/div>\n                <\/div>\n            <\/div>\n\n        <\/div>\n    <\/div>\n<\/section>\n\n\n<div class=\"group relative bg-gray-200 h-[24px] laptop:h-[64px]\" aria-hidden=\"true\"><\/div>\n\n\n<p><\/p>\n","protected":false},"excerpt":{"rendered":"","protected":false},"author":1,"featured_media":0,"parent":6777,"menu_order":0,"comment_status":"closed","ping_status":"closed","template":"template-parts\/page-general.php","meta":{"_acf_changed":false,"footnotes":""},"class_list":["post-12553","page","type-page","status-publish","hentry"],"acf":[],"yoast_head":"<!-- This site is optimized with the Yoast SEO plugin v25.9 - https:\/\/yoast.com\/wordpress\/plugins\/seo\/ -->\n<title>Compliance - Trocellen, the European polyolefin foam solution provider<\/title>\n<meta name=\"robots\" content=\"index, follow, max-snippet:-1, max-image-preview:large, max-video-preview:-1\" \/>\n<link rel=\"canonical\" href=\"https:\/\/trocellen.com\/about-trocellen\/compliance\/\" \/>\n<meta property=\"og:locale\" content=\"fr_FR\" \/>\n<meta property=\"og:type\" content=\"article\" \/>\n<meta property=\"og:title\" content=\"Compliance - Trocellen, the European polyolefin foam solution provider\" \/>\n<meta property=\"og:url\" content=\"https:\/\/trocellen.com\/about-trocellen\/compliance\/\" \/>\n<meta property=\"og:site_name\" content=\"Trocellen, the European polyolefin foam solution provider\" \/>\n<meta property=\"article:modified_time\" content=\"2025-11-18T07:42:56+00:00\" \/>\n<meta name=\"twitter:card\" content=\"summary_large_image\" \/>\n<script type=\"application\/ld+json\" class=\"yoast-schema-graph\">{\"@context\":\"https:\/\/schema.org\",\"@graph\":[{\"@type\":\"WebPage\",\"@id\":\"https:\/\/trocellen.com\/about-trocellen\/compliance\/\",\"url\":\"https:\/\/trocellen.com\/about-trocellen\/compliance\/\",\"name\":\"Compliance - Trocellen, the European polyolefin foam solution provider\",\"isPartOf\":{\"@id\":\"https:\/\/trocellen.com\/#website\"},\"datePublished\":\"2025-07-29T06:55:23+00:00\",\"dateModified\":\"2025-11-18T07:42:56+00:00\",\"breadcrumb\":{\"@id\":\"https:\/\/trocellen.com\/about-trocellen\/compliance\/#breadcrumb\"},\"inLanguage\":\"fr-FR\",\"potentialAction\":[{\"@type\":\"ReadAction\",\"target\":[\"https:\/\/trocellen.com\/about-trocellen\/compliance\/\"]}]},{\"@type\":\"BreadcrumbList\",\"@id\":\"https:\/\/trocellen.com\/about-trocellen\/compliance\/#breadcrumb\",\"itemListElement\":[{\"@type\":\"ListItem\",\"position\":1,\"name\":\"Home\",\"item\":\"https:\/\/trocellen.com\/fr\/\"},{\"@type\":\"ListItem\",\"position\":2,\"name\":\"Compliance\"}]},{\"@type\":\"WebSite\",\"@id\":\"https:\/\/trocellen.com\/#website\",\"url\":\"https:\/\/trocellen.com\/\",\"name\":\"Trocellen, the European polyolefin foam solution provider\",\"description\":\"TROCELLEN\u00ae is a leading manufacturer of chemically and physically cross-linked polyolefin and rubber foam solutions\",\"potentialAction\":[{\"@type\":\"SearchAction\",\"target\":{\"@type\":\"EntryPoint\",\"urlTemplate\":\"https:\/\/trocellen.com\/?s={search_term_string}\"},\"query-input\":{\"@type\":\"PropertyValueSpecification\",\"valueRequired\":true,\"valueName\":\"search_term_string\"}}],\"inLanguage\":\"fr-FR\"}]}<\/script>\n<!-- \/ Yoast SEO plugin. -->","yoast_head_json":{"title":"Compliance - Trocellen, the European polyolefin foam solution provider","robots":{"index":"index","follow":"follow","max-snippet":"max-snippet:-1","max-image-preview":"max-image-preview:large","max-video-preview":"max-video-preview:-1"},"canonical":"https:\/\/trocellen.com\/about-trocellen\/compliance\/","og_locale":"fr_FR","og_type":"article","og_title":"Compliance - Trocellen, the European polyolefin foam solution provider","og_url":"https:\/\/trocellen.com\/about-trocellen\/compliance\/","og_site_name":"Trocellen, the European polyolefin foam solution provider","article_modified_time":"2025-11-18T07:42:56+00:00","twitter_card":"summary_large_image","schema":{"@context":"https:\/\/schema.org","@graph":[{"@type":"WebPage","@id":"https:\/\/trocellen.com\/about-trocellen\/compliance\/","url":"https:\/\/trocellen.com\/about-trocellen\/compliance\/","name":"Compliance - Trocellen, the European polyolefin foam solution provider","isPartOf":{"@id":"https:\/\/trocellen.com\/#website"},"datePublished":"2025-07-29T06:55:23+00:00","dateModified":"2025-11-18T07:42:56+00:00","breadcrumb":{"@id":"https:\/\/trocellen.com\/about-trocellen\/compliance\/#breadcrumb"},"inLanguage":"fr-FR","potentialAction":[{"@type":"ReadAction","target":["https:\/\/trocellen.com\/about-trocellen\/compliance\/"]}]},{"@type":"BreadcrumbList","@id":"https:\/\/trocellen.com\/about-trocellen\/compliance\/#breadcrumb","itemListElement":[{"@type":"ListItem","position":1,"name":"Home","item":"https:\/\/trocellen.com\/fr\/"},{"@type":"ListItem","position":2,"name":"Compliance"}]},{"@type":"WebSite","@id":"https:\/\/trocellen.com\/#website","url":"https:\/\/trocellen.com\/","name":"Trocellen, the European polyolefin foam solution provider","description":"TROCELLEN\u00ae is a leading manufacturer of chemically and physically cross-linked polyolefin and rubber foam solutions","potentialAction":[{"@type":"SearchAction","target":{"@type":"EntryPoint","urlTemplate":"https:\/\/trocellen.com\/?s={search_term_string}"},"query-input":{"@type":"PropertyValueSpecification","valueRequired":true,"valueName":"search_term_string"}}],"inLanguage":"fr-FR"}]}},"_links":{"self":[{"href":"https:\/\/trocellen.com\/fr\/wp-json\/wp\/v2\/pages\/12553","targetHints":{"allow":["GET"]}}],"collection":[{"href":"https:\/\/trocellen.com\/fr\/wp-json\/wp\/v2\/pages"}],"about":[{"href":"https:\/\/trocellen.com\/fr\/wp-json\/wp\/v2\/types\/page"}],"author":[{"embeddable":true,"href":"https:\/\/trocellen.com\/fr\/wp-json\/wp\/v2\/users\/1"}],"replies":[{"embeddable":true,"href":"https:\/\/trocellen.com\/fr\/wp-json\/wp\/v2\/comments?post=12553"}],"version-history":[{"count":5,"href":"https:\/\/trocellen.com\/fr\/wp-json\/wp\/v2\/pages\/12553\/revisions"}],"predecessor-version":[{"id":14781,"href":"https:\/\/trocellen.com\/fr\/wp-json\/wp\/v2\/pages\/12553\/revisions\/14781"}],"up":[{"embeddable":true,"href":"https:\/\/trocellen.com\/fr\/wp-json\/wp\/v2\/pages\/6777"}],"wp:attachment":[{"href":"https:\/\/trocellen.com\/fr\/wp-json\/wp\/v2\/media?parent=12553"}],"curies":[{"name":"wp","href":"https:\/\/api.w.org\/{rel}","templated":true}]}}