{"id":7653,"date":"2025-05-16T10:36:51","date_gmt":"2025-05-16T10:36:51","guid":{"rendered":"https:\/\/trocellen-dev.local\/cookies\/"},"modified":"2025-09-15T09:57:10","modified_gmt":"2025-09-15T09:57:10","slug":"cookie-policy","status":"publish","type":"page","link":"https:\/\/trocellen.com\/es\/cookie-policy\/","title":{"rendered":"Pol\u00edtica de cookies"},"content":{"rendered":"\n<section class=\"col-content bg-gray-200 \">\n    <div class=\"container\">\n        <div class=\"general-content\">\n            \n            <div class=\"flex flex-col tablet:flex-col gap-small items-start\">\n                <div class=\"flex-1 w-full\">\n                    <p>El sitio web trocellen.com (y los subdominios de las unidades de negocio: insulation.trocellen.com, automotive.trocellen.com, adhesive-tapes.trocellen.com, sport-home-leisure.trocellen.com, footwear.trocellen.com, packaging.trocellen.com, progame-shockpads.com, progame-tatami.com, polifoam.hu, tctoday.com, tcinnolab.com, tcinnolab.hu, smrt-lab.com, smrtmug.com, smrtracket.com, smrtyoga.com, tctoday.com, wellstep.eu, en lo sucesivo, \u00absitio web\u00bb) utiliza cookies y tecnolog\u00edas similares para analizar el comportamiento general de los usuarios o realizar encuestas est\u00e1ticas. Esto nos permite ofrecerle, como usuario de este sitio web, servicios m\u00e1s f\u00e1ciles de usar, y optimizar la informaci\u00f3n y las ofertas de nuestro sitio web en inter\u00e9s del usuario. La informaci\u00f3n utilizada en este contexto es<\/p>\n<ul class=\"wp-block-list\" type=\"a\">\n<li>Su direcci\u00f3n de protocolo de Internet (direcci\u00f3n IP)<\/li>\n<li>ID del usuario e ID del dispositivo<\/li>\n<li>Fecha y hora de acceso a nuestro sitio web<\/li>\n<li>Duraci\u00f3n de la visita a nuestro sitio web<\/li>\n<li>Clics en enlaces a otros sitios web<\/li>\n<li>Informaci\u00f3n sobre el sistema operativo, tipo de navegador, versi\u00f3n del navegador, idioma del navegador, tipo de dispositivo<\/li>\n<li>ubicaci\u00f3n (aproximada)<\/li>\n<\/ul>\n<p>A continuaci\u00f3n encontrar\u00e1 m\u00e1s informaci\u00f3n sobre las cookies y tecnolog\u00edas similares y c\u00f3mo se utilizan en el sitio web.<\/p>\n<h3>1. \u00bfQU\u00c9 SON LAS COOKIES Y LAS TECNOLOG\u00cdAS SIMILARES?<\/h3>\n<p>Las cookies son peque\u00f1os archivos de texto que se env\u00edan al dispositivo final (PC, tableta, etc.) cuando se visita un sitio web. La pr\u00f3xima vez que visite este sitio web, la cookie se devolver\u00e1 al sitio web que la cre\u00f3 o se enviar\u00e1 a otro sitio web que es capaz de reconocer esta cookie en particular. Las cookies sirven de memoria para un sitio web y lo permiten reconocer su dispositivo final cada vez que vuelve a visitar el sitio web. Las cookies tambi\u00e9n permiten guardar los ajustes del navegador y aumentar la facilidad de uso del sitio web personalizando el contenido. Adem\u00e1s, tambi\u00e9n podemos utilizar tecnolog\u00edas similares, como almacenamiento local, huellas digitales, p\u00edxeles, balizas web. Para obtener m\u00e1s informaci\u00f3n sobre las cookies, incluida informaci\u00f3n sobre qu\u00e9 cookies se han instalado en su dispositivo y c\u00f3mo puede gestionarlas y eliminarlas, visite el siguiente enlace www.aboutcookies.org.<\/p>\n<h3>2. CATEGOR\u00cdAS DE COOKIES Y TECNOLOG\u00cdAS SIMILARES<\/h3>\n<p>Distinguimos entre las siguientes categor\u00edas de cookies y el tratamiento de datos asociado:<\/p>\n<p><strong>Estrictamente necesario<\/strong><\/p>\n<p>Las cookies estrictamente necesarias permiten funciones b\u00e1sicas esenciales del sitio web, como el inicio de sesi\u00f3n del usuario y la gesti\u00f3n de la cuenta. Se trata b\u00e1sicamente de cookies que se eliminan al final de su visita al sitio web, a m\u00e1s tardar cuando cierra su navegador. El sitio web no puede utilizarse correctamente sin las cookies estrictamente necesarias. Por lo tanto, no puede deseleccionar estas cookies si desea utilizar nuestro sitio web. Una lista de las cookies t\u00e9cnicas tambi\u00e9n se puede encontrar en https:\/\/codex.wordpress.org\/WordPress_Cookies La base jur\u00eddica para el tratamiento de datos personales es el art\u00edculo\u00a0<a href=\"https:\/\/beck-online.beck.de\/?typ=reference&amp;y=100&amp;g=EWG_DSGVO&amp;a=6\">6<\/a>, apartado\u00a0<a href=\"https:\/\/beck-online.beck.de\/?typ=reference&amp;y=100&amp;g=EWG_DSGVO&amp;a=6&amp;x=1\">1<\/a>, frase 1, letra f) del RGPD. El acceso a la informaci\u00f3n y su almacenamiento en el dispositivo final se basa en el art\u00edculo 25, apartado 2, de la TTDSG.<\/p>\n<p><strong>Rendimiento<\/strong><\/p>\n<p>Las cookies de rendimiento recopilan informaci\u00f3n sobre c\u00f3mo los visitantes utilizan un sitio web, por ejemplo, las cookies anal\u00edticas. Estas cookies no pueden utilizarse para identificar directamente a un visitante concreto. Estas cookies s\u00f3lo las utilizamos con su consentimiento. El tratamiento de datos personales se basa en el art\u00edculo 6, apartado 1, letra a) del RGPD. El acceso a la informaci\u00f3n y su almacenamiento en el dispositivo final se basa en el art\u00edculo 25, apartado 1, de la TTDSG. El consentimiento puede revocarse en cualquier momento con efectos para el futuro.<\/p>\n<p><strong>Funcionalidad<\/strong><\/p>\n<p>Las cookies funcionales se utilizan para almacenar informaci\u00f3n del visitante en el sitio web, por ejemplo, idioma, zona horaria, contenido ampliado. Estas cookies s\u00f3lo las utilizamos con su consentimiento. El tratamiento de datos personales se basa en el art\u00edculo 6, apartado 1, letra a) del RGPD. El acceso a la informaci\u00f3n y su almacenamiento en el dispositivo final se realiza sobre la base del art\u00edculo 25, apartado 1, de la TTDSG, las leyes de aplicaci\u00f3n de la Directiva sobre privacidad y comunicaciones electr\u00f3nicas de la UE en Alemania. El consentimiento puede revocarse en cualquier momento con efectos para el futuro.<\/p>\n<p><strong>Tecnolog\u00edas similares<\/strong><\/p>\n<p>Algunas funciones no se basan en cookies, sino en mecanismos t\u00e9cnicos similares, como el almacenamiento local, las huellas digitales, los p\u00edxeles, las balizas web, las cookies Flash y los objetos HTML5. El resultado es comparable al uso de cookies y, por lo tanto, tambi\u00e9n puede asignarse a las categor\u00edas enumeradas anteriormente. Tambi\u00e9n en este caso, por supuesto, puede dar su consentimiento u oponerse.<\/p>\n<h3>3. USO DE COOKIES Y TECNOLOG\u00cdAS SIMILARES<\/h3>\n<p>Este sitio web utiliza las siguientes cookies establecidas por proveedores terceros<\/p>\n<ul class=\"wp-block-list\">\n<li>Google<\/li>\n<li>Facebook<\/li>\n<li>Twitter<\/li>\n<li>LinkedIn<\/li>\n<li>YouTube<\/li>\n<\/ul>\n<p>El sitio web utiliza herramientas que restringen la identificaci\u00f3n mediante cookies, como \u00abgat._anonymizelp ();\u00bb, para garantizar la anonimizaci\u00f3n de las direcciones IP (el denominado \u00abenmascaramiento IP\u00bb).<\/p>\n<h3>4. GESTI\u00d3N DEL CONSENTIMIENTO Y DESACTIVACI\u00d3N DE COOKIES<\/h3>\n<p>Puede encontrar informaci\u00f3n sobre cookies individuales o tecnolog\u00edas similares en nuestro banner de consentimiento. Utilizamos esta herramienta para que podamos obtener su consentimiento o para que usted pueda gestionarlo y retirarlo.\u00a0 Puede acceder a nuestro banner de consentimiento a trav\u00e9s del enlace \u00abConfiguraci\u00f3n de cookies\u00bb en la parte inferior del sitio web. Su consentimiento o rechazo puede documentarse mediante la configuraci\u00f3n de una cookie. El tratamiento asociado de los datos personales tiene lugar sobre la base del art\u00edculo 6, apartado 1, letra f) del RGPD. El acceso asociado y el almacenamiento de informaci\u00f3n en su dispositivo final son absolutamente necesarios. Esto se hace sobre la base de las leyes de aplicaci\u00f3n de la Directiva sobre privacidad electr\u00f3nica de los Estados miembros de la UE, en Alemania de acuerdo con el art\u00edculo 25, apartado 2 de la TTDSG.<\/p>\n<p>Tambi\u00e9n puede impedir el uso de cookies y, de este modo, oponerse permanentemente a su instalaci\u00f3n. Adem\u00e1s, las cookies ya instaladas pueden eliminarse en cualquier momento a trav\u00e9s de un navegador u otros programas de software. Esto es posible en todos los navegadores comunes. Por favor, lea las instrucciones proporcionadas por el proveedor de su navegador. Puede encontrar instrucciones detalladas en www.aboutcookies.org. Por favor, tenga en cuenta que rechazar\/desactivar las cookies puede resultar en la imposibilidad de utilizar ciertas funciones del sitio web.<\/p>\n<p>Para m\u00e1s informaci\u00f3n, por favor lea nuestra\u00a0<a href=\"https:\/\/trocellen.com\/es\/privacy-statement\/\" target=\"_blank\" rel=\"noreferrer noopener\">pol\u00edtica de privacidad<\/a>.<\/p>\n<p>Persona de contacto: Para m\u00e1s informaci\u00f3n sobre esta Pol\u00edtica de Cookies, por favor env\u00ede un correo electr\u00f3nico a marketing@trocellen.com.\u00a0 Tambi\u00e9n puede ponerse en contacto con nosotros por correo postal en Trocellen GmbH, Viktoria Csonka (direcci\u00f3n postal: M\u00fclheimer Stra\u00dfe 26 53840 Troisdorf), o p\u00f3ngase en contacto con nosotros en el siguiente n\u00famero de tel\u00e9fono +36 070 436 5722.<\/p>\n                <\/div>\n\n                <div class=\"flex-1\">\n                                    <\/div>\n            <\/div>\n\n        <\/div>\n    <\/div>\n<\/section>\n\n\n<p><\/p>\n","protected":false},"excerpt":{"rendered":"","protected":false},"author":1,"featured_media":0,"parent":0,"menu_order":0,"comment_status":"closed","ping_status":"closed","template":"template-parts\/page-general.php","meta":{"_acf_changed":false,"footnotes":""},"class_list":["post-7653","page","type-page","status-publish","hentry"],"acf":[],"yoast_head":"<!-- This site is optimized with the Yoast SEO plugin v25.9 - https:\/\/yoast.com\/wordpress\/plugins\/seo\/ -->\n<title>Pol\u00edtica de cookies - Trocellen, the European polyolefin foam solution provider<\/title>\n<meta name=\"robots\" content=\"index, follow, max-snippet:-1, max-image-preview:large, max-video-preview:-1\" \/>\n<link rel=\"canonical\" href=\"https:\/\/trocellen.com\/cookie-policy\/\" \/>\n<meta property=\"og:locale\" content=\"es_ES\" \/>\n<meta property=\"og:type\" content=\"article\" \/>\n<meta property=\"og:title\" content=\"Pol\u00edtica de cookies - Trocellen, the European polyolefin foam solution provider\" \/>\n<meta property=\"og:url\" content=\"https:\/\/trocellen.com\/cookie-policy\/\" \/>\n<meta property=\"og:site_name\" content=\"Trocellen, the European polyolefin foam solution provider\" \/>\n<meta property=\"article:modified_time\" content=\"2025-09-15T09:57:10+00:00\" \/>\n<meta name=\"twitter:card\" content=\"summary_large_image\" \/>\n<script type=\"application\/ld+json\" class=\"yoast-schema-graph\">{\"@context\":\"https:\/\/schema.org\",\"@graph\":[{\"@type\":\"WebPage\",\"@id\":\"https:\/\/trocellen.com\/cookie-policy\/\",\"url\":\"https:\/\/trocellen.com\/cookie-policy\/\",\"name\":\"Pol\u00edtica de cookies - Trocellen, the European polyolefin foam solution provider\",\"isPartOf\":{\"@id\":\"https:\/\/trocellen.com\/#website\"},\"datePublished\":\"2025-05-16T10:36:51+00:00\",\"dateModified\":\"2025-09-15T09:57:10+00:00\",\"breadcrumb\":{\"@id\":\"https:\/\/trocellen.com\/cookie-policy\/#breadcrumb\"},\"inLanguage\":\"es\",\"potentialAction\":[{\"@type\":\"ReadAction\",\"target\":[\"https:\/\/trocellen.com\/cookie-policy\/\"]}]},{\"@type\":\"BreadcrumbList\",\"@id\":\"https:\/\/trocellen.com\/cookie-policy\/#breadcrumb\",\"itemListElement\":[{\"@type\":\"ListItem\",\"position\":1,\"name\":\"Home\",\"item\":\"https:\/\/trocellen.com\/es\/\"},{\"@type\":\"ListItem\",\"position\":2,\"name\":\"Pol\u00edtica de cookies\"}]},{\"@type\":\"WebSite\",\"@id\":\"https:\/\/trocellen.com\/#website\",\"url\":\"https:\/\/trocellen.com\/\",\"name\":\"Trocellen, the European polyolefin foam solution provider\",\"description\":\"TROCELLEN\u00ae is a leading manufacturer of chemically and physically cross-linked polyolefin and rubber foam solutions\",\"potentialAction\":[{\"@type\":\"SearchAction\",\"target\":{\"@type\":\"EntryPoint\",\"urlTemplate\":\"https:\/\/trocellen.com\/?s={search_term_string}\"},\"query-input\":{\"@type\":\"PropertyValueSpecification\",\"valueRequired\":true,\"valueName\":\"search_term_string\"}}],\"inLanguage\":\"es\"}]}<\/script>\n<!-- \/ Yoast SEO plugin. -->","yoast_head_json":{"title":"Pol\u00edtica de cookies - Trocellen, the European polyolefin foam solution provider","robots":{"index":"index","follow":"follow","max-snippet":"max-snippet:-1","max-image-preview":"max-image-preview:large","max-video-preview":"max-video-preview:-1"},"canonical":"https:\/\/trocellen.com\/cookie-policy\/","og_locale":"es_ES","og_type":"article","og_title":"Pol\u00edtica de cookies - Trocellen, the European polyolefin foam solution provider","og_url":"https:\/\/trocellen.com\/cookie-policy\/","og_site_name":"Trocellen, the European polyolefin foam solution provider","article_modified_time":"2025-09-15T09:57:10+00:00","twitter_card":"summary_large_image","schema":{"@context":"https:\/\/schema.org","@graph":[{"@type":"WebPage","@id":"https:\/\/trocellen.com\/cookie-policy\/","url":"https:\/\/trocellen.com\/cookie-policy\/","name":"Pol\u00edtica de cookies - Trocellen, the European polyolefin foam solution provider","isPartOf":{"@id":"https:\/\/trocellen.com\/#website"},"datePublished":"2025-05-16T10:36:51+00:00","dateModified":"2025-09-15T09:57:10+00:00","breadcrumb":{"@id":"https:\/\/trocellen.com\/cookie-policy\/#breadcrumb"},"inLanguage":"es","potentialAction":[{"@type":"ReadAction","target":["https:\/\/trocellen.com\/cookie-policy\/"]}]},{"@type":"BreadcrumbList","@id":"https:\/\/trocellen.com\/cookie-policy\/#breadcrumb","itemListElement":[{"@type":"ListItem","position":1,"name":"Home","item":"https:\/\/trocellen.com\/es\/"},{"@type":"ListItem","position":2,"name":"Pol\u00edtica de cookies"}]},{"@type":"WebSite","@id":"https:\/\/trocellen.com\/#website","url":"https:\/\/trocellen.com\/","name":"Trocellen, the European polyolefin foam solution provider","description":"TROCELLEN\u00ae is a leading manufacturer of chemically and physically cross-linked polyolefin and rubber foam solutions","potentialAction":[{"@type":"SearchAction","target":{"@type":"EntryPoint","urlTemplate":"https:\/\/trocellen.com\/?s={search_term_string}"},"query-input":{"@type":"PropertyValueSpecification","valueRequired":true,"valueName":"search_term_string"}}],"inLanguage":"es"}]}},"_links":{"self":[{"href":"https:\/\/trocellen.com\/es\/wp-json\/wp\/v2\/pages\/7653","targetHints":{"allow":["GET"]}}],"collection":[{"href":"https:\/\/trocellen.com\/es\/wp-json\/wp\/v2\/pages"}],"about":[{"href":"https:\/\/trocellen.com\/es\/wp-json\/wp\/v2\/types\/page"}],"author":[{"embeddable":true,"href":"https:\/\/trocellen.com\/es\/wp-json\/wp\/v2\/users\/1"}],"replies":[{"embeddable":true,"href":"https:\/\/trocellen.com\/es\/wp-json\/wp\/v2\/comments?post=7653"}],"version-history":[{"count":3,"href":"https:\/\/trocellen.com\/es\/wp-json\/wp\/v2\/pages\/7653\/revisions"}],"predecessor-version":[{"id":12385,"href":"https:\/\/trocellen.com\/es\/wp-json\/wp\/v2\/pages\/7653\/revisions\/12385"}],"wp:attachment":[{"href":"https:\/\/trocellen.com\/es\/wp-json\/wp\/v2\/media?parent=7653"}],"curies":[{"name":"wp","href":"https:\/\/api.w.org\/{rel}","templated":true}]}}