{"id":7515,"date":"2025-04-29T08:20:58","date_gmt":"2025-04-29T08:20:58","guid":{"rendered":"https:\/\/trocellen-dev.local\/sostenibilidad\/ceo-message\/"},"modified":"2026-01-16T10:50:19","modified_gmt":"2026-01-16T10:50:19","slug":"mensaje-del-ceo","status":"publish","type":"page","link":"https:\/\/trocellen.com\/es\/sostenibilidad\/mensaje-del-ceo\/","title":{"rendered":"Mensaje del CEO"},"content":{"rendered":"\n<div class=\"group relative bg-white h-[32px]\" aria-hidden=\"true\"><\/div>\n\n\n<section class=\"general-content text-[#131313]\">\n    <div class=\"container\">\n        <div>\n            <h3 class=\"text-center\">Construyendo un futuro sostenible, juntos <\/h3>\n\n                    <\/div>\n    <\/div>\n<\/section>\n\n\n<div class=\"group relative bg-white h-[32px]\" aria-hidden=\"true\"><\/div>\n\n\n<div class=\"group relative bg-gray-200 h-[24px] laptop:h-[64px]\" aria-hidden=\"true\"><\/div>\n\n\n<section class=\"bg-gray-200\">\n    <div class=\"container\">\n        <div class=\"general-content\">\n            <div class=\"flex flex-col tablet:flex-row items-start gap-medPlus\">\n\n            <div class=\"flex flex-col gap-small w-[269px] shrink-0 max-w-full\">\n                <div class=\"h-[378px] rounded-tr-tr-100 overflow-hidden\">\n                    <img decoding=\"async\" src=\"https:\/\/trocellen.com\/wp-content\/uploads\/2025\/05\/ceo-image.png\" alt=\"\" class=\"w-full object-cover\">\n                <\/div>\n\n                <div class=\"general-content text-[#023157]\">\n                    <h2 class=\"!pb-0\">Oliver Cordt <\/h2>\n                    <span class=\"font-normal\">director ejecutivo<\/span>\n                <\/div>\n            <\/div>\n\n            <div class=\"laptop:pr-[12.125rem]\">\n                <h3>En el mundo actual, <em>la sostenibilidad <\/em>ya es un valor fundamental, una responsabilidad y un imperativo estrat\u00e9gico. A primera vista, podr\u00eda parecer que la sostenibilidad contrasta con objetivos empresariales como el crecimiento, la eficiencia y la rentabilidad. Pero, \u00bfes realmente as\u00ed?<\/h3>\n<h3>La respuesta est\u00e1 en la perspectiva.<\/h3>\n<p>A corto plazo, el desarrollo sostenible puede parecer un reto, ya que requiere tiempo, dedicaci\u00f3n y recursos importantes. Es un proceso de transformaci\u00f3n, no una soluci\u00f3n r\u00e1pida. Sin embargo, desde una perspectiva a largo plazo, la sostenibilidad se convierte en un potente motor de \u00e9xito duradero. Refuerza, en lugar de debilitar, los valores empresariales tradicionales. Fomenta la innovaci\u00f3n, garantiza los recursos futuros y genera una confianza duradera entre las partes interesadas.<\/p>\n<ul>\n<li>Porque sin personas, no hay empresa.<\/li>\n<li>Porque sin un planeta habitable, no hay raz\u00f3n de ser.<\/li>\n<li>Porque sin una visi\u00f3n de futuro, no hay nada por lo que luchar.<\/li>\n<\/ul>\n<p class=\"p1\"><span class=\"s1\">En el Grupo Trocellen, siempre hemos cre\u00eddo que una empresa responsable es una empresa sostenible. Guiados por la filosof\u00eda innovadora de nuestra empresa matriz japonesa, Furukawa Electric, estamos comprometidos con la creaci\u00f3n de valor a largo plazo que respete tanto a las personas como al planeta.<\/span><\/p>\n<p>Nos inspira la definici\u00f3n atemporal de la Comisi\u00f3n Brundtland:<\/p>\n<blockquote>\n<h4>El desarrollo que satisface las necesidades del presente sin comprometer la capacidad de las generaciones futuras para satisfacer sus propias necesidades.<\/h4>\n<\/blockquote>\n<p>Este principio es m\u00e1s relevante que nunca, para afrontar el cambio clim\u00e1tico, los recursos finitos y la desigualdad global. En este panorama tan complejo, la sostenibilidad corporativa no es una opci\u00f3n, es una necesidad.<\/p>\n<h3>Nuestro compromiso en acci\u00f3n<\/h3>\n<p>Para convertir nuestra visi\u00f3n en realidad, hemos integrado la sostenibilidad en todos los aspectos de nuestras operaciones:<\/p>\n<ul>\n<li>Dise\u00f1o circular: hemos adoptado principios de ecodise\u00f1o para garantizar que nuestros productos apoyan la econom\u00eda circular, minimizando los residuos y maximizando la eficiencia de los recursos.<\/li>\n<li>Innovar de forma responsable: nuestros equipos de I+D se centran en desarrollar soluciones y tecnolog\u00edas que mejoren el rendimiento medioambiental y reduzcan la huella ecol\u00f3gica.<\/li>\n<li>Empoderamos a las personas: estamos remodelando nuestros procesos organizativos para promover el bienestar, la inclusi\u00f3n y el \u00e9xito de nuestros compa\u00f1eros, socios y comunidades.<\/li>\n<li>Medici\u00f3n transparente del progreso: hacemos un seguimiento de nuestras iniciativas de sostenibilidad utilizando las metodolog\u00edas m\u00e1s recientes y supervisamos nuestro progreso de forma regular.<\/li>\n<\/ul>\n<p>La sostenibilidad comienza con el compromiso individual, pero su verdadera fuerza reside en el esfuerzo colectivo. Agradecemos a nuestros empleados, socios y partes interesadas su apoyo continuo. Juntos, estamos allanando el camino hacia un futuro en el que las oportunidades, la innovaci\u00f3n y la responsabilidad vayan de la mano.<\/p>\n<p>&nbsp;<\/p>\n<h3>Construyamos ese futuro, hoy mismo.<\/h3>\n            <\/div>\n\n            <\/div>\n        <\/div>\n    <\/div>\n<\/section>\n\n\n<div class=\"group relative bg-gray-200 h-[24px] laptop:h-[64px]\" aria-hidden=\"true\"><\/div>","protected":false},"excerpt":{"rendered":"","protected":false},"author":1,"featured_media":0,"parent":7505,"menu_order":0,"comment_status":"closed","ping_status":"closed","template":"template-parts\/page-general.php","meta":{"_acf_changed":false,"footnotes":""},"class_list":["post-7515","page","type-page","status-publish","hentry"],"acf":[],"yoast_head":"<!-- This site is optimized with the Yoast SEO plugin v25.9 - https:\/\/yoast.com\/wordpress\/plugins\/seo\/ -->\n<title>Mensaje del CEO - Trocellen, the European polyolefin foam solution provider<\/title>\n<meta name=\"robots\" content=\"index, follow, max-snippet:-1, max-image-preview:large, max-video-preview:-1\" \/>\n<link rel=\"canonical\" href=\"https:\/\/trocellen.com\/es\/sostenibilidad\/mensaje-del-ceo\/\" \/>\n<meta property=\"og:locale\" content=\"es_ES\" \/>\n<meta property=\"og:type\" content=\"article\" \/>\n<meta property=\"og:title\" content=\"Mensaje del CEO - Trocellen, the European polyolefin foam solution provider\" \/>\n<meta property=\"og:url\" content=\"https:\/\/trocellen.com\/es\/sostenibilidad\/mensaje-del-ceo\/\" \/>\n<meta property=\"og:site_name\" content=\"Trocellen, the European polyolefin foam solution provider\" \/>\n<meta property=\"article:modified_time\" content=\"2026-01-16T10:50:19+00:00\" \/>\n<meta name=\"twitter:card\" content=\"summary_large_image\" \/>\n<script type=\"application\/ld+json\" class=\"yoast-schema-graph\">{\"@context\":\"https:\/\/schema.org\",\"@graph\":[{\"@type\":\"WebPage\",\"@id\":\"https:\/\/trocellen.com\/es\/sostenibilidad\/mensaje-del-ceo\/\",\"url\":\"https:\/\/trocellen.com\/es\/sostenibilidad\/mensaje-del-ceo\/\",\"name\":\"Mensaje del CEO - Trocellen, the European polyolefin foam solution provider\",\"isPartOf\":{\"@id\":\"https:\/\/trocellen.com\/#website\"},\"datePublished\":\"2025-04-29T08:20:58+00:00\",\"dateModified\":\"2026-01-16T10:50:19+00:00\",\"breadcrumb\":{\"@id\":\"https:\/\/trocellen.com\/es\/sostenibilidad\/mensaje-del-ceo\/#breadcrumb\"},\"inLanguage\":\"es\",\"potentialAction\":[{\"@type\":\"ReadAction\",\"target\":[\"https:\/\/trocellen.com\/es\/sostenibilidad\/mensaje-del-ceo\/\"]}]},{\"@type\":\"BreadcrumbList\",\"@id\":\"https:\/\/trocellen.com\/es\/sostenibilidad\/mensaje-del-ceo\/#breadcrumb\",\"itemListElement\":[{\"@type\":\"ListItem\",\"position\":1,\"name\":\"Home\",\"item\":\"https:\/\/trocellen.com\/es\/\"},{\"@type\":\"ListItem\",\"position\":2,\"name\":\"Mensaje del CEO\"}]},{\"@type\":\"WebSite\",\"@id\":\"https:\/\/trocellen.com\/#website\",\"url\":\"https:\/\/trocellen.com\/\",\"name\":\"Trocellen, the European polyolefin foam solution provider\",\"description\":\"TROCELLEN\u00ae is a leading manufacturer of chemically and physically cross-linked polyolefin and rubber foam solutions\",\"potentialAction\":[{\"@type\":\"SearchAction\",\"target\":{\"@type\":\"EntryPoint\",\"urlTemplate\":\"https:\/\/trocellen.com\/?s={search_term_string}\"},\"query-input\":{\"@type\":\"PropertyValueSpecification\",\"valueRequired\":true,\"valueName\":\"search_term_string\"}}],\"inLanguage\":\"es\"}]}<\/script>\n<!-- \/ Yoast SEO plugin. -->","yoast_head_json":{"title":"Mensaje del CEO - Trocellen, the European polyolefin foam solution provider","robots":{"index":"index","follow":"follow","max-snippet":"max-snippet:-1","max-image-preview":"max-image-preview:large","max-video-preview":"max-video-preview:-1"},"canonical":"https:\/\/trocellen.com\/es\/sostenibilidad\/mensaje-del-ceo\/","og_locale":"es_ES","og_type":"article","og_title":"Mensaje del CEO - Trocellen, the European polyolefin foam solution provider","og_url":"https:\/\/trocellen.com\/es\/sostenibilidad\/mensaje-del-ceo\/","og_site_name":"Trocellen, the European polyolefin foam solution provider","article_modified_time":"2026-01-16T10:50:19+00:00","twitter_card":"summary_large_image","schema":{"@context":"https:\/\/schema.org","@graph":[{"@type":"WebPage","@id":"https:\/\/trocellen.com\/es\/sostenibilidad\/mensaje-del-ceo\/","url":"https:\/\/trocellen.com\/es\/sostenibilidad\/mensaje-del-ceo\/","name":"Mensaje del CEO - Trocellen, the European polyolefin foam solution provider","isPartOf":{"@id":"https:\/\/trocellen.com\/#website"},"datePublished":"2025-04-29T08:20:58+00:00","dateModified":"2026-01-16T10:50:19+00:00","breadcrumb":{"@id":"https:\/\/trocellen.com\/es\/sostenibilidad\/mensaje-del-ceo\/#breadcrumb"},"inLanguage":"es","potentialAction":[{"@type":"ReadAction","target":["https:\/\/trocellen.com\/es\/sostenibilidad\/mensaje-del-ceo\/"]}]},{"@type":"BreadcrumbList","@id":"https:\/\/trocellen.com\/es\/sostenibilidad\/mensaje-del-ceo\/#breadcrumb","itemListElement":[{"@type":"ListItem","position":1,"name":"Home","item":"https:\/\/trocellen.com\/es\/"},{"@type":"ListItem","position":2,"name":"Mensaje del CEO"}]},{"@type":"WebSite","@id":"https:\/\/trocellen.com\/#website","url":"https:\/\/trocellen.com\/","name":"Trocellen, the European polyolefin foam solution provider","description":"TROCELLEN\u00ae is a leading manufacturer of chemically and physically cross-linked polyolefin and rubber foam solutions","potentialAction":[{"@type":"SearchAction","target":{"@type":"EntryPoint","urlTemplate":"https:\/\/trocellen.com\/?s={search_term_string}"},"query-input":{"@type":"PropertyValueSpecification","valueRequired":true,"valueName":"search_term_string"}}],"inLanguage":"es"}]}},"_links":{"self":[{"href":"https:\/\/trocellen.com\/es\/wp-json\/wp\/v2\/pages\/7515","targetHints":{"allow":["GET"]}}],"collection":[{"href":"https:\/\/trocellen.com\/es\/wp-json\/wp\/v2\/pages"}],"about":[{"href":"https:\/\/trocellen.com\/es\/wp-json\/wp\/v2\/types\/page"}],"author":[{"embeddable":true,"href":"https:\/\/trocellen.com\/es\/wp-json\/wp\/v2\/users\/1"}],"replies":[{"embeddable":true,"href":"https:\/\/trocellen.com\/es\/wp-json\/wp\/v2\/comments?post=7515"}],"version-history":[{"count":5,"href":"https:\/\/trocellen.com\/es\/wp-json\/wp\/v2\/pages\/7515\/revisions"}],"predecessor-version":[{"id":15387,"href":"https:\/\/trocellen.com\/es\/wp-json\/wp\/v2\/pages\/7515\/revisions\/15387"}],"up":[{"embeddable":true,"href":"https:\/\/trocellen.com\/es\/wp-json\/wp\/v2\/pages\/7505"}],"wp:attachment":[{"href":"https:\/\/trocellen.com\/es\/wp-json\/wp\/v2\/media?parent=7515"}],"curies":[{"name":"wp","href":"https:\/\/api.w.org\/{rel}","templated":true}]}}