{"id":7444,"date":"2025-04-29T08:17:34","date_gmt":"2025-04-29T08:17:34","guid":{"rendered":"https:\/\/trocellen-dev.local\/materiales-y-tecnologias\/converting\/"},"modified":"2025-10-10T10:45:35","modified_gmt":"2025-10-10T10:45:35","slug":"transformacion","status":"publish","type":"page","link":"https:\/\/trocellen.com\/es\/materiales-y-tecnologias\/transformacion\/","title":{"rendered":"Transformacion"},"content":{"rendered":"\n<div class=\"group relative bg-white h-[48px]\" aria-hidden=\"true\"><\/div>\n\n\n<section class=\"general-content text-[#131313]\">\n    <div class=\"container\">\n        <div>\n            <h3 class=\"text-center\">Trocellen se dedica a ofrecer servicios de verdadero valor a\u00f1adido a los clientes, que pueden beneficiarse de una cadena de suministro reducida y una colaboraci\u00f3n m\u00e1s sencilla, por lo tanto pueden reducir los costes y los plazos de entrega, y optimizar la compra y el inventario. Uno de estos servicios consiste en ofrecer una transformaci\u00f3n de alto nivel, desde el laminado hasta la termocompresi\u00f3n. <\/h3>\n\n                    <\/div>\n    <\/div>\n<\/section>\n\n\n<div class=\"group relative bg-white h-[48px]\" aria-hidden=\"true\"><\/div>\n\n\n<div class=\"group relative bg-gray-200 h-[24px] laptop:h-[64px]\" aria-hidden=\"true\"><\/div>\n\n\n<section class=\"col-content bg-gray-200 \">\n    <div class=\"container\">\n        <div class=\"general-content\">\n            \n            <div class=\"flex flex-col tablet:flex-row gap-small items-start\">\n                <div class=\"flex-1 \">\n                    <h2>Laminaci\u00f3n t\u00e9rmica<\/h2>\n<p><img loading=\"lazy\" decoding=\"async\" class=\"alignnone size-full wp-image-14044\" src=\"https:\/\/trocellen.com\/wp-content\/uploads\/2025\/10\/converting_-_heat_lamination.jpg\" alt=\"\" width=\"381\" height=\"254\" srcset=\"https:\/\/trocellen.com\/wp-content\/uploads\/2025\/10\/converting_-_heat_lamination.jpg 381w, https:\/\/trocellen.com\/wp-content\/uploads\/2025\/10\/converting_-_heat_lamination-300x200.jpg 300w\" sizes=\"auto, (max-width: 381px) 100vw, 381px\" \/><\/p>\n                <\/div>\n\n                <div class=\"flex-1\">\n                    <p>La laminaci\u00f3n t\u00e9rmica es un proceso para fabricar productos multicapa (llamados laminados), que nos permite combinar las propiedades de las capas.<\/p>\n<p>En el caso de la espuma de PE s\u00f3lo utilizamos calor y algo de presi\u00f3n para unir las dos superficies, lo que significa que ning\u00fan material adicional es necesario. Esto s\u00f3lo es posible si los dos materiales son \u00abun poco similares\u00bb en su estructura qu\u00edmica. Si el material es demasiado sensible al calor (por ejemplo, la espuma de PE no reticulado), no puede procesarse de este modo.<\/p>\n<p>Materiales que podemos laminar a nuestra espuma con laminaci\u00f3n t\u00e9rmica:<\/p>\n<ul>\n<li>Otras espumas de poliolefina reticulada<\/li>\n<li>L\u00e1minas de LDPE, HDPE y PP<\/li>\n<li>L\u00e1minas de EVA, algunas otras L\u00e1minas de copol\u00edmero de etileno<\/li>\n<li>Algunas espumas de PU<\/li>\n<li>Algunos textiles<\/li>\n<li>Algunos papeles<\/li>\n<li>Madera<\/li>\n<\/ul>\n<p>En nuestro laboratorio podemos simular la laminaci\u00f3n y someter nuevos materiales a prueba, por lo que si tiene algo en mente que no est\u00e1 en esta lista, podemos probarlo y ofrecerle comentarios o recomendaciones sobre alternativas.<\/p>\n<p>La laminaci\u00f3n t\u00e9rmica puede ser un proceso continuo, pero tambi\u00e9n un proceso por lotes. Para el proceso continuo, el espesor m\u00e1ximo posible es de unos 20 mm. Con el proceso por lotes es posible laminar much\u00edsimas capas una sobre la otra, as\u00ed por ejemplo, podemos producir bloques de espuma de hasta 500 mm de grosor.<\/p>\n                <\/div>\n            <\/div>\n\n        <\/div>\n    <\/div>\n<\/section>\n\n\n<div class=\"group relative bg-gray-200 h-[32px]\" aria-hidden=\"true\"><\/div>\n\n\n<div class=\"group relative bg-white h-[24px] laptop:h-[64px]\" aria-hidden=\"true\"><\/div>\n\n\n<section class=\"col-content bg-white \">\n    <div class=\"container\">\n        <div class=\"general-content\">\n            \n            <div class=\"flex flex-col tablet:flex-row gap-small items-start\">\n                <div class=\"flex-1 \">\n                    <h2>Grabado<\/h2>\n                <\/div>\n\n                <div class=\"flex-1\">\n                    <p>El grabado es un proceso en el que damos a la superficie de la espuma o del laminado una textura 3D. Para ello tenemos que presionar con un rodillo grabador (con la versi\u00f3n negativa del patr\u00f3n deseado) en la superficie de la espuma o el laminado. Esta superficie tiene que ser calentada a una temperatura en la que se vuelva moldeable, para que el rodillo grabador pueda darle una nueva forma.<\/p>\n<p>El grabado puede dar a la espuma o a la superficie laminada un aspecto \u00fanico y llamativo y una nueva sensaci\u00f3n al tacto, y puede ser un aspecto de dise\u00f1o esencial de un producto, adem\u00e1s, el tipo correcto de grabado puede mejorar tambi\u00e9n la propiedad antideslizante de la superficie. Trocellen tiene una amplia variedad de rodillos grabadores, por lo que podemos ofrecerle patrones desarrollados por nosotros mismos, o tambi\u00e9n es posible desarrollar nuevos patrones, si se necesita.<\/p>\n<p>La limitaci\u00f3n del grabado es la profundidad posible de los patrones que se pueden lograr, que es aproximadamente de 1,5-2 mil\u00edmetros.<\/p>\n                <\/div>\n            <\/div>\n\n        <\/div>\n    <\/div>\n<\/section>\n\n\n<div class=\"group relative bg-white h-[32px]\" aria-hidden=\"true\"><\/div>\n\n\n<div class=\"group relative bg-gray-200 h-[24px] laptop:h-[64px]\" aria-hidden=\"true\"><\/div>\n\n\n<section class=\"col-content bg-gray-200 \">\n    <div class=\"container\">\n        <div class=\"general-content\">\n            \n            <div class=\"flex flex-col tablet:flex-row gap-small items-start\">\n                <div class=\"flex-1 \">\n                    <h2>Termocompresi\u00f3n<\/h2>\n                <\/div>\n\n                <div class=\"flex-1\">\n                    <p>Durante la termocompresi\u00f3n, la espuma se calienta tanto en la parte superior como en la inferior, luego se presiona desde ambas direcciones por un molde y contramolde frios, y despu\u00e9s se libera el material. Con ello se pueden hacer productos plegables o dar patrones muy profundos a la superficie.<\/p>\n<p>La principal diferencia entre el grabado y la termocompresion es que con la termocompresi\u00f3n el calentamiento y el enfriamiento llevan m\u00e1s tiempo, pero debido al calentamiento m\u00e1s elevado, se pueden conseguir patrones mucho m\u00e1s profundos que con el grabado. Esto tambi\u00e9n significa que la termocompresi\u00f3n es un proceso m\u00e1s lento.<\/p>\n                <\/div>\n            <\/div>\n\n        <\/div>\n    <\/div>\n<\/section>\n\n\n<div class=\"group relative bg-gray-200 h-[32px]\" aria-hidden=\"true\"><\/div>\n\n\n<div class=\"group relative bg-white h-[24px] laptop:h-[64px]\" aria-hidden=\"true\"><\/div>\n\n\n<section class=\"col-content bg-white \">\n    <div class=\"container\">\n        <div class=\"general-content\">\n            \n            <div class=\"flex flex-col tablet:flex-row gap-small items-start\">\n                <div class=\"flex-1 \">\n                    <h2>Marcado del logotipo &#8211; Estampado en caliente<\/h2>\n                <\/div>\n\n                <div class=\"flex-1\">\n                    <p>Durante este proceso, calentamos una pieza de aluminio o acero hasta un grado en el que se quema el logotipo o el texto solicitado en la superficie del producto. Es muy similar al procedimiento \u00abmarca del hierro\u00bb.<\/p>\n                <\/div>\n            <\/div>\n\n        <\/div>\n    <\/div>\n<\/section>\n\n\n<div class=\"group relative bg-white h-[32px]\" aria-hidden=\"true\"><\/div>\n\n\n<div class=\"group relative bg-gray-200 h-[24px] laptop:h-[64px]\" aria-hidden=\"true\"><\/div>\n\n\n<section class=\"col-content bg-gray-200 \">\n    <div class=\"container\">\n        <div class=\"general-content\">\n            \n            <div class=\"flex flex-col tablet:flex-row gap-small items-start\">\n                <div class=\"flex-1 \">\n                    <h2>Marcado del logotipo &#8211; Estampado en fr\u00edo<\/h2>\n                <\/div>\n\n                <div class=\"flex-1\">\n                    <p>Es similar al proceso de gofrado, pero aqu\u00ed utilizamos una herramienta plana. De esta manera es posible poner indicadores de fecha, as\u00ed las futuras modificaciones (actualizaciones) de la herramienta tambi\u00e9n son sencillas.<\/p>\n                <\/div>\n            <\/div>\n\n        <\/div>\n    <\/div>\n<\/section>\n\n\n<div class=\"group relative bg-gray-200 h-[32px]\" aria-hidden=\"true\"><\/div>\n\n\n<div class=\"group relative bg-white h-[24px] laptop:h-[64px]\" aria-hidden=\"true\"><\/div>\n\n\n<section class=\"col-content bg-white \">\n    <div class=\"container\">\n        <div class=\"general-content\">\n            \n            <div class=\"flex flex-col tablet:flex-row gap-small items-start\">\n                <div class=\"flex-1 \">\n                    <h2>Marcado por l\u00e1ser<\/h2>\n                <\/div>\n\n                <div class=\"flex-1\">\n                    <p>El marcado por l\u00e1ser es un proceso permanente que utiliza un haz de luz concentrado para crear una marca duradera en una superficie. Realizado normalmente con una m\u00e1quina de l\u00e1ser de fibra, pulsado, de onda continua, l\u00e1ser verde o de UV, el marcado por l\u00e1ser abarca una amplia variedad de aplicaciones. Utilizamos la tecnolog\u00eda de l\u00e1ser de fibra para poner logotipos en nuestros productos.<\/p>\n                <\/div>\n            <\/div>\n\n        <\/div>\n    <\/div>\n<\/section>\n\n\n<div class=\"group relative bg-white h-[32px]\" aria-hidden=\"true\"><\/div>\n\n\n<div class=\"group relative bg-gray-200 h-[24px] laptop:h-[64px]\" aria-hidden=\"true\"><\/div>\n\n\n<section class=\"col-content bg-gray-200 \">\n    <div class=\"container\">\n        <div class=\"general-content\">\n            \n            <div class=\"flex flex-col tablet:flex-row gap-small items-start\">\n                <div class=\"flex-1 \">\n                    <h2>Tampograf\u00eda<\/h2>\n<p><img loading=\"lazy\" decoding=\"async\" class=\"alignnone wp-image-356\" src=\"https:\/\/trocellen.com\/wp-content\/uploads\/2025\/05\/tampon-printing.png\" alt=\"\" width=\"381\" height=\"254\" srcset=\"https:\/\/trocellen.com\/wp-content\/uploads\/2025\/05\/tampon-printing.png 570w, https:\/\/trocellen.com\/wp-content\/uploads\/2025\/05\/tampon-printing-300x200.png 300w\" sizes=\"auto, (max-width: 381px) 100vw, 381px\" \/><\/p>\n                <\/div>\n\n                <div class=\"flex-1\">\n                    <p>La impresi\u00f3n de tampo o tambi\u00e9n llamada tampograf\u00eda es un proceso de impresi\u00f3n offset indirecto en el que una almohadilla de silicona toma una imagen 2D de una placa de impresi\u00f3n grabada con l\u00e1ser (tambi\u00e9n llamada clich\u00e9) y la transfiere a un objeto 3D.<\/p>\n                <\/div>\n            <\/div>\n\n        <\/div>\n    <\/div>\n<\/section>\n\n\n<div class=\"group relative bg-gray-200 h-[32px]\" aria-hidden=\"true\"><\/div>\n\n\n<div class=\"group relative bg-white h-[24px] laptop:h-[64px]\" aria-hidden=\"true\"><\/div>\n\n\n<section class=\"col-content bg-white \">\n    <div class=\"container\">\n        <div class=\"general-content\">\n            \n            <div class=\"flex flex-col tablet:flex-row gap-small items-start\">\n                <div class=\"flex-1 \">\n                    <h2>Troquelado<\/h2>\n<p><img loading=\"lazy\" decoding=\"async\" class=\"alignnone size-full wp-image-14051\" src=\"https:\/\/trocellen.com\/wp-content\/uploads\/2025\/10\/converting_-_die_cut.png\" alt=\"\" width=\"261\" height=\"254\" \/><\/p>\n                <\/div>\n\n                <div class=\"flex-1\">\n                    <p>En este proceso utilizamos una m\u00e1quina de alta presi\u00f3n y cuchillas de acero afiladas para cortar el producto. Somos capaces de troquelar material de hasta 40 mm (dependiendo de la densidad).<\/p>\n                <\/div>\n            <\/div>\n\n        <\/div>\n    <\/div>\n<\/section>\n\n\n<div class=\"group relative bg-white h-[32px]\" aria-hidden=\"true\"><\/div>\n\n\n<div class=\"group relative bg-gray-200 h-[24px] laptop:h-[64px]\" aria-hidden=\"true\"><\/div>\n\n\n<section class=\"col-content bg-gray-200 \">\n    <div class=\"container\">\n        <div class=\"general-content\">\n            \n            <div class=\"flex flex-col tablet:flex-row gap-small items-start\">\n                <div class=\"flex-1 \">\n                    <h2>Corte de contorno<\/h2>\n<p><img loading=\"lazy\" decoding=\"async\" class=\"alignnone size-full wp-image-14058\" src=\"https:\/\/trocellen.com\/wp-content\/uploads\/2025\/10\/Converting_-_contour_cutting.png\" alt=\"\" width=\"452\" height=\"254\" srcset=\"https:\/\/trocellen.com\/wp-content\/uploads\/2025\/10\/Converting_-_contour_cutting.png 452w, https:\/\/trocellen.com\/wp-content\/uploads\/2025\/10\/Converting_-_contour_cutting-300x169.png 300w\" sizes=\"auto, (max-width: 452px) 100vw, 452px\" \/><\/p>\n                <\/div>\n\n                <div class=\"flex-1\">\n                    <p>Para productos de mayor grosor (m\u00e1s de 40 mm) ofrecemos nuestro servicio de corte de contorno. Su principal ventaja es una superficie de corte muy limpia y la posibilidad de cortar en varias capas para \u00abcortar sus costes\u00bb tambi\u00e9n. La limitaci\u00f3n de esta tecnolog\u00eda es que s\u00f3lo corta el borde exterior (contorno) del dise\u00f1o. Sin dejar rastro no es posible cortar material desde el interior del producto.<\/p>\n                <\/div>\n            <\/div>\n\n        <\/div>\n    <\/div>\n<\/section>\n\n\n<div class=\"group relative bg-gray-200 h-[32px]\" aria-hidden=\"true\"><\/div>","protected":false},"excerpt":{"rendered":"","protected":false},"author":1,"featured_media":0,"parent":7420,"menu_order":0,"comment_status":"closed","ping_status":"closed","template":"template-parts\/page-general.php","meta":{"_acf_changed":false,"footnotes":""},"class_list":["post-7444","page","type-page","status-publish","hentry"],"acf":[],"yoast_head":"<!-- This site is optimized with the Yoast SEO plugin v25.9 - https:\/\/yoast.com\/wordpress\/plugins\/seo\/ -->\n<title>Transformacion - Trocellen, the European polyolefin foam solution provider<\/title>\n<meta name=\"robots\" content=\"index, follow, max-snippet:-1, max-image-preview:large, max-video-preview:-1\" \/>\n<link rel=\"canonical\" href=\"https:\/\/trocellen.com\/materials-technology\/converting\/\" \/>\n<meta property=\"og:locale\" content=\"es_ES\" \/>\n<meta property=\"og:type\" content=\"article\" \/>\n<meta property=\"og:title\" content=\"Transformacion - Trocellen, the European polyolefin foam solution provider\" \/>\n<meta property=\"og:url\" content=\"https:\/\/trocellen.com\/materials-technology\/converting\/\" \/>\n<meta property=\"og:site_name\" content=\"Trocellen, the European polyolefin foam solution provider\" \/>\n<meta property=\"article:modified_time\" content=\"2025-10-10T10:45:35+00:00\" \/>\n<meta name=\"twitter:card\" content=\"summary_large_image\" \/>\n<script type=\"application\/ld+json\" class=\"yoast-schema-graph\">{\"@context\":\"https:\/\/schema.org\",\"@graph\":[{\"@type\":\"WebPage\",\"@id\":\"https:\/\/trocellen.com\/materials-technology\/converting\/\",\"url\":\"https:\/\/trocellen.com\/materials-technology\/converting\/\",\"name\":\"Transformacion - Trocellen, the European polyolefin foam solution provider\",\"isPartOf\":{\"@id\":\"https:\/\/trocellen.com\/#website\"},\"datePublished\":\"2025-04-29T08:17:34+00:00\",\"dateModified\":\"2025-10-10T10:45:35+00:00\",\"breadcrumb\":{\"@id\":\"https:\/\/trocellen.com\/materials-technology\/converting\/#breadcrumb\"},\"inLanguage\":\"es\",\"potentialAction\":[{\"@type\":\"ReadAction\",\"target\":[\"https:\/\/trocellen.com\/materials-technology\/converting\/\"]}]},{\"@type\":\"BreadcrumbList\",\"@id\":\"https:\/\/trocellen.com\/materials-technology\/converting\/#breadcrumb\",\"itemListElement\":[{\"@type\":\"ListItem\",\"position\":1,\"name\":\"Home\",\"item\":\"https:\/\/trocellen.com\/es\/\"},{\"@type\":\"ListItem\",\"position\":2,\"name\":\"Transformacion\"}]},{\"@type\":\"WebSite\",\"@id\":\"https:\/\/trocellen.com\/#website\",\"url\":\"https:\/\/trocellen.com\/\",\"name\":\"Trocellen, the European polyolefin foam solution provider\",\"description\":\"TROCELLEN\u00ae is a leading manufacturer of chemically and physically cross-linked polyolefin and rubber foam solutions\",\"potentialAction\":[{\"@type\":\"SearchAction\",\"target\":{\"@type\":\"EntryPoint\",\"urlTemplate\":\"https:\/\/trocellen.com\/?s={search_term_string}\"},\"query-input\":{\"@type\":\"PropertyValueSpecification\",\"valueRequired\":true,\"valueName\":\"search_term_string\"}}],\"inLanguage\":\"es\"}]}<\/script>\n<!-- \/ Yoast SEO plugin. -->","yoast_head_json":{"title":"Transformacion - Trocellen, the European polyolefin foam solution provider","robots":{"index":"index","follow":"follow","max-snippet":"max-snippet:-1","max-image-preview":"max-image-preview:large","max-video-preview":"max-video-preview:-1"},"canonical":"https:\/\/trocellen.com\/materials-technology\/converting\/","og_locale":"es_ES","og_type":"article","og_title":"Transformacion - Trocellen, the European polyolefin foam solution provider","og_url":"https:\/\/trocellen.com\/materials-technology\/converting\/","og_site_name":"Trocellen, the European polyolefin foam solution provider","article_modified_time":"2025-10-10T10:45:35+00:00","twitter_card":"summary_large_image","schema":{"@context":"https:\/\/schema.org","@graph":[{"@type":"WebPage","@id":"https:\/\/trocellen.com\/materials-technology\/converting\/","url":"https:\/\/trocellen.com\/materials-technology\/converting\/","name":"Transformacion - Trocellen, the European polyolefin foam solution provider","isPartOf":{"@id":"https:\/\/trocellen.com\/#website"},"datePublished":"2025-04-29T08:17:34+00:00","dateModified":"2025-10-10T10:45:35+00:00","breadcrumb":{"@id":"https:\/\/trocellen.com\/materials-technology\/converting\/#breadcrumb"},"inLanguage":"es","potentialAction":[{"@type":"ReadAction","target":["https:\/\/trocellen.com\/materials-technology\/converting\/"]}]},{"@type":"BreadcrumbList","@id":"https:\/\/trocellen.com\/materials-technology\/converting\/#breadcrumb","itemListElement":[{"@type":"ListItem","position":1,"name":"Home","item":"https:\/\/trocellen.com\/es\/"},{"@type":"ListItem","position":2,"name":"Transformacion"}]},{"@type":"WebSite","@id":"https:\/\/trocellen.com\/#website","url":"https:\/\/trocellen.com\/","name":"Trocellen, the European polyolefin foam solution provider","description":"TROCELLEN\u00ae is a leading manufacturer of chemically and physically cross-linked polyolefin and rubber foam solutions","potentialAction":[{"@type":"SearchAction","target":{"@type":"EntryPoint","urlTemplate":"https:\/\/trocellen.com\/?s={search_term_string}"},"query-input":{"@type":"PropertyValueSpecification","valueRequired":true,"valueName":"search_term_string"}}],"inLanguage":"es"}]}},"_links":{"self":[{"href":"https:\/\/trocellen.com\/es\/wp-json\/wp\/v2\/pages\/7444","targetHints":{"allow":["GET"]}}],"collection":[{"href":"https:\/\/trocellen.com\/es\/wp-json\/wp\/v2\/pages"}],"about":[{"href":"https:\/\/trocellen.com\/es\/wp-json\/wp\/v2\/types\/page"}],"author":[{"embeddable":true,"href":"https:\/\/trocellen.com\/es\/wp-json\/wp\/v2\/users\/1"}],"replies":[{"embeddable":true,"href":"https:\/\/trocellen.com\/es\/wp-json\/wp\/v2\/comments?post=7444"}],"version-history":[{"count":5,"href":"https:\/\/trocellen.com\/es\/wp-json\/wp\/v2\/pages\/7444\/revisions"}],"predecessor-version":[{"id":14066,"href":"https:\/\/trocellen.com\/es\/wp-json\/wp\/v2\/pages\/7444\/revisions\/14066"}],"up":[{"embeddable":true,"href":"https:\/\/trocellen.com\/es\/wp-json\/wp\/v2\/pages\/7420"}],"wp:attachment":[{"href":"https:\/\/trocellen.com\/es\/wp-json\/wp\/v2\/media?parent=7444"}],"curies":[{"name":"wp","href":"https:\/\/api.w.org\/{rel}","templated":true}]}}