{"id":7403,"date":"2025-04-29T08:17:20","date_gmt":"2025-04-29T08:17:20","guid":{"rendered":"https:\/\/trocellen-dev.local\/the-foam\/"},"modified":"2025-10-10T10:06:23","modified_gmt":"2025-10-10T10:06:23","slug":"espuma","status":"publish","type":"page","link":"https:\/\/trocellen.com\/es\/materiales-y-tecnologias\/espuma\/","title":{"rendered":"Espuma"},"content":{"rendered":"\n<div class=\"group relative bg-white h-[24px] laptop:h-[64px]\" aria-hidden=\"true\"><\/div>\n\n\n<div class=\"group relative bg-white h-[48px]\" aria-hidden=\"true\"><\/div>\n\n\n<section class=\"general-content text-[#131313]\">\n    <div class=\"container\">\n        <div>\n            <h3 class=\"text-center\">En nuestras plantas de fabricaci\u00f3n situadas en Alemania, Italia, Hungr\u00eda, Espa\u00f1a y Malaysia producimos espumas de poliolefina. Nuestros productos son usados en diferentes sectores como el de automoci\u00f3n, construcci\u00f3n y aislamiento, en el sector de deporte de ocio y profesional, cintas adhesivas, calzado y embalaje. <\/h3>\n\n            <p class=\"!font-bold text-center\">El hecho de estar presente en sectores muy heterog\u00e9neos es debido a que nuestras soluciones est\u00e1n basadas en unos sencillos principios: peso ligero, ecocompatibilidad, alta calidad, estabilidad y simplicidad.<\/p>        <\/div>\n    <\/div>\n<\/section>\n\n\n<div class=\"group relative bg-white h-[32px]\" aria-hidden=\"true\"><\/div>\n\n\n<div class=\"group relative bg-gray-200 h-[24px] laptop:h-[64px]\" aria-hidden=\"true\"><\/div>\n\n\n<section class=\"col-content bg-gray-200 \">\n    <div class=\"container\">\n        <div class=\"general-content\">\n            \n            <div class=\"flex flex-col tablet:flex-row gap-small items-start\">\n                <div class=\"flex-1 \">\n                    <h2>Uso y tipos de la espuma de polietileno<\/h2>\n                <\/div>\n\n                <div class=\"flex-1\">\n                    <p>Adem\u00e1s de las espumas de poliestireno y poliuretano, la espuma de polietileno es una de las espumas m\u00e1s utilizadas entre las espumas industriales. Sin embargo, frente a otras espumas industriales, como las espumas de poliestireno y la espuma polipropileno, por ejemplo, es accesible en numerosos dise\u00f1os (placa de polietileno, polietileno en rollo, papel espuma etc.). M\u00e1s precisamente se puede obtener y utilizarla de las siguientes formas:<\/p>\n<ul>\n<li>como rollos de polietileno, rollo de espuma de polietileno<\/li>\n<li>como placa de polietileno<\/li>\n<li>como rollo de espuma, film de espuma, papel espuma<\/li>\n<li>como material de aislamiento<\/li>\n<li>como equipaci\u00f3n deportiva<\/li>\n<li>como componente en automoci\u00f3n<\/li>\n<li>como material de embalaje<\/li>\n<li>espuma para embalaje, foam de polietileno, polifoam 1\/4<\/li>\n<li>e incluso en la industria del calzado.<\/li>\n<\/ul>\n                <\/div>\n            <\/div>\n\n        <\/div>\n    <\/div>\n<\/section>\n\n\n<div class=\"group relative bg-gray-200 h-[32px]\" aria-hidden=\"true\"><\/div>\n\n\n<div class=\"group relative bg-white h-[24px] laptop:h-[64px]\" aria-hidden=\"true\"><\/div>\n\n\n        <section>\n            <div class=\"container\">\n                <div class=\"general-content\">\n                    <h2>La espuma, la espumaci\u00f3n, las espumas industriales <\/h2>\n\n                    <div class=\"grid grid-cols-1 tablet:grid-cols-3 gap-default\">\n\n                        \n                        <div class=\"flex flex-col gap-default tablet:gap-medium text-center tablet:text-left\">\n                            <div>\n                                <img decoding=\"async\" class=\"mx-auto tablet:mx-0\" src=\"https:\/\/trocellen.com\/wp-content\/uploads\/2025\/05\/chemical-cross-link.png\" alt=\"\">\n                            <\/div>\n\n                            <h3>Espumas reticuladas qu\u00edmicamente<\/h3>\n                            <p>Fabricada horizontalmente con tecnolog\u00eda continua y discontinua Superficie resistente En muchos espesores y densidades<\/p>\n                        <\/div>\n\n                        \n                        <div class=\"flex flex-col gap-default tablet:gap-medium text-center tablet:text-left\">\n                            <div>\n                                <img decoding=\"async\" class=\"mx-auto tablet:mx-0\" src=\"https:\/\/trocellen.com\/wp-content\/uploads\/2025\/05\/physically-cross-linked.png\" alt=\"\">\n                            <\/div>\n\n                            <h3>Espumas reticuladas f\u00edsicamente<\/h3>\n                            <p>Reticulada mediante irradiaci\u00f3n f\u00edsica Fabricada con tecnolog\u00eda horizontal o vertical Estructura celular fina y superficie lisa formada Espuma de PP de alta resistencia al calor En mucha densidades dependiendo de la espumaci\u00f3n<\/p>\n                        <\/div>\n\n                        \n                        <div class=\"flex flex-col gap-default tablet:gap-medium text-center tablet:text-left\">\n                            <div>\n                                <img decoding=\"async\" class=\"mx-auto tablet:mx-0\" src=\"https:\/\/trocellen.com\/wp-content\/uploads\/2025\/05\/processing.png\" alt=\"\">\n                            <\/div>\n\n                            <h3>Procesado, espumaci\u00f3n y transformaci\u00f3n<\/h3>\n                            <p>Diferentes procesos de laminaci\u00f3n y espumaci\u00f3n Posibilidad de aplicar capa de autoadhesivo en la espuma polietileno Troquelado de la espuma polietileno Termoconformado Perforaci\u00f3n y grabado en caliente Expansi\u00f3n \u2013 espuma de polietileno expandido<\/p>\n                        <\/div>\n\n                        \n                    <\/div>\n                <\/div>\n            <\/div>\n        <\/section>\n\n\n\n\n<div class=\"group relative bg-white h-[24px] laptop:h-[64px]\" aria-hidden=\"true\"><\/div>\n\n\n<div class=\"group relative bg-gray-200 h-[24px] laptop:h-[64px]\" aria-hidden=\"true\"><\/div>\n\n\n<section class=\"col-content bg-gray-200 \">\n    <div class=\"container\">\n        <div class=\"general-content\">\n            \n            <div class=\"flex flex-col tablet:flex-col gap-small items-start\">\n                <div class=\"flex-1 w-full\">\n                    <h2>El significado de PE<\/h2>\n<p>PE es en realidad la abreviatura de polietileno (polyethylene). \u00bfQu\u00e9 se necesita saber sobre este material? Su f\u00f3rmula qu\u00edmica es (C2H4)n, es decir, es una sustancia basada en carbono e hidr\u00f3geno. La espuma de polietileno o polietileno espumado es un material s\u00f3lido de estructura de celdas cerradas y est\u00e1 espumado con gas. Cada fase gaseosa est\u00e1 separada por una capa, y estas forman las celdas, y como resultado el material espumado. La espuma de polietileno (foam de polietileno) se compone de estas celdas.<\/p>\n<p>El polietileno espumado es flexible y absorbe las vibraciones debido a la estructura de la espuma. Su grosor (4-500 mm) y densidad (aprox. 0,03 \u2013 0,2 g\/cm3) var\u00eda, es un material ligero (hasta 30 veces m\u00e1s ligero que el agua).<\/p>\n<p>La espuma de polietileno es respetuosa con el medio ambiente y la piel, e inofensiva para el organismo humano.<\/p>\n<p>El polietileno pertenece a la familia de las poliolefinas, como tambi\u00e9n lo es el polipropileno.<\/p>\n                <\/div>\n\n                <div class=\"flex-1\">\n                                    <\/div>\n            <\/div>\n\n        <\/div>\n    <\/div>\n<\/section>\n\n\n<div class=\"group relative bg-gray-200 h-[32px]\" aria-hidden=\"true\"><\/div>\n\n\n<div class=\"group relative bg-white h-[24px] laptop:h-[64px]\" aria-hidden=\"true\"><\/div>\n\n\n<section class=\"col-content bg-white \">\n    <div class=\"container\">\n        <div class=\"general-content\">\n            \n            <div class=\"flex flex-col tablet:flex-row gap-small items-start\">\n                <div class=\"flex-1 \">\n                    <h2>Espuma de polietileno extruido (de celdas gruesas, blanca)<\/h2>\n<h3>Uso: como material de embalaje, placa de polietileno, rollo de polietileno, rollo de espuma de polietileno, foam de polietileno, polifoam 1\/4, film de espuma, espuma plastica, papel espuma<\/h3>\n                <\/div>\n\n                <div class=\"flex-1\">\n                    <p>Un tipo de espuma que se utiliza principalmente como material de embalaje y es reciclable. Es un material muy ligero pero duradero que protege las superficies envueltas. Existen versiones sopladas y laminadas. Espuma polietileno de celda cerrada pero no reticulada.<\/p>\n                <\/div>\n            <\/div>\n\n        <\/div>\n    <\/div>\n<\/section>\n\n\n<div class=\"group relative bg-white h-[32px]\" aria-hidden=\"true\"><\/div>\n\n\n<div class=\"group relative bg-gray-200 h-[24px] laptop:h-[64px]\" aria-hidden=\"true\"><\/div>\n\n\n<section class=\"col-content bg-gray-200 \">\n    <div class=\"container\">\n        <div class=\"general-content\">\n            \n            <div class=\"flex flex-col tablet:flex-col gap-small items-start\">\n                <div class=\"flex-1 w-full\">\n                    <h2>Espuma de polietileno reticulado<\/h2>\n<p>Las espumas qu\u00edmicas y f\u00edsicamente reticuladas forman una superficie resistente. Una espuma polietileno reticulada significa que durante el proceso de reticulaci\u00f3n, las mol\u00e9culas se conectan mediante enlaces qu\u00edmicos, formando a partir de las cadenas de carbono lineal una estructura ramificada y tridimensional, formando una estructura m\u00e1s resistente y duradera. La estructura celular es m\u00e1s peque\u00f1a y confiere a\u00fan mayor estabilidad al material.<\/p>\n<p>Tambi\u00e9n est\u00e1 disponible en versiones con retardantes de llama y conductoras: la espuma de polietileno reticulado se utiliza mucho m\u00e1s amplia que la espuma de polietileno extruida. Esto tambi\u00e9n se debe al hecho de que resiste mejor las condiciones clim\u00e1ticas, no entra en reacci\u00f3n con la mayor\u00eda de los productos qu\u00edmicos y no permite pasar la humedad. De esta manera puede usarse como material aislante muy duradero, ya que tampoco es consumida por insectos ni roedores. Su efecto amortiguador de vibraciones es particularmente alto.<\/p>\n<p>Uso:<\/p>\n<ul>\n<li>como material aislante en la industria automotriz, ingenier\u00eda mec\u00e1nica y en construcci\u00f3n (debido a su buen efecto de aislamiento t\u00e9rmico, ac\u00fastico y de impermeabilizaci\u00f3n)<\/li>\n<li>Por su efecto amortiguador y absorbente de vibraciones, tambi\u00e9n se utiliza para fabricar colchones, rollo polietileno, espuma plastica, rollo de espuma, espuma para embalaje, film de espuma y suelas de zapatos<\/li>\n<\/ul>\n                <\/div>\n\n                <div class=\"flex-1\">\n                                    <\/div>\n            <\/div>\n\n        <\/div>\n    <\/div>\n<\/section>\n\n\n<div class=\"group relative bg-gray-200 h-[32px]\" aria-hidden=\"true\"><\/div>\n\n\n<div class=\"group relative bg-white h-[24px] laptop:h-[64px]\" aria-hidden=\"true\"><\/div>\n\n\n<section class=\"col-content bg-white \">\n    <div class=\"container\">\n        <div class=\"general-content\">\n            \n            <div class=\"flex flex-col tablet:flex-row gap-small items-start\">\n                <div class=\"flex-1 \">\n                    <h2>Espuma de polietileno reticulado de base biol\u00f3gica<\/h2>\n                <\/div>\n\n                <div class=\"flex-1\">\n                    <p>TR-EECell\u00a0es una espuma de polietileno reticulado de base biol\u00f3gica, que se fabrica casi en su totalidad de materia prima obtenida a partir de biomasa (ca\u00f1a de az\u00facar). Las ventajas de la tecnolog\u00eda de la espuma de polietileno reticulado son que:<\/p>\n<ul>\n<li>su producci\u00f3n es ecol\u00f3gica<\/li>\n<li>es de alto rendimiento<\/li>\n<li>vers\u00e1til: sus aplicaciones son las mismas que las de la espuma de PE tradicional.<\/li>\n<\/ul>\n                <\/div>\n            <\/div>\n\n        <\/div>\n    <\/div>\n<\/section>\n\n\n<div class=\"group relative bg-white h-[32px]\" aria-hidden=\"true\"><\/div>\n\n\n<div class=\"group relative bg-gray-200 h-[24px] laptop:h-[64px]\" aria-hidden=\"true\"><\/div>\n\n\n<section class=\"col-content bg-gray-200 \">\n    <div class=\"container\">\n        <div class=\"general-content\">\n            \n            <div class=\"flex flex-col tablet:flex-row gap-small items-start\">\n                <div class=\"flex-1 \">\n                    <h2>La espuma polietileno que nosotros producimos<\/h2>\n                <\/div>\n\n                <div class=\"flex-1\">\n                    <p>En nuestras plantas encontradas en Alemania, Italia, Hungr\u00eda, Espa\u00f1a y Malasia y los fabricantes de espuma de poliuretano en Mexico, producimos espumas industriales de poliolefina. Nuestras espumas industriales se utilizan en diversas ramas industriales como la industria de la automoci\u00f3n, construcci\u00f3n y aislamiento, la producci\u00f3n de equipamiento deportivo profesional y de ocio, la producci\u00f3n de espumas autoadhesivas, y en las industrias de calzado y de embalajes.<\/p>\n<p>Aunque trabajamos en \u00e1reas tan diversas, todas nuestras soluciones se basan en los mismos principios: productos extra ligeros, procesos ecol\u00f3gicos, alta calidad, rendimiento constante y sencillez.<\/p>\n                <\/div>\n            <\/div>\n\n        <\/div>\n    <\/div>\n<\/section>\n\n\n<div class=\"group relative bg-gray-200 h-[32px]\" aria-hidden=\"true\"><\/div>\n\n\n<div class=\"group relative bg-white h-[24px] laptop:h-[64px]\" aria-hidden=\"true\"><\/div>\n\n\n<section class=\"col-content bg-white \">\n    <div class=\"container\">\n        <div class=\"general-content\">\n            \n            <div class=\"flex flex-col tablet:flex-row gap-small items-start\">\n                <div class=\"flex-1 \">\n                    <h2>El precio de la espuma de polietileno<\/h2>\n                <\/div>\n\n                <div class=\"flex-1\">\n                    <p>El precio de la espuma del polietileno depende de los siguientes factores:<\/p>\n<ul>\n<li>el espesor del polietileno espumado<\/li>\n<li>la densidad del polietileno espumado<\/li>\n<li>la forma y el tama\u00f1o del polietileno espumado<\/li>\n<li>si es autoadhesivo o no autoadhesivo<\/li>\n<li>resistencia al fuego del polietileno espumado<\/li>\n<li>color<\/li>\n<\/ul>\n                <\/div>\n            <\/div>\n\n        <\/div>\n    <\/div>\n<\/section>\n\n\n<div class=\"group relative bg-white h-[32px]\" aria-hidden=\"true\"><\/div>","protected":false},"excerpt":{"rendered":"","protected":false},"author":1,"featured_media":0,"parent":7420,"menu_order":0,"comment_status":"closed","ping_status":"closed","template":"template-parts\/page-general.php","meta":{"_acf_changed":false,"footnotes":""},"class_list":["post-7403","page","type-page","status-publish","hentry"],"acf":[],"yoast_head":"<!-- This site is optimized with the Yoast SEO plugin v25.9 - https:\/\/yoast.com\/wordpress\/plugins\/seo\/ -->\n<title>Espuma - Trocellen, the European polyolefin foam solution provider<\/title>\n<meta name=\"robots\" content=\"index, follow, max-snippet:-1, max-image-preview:large, max-video-preview:-1\" \/>\n<link rel=\"canonical\" href=\"https:\/\/trocellen.com\/materials-technology\/the-foam\/\" \/>\n<meta property=\"og:locale\" content=\"es_ES\" \/>\n<meta property=\"og:type\" content=\"article\" \/>\n<meta property=\"og:title\" content=\"Espuma - Trocellen, the European polyolefin foam solution provider\" \/>\n<meta property=\"og:url\" content=\"https:\/\/trocellen.com\/materials-technology\/the-foam\/\" \/>\n<meta property=\"og:site_name\" content=\"Trocellen, the European polyolefin foam solution provider\" \/>\n<meta property=\"article:modified_time\" content=\"2025-10-10T10:06:23+00:00\" \/>\n<meta name=\"twitter:card\" content=\"summary_large_image\" \/>\n<script type=\"application\/ld+json\" class=\"yoast-schema-graph\">{\"@context\":\"https:\/\/schema.org\",\"@graph\":[{\"@type\":\"WebPage\",\"@id\":\"https:\/\/trocellen.com\/materials-technology\/the-foam\/\",\"url\":\"https:\/\/trocellen.com\/materials-technology\/the-foam\/\",\"name\":\"Espuma - Trocellen, the European polyolefin foam solution provider\",\"isPartOf\":{\"@id\":\"https:\/\/trocellen.com\/#website\"},\"datePublished\":\"2025-04-29T08:17:20+00:00\",\"dateModified\":\"2025-10-10T10:06:23+00:00\",\"breadcrumb\":{\"@id\":\"https:\/\/trocellen.com\/materials-technology\/the-foam\/#breadcrumb\"},\"inLanguage\":\"es\",\"potentialAction\":[{\"@type\":\"ReadAction\",\"target\":[\"https:\/\/trocellen.com\/materials-technology\/the-foam\/\"]}]},{\"@type\":\"BreadcrumbList\",\"@id\":\"https:\/\/trocellen.com\/materials-technology\/the-foam\/#breadcrumb\",\"itemListElement\":[{\"@type\":\"ListItem\",\"position\":1,\"name\":\"Home\",\"item\":\"https:\/\/trocellen.com\/es\/\"},{\"@type\":\"ListItem\",\"position\":2,\"name\":\"Espuma\"}]},{\"@type\":\"WebSite\",\"@id\":\"https:\/\/trocellen.com\/#website\",\"url\":\"https:\/\/trocellen.com\/\",\"name\":\"Trocellen, the European polyolefin foam solution provider\",\"description\":\"TROCELLEN\u00ae is a leading manufacturer of chemically and physically cross-linked polyolefin and rubber foam solutions\",\"potentialAction\":[{\"@type\":\"SearchAction\",\"target\":{\"@type\":\"EntryPoint\",\"urlTemplate\":\"https:\/\/trocellen.com\/?s={search_term_string}\"},\"query-input\":{\"@type\":\"PropertyValueSpecification\",\"valueRequired\":true,\"valueName\":\"search_term_string\"}}],\"inLanguage\":\"es\"}]}<\/script>\n<!-- \/ Yoast SEO plugin. -->","yoast_head_json":{"title":"Espuma - Trocellen, the European polyolefin foam solution provider","robots":{"index":"index","follow":"follow","max-snippet":"max-snippet:-1","max-image-preview":"max-image-preview:large","max-video-preview":"max-video-preview:-1"},"canonical":"https:\/\/trocellen.com\/materials-technology\/the-foam\/","og_locale":"es_ES","og_type":"article","og_title":"Espuma - Trocellen, the European polyolefin foam solution provider","og_url":"https:\/\/trocellen.com\/materials-technology\/the-foam\/","og_site_name":"Trocellen, the European polyolefin foam solution provider","article_modified_time":"2025-10-10T10:06:23+00:00","twitter_card":"summary_large_image","schema":{"@context":"https:\/\/schema.org","@graph":[{"@type":"WebPage","@id":"https:\/\/trocellen.com\/materials-technology\/the-foam\/","url":"https:\/\/trocellen.com\/materials-technology\/the-foam\/","name":"Espuma - Trocellen, the European polyolefin foam solution provider","isPartOf":{"@id":"https:\/\/trocellen.com\/#website"},"datePublished":"2025-04-29T08:17:20+00:00","dateModified":"2025-10-10T10:06:23+00:00","breadcrumb":{"@id":"https:\/\/trocellen.com\/materials-technology\/the-foam\/#breadcrumb"},"inLanguage":"es","potentialAction":[{"@type":"ReadAction","target":["https:\/\/trocellen.com\/materials-technology\/the-foam\/"]}]},{"@type":"BreadcrumbList","@id":"https:\/\/trocellen.com\/materials-technology\/the-foam\/#breadcrumb","itemListElement":[{"@type":"ListItem","position":1,"name":"Home","item":"https:\/\/trocellen.com\/es\/"},{"@type":"ListItem","position":2,"name":"Espuma"}]},{"@type":"WebSite","@id":"https:\/\/trocellen.com\/#website","url":"https:\/\/trocellen.com\/","name":"Trocellen, the European polyolefin foam solution provider","description":"TROCELLEN\u00ae is a leading manufacturer of chemically and physically cross-linked polyolefin and rubber foam solutions","potentialAction":[{"@type":"SearchAction","target":{"@type":"EntryPoint","urlTemplate":"https:\/\/trocellen.com\/?s={search_term_string}"},"query-input":{"@type":"PropertyValueSpecification","valueRequired":true,"valueName":"search_term_string"}}],"inLanguage":"es"}]}},"_links":{"self":[{"href":"https:\/\/trocellen.com\/es\/wp-json\/wp\/v2\/pages\/7403","targetHints":{"allow":["GET"]}}],"collection":[{"href":"https:\/\/trocellen.com\/es\/wp-json\/wp\/v2\/pages"}],"about":[{"href":"https:\/\/trocellen.com\/es\/wp-json\/wp\/v2\/types\/page"}],"author":[{"embeddable":true,"href":"https:\/\/trocellen.com\/es\/wp-json\/wp\/v2\/users\/1"}],"replies":[{"embeddable":true,"href":"https:\/\/trocellen.com\/es\/wp-json\/wp\/v2\/comments?post=7403"}],"version-history":[{"count":5,"href":"https:\/\/trocellen.com\/es\/wp-json\/wp\/v2\/pages\/7403\/revisions"}],"predecessor-version":[{"id":14026,"href":"https:\/\/trocellen.com\/es\/wp-json\/wp\/v2\/pages\/7403\/revisions\/14026"}],"up":[{"embeddable":true,"href":"https:\/\/trocellen.com\/es\/wp-json\/wp\/v2\/pages\/7420"}],"wp:attachment":[{"href":"https:\/\/trocellen.com\/es\/wp-json\/wp\/v2\/media?parent=7403"}],"curies":[{"name":"wp","href":"https:\/\/api.w.org\/{rel}","templated":true}]}}