{"id":7351,"date":"2025-04-29T07:37:37","date_gmt":"2025-04-29T07:37:37","guid":{"rendered":"https:\/\/trocellen-dev.local\/sobre-trocellen\/trocellen-method\/"},"modified":"2025-10-21T13:11:15","modified_gmt":"2025-10-21T13:11:15","slug":"metodo-trocellen","status":"publish","type":"page","link":"https:\/\/trocellen.com\/es\/sobre-trocellen\/metodo-trocellen\/","title":{"rendered":"M\u00e9todo Trocellen"},"content":{"rendered":"\n<div class=\"group relative bg-white h-[32px]\" aria-hidden=\"true\"><\/div>\n\n\n<section class=\"general-content text-[#131313]\">\n    <div class=\"container\">\n        <div>\n            <h3 class=\"text-center\">El M\u00c9TODO TROCELLEN es el acercamiento \u00fanico de Trocellen para abarcar el proceso entero de creaci\u00f3n de valor, desde el dise\u00f1o de materiales hasta productos y soluciones complejas, creando valor para la industria, nuestros socios y los usuarios finales. <\/h3>\n\n                    <\/div>\n    <\/div>\n<\/section>\n\n\n<div class=\"group relative bg-white h-[32px]\" aria-hidden=\"true\"><\/div>\n\n\n<div class=\"group relative bg-gray-200 h-[24px] laptop:h-[64px]\" aria-hidden=\"true\"><\/div>\n\n\n<section class=\"col-content bg-gray-200 \">\n    <div class=\"container\">\n        <div class=\"general-content\">\n            \n            <div class=\"flex flex-col tablet:flex-row gap-small items-start\">\n                <div class=\"flex-1 \">\n                    <p>Trocellen es mucho m\u00e1s que un simple fabricante de espuma y materia prima. Aunque est\u00e1 conectado con la espuma y sus tecnolog\u00edas, los pilares de la actividad de Trocellen incluyen una s\u00f3lida experiencia industrial y comercial a largo plazo, asociaciones establecidas, competencias de dise\u00f1o y desarrollo, procesos eficaces, y la capacidad de aprender y evolucionar.<\/p>\n<p><iframe loading=\"lazy\" width=\"7022\" height=\"316\" src=\"https:\/\/www.youtube.com\/embed\/e93ZGLHgbvc?si=FUQelZ30Xf8g90Ve\" title=\"YouTube video player\" frameborder=\"0\" allow=\"accelerometer; autoplay; clipboard-write; encrypted-media; gyroscope; picture-in-picture; web-share\" referrerpolicy=\"strict-origin-when-cross-origin\" allowfullscreen><\/iframe><\/p>\n                <\/div>\n\n                <div class=\"flex-1\">\n                    <h3>\u00bfPor qu\u00e9 son nuestras soluciones a base de espuma tan \u00fanicas en el mercado?<\/h3>\n<ul class=\"wp-block-list\">\n<li>Proceso eficaz a partir de las necesidades, concluyendo en productos y soluciones listos para usar\/aplicar,<\/li>\n<li>Amplioconocimiento acerca de la espuma misma, capacidad de dar forma a la soluci\u00f3n final incluso bajando a los niveles de las mol\u00e9culas,<\/li>\n<li>Amplia gama de desarrollo, fabricaci\u00f3n y conversi\u00f3n de know-how, capacidades y habilidades,<\/li>\n<li>Profundo conocimiento y valiosos conocimientos de varias industrias,<\/li>\n<li>Confiabilidad y confianza \u2013 nuestrossocios pueden contar con nosotros, tenemos una relaci\u00f3nprofunda y s\u00f3lida con ellos,<\/li>\n<li>Cooperaci\u00f3n fruct\u00edfera a largo plazo, basada en el pensamiento y trabajo en com\u00fan para lograr soluciones excelentes,<\/li>\n<li>Servicios profesionales,<\/li>\n<li>Solucionesverdaderas para las necesidades de nuestros sociosy nuestras industrias.<\/li>\n<\/ul>\n                <\/div>\n            <\/div>\n\n        <\/div>\n    <\/div>\n<\/section>\n\n\n<div class=\"group relative bg-gray-200 h-[24px] laptop:h-[64px]\" aria-hidden=\"true\"><\/div>","protected":false},"excerpt":{"rendered":"","protected":false},"author":1,"featured_media":0,"parent":6781,"menu_order":0,"comment_status":"closed","ping_status":"closed","template":"template-parts\/page-general.php","meta":{"_acf_changed":false,"footnotes":""},"class_list":["post-7351","page","type-page","status-publish","hentry"],"acf":[],"yoast_head":"<!-- This site is optimized with the Yoast SEO plugin v25.9 - https:\/\/yoast.com\/wordpress\/plugins\/seo\/ -->\n<title>M\u00e9todo Trocellen - Trocellen, the European polyolefin foam solution provider<\/title>\n<meta name=\"robots\" content=\"index, follow, max-snippet:-1, max-image-preview:large, max-video-preview:-1\" \/>\n<link rel=\"canonical\" href=\"https:\/\/trocellen.com\/about-trocellen\/trocellen-method\/\" \/>\n<meta property=\"og:locale\" content=\"es_ES\" \/>\n<meta property=\"og:type\" content=\"article\" \/>\n<meta property=\"og:title\" content=\"M\u00e9todo Trocellen - Trocellen, the European polyolefin foam solution provider\" \/>\n<meta property=\"og:url\" content=\"https:\/\/trocellen.com\/about-trocellen\/trocellen-method\/\" \/>\n<meta property=\"og:site_name\" content=\"Trocellen, the European polyolefin foam solution provider\" \/>\n<meta property=\"article:modified_time\" content=\"2025-10-21T13:11:15+00:00\" \/>\n<meta name=\"twitter:card\" content=\"summary_large_image\" \/>\n<script type=\"application\/ld+json\" class=\"yoast-schema-graph\">{\"@context\":\"https:\/\/schema.org\",\"@graph\":[{\"@type\":\"WebPage\",\"@id\":\"https:\/\/trocellen.com\/about-trocellen\/trocellen-method\/\",\"url\":\"https:\/\/trocellen.com\/about-trocellen\/trocellen-method\/\",\"name\":\"M\u00e9todo Trocellen - Trocellen, the European polyolefin foam solution provider\",\"isPartOf\":{\"@id\":\"https:\/\/trocellen.com\/#website\"},\"datePublished\":\"2025-04-29T07:37:37+00:00\",\"dateModified\":\"2025-10-21T13:11:15+00:00\",\"breadcrumb\":{\"@id\":\"https:\/\/trocellen.com\/about-trocellen\/trocellen-method\/#breadcrumb\"},\"inLanguage\":\"es\",\"potentialAction\":[{\"@type\":\"ReadAction\",\"target\":[\"https:\/\/trocellen.com\/about-trocellen\/trocellen-method\/\"]}]},{\"@type\":\"BreadcrumbList\",\"@id\":\"https:\/\/trocellen.com\/about-trocellen\/trocellen-method\/#breadcrumb\",\"itemListElement\":[{\"@type\":\"ListItem\",\"position\":1,\"name\":\"Home\",\"item\":\"https:\/\/trocellen.com\/es\/\"},{\"@type\":\"ListItem\",\"position\":2,\"name\":\"M\u00e9todo Trocellen\"}]},{\"@type\":\"WebSite\",\"@id\":\"https:\/\/trocellen.com\/#website\",\"url\":\"https:\/\/trocellen.com\/\",\"name\":\"Trocellen, the European polyolefin foam solution provider\",\"description\":\"TROCELLEN\u00ae is a leading manufacturer of chemically and physically cross-linked polyolefin and rubber foam solutions\",\"potentialAction\":[{\"@type\":\"SearchAction\",\"target\":{\"@type\":\"EntryPoint\",\"urlTemplate\":\"https:\/\/trocellen.com\/?s={search_term_string}\"},\"query-input\":{\"@type\":\"PropertyValueSpecification\",\"valueRequired\":true,\"valueName\":\"search_term_string\"}}],\"inLanguage\":\"es\"}]}<\/script>\n<!-- \/ Yoast SEO plugin. -->","yoast_head_json":{"title":"M\u00e9todo Trocellen - Trocellen, the European polyolefin foam solution provider","robots":{"index":"index","follow":"follow","max-snippet":"max-snippet:-1","max-image-preview":"max-image-preview:large","max-video-preview":"max-video-preview:-1"},"canonical":"https:\/\/trocellen.com\/about-trocellen\/trocellen-method\/","og_locale":"es_ES","og_type":"article","og_title":"M\u00e9todo Trocellen - Trocellen, the European polyolefin foam solution provider","og_url":"https:\/\/trocellen.com\/about-trocellen\/trocellen-method\/","og_site_name":"Trocellen, the European polyolefin foam solution provider","article_modified_time":"2025-10-21T13:11:15+00:00","twitter_card":"summary_large_image","schema":{"@context":"https:\/\/schema.org","@graph":[{"@type":"WebPage","@id":"https:\/\/trocellen.com\/about-trocellen\/trocellen-method\/","url":"https:\/\/trocellen.com\/about-trocellen\/trocellen-method\/","name":"M\u00e9todo Trocellen - Trocellen, the European polyolefin foam solution provider","isPartOf":{"@id":"https:\/\/trocellen.com\/#website"},"datePublished":"2025-04-29T07:37:37+00:00","dateModified":"2025-10-21T13:11:15+00:00","breadcrumb":{"@id":"https:\/\/trocellen.com\/about-trocellen\/trocellen-method\/#breadcrumb"},"inLanguage":"es","potentialAction":[{"@type":"ReadAction","target":["https:\/\/trocellen.com\/about-trocellen\/trocellen-method\/"]}]},{"@type":"BreadcrumbList","@id":"https:\/\/trocellen.com\/about-trocellen\/trocellen-method\/#breadcrumb","itemListElement":[{"@type":"ListItem","position":1,"name":"Home","item":"https:\/\/trocellen.com\/es\/"},{"@type":"ListItem","position":2,"name":"M\u00e9todo Trocellen"}]},{"@type":"WebSite","@id":"https:\/\/trocellen.com\/#website","url":"https:\/\/trocellen.com\/","name":"Trocellen, the European polyolefin foam solution provider","description":"TROCELLEN\u00ae is a leading manufacturer of chemically and physically cross-linked polyolefin and rubber foam solutions","potentialAction":[{"@type":"SearchAction","target":{"@type":"EntryPoint","urlTemplate":"https:\/\/trocellen.com\/?s={search_term_string}"},"query-input":{"@type":"PropertyValueSpecification","valueRequired":true,"valueName":"search_term_string"}}],"inLanguage":"es"}]}},"_links":{"self":[{"href":"https:\/\/trocellen.com\/es\/wp-json\/wp\/v2\/pages\/7351","targetHints":{"allow":["GET"]}}],"collection":[{"href":"https:\/\/trocellen.com\/es\/wp-json\/wp\/v2\/pages"}],"about":[{"href":"https:\/\/trocellen.com\/es\/wp-json\/wp\/v2\/types\/page"}],"author":[{"embeddable":true,"href":"https:\/\/trocellen.com\/es\/wp-json\/wp\/v2\/users\/1"}],"replies":[{"embeddable":true,"href":"https:\/\/trocellen.com\/es\/wp-json\/wp\/v2\/comments?post=7351"}],"version-history":[{"count":5,"href":"https:\/\/trocellen.com\/es\/wp-json\/wp\/v2\/pages\/7351\/revisions"}],"predecessor-version":[{"id":14588,"href":"https:\/\/trocellen.com\/es\/wp-json\/wp\/v2\/pages\/7351\/revisions\/14588"}],"up":[{"embeddable":true,"href":"https:\/\/trocellen.com\/es\/wp-json\/wp\/v2\/pages\/6781"}],"wp:attachment":[{"href":"https:\/\/trocellen.com\/es\/wp-json\/wp\/v2\/media?parent=7351"}],"curies":[{"name":"wp","href":"https:\/\/api.w.org\/{rel}","templated":true}]}}