{"id":7329,"date":"2025-04-29T07:38:28","date_gmt":"2025-04-29T07:38:28","guid":{"rendered":"https:\/\/trocellen-dev.local\/sobre-trocellen\/history\/"},"modified":"2025-10-10T09:49:47","modified_gmt":"2025-10-10T09:49:47","slug":"historia","status":"publish","type":"page","link":"https:\/\/trocellen.com\/es\/sobre-trocellen\/historia\/","title":{"rendered":"Historia"},"content":{"rendered":"\n<div class=\"group relative bg-gray-200 h-[24px] laptop:h-[64px]\" aria-hidden=\"true\"><\/div>\n\n\n<section class=\"col-content bg-gray-200 \">\n    <div class=\"container\">\n        <div class=\"general-content\">\n            \n            <div class=\"flex flex-col tablet:flex-row gap-small items-start\">\n                <div class=\"flex-1 \">\n                    <h2>De 1972 hasta el presente<\/h2>\n                <\/div>\n\n                <div class=\"flex-1\">\n                    <p>Trocellen fue fundada como nueva una empresa y marca de Dynamit Nobel y HT Troplast. El nombre y los productos r\u00e1pidamente conllevaron una reputaci\u00f3n firme y Trocellen en poco tiempo lleg\u00f3 a ser una marca de \u00e9xito de la empresa. Con sedes en Troisdorf, Alemania, la empresa en continua evoluci\u00f3n y transformaci\u00f3n desde aquel entonces ha abierto y adquirido varias plantas de producci\u00f3n en Alemania, Italia, Espa\u00f1a, Hungr\u00eda, y Malasia.<\/p>\n                <\/div>\n            <\/div>\n\n        <\/div>\n    <\/div>\n<\/section>\n\n\n<div class=\"group relative bg-gray-200 h-[24px] laptop:h-[64px]\" aria-hidden=\"true\"><\/div>\n\n\n<div class=\"group relative bg-white h-[24px] laptop:h-[64px]\" aria-hidden=\"true\"><\/div>\n\n\n        <section class=\"flex justify-center\" id=\"timeline\">\n            <div class=\"container relative max-w-2xl w-full\">\n                <div class=\"timeline-gradient absolute tablet:left-1\/2 -translate-x-1\/2 w-[2px] h-[95%]\"><\/div>\n\n                                \n                <div class=\"general-content timeline-item flex flex-col tablet:flex-row items-start relative pb-[4rem]\">\n                    <div class=\"timeline-text w-full tablet:w-1\/2 order-2 tablet:order-1\">\n\n                        \n                            <p class=\"last:mb-0 pl-[2rem] text-left\">Apertura de dos nuevas plantas de fabricaci\u00f3n y transformaci\u00f3n en Hungr\u00eda. El centro de Dunaharaszti est\u00e1 completamente dedicado a las soluciones de transformaci\u00f3n en automoci\u00f3n, mientras que el centro de Dabas permite diversificar la producci\u00f3n de la gama de productos deportivos y de fitness.<\/p> \n\n                                            <\/div>\n\n                    <div class=\"timeline-dot w-[2rem] h-[2rem] rounded-full absolute tablet:left-1\/2 transform -translate-x-1\/2\"><\/div>\n\n                    <div class=\"timeline-date right w-1\/2 order-1 tablet:order-2 pb-[3px] tablet:pb-0\">\n                        <h4 class=\"!pb-0\">2021<\/h4>\n                    <\/div>\n                <\/div>\n\n                                \n                <div class=\"general-content timeline-item flex flex-col tablet:flex-row items-start relative pb-[4rem]\">\n                    <div class=\"timeline-text w-full tablet:w-1\/2 order-2 tablet:order-1\">\n\n                        \n                            <p class=\"last:mb-0 pl-[2rem] text-left\">Como resultado de una continua actividad de desarrollo, Trocellen ha lanzado su primera marca ecol\u00f3gica: TR-EECell. El nuevo material certificado es una espuma de polietileno reticulado de base biol\u00f3gica, producida con materias primas derivadas de la biomasa de ca\u00f1a de az\u00facar. La gama de productos de espuma Trocellen TR-EECell ha obtenido con \u00e9xito la certificaci\u00f3n de base biol\u00f3gica de DIN CERTCO.<\/p> \n\n                                            <\/div>\n\n                    <div class=\"timeline-dot w-[2rem] h-[2rem] rounded-full absolute tablet:left-1\/2 transform -translate-x-1\/2\"><\/div>\n\n                    <div class=\"timeline-date right w-1\/2 order-1 tablet:order-2 pb-[3px] tablet:pb-0\">\n                        <h4 class=\"!pb-0\">2018<\/h4>\n                    <\/div>\n                <\/div>\n\n                                \n                <div class=\"general-content timeline-item flex flex-col tablet:flex-row items-start relative pb-[4rem]\">\n                    <div class=\"timeline-text w-full tablet:w-1\/2 order-2 tablet:order-1\">\n\n                        \n                            <p class=\"last:mb-0 pl-[2rem] text-left\">Furukawa se convierte en el due\u00f1o al 100% de Trocellen GmH, manteni\u00e9dose Otsuka como el socio mayoritario en Trocellen Ib\u00e9rica. Esto ha abierto el horizonte para todos pudi\u00e9ndose explotar todo el potencial de innovaci\u00f3n y cooperaci\u00f3n en el negocio.<\/p> \n\n                                            <\/div>\n\n                    <div class=\"timeline-dot w-[2rem] h-[2rem] rounded-full absolute tablet:left-1\/2 transform -translate-x-1\/2\"><\/div>\n\n                    <div class=\"timeline-date right w-1\/2 order-1 tablet:order-2 pb-[3px] tablet:pb-0\">\n                        <h4 class=\"!pb-0\">2014<\/h4>\n                    <\/div>\n                <\/div>\n\n                                \n                <div class=\"general-content timeline-item flex flex-col tablet:flex-row items-start relative pb-[4rem]\">\n                    <div class=\"timeline-text w-full tablet:w-1\/2 order-2 tablet:order-1\">\n\n                        \n                            <p class=\"last:mb-0 pl-[2rem] text-left\">Trocellen reestructur\u00f3 sus organizaciones y redefini\u00f3 su estrategia de mercado. Metimos las exigencias de nuestros clientes en el centro de todo lo que hacemos. La nueva organizaci\u00f3n basada en unidades de negocio ha permitido a Trocellen responder eficazmente a las demandas del mercado a trav\u00e9s de unos mejores an\u00e1lisis de las exigencias y una vigilancia constante construyendo de esta forma relaciones comerciales duraderas.<\/p> \n\n                                            <\/div>\n\n                    <div class=\"timeline-dot w-[2rem] h-[2rem] rounded-full absolute tablet:left-1\/2 transform -translate-x-1\/2\"><\/div>\n\n                    <div class=\"timeline-date right w-1\/2 order-1 tablet:order-2 pb-[3px] tablet:pb-0\">\n                        <h4 class=\"!pb-0\">2011<\/h4>\n                    <\/div>\n                <\/div>\n\n                                \n                <div class=\"general-content timeline-item flex flex-col tablet:flex-row items-start relative pb-[4rem]\">\n                    <div class=\"timeline-text w-full tablet:w-1\/2 order-2 tablet:order-1\">\n\n                        \n                            <p class=\"last:mb-0 pl-[2rem] text-left\">Tras varias adquisiciones y fusiones en Europa Trocellen extendi\u00f3 su propia producci\u00f3n y desarrolla paso a paso su propia capacidad productiva. Adquiriendo Polifoam, la empresa h\u00fangaro-japonesa fundada en 1984, Trocellen se convierte tambi\u00e9n en el fabricante preferido de espumas de polietileno reticulado en el mercado de Europa Central y Oriental.<\/p> \n\n                                            <\/div>\n\n                    <div class=\"timeline-dot w-[2rem] h-[2rem] rounded-full absolute tablet:left-1\/2 transform -translate-x-1\/2\"><\/div>\n\n                    <div class=\"timeline-date right w-1\/2 order-1 tablet:order-2 pb-[3px] tablet:pb-0\">\n                        <h4 class=\"!pb-0\">2006-2010<\/h4>\n                    <\/div>\n                <\/div>\n\n                                \n                <div class=\"general-content timeline-item flex flex-col tablet:flex-row items-start relative pb-[4rem]\">\n                    <div class=\"timeline-text w-full tablet:w-1\/2 order-2 tablet:order-1\">\n\n                        \n                            <p class=\"last:mb-0 pl-[2rem] text-left\">El siguiente paso importante en la historia de la empresa tuvo lugar en 2005 con la adquisici\u00f3n de Trocellen por parte de las empresas japonesas Furukawa Electric Co. Ltd. y Otsuka Chemical Co. Ltd. El excelente conocimiento t\u00e9cnico en la industria de espumas de los nuevos propietarios fortaleci\u00f3 a\u00fan m\u00e1s el fondo tecnol\u00f3gico e innovador de Trocellen.<\/p> \n\n                                            <\/div>\n\n                    <div class=\"timeline-dot w-[2rem] h-[2rem] rounded-full absolute tablet:left-1\/2 transform -translate-x-1\/2\"><\/div>\n\n                    <div class=\"timeline-date right w-1\/2 order-1 tablet:order-2 pb-[3px] tablet:pb-0\">\n                        <h4 class=\"!pb-0\">2005<\/h4>\n                    <\/div>\n                <\/div>\n\n                                \n                <div class=\"general-content timeline-item flex flex-col tablet:flex-row items-start relative pb-[4rem]\">\n                    <div class=\"timeline-text w-full tablet:w-1\/2 order-2 tablet:order-1\">\n\n                        \n                            <p class=\"last:mb-0 pl-[2rem] text-left\">El comienzo de un nuevo milenio signific\u00f3 un nuevo comienzo para Trocellen tambi\u00e9n. A finales del a\u00f1o 2000 la marca y la gama del productos tras ella fueron transformados en una empresa independiente Trocellen GmbH. Se hicieron fuertes inversiones para aumentar la capacidad de producci\u00f3n y mejorar la tecnolog\u00eda, permitiendo a la sociedad ocupar una posici\u00f3n de mercado firme y \u00fanica: Trocellen lleg\u00f3 a ser el \u00fanico fabricante de espumas a nivel europeo que ofrece espumas tanto qu\u00edmica como f\u00edsicamente reticuladas para varias industrias no solo en Europa sino en todo el mundo<\/p> \n\n                                            <\/div>\n\n                    <div class=\"timeline-dot w-[2rem] h-[2rem] rounded-full absolute tablet:left-1\/2 transform -translate-x-1\/2\"><\/div>\n\n                    <div class=\"timeline-date right w-1\/2 order-1 tablet:order-2 pb-[3px] tablet:pb-0\">\n                        <h4 class=\"!pb-0\">2000<\/h4>\n                    <\/div>\n                <\/div>\n\n                                \n                <div class=\"general-content timeline-item flex flex-col tablet:flex-row items-start relative pb-[4rem]\">\n                    <div class=\"timeline-text w-full tablet:w-1\/2 order-2 tablet:order-1\">\n\n                        \n                            <p class=\"last:mb-0 pl-[2rem] text-left\">Expansi\u00f3n global: Gracias a las adquisiciones y las actividades de desarrollo comercial, se han sentado las bases para operaciones globales con sede en Europa<\/p> \n\n                                            <\/div>\n\n                    <div class=\"timeline-dot w-[2rem] h-[2rem] rounded-full absolute tablet:left-1\/2 transform -translate-x-1\/2\"><\/div>\n\n                    <div class=\"timeline-date right w-1\/2 order-1 tablet:order-2 pb-[3px] tablet:pb-0\">\n                        <h4 class=\"!pb-0\">1972-2000<\/h4>\n                    <\/div>\n                <\/div>\n\n                                \n                <div class=\"general-content timeline-item flex flex-col tablet:flex-row items-start relative pb-[4rem]\">\n                    <div class=\"timeline-text w-full tablet:w-1\/2 order-2 tablet:order-1\">\n\n                        \n                            <p class=\"last:mb-0 pl-[2rem] text-left\">La primera espuma Trocellen se produjo como parte de la corporaci\u00f3n Dynamit Nobel. <\/p> \n\n                                            <\/div>\n\n                    <div class=\"timeline-dot w-[2rem] h-[2rem] rounded-full absolute tablet:left-1\/2 transform -translate-x-1\/2\"><\/div>\n\n                    <div class=\"timeline-date right w-1\/2 order-1 tablet:order-2 pb-[3px] tablet:pb-0\">\n                        <h4 class=\"!pb-0\">1972<\/h4>\n                    <\/div>\n                <\/div>\n\n                \n            <\/div>\n        <\/section>\n\n\n\n\n<div class=\"group relative bg-white h-[24px] laptop:h-[64px]\" aria-hidden=\"true\"><\/div>\n\n\n<section class=\"general-content text-[#131313]\">\n    <div class=\"container\">\n        <div>\n            <h3 class=\"text-center\">Creado para cuidar, dise\u00f1ado para rendir <\/h3>\n\n                    <\/div>\n    <\/div>\n<\/section>\n\n\n<div class=\"group relative bg-white h-[24px] laptop:h-[64px]\" aria-hidden=\"true\"><\/div>","protected":false},"excerpt":{"rendered":"","protected":false},"author":1,"featured_media":0,"parent":6781,"menu_order":0,"comment_status":"closed","ping_status":"closed","template":"template-parts\/page-general.php","meta":{"_acf_changed":false,"footnotes":""},"class_list":["post-7329","page","type-page","status-publish","hentry"],"acf":[],"yoast_head":"<!-- This site is optimized with the Yoast SEO plugin v25.9 - https:\/\/yoast.com\/wordpress\/plugins\/seo\/ -->\n<title>Historia - Trocellen, the European polyolefin foam solution provider<\/title>\n<meta name=\"robots\" content=\"index, follow, max-snippet:-1, max-image-preview:large, max-video-preview:-1\" \/>\n<link rel=\"canonical\" href=\"https:\/\/trocellen.com\/about-trocellen\/history\/\" \/>\n<meta property=\"og:locale\" content=\"es_ES\" \/>\n<meta property=\"og:type\" content=\"article\" \/>\n<meta property=\"og:title\" content=\"Historia - Trocellen, the European polyolefin foam solution provider\" \/>\n<meta property=\"og:url\" content=\"https:\/\/trocellen.com\/about-trocellen\/history\/\" \/>\n<meta property=\"og:site_name\" content=\"Trocellen, the European polyolefin foam solution provider\" \/>\n<meta property=\"article:modified_time\" content=\"2025-10-10T09:49:47+00:00\" \/>\n<meta name=\"twitter:card\" content=\"summary_large_image\" \/>\n<script type=\"application\/ld+json\" class=\"yoast-schema-graph\">{\"@context\":\"https:\/\/schema.org\",\"@graph\":[{\"@type\":\"WebPage\",\"@id\":\"https:\/\/trocellen.com\/about-trocellen\/history\/\",\"url\":\"https:\/\/trocellen.com\/about-trocellen\/history\/\",\"name\":\"Historia - Trocellen, the European polyolefin foam solution provider\",\"isPartOf\":{\"@id\":\"https:\/\/trocellen.com\/#website\"},\"datePublished\":\"2025-04-29T07:38:28+00:00\",\"dateModified\":\"2025-10-10T09:49:47+00:00\",\"breadcrumb\":{\"@id\":\"https:\/\/trocellen.com\/about-trocellen\/history\/#breadcrumb\"},\"inLanguage\":\"es\",\"potentialAction\":[{\"@type\":\"ReadAction\",\"target\":[\"https:\/\/trocellen.com\/about-trocellen\/history\/\"]}]},{\"@type\":\"BreadcrumbList\",\"@id\":\"https:\/\/trocellen.com\/about-trocellen\/history\/#breadcrumb\",\"itemListElement\":[{\"@type\":\"ListItem\",\"position\":1,\"name\":\"Home\",\"item\":\"https:\/\/trocellen.com\/es\/\"},{\"@type\":\"ListItem\",\"position\":2,\"name\":\"Historia\"}]},{\"@type\":\"WebSite\",\"@id\":\"https:\/\/trocellen.com\/#website\",\"url\":\"https:\/\/trocellen.com\/\",\"name\":\"Trocellen, the European polyolefin foam solution provider\",\"description\":\"TROCELLEN\u00ae is a leading manufacturer of chemically and physically cross-linked polyolefin and rubber foam solutions\",\"potentialAction\":[{\"@type\":\"SearchAction\",\"target\":{\"@type\":\"EntryPoint\",\"urlTemplate\":\"https:\/\/trocellen.com\/?s={search_term_string}\"},\"query-input\":{\"@type\":\"PropertyValueSpecification\",\"valueRequired\":true,\"valueName\":\"search_term_string\"}}],\"inLanguage\":\"es\"}]}<\/script>\n<!-- \/ Yoast SEO plugin. -->","yoast_head_json":{"title":"Historia - Trocellen, the European polyolefin foam solution provider","robots":{"index":"index","follow":"follow","max-snippet":"max-snippet:-1","max-image-preview":"max-image-preview:large","max-video-preview":"max-video-preview:-1"},"canonical":"https:\/\/trocellen.com\/about-trocellen\/history\/","og_locale":"es_ES","og_type":"article","og_title":"Historia - Trocellen, the European polyolefin foam solution provider","og_url":"https:\/\/trocellen.com\/about-trocellen\/history\/","og_site_name":"Trocellen, the European polyolefin foam solution provider","article_modified_time":"2025-10-10T09:49:47+00:00","twitter_card":"summary_large_image","schema":{"@context":"https:\/\/schema.org","@graph":[{"@type":"WebPage","@id":"https:\/\/trocellen.com\/about-trocellen\/history\/","url":"https:\/\/trocellen.com\/about-trocellen\/history\/","name":"Historia - Trocellen, the European polyolefin foam solution provider","isPartOf":{"@id":"https:\/\/trocellen.com\/#website"},"datePublished":"2025-04-29T07:38:28+00:00","dateModified":"2025-10-10T09:49:47+00:00","breadcrumb":{"@id":"https:\/\/trocellen.com\/about-trocellen\/history\/#breadcrumb"},"inLanguage":"es","potentialAction":[{"@type":"ReadAction","target":["https:\/\/trocellen.com\/about-trocellen\/history\/"]}]},{"@type":"BreadcrumbList","@id":"https:\/\/trocellen.com\/about-trocellen\/history\/#breadcrumb","itemListElement":[{"@type":"ListItem","position":1,"name":"Home","item":"https:\/\/trocellen.com\/es\/"},{"@type":"ListItem","position":2,"name":"Historia"}]},{"@type":"WebSite","@id":"https:\/\/trocellen.com\/#website","url":"https:\/\/trocellen.com\/","name":"Trocellen, the European polyolefin foam solution provider","description":"TROCELLEN\u00ae is a leading manufacturer of chemically and physically cross-linked polyolefin and rubber foam solutions","potentialAction":[{"@type":"SearchAction","target":{"@type":"EntryPoint","urlTemplate":"https:\/\/trocellen.com\/?s={search_term_string}"},"query-input":{"@type":"PropertyValueSpecification","valueRequired":true,"valueName":"search_term_string"}}],"inLanguage":"es"}]}},"_links":{"self":[{"href":"https:\/\/trocellen.com\/es\/wp-json\/wp\/v2\/pages\/7329","targetHints":{"allow":["GET"]}}],"collection":[{"href":"https:\/\/trocellen.com\/es\/wp-json\/wp\/v2\/pages"}],"about":[{"href":"https:\/\/trocellen.com\/es\/wp-json\/wp\/v2\/types\/page"}],"author":[{"embeddable":true,"href":"https:\/\/trocellen.com\/es\/wp-json\/wp\/v2\/users\/1"}],"replies":[{"embeddable":true,"href":"https:\/\/trocellen.com\/es\/wp-json\/wp\/v2\/comments?post=7329"}],"version-history":[{"count":4,"href":"https:\/\/trocellen.com\/es\/wp-json\/wp\/v2\/pages\/7329\/revisions"}],"predecessor-version":[{"id":13979,"href":"https:\/\/trocellen.com\/es\/wp-json\/wp\/v2\/pages\/7329\/revisions\/13979"}],"up":[{"embeddable":true,"href":"https:\/\/trocellen.com\/es\/wp-json\/wp\/v2\/pages\/6781"}],"wp:attachment":[{"href":"https:\/\/trocellen.com\/es\/wp-json\/wp\/v2\/media?parent=7329"}],"curies":[{"name":"wp","href":"https:\/\/api.w.org\/{rel}","templated":true}]}}