{"id":6515,"date":"2025-05-15T06:18:50","date_gmt":"2025-05-15T06:18:50","guid":{"rendered":"https:\/\/trocellen-dev.local\/career\/people-excellence\/"},"modified":"2025-10-07T09:38:14","modified_gmt":"2025-10-07T09:38:14","slug":"people-excellence","status":"publish","type":"page","link":"https:\/\/trocellen.com\/es\/carrera\/people-excellence\/","title":{"rendered":"People Excellence"},"content":{"rendered":"\n<div class=\"group relative bg-white h-[48px]\" aria-hidden=\"true\"><\/div>\n\n\n<section class=\"general-content text-[#131313]\">\n    <div class=\"container\">\n        <div>\n            <h3 class=\"text-center\">Nuestro lema: Apoyamos su desarrollo. <\/h3>\n\n                    <\/div>\n    <\/div>\n<\/section>\n\n\n<div class=\"group relative bg-white h-[48px]\" aria-hidden=\"true\"><\/div>\n\n\n<div class=\"group relative bg-gray-200 h-[48px]\" aria-hidden=\"true\"><\/div>\n\n\n<section class=\"col-content bg-gray-200 \">\n    <div class=\"container\">\n        <div class=\"general-content\">\n            \n            <div class=\"flex flex-col tablet:flex-row gap-small items-start\">\n                <div class=\"flex-1 \">\n                    <h2>El fundamento de la cultura de Trocellen es el entorno solidario, la planificaci\u00f3n consciente y la atenci\u00f3n mutua.<\/h2>\n                <\/div>\n\n                <div class=\"flex-1\">\n                    <p>Todo el mundo llega a nosotros con habilidades y objetivos de desarrollo \u00fanicos. Comprender e integrar estos en nuestro trabajo conjunto constituye la base de un futuro exitoso tanto como la energ\u00eda y la dedicaci\u00f3n invertidas en el desarrollo. Para nosotros, la planificaci\u00f3n de la carrera profesional significa que la empresa tiene en cuenta las aptitudes, intereses y el valor a\u00f1adido de cada empleado. La visi\u00f3n que es beneficiosa tanto para el individuo como para la empresa se desarrolla, junto con el empleado.<\/p>\n<p>A trav\u00e9s de una retroalimentaci\u00f3n constante y constructiva, todo el mundo conoce los avances, mientras que durante las evaluaciones se pueden identificar los cambios a realizar por todas las partes interesadas.<\/p>\n<p>A continuaci\u00f3n presentamos a algunos de nuestros colegas que han construido carreras exitosas en esta cultura empresarial.<\/p>\n                <\/div>\n            <\/div>\n\n        <\/div>\n    <\/div>\n<\/section>\n\n\n<div class=\"group relative bg-gray-200 h-[48px]\" aria-hidden=\"true\"><\/div>\n\n    <section class=\"bg-gray-200\">\n        <div class=\"container\"> \n            <div class=\"grid grid-cols-1 tablet:grid-cols-3 gap-default\">\n\n            \n                    <div>\n                        <div class=\"mb-[1.5rem]\">\n                            <img decoding=\"async\" src=\"https:\/\/trocellen.com\/wp-content\/uploads\/2026\/02\/01.png\" alt=\"Stephanie Ting\" class=\"w-full h-auto object-cover\">\n                        <\/div>\n\n                        <div class=\"general-content\">\n                            <h3 class=\"!pb-0\">Stephanie Ting<\/h3>\n                            <span class=\"block py-xs text-[0.813rem] leading-[1.056rem]\">HSE Manager<\/span>\n                            <p>STEM-girl interview<\/p>\n                            <a href=\"https:\/\/trocellen.com\/es\/historia-mytrocellen\/stephanie-ting\/\" class=\"btn ml-large mt-[1.5rem]\">M\u00e1s<\/a>\n                        <\/div>\n                    <\/div>\n\n                \n                    <div>\n                        <div class=\"mb-[1.5rem]\">\n                            <img decoding=\"async\" src=\"https:\/\/trocellen.com\/wp-content\/uploads\/2026\/02\/02.png\" alt=\"Su Fong Nee\" class=\"w-full h-auto object-cover\">\n                        <\/div>\n\n                        <div class=\"general-content\">\n                            <h3 class=\"!pb-0\">Su Fong Nee<\/h3>\n                            <span class=\"block py-xs text-[0.813rem] leading-[1.056rem]\">Gerente de finanzas, l\u00edder 5S <\/span>\n                            <p>STEM-girl interview<\/p>\n                            <a href=\"https:\/\/trocellen.com\/es\/historia-mytrocellen\/su-fong-nee\/\" class=\"btn ml-large mt-[1.5rem]\">M\u00e1s<\/a>\n                        <\/div>\n                    <\/div>\n\n                \n                    <div>\n                        <div class=\"mb-[1.5rem]\">\n                            <img decoding=\"async\" src=\"https:\/\/trocellen.com\/wp-content\/uploads\/2026\/02\/04.png\" alt=\"Veronika K\u00e9pes\" class=\"w-full h-auto object-cover\">\n                        <\/div>\n\n                        <div class=\"general-content\">\n                            <h3 class=\"!pb-0\">Veronika K\u00e9pes<\/h3>\n                            <span class=\"block py-xs text-[0.813rem] leading-[1.056rem]\">Asistente de Control de Calidad<\/span>\n                            <p>STEM-girl interview<\/p>\n                            <a href=\"https:\/\/trocellen.com\/es\/historia-mytrocellen\/veronika-kepes\/\" class=\"btn ml-large mt-[1.5rem]\">M\u00e1s<\/a>\n                        <\/div>\n                    <\/div>\n\n                \n                    <div>\n                        <div class=\"mb-[1.5rem]\">\n                            <img decoding=\"async\" src=\"https:\/\/trocellen.com\/wp-content\/uploads\/2026\/02\/03.png\" alt=\"N\u00f3ra L\u00f6bmann-Mikl\u00f3s\" class=\"w-full h-auto object-cover\">\n                        <\/div>\n\n                        <div class=\"general-content\">\n                            <h3 class=\"!pb-0\">N\u00f3ra L\u00f6bmann-Mikl\u00f3s<\/h3>\n                            <span class=\"block py-xs text-[0.813rem] leading-[1.056rem]\">Coordinadora de proyectos de desarrollo de productos<\/span>\n                            <p>STEM-girl interview<\/p>\n                            <a href=\"https:\/\/trocellen.com\/es\/historia-mytrocellen\/nora-lobmann-miklos\/\" class=\"btn ml-large mt-[1.5rem]\">M\u00e1s<\/a>\n                        <\/div>\n                    <\/div>\n\n                \n                    <div>\n                        <div class=\"mb-[1.5rem]\">\n                            <img decoding=\"async\" src=\"https:\/\/trocellen.com\/wp-content\/uploads\/2026\/02\/07.png\" alt=\"Chiara Pizzi\" class=\"w-full h-auto object-cover\">\n                        <\/div>\n\n                        <div class=\"general-content\">\n                            <h3 class=\"!pb-0\">Chiara Pizzi<\/h3>\n                            <span class=\"block py-xs text-[0.813rem] leading-[1.056rem]\">Ingenier\u00eda de gesti\u00f3n \/ Jefa de producci\u00f3n<\/span>\n                            <p>STEM-girl interview<\/p>\n                            <a href=\"https:\/\/trocellen.com\/es\/historia-mytrocellen\/chiara-pizzi\/\" class=\"btn ml-large mt-[1.5rem]\">M\u00e1s<\/a>\n                        <\/div>\n                    <\/div>\n\n                \n                    <div>\n                        <div class=\"mb-[1.5rem]\">\n                            <img decoding=\"async\" src=\"https:\/\/trocellen.com\/wp-content\/uploads\/2026\/02\/05.png\" alt=\"Giorgia Staffoli\" class=\"w-full h-auto object-cover\">\n                        <\/div>\n\n                        <div class=\"general-content\">\n                            <h3 class=\"!pb-0\">Giorgia Staffoli<\/h3>\n                            <span class=\"block py-xs text-[0.813rem] leading-[1.056rem]\">Ingeniera de gesti\u00f3n\/Responsable de la cadena de suministro<\/span>\n                            <p>STEM-girl interview<\/p>\n                            <a href=\"https:\/\/trocellen.com\/es\/historia-mytrocellen\/giorgia-staffoli\/\" class=\"btn ml-large mt-[1.5rem]\">M\u00e1s<\/a>\n                        <\/div>\n                    <\/div>\n\n                \n                    <div>\n                        <div class=\"mb-[1.5rem]\">\n                            <img decoding=\"async\" src=\"https:\/\/trocellen.com\/wp-content\/uploads\/2026\/02\/06.png\" alt=\"Federica Lofrano\" class=\"w-full h-auto object-cover\">\n                        <\/div>\n\n                        <div class=\"general-content\">\n                            <h3 class=\"!pb-0\">Federica Lofrano<\/h3>\n                            <span class=\"block py-xs text-[0.813rem] leading-[1.056rem]\">Asistente de HSEQ y ASPP (Responsable de Prevenci\u00f3n y Protecci\u00f3n de la Salud y Seguridad)<\/span>\n                            <p>STEM-girl interview<\/p>\n                            <a href=\"https:\/\/trocellen.com\/es\/historia-mytrocellen\/federica-lofrano\/\" class=\"btn ml-large mt-[1.5rem]\">M\u00e1s<\/a>\n                        <\/div>\n                    <\/div>\n\n                \n                    <div>\n                        <div class=\"mb-[1.5rem]\">\n                            <img decoding=\"async\" src=\"https:\/\/trocellen.com\/wp-content\/uploads\/2025\/05\/piskoti-m-1.png\" alt=\"Dr. RIDEG-PISK\u00d3TI Marianna\" class=\"w-full h-auto object-cover\">\n                        <\/div>\n\n                        <div class=\"general-content\">\n                            <h3 class=\"!pb-0\">Dr. RIDEG-PISK\u00d3TI Marianna<\/h3>\n                            <span class=\"block py-xs text-[0.813rem] leading-[1.056rem]\">Gerente de sostenibilidad y CRM<\/span>\n                            <p>Cuando me nombraron Gerente de Sostenibilidad del Grupo, mi pasi\u00f3n por el consumo sostenible se convirti\u00f3 en mi&#8230;<\/p>\n                            <a href=\"https:\/\/trocellen.com\/es\/historia-mytrocellen\/dr-marianna-rideg-piskoti\/\" class=\"btn ml-large mt-[1.5rem]\">M\u00e1s<\/a>\n                        <\/div>\n                    <\/div>\n\n                \n                    <div>\n                        <div class=\"mb-[1.5rem]\">\n                            <img decoding=\"async\" src=\"https:\/\/trocellen.com\/wp-content\/uploads\/2025\/05\/frank.png\" alt=\"Frank Pilz\" class=\"w-full h-auto object-cover\">\n                        <\/div>\n\n                        <div class=\"general-content\">\n                            <h3 class=\"!pb-0\">Frank Pilz<\/h3>\n                            <span class=\"block py-xs text-[0.813rem] leading-[1.056rem]\">Corporate Manager R&#038;D<\/span>\n                            <p>Being with Trocellen is a constant challenge, but for sure never boring!<\/p>\n                            <a href=\"https:\/\/trocellen.com\/es\/historia-mytrocellen\/frank-pilz\/\" class=\"btn ml-large mt-[1.5rem]\">M\u00e1s<\/a>\n                        <\/div>\n                    <\/div>\n\n                \n                    <div>\n                        <div class=\"mb-[1.5rem]\">\n                            <img decoding=\"async\" src=\"https:\/\/trocellen.com\/wp-content\/uploads\/2025\/05\/Career-MyTC-Martin-von-Lienen.png\" alt=\"Martin von Lienen\" class=\"w-full h-auto object-cover\">\n                        <\/div>\n\n                        <div class=\"general-content\">\n                            <h3 class=\"!pb-0\">Martin von Lienen<\/h3>\n                            <span class=\"block py-xs text-[0.813rem] leading-[1.056rem]\">Director de finanzas y gesti\u00f3n corporativa<\/span>\n                            <p>Para m\u00ed, Trocellen es un gran equipo en el que brillan las ideas. Esto conduce al desarrollo continuo&#8230;<\/p>\n                            <a href=\"https:\/\/trocellen.com\/es\/historia-mytrocellen\/martin-von-lienen\/\" class=\"btn ml-large mt-[1.5rem]\">M\u00e1s<\/a>\n                        <\/div>\n                    <\/div>\n\n                \n                    <div>\n                        <div class=\"mb-[1.5rem]\">\n                            <img decoding=\"async\" src=\"https:\/\/trocellen.com\/wp-content\/uploads\/2025\/05\/Career-MyTC-Viragh-Robert-2.png\" alt=\"R\u00f3bert Vir\u00e1gh\" class=\"w-full h-auto object-cover\">\n                        <\/div>\n\n                        <div class=\"general-content\">\n                            <h3 class=\"!pb-0\">R\u00f3bert Vir\u00e1gh<\/h3>\n                            <span class=\"block py-xs text-[0.813rem] leading-[1.056rem]\">L\u00edder del equipo de desarrollo de productos<\/span>\n                            <p>Entr\u00e9gate en cuerpo y alma a tu trabajo. Tengo la suerte de poder conocer los productos del futuro&#8230;<\/p>\n                            <a href=\"https:\/\/trocellen.com\/es\/historia-mytrocellen\/robert-viragh\/\" class=\"btn ml-large mt-[1.5rem]\">M\u00e1s<\/a>\n                        <\/div>\n                    <\/div>\n\n                \n                    <div>\n                        <div class=\"mb-[1.5rem]\">\n                            <img decoding=\"async\" src=\"https:\/\/trocellen.com\/wp-content\/uploads\/2025\/05\/Career-MyTC-Detlef-Grossmann-1-v2.jpg\" alt=\"Detlef Grossmann\" class=\"w-full h-auto object-cover\">\n                        <\/div>\n\n                        <div class=\"general-content\">\n                            <h3 class=\"!pb-0\">Detlef Grossmann<\/h3>\n                            <span class=\"block py-xs text-[0.813rem] leading-[1.056rem]\">Gerente de log\u00edstica, oficial de protecci\u00f3n de datos<\/span>\n                            <p>Llevo casi 39 a\u00f1os trabajando aqu\u00ed. Me gusta seguir trabajando aqu\u00ed por las buenas relaciones con los compa\u00f1eros,&#8230;<\/p>\n                            <a href=\"https:\/\/trocellen.com\/es\/historia-mytrocellen\/detlef-grossmann\/\" class=\"btn ml-large mt-[1.5rem]\">M\u00e1s<\/a>\n                        <\/div>\n                    <\/div>\n\n                \n                    <div>\n                        <div class=\"mb-[1.5rem]\">\n                            <img decoding=\"async\" src=\"https:\/\/trocellen.com\/wp-content\/uploads\/2025\/05\/Basthy-Szilvi.jpg\" alt=\"B\u00e1sthy Szilvi\" class=\"w-full h-auto object-cover\">\n                        <\/div>\n\n                        <div class=\"general-content\">\n                            <h3 class=\"!pb-0\">B\u00e1sthy Szilvi<\/h3>\n                            <span class=\"block py-xs text-[0.813rem] leading-[1.056rem]\">Gerente de Marketing Digital y Gerente de Marketing de la Divisi\u00f3n de Aislamiento<\/span>\n                            <p>Construir y crear cosas nuevas siempre me ha impulsado.<\/p>\n                            <a href=\"https:\/\/trocellen.com\/es\/historia-mytrocellen\/szilvi-basthy\/\" class=\"btn ml-large mt-[1.5rem]\">M\u00e1s<\/a>\n                        <\/div>\n                    <\/div>\n\n                \n                    <div>\n                        <div class=\"mb-[1.5rem]\">\n                            <img decoding=\"async\" src=\"https:\/\/trocellen.com\/wp-content\/uploads\/2025\/05\/Andrea-Voros.jpg\" alt=\"Kunn\u00e9 V\u00f6r\u00f6s Andrea\" class=\"w-full h-auto object-cover\">\n                        <\/div>\n\n                        <div class=\"general-content\">\n                            <h3 class=\"!pb-0\">Kunn\u00e9 V\u00f6r\u00f6s Andrea<\/h3>\n                            <span class=\"block py-xs text-[0.813rem] leading-[1.056rem]\">Asistente de log\u00edstica<\/span>\n                            <p>31 a\u00f1os, 3 trabajos. Me gusta que Trocellen combine el cambio con la estabilidad.<\/p>\n                            <a href=\"https:\/\/trocellen.com\/es\/historia-mytrocellen\/andrea-kunne-voros\/\" class=\"btn ml-large mt-[1.5rem]\">M\u00e1s<\/a>\n                        <\/div>\n                    <\/div>\n\n                \n                    <div>\n                        <div class=\"mb-[1.5rem]\">\n                            <img decoding=\"async\" src=\"https:\/\/trocellen.com\/wp-content\/uploads\/2025\/05\/Bahan.jpg\" alt=\"Poobalan Nagappan\" class=\"w-full h-auto object-cover\">\n                        <\/div>\n\n                        <div class=\"general-content\">\n                            <h3 class=\"!pb-0\">Poobalan Nagappan<\/h3>\n                            <span class=\"block py-xs text-[0.813rem] leading-[1.056rem]\">Gerente de inform\u00e1tica y administraci\u00f3n<\/span>\n                            <p>Pertenecer a un lugar y formar parte de un equipo exitoso.<\/p>\n                            <a href=\"https:\/\/trocellen.com\/es\/historia-mytrocellen\/poobalan-nagappan\/\" class=\"btn ml-large mt-[1.5rem]\">M\u00e1s<\/a>\n                        <\/div>\n                    <\/div>\n\n                \n                    <div>\n                        <div class=\"mb-[1.5rem]\">\n                            <img decoding=\"async\" src=\"https:\/\/trocellen.com\/wp-content\/uploads\/2025\/05\/Diana.jpg\" alt=\"Diana Azliza Binti Amat Azhar\" class=\"w-full h-auto object-cover\">\n                        <\/div>\n\n                        <div class=\"general-content\">\n                            <h3 class=\"!pb-0\">Diana Azliza Binti Amat Azhar<\/h3>\n                            <span class=\"block py-xs text-[0.813rem] leading-[1.056rem]\">Asistente administrativo y de RRHH<\/span>\n                            <p>Siempre es un placer trabajar en un buen equipo y, como lo hago en una empresa fiable, tengo&#8230;<\/p>\n                            <a href=\"https:\/\/trocellen.com\/es\/historia-mytrocellen\/diana-azliza-binti-amat-azhar-2\/\" class=\"btn ml-large mt-[1.5rem]\">M\u00e1s<\/a>\n                        <\/div>\n                    <\/div>\n\n                \n                    <div>\n                        <div class=\"mb-[1.5rem]\">\n                            <img decoding=\"async\" src=\"https:\/\/trocellen.com\/wp-content\/uploads\/2025\/05\/Isabell-Hurten.jpg\" alt=\"Isabell H\u00fcrten\" class=\"w-full h-auto object-cover\">\n                        <\/div>\n\n                        <div class=\"general-content\">\n                            <h3 class=\"!pb-0\">Isabell H\u00fcrten<\/h3>\n                            <span class=\"block py-xs text-[0.813rem] leading-[1.056rem]\">Contable<\/span>\n                            <p>El grupo Trocellen es multicultural &#8211; es divertido tener interacci\u00f3n con diferentes colegas de diferentes naciones m\u00e1s all\u00e1&#8230;<\/p>\n                            <a href=\"https:\/\/trocellen.com\/es\/historia-mytrocellen\/isabell-hurten\/\" class=\"btn ml-large mt-[1.5rem]\">M\u00e1s<\/a>\n                        <\/div>\n                    <\/div>\n\n                \n                    <div>\n                        <div class=\"mb-[1.5rem]\">\n                            <img decoding=\"async\" src=\"https:\/\/trocellen.com\/wp-content\/uploads\/2025\/05\/Zoltan-Horvath.jpg\" alt=\"Zolt\u00e1n Horv\u00e1th\" class=\"w-full h-auto object-cover\">\n                        <\/div>\n\n                        <div class=\"general-content\">\n                            <h3 class=\"!pb-0\">Zolt\u00e1n Horv\u00e1th<\/h3>\n                            <span class=\"block py-xs text-[0.813rem] leading-[1.056rem]\">Production and Technology Manager(Polifoam, Hungary)<\/span>\n                            <p>En un buen entorno, el aprendizaje, el tiempo y la energ\u00eda invertidos siempre dan sus frutos.<\/p>\n                            <a href=\"https:\/\/trocellen.com\/es\/historia-mytrocellen\/zoltan-horvath\/\" class=\"btn ml-large mt-[1.5rem]\">M\u00e1s<\/a>\n                        <\/div>\n                    <\/div>\n\n                \n            <\/div>\n        <\/div>\n    <\/section>\n\n\n<div class=\"group relative bg-gray-200 h-[48px]\" aria-hidden=\"true\"><\/div>","protected":false},"excerpt":{"rendered":"","protected":false},"author":1,"featured_media":0,"parent":4863,"menu_order":0,"comment_status":"closed","ping_status":"closed","template":"template-parts\/page-general.php","meta":{"_acf_changed":false,"footnotes":""},"class_list":["post-6515","page","type-page","status-publish","hentry"],"acf":[],"yoast_head":"<!-- This site is optimized with the Yoast SEO plugin v25.9 - https:\/\/yoast.com\/wordpress\/plugins\/seo\/ -->\n<title>People Excellence - Trocellen, the European polyolefin foam solution provider<\/title>\n<meta name=\"robots\" content=\"index, follow, max-snippet:-1, max-image-preview:large, max-video-preview:-1\" \/>\n<link rel=\"canonical\" href=\"https:\/\/trocellen.com\/career\/people-excellence\/\" \/>\n<meta property=\"og:locale\" content=\"es_ES\" \/>\n<meta property=\"og:type\" content=\"article\" \/>\n<meta property=\"og:title\" content=\"People Excellence - Trocellen, the European polyolefin foam solution provider\" \/>\n<meta property=\"og:url\" content=\"https:\/\/trocellen.com\/career\/people-excellence\/\" \/>\n<meta property=\"og:site_name\" content=\"Trocellen, the European polyolefin foam solution provider\" \/>\n<meta property=\"article:modified_time\" content=\"2025-10-07T09:38:14+00:00\" \/>\n<meta name=\"twitter:card\" content=\"summary_large_image\" \/>\n<script type=\"application\/ld+json\" class=\"yoast-schema-graph\">{\"@context\":\"https:\/\/schema.org\",\"@graph\":[{\"@type\":\"WebPage\",\"@id\":\"https:\/\/trocellen.com\/career\/people-excellence\/\",\"url\":\"https:\/\/trocellen.com\/career\/people-excellence\/\",\"name\":\"People Excellence - Trocellen, the European polyolefin foam solution provider\",\"isPartOf\":{\"@id\":\"https:\/\/trocellen.com\/#website\"},\"datePublished\":\"2025-05-15T06:18:50+00:00\",\"dateModified\":\"2025-10-07T09:38:14+00:00\",\"breadcrumb\":{\"@id\":\"https:\/\/trocellen.com\/career\/people-excellence\/#breadcrumb\"},\"inLanguage\":\"es\",\"potentialAction\":[{\"@type\":\"ReadAction\",\"target\":[\"https:\/\/trocellen.com\/career\/people-excellence\/\"]}]},{\"@type\":\"BreadcrumbList\",\"@id\":\"https:\/\/trocellen.com\/career\/people-excellence\/#breadcrumb\",\"itemListElement\":[{\"@type\":\"ListItem\",\"position\":1,\"name\":\"Home\",\"item\":\"https:\/\/trocellen.com\/es\/\"},{\"@type\":\"ListItem\",\"position\":2,\"name\":\"Carrera\",\"item\":\"https:\/\/trocellen.com\/career\/\"},{\"@type\":\"ListItem\",\"position\":3,\"name\":\"People Excellence\"}]},{\"@type\":\"WebSite\",\"@id\":\"https:\/\/trocellen.com\/#website\",\"url\":\"https:\/\/trocellen.com\/\",\"name\":\"Trocellen, the European polyolefin foam solution provider\",\"description\":\"TROCELLEN\u00ae is a leading manufacturer of chemically and physically cross-linked polyolefin and rubber foam solutions\",\"potentialAction\":[{\"@type\":\"SearchAction\",\"target\":{\"@type\":\"EntryPoint\",\"urlTemplate\":\"https:\/\/trocellen.com\/?s={search_term_string}\"},\"query-input\":{\"@type\":\"PropertyValueSpecification\",\"valueRequired\":true,\"valueName\":\"search_term_string\"}}],\"inLanguage\":\"es\"}]}<\/script>\n<!-- \/ Yoast SEO plugin. -->","yoast_head_json":{"title":"People Excellence - Trocellen, the European polyolefin foam solution provider","robots":{"index":"index","follow":"follow","max-snippet":"max-snippet:-1","max-image-preview":"max-image-preview:large","max-video-preview":"max-video-preview:-1"},"canonical":"https:\/\/trocellen.com\/career\/people-excellence\/","og_locale":"es_ES","og_type":"article","og_title":"People Excellence - Trocellen, the European polyolefin foam solution provider","og_url":"https:\/\/trocellen.com\/career\/people-excellence\/","og_site_name":"Trocellen, the European polyolefin foam solution provider","article_modified_time":"2025-10-07T09:38:14+00:00","twitter_card":"summary_large_image","schema":{"@context":"https:\/\/schema.org","@graph":[{"@type":"WebPage","@id":"https:\/\/trocellen.com\/career\/people-excellence\/","url":"https:\/\/trocellen.com\/career\/people-excellence\/","name":"People Excellence - Trocellen, the European polyolefin foam solution provider","isPartOf":{"@id":"https:\/\/trocellen.com\/#website"},"datePublished":"2025-05-15T06:18:50+00:00","dateModified":"2025-10-07T09:38:14+00:00","breadcrumb":{"@id":"https:\/\/trocellen.com\/career\/people-excellence\/#breadcrumb"},"inLanguage":"es","potentialAction":[{"@type":"ReadAction","target":["https:\/\/trocellen.com\/career\/people-excellence\/"]}]},{"@type":"BreadcrumbList","@id":"https:\/\/trocellen.com\/career\/people-excellence\/#breadcrumb","itemListElement":[{"@type":"ListItem","position":1,"name":"Home","item":"https:\/\/trocellen.com\/es\/"},{"@type":"ListItem","position":2,"name":"Carrera","item":"https:\/\/trocellen.com\/career\/"},{"@type":"ListItem","position":3,"name":"People Excellence"}]},{"@type":"WebSite","@id":"https:\/\/trocellen.com\/#website","url":"https:\/\/trocellen.com\/","name":"Trocellen, the European polyolefin foam solution provider","description":"TROCELLEN\u00ae is a leading manufacturer of chemically and physically cross-linked polyolefin and rubber foam solutions","potentialAction":[{"@type":"SearchAction","target":{"@type":"EntryPoint","urlTemplate":"https:\/\/trocellen.com\/?s={search_term_string}"},"query-input":{"@type":"PropertyValueSpecification","valueRequired":true,"valueName":"search_term_string"}}],"inLanguage":"es"}]}},"_links":{"self":[{"href":"https:\/\/trocellen.com\/es\/wp-json\/wp\/v2\/pages\/6515","targetHints":{"allow":["GET"]}}],"collection":[{"href":"https:\/\/trocellen.com\/es\/wp-json\/wp\/v2\/pages"}],"about":[{"href":"https:\/\/trocellen.com\/es\/wp-json\/wp\/v2\/types\/page"}],"author":[{"embeddable":true,"href":"https:\/\/trocellen.com\/es\/wp-json\/wp\/v2\/users\/1"}],"replies":[{"embeddable":true,"href":"https:\/\/trocellen.com\/es\/wp-json\/wp\/v2\/comments?post=6515"}],"version-history":[{"count":4,"href":"https:\/\/trocellen.com\/es\/wp-json\/wp\/v2\/pages\/6515\/revisions"}],"predecessor-version":[{"id":13789,"href":"https:\/\/trocellen.com\/es\/wp-json\/wp\/v2\/pages\/6515\/revisions\/13789"}],"up":[{"embeddable":true,"href":"https:\/\/trocellen.com\/es\/wp-json\/wp\/v2\/pages\/4863"}],"wp:attachment":[{"href":"https:\/\/trocellen.com\/es\/wp-json\/wp\/v2\/media?parent=6515"}],"curies":[{"name":"wp","href":"https:\/\/api.w.org\/{rel}","templated":true}]}}