{"id":14245,"date":"2025-10-13T07:37:00","date_gmt":"2025-10-13T07:37:00","guid":{"rendered":"https:\/\/trocellen-dev.local\/employee-care\/"},"modified":"2025-10-22T06:55:41","modified_gmt":"2025-10-22T06:55:41","slug":"atencion-al-empleado","status":"publish","type":"page","link":"https:\/\/trocellen.com\/es\/atencion-al-empleado\/","title":{"rendered":"Atenci\u00f3n al empleado"},"content":{"rendered":"\n<div class=\"group relative bg-white h-[32px]\" aria-hidden=\"true\"><\/div>\n\n\n<section class=\"general-content text-[#131313]\">\n    <div class=\"container\">\n        <div>\n            <h3 class=\"text-center\">Trocellen es mucho m\u00e1s que la suma de nuestras plantas, tecnolog\u00edas, procesos y soluciones. Nuestra empresa es un lugar para crear, desarrollar, contribuir y pertenecer. La clave de esto: NUESTRA GENTE. Su conocimiento y experiencia, pasi\u00f3n y entusiasmo, responsabilidad y atenci\u00f3n, creatividad y resistencia.<\/h3>\n\n            <p class=\"!font-bold text-center\">Hacemos todo lo posible para garantizar un entorno saludable y de apoyo a la creaci\u00f3n, las diversas oportunidades de desarrollo personal y formaci\u00f3n, las tareas interesantes y motivadoras para el progreso y la plenitud, y un atractivo paquete de compensaci\u00f3n y beneficios para la satisfacci\u00f3n de los empleados.<\/p>        <\/div>\n    <\/div>\n<\/section>\n\n\n<div class=\"group relative bg-white h-[32px]\" aria-hidden=\"true\"><\/div>\n\n\n<div class=\"group relative bg-gray-200 h-[32px]\" aria-hidden=\"true\"><\/div>\n\n\n<section class=\"col-content bg-gray-200 \">\n    <div class=\"container\">\n        <div class=\"general-content\">\n            \n            <div class=\"flex flex-col tablet:flex-col gap-small items-start\">\n                <div class=\"flex-1 w-full\">\n                    <h2><img loading=\"lazy\" decoding=\"async\" class=\"wp-image-801 size-thumbnail alignnone\" src=\"https:\/\/trocellen.com\/wp-content\/uploads\/2025\/05\/wellbeeing-icon-150x150.png\" alt=\"\" width=\"150\" height=\"150\" srcset=\"https:\/\/trocellen.com\/wp-content\/uploads\/2025\/05\/wellbeeing-icon-150x150.png 150w, https:\/\/trocellen.com\/wp-content\/uploads\/2025\/05\/wellbeeing-icon.png 289w\" sizes=\"auto, (max-width: 150px) 100vw, 150px\" \/><\/h2>\n<h2 class=\"wp-block-heading\">1. El bienestar de los empleados<\/h2>\n<p><em>Los empleados felices y saludables son los que hacen que nuestro negocio prospere.<\/em><\/p>\n<p>Nuestros empleados constituyen el n\u00facleo de todo lo que hacemos. Por lo tanto, es esencial para nosotros que se sientan felices, c\u00f3modos y plenos en Trocellen.<\/p>\n<p>Ante todo, nos comprometemos a ofrecer un entorno que favorezca el equilibrio entre el trabajo y la vida privada. El equilibrio entre la vida profesional y la privada es esencial para vivir y trabajar bien \u2013 dos cosas que est\u00e1n profundamente conectadas. Nuestros equipos gestionan los procesos y las condiciones de trabajo, la comunicaci\u00f3n y las expectativas para garantizar un equilibrio correcto entre la carrera y la familia.<\/p>\n<p>Trocellen tiene la suerte de contar con un equipo diverso e internacional, y hacemos todo\u00a0<strong>lo posible por ofrecer beneficios relevantes<\/strong>\u00a0a nivel local a nuestros empleados.<\/p>\n                <\/div>\n\n                <div class=\"flex-1\">\n                                    <\/div>\n            <\/div>\n\n        <\/div>\n    <\/div>\n<\/section>\n\n\n<div class=\"group relative bg-gray-200 h-[32px]\" aria-hidden=\"true\"><\/div>\n\n\n<div class=\"group relative bg-white h-[32px]\" aria-hidden=\"true\"><\/div>\n\n\n<section class=\"col-content bg-white \">\n    <div class=\"container\">\n        <div class=\"general-content\">\n            \n            <div class=\"flex flex-col tablet:flex-col gap-small items-start\">\n                <div class=\"flex-1 w-full\">\n                    <h2><img loading=\"lazy\" decoding=\"async\" class=\"alignnone wp-image-802 size-thumbnail\" src=\"https:\/\/trocellen.com\/wp-content\/uploads\/2025\/05\/safety-icon-150x150.png\" alt=\"\" width=\"150\" height=\"150\" srcset=\"https:\/\/trocellen.com\/wp-content\/uploads\/2025\/05\/safety-icon-150x150.png 150w, https:\/\/trocellen.com\/wp-content\/uploads\/2025\/05\/safety-icon.png 288w\" sizes=\"auto, (max-width: 150px) 100vw, 150px\" \/><\/h2>\n<h2 class=\"has-large-font-size\">2. Salud y seguridad<\/h2>\n<p><em>La seguridad es lo primero para todos en Trocellen.<\/em><\/p>\n<p>La salud y la seguridad de nuestros empleados es de suma importancia. Queremos que nuestros empleados se sientan seguros en su trabajo y nos comprometemos a crear un entorno laboral saludable y c\u00f3modo en todos los niveles de nuestra organizaci\u00f3n.<\/p>\n<p>Todos los gerentes de Trocellen saben que su principal responsabilidad con respecto a su equipo es garantizar su seguridad. En el Grupo Trocellen, la regla general es que\u00a0<strong>\u00a1La seguridad es lo primero!<\/strong>\u00a0No hay excepciones.<\/p>\n<p>Estamos mejorando continuamente nuestras condiciones de trabajo, incluyendo la maquinaria, los equipos y los procesos de producci\u00f3n, as\u00ed como revisando y desarrollando los procedimientos de seguridad internos. Esto nos permite construir un entorno de trabajo cada vez m\u00e1s seguro. La seguridad es lo primero en todo momento para lograr nuestro objetivo de cero accidentes.<\/p>\n<p>La misi\u00f3n principal de nuestro Departamento de Salud y Seguridad es proteger a nuestra gente. Pero tambi\u00e9n sabemos que para lograr esto, necesitamos personas conscientes de la seguridad, formadas, atentas y motivadas para garantizar la seguridad de sus compa\u00f1eros y de s\u00ed mismos. Se llevan a cabo sesiones de formaci\u00f3n y concienciaci\u00f3n para asegurarse de que todos trabajamos con el mismo objetivo.<\/p>\n<p>En Trocellen creemos en los esfuerzos comunes, que nos convierten en un gran \u2013 y saludable \u2013 lugar de trabajo.<\/p>\n                <\/div>\n\n                <div class=\"flex-1\">\n                                    <\/div>\n            <\/div>\n\n        <\/div>\n    <\/div>\n<\/section>\n\n\n<div class=\"group relative bg-white h-[32px]\" aria-hidden=\"true\"><\/div>\n\n\n<div class=\"group relative bg-gray-200 h-[32px]\" aria-hidden=\"true\"><\/div>\n\n\n<section class=\"col-content bg-gray-200 \">\n    <div class=\"container\">\n        <div class=\"general-content\">\n            \n            <div class=\"flex flex-col tablet:flex-col gap-small items-start\">\n                <div class=\"flex-1 w-full\">\n                    <h2><img loading=\"lazy\" decoding=\"async\" class=\"alignnone wp-image-808 size-thumbnail\" src=\"https:\/\/trocellen.com\/wp-content\/uploads\/2025\/05\/flexible-icon-150x150.png\" alt=\"\" width=\"150\" height=\"150\" srcset=\"https:\/\/trocellen.com\/wp-content\/uploads\/2025\/05\/flexible-icon-150x150.png 150w, https:\/\/trocellen.com\/wp-content\/uploads\/2025\/05\/flexible-icon.png 289w\" sizes=\"auto, (max-width: 150px) 100vw, 150px\" \/><\/h2>\n<h2>3. Flexibilidad laboral<\/h2>\n<p><em>Dise\u00f1ado a la medida de cada empleado<\/em><\/p>\n<p>Cada persona es diferente, y nos esforzamos por ofrecer a los empleados la posibilidad de dise\u00f1ar el r\u00e9gimen de trabajo que mejor se adapte a sus necesidades.<\/p>\n<p>Desde que estall\u00f3 la pandemia, las empresas y los empleados han aprendido que pueden trabajar a distancia y alcanzar el mismo nivel de \u00e9xito que desde la oficina. Sin embargo, no a todo el mundo le gusta trabajar desde casa y prefiere pasar el tiempo en la oficina con los compa\u00f1eros. Adem\u00e1s, algunos puestos pueden requerir que el empleado trabaje desde la oficina, mientras que otros no.<\/p>\n<p>En Trocellen aplicamos el r\u00e9gimen llamado smartworking (modelo h\u00edbrido) siempre y cuando sea posible, ofreciendo soluciones a la medida para maximizar tanto la eficiencia como la satisfacci\u00f3n de los empleados. Nos esforzamos por garantizar que cada empleado tenga el mejor acuerdo laboral posible que se adapte a sus necesidades, a los requisitos de su funci\u00f3n y que garantice el cumplimiento de las leyes y normativas locales.<\/p>\n                <\/div>\n\n                <div class=\"flex-1\">\n                                    <\/div>\n            <\/div>\n\n        <\/div>\n    <\/div>\n<\/section>\n\n\n<div class=\"group relative bg-gray-200 h-[32px]\" aria-hidden=\"true\"><\/div>\n\n\n<div class=\"group relative bg-white h-[32px]\" aria-hidden=\"true\"><\/div>\n\n\n<section class=\"col-content bg-white \">\n    <div class=\"container\">\n        <div class=\"general-content\">\n            \n            <div class=\"flex flex-col tablet:flex-col gap-small items-start\">\n                <div class=\"flex-1 w-full\">\n                    <h2><img loading=\"lazy\" decoding=\"async\" class=\"alignnone wp-image-804 size-thumbnail\" src=\"https:\/\/trocellen.com\/wp-content\/uploads\/2025\/05\/training-icon-150x150.png\" alt=\"\" width=\"150\" height=\"150\" srcset=\"https:\/\/trocellen.com\/wp-content\/uploads\/2025\/05\/training-icon-150x150.png 150w, https:\/\/trocellen.com\/wp-content\/uploads\/2025\/05\/training-icon.png 289w\" sizes=\"auto, (max-width: 150px) 100vw, 150px\" \/><\/h2>\n<h2 class=\"wp-block-heading\">4. Formaci\u00f3n y desarrollo<\/h2>\n<p><em>\u00a1Nos encanta ver el crecimiento de nuestros empleados!<\/em><\/p>\n<p>En Trocellen creemos que invertir en el desarrollo personal y la formaci\u00f3n de nuestros empleados es una situaci\u00f3n en la que todos salimos ganando.<\/p>\n<p>Trabajamos con un sistema de \u00abDesaf\u00edo y Apoyo\u00bb, lo que significa que proporcionamos a nuestros empleados retos interesantes y les damos el apoyo que necesiten para conseguirlos.<\/p>\n<p>Los objetivos y las oportunidades para el desarrollo de cada empleado se discuten en las reuniones anuales de retroalimentaci\u00f3n. Esta es una gran oportunidad para que el empleado conozca sus puntos fuertes y sus oportunidades de desarrollo, y para que hable de sus necesidades de formaci\u00f3n con su gerente.<\/p>\n<p>Empoderamos a nuestros empleados para que tomen el control sobre su trayectoria profesional. Tras la reuni\u00f3n anual de retroalimentaci\u00f3n, tanto el empleado como su gerente definen la trayectoria profesional en la cual trabajar\u00e1 el empleado durante el a\u00f1o o los a\u00f1os siguientes. De este modo nos aseguramos de que nuestros empleados est\u00e9n comprometidos y motivados, y de que nuestra empresa cuente con la mano de obra cualificada y formada que necesitamos para ser los mejores en lo que hacemos.<\/p>\n                <\/div>\n\n                <div class=\"flex-1\">\n                                    <\/div>\n            <\/div>\n\n        <\/div>\n    <\/div>\n<\/section>\n\n\n<div class=\"group relative bg-white h-[32px]\" aria-hidden=\"true\"><\/div>\n\n\n<div class=\"group relative bg-gray-200 h-[32px]\" aria-hidden=\"true\"><\/div>\n\n\n<section class=\"col-content bg-gray-200 \">\n    <div class=\"container\">\n        <div class=\"general-content\">\n            \n            <div class=\"flex flex-col tablet:flex-col gap-small items-start\">\n                <div class=\"flex-1 w-full\">\n                    <h2><img loading=\"lazy\" decoding=\"async\" class=\"alignnone wp-image-805 size-thumbnail\" src=\"https:\/\/trocellen.com\/wp-content\/uploads\/2025\/05\/supportive-icon-150x150.png\" alt=\"\" width=\"150\" height=\"150\" srcset=\"https:\/\/trocellen.com\/wp-content\/uploads\/2025\/05\/supportive-icon-150x150.png 150w, https:\/\/trocellen.com\/wp-content\/uploads\/2025\/05\/supportive-icon.png 288w\" sizes=\"auto, (max-width: 150px) 100vw, 150px\" \/><\/h2>\n<h2 class=\"wp-block-heading\">5. Un entorno de apoyo<\/h2>\n<p><em>Una infraestructura c\u00f3moda y una cultura empresarial estupenda.<\/em><\/p>\n<p>Estar c\u00f3modo en el trabajo es imprescindible para lograr resultados excelentes. Es por ello que en Trocellen proporcionamos a nuestros empleados oficinas modernas y c\u00f3modas que incluyen comedores, zonas comunes y tambi\u00e9n \u00e1reas de servicio adecuadas (nuevas o renovadas) para los trabajadores de la f\u00e1brica. Tambi\u00e9n proporcionamos las mejores herramientas para los miembros del equipo que trabajan desde casa.<\/p>\n<p>Pero vamos m\u00e1s all\u00e1 de las cosas tangibles. La creaci\u00f3n de un entorno de apoyo tiene que ver con la cultura de la empresa, que en Trocellen se define por la cooperaci\u00f3n, el apoyo y la cordialidad. Conseguimos cosas grandes individualmente, pero a\u00fan mayores como equipo.<\/p>\n<p>Tambi\u00e9n trabajamos para tener una comunicaci\u00f3n eficaz, abierta y clara, con pol\u00edticas de puertas abiertas, programas a nivel de toda la empresa, eventos corporativos, promociones conjuntas de RSC y mucho m\u00e1s.<\/p>\n                <\/div>\n\n                <div class=\"flex-1\">\n                                    <\/div>\n            <\/div>\n\n        <\/div>\n    <\/div>\n<\/section>\n\n\n<div class=\"group relative bg-gray-200 h-[32px]\" aria-hidden=\"true\"><\/div>\n\n\n<div class=\"group relative bg-white h-[32px]\" aria-hidden=\"true\"><\/div>\n\n\n<section class=\"col-content bg-white \">\n    <div class=\"container\">\n        <div class=\"general-content\">\n            \n            <div class=\"flex flex-col tablet:flex-col gap-small items-start\">\n                <div class=\"flex-1 w-full\">\n                    <h2><img loading=\"lazy\" decoding=\"async\" class=\"alignnone wp-image-809 size-thumbnail\" src=\"https:\/\/trocellen.com\/wp-content\/uploads\/2025\/05\/loyalty-icon-1-150x150.png\" alt=\"\" width=\"150\" height=\"150\" srcset=\"https:\/\/trocellen.com\/wp-content\/uploads\/2025\/05\/loyalty-icon-1-150x150.png 150w, https:\/\/trocellen.com\/wp-content\/uploads\/2025\/05\/loyalty-icon-1.png 288w\" sizes=\"auto, (max-width: 150px) 100vw, 150px\" \/><\/h2>\n<h2 class=\"wp-block-heading\">6. Lealtad premiada<\/h2>\n<p><em>La lealtad se nota, se celebra y se premia.<\/em><\/p>\n<p>Nada nos hace m\u00e1s felices que empleados eligiendo a Trocellen a largo plazo. Aunque debido a las leyes y regulaciones locales, pueden diferir de un pa\u00eds a otro, nuestros programas de reconocimiento de la lealtad siempre transmiten el mismo mensaje: \u00a1Nos alegramos de que trabaje con nosotros!<\/p>\n<p>Trabajamos muy duro para crear el mejor entorno y que nuestros empleados se sientan felices, c\u00f3modos y satisfechos, y que sigan eligiendo a Trocellen como empleador.\u00a0 Y podemos decir con orgullo que m\u00e1s del 50% de nuestros empleados son veteranos de Trocellen, que llevan trabajando con nosotros desde hace m\u00e1s de 10-20-30, \u00a1e incluso 35 a\u00f1os!<\/p>\n<p>Ofrecemos diferentes premios como reconocimiento a la lealtad, como d\u00edas extra de vacaciones, incentivos en efectivo, etc. Los premios se ajustan a las leyes y reglamentos locales.<\/p>\n                <\/div>\n\n                <div class=\"flex-1\">\n                                    <\/div>\n            <\/div>\n\n        <\/div>\n    <\/div>\n<\/section>\n\n\n<div class=\"group relative bg-white h-[32px]\" aria-hidden=\"true\"><\/div>","protected":false},"excerpt":{"rendered":"","protected":false},"author":1,"featured_media":0,"parent":0,"menu_order":0,"comment_status":"closed","ping_status":"closed","template":"template-parts\/page-general.php","meta":{"_acf_changed":false,"footnotes":""},"class_list":["post-14245","page","type-page","status-publish","hentry"],"acf":[],"yoast_head":"<!-- This site is optimized with the Yoast SEO plugin v25.9 - https:\/\/yoast.com\/wordpress\/plugins\/seo\/ -->\n<title>Atenci\u00f3n al empleado - Trocellen, the European polyolefin foam solution provider<\/title>\n<meta name=\"robots\" content=\"index, follow, max-snippet:-1, max-image-preview:large, max-video-preview:-1\" \/>\n<link rel=\"canonical\" href=\"https:\/\/trocellen.com\/employee-care\/\" \/>\n<meta property=\"og:locale\" content=\"es_ES\" \/>\n<meta property=\"og:type\" content=\"article\" \/>\n<meta property=\"og:title\" content=\"Atenci\u00f3n al empleado - Trocellen, the European polyolefin foam solution provider\" \/>\n<meta property=\"og:url\" content=\"https:\/\/trocellen.com\/employee-care\/\" \/>\n<meta property=\"og:site_name\" content=\"Trocellen, the European polyolefin foam solution provider\" \/>\n<meta property=\"article:modified_time\" content=\"2025-10-22T06:55:41+00:00\" \/>\n<meta name=\"twitter:card\" content=\"summary_large_image\" \/>\n<script type=\"application\/ld+json\" class=\"yoast-schema-graph\">{\"@context\":\"https:\/\/schema.org\",\"@graph\":[{\"@type\":\"WebPage\",\"@id\":\"https:\/\/trocellen.com\/employee-care\/\",\"url\":\"https:\/\/trocellen.com\/employee-care\/\",\"name\":\"Atenci\u00f3n al empleado - Trocellen, the European polyolefin foam solution provider\",\"isPartOf\":{\"@id\":\"https:\/\/trocellen.com\/#website\"},\"datePublished\":\"2025-10-13T07:37:00+00:00\",\"dateModified\":\"2025-10-22T06:55:41+00:00\",\"breadcrumb\":{\"@id\":\"https:\/\/trocellen.com\/employee-care\/#breadcrumb\"},\"inLanguage\":\"es\",\"potentialAction\":[{\"@type\":\"ReadAction\",\"target\":[\"https:\/\/trocellen.com\/employee-care\/\"]}]},{\"@type\":\"BreadcrumbList\",\"@id\":\"https:\/\/trocellen.com\/employee-care\/#breadcrumb\",\"itemListElement\":[{\"@type\":\"ListItem\",\"position\":1,\"name\":\"Home\",\"item\":\"https:\/\/trocellen.com\/es\/\"},{\"@type\":\"ListItem\",\"position\":2,\"name\":\"Atenci\u00f3n al empleado\"}]},{\"@type\":\"WebSite\",\"@id\":\"https:\/\/trocellen.com\/#website\",\"url\":\"https:\/\/trocellen.com\/\",\"name\":\"Trocellen, the European polyolefin foam solution provider\",\"description\":\"TROCELLEN\u00ae is a leading manufacturer of chemically and physically cross-linked polyolefin and rubber foam solutions\",\"potentialAction\":[{\"@type\":\"SearchAction\",\"target\":{\"@type\":\"EntryPoint\",\"urlTemplate\":\"https:\/\/trocellen.com\/?s={search_term_string}\"},\"query-input\":{\"@type\":\"PropertyValueSpecification\",\"valueRequired\":true,\"valueName\":\"search_term_string\"}}],\"inLanguage\":\"es\"}]}<\/script>\n<!-- \/ Yoast SEO plugin. -->","yoast_head_json":{"title":"Atenci\u00f3n al empleado - Trocellen, the European polyolefin foam solution provider","robots":{"index":"index","follow":"follow","max-snippet":"max-snippet:-1","max-image-preview":"max-image-preview:large","max-video-preview":"max-video-preview:-1"},"canonical":"https:\/\/trocellen.com\/employee-care\/","og_locale":"es_ES","og_type":"article","og_title":"Atenci\u00f3n al empleado - Trocellen, the European polyolefin foam solution provider","og_url":"https:\/\/trocellen.com\/employee-care\/","og_site_name":"Trocellen, the European polyolefin foam solution provider","article_modified_time":"2025-10-22T06:55:41+00:00","twitter_card":"summary_large_image","schema":{"@context":"https:\/\/schema.org","@graph":[{"@type":"WebPage","@id":"https:\/\/trocellen.com\/employee-care\/","url":"https:\/\/trocellen.com\/employee-care\/","name":"Atenci\u00f3n al empleado - Trocellen, the European polyolefin foam solution provider","isPartOf":{"@id":"https:\/\/trocellen.com\/#website"},"datePublished":"2025-10-13T07:37:00+00:00","dateModified":"2025-10-22T06:55:41+00:00","breadcrumb":{"@id":"https:\/\/trocellen.com\/employee-care\/#breadcrumb"},"inLanguage":"es","potentialAction":[{"@type":"ReadAction","target":["https:\/\/trocellen.com\/employee-care\/"]}]},{"@type":"BreadcrumbList","@id":"https:\/\/trocellen.com\/employee-care\/#breadcrumb","itemListElement":[{"@type":"ListItem","position":1,"name":"Home","item":"https:\/\/trocellen.com\/es\/"},{"@type":"ListItem","position":2,"name":"Atenci\u00f3n al empleado"}]},{"@type":"WebSite","@id":"https:\/\/trocellen.com\/#website","url":"https:\/\/trocellen.com\/","name":"Trocellen, the European polyolefin foam solution provider","description":"TROCELLEN\u00ae is a leading manufacturer of chemically and physically cross-linked polyolefin and rubber foam solutions","potentialAction":[{"@type":"SearchAction","target":{"@type":"EntryPoint","urlTemplate":"https:\/\/trocellen.com\/?s={search_term_string}"},"query-input":{"@type":"PropertyValueSpecification","valueRequired":true,"valueName":"search_term_string"}}],"inLanguage":"es"}]}},"_links":{"self":[{"href":"https:\/\/trocellen.com\/es\/wp-json\/wp\/v2\/pages\/14245","targetHints":{"allow":["GET"]}}],"collection":[{"href":"https:\/\/trocellen.com\/es\/wp-json\/wp\/v2\/pages"}],"about":[{"href":"https:\/\/trocellen.com\/es\/wp-json\/wp\/v2\/types\/page"}],"author":[{"embeddable":true,"href":"https:\/\/trocellen.com\/es\/wp-json\/wp\/v2\/users\/1"}],"replies":[{"embeddable":true,"href":"https:\/\/trocellen.com\/es\/wp-json\/wp\/v2\/comments?post=14245"}],"version-history":[{"count":3,"href":"https:\/\/trocellen.com\/es\/wp-json\/wp\/v2\/pages\/14245\/revisions"}],"predecessor-version":[{"id":14625,"href":"https:\/\/trocellen.com\/es\/wp-json\/wp\/v2\/pages\/14245\/revisions\/14625"}],"wp:attachment":[{"href":"https:\/\/trocellen.com\/es\/wp-json\/wp\/v2\/media?parent=14245"}],"curies":[{"name":"wp","href":"https:\/\/api.w.org\/{rel}","templated":true}]}}