{"id":13250,"date":"2025-04-29T08:22:11","date_gmt":"2025-04-29T08:22:11","guid":{"rendered":"https:\/\/trocellen-dev.local\/sostenibilidad\/people-society\/"},"modified":"2026-01-16T10:58:16","modified_gmt":"2026-01-16T10:58:16","slug":"personas-y-sociedad","status":"publish","type":"page","link":"https:\/\/trocellen.com\/es\/sostenibilidad\/personas-y-sociedad\/","title":{"rendered":"Personas y sociedad"},"content":{"rendered":"\n<div class=\"group relative bg-white h-[24px] laptop:h-[64px]\" aria-hidden=\"true\"><\/div>\n\n\n<section class=\"col-content bg-white \">\n    <div class=\"container\">\n        <div class=\"general-content\">\n            \n            <div class=\"flex flex-col tablet:flex-col gap-small items-start\">\n                <div class=\"flex-1 w-full\">\n                    <h2>Nuestro compromiso con las personas y la sociedad<\/h2>\n<p>En Trocellen, creemos que nuestro mayor valor reside en nuestro personal. Es su creatividad, dedicaci\u00f3n y objetivo com\u00fan lo que impulsa la innovaci\u00f3n y nos lleva hacia un futuro m\u00e1s sostenible, no solo desde el punto de vista medioambiental, sino tambi\u00e9n social. Al invertir en el crecimiento, el bienestar y el compromiso de nuestros empleados, les capacitamos para afrontar los retos globales y generar un impacto positivo mucho m\u00e1s all\u00e1 de las paredes de nuestra empresa.<\/p>\n                <\/div>\n\n                <div class=\"flex-1\">\n                                    <\/div>\n            <\/div>\n\n        <\/div>\n    <\/div>\n<\/section>\n\n\n<section class=\"col-content bg-white \">\n    <div class=\"container\">\n        <div class=\"general-content\">\n            \n            <div class=\"flex flex-col tablet:flex-row gap-small items-start\">\n                <div class=\"flex-1 \">\n                    <h3>El estilo Trocellen: confianza, respeto y colaboraci\u00f3n<\/h3>\n<h4>Nuestros equipos viven el credo de Trocellen cada d\u00eda:<\/h4>\n                <\/div>\n\n                <div class=\"flex-1\">\n                    <ul>\n<li>Mantener los m\u00e1s altos est\u00e1ndares \u00e9ticos y valorar la honestidad por encima de todo.<\/li>\n<li>Impulsar la mejora continua y la innovaci\u00f3n en cada tarea.<\/li>\n<li>Afrontar los retos de forma pr\u00e1ctica, manteni\u00e9ndonos cerca de las necesidades reales.<\/li>\n<li>Ser proactivos, trabajar juntos hasta encontrar la mejor soluci\u00f3n.<\/li>\n<li>Mantener una comunicaci\u00f3n abierta para compartir ideas y crecer juntos.<\/li>\n<\/ul>\n<p>Fomentamos una cultura basada en la confianza y el respeto, en la que los empleados se sienten valorados, escuchados y animados a aprender, tomar la iniciativa y apoyarse mutuamente.<\/p>\n                <\/div>\n            <\/div>\n\n        <\/div>\n    <\/div>\n<\/section>\n\n\n<div class=\"group relative bg-white h-[24px] laptop:h-[64px]\" aria-hidden=\"true\"><\/div>\n\n\n<div class=\"group relative bg-gray-200 h-[24px] laptop:h-[64px]\" aria-hidden=\"true\"><\/div>\n\n\n<section class=\"col-content bg-gray-200 \">\n    <div class=\"container\">\n        <div class=\"general-content\">\n            \n            <div class=\"flex flex-col tablet:flex-row gap-small items-start\">\n                <div class=\"flex-1 \">\n                    <p><img loading=\"lazy\" decoding=\"async\" class=\"rounded-tr-tr-120 overflow-hidden alignnone wp-image-14204 size-full\" src=\"https:\/\/trocellen.com\/wp-content\/uploads\/2025\/10\/people_bonding.jpg\" alt=\"\" width=\"1124\" height=\"748\" srcset=\"https:\/\/trocellen.com\/wp-content\/uploads\/2025\/10\/people_bonding.jpg 1124w, https:\/\/trocellen.com\/wp-content\/uploads\/2025\/10\/people_bonding-300x200.jpg 300w, https:\/\/trocellen.com\/wp-content\/uploads\/2025\/10\/people_bonding-1024x681.jpg 1024w, https:\/\/trocellen.com\/wp-content\/uploads\/2025\/10\/people_bonding-768x511.jpg 768w\" sizes=\"auto, (max-width: 1124px) 100vw, 1124px\" \/><\/p>\n                <\/div>\n\n                <div class=\"flex-1\">\n                    <h2>Un lugar de trabajo seguro, inclusivo y empoderador<\/h2>\n<h3>Salud y seguridad: siempre lo primero<\/h3>\n<blockquote>\n<h4 style=\"text-align: center;\">La seguridad es lo primero, sin excepciones.<\/h4>\n<\/blockquote>\n<p class=\"p1\"><span class=\"s1\">Mejoramos continuamente nuestros entornos de trabajo, equipamientos, maquinaria y procesos para proteger a nuestro equipo humano. A trav\u00e9s de una formaci\u00f3n rigurosa y un compromiso compartido con la seguridad, nuestro objetivo es lograr cero accidentes y crear un lugar de trabajo donde todos puedan prosperar.<\/span><\/p>\n                <\/div>\n            <\/div>\n\n        <\/div>\n    <\/div>\n<\/section>\n\n\n<section class=\"col-content bg-gray-200 \">\n    <div class=\"container\">\n        <div class=\"general-content\">\n            \n            <div class=\"flex flex-col tablet:flex-col gap-small items-start\">\n                <div class=\"flex-1 w-full\">\n                    <h3>Derechos humanos y diversidad<\/h3>\n<p>Trocellen defiende estrictamente los derechos humanos, proh\u00edbe la discriminaci\u00f3n y el acoso, y promueve activamente la diversidad y la inclusi\u00f3n para garantizar que todos sean tratados con dignidad y equidad.<\/p>\n<h3>Apoyo al bienestar y al crecimiento<\/h3>\n<p>Fomentamos formas de trabajo flexibles y solidarias para que cada persona pueda crecer a su propio ritmo. Defendemos iniciativas de salud mental y f\u00edsica, proporcionamos acceso a recursos esenciales y animamos a todos los empleados a aprovechar al m\u00e1ximo su talento, creando un equipo motivado, conectado y orgulloso de su trabajo.<\/p>\n<h3>Retribuir y crear un impacto social duradero<\/h3>\n<p>En Trocellen, creemos que el \u00e9xito empresarial va de la mano de unos fuertes lazos con la comunidad. Nuestros equipos en todo el mundo participan en iniciativas sociales que apoyan a las generaciones futuras, promueven estilos de vida saludables, celebran la cultura y protegen a los m\u00e1s necesitados.<\/p>\n                <\/div>\n\n                <div class=\"flex-1\">\n                                    <\/div>\n            <\/div>\n\n        <\/div>\n    <\/div>\n<\/section>\n\n\n<div class=\"group relative bg-gray-200 h-[24px] laptop:h-[64px]\" aria-hidden=\"true\"><\/div>\n\n\n<div class=\"group relative bg-white h-[24px] laptop:h-[64px]\" aria-hidden=\"true\"><\/div>\n\n<section class=\"heading-block\">\n    <div class=\"container\">\n        \n        <div class=\"general-content border-b-[4px] border-gradient !py-small text-center\">\n            \n            \n                <div class=\"general-content\">\n                        <h2 class=\"!p-0 !border-none\">\n                            Nuestras \u00e1reas estrat\u00e9gicas                        <\/h2>\n                                    <\/div>\n\n            \n        <\/div>\n    <\/div>\n<\/section>\n\n\n<div class=\"group relative bg-white h-[16px]\" aria-hidden=\"true\"><\/div>\n\n\n<section class=\"col-content bg-white \">\n    <div class=\"container\">\n        <div class=\"general-content\">\n            \n            <div class=\"flex flex-col tablet:flex-row gap-small items-start\">\n                <div class=\"flex-1 \">\n                    <h3>Bienestar y seguridad:<\/h3>\n<ul>\n<li>incorporamos la salud, la seguridad y la flexibilidad en nuestra cultura para apoyar una vida equilibrada y plena.<\/li>\n<\/ul>\n                <\/div>\n\n                <div class=\"flex-1\">\n                    <h3>Desarrollo y compromiso:<\/h3>\n<ul>\n<li>proporcionamos aprendizaje estructurado, programas de liderazgo y actividades regulares en equipo para desarrollar habilidades y mantener a nuestra gente conectada y motivada.<\/li>\n<\/ul>\n                <\/div>\n            <\/div>\n\n        <\/div>\n    <\/div>\n<\/section>\n\n\n<section class=\"col-content bg-white \">\n    <div class=\"container\">\n        <div class=\"general-content\">\n            \n            <div class=\"flex flex-col tablet:flex-row gap-small items-start\">\n                <div class=\"flex-1 \">\n                    <h3>Equidad y derechos humanos:<\/h3>\n<ul>\n<li>defendemos las normas \u00e9ticas en el empleo, la diversidad y los derechos laborales, con el respaldo de pol\u00edticas claras y formaci\u00f3n peri\u00f3dica.<\/li>\n<\/ul>\n                <\/div>\n\n                <div class=\"flex-1\">\n                    <h3>Transparencia y confianza:<\/h3>\n<ul>\n<li>fomentamos la comunicaci\u00f3n abierta, las pr\u00e1cticas \u00e9ticas y el empoderamiento de los empleados para que se responsabilicen, lo que impulsa la innovaci\u00f3n y el \u00e9xito compartido.<\/li>\n<\/ul>\n                <\/div>\n            <\/div>\n\n        <\/div>\n    <\/div>\n<\/section>\n\n\n<div class=\"group relative bg-white h-[24px] laptop:h-[64px]\" aria-hidden=\"true\"><\/div>\n\n\n<div class=\"group relative bg-gray-200 h-[24px] laptop:h-[64px]\" aria-hidden=\"true\"><\/div>\n\n\n<section class=\"col-content bg-gray-200 \">\n    <div class=\"container\">\n        <div class=\"general-content\">\n            \n            <div class=\"flex flex-col tablet:flex-row gap-small items-start\">\n                <div class=\"flex-1 \">\n                    <h2>Juntos construimos un futuro mejor<\/h2>\n<p>En Trocellen somos m\u00e1s que compa\u00f1eros de trabajo: somos una comunidad unida por objetivos comunes y la alegr\u00eda de crear valor duradero. Al poner a las personas en el centro de todo lo que hacemos, fortalecemos nuestros equipos, nuestras comunidades y nuestro impacto en la sociedad.<\/p>\n<p>\u00bfDesea obtener m\u00e1s informaci\u00f3n sobre nuestras iniciativas centradas en las personas o explorar oportunidades de colaboraci\u00f3n? P\u00f3ngase en contacto con nosotros: estamos listos para marcar la diferencia juntos.<\/p>\n                <\/div>\n\n                <div class=\"flex-1\">\n                    <p><img loading=\"lazy\" decoding=\"async\" class=\"rounded-tr-tr-120 overflow-hidden alignnone wp-image-14212 size-full\" src=\"https:\/\/trocellen.com\/wp-content\/uploads\/2025\/10\/people_together.jpg\" alt=\"\" width=\"1124\" height=\"749\" srcset=\"https:\/\/trocellen.com\/wp-content\/uploads\/2025\/10\/people_together.jpg 1124w, https:\/\/trocellen.com\/wp-content\/uploads\/2025\/10\/people_together-300x200.jpg 300w, https:\/\/trocellen.com\/wp-content\/uploads\/2025\/10\/people_together-1024x682.jpg 1024w, https:\/\/trocellen.com\/wp-content\/uploads\/2025\/10\/people_together-768x512.jpg 768w\" sizes=\"auto, (max-width: 1124px) 100vw, 1124px\" \/><\/p>\n                <\/div>\n            <\/div>\n\n        <\/div>\n    <\/div>\n<\/section>\n\n\n<div class=\"group relative bg-gray-200 h-[24px] laptop:h-[64px]\" aria-hidden=\"true\"><\/div>","protected":false},"excerpt":{"rendered":"","protected":false},"author":1,"featured_media":0,"parent":7505,"menu_order":0,"comment_status":"closed","ping_status":"closed","template":"template-parts\/page-general.php","meta":{"_acf_changed":false,"footnotes":""},"class_list":["post-13250","page","type-page","status-publish","hentry"],"acf":[],"yoast_head":"<!-- This site is optimized with the Yoast SEO plugin v25.9 - https:\/\/yoast.com\/wordpress\/plugins\/seo\/ -->\n<title>Personas y sociedad - Trocellen, the European polyolefin foam solution provider<\/title>\n<meta name=\"robots\" content=\"index, follow, max-snippet:-1, max-image-preview:large, max-video-preview:-1\" \/>\n<link rel=\"canonical\" href=\"https:\/\/trocellen.com\/es\/sostenibilidad\/personas-y-sociedad\/\" \/>\n<meta property=\"og:locale\" content=\"es_ES\" \/>\n<meta property=\"og:type\" content=\"article\" \/>\n<meta property=\"og:title\" content=\"Personas y sociedad - Trocellen, the European polyolefin foam solution provider\" \/>\n<meta property=\"og:url\" content=\"https:\/\/trocellen.com\/es\/sostenibilidad\/personas-y-sociedad\/\" \/>\n<meta property=\"og:site_name\" content=\"Trocellen, the European polyolefin foam solution provider\" \/>\n<meta property=\"article:modified_time\" content=\"2026-01-16T10:58:16+00:00\" \/>\n<meta name=\"twitter:card\" content=\"summary_large_image\" \/>\n<script type=\"application\/ld+json\" class=\"yoast-schema-graph\">{\"@context\":\"https:\/\/schema.org\",\"@graph\":[{\"@type\":\"WebPage\",\"@id\":\"https:\/\/trocellen.com\/es\/sostenibilidad\/personas-y-sociedad\/\",\"url\":\"https:\/\/trocellen.com\/es\/sostenibilidad\/personas-y-sociedad\/\",\"name\":\"Personas y sociedad - Trocellen, the European polyolefin foam solution provider\",\"isPartOf\":{\"@id\":\"https:\/\/trocellen.com\/#website\"},\"datePublished\":\"2025-04-29T08:22:11+00:00\",\"dateModified\":\"2026-01-16T10:58:16+00:00\",\"breadcrumb\":{\"@id\":\"https:\/\/trocellen.com\/es\/sostenibilidad\/personas-y-sociedad\/#breadcrumb\"},\"inLanguage\":\"es\",\"potentialAction\":[{\"@type\":\"ReadAction\",\"target\":[\"https:\/\/trocellen.com\/es\/sostenibilidad\/personas-y-sociedad\/\"]}]},{\"@type\":\"BreadcrumbList\",\"@id\":\"https:\/\/trocellen.com\/es\/sostenibilidad\/personas-y-sociedad\/#breadcrumb\",\"itemListElement\":[{\"@type\":\"ListItem\",\"position\":1,\"name\":\"Home\",\"item\":\"https:\/\/trocellen.com\/es\/\"},{\"@type\":\"ListItem\",\"position\":2,\"name\":\"Personas y sociedad\"}]},{\"@type\":\"WebSite\",\"@id\":\"https:\/\/trocellen.com\/#website\",\"url\":\"https:\/\/trocellen.com\/\",\"name\":\"Trocellen, the European polyolefin foam solution provider\",\"description\":\"TROCELLEN\u00ae is a leading manufacturer of chemically and physically cross-linked polyolefin and rubber foam solutions\",\"potentialAction\":[{\"@type\":\"SearchAction\",\"target\":{\"@type\":\"EntryPoint\",\"urlTemplate\":\"https:\/\/trocellen.com\/?s={search_term_string}\"},\"query-input\":{\"@type\":\"PropertyValueSpecification\",\"valueRequired\":true,\"valueName\":\"search_term_string\"}}],\"inLanguage\":\"es\"}]}<\/script>\n<!-- \/ Yoast SEO plugin. -->","yoast_head_json":{"title":"Personas y sociedad - Trocellen, the European polyolefin foam solution provider","robots":{"index":"index","follow":"follow","max-snippet":"max-snippet:-1","max-image-preview":"max-image-preview:large","max-video-preview":"max-video-preview:-1"},"canonical":"https:\/\/trocellen.com\/es\/sostenibilidad\/personas-y-sociedad\/","og_locale":"es_ES","og_type":"article","og_title":"Personas y sociedad - Trocellen, the European polyolefin foam solution provider","og_url":"https:\/\/trocellen.com\/es\/sostenibilidad\/personas-y-sociedad\/","og_site_name":"Trocellen, the European polyolefin foam solution provider","article_modified_time":"2026-01-16T10:58:16+00:00","twitter_card":"summary_large_image","schema":{"@context":"https:\/\/schema.org","@graph":[{"@type":"WebPage","@id":"https:\/\/trocellen.com\/es\/sostenibilidad\/personas-y-sociedad\/","url":"https:\/\/trocellen.com\/es\/sostenibilidad\/personas-y-sociedad\/","name":"Personas y sociedad - Trocellen, the European polyolefin foam solution provider","isPartOf":{"@id":"https:\/\/trocellen.com\/#website"},"datePublished":"2025-04-29T08:22:11+00:00","dateModified":"2026-01-16T10:58:16+00:00","breadcrumb":{"@id":"https:\/\/trocellen.com\/es\/sostenibilidad\/personas-y-sociedad\/#breadcrumb"},"inLanguage":"es","potentialAction":[{"@type":"ReadAction","target":["https:\/\/trocellen.com\/es\/sostenibilidad\/personas-y-sociedad\/"]}]},{"@type":"BreadcrumbList","@id":"https:\/\/trocellen.com\/es\/sostenibilidad\/personas-y-sociedad\/#breadcrumb","itemListElement":[{"@type":"ListItem","position":1,"name":"Home","item":"https:\/\/trocellen.com\/es\/"},{"@type":"ListItem","position":2,"name":"Personas y sociedad"}]},{"@type":"WebSite","@id":"https:\/\/trocellen.com\/#website","url":"https:\/\/trocellen.com\/","name":"Trocellen, the European polyolefin foam solution provider","description":"TROCELLEN\u00ae is a leading manufacturer of chemically and physically cross-linked polyolefin and rubber foam solutions","potentialAction":[{"@type":"SearchAction","target":{"@type":"EntryPoint","urlTemplate":"https:\/\/trocellen.com\/?s={search_term_string}"},"query-input":{"@type":"PropertyValueSpecification","valueRequired":true,"valueName":"search_term_string"}}],"inLanguage":"es"}]}},"_links":{"self":[{"href":"https:\/\/trocellen.com\/es\/wp-json\/wp\/v2\/pages\/13250","targetHints":{"allow":["GET"]}}],"collection":[{"href":"https:\/\/trocellen.com\/es\/wp-json\/wp\/v2\/pages"}],"about":[{"href":"https:\/\/trocellen.com\/es\/wp-json\/wp\/v2\/types\/page"}],"author":[{"embeddable":true,"href":"https:\/\/trocellen.com\/es\/wp-json\/wp\/v2\/users\/1"}],"replies":[{"embeddable":true,"href":"https:\/\/trocellen.com\/es\/wp-json\/wp\/v2\/comments?post=13250"}],"version-history":[{"count":4,"href":"https:\/\/trocellen.com\/es\/wp-json\/wp\/v2\/pages\/13250\/revisions"}],"predecessor-version":[{"id":15390,"href":"https:\/\/trocellen.com\/es\/wp-json\/wp\/v2\/pages\/13250\/revisions\/15390"}],"up":[{"embeddable":true,"href":"https:\/\/trocellen.com\/es\/wp-json\/wp\/v2\/pages\/7505"}],"wp:attachment":[{"href":"https:\/\/trocellen.com\/es\/wp-json\/wp\/v2\/media?parent=13250"}],"curies":[{"name":"wp","href":"https:\/\/api.w.org\/{rel}","templated":true}]}}