{"id":12724,"date":"2025-04-29T08:21:43","date_gmt":"2025-04-29T08:21:43","guid":{"rendered":"https:\/\/trocellen-dev.local\/sostenibilidad\/environment\/"},"modified":"2026-01-16T10:34:23","modified_gmt":"2026-01-16T10:34:23","slug":"medioambiente","status":"publish","type":"page","link":"https:\/\/trocellen.com\/es\/sostenibilidad\/medioambiente\/","title":{"rendered":"Medioambiente"},"content":{"rendered":"\n<div class=\"group relative bg-gray-200 h-[32px]\" aria-hidden=\"true\"><\/div>\n\n\n<section class=\"col-content bg-gray-200 \">\n    <div class=\"container\">\n        <div class=\"general-content\">\n            \n            <div class=\"flex flex-col tablet:flex-row gap-small items-start\">\n                <div class=\"flex-1 \">\n                    <h2>Nuestro compromiso con el medio ambiente<\/h2>\n<p>En Trocellen, dar forma a un futuro sostenible es m\u00e1s que una ambici\u00f3n: es nuestra promesa.<\/p>\n<p>Somos conscientes de que la preservaci\u00f3n del medio ambiente global es uno de los retos m\u00e1s acuciantes de nuestro tiempo. Como especialistas l\u00edderes en soluciones basadas en pol\u00edmeros, nos esforzamos cada d\u00eda por desarrollar productos innovadores y responsables que equilibren las necesidades humanas con la armon\u00eda ecol\u00f3gica.<\/p>\n<h2>Nuestra misi\u00f3n es clara:<\/h2>\n<ul>\n<li>Reducir nuestro impacto medioambiental.<\/li>\n<li>Facilitar la circularidad en todos los sectores,<\/li>\n<li>Y apoyar los esfuerzos globales para combatir el cambio clim\u00e1tico, todo ello mediante tecnolog\u00edas de materiales de vanguardia.<\/li>\n<\/ul>\n                <\/div>\n\n                <div class=\"flex-1\">\n                    <p><img loading=\"lazy\" decoding=\"async\" class=\"rounded-tr-tr-120 overflow-hidden alignnone wp-image-14160 size-full\" src=\"https:\/\/trocellen.com\/wp-content\/uploads\/2025\/10\/environment.jpg\" alt=\"\" width=\"1000\" height=\"667\" srcset=\"https:\/\/trocellen.com\/wp-content\/uploads\/2025\/10\/environment.jpg 1000w, https:\/\/trocellen.com\/wp-content\/uploads\/2025\/10\/environment-300x200.jpg 300w, https:\/\/trocellen.com\/wp-content\/uploads\/2025\/10\/environment-768x512.jpg 768w\" sizes=\"auto, (max-width: 1000px) 100vw, 1000px\" \/><\/p>\n                <\/div>\n            <\/div>\n\n        <\/div>\n    <\/div>\n<\/section>\n\n\n<div class=\"group relative bg-gray-200 h-[32px]\" aria-hidden=\"true\"><\/div>\n\n\n<div class=\"group relative bg-white h-[32px]\" aria-hidden=\"true\"><\/div>\n\n\n<section class=\"col-content bg-white \">\n    <div class=\"container\">\n        <div class=\"general-content\">\n            \n            <div class=\"flex flex-col tablet:flex-row gap-small items-start\">\n                <div class=\"flex-1 \">\n                    <h2>Fundamentos de nuestro enfoque sostenible<\/h2>\n                <\/div>\n\n                <div class=\"flex-1\">\n                    <h3>En todos los sectores a los que prestamos servicio, nuestras soluciones se basan en los mismos principios:<\/h3>\n<ul>\n<li>Ligereza: utilizar menos material y reducir las emisiones del transporte.<\/li>\n<li>Alta calidad y rendimiento constante: garantizamos que los productos duren m\u00e1s y funcionen de forma fiable.<\/li>\n<li>Simplicidad: f\u00e1cil integraci\u00f3n en diversas aplicaciones y m\u00e1s f\u00e1cil de reciclar.<\/li>\n<li>Larga vida \u00fatil: minimizaci\u00f3n de residuos al prolongar su uso.<\/li>\n<\/ul>\n<p>Gracias a estos pilares, los productos Trocellen mejoran el confort y la seguridad, al tiempo que contribuyen activamente a la protecci\u00f3n del medio ambiente.<\/p>\n                <\/div>\n            <\/div>\n\n        <\/div>\n    <\/div>\n<\/section>\n\n\n<div class=\"group relative bg-white h-[32px]\" aria-hidden=\"true\"><\/div>\n\n\n<div class=\"group relative bg-gray-200 h-[32px]\" aria-hidden=\"true\"><\/div>\n\n\n<section class=\"col-content bg-gray-200 \">\n    <div class=\"container\">\n        <div class=\"general-content\">\n            \n            <div class=\"flex flex-col tablet:flex-row gap-small items-start\">\n                <div class=\"flex-1 \">\n                    <h2>Sostenibilidad en acci\u00f3n<\/h2>\n                <\/div>\n\n                <div class=\"flex-1\">\n                    <h3>El ecodise\u00f1o como eje central<\/h3>\n<p>La sostenibilidad no se limita a la fabricaci\u00f3n. Por eso incorporamos los principios del ecodise\u00f1o en todo nuestro proceso de desarrollo de productos.<\/p>\n<ul>\n<li>Analizamos los productos a lo largo de todo su ciclo de vida (LCA), desde la extracci\u00f3n de las materias primas, pasando por la producci\u00f3n y el transporte, hasta el final de su vida \u00fatil.<\/li>\n<li>Esto nos permite identificar y minimizar el impacto medioambiental en cada etapa.<\/li>\n<li>Para 2025, nuestro objetivo es que todos los nuevos productos Trocellen sean ecodise\u00f1ados, combinando el mejor rendimiento con la menor huella ecol\u00f3gica posible.<\/li>\n<\/ul>\n                <\/div>\n            <\/div>\n\n        <\/div>\n    <\/div>\n<\/section>\n\n\n<div class=\"group relative bg-gray-200 h-[32px]\" aria-hidden=\"true\"><\/div>\n\n\n<div class=\"group relative bg-white h-[32px]\" aria-hidden=\"true\"><\/div>\n\n<section class=\"heading-block\">\n    <div class=\"container\">\n        \n        <div class=\"general-content border-b-[4px] border-gradient !py-small flex justify-between items-center\">\n            \n                            \n                <div class=\"general-content\">\n                    <h2 class=\"!p-0 !border-none\">\n                        NATURELOOP                    <\/h2>\n                                            <h3>\n                            construyendo un futuro circular                        <\/h3>\n                                    <\/div>\n\n                <div>\n                    <img decoding=\"async\" src=\"https:\/\/trocellen.com\/wp-content\/uploads\/2025\/09\/natureloop-logo-small.png\" \n                         alt=\"\"\n                         class=\"max-h-12 w-auto mx-auto tablet:mx-0 mt-default\">\n                <\/div>\n\n            \n        <\/div>\n    <\/div>\n<\/section>\n\n\n<div class=\"group relative bg-white h-[32px]\" aria-hidden=\"true\"><\/div>\n\n\n<section class=\"col-content bg-white \">\n    <div class=\"container\">\n        <div class=\"general-content\">\n            \n            <div class=\"flex flex-col tablet:flex-row gap-small items-start\">\n                <div class=\"flex-1 \">\n                    <p>Nuestra gama NATURELOOP representa el compromiso integral de Trocellen con la sostenibilidad.<\/p>\n                <\/div>\n\n                <div class=\"flex-1\">\n                    <ul>\n<li>Dise\u00f1ada para minimizar el impacto medioambiental y ofrecer soluciones ligeras, duraderas y de alto rendimiento.<\/li>\n<li>Basado en rigurosos estudios de LCA y en el concepto de ecodise\u00f1o, NATURELOOP tiene como objetivo cerrar los ciclos de los materiales, satisfaciendo tanto sus necesidades como las del planeta.<\/li>\n<\/ul>\n                <\/div>\n            <\/div>\n\n        <\/div>\n    <\/div>\n<\/section>\n\n\n<div class=\"group relative bg-white h-[24px]\" aria-hidden=\"true\"><\/div>\n\n\n<section>\n    <div class=\"container\">\n        <div class=\"general-content text-center\">\n            <h3 class=\"mb-xs border-b-[4px] border-[#B7B7B7] !mb-0\">Sustainable Materials<\/h3>\n        <\/div>\n\n        \n            <div class=\"grid grid-cols-1 tablet:grid-cols-2 tablet:gap-xxl gap-default\">\n\n                \n                <div class=\"pt-xxl flex relative materials-container-outer\">\n                    <div class=\"p-default border-[2px] border-[#B7B7B7] rounded-tr-tr-60\">\n                        <div class=\"flex gap-default\">\n                            <img loading=\"lazy\" decoding=\"async\" src=\"https:\/\/trocellen.com\/wp-content\/uploads\/2025\/09\/REPE-icon.png\" width=\"68\" height=\"68\" alt=\"\" class=\"w-[68px] h-[68px]\">\n\n                            <div class=\"general-content materials-container\">\n                                <h3><span style=\"color: #07aebc\">REcy-PE:<\/span><\/h3>\n<p><span style=\"color: #07aebc\"><strong>polietileno reciclado para reducir la huella de carbono<\/strong><\/span><\/p>\n<p>La soluci\u00f3n REcy-PE de Trocellen integra polietileno reciclado en nuestras espumas:<\/p>\n<ul>\n<li>Hasta un 30 % de PE reciclado qu\u00edmicamente y un 20 % de PE reciclado mec\u00e1nicamente.<\/li>\n<li>Cada kg de LDPE f\u00f3sil sustituido por LDPE reciclado qu\u00edmicamente reduce las emisiones en hasta 0,86 kg de CO\u2082 equivalente.<\/li>\n<li>Contribuye a reducir el consumo de energ\u00eda, desv\u00eda los residuos de los vertederos y la incineraci\u00f3n, y ayuda a cumplir las exigentes normativas.<\/li>\n<\/ul>\n<p>Nuestras espumas REcy-PE est\u00e1n evaluadas y certificadas seg\u00fan la norma EN ISO 14021, y tambi\u00e9n proporcionamos an\u00e1lisis transparentes del impacto del ciclo de vida para respaldar sus informes de sostenibilidad.<\/p>\n                            <\/div>\n                        <\/div>\n                    <\/div>\n                <\/div>\n\n                \n                <div class=\"pt-xxl flex relative materials-container-outer\">\n                    <div class=\"p-default border-[2px] border-[#B7B7B7] rounded-tr-tr-60\">\n                        <div class=\"flex gap-default\">\n                            <img loading=\"lazy\" decoding=\"async\" src=\"https:\/\/trocellen.com\/wp-content\/uploads\/2025\/09\/TR-EEcell-icon.png\" width=\"68\" height=\"68\" alt=\"\" class=\"w-[68px] h-[68px]\">\n\n                            <div class=\"general-content materials-container\">\n                                <h3><span style=\"color: #b2cb07\">TR-EEcell:<\/span><\/h3>\n<p><span style=\"color: #b2cb07\"><strong>soluciones de origen biol\u00f3gico con total transparencia<\/strong><\/span><\/p>\n<p>TR-EEcell es la l\u00ednea de espumas de origen biol\u00f3gico de Trocellen, que utiliza materias primas derivadas de biomasa renovable, como residuos de ca\u00f1a de az\u00facar de segunda generaci\u00f3n:<\/p>\n<ul>\n<li>Evita la competencia con los recursos alimentarios.<\/li>\n<li>Ayuda a reducir la dependencia de los recursos f\u00f3siles y a capturar CO\u2082 durante el crecimiento de las plantas.<\/li>\n<li>Certificado por ISCC PLUS y DIN CERTCO, lo que garantiza un abastecimiento sostenible y una documentaci\u00f3n clara del contenido biol\u00f3gico.<\/li>\n<\/ul>\n<p>Desde la producci\u00f3n hasta el final de su vida \u00fatil, TR-EEcell contribuye a una reducci\u00f3n cuantificable de la huella de carbono, al tiempo que mantiene el mismo aspecto, tacto y fiabilidad que las espumas polim\u00e9ricas convencionales.<\/p>\n                            <\/div>\n                        <\/div>\n                    <\/div>\n                <\/div>\n\n                \n            <\/div>\n\n            <\/div>\n<\/section>\n\n\n<div class=\"group relative bg-white h-[48px]\" aria-hidden=\"true\"><\/div>\n\n\n<div class=\"group relative bg-gray-200 h-[32px]\" aria-hidden=\"true\"><\/div>\n\n\n<section class=\"col-content bg-gray-200 \">\n    <div class=\"container\">\n        <div class=\"general-content\">\n            \n            <div class=\"flex flex-col tablet:flex-row gap-small items-start\">\n                <div class=\"flex-1 \">\n                    <h2>Certificado y verificado para garantizar la confianza<\/h2>\n                <\/div>\n\n                <div class=\"flex-1\">\n                    <h3>Cadenas de suministro transparentes y auditor\u00edas independientes<\/h3>\n<p>Trocellen garantiza que tanto nuestros productos como el origen de nuestras materias primas superan los controles m\u00e1s estrictos:<\/p>\n<ul>\n<li>La certificaci\u00f3n ISCC PLUS garantiza la trazabilidad y la gesti\u00f3n responsable de las materias primas de origen biol\u00f3gico y recicladas a lo largo de toda nuestra cadena de suministro.<\/li>\n<li>Nuestras instalaciones son auditadas peri\u00f3dicamente por organismos de certificaci\u00f3n independientes.<\/li>\n<li>Tambi\u00e9n utilizamos el enfoque del balance de masa, ampliamente reconocido en la industria qu\u00edmica, para garantizar una calidad constante y realizar un seguimiento preciso del contenido sostenible.<\/li>\n<\/ul>\n<p>Explore nuestras plantas certificadas y descargue nuestros certificados aqu\u00ed.<\/p>\n<p>Demos forma a un mundo m\u00e1s limpio, seguro y sostenible, juntos.<\/p>\n                <\/div>\n            <\/div>\n\n        <\/div>\n    <\/div>\n<\/section>\n\n\n<div class=\"group relative bg-gray-200 h-[32px]\" aria-hidden=\"true\"><\/div>\n\n\n<div class=\"group relative bg-white h-[32px]\" aria-hidden=\"true\"><\/div>\n\n<section class=\"heading-block\">\n    <div class=\"container\">\n        \n        <div class=\"general-content border-b-[4px] border-gradient !py-small text-center\">\n            \n            \n                <div class=\"general-content\">\n                        <h2 class=\"!p-0 !border-none\">\n                            \u00bfPor qu\u00e9 elegir Trocellen?                        <\/h2>\n                                    <\/div>\n\n            \n        <\/div>\n    <\/div>\n<\/section>\n\n\n<div class=\"group relative bg-white h-[32px]\" aria-hidden=\"true\"><\/div>\n\n\n\n<section>\n    <div class=\"container\">\n        \n        \n            <div class=\"grid grid-cols-1 tablet:grid-cols-3 gap-default\">\n                \n                \n                <div class=\"general-content text-center\">\n                    <img loading=\"lazy\" decoding=\"async\" src=\"https:\/\/trocellen.com\/wp-content\/uploads\/2025\/09\/monitoring.png\" class=\"mx-auto mb-xs\" alt=\"\" height=\"54\" width=\"54\">\n\n                    <div class=\"feature-element-box\">\n                        <h4><span style=\"color: #a7157d\">Sostenibilidad integrada:<\/span><\/h4>\n<p>Desde la I+D hasta la entrega, cada paso cumple con rigurosas normas medioambientales.<\/p>\n                    <\/div>\n                <\/div>\n\n                \n                <div class=\"general-content text-center\">\n                    <img loading=\"lazy\" decoding=\"async\" src=\"https:\/\/trocellen.com\/wp-content\/uploads\/2025\/09\/data-backed.png\" class=\"mx-auto mb-xs\" alt=\"\" height=\"54\" width=\"54\">\n\n                    <div class=\"feature-element-box\">\n                        <h4><span style=\"color: #07aebc\">Transparencia respaldada por datos:<\/span><\/h4>\n<p>Declaraciones, certificaciones y ACV en los que puede confiar.<\/p>\n                    <\/div>\n                <\/div>\n\n                \n                <div class=\"general-content text-center\">\n                    <img loading=\"lazy\" decoding=\"async\" src=\"https:\/\/trocellen.com\/wp-content\/uploads\/2025\/09\/tailored-solutions.png\" class=\"mx-auto mb-xs\" alt=\"\" height=\"54\" width=\"54\">\n\n                    <div class=\"feature-element-box\">\n                        <h4><span style=\"color: #b2cb07\">Soluciones a medida:<\/span><\/h4>\n<p>Productos personalizados con contenido reciclado o de origen biol\u00f3gico, dise\u00f1ados para su sector y sus objetivos.<\/p>\n                    <\/div>\n                <\/div>\n\n                \n            <\/div>\n\n            \n    <\/div>\n<\/section>\n\n\n<div class=\"group relative bg-white h-[32px]\" aria-hidden=\"true\"><\/div>\n\n\n<div class=\"group relative bg-white h-[32px]\" aria-hidden=\"true\"><\/div>\n\n\n<section class=\"col-content bg-white \">\n    <div class=\"container\">\n        <div class=\"general-content\">\n            \n            <div class=\"flex flex-col tablet:flex-row gap-small items-start\">\n                <div class=\"flex-1 \">\n                    <h3 style=\"text-align: center\"><span style=\"color: #d14f1b\">Construyamos un futuro sostenible<\/span><\/h3>\n<p style=\"text-align: center\">Los cambios significativos se logran juntos. As\u00f3ciese con nosotros para crear cadenas de valor verdaderamente sostenibles, sin comprometer la calidad ni el rendimiento.<\/p>\n                <\/div>\n\n                <div class=\"flex-1\">\n                    <h3 style=\"text-align: center\"><span style=\"color: #b2cb07\">\u00bfListo para empezar?<\/span><\/h3>\n<p style=\"text-align: center\">P\u00f3ngase en contacto con nuestro equipo para descubrir soluciones ecol\u00f3gicas a medida.<\/p>\n                <\/div>\n            <\/div>\n\n        <\/div>\n    <\/div>\n<\/section>\n\n\n<div class=\"group relative bg-white h-[32px]\" aria-hidden=\"true\"><\/div>","protected":false},"excerpt":{"rendered":"","protected":false},"author":1,"featured_media":0,"parent":7505,"menu_order":0,"comment_status":"closed","ping_status":"closed","template":"template-parts\/page-general.php","meta":{"_acf_changed":false,"footnotes":""},"class_list":["post-12724","page","type-page","status-publish","hentry"],"acf":[],"yoast_head":"<!-- This site is optimized with the Yoast SEO plugin v25.9 - https:\/\/yoast.com\/wordpress\/plugins\/seo\/ -->\n<title>Medioambiente - Trocellen, the European polyolefin foam solution provider<\/title>\n<meta name=\"robots\" content=\"index, follow, max-snippet:-1, max-image-preview:large, max-video-preview:-1\" \/>\n<link rel=\"canonical\" href=\"https:\/\/trocellen.com\/es\/sostenibilidad\/medioambiente\/\" \/>\n<meta property=\"og:locale\" content=\"es_ES\" \/>\n<meta property=\"og:type\" content=\"article\" \/>\n<meta property=\"og:title\" content=\"Medioambiente - Trocellen, the European polyolefin foam solution provider\" \/>\n<meta property=\"og:url\" content=\"https:\/\/trocellen.com\/es\/sostenibilidad\/medioambiente\/\" \/>\n<meta property=\"og:site_name\" content=\"Trocellen, the European polyolefin foam solution provider\" \/>\n<meta property=\"article:modified_time\" content=\"2026-01-16T10:34:23+00:00\" \/>\n<meta name=\"twitter:card\" content=\"summary_large_image\" \/>\n<script type=\"application\/ld+json\" class=\"yoast-schema-graph\">{\"@context\":\"https:\/\/schema.org\",\"@graph\":[{\"@type\":\"WebPage\",\"@id\":\"https:\/\/trocellen.com\/es\/sostenibilidad\/medioambiente\/\",\"url\":\"https:\/\/trocellen.com\/es\/sostenibilidad\/medioambiente\/\",\"name\":\"Medioambiente - Trocellen, the European polyolefin foam solution provider\",\"isPartOf\":{\"@id\":\"https:\/\/trocellen.com\/#website\"},\"datePublished\":\"2025-04-29T08:21:43+00:00\",\"dateModified\":\"2026-01-16T10:34:23+00:00\",\"breadcrumb\":{\"@id\":\"https:\/\/trocellen.com\/es\/sostenibilidad\/medioambiente\/#breadcrumb\"},\"inLanguage\":\"es\",\"potentialAction\":[{\"@type\":\"ReadAction\",\"target\":[\"https:\/\/trocellen.com\/es\/sostenibilidad\/medioambiente\/\"]}]},{\"@type\":\"BreadcrumbList\",\"@id\":\"https:\/\/trocellen.com\/es\/sostenibilidad\/medioambiente\/#breadcrumb\",\"itemListElement\":[{\"@type\":\"ListItem\",\"position\":1,\"name\":\"Home\",\"item\":\"https:\/\/trocellen.com\/es\/\"},{\"@type\":\"ListItem\",\"position\":2,\"name\":\"Medioambiente\"}]},{\"@type\":\"WebSite\",\"@id\":\"https:\/\/trocellen.com\/#website\",\"url\":\"https:\/\/trocellen.com\/\",\"name\":\"Trocellen, the European polyolefin foam solution provider\",\"description\":\"TROCELLEN\u00ae is a leading manufacturer of chemically and physically cross-linked polyolefin and rubber foam solutions\",\"potentialAction\":[{\"@type\":\"SearchAction\",\"target\":{\"@type\":\"EntryPoint\",\"urlTemplate\":\"https:\/\/trocellen.com\/?s={search_term_string}\"},\"query-input\":{\"@type\":\"PropertyValueSpecification\",\"valueRequired\":true,\"valueName\":\"search_term_string\"}}],\"inLanguage\":\"es\"}]}<\/script>\n<!-- \/ Yoast SEO plugin. -->","yoast_head_json":{"title":"Medioambiente - Trocellen, the European polyolefin foam solution provider","robots":{"index":"index","follow":"follow","max-snippet":"max-snippet:-1","max-image-preview":"max-image-preview:large","max-video-preview":"max-video-preview:-1"},"canonical":"https:\/\/trocellen.com\/es\/sostenibilidad\/medioambiente\/","og_locale":"es_ES","og_type":"article","og_title":"Medioambiente - Trocellen, the European polyolefin foam solution provider","og_url":"https:\/\/trocellen.com\/es\/sostenibilidad\/medioambiente\/","og_site_name":"Trocellen, the European polyolefin foam solution provider","article_modified_time":"2026-01-16T10:34:23+00:00","twitter_card":"summary_large_image","schema":{"@context":"https:\/\/schema.org","@graph":[{"@type":"WebPage","@id":"https:\/\/trocellen.com\/es\/sostenibilidad\/medioambiente\/","url":"https:\/\/trocellen.com\/es\/sostenibilidad\/medioambiente\/","name":"Medioambiente - Trocellen, the European polyolefin foam solution provider","isPartOf":{"@id":"https:\/\/trocellen.com\/#website"},"datePublished":"2025-04-29T08:21:43+00:00","dateModified":"2026-01-16T10:34:23+00:00","breadcrumb":{"@id":"https:\/\/trocellen.com\/es\/sostenibilidad\/medioambiente\/#breadcrumb"},"inLanguage":"es","potentialAction":[{"@type":"ReadAction","target":["https:\/\/trocellen.com\/es\/sostenibilidad\/medioambiente\/"]}]},{"@type":"BreadcrumbList","@id":"https:\/\/trocellen.com\/es\/sostenibilidad\/medioambiente\/#breadcrumb","itemListElement":[{"@type":"ListItem","position":1,"name":"Home","item":"https:\/\/trocellen.com\/es\/"},{"@type":"ListItem","position":2,"name":"Medioambiente"}]},{"@type":"WebSite","@id":"https:\/\/trocellen.com\/#website","url":"https:\/\/trocellen.com\/","name":"Trocellen, the European polyolefin foam solution provider","description":"TROCELLEN\u00ae is a leading manufacturer of chemically and physically cross-linked polyolefin and rubber foam solutions","potentialAction":[{"@type":"SearchAction","target":{"@type":"EntryPoint","urlTemplate":"https:\/\/trocellen.com\/?s={search_term_string}"},"query-input":{"@type":"PropertyValueSpecification","valueRequired":true,"valueName":"search_term_string"}}],"inLanguage":"es"}]}},"_links":{"self":[{"href":"https:\/\/trocellen.com\/es\/wp-json\/wp\/v2\/pages\/12724","targetHints":{"allow":["GET"]}}],"collection":[{"href":"https:\/\/trocellen.com\/es\/wp-json\/wp\/v2\/pages"}],"about":[{"href":"https:\/\/trocellen.com\/es\/wp-json\/wp\/v2\/types\/page"}],"author":[{"embeddable":true,"href":"https:\/\/trocellen.com\/es\/wp-json\/wp\/v2\/users\/1"}],"replies":[{"embeddable":true,"href":"https:\/\/trocellen.com\/es\/wp-json\/wp\/v2\/comments?post=12724"}],"version-history":[{"count":5,"href":"https:\/\/trocellen.com\/es\/wp-json\/wp\/v2\/pages\/12724\/revisions"}],"predecessor-version":[{"id":15380,"href":"https:\/\/trocellen.com\/es\/wp-json\/wp\/v2\/pages\/12724\/revisions\/15380"}],"up":[{"embeddable":true,"href":"https:\/\/trocellen.com\/es\/wp-json\/wp\/v2\/pages\/7505"}],"wp:attachment":[{"href":"https:\/\/trocellen.com\/es\/wp-json\/wp\/v2\/media?parent=12724"}],"curies":[{"name":"wp","href":"https:\/\/api.w.org\/{rel}","templated":true}]}}