{"id":12617,"date":"2025-04-29T08:21:31","date_gmt":"2025-04-29T08:21:31","guid":{"rendered":"https:\/\/trocellen-dev.local\/sostenibilidad\/sustainable-supply-chain\/"},"modified":"2026-01-16T10:49:31","modified_gmt":"2026-01-16T10:49:31","slug":"cadena-de-suministro-sostenible","status":"publish","type":"page","link":"https:\/\/trocellen.com\/es\/sostenibilidad\/cadena-de-suministro-sostenible\/","title":{"rendered":"Cadena de suministro sostenible"},"content":{"rendered":"\n<div class=\"group relative bg-gray-200 h-[24px] laptop:h-[64px]\" aria-hidden=\"true\"><\/div>\n\n\n<section class=\"col-content bg-gray-200 \">\n    <div class=\"container\">\n        <div class=\"general-content\">\n            \n            <div class=\"flex flex-col tablet:flex-row gap-small items-start\">\n                <div class=\"flex-1 \">\n                    <h2>Nuestro compromiso con las cadenas de suministro responsables<\/h2>\n                <\/div>\n\n                <div class=\"flex-1\">\n                    <p>En Trocellen, entendemos que el impacto de nuestro negocio va mucho m\u00e1s all\u00e1 de nuestras propias instalaciones. Se extiende a trav\u00e9s de la intrincada red de proveedores y socios que nos ayudan a hacer realidad nuestras soluciones. Por eso nos comprometemos a participar activamente en la construcci\u00f3n de una cadena de suministro sostenible, supervisando y revisando peri\u00f3dicamente nuestras colaboraciones, siempre con una s\u00f3lida perspectiva ESG.<\/p>\n                <\/div>\n            <\/div>\n\n        <\/div>\n    <\/div>\n<\/section>\n\n\n<div class=\"group relative bg-gray-200 h-[24px] laptop:h-[64px]\" aria-hidden=\"true\"><\/div>\n\n\n<div class=\"group relative bg-white h-[24px] laptop:h-[64px]\" aria-hidden=\"true\"><\/div>\n\n\n\n<section class=\"bg-white\">\n\n    <div class=\"container !max-w-narrow text-center\">\n        <div class=\"general-content\">\n            <h2>Un enfoque de aprovisionamiento basado en la responsabilidad<\/h2>\n            <p>En l\u00ednea con la filosof\u00eda de aprovisionamiento de nuestra empresa matriz, Furukawa Electric Group, estructuramos todas nuestras actividades de aprovisionamiento en torno a tres principios fundamentales:<\/p>\n        <\/div>\n    <\/div>\n\n    <div class=\"container\">\n        <div class=\"general-content\">\n            <div>\n                \n                        <div class=\"grid grid-cols-1 tablet:grid-cols-3 gap-8 tablet:gap-small\">\n\n                        \n                            <div class=\"rounded-tr-tr-64 text-white general-content text-center py-[1.156rem] px-small flex flex-col justify-start items-center\" style=\"background-color: #a7157d\">\n                                <h2>Equidad e integridad<\/h2>\n                                <p>Operamos de forma abierta y transparente, acogiendo a todos los socios comerciales bajo los principios de la libre competencia, al tiempo que garantizamos que todas las interacciones se rigen por la equidad y la integridad inquebrantable.<\/p>\n                            <\/div>\n\n                        \n                            <div class=\"rounded-tr-tr-64 text-white general-content text-center py-[1.156rem] px-small flex flex-col justify-start items-center\" style=\"background-color: #07aebc\">\n                                <h2>Cumplimiento y compras con responsabilidad social corporativa<\/h2>\n                                <p>Para contribuir a la creaci\u00f3n de una sociedad sostenible, llevamos a cabo todas nuestras adquisiciones en pleno cumplimiento de las leyes y normativas. Integramos la gesti\u00f3n medioambiental y las pr\u00e1cticas operativas seguras en todas nuestras decisiones, cumpliendo as\u00ed con nuestras responsabilidades sociales corporativas m\u00e1s amplias.<\/p>\n                            <\/div>\n\n                        \n                            <div class=\"rounded-tr-tr-64 text-white general-content text-center py-[1.156rem] px-small flex flex-col justify-start items-center\" style=\"background-color: #b2cb07\">\n                                <h2>Asociaci\u00f3n y valor compartido<\/h2>\n                                <p>Valoramos enormemente la confianza mutua. Al cultivar relaciones s\u00f3lidas y colaborativas con nuestros proveedores, creamos juntos nuevo valor. Buscamos las condiciones de adquisici\u00f3n \u00f3ptimas equilibrando cuidadosamente la calidad, el coste, la entrega, las capacidades tecnol\u00f3gicas y el rendimiento ESG.<\/p>\n                            <\/div>\n\n                                        \n                        <\/div>\n\n                \n            <\/div>\n        <\/div>\n    <\/div>\n<\/section>\n\n\n<div class=\"group relative bg-white h-[24px] laptop:h-[64px]\" aria-hidden=\"true\"><\/div>\n\n\n<div class=\"group relative bg-gray-200 h-[24px] laptop:h-[64px]\" aria-hidden=\"true\"><\/div>\n\n\n<section class=\"col-content bg-gray-200 \">\n    <div class=\"container\">\n        <div class=\"general-content\">\n            \n            <div class=\"flex flex-col tablet:flex-row gap-small items-start\">\n                <div class=\"flex-1 \">\n                    <h2>Compromisos del Grupo Trocellen en la cadena de suministro<\/h2>\n                <\/div>\n\n                <div class=\"flex-1\">\n                    <p>Como parte del C\u00f3digo de Conducta de RSC del Grupo Furukawa Electric, mantenemos compromisos espec\u00edficos para impulsar la sostenibilidad a trav\u00e9s de nuestras relaciones con los proveedores. Entre ellos se incluyen:<\/p>\n<ul>\n<li>Establecer di\u00e1logos significativos: Involucrar a nuestros socios en debates sobre los objetivos de sostenibilidad y las hojas de ruta medioambientales.<\/li>\n<li>Promover normas comunes: informar a los proveedores sobre nuestras Directrices de Adquisici\u00f3n de RSC y evaluar a los socios clave en relaci\u00f3n con los riesgos ESG.<\/li>\n<\/ul>\n                <\/div>\n            <\/div>\n\n        <\/div>\n    <\/div>\n<\/section>\n\n\n<div class=\"group relative bg-gray-200 h-[32px]\" aria-hidden=\"true\"><\/div>\n\n\n<div class=\"group relative bg-white h-[24px] laptop:h-[64px]\" aria-hidden=\"true\"><\/div>\n\n\n<section class=\"col-content bg-white \">\n    <div class=\"container\">\n        <div class=\"general-content\">\n            \n            <div class=\"flex flex-col tablet:flex-row gap-small items-start\">\n                <div class=\"flex-1 \">\n                    <h2>Construir juntos cadenas de suministro responsables<\/h2>\n                <\/div>\n\n                <div class=\"flex-1\">\n                    <h3>Nuestro enfoque actual<\/h3>\n<p class=\"p1\"><span class=\"s1\">Somos conscientes de que la huella medioambiental y social de un producto comienza mucho antes de que llegue a nuestras f\u00e1bricas. Aunque a\u00fan nos encontramos en una fase inicial del desarrollo de un programa de abastecimiento responsable maduro e integrado, estamos sentando unas bases s\u00f3lidas. En la actualidad, nos centramos en:<\/span><\/p>\n<ul class=\"grid grid-cols-1 tablet:grid-cols-2 gap-x-xl gap-y-small mt-medium\">\n<li class=\"li1\"><span class=\"s2\">Monitorizar nuestra cadena de suministro: Identificar y categorizar a los proveedores clave por ubicaci\u00f3n y segmento de negocio para comprender mejor los riesgos y las oportunidades.<\/span><\/li>\n<li>Incorporar las expectativas: integrar gradualmente los requisitos medioambientales, sociales y \u00e9ticos en los procesos de adquisici\u00f3n y incorporaci\u00f3n.<\/li>\n<li>Garantizar el cumplimiento: animar a los proveedores a cumplir normas como REACH, RoHS y la normativa laboral como primeros pasos esenciales.<\/li>\n<li>Fomentar la transparencia: crear canales de comunicaci\u00f3n abiertos para intercambiar conocimientos y prepararnos para una colaboraci\u00f3n m\u00e1s profunda en materia de ESG.<\/li>\n<\/ul>\n                <\/div>\n            <\/div>\n\n        <\/div>\n    <\/div>\n<\/section>\n\n\n<div class=\"group relative bg-white h-[24px] laptop:h-[64px]\" aria-hidden=\"true\"><\/div>\n\n\n<div class=\"group relative bg-gray-200 h-[24px] laptop:h-[64px]\" aria-hidden=\"true\"><\/div>\n\n\n<section class=\"col-content bg-gray-200 \">\n    <div class=\"container\">\n        <div class=\"general-content\">\n            \n            <div class=\"flex flex-col tablet:flex-row gap-small items-start\">\n                <div class=\"flex-1 \">\n                    <h2>Colaboraci\u00f3n para un futuro sostenible<\/h2>\n                <\/div>\n\n                <div class=\"flex-1\">\n                    <p>Con estas acciones, nuestro objetivo no es solo minimizar los riesgos ESG en nuestra cadena de valor, sino tambi\u00e9n aprovechar las oportunidades de innovaci\u00f3n, trabajando codo con codo con nuestros proveedores para descubrir mejores materiales, procesos mejorados y un futuro m\u00e1s sostenible.<\/p>\n<p>Juntos, estamos dando forma a una cadena de suministro resiliente y responsable que constituye la piedra angular de nuestra visi\u00f3n m\u00e1s amplia de la sostenibilidad.<\/p>\n                <\/div>\n            <\/div>\n\n        <\/div>\n    <\/div>\n<\/section>\n\n\n<div class=\"group relative bg-gray-200 h-[24px] laptop:h-[64px]\" aria-hidden=\"true\"><\/div>","protected":false},"excerpt":{"rendered":"","protected":false},"author":1,"featured_media":0,"parent":7505,"menu_order":0,"comment_status":"closed","ping_status":"closed","template":"template-parts\/page-general.php","meta":{"_acf_changed":false,"footnotes":""},"class_list":["post-12617","page","type-page","status-publish","hentry"],"acf":[],"yoast_head":"<!-- This site is optimized with the Yoast SEO plugin v25.9 - https:\/\/yoast.com\/wordpress\/plugins\/seo\/ -->\n<title>Cadena de suministro sostenible - Trocellen, the European polyolefin foam solution provider<\/title>\n<meta name=\"robots\" content=\"index, follow, max-snippet:-1, max-image-preview:large, max-video-preview:-1\" \/>\n<link rel=\"canonical\" href=\"https:\/\/trocellen.com\/es\/sostenibilidad\/cadena-de-suministro-sostenible\/\" \/>\n<meta property=\"og:locale\" content=\"es_ES\" \/>\n<meta property=\"og:type\" content=\"article\" \/>\n<meta property=\"og:title\" content=\"Cadena de suministro sostenible - Trocellen, the European polyolefin foam solution provider\" \/>\n<meta property=\"og:url\" content=\"https:\/\/trocellen.com\/es\/sostenibilidad\/cadena-de-suministro-sostenible\/\" \/>\n<meta property=\"og:site_name\" content=\"Trocellen, the European polyolefin foam solution provider\" \/>\n<meta property=\"article:modified_time\" content=\"2026-01-16T10:49:31+00:00\" \/>\n<meta name=\"twitter:card\" content=\"summary_large_image\" \/>\n<script type=\"application\/ld+json\" class=\"yoast-schema-graph\">{\"@context\":\"https:\/\/schema.org\",\"@graph\":[{\"@type\":\"WebPage\",\"@id\":\"https:\/\/trocellen.com\/es\/sostenibilidad\/cadena-de-suministro-sostenible\/\",\"url\":\"https:\/\/trocellen.com\/es\/sostenibilidad\/cadena-de-suministro-sostenible\/\",\"name\":\"Cadena de suministro sostenible - Trocellen, the European polyolefin foam solution provider\",\"isPartOf\":{\"@id\":\"https:\/\/trocellen.com\/#website\"},\"datePublished\":\"2025-04-29T08:21:31+00:00\",\"dateModified\":\"2026-01-16T10:49:31+00:00\",\"breadcrumb\":{\"@id\":\"https:\/\/trocellen.com\/es\/sostenibilidad\/cadena-de-suministro-sostenible\/#breadcrumb\"},\"inLanguage\":\"es\",\"potentialAction\":[{\"@type\":\"ReadAction\",\"target\":[\"https:\/\/trocellen.com\/es\/sostenibilidad\/cadena-de-suministro-sostenible\/\"]}]},{\"@type\":\"BreadcrumbList\",\"@id\":\"https:\/\/trocellen.com\/es\/sostenibilidad\/cadena-de-suministro-sostenible\/#breadcrumb\",\"itemListElement\":[{\"@type\":\"ListItem\",\"position\":1,\"name\":\"Home\",\"item\":\"https:\/\/trocellen.com\/es\/\"},{\"@type\":\"ListItem\",\"position\":2,\"name\":\"Cadena de suministro sostenible\"}]},{\"@type\":\"WebSite\",\"@id\":\"https:\/\/trocellen.com\/#website\",\"url\":\"https:\/\/trocellen.com\/\",\"name\":\"Trocellen, the European polyolefin foam solution provider\",\"description\":\"TROCELLEN\u00ae is a leading manufacturer of chemically and physically cross-linked polyolefin and rubber foam solutions\",\"potentialAction\":[{\"@type\":\"SearchAction\",\"target\":{\"@type\":\"EntryPoint\",\"urlTemplate\":\"https:\/\/trocellen.com\/?s={search_term_string}\"},\"query-input\":{\"@type\":\"PropertyValueSpecification\",\"valueRequired\":true,\"valueName\":\"search_term_string\"}}],\"inLanguage\":\"es\"}]}<\/script>\n<!-- \/ Yoast SEO plugin. -->","yoast_head_json":{"title":"Cadena de suministro sostenible - Trocellen, the European polyolefin foam solution provider","robots":{"index":"index","follow":"follow","max-snippet":"max-snippet:-1","max-image-preview":"max-image-preview:large","max-video-preview":"max-video-preview:-1"},"canonical":"https:\/\/trocellen.com\/es\/sostenibilidad\/cadena-de-suministro-sostenible\/","og_locale":"es_ES","og_type":"article","og_title":"Cadena de suministro sostenible - Trocellen, the European polyolefin foam solution provider","og_url":"https:\/\/trocellen.com\/es\/sostenibilidad\/cadena-de-suministro-sostenible\/","og_site_name":"Trocellen, the European polyolefin foam solution provider","article_modified_time":"2026-01-16T10:49:31+00:00","twitter_card":"summary_large_image","schema":{"@context":"https:\/\/schema.org","@graph":[{"@type":"WebPage","@id":"https:\/\/trocellen.com\/es\/sostenibilidad\/cadena-de-suministro-sostenible\/","url":"https:\/\/trocellen.com\/es\/sostenibilidad\/cadena-de-suministro-sostenible\/","name":"Cadena de suministro sostenible - Trocellen, the European polyolefin foam solution provider","isPartOf":{"@id":"https:\/\/trocellen.com\/#website"},"datePublished":"2025-04-29T08:21:31+00:00","dateModified":"2026-01-16T10:49:31+00:00","breadcrumb":{"@id":"https:\/\/trocellen.com\/es\/sostenibilidad\/cadena-de-suministro-sostenible\/#breadcrumb"},"inLanguage":"es","potentialAction":[{"@type":"ReadAction","target":["https:\/\/trocellen.com\/es\/sostenibilidad\/cadena-de-suministro-sostenible\/"]}]},{"@type":"BreadcrumbList","@id":"https:\/\/trocellen.com\/es\/sostenibilidad\/cadena-de-suministro-sostenible\/#breadcrumb","itemListElement":[{"@type":"ListItem","position":1,"name":"Home","item":"https:\/\/trocellen.com\/es\/"},{"@type":"ListItem","position":2,"name":"Cadena de suministro sostenible"}]},{"@type":"WebSite","@id":"https:\/\/trocellen.com\/#website","url":"https:\/\/trocellen.com\/","name":"Trocellen, the European polyolefin foam solution provider","description":"TROCELLEN\u00ae is a leading manufacturer of chemically and physically cross-linked polyolefin and rubber foam solutions","potentialAction":[{"@type":"SearchAction","target":{"@type":"EntryPoint","urlTemplate":"https:\/\/trocellen.com\/?s={search_term_string}"},"query-input":{"@type":"PropertyValueSpecification","valueRequired":true,"valueName":"search_term_string"}}],"inLanguage":"es"}]}},"_links":{"self":[{"href":"https:\/\/trocellen.com\/es\/wp-json\/wp\/v2\/pages\/12617","targetHints":{"allow":["GET"]}}],"collection":[{"href":"https:\/\/trocellen.com\/es\/wp-json\/wp\/v2\/pages"}],"about":[{"href":"https:\/\/trocellen.com\/es\/wp-json\/wp\/v2\/types\/page"}],"author":[{"embeddable":true,"href":"https:\/\/trocellen.com\/es\/wp-json\/wp\/v2\/users\/1"}],"replies":[{"embeddable":true,"href":"https:\/\/trocellen.com\/es\/wp-json\/wp\/v2\/comments?post=12617"}],"version-history":[{"count":5,"href":"https:\/\/trocellen.com\/es\/wp-json\/wp\/v2\/pages\/12617\/revisions"}],"predecessor-version":[{"id":15386,"href":"https:\/\/trocellen.com\/es\/wp-json\/wp\/v2\/pages\/12617\/revisions\/15386"}],"up":[{"embeddable":true,"href":"https:\/\/trocellen.com\/es\/wp-json\/wp\/v2\/pages\/7505"}],"wp:attachment":[{"href":"https:\/\/trocellen.com\/es\/wp-json\/wp\/v2\/media?parent=12617"}],"curies":[{"name":"wp","href":"https:\/\/api.w.org\/{rel}","templated":true}]}}